{"id":103460,"date":"2026-01-30T19:17:53","date_gmt":"2026-01-30T18:17:53","guid":{"rendered":"https:\/\/begamer.cz\/produkt\/rune-factory-guardians-of-azuma-sk\/"},"modified":"2026-03-18T22:28:58","modified_gmt":"2026-03-18T21:28:58","slug":"rune-factory-guardians-of-azuma-sk","status":"publish","type":"product","link":"https:\/\/begamer.cz\/sk\/produkt\/rune-factory-guardians-of-azuma-sk\/","title":{"rendered":"Rune Factory: Guardians of Azuma"},"content":{"rendered":"<h1>O hre<\/h1>\n<p class=\"bb_paragraph\"><span class=\"bb_img_ctn\"><video class=\"bb_img\" autoplay muted loop playsinline poster=\"https:\/\/shared.akamai.steamstatic.com\/store_item_assets\/steam\/apps\/2864560\/extras\/8b3a19c77df4c311e613480d3c0a0518.poster.avif?t=1749766933\" width=\"600\" height=\"230\"><\/video><\/span><\/p>\n<p class=\"bb_paragraph\">\n<p class=\"bb_paragraph\"><i>Nebesk\u00fd kolaps \u2013 katastrofa sp\u00f4soben\u00e1 dopadom obrovsk\u00e9ho objektu na v\u00fdchodn\u00e9 \u00fazemia zn\u00e1me ako Azuma. Ni\u010div\u00fd n\u00e1raz vymr\u0161til \u00falomky krajiny do neba nad \u0148ou a do mor\u00ed pod \u0148ou. Ke\u010f sa zem rozpadla, sila poskytovan\u00e1 runami prestala pr\u00fadi\u0165. Bohovia pr\u00edrody \u010doskoro nato zmizli. Hory sa zr\u00fatili a polia uschli, tak\u017ee \u013eu\u010fom nezostalo ni\u010d&#8230; ani n\u00e1dej.<\/i><\/p>\n<p class=\"bb_paragraph\"><i>Prebud\u00edte sa, prekvapen\u00fd snom o s\u00faboji drakov. Nepam\u00e4t\u00e1te si ako ani pre\u010do, ale vo va\u0161om vn\u00fatri znie hlas.<\/i><\/p>\n<p class=\"bb_paragraph\"><i>\u201ePrijmi silu Earth Dancer. Pou\u017ei t\u00fato silu na z\u00e1chranu krajiny.\u201c<\/i><\/p>\n<p class=\"bb_paragraph\">\n<p class=\"bb_paragraph\">Za\u017eite Rune Factory v novom kab\u00e1te! Guardians of Azuma je \u00faplne nov\u00e9 dobrodru\u017estvo, ktor\u00e9 sa odohr\u00e1va v doteraz nepoznanej v\u00fdchodnej krajine Azuma. Vyu\u017eite svoje sily Tane\u010dn\u00edka Zeme a bojujte proti korupcii, ktor\u00e1 sa \u0161\u00edri po celej Azume, aby ste vr\u00e1tili n\u00e1dej do tejto kedysi prosperuj\u00facej krajiny.<\/p>\n<p class=\"bb_paragraph\">\n<p class=\"bb_paragraph\"><span class=\"bb_img_ctn\"><video class=\"bb_img\" autoplay muted loop playsinline poster=\"https:\/\/shared.akamai.steamstatic.com\/store_item_assets\/steam\/apps\/2864560\/extras\/e9e2c9095781351b44c24bec0bdeed7f.poster.avif?t=1749766933\" width=\"600\" height=\"230\"><\/video><\/span><\/p>\n<h2 class=\"bb_tag\">Odv\u00e1\u017ene nov\u00e9 schopnosti a zbrane<\/h2>\n<p class=\"bb_paragraph\">Ako Earth Dancer vyu\u017eite silu tanca, posv\u00e4tn\u00fdch pokladov a nov\u00fdch zbran\u00ed, ako s\u00fa luk a talizman, aby ste o\u010distili krajinu a svoje farmy a napravili \u0161kody sp\u00f4soben\u00e9 Blightom.<\/p>\n<h2 class=\"bb_tag\">Treba cel\u00fa dedinu<\/h2>\n<p class=\"bb_paragraph\">Nestarejte sa len o farmu \u2013 obnovte cel\u00e9 dediny! Stavajte a umiest\u0148ujte budovy, aby ste pril\u00e1kali \u013eud\u00ed sp\u00e4\u0165 do ded\u00edn a prispeli k ich rozvoju. O\u017eivte bohov, aby ste do postihnut\u00fdch kraj\u00edn vr\u00e1tili vitalitu a cenn\u00e9 zdroje.<\/p>\n<h2 class=\"bb_tag\">Tvoj fantastick\u00fd japonsk\u00fd \u017eivot<\/h2>\n<p class=\"bb_paragraph\">Za\u017eite kr\u00e1sny dizajn post\u00e1v a estetiku in\u0161pirovan\u00fa Japonskom \u2013 od festivalov, udalost\u00ed a\u017e po mon\u0161tr\u00e1. Presk\u00famajte pr\u00edrodn\u00e9 krajiny Azumy a jej miesta s sez\u00f3nnou tematikou, ktor\u00e9 s\u00fa presiaknut\u00e9 trad\u00edciami.<\/p>\n<h2 class=\"bb_tag\">Klasick\u00e1 romantika a vz\u0165ahy<\/h2>\n<p class=\"bb_paragraph\">Vyber si medzi mu\u017esk\u00fdm a \u017eensk\u00fdm protagonistom a potom sa spriate\u013e alebo zamiluj do ktor\u00e9hoko\u013evek z vhodn\u00fdch kandid\u00e1tov v plne nadabovan\u00fdch scen\u00e1roch. T\u00fdchto nov\u00fdch priate\u013eov m\u00f4\u017ee\u0161 tie\u017e z\u00edska\u0165, aby ti pom\u00e1hali v boji!<\/p>\n<p class=\"bb_paragraph\">\n<p class=\"bb_paragraph\"><span class=\"bb_img_ctn\"><video class=\"bb_img\" autoplay muted loop playsinline poster=\"https:\/\/shared.akamai.steamstatic.com\/store_item_assets\/steam\/apps\/2864560\/extras\/c5f4b59c1c9071028ccad4fed58279b3.poster.avif?t=1749766933\" width=\"600\" height=\"230\"><\/video><\/span><\/p>\n","protected":false},"excerpt":{"rendered":"<p>Vitajte vo v\u00fdchodnej krajine Azuma! V tomto novom pokra\u010dovan\u00ed s\u00e9rie Rune Factory vyu\u017eijete svoje schopnosti Tane\u010dn\u00edka zeme, aby ste obnovili krajinu, jej obyvate\u013eov a dokonca aj jej bohov. Po ceste budete bojova\u0165 so skazen\u00fdmi mon\u0161trami, obnovova\u0165 sez\u00f3nne farmy a dediny a nadv\u00e4zova\u0165 priate\u013estv\u00e1 s pestrou miestnou obyvate\u013estvom.<\/p>\n","protected":false},"featured_media":45141,"comment_status":"open","ping_status":"closed","template":"","meta":{"_acf_changed":false},"product_brand":[],"product_cat":[280,268,266,308,314,312],"product_tag":[],"class_list":{"0":"post-103460","1":"product","2":"type-product","3":"status-publish","4":"has-post-thumbnail","6":"product_cat-dobrodruzne-pc-hry-sk","7":"product_cat-pc-sk","8":"product_cat-pc-hry-sk","9":"product_cat-rpg-pc-hry-sk","10":"product_cat-simulatory-pc-hry-sk","11":"product_cat-steam-pc-sk","12":"pa_audio-en-us","14":"pa_audio-ja-jp","16":"pa_countries-ad","17":"pa_countries-ae","18":"pa_countries-al","19":"pa_countries-ao","20":"pa_countries-aq","21":"pa_countries-ar","22":"pa_countries-as","23":"pa_countries-at","24":"pa_countries-au","25":"pa_countries-ax","26":"pa_countries-ba","27":"pa_countries-be","28":"pa_countries-bf","29":"pa_countries-bg","30":"pa_countries-bh","31":"pa_countries-bi","32":"pa_countries-bj","33":"pa_countries-bl","34":"pa_countries-bt","35":"pa_countries-bv","36":"pa_countries-bw","37":"pa_countries-ca","38":"pa_countries-cc","39":"pa_countries-cg","40":"pa_countries-ch","41":"pa_countries-ci","42":"pa_countries-ck","43":"pa_countries-cm","44":"pa_countries-cv","45":"pa_countries-cx","46":"pa_countries-cy","47":"pa_countries-cz","48":"pa_countries-de","49":"pa_countries-dj","50":"pa_countries-dk","51":"pa_countries-dz","52":"pa_countries-ee","53":"pa_countries-eg","54":"pa_countries-eh","55":"pa_countries-er","56":"pa_countries-es","57":"pa_countries-et","58":"pa_countries-fi","59":"pa_countries-fj","60":"pa_countries-fk","61":"pa_countries-fm","62":"pa_countries-fo","63":"pa_countries-fr","64":"pa_countries-gb","65":"pa_countries-ge","66":"pa_countries-gf","67":"pa_countries-gg","68":"pa_countries-gh","69":"pa_countries-gi","70":"pa_countries-gl","71":"pa_countries-gm","72":"pa_countries-gn","73":"pa_countries-gp","74":"pa_countries-gq","75":"pa_countries-gr","76":"pa_countries-gs","77":"pa_countries-gu","78":"pa_countries-gw","79":"pa_countries-hm","80":"pa_countries-hr","81":"pa_countries-hu","82":"pa_countries-ie","83":"pa_countries-il","84":"pa_countries-im","85":"pa_countries-io","86":"pa_countries-is","87":"pa_countries-it","88":"pa_countries-je","89":"pa_countries-jo","90":"pa_countries-ke","91":"pa_countries-ki","92":"pa_countries-km","93":"pa_countries-kw","94":"pa_countries-li","95":"pa_countries-lr","96":"pa_countries-ls","97":"pa_countries-lt","98":"pa_countries-lu","99":"pa_countries-lv","100":"pa_countries-ma","101":"pa_countries-mc","102":"pa_countries-me","103":"pa_countries-mf","104":"pa_countries-mg","105":"pa_countries-mh","106":"pa_countries-mk","107":"pa_countries-ml","108":"pa_countries-mo","109":"pa_countries-mp","110":"pa_countries-mq","111":"pa_countries-mr","112":"pa_countries-ms","113":"pa_countries-mt","114":"pa_countries-mu","115":"pa_countries-mw","116":"pa_countries-mz","117":"pa_countries-na","118":"pa_countries-nc","119":"pa_countries-ne","120":"pa_countries-nf","121":"pa_countries-ng","122":"pa_countries-nl","123":"pa_countries-no","124":"pa_countries-nr","125":"pa_countries-nu","126":"pa_countries-nz","127":"pa_countries-om","128":"pa_countries-pf","129":"pa_countries-pg","130":"pa_countries-pk","131":"pa_countries-pl","132":"pa_countries-pm","133":"pa_countries-pn","134":"pa_countries-ps","135":"pa_countries-pt","136":"pa_countries-pw","137":"pa_countries-qa","138":"pa_countries-re","139":"pa_countries-ro","140":"pa_countries-rs","141":"pa_countries-rw","142":"pa_countries-sa","143":"pa_countries-sb","144":"pa_countries-sc","145":"pa_countries-se","146":"pa_countries-sh","147":"pa_countries-si","148":"pa_countries-sj","149":"pa_countries-sk","150":"pa_countries-sl","151":"pa_countries-sm","152":"pa_countries-sn","153":"pa_countries-st","154":"pa_countries-sz","155":"pa_countries-td","156":"pa_countries-tg","157":"pa_countries-tk","158":"pa_countries-tl","159":"pa_countries-tm","160":"pa_countries-tn","161":"pa_countries-to","162":"pa_countries-tv","163":"pa_countries-tz","164":"pa_countries-ug","165":"pa_countries-um","166":"pa_countries-us","167":"pa_countries-va","169":"pa_countries-vu","170":"pa_countries-wf","172":"pa_countries-ws","173":"pa_countries-xk","175":"pa_countries-yt","176":"pa_countries-za","177":"pa_countries-zm","178":"pa_developer-marvelous","180":"pa_franchises-rune-factory","181":"pa_game_type-main_game","183":"pa_genres-adventure","185":"pa_genres-role-playing-rpg","187":"pa_genres-simulator","189":"pa_interface-de-de","190":"pa_interface-en-us","191":"pa_interface-es-es","192":"pa_interface-fr-fr","193":"pa_interface-ja-jp","195":"pa_interface-zh-cn","197":"pa_interface-zh-tw","199":"pa_keywords-dragon","200":"pa_keywords-jrpg","201":"pa_keywords-magic","203":"pa_keywords-story-rich","205":"pa_modes-single-player","207":"pa_pegi-13432","208":"pa_pegi-956","209":"pa_platform-pc-steam","211":"pa_publisher-marvelous","212":"pa_publisher-marvelous-europe-ltd","214":"pa_rating-773","215":"pa_rating-14441","216":"pa_region-global","218":"pa_subtitles-de-de","220":"pa_subtitles-en-us","221":"pa_subtitles-es-es","223":"pa_subtitles-fr-fr","224":"pa_subtitles-ja-jp","226":"pa_subtitles-zh-cn","227":"pa_subtitles-zh-tw","228":"pa_themes-action","230":"pa_themes-fantasy","233":"first","234":"instock","235":"virtual","236":"taxable","237":"purchasable","238":"product-type-simple"},"yoast_head":"<!-- This site is optimized with the Yoast SEO plugin v27.3 - https:\/\/yoast.com\/product\/yoast-seo-wordpress\/ -->\n<title>Rune Factory: Guardians of Azuma | BeGamer.cz<\/title>\n<meta name=\"robots\" content=\"index, follow, max-snippet:-1, max-image-preview:large, max-video-preview:-1\" \/>\n<link rel=\"canonical\" href=\"https:\/\/begamer.cz\/sk\/produkt\/rune-factory-guardians-of-azuma-sk\/\" \/>\n<meta property=\"og:locale\" content=\"sk_SK\" \/>\n<meta property=\"og:type\" content=\"article\" \/>\n<meta property=\"og:title\" content=\"Rune Factory: Guardians of Azuma | BeGamer.cz\" \/>\n<meta property=\"og:description\" content=\"Vitajte vo v\u00fdchodnej krajine Azuma! V tomto novom pokra\u010dovan\u00ed s\u00e9rie Rune Factory vyu\u017eijete svoje schopnosti Tane\u010dn\u00edka zeme, aby ste obnovili krajinu, jej obyvate\u013eov a dokonca aj jej bohov. Po ceste budete bojova\u0165 so skazen\u00fdmi mon\u0161trami, obnovova\u0165 sez\u00f3nne farmy a dediny a nadv\u00e4zova\u0165 priate\u013estv\u00e1 s pestrou miestnou obyvate\u013estvom.\" \/>\n<meta property=\"og:url\" content=\"https:\/\/begamer.cz\/sk\/produkt\/rune-factory-guardians-of-azuma-sk\/\" \/>\n<meta property=\"og:site_name\" content=\"BeGamer.cz\" \/>\n<meta property=\"article:modified_time\" content=\"2026-03-18T21:28:58+00:00\" \/>\n<meta property=\"og:image\" content=\"https:\/\/begamer.cz\/wp-content\/uploads\/2026\/01\/rune-factory-guardians-of-azuma-1-12.webp\" \/>\n\t<meta property=\"og:image:width\" content=\"300\" \/>\n\t<meta property=\"og:image:height\" content=\"400\" \/>\n\t<meta property=\"og:image:type\" content=\"image\/webp\" \/>\n<meta name=\"twitter:card\" content=\"summary_large_image\" \/>\n<meta name=\"twitter:label1\" content=\"Predpokladan\u00fd \u010das \u010d\u00edtania\" \/>\n\t<meta name=\"twitter:data1\" content=\"2 min\u00faty\" \/>\n<script type=\"application\/ld+json\" class=\"yoast-schema-graph\">{\"@context\":\"https:\\\/\\\/schema.org\",\"@graph\":[{\"@type\":\"WebPage\",\"@id\":\"https:\\\/\\\/begamer.cz\\\/sk\\\/produkt\\\/rune-factory-guardians-of-azuma-sk\\\/\",\"url\":\"https:\\\/\\\/begamer.cz\\\/sk\\\/produkt\\\/rune-factory-guardians-of-azuma-sk\\\/\",\"name\":\"Rune Factory: Guardians of Azuma | BeGamer.cz\",\"isPartOf\":{\"@id\":\"https:\\\/\\\/begamer.cz\\\/sk\\\/#website\"},\"primaryImageOfPage\":{\"@id\":\"https:\\\/\\\/begamer.cz\\\/sk\\\/produkt\\\/rune-factory-guardians-of-azuma-sk\\\/#primaryimage\"},\"image\":{\"@id\":\"https:\\\/\\\/begamer.cz\\\/sk\\\/produkt\\\/rune-factory-guardians-of-azuma-sk\\\/#primaryimage\"},\"thumbnailUrl\":\"https:\\\/\\\/begamer.cz\\\/wp-content\\\/uploads\\\/2026\\\/01\\\/rune-factory-guardians-of-azuma-1-12.webp\",\"datePublished\":\"2026-01-30T18:17:53+00:00\",\"dateModified\":\"2026-03-18T21:28:58+00:00\",\"breadcrumb\":{\"@id\":\"https:\\\/\\\/begamer.cz\\\/sk\\\/produkt\\\/rune-factory-guardians-of-azuma-sk\\\/#breadcrumb\"},\"inLanguage\":\"sk-SK\",\"potentialAction\":[{\"@type\":\"ReadAction\",\"target\":[\"https:\\\/\\\/begamer.cz\\\/sk\\\/produkt\\\/rune-factory-guardians-of-azuma-sk\\\/\"]}]},{\"@type\":\"ImageObject\",\"inLanguage\":\"sk-SK\",\"@id\":\"https:\\\/\\\/begamer.cz\\\/sk\\\/produkt\\\/rune-factory-guardians-of-azuma-sk\\\/#primaryimage\",\"url\":\"https:\\\/\\\/begamer.cz\\\/wp-content\\\/uploads\\\/2026\\\/01\\\/rune-factory-guardians-of-azuma-1-12.webp\",\"contentUrl\":\"https:\\\/\\\/begamer.cz\\\/wp-content\\\/uploads\\\/2026\\\/01\\\/rune-factory-guardians-of-azuma-1-12.webp\",\"width\":300,\"height\":400},{\"@type\":\"BreadcrumbList\",\"@id\":\"https:\\\/\\\/begamer.cz\\\/sk\\\/produkt\\\/rune-factory-guardians-of-azuma-sk\\\/#breadcrumb\",\"itemListElement\":[{\"@type\":\"ListItem\",\"position\":1,\"name\":\"Domov\",\"item\":\"https:\\\/\\\/begamer.cz\\\/sk\\\/\"},{\"@type\":\"ListItem\",\"position\":2,\"name\":\"Obchod\",\"item\":\"https:\\\/\\\/begamer.cz\\\/obchod\\\/\"},{\"@type\":\"ListItem\",\"position\":3,\"name\":\"Rune Factory: Guardians of Azuma\"}]},{\"@type\":\"WebSite\",\"@id\":\"https:\\\/\\\/begamer.cz\\\/sk\\\/#website\",\"url\":\"https:\\\/\\\/begamer.cz\\\/sk\\\/\",\"name\":\"BeGamer.cz\",\"description\":\"\",\"publisher\":{\"@id\":\"https:\\\/\\\/begamer.cz\\\/sk\\\/#organization\"},\"potentialAction\":[{\"@type\":\"SearchAction\",\"target\":{\"@type\":\"EntryPoint\",\"urlTemplate\":\"https:\\\/\\\/begamer.cz\\\/sk\\\/?s={search_term_string}\"},\"query-input\":{\"@type\":\"PropertyValueSpecification\",\"valueRequired\":true,\"valueName\":\"search_term_string\"}}],\"inLanguage\":\"sk-SK\"},{\"@type\":\"Organization\",\"@id\":\"https:\\\/\\\/begamer.cz\\\/sk\\\/#organization\",\"name\":\"BeGamer.cz\",\"url\":\"https:\\\/\\\/begamer.cz\\\/sk\\\/\",\"logo\":{\"@type\":\"ImageObject\",\"inLanguage\":\"sk-SK\",\"@id\":\"https:\\\/\\\/begamer.cz\\\/sk\\\/#\\\/schema\\\/logo\\\/image\\\/\",\"url\":\"https:\\\/\\\/begamer.cz\\\/wp-content\\\/uploads\\\/2025\\\/07\\\/logo.svg\",\"contentUrl\":\"https:\\\/\\\/begamer.cz\\\/wp-content\\\/uploads\\\/2025\\\/07\\\/logo.svg\",\"caption\":\"BeGamer.cz\"},\"image\":{\"@id\":\"https:\\\/\\\/begamer.cz\\\/sk\\\/#\\\/schema\\\/logo\\\/image\\\/\"}}]}<\/script>\n<!-- \/ Yoast SEO plugin. -->","yoast_head_json":{"title":"Rune Factory: Guardians of Azuma | BeGamer.cz","robots":{"index":"index","follow":"follow","max-snippet":"max-snippet:-1","max-image-preview":"max-image-preview:large","max-video-preview":"max-video-preview:-1"},"canonical":"https:\/\/begamer.cz\/sk\/produkt\/rune-factory-guardians-of-azuma-sk\/","og_locale":"sk_SK","og_type":"article","og_title":"Rune Factory: Guardians of Azuma | BeGamer.cz","og_description":"Vitajte vo v\u00fdchodnej krajine Azuma! V tomto novom pokra\u010dovan\u00ed s\u00e9rie Rune Factory vyu\u017eijete svoje schopnosti Tane\u010dn\u00edka zeme, aby ste obnovili krajinu, jej obyvate\u013eov a dokonca aj jej bohov. Po ceste budete bojova\u0165 so skazen\u00fdmi mon\u0161trami, obnovova\u0165 sez\u00f3nne farmy a dediny a nadv\u00e4zova\u0165 priate\u013estv\u00e1 s pestrou miestnou obyvate\u013estvom.","og_url":"https:\/\/begamer.cz\/sk\/produkt\/rune-factory-guardians-of-azuma-sk\/","og_site_name":"BeGamer.cz","article_modified_time":"2026-03-18T21:28:58+00:00","og_image":[{"width":300,"height":400,"url":"https:\/\/begamer.cz\/wp-content\/uploads\/2026\/01\/rune-factory-guardians-of-azuma-1-12.webp","type":"image\/webp"}],"twitter_card":"summary_large_image","twitter_misc":{"Predpokladan\u00fd \u010das \u010d\u00edtania":"2 min\u00faty"},"schema":{"@context":"https:\/\/schema.org","@graph":[{"@type":"WebPage","@id":"https:\/\/begamer.cz\/sk\/produkt\/rune-factory-guardians-of-azuma-sk\/","url":"https:\/\/begamer.cz\/sk\/produkt\/rune-factory-guardians-of-azuma-sk\/","name":"Rune Factory: Guardians of Azuma | BeGamer.cz","isPartOf":{"@id":"https:\/\/begamer.cz\/sk\/#website"},"primaryImageOfPage":{"@id":"https:\/\/begamer.cz\/sk\/produkt\/rune-factory-guardians-of-azuma-sk\/#primaryimage"},"image":{"@id":"https:\/\/begamer.cz\/sk\/produkt\/rune-factory-guardians-of-azuma-sk\/#primaryimage"},"thumbnailUrl":"https:\/\/begamer.cz\/wp-content\/uploads\/2026\/01\/rune-factory-guardians-of-azuma-1-12.webp","datePublished":"2026-01-30T18:17:53+00:00","dateModified":"2026-03-18T21:28:58+00:00","breadcrumb":{"@id":"https:\/\/begamer.cz\/sk\/produkt\/rune-factory-guardians-of-azuma-sk\/#breadcrumb"},"inLanguage":"sk-SK","potentialAction":[{"@type":"ReadAction","target":["https:\/\/begamer.cz\/sk\/produkt\/rune-factory-guardians-of-azuma-sk\/"]}]},{"@type":"ImageObject","inLanguage":"sk-SK","@id":"https:\/\/begamer.cz\/sk\/produkt\/rune-factory-guardians-of-azuma-sk\/#primaryimage","url":"https:\/\/begamer.cz\/wp-content\/uploads\/2026\/01\/rune-factory-guardians-of-azuma-1-12.webp","contentUrl":"https:\/\/begamer.cz\/wp-content\/uploads\/2026\/01\/rune-factory-guardians-of-azuma-1-12.webp","width":300,"height":400},{"@type":"BreadcrumbList","@id":"https:\/\/begamer.cz\/sk\/produkt\/rune-factory-guardians-of-azuma-sk\/#breadcrumb","itemListElement":[{"@type":"ListItem","position":1,"name":"Domov","item":"https:\/\/begamer.cz\/sk\/"},{"@type":"ListItem","position":2,"name":"Obchod","item":"https:\/\/begamer.cz\/obchod\/"},{"@type":"ListItem","position":3,"name":"Rune Factory: Guardians of Azuma"}]},{"@type":"WebSite","@id":"https:\/\/begamer.cz\/sk\/#website","url":"https:\/\/begamer.cz\/sk\/","name":"BeGamer.cz","description":"","publisher":{"@id":"https:\/\/begamer.cz\/sk\/#organization"},"potentialAction":[{"@type":"SearchAction","target":{"@type":"EntryPoint","urlTemplate":"https:\/\/begamer.cz\/sk\/?s={search_term_string}"},"query-input":{"@type":"PropertyValueSpecification","valueRequired":true,"valueName":"search_term_string"}}],"inLanguage":"sk-SK"},{"@type":"Organization","@id":"https:\/\/begamer.cz\/sk\/#organization","name":"BeGamer.cz","url":"https:\/\/begamer.cz\/sk\/","logo":{"@type":"ImageObject","inLanguage":"sk-SK","@id":"https:\/\/begamer.cz\/sk\/#\/schema\/logo\/image\/","url":"https:\/\/begamer.cz\/wp-content\/uploads\/2025\/07\/logo.svg","contentUrl":"https:\/\/begamer.cz\/wp-content\/uploads\/2025\/07\/logo.svg","caption":"BeGamer.cz"},"image":{"@id":"https:\/\/begamer.cz\/sk\/#\/schema\/logo\/image\/"}}]}},"acf":[],"_links":{"self":[{"href":"https:\/\/begamer.cz\/sk\/wp-json\/wp\/v2\/product\/103460","targetHints":{"allow":["GET"]}}],"collection":[{"href":"https:\/\/begamer.cz\/sk\/wp-json\/wp\/v2\/product"}],"about":[{"href":"https:\/\/begamer.cz\/sk\/wp-json\/wp\/v2\/types\/product"}],"replies":[{"embeddable":true,"href":"https:\/\/begamer.cz\/sk\/wp-json\/wp\/v2\/comments?post=103460"}],"wp:featuredmedia":[{"embeddable":true,"href":"https:\/\/begamer.cz\/sk\/wp-json\/wp\/v2\/media\/45141"}],"wp:attachment":[{"href":"https:\/\/begamer.cz\/sk\/wp-json\/wp\/v2\/media?parent=103460"}],"wp:term":[{"taxonomy":"product_brand","embeddable":true,"href":"https:\/\/begamer.cz\/sk\/wp-json\/wp\/v2\/product_brand?post=103460"},{"taxonomy":"product_cat","embeddable":true,"href":"https:\/\/begamer.cz\/sk\/wp-json\/wp\/v2\/product_cat?post=103460"},{"taxonomy":"product_tag","embeddable":true,"href":"https:\/\/begamer.cz\/sk\/wp-json\/wp\/v2\/product_tag?post=103460"}],"curies":[{"name":"wp","href":"https:\/\/api.w.org\/{rel}","templated":true}]}}