{"id":103415,"date":"2026-01-30T19:17:16","date_gmt":"2026-01-30T18:17:16","guid":{"rendered":"https:\/\/begamer.cz\/produkt\/final-fantasy-xvi-sk\/"},"modified":"2026-04-03T06:10:23","modified_gmt":"2026-04-03T04:10:23","slug":"final-fantasy-xvi-sk","status":"publish","type":"product","link":"https:\/\/begamer.cz\/sk\/produkt\/final-fantasy-xvi-sk\/","title":{"rendered":"Final Fantasy XVI"},"content":{"rendered":"<h1>O hre<\/h1>\n<p>Prv\u00e1 plnohodnotn\u00e1 ak\u010dn\u00e1 RPG hra v hlavnej s\u00e9rii Final Fantasy. Epick\u00fd temn\u00fd<br \/>fantasy svet, kde o osude krajiny rozhoduj\u00fa mocn\u00ed Eikoni a Dominanti, ktor\u00ed ich ovl\u00e1daj\u00fa. Toto je pr\u00edbeh Clivea Rosfielda, bojovn\u00edka, ktor\u00e9mu bol udelen\u00fd titul \u201ePrv\u00fd \u0161t\u00edt Rosarie\u201c a ktor\u00fd prisahal, \u017ee bude chr\u00e1ni\u0165 svojho mlad\u0161ieho brata Joshuu, Dominanta F\u00e9nixa. Netrv\u00e1 dlho a Clive sa ocitne uprostred ve\u013ekej trag\u00e9die a prisah\u00e1 pomstu temn\u00e9mu Eikonovi Ifritovi, tajomnej bytosti, ktor\u00e1 za sebou zanech\u00e1va sp\u00fa\u0161\u0165.<\/p>\n<p><strong>Tit\u00e1nske strety<\/strong> \u2013 Ke\u010f sa s\u00faperiaci Dominanti postavia proti sebe, nasleduj\u00fa epick\u00e9 bitky medzi ich Eikonmi!<\/p>\n<p><strong>Eikonick\u00e1 akcia<\/strong> \u2013 Clive vyu\u017e\u00edva sily viacer\u00fdch Eikonov v strhuj\u00facich bojoch!<\/p>\n<p><span class=\"bb_img_ctn\"><video class=\"bb_img\" autoplay muted loop playsinline poster=\"https:\/\/shared.akamai.steamstatic.com\/store_item_assets\/steam\/apps\/2515020\/extras\/723a70edc75e489fd16286954d6364b6.poster.avif?t=1741059170\" width=616 height=346 ><source src=\"https:\/\/shared.akamai.steamstatic.com\/store_item_assets\/steam\/apps\/2515020\/extras\/723a70edc75e489fd16286954d6364b6.webm?t=1741059170\" type=\"video\/webm; codecs=vp9\"><source src=\"https:\/\/shared.akamai.steamstatic.com\/store_item_assets\/steam\/apps\/2515020\/extras\/723a70edc75e489fd16286954d6364b6.mp4?t=1741059170\" type=\"video\/mp4\"><\/video><\/span><\/p>\n<h2 class=\"bb_tag\" >Od sily k sile<\/h2>\n<p class=\"bb_paragraph\" >Clive m\u00e1 k dispoz\u00edcii mno\u017estvo mocn\u00fdch \u0161ermiarskych techn\u00edk a schopnost\u00ed Eikonov \u2013 a je len na v\u00e1s, ktor\u00e9 z nich sa chcete nau\u010di\u0165 alebo vylep\u0161i\u0165. Ak m\u00e1te probl\u00e9m s v\u00fdberom, vylep\u0161enia sa daj\u00fa odomkn\u00fa\u0165 automaticky.<\/p>\n<p><span class=\"bb_img_ctn\"><video class=\"bb_img\" autoplay muted loop playsinline poster=\"https:\/\/shared.akamai.steamstatic.com\/store_item_assets\/steam\/apps\/2515020\/extras\/ffb65ff98094304f064a7173acc56db9.poster.avif?t=1741059170\" width=616 height=346 ><source src=\"https:\/\/shared.akamai.steamstatic.com\/store_item_assets\/steam\/apps\/2515020\/extras\/ffb65ff98094304f064a7173acc56db9.webm?t=1741059170\" type=\"video\/webm; codecs=vp9\"><source src=\"https:\/\/shared.akamai.steamstatic.com\/store_item_assets\/steam\/apps\/2515020\/extras\/ffb65ff98094304f064a7173acc56db9.mp4?t=1741059170\" type=\"video\/mp4\"><\/video><\/span><br \/>Re\u017eim zameran\u00fd na pr\u00edbeh sa odpor\u00fa\u010da hr\u00e1\u010dom, ktor\u00ed nie s\u00fa zvyknut\u00ed na ak\u010dn\u00e9 hry a chc\u00fa sa viac s\u00fastredi\u0165 na pr\u00edbehov\u00e9 prvky hry. V tomto re\u017eime sa Clive automaticky vyhne niektor\u00fdm \u00fatokom a epick\u00e9 Eikonic komba mo\u017eno spusti\u0165 jednoduch\u00fdm stla\u010den\u00edm tla\u010didiel. Re\u017eim zameran\u00fd na akciu, v ktorom hr\u00e1\u010d ovl\u00e1da ka\u017ed\u00fa Cliveovu akciu, je k dispoz\u00edcii pre t\u00fdch, ktor\u00ed si veria \u2013 alebo si chc\u00fa vysk\u00fa\u0161a\u0165 svoje zru\u010dnosti.<\/p>\n<p><span class=\"bb_img_ctn\"><video class=\"bb_img\" autoplay muted loop playsinline poster=\"https:\/\/shared.akamai.steamstatic.com\/store_item_assets\/steam\/apps\/2515020\/extras\/ba87695c3a42018222b9d286674b4b01.poster.avif?t=1741059170\" width=616 height=346 ><source src=\"https:\/\/shared.akamai.steamstatic.com\/store_item_assets\/steam\/apps\/2515020\/extras\/ba87695c3a42018222b9d286674b4b01.webm?t=1741059170\" type=\"video\/webm; codecs=vp9\"><source src=\"https:\/\/shared.akamai.steamstatic.com\/store_item_assets\/steam\/apps\/2515020\/extras\/ba87695c3a42018222b9d286674b4b01.mp4?t=1741059170\" type=\"video\/mp4\"><\/video><\/span><\/p>\n<h2 class=\"bb_tag\" >\u25a0Obsah zahrnut\u00fd v tomto produkte<\/h2>\n<p class=\"bb_paragraph\" >&#8211; Z\u00e1kladn\u00e1 hra<br \/>FINAL FANTASY XVI \u2013 zbra\u0148 \u201eOnion Sword\u201c (k dispoz\u00edcii na v\u00fdmenu v z\u00e1lo\u017eke Syst\u00e9m v hlavnom menu po dosiahnut\u00ed hlavnej \u00falohy scen\u00e1ra \u201eA Chance Encounter\u201c).<\/p><\/p>\n","protected":false},"excerpt":{"rendered":"<p>Epick\u00e1 temn\u00e1 fantasy, v ktorej o osudoch rozhoduj\u00fa mocn\u00ed Eikoni a Dominanti, ktor\u00ed ich ovl\u00e1daj\u00fa. Toto je pr\u00edbeh Clivea Rosfielda, tragick\u00e9ho bojovn\u00edka, ktor\u00fd prisahal pomstu Temn\u00e9mu Eikonovi Ifritovi, tajomnej bytosti, ktor\u00e1 za sebou zanech\u00e1va len ne\u0161\u0165astie.<\/p>\n","protected":false},"featured_media":54860,"comment_status":"open","ping_status":"closed","template":"","meta":{"_acf_changed":false},"product_brand":[],"product_cat":[461,452,398,438],"product_tag":[],"class_list":{"0":"post-103415","1":"product","2":"type-product","3":"status-publish","4":"has-post-thumbnail","6":"product_cat-dobrodruzne-xbox-series-x-s-sk","7":"product_cat-rpg-xbox-series-x-s-sk","8":"product_cat-xbox-hry-sk","9":"product_cat-xbox-series-x-s-sk","10":"pa_audio-de-de","11":"pa_audio-en-us","12":"pa_audio-es-mx","14":"pa_audio-fr-fr","15":"pa_audio-it-it","16":"pa_audio-ja-jp","17":"pa_countries-at","18":"pa_countries-be","19":"pa_countries-bg","20":"pa_countries-cy","21":"pa_countries-cz","23":"pa_countries-de","24":"pa_countries-dk","25":"pa_countries-ee","26":"pa_countries-es","27":"pa_countries-fi","28":"pa_countries-fr","29":"pa_countries-gr","30":"pa_countries-hr","31":"pa_countries-hu","32":"pa_countries-ie","33":"pa_countries-it","34":"pa_countries-lt","35":"pa_countries-lu","36":"pa_countries-lv","37":"pa_countries-mt","38":"pa_countries-nl","39":"pa_countries-pl","40":"pa_countries-pt","41":"pa_countries-ro","42":"pa_countries-se","43":"pa_countries-si","44":"pa_countries-sk","45":"pa_developer-square-enix-creative-studio-iii","46":"pa_engine-crystal-tools","48":"pa_franchises-final-fantasy","50":"pa_game_type-main_game","52":"pa_genres-role-playing-rpg","54":"pa_interface-ar","55":"pa_interface-de-de","56":"pa_interface-en-us","57":"pa_interface-es-es","58":"pa_interface-es-mx","59":"pa_interface-fr-fr","60":"pa_interface-it-it","61":"pa_interface-ja-jp","62":"pa_interface-ko-kr","63":"pa_interface-pl-pl","64":"pa_interface-pt-br","65":"pa_interface-ru-ru","67":"pa_interface-zh-cn","68":"pa_interface-zh-tw","69":"pa_keywords-demo","70":"pa_keywords-free-demo","71":"pa_keywords-jrpg","72":"pa_keywords-the-game-awards-best-narrative-nominee","73":"pa_keywords-the-game-awards-best-performance-nominee","74":"pa_keywords-the-game-awards-best-roleplaying-game-nominee","75":"pa_keywords-the-game-awards-best-score-or-music-winner","76":"pa_keywords-the-game-awards-most-anticipated-game-nominee","77":"pa_modes-single-player","79":"pa_pegi-13426","80":"pa_pegi-794","81":"pa_platform-xbox-series-x-s-windows-10","83":"pa_player_perspectives-third-person","85":"pa_publisher-square-enix","87":"pa_rating-14581","88":"pa_rating-2295","89":"pa_region-global","91":"pa_subtitles-ar","92":"pa_subtitles-de-de","94":"pa_subtitles-en-us","95":"pa_subtitles-es-es","96":"pa_subtitles-es-mx","97":"pa_subtitles-fr-fr","98":"pa_subtitles-it-it","99":"pa_subtitles-ja-jp","100":"pa_subtitles-ko-kr","101":"pa_subtitles-pl-pl","102":"pa_subtitles-pt-br","103":"pa_subtitles-ru-ru","104":"pa_subtitles-zh-cn","105":"pa_subtitles-zh-tw","106":"pa_themes-action","107":"pa_themes-fantasy","110":"first","111":"instock","112":"virtual","113":"taxable","114":"purchasable","115":"product-type-simple"},"yoast_head":"<!-- This site is optimized with the Yoast SEO plugin v27.3 - https:\/\/yoast.com\/product\/yoast-seo-wordpress\/ -->\n<title>Final Fantasy XVI | BeGamer.cz<\/title>\n<meta name=\"robots\" content=\"index, follow, max-snippet:-1, max-image-preview:large, max-video-preview:-1\" \/>\n<link rel=\"canonical\" href=\"https:\/\/begamer.cz\/sk\/produkt\/final-fantasy-xvi-sk\/\" \/>\n<meta property=\"og:locale\" content=\"sk_SK\" \/>\n<meta property=\"og:type\" content=\"article\" \/>\n<meta property=\"og:title\" content=\"Final Fantasy XVI | BeGamer.cz\" \/>\n<meta property=\"og:description\" content=\"Epick\u00e1 temn\u00e1 fantasy, v ktorej o osudoch rozhoduj\u00fa mocn\u00ed Eikoni a Dominanti, ktor\u00ed ich ovl\u00e1daj\u00fa. Toto je pr\u00edbeh Clivea Rosfielda, tragick\u00e9ho bojovn\u00edka, ktor\u00fd prisahal pomstu Temn\u00e9mu Eikonovi Ifritovi, tajomnej bytosti, ktor\u00e1 za sebou zanech\u00e1va len ne\u0161\u0165astie.\" \/>\n<meta property=\"og:url\" content=\"https:\/\/begamer.cz\/sk\/produkt\/final-fantasy-xvi-sk\/\" \/>\n<meta property=\"og:site_name\" content=\"BeGamer.cz\" \/>\n<meta property=\"article:modified_time\" content=\"2026-04-03T04:10:23+00:00\" \/>\n<meta property=\"og:image\" content=\"https:\/\/begamer.cz\/wp-content\/uploads\/2026\/01\/final-fantasy-xvi-14.webp\" \/>\n\t<meta property=\"og:image:width\" content=\"300\" \/>\n\t<meta property=\"og:image:height\" content=\"400\" \/>\n\t<meta property=\"og:image:type\" content=\"image\/webp\" \/>\n<meta name=\"twitter:card\" content=\"summary_large_image\" \/>\n<meta name=\"twitter:label1\" content=\"Predpokladan\u00fd \u010das \u010d\u00edtania\" \/>\n\t<meta name=\"twitter:data1\" content=\"1 min\u00fata\" \/>\n<script type=\"application\/ld+json\" class=\"yoast-schema-graph\">{\"@context\":\"https:\\\/\\\/schema.org\",\"@graph\":[{\"@type\":\"WebPage\",\"@id\":\"https:\\\/\\\/begamer.cz\\\/sk\\\/produkt\\\/final-fantasy-xvi-sk\\\/\",\"url\":\"https:\\\/\\\/begamer.cz\\\/sk\\\/produkt\\\/final-fantasy-xvi-sk\\\/\",\"name\":\"Final Fantasy XVI | BeGamer.cz\",\"isPartOf\":{\"@id\":\"https:\\\/\\\/begamer.cz\\\/sk\\\/#website\"},\"primaryImageOfPage\":{\"@id\":\"https:\\\/\\\/begamer.cz\\\/sk\\\/produkt\\\/final-fantasy-xvi-sk\\\/#primaryimage\"},\"image\":{\"@id\":\"https:\\\/\\\/begamer.cz\\\/sk\\\/produkt\\\/final-fantasy-xvi-sk\\\/#primaryimage\"},\"thumbnailUrl\":\"https:\\\/\\\/begamer.cz\\\/wp-content\\\/uploads\\\/2026\\\/01\\\/final-fantasy-xvi-14.webp\",\"datePublished\":\"2026-01-30T18:17:16+00:00\",\"dateModified\":\"2026-04-03T04:10:23+00:00\",\"breadcrumb\":{\"@id\":\"https:\\\/\\\/begamer.cz\\\/sk\\\/produkt\\\/final-fantasy-xvi-sk\\\/#breadcrumb\"},\"inLanguage\":\"sk-SK\",\"potentialAction\":[{\"@type\":\"ReadAction\",\"target\":[\"https:\\\/\\\/begamer.cz\\\/sk\\\/produkt\\\/final-fantasy-xvi-sk\\\/\"]}]},{\"@type\":\"ImageObject\",\"inLanguage\":\"sk-SK\",\"@id\":\"https:\\\/\\\/begamer.cz\\\/sk\\\/produkt\\\/final-fantasy-xvi-sk\\\/#primaryimage\",\"url\":\"https:\\\/\\\/begamer.cz\\\/wp-content\\\/uploads\\\/2026\\\/01\\\/final-fantasy-xvi-14.webp\",\"contentUrl\":\"https:\\\/\\\/begamer.cz\\\/wp-content\\\/uploads\\\/2026\\\/01\\\/final-fantasy-xvi-14.webp\",\"width\":300,\"height\":400},{\"@type\":\"BreadcrumbList\",\"@id\":\"https:\\\/\\\/begamer.cz\\\/sk\\\/produkt\\\/final-fantasy-xvi-sk\\\/#breadcrumb\",\"itemListElement\":[{\"@type\":\"ListItem\",\"position\":1,\"name\":\"Domov\",\"item\":\"https:\\\/\\\/begamer.cz\\\/sk\\\/\"},{\"@type\":\"ListItem\",\"position\":2,\"name\":\"Obchod\",\"item\":\"https:\\\/\\\/begamer.cz\\\/obchod\\\/\"},{\"@type\":\"ListItem\",\"position\":3,\"name\":\"Final Fantasy XVI\"}]},{\"@type\":\"WebSite\",\"@id\":\"https:\\\/\\\/begamer.cz\\\/sk\\\/#website\",\"url\":\"https:\\\/\\\/begamer.cz\\\/sk\\\/\",\"name\":\"BeGamer.cz\",\"description\":\"\",\"publisher\":{\"@id\":\"https:\\\/\\\/begamer.cz\\\/sk\\\/#organization\"},\"potentialAction\":[{\"@type\":\"SearchAction\",\"target\":{\"@type\":\"EntryPoint\",\"urlTemplate\":\"https:\\\/\\\/begamer.cz\\\/sk\\\/?s={search_term_string}\"},\"query-input\":{\"@type\":\"PropertyValueSpecification\",\"valueRequired\":true,\"valueName\":\"search_term_string\"}}],\"inLanguage\":\"sk-SK\"},{\"@type\":\"Organization\",\"@id\":\"https:\\\/\\\/begamer.cz\\\/sk\\\/#organization\",\"name\":\"BeGamer.cz\",\"url\":\"https:\\\/\\\/begamer.cz\\\/sk\\\/\",\"logo\":{\"@type\":\"ImageObject\",\"inLanguage\":\"sk-SK\",\"@id\":\"https:\\\/\\\/begamer.cz\\\/sk\\\/#\\\/schema\\\/logo\\\/image\\\/\",\"url\":\"https:\\\/\\\/begamer.cz\\\/wp-content\\\/uploads\\\/2025\\\/07\\\/logo.svg\",\"contentUrl\":\"https:\\\/\\\/begamer.cz\\\/wp-content\\\/uploads\\\/2025\\\/07\\\/logo.svg\",\"caption\":\"BeGamer.cz\"},\"image\":{\"@id\":\"https:\\\/\\\/begamer.cz\\\/sk\\\/#\\\/schema\\\/logo\\\/image\\\/\"}}]}<\/script>\n<!-- \/ Yoast SEO plugin. -->","yoast_head_json":{"title":"Final Fantasy XVI | BeGamer.cz","robots":{"index":"index","follow":"follow","max-snippet":"max-snippet:-1","max-image-preview":"max-image-preview:large","max-video-preview":"max-video-preview:-1"},"canonical":"https:\/\/begamer.cz\/sk\/produkt\/final-fantasy-xvi-sk\/","og_locale":"sk_SK","og_type":"article","og_title":"Final Fantasy XVI | BeGamer.cz","og_description":"Epick\u00e1 temn\u00e1 fantasy, v ktorej o osudoch rozhoduj\u00fa mocn\u00ed Eikoni a Dominanti, ktor\u00ed ich ovl\u00e1daj\u00fa. Toto je pr\u00edbeh Clivea Rosfielda, tragick\u00e9ho bojovn\u00edka, ktor\u00fd prisahal pomstu Temn\u00e9mu Eikonovi Ifritovi, tajomnej bytosti, ktor\u00e1 za sebou zanech\u00e1va len ne\u0161\u0165astie.","og_url":"https:\/\/begamer.cz\/sk\/produkt\/final-fantasy-xvi-sk\/","og_site_name":"BeGamer.cz","article_modified_time":"2026-04-03T04:10:23+00:00","og_image":[{"width":300,"height":400,"url":"https:\/\/begamer.cz\/wp-content\/uploads\/2026\/01\/final-fantasy-xvi-14.webp","type":"image\/webp"}],"twitter_card":"summary_large_image","twitter_misc":{"Predpokladan\u00fd \u010das \u010d\u00edtania":"1 min\u00fata"},"schema":{"@context":"https:\/\/schema.org","@graph":[{"@type":"WebPage","@id":"https:\/\/begamer.cz\/sk\/produkt\/final-fantasy-xvi-sk\/","url":"https:\/\/begamer.cz\/sk\/produkt\/final-fantasy-xvi-sk\/","name":"Final Fantasy XVI | BeGamer.cz","isPartOf":{"@id":"https:\/\/begamer.cz\/sk\/#website"},"primaryImageOfPage":{"@id":"https:\/\/begamer.cz\/sk\/produkt\/final-fantasy-xvi-sk\/#primaryimage"},"image":{"@id":"https:\/\/begamer.cz\/sk\/produkt\/final-fantasy-xvi-sk\/#primaryimage"},"thumbnailUrl":"https:\/\/begamer.cz\/wp-content\/uploads\/2026\/01\/final-fantasy-xvi-14.webp","datePublished":"2026-01-30T18:17:16+00:00","dateModified":"2026-04-03T04:10:23+00:00","breadcrumb":{"@id":"https:\/\/begamer.cz\/sk\/produkt\/final-fantasy-xvi-sk\/#breadcrumb"},"inLanguage":"sk-SK","potentialAction":[{"@type":"ReadAction","target":["https:\/\/begamer.cz\/sk\/produkt\/final-fantasy-xvi-sk\/"]}]},{"@type":"ImageObject","inLanguage":"sk-SK","@id":"https:\/\/begamer.cz\/sk\/produkt\/final-fantasy-xvi-sk\/#primaryimage","url":"https:\/\/begamer.cz\/wp-content\/uploads\/2026\/01\/final-fantasy-xvi-14.webp","contentUrl":"https:\/\/begamer.cz\/wp-content\/uploads\/2026\/01\/final-fantasy-xvi-14.webp","width":300,"height":400},{"@type":"BreadcrumbList","@id":"https:\/\/begamer.cz\/sk\/produkt\/final-fantasy-xvi-sk\/#breadcrumb","itemListElement":[{"@type":"ListItem","position":1,"name":"Domov","item":"https:\/\/begamer.cz\/sk\/"},{"@type":"ListItem","position":2,"name":"Obchod","item":"https:\/\/begamer.cz\/obchod\/"},{"@type":"ListItem","position":3,"name":"Final Fantasy XVI"}]},{"@type":"WebSite","@id":"https:\/\/begamer.cz\/sk\/#website","url":"https:\/\/begamer.cz\/sk\/","name":"BeGamer.cz","description":"","publisher":{"@id":"https:\/\/begamer.cz\/sk\/#organization"},"potentialAction":[{"@type":"SearchAction","target":{"@type":"EntryPoint","urlTemplate":"https:\/\/begamer.cz\/sk\/?s={search_term_string}"},"query-input":{"@type":"PropertyValueSpecification","valueRequired":true,"valueName":"search_term_string"}}],"inLanguage":"sk-SK"},{"@type":"Organization","@id":"https:\/\/begamer.cz\/sk\/#organization","name":"BeGamer.cz","url":"https:\/\/begamer.cz\/sk\/","logo":{"@type":"ImageObject","inLanguage":"sk-SK","@id":"https:\/\/begamer.cz\/sk\/#\/schema\/logo\/image\/","url":"https:\/\/begamer.cz\/wp-content\/uploads\/2025\/07\/logo.svg","contentUrl":"https:\/\/begamer.cz\/wp-content\/uploads\/2025\/07\/logo.svg","caption":"BeGamer.cz"},"image":{"@id":"https:\/\/begamer.cz\/sk\/#\/schema\/logo\/image\/"}}]}},"acf":[],"_links":{"self":[{"href":"https:\/\/begamer.cz\/sk\/wp-json\/wp\/v2\/product\/103415","targetHints":{"allow":["GET"]}}],"collection":[{"href":"https:\/\/begamer.cz\/sk\/wp-json\/wp\/v2\/product"}],"about":[{"href":"https:\/\/begamer.cz\/sk\/wp-json\/wp\/v2\/types\/product"}],"replies":[{"embeddable":true,"href":"https:\/\/begamer.cz\/sk\/wp-json\/wp\/v2\/comments?post=103415"}],"wp:featuredmedia":[{"embeddable":true,"href":"https:\/\/begamer.cz\/sk\/wp-json\/wp\/v2\/media\/54860"}],"wp:attachment":[{"href":"https:\/\/begamer.cz\/sk\/wp-json\/wp\/v2\/media?parent=103415"}],"wp:term":[{"taxonomy":"product_brand","embeddable":true,"href":"https:\/\/begamer.cz\/sk\/wp-json\/wp\/v2\/product_brand?post=103415"},{"taxonomy":"product_cat","embeddable":true,"href":"https:\/\/begamer.cz\/sk\/wp-json\/wp\/v2\/product_cat?post=103415"},{"taxonomy":"product_tag","embeddable":true,"href":"https:\/\/begamer.cz\/sk\/wp-json\/wp\/v2\/product_tag?post=103415"}],"curies":[{"name":"wp","href":"https:\/\/api.w.org\/{rel}","templated":true}]}}