{"id":103379,"date":"2026-01-30T19:16:53","date_gmt":"2026-01-30T18:16:53","guid":{"rendered":"https:\/\/begamer.cz\/produkt\/broken-arrow-sk\/"},"modified":"2026-04-01T04:56:50","modified_gmt":"2026-04-01T02:56:50","slug":"broken-arrow-sk","status":"publish","type":"product","link":"https:\/\/begamer.cz\/sk\/produkt\/broken-arrow-sk\/","title":{"rendered":"Broken Arrow"},"content":{"rendered":"<h2 class=\"bb_tag\" ><span class=\"bb_img_ctn\"><video class=\"bb_img\" autoplay muted loop playsinline poster=\"https:\/\/shared.akamai.steamstatic.com\/store_item_assets\/steam\/apps\/1604270\/extras\/6c4057de2fe135c906b05bcd15130b09.poster.avif?t=1758874709\" width=616 height=300 ><source src=\"https:\/\/shared.akamai.steamstatic.com\/store_item_assets\/steam\/apps\/1604270\/extras\/6c4057de2fe135c906b05bcd15130b09.webm?t=1758874709\" type=\"video\/webm; codecs=vp9\"><source src=\"https:\/\/shared.akamai.steamstatic.com\/store_item_assets\/steam\/apps\/1604270\/extras\/6c4057de2fe135c906b05bcd15130b09.mp4?t=1758874709\" type=\"video\/mp4\"><\/video><\/span><\/h2>\n<p class=\"bb_paragraph\" ><strong>Broken Arrow<\/strong> je rozsiahla taktick\u00e1 hra v re\u00e1lnom \u010dase zameran\u00e1 na modern\u00e9 vojnov\u00e9 konflikty, ktor\u00e1 sp\u00e1ja komplexnos\u0165 vojensk\u00fdch simul\u00e1ci\u00ed spojeneck\u00fdch s\u00edl s ak\u010dnou hrate\u013enos\u0165ou v re\u00e1lnom \u010dase.\u00a0<\/p>\n<p class=\"bb_paragraph\" >S viac ako 300 realistick\u00fdmi vojensk\u00fdmi jednotkami a technol\u00f3giami pon\u00faka ka\u017ed\u00e1 bitka pohlcuj\u00faci z\u00e1\u017eitok s nekone\u010dnou hrate\u013enos\u0165ou. <\/p>\n<p class=\"bb_paragraph\" >\n<p class=\"bb_paragraph\" ><span class=\"bb_img_ctn\"><video class=\"bb_img\" autoplay muted loop playsinline poster=\"https:\/\/shared.akamai.steamstatic.com\/store_item_assets\/steam\/apps\/1604270\/extras\/2ba7e6fa5552e95a681a88157c552a3b.poster.avif?t=1758874709\" width=616 height=300 ><source src=\"https:\/\/shared.akamai.steamstatic.com\/store_item_assets\/steam\/apps\/1604270\/extras\/2ba7e6fa5552e95a681a88157c552a3b.webm?t=1758874709\" type=\"video\/webm; codecs=vp9\"><source src=\"https:\/\/shared.akamai.steamstatic.com\/store_item_assets\/steam\/apps\/1604270\/extras\/2ba7e6fa5552e95a681a88157c552a3b.mp4?t=1758874709\" type=\"video\/mp4\"><\/video><\/span><\/p>\n<p class=\"bb_paragraph\" >Za\u017eite strhuj\u00facu kampa\u0148 s pr\u00edbehom, ktor\u00e1 obsahuje <strong>19 ru\u010dne vytvoren\u00fdch misi\u00ed<\/strong> zasaden\u00fdch do Pobaltia, ktor\u00e9 sa hraj\u00fa z poh\u013eadu <strong>Spojen\u00fdch \u0161t\u00e1tov<\/strong> aj <strong>Ruska<\/strong>.<\/p>\n<p class=\"bb_paragraph\" >Kampa\u0148 pon\u00faka nap\u00ednav\u00fd pr\u00edbeh o eskal\u00e1cii glob\u00e1lneho nap\u00e4tia, kde ka\u017ed\u00e1 misia prin\u00e1\u0161a nov\u00e9 taktick\u00e9 v\u00fdzvy a v\u00fdvoj deja. \u010ci u\u017e br\u00e1nite k\u013e\u00fa\u010dov\u00e9 poz\u00edcie s elitn\u00fdmi jednotkami alebo sp\u00fa\u0161\u0165ate odv\u00e1\u017ene ofenz\u00edvy kombinovan\u00fdch zbran\u00ed, ka\u017ed\u00e1 misia je navrhnut\u00e1 tak, aby otestovala va\u0161e velite\u013esk\u00e9 schopnosti v dynamick\u00fdch a realistick\u00fdch vojnov\u00fdch scen\u00e1roch. <\/p>\n<p class=\"bb_paragraph\" >\n<h2 class=\"bb_tag\" ><span class=\"bb_img_ctn\"><video class=\"bb_img\" autoplay muted loop playsinline poster=\"https:\/\/shared.akamai.steamstatic.com\/store_item_assets\/steam\/apps\/1604270\/extras\/fba57abe9c618521de8495b9ca395cfb.poster.avif?t=1758874709\" width=616 height=300 ><source src=\"https:\/\/shared.akamai.steamstatic.com\/store_item_assets\/steam\/apps\/1604270\/extras\/fba57abe9c618521de8495b9ca395cfb.webm?t=1758874709\" type=\"video\/webm; codecs=vp9\"><source src=\"https:\/\/shared.akamai.steamstatic.com\/store_item_assets\/steam\/apps\/1604270\/extras\/fba57abe9c618521de8495b9ca395cfb.mp4?t=1758874709\" type=\"video\/mp4\"><\/video><\/span><\/h2>\n<p class=\"bb_paragraph\" >Okrem kampane pre jedn\u00e9ho hr\u00e1\u010da sa m\u00f4\u017eete v <strong>re\u017eime<\/strong> <strong>Skirmish<\/strong> postavi\u0165 proti umelej inteligencii <strong>na 19 map\u00e1ch<\/strong> zalo\u017een\u00fdch na skuto\u010dn\u00fdch lokalit\u00e1ch, pri\u010dom si vyberiete svoje ob\u013e\u00faben\u00e9 \u0161pecializ\u00e1cie a \u00farovne obtia\u017enosti. Spojte sa s priate\u013emi a u\u010dte sa hru svoj\u00edm vlastn\u00fdm tempom proti r\u00f4znym prednastaveniam umelej inteligencie, ktor\u00e9 predstavuj\u00fa bojov\u00e9 skupiny, s ktor\u00fdmi sa stretnete na bojisku. V \u010dase vydania re\u017eim Skirmish moment\u00e1lne neumo\u017e\u0148uje kooperat\u00edvnu hru s umelou inteligenciou ako spojencami v t\u00edme, ale je to pl\u00e1novan\u00e9 v bud\u00facej aktualiz\u00e1cii.<\/p>\n<p class=\"bb_paragraph\" >Ak v\u0161ak rad\u0161ej \u010del\u00edte \u013eudsk\u00fdm s\u00faperom, pripojte sa online a zapojte sa do nap\u00ednav\u00fdch <strong>multiplayerov\u00fdch z\u00e1pasov a\u017e 5 proti 5<\/strong>. Sledujte svoj pokrok, ako st\u00fapate v rebr\u00ed\u010dku, a z\u00edskavajte sk\u00fasenosti ako gener\u00e1l, zatia\u013e \u010do postupujete na vy\u0161\u0161ie \u00farovne a z\u00edskavate nov\u00e9 medaily.<\/p>\n<p class=\"bb_paragraph\" >Popustite uzdu svojej kreativite s v\u00fdkonn\u00fdm <strong>editorom scen\u00e1rov<\/strong>, t\u00fdm ist\u00fdm n\u00e1strojom, ktor\u00fd sa pou\u017e\u00edva na tvorbu misi\u00ed v hre. Navrhujte vlastn\u00e9 scen\u00e1re doplnen\u00e9 o filmov\u00e9 sekvencie a dial\u00f3gy pomocou vizu\u00e1lneho skriptovacieho syst\u00e9mu \u2013 bez nutnosti programovania. <\/p>\n<p class=\"bb_paragraph\" >Zdie\u013eajte svoje v\u00fdtvory s komunitou prostredn\u00edctvom slu\u017eby <strong>Steam Workshop<\/strong> alebo si ich stiahnite a vychutnajte si nekone\u010dn\u00fd obsah vytvoren\u00fd pou\u017e\u00edvate\u013emi. <\/p>\n<p class=\"bb_paragraph\" >\n<p class=\"bb_paragraph\" ><span class=\"bb_img_ctn\"><video class=\"bb_img\" autoplay muted loop playsinline poster=\"https:\/\/shared.akamai.steamstatic.com\/store_item_assets\/steam\/apps\/1604270\/extras\/90ed9c938448beb8921a6a85dc9a8186.poster.avif?t=1758874709\" width=616 height=300 ><source src=\"https:\/\/shared.akamai.steamstatic.com\/store_item_assets\/steam\/apps\/1604270\/extras\/90ed9c938448beb8921a6a85dc9a8186.webm?t=1758874709\" type=\"video\/webm; codecs=vp9\"><source src=\"https:\/\/shared.akamai.steamstatic.com\/store_item_assets\/steam\/apps\/1604270\/extras\/90ed9c938448beb8921a6a85dc9a8186.mp4?t=1758874709\" type=\"video\/mp4\"><\/video><\/span><\/p>\n<p class=\"bb_paragraph\" >Vytvorte si svoj vlastn\u00fd arm\u00e1dny bal\u00edk v\u00fdberom z obrovsk\u00e9ho mno\u017estva jednotiek, z ktor\u00fdch ka\u017ed\u00fa m\u00f4\u017eete prisp\u00f4sobi\u0165 svojej strat\u00e9gii.\u00a0 <\/p>\n<p class=\"bb_paragraph\" >S viac ako 300 jednotkami a viac ako 1 500 mo\u017en\u00fdmi kombin\u00e1ciami si m\u00f4\u017eete prisp\u00f4sobi\u0165 svoje sily tak, aby zodpovedali v\u00e1\u0161mu \u0161t\u00fdlu hry. Upravujte vozidl\u00e1 a lietadl\u00e1 pomocou r\u00f4znych zbran\u00ed, bal\u00edkov pancierovania a podporn\u00fdch syst\u00e9mov, aby ste z\u00edskali prevahu na bojisku.<\/p>\n<p class=\"bb_paragraph\" >\n<h2 class=\"bb_tag\" ><span class=\"bb_img_ctn\"><video class=\"bb_img\" autoplay muted loop playsinline poster=\"https:\/\/shared.akamai.steamstatic.com\/store_item_assets\/steam\/apps\/1604270\/extras\/37970b6de6c6132106dc1f2cbcba9546.poster.avif?t=1758874709\" width=616 height=300 ><source src=\"https:\/\/shared.akamai.steamstatic.com\/store_item_assets\/steam\/apps\/1604270\/extras\/37970b6de6c6132106dc1f2cbcba9546.webm?t=1758874709\" type=\"video\/webm; codecs=vp9\"><source src=\"https:\/\/shared.akamai.steamstatic.com\/store_item_assets\/steam\/apps\/1604270\/extras\/37970b6de6c6132106dc1f2cbcba9546.mp4?t=1758874709\" type=\"video\/mp4\"><\/video><\/span><\/h2>\n<p class=\"bb_paragraph\" >V\u00ed\u0165azstvo za\u010d\u00edna d\u00f4kladn\u00fdm pl\u00e1novan\u00edm. Broken Arrow pon\u00faka \u0161irok\u00fa \u0161k\u00e1lu jednotiek rozdelen\u00fdch do \u0161iestich k\u013e\u00fa\u010dov\u00fdch rol\u00ed:<\/p>\n<ul class=\"bb_ul\">\n<li>\n<p class=\"bb_paragraph\" ><strong>Prieskumn\u00e9 jednotky<\/strong> \u2013 \u0161pecializovan\u00e9 na vyh\u013ead\u00e1vanie a ozna\u010dovanie nepriate\u013esk\u00fdch poz\u00edci\u00ed.<\/p>\n<\/li>\n<\/ul>\n<ul class=\"bb_ul\">\n<li>\n<p class=\"bb_paragraph\" ><strong>Pechota<\/strong> \u2013 Univerz\u00e1lne pozemn\u00e9 jednotky vybaven\u00e9 r\u00f4znymi zbra\u0148ami.<\/p>\n<\/li>\n<li>\n<p class=\"bb_paragraph\" ><strong>Bojov\u00e9 vozidl\u00e1<\/strong> \u2013 zah\u0155\u0148aj\u00fa tanky, nosi\u010de protitankov\u00fdch riaden\u00fdch striel a vozidl\u00e1 palebnej podpory.<\/p>\n<\/li>\n<li>\n<p class=\"bb_paragraph\" ><strong>Podpora<\/strong> \u2013 delostreleck\u00e9 a protilietadlov\u00e9 jednotky poskytuj\u00face podporu na ve\u013ek\u00fa vzdialenos\u0165.<\/p>\n<\/li>\n<li>\n<p class=\"bb_paragraph\" ><strong>Vrtu\u013en\u00edky<\/strong> \u2013 Ide\u00e1lne pre r\u00fdchle nasadenie a taktiku \u201eude\u0159 a ute\u010d\u201c.<\/p>\n<\/li>\n<li>\n<p class=\"bb_paragraph\" ><strong>Lietadl\u00e1<\/strong> \u2013 Ovl\u00e1dnite oblohu pomocou st\u00edha\u010diek a lietadiel ur\u010den\u00fdch na \u00fatoky na pozemn\u00e9 ciele.<\/p>\n<\/li>\n<\/ul>\n<p class=\"bb_paragraph\" >\n<h2 class=\"bb_tag\" ><span class=\"bb_img_ctn\"><video class=\"bb_img\" autoplay muted loop playsinline poster=\"https:\/\/shared.akamai.steamstatic.com\/store_item_assets\/steam\/apps\/1604270\/extras\/8b8e22ae27e8f85cd1db2c13d2bb86f7.poster.avif?t=1758874709\" width=616 height=300 ><source src=\"https:\/\/shared.akamai.steamstatic.com\/store_item_assets\/steam\/apps\/1604270\/extras\/8b8e22ae27e8f85cd1db2c13d2bb86f7.webm?t=1758874709\" type=\"video\/webm; codecs=vp9\"><source src=\"https:\/\/shared.akamai.steamstatic.com\/store_item_assets\/steam\/apps\/1604270\/extras\/8b8e22ae27e8f85cd1db2c13d2bb86f7.mp4?t=1758874709\" type=\"video\/mp4\"><\/video><\/span><\/h2>\n<p class=\"bb_paragraph\" >Nasadzujte sa na bojisko po zemi, mori aj vzduchu. Vyu\u017eite v\u00fdsadk\u00e1rov a vrtu\u013en\u00edky na r\u00fdchle obsadenie k\u013e\u00fa\u010dov\u00fdch poz\u00edci\u00ed, posilnite ich \u0165a\u017ek\u00fdmi tankmi a odrazte nepriate\u013esk\u00e9 proti\u00fatoky delostreleck\u00fdmi a taktick\u00fdmi raketov\u00fdmi \u00fadermi.<\/p>\n<p class=\"bb_paragraph\" >Vyslite \u0161peci\u00e1lne jednotky za nepriate\u013esk\u00e9 l\u00ednie, aby naru\u0161ili nepriate\u013esk\u00fa logistiku a poskytli laserov\u00e9 ozna\u010denie pre va\u0161e lietadl\u00e1. Vyu\u017eite ter\u00e9n vo svoj prospech, aby ste nepriate\u013ea prepadli, obi\u0161li z boku a prekab\u00e1tili.<\/p>\n<p class=\"bb_paragraph\" >\n<h2 class=\"bb_tag\" ><span class=\"bb_img_ctn\"><video class=\"bb_img\" autoplay muted loop playsinline poster=\"https:\/\/shared.akamai.steamstatic.com\/store_item_assets\/steam\/apps\/1604270\/extras\/8dfd63a0666ceb3723a0e2f8f2eaaa39.poster.avif?t=1758874709\" width=616 height=300 ><source src=\"https:\/\/shared.akamai.steamstatic.com\/store_item_assets\/steam\/apps\/1604270\/extras\/8dfd63a0666ceb3723a0e2f8f2eaaa39.webm?t=1758874709\" type=\"video\/webm; codecs=vp9\"><source src=\"https:\/\/shared.akamai.steamstatic.com\/store_item_assets\/steam\/apps\/1604270\/extras\/8dfd63a0666ceb3723a0e2f8f2eaaa39.mp4?t=1758874709\" type=\"video\/mp4\"><\/video><\/span><\/h2>\n<p class=\"bb_paragraph\" >Zapojte sa do bojov na rozsiahlych bojisk\u00e1ch in\u0161pirovan\u00fdch skuto\u010dn\u00fdmi miestami. Od priemyseln\u00fdch pr\u00edstavov po roz\u013eahl\u00e9 mestsk\u00e9 centr\u00e1, ka\u017ed\u00e9 prostredie pon\u00faka strategick\u00e9 pr\u00edle\u017eitosti a v\u00fdzvy.\u00a0<\/p>\n<p class=\"bb_paragraph\" >Vyu\u017eite ter\u00e9nne prvky na prepadnutie nepriate\u013eov, zabezpe\u010denie k\u013e\u00fa\u010dov\u00fdch poz\u00edci\u00ed a vykonanie obchvatn\u00fdch man\u00e9vrov.<\/p>\n","protected":false},"excerpt":{"rendered":"<p>Broken Arrow je rozsiahla taktick\u00e1 hra v re\u00e1lnom \u010dase zameran\u00e1 na modern\u00e9 vojnov\u00e9 konflikty, ktor\u00e1 sp\u00e1ja komplexnos\u0165 vojensk\u00fdch simul\u00e1ci\u00ed spolo\u010dn\u00fdch s\u00edl s ak\u010dnou hrate\u013enos\u0165ou taktick\u00fdch hier v re\u00e1lnom \u010dase.<\/p>\n","protected":false},"featured_media":45549,"comment_status":"open","ping_status":"closed","template":"","meta":{"_acf_changed":false},"product_brand":[],"product_cat":[268,266,312,318,9082],"product_tag":[],"class_list":{"0":"post-103379","1":"product","2":"type-product","3":"status-publish","4":"has-post-thumbnail","6":"product_cat-pc-sk","7":"product_cat-pc-hry-sk","8":"product_cat-steam-pc-sk","9":"product_cat-strategie-pc-hry-sk","10":"product_cat-takticke-3","11":"pa_audio-en-us","13":"pa_countries-at","14":"pa_countries-be","15":"pa_countries-bg","16":"pa_countries-cy","17":"pa_countries-cz","19":"pa_countries-de","20":"pa_countries-dk","21":"pa_countries-ee","22":"pa_countries-es","23":"pa_countries-fi","24":"pa_countries-fr","25":"pa_countries-gr","26":"pa_countries-hr","27":"pa_countries-hu","28":"pa_countries-ie","29":"pa_countries-it","30":"pa_countries-lt","31":"pa_countries-lu","32":"pa_countries-lv","33":"pa_countries-mt","34":"pa_countries-nl","35":"pa_countries-pl","36":"pa_countries-pt","37":"pa_countries-ro","38":"pa_countries-se","39":"pa_countries-si","40":"pa_countries-sk","42":"pa_developer-steel-balalaika","43":"pa_engine-unity","45":"pa_game_type-main_game","47":"pa_genres-real-time-strategy-rts","49":"pa_genres-strategy","51":"pa_interface-de-de","52":"pa_interface-en-us","53":"pa_interface-es-es","54":"pa_interface-fr-fr","55":"pa_interface-it-it","56":"pa_interface-ja-jp","57":"pa_interface-ko-kr","58":"pa_interface-pl-pl","59":"pa_interface-pt-br","60":"pa_interface-ru-ru","62":"pa_interface-tr-tr","63":"pa_interface-uk-ua","65":"pa_interface-zh-cn","66":"pa_keywords-modern-warfare","68":"pa_keywords-steam-achievements","69":"pa_keywords-steam-cloud","70":"pa_keywords-steam-trading-cards","71":"pa_keywords-steam-workshop","73":"pa_modes-co-operative","75":"pa_modes-multiplayer","77":"pa_modes-single-player","78":"pa_pegi-956","79":"pa_pegi-13432","80":"pa_platform-pc-steam","82":"pa_player_perspectives-bird-view-isometric","84":"pa_publisher-slitherine-ltd","86":"pa_rating-773","87":"pa_rating-14441","88":"pa_region-europe","90":"pa_subtitles-de-de","92":"pa_subtitles-en-us","93":"pa_subtitles-es-es","94":"pa_subtitles-fr-fr","95":"pa_subtitles-it-it","96":"pa_subtitles-ja-jp","97":"pa_subtitles-ko-kr","98":"pa_subtitles-pl-pl","99":"pa_subtitles-pt-br","100":"pa_subtitles-ru-ru","101":"pa_subtitles-tr-tr","102":"pa_subtitles-uk-ua","104":"pa_subtitles-zh-cn","105":"pa_themes-warfare","108":"first","109":"instock","110":"virtual","111":"taxable","112":"purchasable","113":"product-type-simple"},"yoast_head":"<!-- This site is optimized with the Yoast SEO plugin v27.3 - https:\/\/yoast.com\/product\/yoast-seo-wordpress\/ -->\n<title>Broken Arrow | BeGamer.cz<\/title>\n<meta name=\"robots\" content=\"index, follow, max-snippet:-1, max-image-preview:large, max-video-preview:-1\" \/>\n<link rel=\"canonical\" href=\"https:\/\/begamer.cz\/sk\/produkt\/broken-arrow-sk\/\" \/>\n<meta property=\"og:locale\" content=\"sk_SK\" \/>\n<meta property=\"og:type\" content=\"article\" \/>\n<meta property=\"og:title\" content=\"Broken Arrow | BeGamer.cz\" \/>\n<meta property=\"og:description\" content=\"Broken Arrow je rozsiahla taktick\u00e1 hra v re\u00e1lnom \u010dase zameran\u00e1 na modern\u00e9 vojnov\u00e9 konflikty, ktor\u00e1 sp\u00e1ja komplexnos\u0165 vojensk\u00fdch simul\u00e1ci\u00ed spolo\u010dn\u00fdch s\u00edl s ak\u010dnou hrate\u013enos\u0165ou taktick\u00fdch hier v re\u00e1lnom \u010dase.\" \/>\n<meta property=\"og:url\" content=\"https:\/\/begamer.cz\/sk\/produkt\/broken-arrow-sk\/\" \/>\n<meta property=\"og:site_name\" content=\"BeGamer.cz\" \/>\n<meta property=\"article:modified_time\" content=\"2026-04-01T02:56:50+00:00\" \/>\n<meta property=\"og:image\" content=\"https:\/\/begamer.cz\/wp-content\/uploads\/2026\/01\/broken-arrow-7.webp\" \/>\n\t<meta property=\"og:image:width\" content=\"300\" \/>\n\t<meta property=\"og:image:height\" content=\"400\" \/>\n\t<meta property=\"og:image:type\" content=\"image\/webp\" \/>\n<meta name=\"twitter:card\" content=\"summary_large_image\" \/>\n<meta name=\"twitter:label1\" content=\"Predpokladan\u00fd \u010das \u010d\u00edtania\" \/>\n\t<meta name=\"twitter:data1\" content=\"4 min\u00faty\" \/>\n<script type=\"application\/ld+json\" class=\"yoast-schema-graph\">{\"@context\":\"https:\\\/\\\/schema.org\",\"@graph\":[{\"@type\":\"WebPage\",\"@id\":\"https:\\\/\\\/begamer.cz\\\/sk\\\/produkt\\\/broken-arrow-sk\\\/\",\"url\":\"https:\\\/\\\/begamer.cz\\\/sk\\\/produkt\\\/broken-arrow-sk\\\/\",\"name\":\"Broken Arrow | BeGamer.cz\",\"isPartOf\":{\"@id\":\"https:\\\/\\\/begamer.cz\\\/sk\\\/#website\"},\"primaryImageOfPage\":{\"@id\":\"https:\\\/\\\/begamer.cz\\\/sk\\\/produkt\\\/broken-arrow-sk\\\/#primaryimage\"},\"image\":{\"@id\":\"https:\\\/\\\/begamer.cz\\\/sk\\\/produkt\\\/broken-arrow-sk\\\/#primaryimage\"},\"thumbnailUrl\":\"https:\\\/\\\/begamer.cz\\\/wp-content\\\/uploads\\\/2026\\\/01\\\/broken-arrow-7.webp\",\"datePublished\":\"2026-01-30T18:16:53+00:00\",\"dateModified\":\"2026-04-01T02:56:50+00:00\",\"breadcrumb\":{\"@id\":\"https:\\\/\\\/begamer.cz\\\/sk\\\/produkt\\\/broken-arrow-sk\\\/#breadcrumb\"},\"inLanguage\":\"sk-SK\",\"potentialAction\":[{\"@type\":\"ReadAction\",\"target\":[\"https:\\\/\\\/begamer.cz\\\/sk\\\/produkt\\\/broken-arrow-sk\\\/\"]}]},{\"@type\":\"ImageObject\",\"inLanguage\":\"sk-SK\",\"@id\":\"https:\\\/\\\/begamer.cz\\\/sk\\\/produkt\\\/broken-arrow-sk\\\/#primaryimage\",\"url\":\"https:\\\/\\\/begamer.cz\\\/wp-content\\\/uploads\\\/2026\\\/01\\\/broken-arrow-7.webp\",\"contentUrl\":\"https:\\\/\\\/begamer.cz\\\/wp-content\\\/uploads\\\/2026\\\/01\\\/broken-arrow-7.webp\",\"width\":300,\"height\":400},{\"@type\":\"BreadcrumbList\",\"@id\":\"https:\\\/\\\/begamer.cz\\\/sk\\\/produkt\\\/broken-arrow-sk\\\/#breadcrumb\",\"itemListElement\":[{\"@type\":\"ListItem\",\"position\":1,\"name\":\"Domov\",\"item\":\"https:\\\/\\\/begamer.cz\\\/sk\\\/\"},{\"@type\":\"ListItem\",\"position\":2,\"name\":\"Obchod\",\"item\":\"https:\\\/\\\/begamer.cz\\\/obchod\\\/\"},{\"@type\":\"ListItem\",\"position\":3,\"name\":\"Broken Arrow\"}]},{\"@type\":\"WebSite\",\"@id\":\"https:\\\/\\\/begamer.cz\\\/sk\\\/#website\",\"url\":\"https:\\\/\\\/begamer.cz\\\/sk\\\/\",\"name\":\"BeGamer.cz\",\"description\":\"\",\"publisher\":{\"@id\":\"https:\\\/\\\/begamer.cz\\\/sk\\\/#organization\"},\"potentialAction\":[{\"@type\":\"SearchAction\",\"target\":{\"@type\":\"EntryPoint\",\"urlTemplate\":\"https:\\\/\\\/begamer.cz\\\/sk\\\/?s={search_term_string}\"},\"query-input\":{\"@type\":\"PropertyValueSpecification\",\"valueRequired\":true,\"valueName\":\"search_term_string\"}}],\"inLanguage\":\"sk-SK\"},{\"@type\":\"Organization\",\"@id\":\"https:\\\/\\\/begamer.cz\\\/sk\\\/#organization\",\"name\":\"BeGamer.cz\",\"url\":\"https:\\\/\\\/begamer.cz\\\/sk\\\/\",\"logo\":{\"@type\":\"ImageObject\",\"inLanguage\":\"sk-SK\",\"@id\":\"https:\\\/\\\/begamer.cz\\\/sk\\\/#\\\/schema\\\/logo\\\/image\\\/\",\"url\":\"https:\\\/\\\/begamer.cz\\\/wp-content\\\/uploads\\\/2025\\\/07\\\/logo.svg\",\"contentUrl\":\"https:\\\/\\\/begamer.cz\\\/wp-content\\\/uploads\\\/2025\\\/07\\\/logo.svg\",\"caption\":\"BeGamer.cz\"},\"image\":{\"@id\":\"https:\\\/\\\/begamer.cz\\\/sk\\\/#\\\/schema\\\/logo\\\/image\\\/\"}}]}<\/script>\n<!-- \/ Yoast SEO plugin. -->","yoast_head_json":{"title":"Broken Arrow | BeGamer.cz","robots":{"index":"index","follow":"follow","max-snippet":"max-snippet:-1","max-image-preview":"max-image-preview:large","max-video-preview":"max-video-preview:-1"},"canonical":"https:\/\/begamer.cz\/sk\/produkt\/broken-arrow-sk\/","og_locale":"sk_SK","og_type":"article","og_title":"Broken Arrow | BeGamer.cz","og_description":"Broken Arrow je rozsiahla taktick\u00e1 hra v re\u00e1lnom \u010dase zameran\u00e1 na modern\u00e9 vojnov\u00e9 konflikty, ktor\u00e1 sp\u00e1ja komplexnos\u0165 vojensk\u00fdch simul\u00e1ci\u00ed spolo\u010dn\u00fdch s\u00edl s ak\u010dnou hrate\u013enos\u0165ou taktick\u00fdch hier v re\u00e1lnom \u010dase.","og_url":"https:\/\/begamer.cz\/sk\/produkt\/broken-arrow-sk\/","og_site_name":"BeGamer.cz","article_modified_time":"2026-04-01T02:56:50+00:00","og_image":[{"width":300,"height":400,"url":"https:\/\/begamer.cz\/wp-content\/uploads\/2026\/01\/broken-arrow-7.webp","type":"image\/webp"}],"twitter_card":"summary_large_image","twitter_misc":{"Predpokladan\u00fd \u010das \u010d\u00edtania":"4 min\u00faty"},"schema":{"@context":"https:\/\/schema.org","@graph":[{"@type":"WebPage","@id":"https:\/\/begamer.cz\/sk\/produkt\/broken-arrow-sk\/","url":"https:\/\/begamer.cz\/sk\/produkt\/broken-arrow-sk\/","name":"Broken Arrow | BeGamer.cz","isPartOf":{"@id":"https:\/\/begamer.cz\/sk\/#website"},"primaryImageOfPage":{"@id":"https:\/\/begamer.cz\/sk\/produkt\/broken-arrow-sk\/#primaryimage"},"image":{"@id":"https:\/\/begamer.cz\/sk\/produkt\/broken-arrow-sk\/#primaryimage"},"thumbnailUrl":"https:\/\/begamer.cz\/wp-content\/uploads\/2026\/01\/broken-arrow-7.webp","datePublished":"2026-01-30T18:16:53+00:00","dateModified":"2026-04-01T02:56:50+00:00","breadcrumb":{"@id":"https:\/\/begamer.cz\/sk\/produkt\/broken-arrow-sk\/#breadcrumb"},"inLanguage":"sk-SK","potentialAction":[{"@type":"ReadAction","target":["https:\/\/begamer.cz\/sk\/produkt\/broken-arrow-sk\/"]}]},{"@type":"ImageObject","inLanguage":"sk-SK","@id":"https:\/\/begamer.cz\/sk\/produkt\/broken-arrow-sk\/#primaryimage","url":"https:\/\/begamer.cz\/wp-content\/uploads\/2026\/01\/broken-arrow-7.webp","contentUrl":"https:\/\/begamer.cz\/wp-content\/uploads\/2026\/01\/broken-arrow-7.webp","width":300,"height":400},{"@type":"BreadcrumbList","@id":"https:\/\/begamer.cz\/sk\/produkt\/broken-arrow-sk\/#breadcrumb","itemListElement":[{"@type":"ListItem","position":1,"name":"Domov","item":"https:\/\/begamer.cz\/sk\/"},{"@type":"ListItem","position":2,"name":"Obchod","item":"https:\/\/begamer.cz\/obchod\/"},{"@type":"ListItem","position":3,"name":"Broken Arrow"}]},{"@type":"WebSite","@id":"https:\/\/begamer.cz\/sk\/#website","url":"https:\/\/begamer.cz\/sk\/","name":"BeGamer.cz","description":"","publisher":{"@id":"https:\/\/begamer.cz\/sk\/#organization"},"potentialAction":[{"@type":"SearchAction","target":{"@type":"EntryPoint","urlTemplate":"https:\/\/begamer.cz\/sk\/?s={search_term_string}"},"query-input":{"@type":"PropertyValueSpecification","valueRequired":true,"valueName":"search_term_string"}}],"inLanguage":"sk-SK"},{"@type":"Organization","@id":"https:\/\/begamer.cz\/sk\/#organization","name":"BeGamer.cz","url":"https:\/\/begamer.cz\/sk\/","logo":{"@type":"ImageObject","inLanguage":"sk-SK","@id":"https:\/\/begamer.cz\/sk\/#\/schema\/logo\/image\/","url":"https:\/\/begamer.cz\/wp-content\/uploads\/2025\/07\/logo.svg","contentUrl":"https:\/\/begamer.cz\/wp-content\/uploads\/2025\/07\/logo.svg","caption":"BeGamer.cz"},"image":{"@id":"https:\/\/begamer.cz\/sk\/#\/schema\/logo\/image\/"}}]}},"acf":[],"_links":{"self":[{"href":"https:\/\/begamer.cz\/sk\/wp-json\/wp\/v2\/product\/103379","targetHints":{"allow":["GET"]}}],"collection":[{"href":"https:\/\/begamer.cz\/sk\/wp-json\/wp\/v2\/product"}],"about":[{"href":"https:\/\/begamer.cz\/sk\/wp-json\/wp\/v2\/types\/product"}],"replies":[{"embeddable":true,"href":"https:\/\/begamer.cz\/sk\/wp-json\/wp\/v2\/comments?post=103379"}],"wp:featuredmedia":[{"embeddable":true,"href":"https:\/\/begamer.cz\/sk\/wp-json\/wp\/v2\/media\/45549"}],"wp:attachment":[{"href":"https:\/\/begamer.cz\/sk\/wp-json\/wp\/v2\/media?parent=103379"}],"wp:term":[{"taxonomy":"product_brand","embeddable":true,"href":"https:\/\/begamer.cz\/sk\/wp-json\/wp\/v2\/product_brand?post=103379"},{"taxonomy":"product_cat","embeddable":true,"href":"https:\/\/begamer.cz\/sk\/wp-json\/wp\/v2\/product_cat?post=103379"},{"taxonomy":"product_tag","embeddable":true,"href":"https:\/\/begamer.cz\/sk\/wp-json\/wp\/v2\/product_tag?post=103379"}],"curies":[{"name":"wp","href":"https:\/\/api.w.org\/{rel}","templated":true}]}}