{"id":103289,"date":"2026-01-30T19:15:45","date_gmt":"2026-01-30T18:15:45","guid":{"rendered":"https:\/\/begamer.cz\/produkt\/bully-scholarship-edition-sk-1769796945\/"},"modified":"2026-03-11T19:09:49","modified_gmt":"2026-03-11T18:09:49","slug":"bully-scholarship-edition-sk-2","status":"publish","type":"product","link":"https:\/\/begamer.cz\/sk\/produkt\/bully-scholarship-edition-sk-2\/","title":{"rendered":"Bully: Scholarship Edition"},"content":{"rendered":"<p>Bully: Scholarship Edition sa odohr\u00e1va vo fikt\u00edvnej intern\u00e1tnej \u0161kole v Novom Anglicku, Bullworth Academy, a rozpr\u00e1va pr\u00edbeh nezbedn\u00e9ho 15-ro\u010dn\u00e9ho Jimmyho Hopkinsa, ktor\u00fd prech\u00e1dza vtipn\u00fdmi a tr\u00e1pnymi situ\u00e1ciami dospievania. Poraz \u0161portovcov v vyb\u00edjanej, rob \u017earty na snobov, zachra\u0148 \u0161prtov, pobozkaj diev\u010da a nakoniec sa vypracuj v soci\u00e1lnej hierarchii najhor\u0161ej \u0161koly v okol\u00ed.<\/p>\n<p>Obsahuje kompletn\u00fd soundtrack s 26 origin\u00e1lnymi skladbami.<br \/>Po zak\u00fapen\u00ed a stiahnut\u00ed n\u00e1jdete soundtrack vo va\u0161ej zlo\u017eke Steam tu:<br \/>[Steamsteamappscommonbully scholarship editionBully Original Soundtrack].<br \/>Zlo\u017eka Steam sa zvy\u010dajne nach\u00e1dza v C:Program FilesSteam.<\/p>\n","protected":false},"excerpt":{"rendered":"<p>Bully rozpr\u00e1va pr\u00edbeh nezbedn\u00e9ho 15-ro\u010dn\u00e9ho Jimmyho Hopkinsa, ktor\u00fd prech\u00e1dza vesel\u00fdmi aj tr\u00e1pnymi situ\u00e1ciami dospievania. Poraz \u0161portovcov v hre na vyb\u00edjan\u00fa, rob \u017earty na snobov, zachr\u00e1\u0148 \u0161prtov, pobozkaj diev\u010da a prebojuj sa soci\u00e1lnou hierarchiou v najhor\u0161ej \u0161kole v okol\u00ed.<\/p>\n","protected":false},"featured_media":39903,"comment_status":"open","ping_status":"closed","template":"","meta":{"_acf_changed":false},"product_brand":[],"product_cat":[270,268,266,310],"product_tag":[],"class_list":{"0":"post-103289","1":"product","2":"type-product","3":"status-publish","4":"has-post-thumbnail","6":"product_cat-adventury-pc-hry-sk","7":"product_cat-pc-sk","8":"product_cat-pc-hry-sk","9":"product_cat-rockstar-warehouse-pc-sk","10":"pa_audio-en-gb","12":"pa_audio-en-us","13":"pa_countries-at","14":"pa_countries-be","15":"pa_countries-bg","16":"pa_countries-cy","17":"pa_countries-cz","19":"pa_countries-de","20":"pa_countries-dk","21":"pa_countries-ee","22":"pa_countries-es","23":"pa_countries-fi","24":"pa_countries-fr","25":"pa_countries-gr","26":"pa_countries-hr","27":"pa_countries-hu","28":"pa_countries-ie","29":"pa_countries-it","30":"pa_countries-lt","31":"pa_countries-lu","32":"pa_countries-lv","33":"pa_countries-mt","34":"pa_countries-nl","35":"pa_countries-pl","36":"pa_countries-pt","37":"pa_countries-ro","38":"pa_countries-se","39":"pa_countries-si","40":"pa_countries-sk","41":"pa_developer-rockstar-new-england","42":"pa_developer-rockstar-toronto","44":"pa_developer-rockstar-vancouver","45":"pa_engine-gamebryo","47":"pa_game_type-expanded_game","49":"pa_genres-adventure","51":"pa_interface-de-de","52":"pa_interface-en-gb","53":"pa_interface-en-us","54":"pa_interface-es-es","55":"pa_interface-fr-fr","56":"pa_interface-it-it","57":"pa_interface-ja-jp","58":"pa_interface-pl-pl","59":"pa_interface-pt-br","61":"pa_keywords-a-i-companion","62":"pa_keywords-achievements","63":"pa_keywords-action-adventure","64":"pa_keywords-alternate-costumes","65":"pa_keywords-anti-hero","66":"pa_keywords-arcade-cabinet","67":"pa_keywords-basketball","68":"pa_keywords-betrayal","69":"pa_keywords-bloody","70":"pa_keywords-boss-fight","71":"pa_keywords-boxer","72":"pa_keywords-bromance","73":"pa_keywords-camera","74":"pa_keywords-catapult","75":"pa_keywords-changing-sides","76":"pa_keywords-chemistry","77":"pa_keywords-christmas","78":"pa_keywords-clowns","79":"pa_keywords-collectibles","80":"pa_keywords-comic-book","81":"pa_keywords-countdown-timer","82":"pa_keywords-customizable-characters","83":"pa_keywords-dancing","84":"pa_keywords-dark-humor","85":"pa_keywords-day-night-cycle","86":"pa_keywords-delinquency","87":"pa_keywords-dodgeball","88":"pa_keywords-dog","89":"pa_keywords-edutainment","90":"pa_keywords-escort-mission","91":"pa_keywords-exploration","92":"pa_keywords-explosion","93":"pa_keywords-falling-damage","94":"pa_keywords-football","95":"pa_keywords-frog","96":"pa_keywords-gangs","97":"pa_keywords-go-kart","98":"pa_keywords-halloween","99":"pa_keywords-hand-to-hand-combat","100":"pa_keywords-holiday-themes","101":"pa_keywords-infinite-ammo","102":"pa_keywords-male-antagonist","103":"pa_keywords-melee","104":"pa_keywords-minigames","105":"pa_keywords-motion-control","106":"pa_keywords-non-player-character","107":"pa_keywords-original-soundtrack-release","108":"pa_keywords-photography","109":"pa_keywords-polygonal-3d","110":"pa_keywords-profanity","111":"pa_keywords-rat","112":"pa_keywords-revenge","113":"pa_keywords-satire","114":"pa_keywords-scatological-humor","115":"pa_keywords-shopping","116":"pa_keywords-side-quests","117":"pa_keywords-skeletons","118":"pa_keywords-sleeping","119":"pa_keywords-sniping","120":"pa_keywords-snow","121":"pa_keywords-soccer","122":"pa_keywords-sprinting-mechanics","123":"pa_keywords-stat-tracking","124":"pa_keywords-steam","125":"pa_keywords-students","126":"pa_keywords-swimming","127":"pa_keywords-theft","128":"pa_keywords-trophie","129":"pa_keywords-unlockables","130":"pa_keywords-vending-machine-interaction","132":"pa_keywords-video-game-characters-that-play-video-games","133":"pa_keywords-villain","134":"pa_keywords-voice-acting","135":"pa_keywords-wasd-movement","136":"pa_keywords-wii-remote-infrared-pointer-gameplay","137":"pa_keywords-world-map","138":"pa_keywords-xbox-controller-support-for-pc","139":"pa_keywords-xbox-one-backwards-compatibility","140":"pa_keywords-young-protagonist","141":"pa_modes-single-player","143":"pa_pegi-13432","144":"pa_pegi-956","145":"pa_platform-pc-rockstar-social","147":"pa_player_perspectives-third-person","149":"pa_publisher-rockstar-games","150":"pa_publisher-take-two-interactive","152":"pa_rating-1357","153":"pa_rating-14510","154":"pa_region-europe","156":"pa_subtitles-de-de","158":"pa_subtitles-en-gb","159":"pa_subtitles-en-us","160":"pa_subtitles-es-es","161":"pa_subtitles-es-mx","162":"pa_subtitles-fr-fr","163":"pa_subtitles-it-it","164":"pa_subtitles-ja-jp","165":"pa_themes-action","166":"pa_themes-comedy","168":"pa_themes-open-world","169":"pa_themes-sandbox","171":"first","172":"outofstock","173":"virtual","174":"taxable","175":"purchasable","176":"product-type-simple"},"yoast_head":"<!-- This site is optimized with the Yoast SEO plugin v27.4 - https:\/\/yoast.com\/product\/yoast-seo-wordpress\/ -->\n<title>Bully: Scholarship Edition | BeGamer.cz<\/title>\n<meta name=\"robots\" content=\"index, follow, max-snippet:-1, max-image-preview:large, max-video-preview:-1\" \/>\n<link rel=\"canonical\" href=\"https:\/\/begamer.cz\/sk\/produkt\/bully-scholarship-edition-sk-2\/\" \/>\n<meta property=\"og:locale\" content=\"sk_SK\" \/>\n<meta property=\"og:type\" content=\"article\" \/>\n<meta property=\"og:title\" content=\"Bully: Scholarship Edition | BeGamer.cz\" \/>\n<meta property=\"og:description\" content=\"Bully rozpr\u00e1va pr\u00edbeh nezbedn\u00e9ho 15-ro\u010dn\u00e9ho Jimmyho Hopkinsa, ktor\u00fd prech\u00e1dza vesel\u00fdmi aj tr\u00e1pnymi situ\u00e1ciami dospievania. Poraz \u0161portovcov v hre na vyb\u00edjan\u00fa, rob \u017earty na snobov, zachr\u00e1\u0148 \u0161prtov, pobozkaj diev\u010da a prebojuj sa soci\u00e1lnou hierarchiou v najhor\u0161ej \u0161kole v okol\u00ed.\" \/>\n<meta property=\"og:url\" content=\"https:\/\/begamer.cz\/sk\/produkt\/bully-scholarship-edition-sk-2\/\" \/>\n<meta property=\"og:site_name\" content=\"BeGamer.cz\" \/>\n<meta property=\"article:modified_time\" content=\"2026-03-11T18:09:49+00:00\" \/>\n<meta property=\"og:image\" content=\"https:\/\/begamer.cz\/wp-content\/uploads\/2026\/01\/bully-scholarship-edition-12.webp\" \/>\n\t<meta property=\"og:image:width\" content=\"300\" \/>\n\t<meta property=\"og:image:height\" content=\"400\" \/>\n\t<meta property=\"og:image:type\" content=\"image\/webp\" \/>\n<meta name=\"twitter:card\" content=\"summary_large_image\" \/>\n<meta name=\"twitter:label1\" content=\"Predpokladan\u00fd \u010das \u010d\u00edtania\" \/>\n\t<meta name=\"twitter:data1\" content=\"1 min\u00fata\" \/>\n<script type=\"application\/ld+json\" class=\"yoast-schema-graph\">{\"@context\":\"https:\\\/\\\/schema.org\",\"@graph\":[{\"@type\":\"WebPage\",\"@id\":\"https:\\\/\\\/begamer.cz\\\/sk\\\/produkt\\\/bully-scholarship-edition-sk-2\\\/\",\"url\":\"https:\\\/\\\/begamer.cz\\\/sk\\\/produkt\\\/bully-scholarship-edition-sk-2\\\/\",\"name\":\"Bully: Scholarship Edition | BeGamer.cz\",\"isPartOf\":{\"@id\":\"https:\\\/\\\/begamer.cz\\\/sk\\\/#website\"},\"primaryImageOfPage\":{\"@id\":\"https:\\\/\\\/begamer.cz\\\/sk\\\/produkt\\\/bully-scholarship-edition-sk-2\\\/#primaryimage\"},\"image\":{\"@id\":\"https:\\\/\\\/begamer.cz\\\/sk\\\/produkt\\\/bully-scholarship-edition-sk-2\\\/#primaryimage\"},\"thumbnailUrl\":\"https:\\\/\\\/begamer.cz\\\/wp-content\\\/uploads\\\/2026\\\/01\\\/bully-scholarship-edition-12.webp\",\"datePublished\":\"2026-01-30T18:15:45+00:00\",\"dateModified\":\"2026-03-11T18:09:49+00:00\",\"breadcrumb\":{\"@id\":\"https:\\\/\\\/begamer.cz\\\/sk\\\/produkt\\\/bully-scholarship-edition-sk-2\\\/#breadcrumb\"},\"inLanguage\":\"sk-SK\",\"potentialAction\":[{\"@type\":\"ReadAction\",\"target\":[\"https:\\\/\\\/begamer.cz\\\/sk\\\/produkt\\\/bully-scholarship-edition-sk-2\\\/\"]}]},{\"@type\":\"ImageObject\",\"inLanguage\":\"sk-SK\",\"@id\":\"https:\\\/\\\/begamer.cz\\\/sk\\\/produkt\\\/bully-scholarship-edition-sk-2\\\/#primaryimage\",\"url\":\"https:\\\/\\\/begamer.cz\\\/wp-content\\\/uploads\\\/2026\\\/01\\\/bully-scholarship-edition-12.webp\",\"contentUrl\":\"https:\\\/\\\/begamer.cz\\\/wp-content\\\/uploads\\\/2026\\\/01\\\/bully-scholarship-edition-12.webp\",\"width\":300,\"height\":400},{\"@type\":\"BreadcrumbList\",\"@id\":\"https:\\\/\\\/begamer.cz\\\/sk\\\/produkt\\\/bully-scholarship-edition-sk-2\\\/#breadcrumb\",\"itemListElement\":[{\"@type\":\"ListItem\",\"position\":1,\"name\":\"Domov\",\"item\":\"https:\\\/\\\/begamer.cz\\\/sk\\\/\"},{\"@type\":\"ListItem\",\"position\":2,\"name\":\"Obchod\",\"item\":\"https:\\\/\\\/begamer.cz\\\/obchod\\\/\"},{\"@type\":\"ListItem\",\"position\":3,\"name\":\"Bully: Scholarship Edition\"}]},{\"@type\":\"WebSite\",\"@id\":\"https:\\\/\\\/begamer.cz\\\/sk\\\/#website\",\"url\":\"https:\\\/\\\/begamer.cz\\\/sk\\\/\",\"name\":\"BeGamer.cz\",\"description\":\"\",\"publisher\":{\"@id\":\"https:\\\/\\\/begamer.cz\\\/sk\\\/#organization\"},\"potentialAction\":[{\"@type\":\"SearchAction\",\"target\":{\"@type\":\"EntryPoint\",\"urlTemplate\":\"https:\\\/\\\/begamer.cz\\\/sk\\\/?s={search_term_string}\"},\"query-input\":{\"@type\":\"PropertyValueSpecification\",\"valueRequired\":true,\"valueName\":\"search_term_string\"}}],\"inLanguage\":\"sk-SK\"},{\"@type\":\"Organization\",\"@id\":\"https:\\\/\\\/begamer.cz\\\/sk\\\/#organization\",\"name\":\"BeGamer.cz\",\"url\":\"https:\\\/\\\/begamer.cz\\\/sk\\\/\",\"logo\":{\"@type\":\"ImageObject\",\"inLanguage\":\"sk-SK\",\"@id\":\"https:\\\/\\\/begamer.cz\\\/sk\\\/#\\\/schema\\\/logo\\\/image\\\/\",\"url\":\"https:\\\/\\\/begamer.cz\\\/wp-content\\\/uploads\\\/2025\\\/07\\\/logo.svg\",\"contentUrl\":\"https:\\\/\\\/begamer.cz\\\/wp-content\\\/uploads\\\/2025\\\/07\\\/logo.svg\",\"caption\":\"BeGamer.cz\"},\"image\":{\"@id\":\"https:\\\/\\\/begamer.cz\\\/sk\\\/#\\\/schema\\\/logo\\\/image\\\/\"}}]}<\/script>\n<!-- \/ Yoast SEO plugin. -->","yoast_head_json":{"title":"Bully: Scholarship Edition | BeGamer.cz","robots":{"index":"index","follow":"follow","max-snippet":"max-snippet:-1","max-image-preview":"max-image-preview:large","max-video-preview":"max-video-preview:-1"},"canonical":"https:\/\/begamer.cz\/sk\/produkt\/bully-scholarship-edition-sk-2\/","og_locale":"sk_SK","og_type":"article","og_title":"Bully: Scholarship Edition | BeGamer.cz","og_description":"Bully rozpr\u00e1va pr\u00edbeh nezbedn\u00e9ho 15-ro\u010dn\u00e9ho Jimmyho Hopkinsa, ktor\u00fd prech\u00e1dza vesel\u00fdmi aj tr\u00e1pnymi situ\u00e1ciami dospievania. Poraz \u0161portovcov v hre na vyb\u00edjan\u00fa, rob \u017earty na snobov, zachr\u00e1\u0148 \u0161prtov, pobozkaj diev\u010da a prebojuj sa soci\u00e1lnou hierarchiou v najhor\u0161ej \u0161kole v okol\u00ed.","og_url":"https:\/\/begamer.cz\/sk\/produkt\/bully-scholarship-edition-sk-2\/","og_site_name":"BeGamer.cz","article_modified_time":"2026-03-11T18:09:49+00:00","og_image":[{"width":300,"height":400,"url":"https:\/\/begamer.cz\/wp-content\/uploads\/2026\/01\/bully-scholarship-edition-12.webp","type":"image\/webp"}],"twitter_card":"summary_large_image","twitter_misc":{"Predpokladan\u00fd \u010das \u010d\u00edtania":"1 min\u00fata"},"schema":{"@context":"https:\/\/schema.org","@graph":[{"@type":"WebPage","@id":"https:\/\/begamer.cz\/sk\/produkt\/bully-scholarship-edition-sk-2\/","url":"https:\/\/begamer.cz\/sk\/produkt\/bully-scholarship-edition-sk-2\/","name":"Bully: Scholarship Edition | BeGamer.cz","isPartOf":{"@id":"https:\/\/begamer.cz\/sk\/#website"},"primaryImageOfPage":{"@id":"https:\/\/begamer.cz\/sk\/produkt\/bully-scholarship-edition-sk-2\/#primaryimage"},"image":{"@id":"https:\/\/begamer.cz\/sk\/produkt\/bully-scholarship-edition-sk-2\/#primaryimage"},"thumbnailUrl":"https:\/\/begamer.cz\/wp-content\/uploads\/2026\/01\/bully-scholarship-edition-12.webp","datePublished":"2026-01-30T18:15:45+00:00","dateModified":"2026-03-11T18:09:49+00:00","breadcrumb":{"@id":"https:\/\/begamer.cz\/sk\/produkt\/bully-scholarship-edition-sk-2\/#breadcrumb"},"inLanguage":"sk-SK","potentialAction":[{"@type":"ReadAction","target":["https:\/\/begamer.cz\/sk\/produkt\/bully-scholarship-edition-sk-2\/"]}]},{"@type":"ImageObject","inLanguage":"sk-SK","@id":"https:\/\/begamer.cz\/sk\/produkt\/bully-scholarship-edition-sk-2\/#primaryimage","url":"https:\/\/begamer.cz\/wp-content\/uploads\/2026\/01\/bully-scholarship-edition-12.webp","contentUrl":"https:\/\/begamer.cz\/wp-content\/uploads\/2026\/01\/bully-scholarship-edition-12.webp","width":300,"height":400},{"@type":"BreadcrumbList","@id":"https:\/\/begamer.cz\/sk\/produkt\/bully-scholarship-edition-sk-2\/#breadcrumb","itemListElement":[{"@type":"ListItem","position":1,"name":"Domov","item":"https:\/\/begamer.cz\/sk\/"},{"@type":"ListItem","position":2,"name":"Obchod","item":"https:\/\/begamer.cz\/obchod\/"},{"@type":"ListItem","position":3,"name":"Bully: Scholarship Edition"}]},{"@type":"WebSite","@id":"https:\/\/begamer.cz\/sk\/#website","url":"https:\/\/begamer.cz\/sk\/","name":"BeGamer.cz","description":"","publisher":{"@id":"https:\/\/begamer.cz\/sk\/#organization"},"potentialAction":[{"@type":"SearchAction","target":{"@type":"EntryPoint","urlTemplate":"https:\/\/begamer.cz\/sk\/?s={search_term_string}"},"query-input":{"@type":"PropertyValueSpecification","valueRequired":true,"valueName":"search_term_string"}}],"inLanguage":"sk-SK"},{"@type":"Organization","@id":"https:\/\/begamer.cz\/sk\/#organization","name":"BeGamer.cz","url":"https:\/\/begamer.cz\/sk\/","logo":{"@type":"ImageObject","inLanguage":"sk-SK","@id":"https:\/\/begamer.cz\/sk\/#\/schema\/logo\/image\/","url":"https:\/\/begamer.cz\/wp-content\/uploads\/2025\/07\/logo.svg","contentUrl":"https:\/\/begamer.cz\/wp-content\/uploads\/2025\/07\/logo.svg","caption":"BeGamer.cz"},"image":{"@id":"https:\/\/begamer.cz\/sk\/#\/schema\/logo\/image\/"}}]}},"acf":[],"_links":{"self":[{"href":"https:\/\/begamer.cz\/sk\/wp-json\/wp\/v2\/product\/103289","targetHints":{"allow":["GET"]}}],"collection":[{"href":"https:\/\/begamer.cz\/sk\/wp-json\/wp\/v2\/product"}],"about":[{"href":"https:\/\/begamer.cz\/sk\/wp-json\/wp\/v2\/types\/product"}],"replies":[{"embeddable":true,"href":"https:\/\/begamer.cz\/sk\/wp-json\/wp\/v2\/comments?post=103289"}],"wp:featuredmedia":[{"embeddable":true,"href":"https:\/\/begamer.cz\/sk\/wp-json\/wp\/v2\/media\/39903"}],"wp:attachment":[{"href":"https:\/\/begamer.cz\/sk\/wp-json\/wp\/v2\/media?parent=103289"}],"wp:term":[{"taxonomy":"product_brand","embeddable":true,"href":"https:\/\/begamer.cz\/sk\/wp-json\/wp\/v2\/product_brand?post=103289"},{"taxonomy":"product_cat","embeddable":true,"href":"https:\/\/begamer.cz\/sk\/wp-json\/wp\/v2\/product_cat?post=103289"},{"taxonomy":"product_tag","embeddable":true,"href":"https:\/\/begamer.cz\/sk\/wp-json\/wp\/v2\/product_tag?post=103289"}],"curies":[{"name":"wp","href":"https:\/\/api.w.org\/{rel}","templated":true}]}}