{"id":103262,"date":"2026-01-30T19:15:22","date_gmt":"2026-01-30T18:15:22","guid":{"rendered":"https:\/\/begamer.cz\/produkt\/silent-hill-f-digital-deluxe-sk\/"},"modified":"2026-03-11T19:08:53","modified_gmt":"2026-03-11T18:08:53","slug":"silent-hill-f-digital-deluxe-sk","status":"publish","type":"product","link":"https:\/\/begamer.cz\/sk\/produkt\/silent-hill-f-digital-deluxe-sk\/","title":{"rendered":"SILENT HILL f Digital Deluxe"},"content":{"rendered":"<p>Hinako rodn\u00e9 mesto je zahalen\u00e9 hmlou, \u010do ju n\u00fati bojova\u0165 s groteskn\u00fdmi mon\u0161trami a rie\u0161i\u0165 desiv\u00e9 h\u00e1danky. Odha\u013ete znepokojuj\u00facu kr\u00e1su skryt\u00fa v hr\u00f4ze.<\/p>\n<p>Silent Hill f je pripravovan\u00e1 hra, ktor\u00e1 sa odohr\u00e1va v Japonsku v 60. rokoch 20. storo\u010dia a pon\u00faka kr\u00e1sny, ale z\u00e1rove\u0148 desiv\u00fd svet.<\/p>\n<p>Bonusy za predobjedn\u00e1vku Deluxe Edition:<br \/>\n&#8211; Biela n\u00e1morn\u00edcka \u0161kolsk\u00e1 uniforma<br \/>\n&#8211; Omamori: Pivo\u0148ka<br \/>\n&#8211; Bal\u00ed\u010dek predmetov<br \/>\n&#8211; 48-hodinov\u00fd pred\u010dasn\u00fd pr\u00edstup<\/p>\n<p>Obsah Deluxe Edition:<br \/>\n&#8211; Pln\u00e1 verzia hry<br \/>\n&#8211; Digit\u00e1lna kniha umenia<br \/>\n&#8211; Digit\u00e1lny soundtrack<br \/>\n&#8211; Ru\u017eov\u00fd kost\u00fdm zajaca<\/p>\n","protected":false},"excerpt":{"rendered":"<p>Za\u017eite desiv\u00fa atmosf\u00e9ru hry SILENT HILL f Digital Deluxe. T\u00e1to ed\u00edcia obsahuje kompletn\u00fa hru s vylep\u0161enou grafikou, exkluz\u00edvnym bonusov\u00fdm obsahom a \u010fal\u0161\u00edmi predmetmi v hre. Ponorte sa do psychologickej hr\u00f4zy a odha\u013ete temn\u00e9 tajomstv\u00e1 v tomto legend\u00e1rnom survival thrilleri.<\/p>\n","protected":false},"featured_media":44696,"comment_status":"open","ping_status":"closed","template":"","meta":{"_acf_changed":false},"product_brand":[],"product_cat":[270,288,268,266,312],"product_tag":[],"class_list":{"0":"post-103262","1":"product","2":"type-product","3":"status-publish","4":"has-post-thumbnail","6":"product_cat-adventury-pc-hry-sk","7":"product_cat-horor-pc-hry-sk","8":"product_cat-pc-sk","9":"product_cat-pc-hry-sk","10":"product_cat-steam-pc-sk","11":"pa_audio-en-us","12":"pa_audio-ja-jp","14":"pa_countries-at","15":"pa_countries-be","16":"pa_countries-bg","17":"pa_countries-cy","18":"pa_countries-cz","20":"pa_countries-de","21":"pa_countries-dk","22":"pa_countries-ee","23":"pa_countries-es","24":"pa_countries-fi","25":"pa_countries-fr","26":"pa_countries-gr","27":"pa_countries-hr","28":"pa_countries-hu","29":"pa_countries-ie","30":"pa_countries-it","31":"pa_countries-lt","32":"pa_countries-lu","33":"pa_countries-lv","34":"pa_countries-mt","35":"pa_countries-nl","36":"pa_countries-pl","37":"pa_countries-pt","38":"pa_countries-ro","39":"pa_countries-se","40":"pa_countries-si","41":"pa_countries-sk","42":"pa_developer-neobards-entertainment","44":"pa_game_type-main_game","46":"pa_genres-adventure","47":"pa_genres-puzzle","49":"pa_interface-de-de","50":"pa_interface-en-us","51":"pa_interface-es-es","52":"pa_interface-fr-fr","53":"pa_interface-it-it","54":"pa_interface-ja-jp","55":"pa_interface-ko-kr","56":"pa_interface-pl-pl","57":"pa_interface-pt-br","58":"pa_interface-ru-ru","60":"pa_interface-zh-cn","61":"pa_interface-zh-tw","62":"pa_modes-single-player","64":"pa_pegi-794","65":"pa_pegi-13426","66":"pa_platform-pc-steam","68":"pa_publisher-konami","70":"pa_rating-773","71":"pa_rating-14441","72":"pa_region-europe","74":"pa_themes-action","75":"pa_themes-horror","78":"first","79":"instock","80":"virtual","81":"taxable","82":"purchasable","83":"product-type-simple"},"yoast_head":"<!-- This site is optimized with the Yoast SEO plugin v27.3 - https:\/\/yoast.com\/product\/yoast-seo-wordpress\/ -->\n<title>SILENT HILL f Digital Deluxe | BeGamer.cz<\/title>\n<meta name=\"robots\" content=\"index, follow, max-snippet:-1, max-image-preview:large, max-video-preview:-1\" \/>\n<link rel=\"canonical\" href=\"https:\/\/begamer.cz\/sk\/produkt\/silent-hill-f-digital-deluxe-sk\/\" \/>\n<meta property=\"og:locale\" content=\"sk_SK\" \/>\n<meta property=\"og:type\" content=\"article\" \/>\n<meta property=\"og:title\" content=\"SILENT HILL f Digital Deluxe | BeGamer.cz\" \/>\n<meta property=\"og:description\" content=\"Za\u017eite desiv\u00fa atmosf\u00e9ru hry SILENT HILL f Digital Deluxe. T\u00e1to ed\u00edcia obsahuje kompletn\u00fa hru s vylep\u0161enou grafikou, exkluz\u00edvnym bonusov\u00fdm obsahom a \u010fal\u0161\u00edmi predmetmi v hre. Ponorte sa do psychologickej hr\u00f4zy a odha\u013ete temn\u00e9 tajomstv\u00e1 v tomto legend\u00e1rnom survival thrilleri.\" \/>\n<meta property=\"og:url\" content=\"https:\/\/begamer.cz\/sk\/produkt\/silent-hill-f-digital-deluxe-sk\/\" \/>\n<meta property=\"og:site_name\" content=\"BeGamer.cz\" \/>\n<meta property=\"article:modified_time\" content=\"2026-03-11T18:08:53+00:00\" \/>\n<meta property=\"og:image\" content=\"https:\/\/begamer.cz\/wp-content\/uploads\/2026\/01\/silent-hill-f-deluxe-edition-10.webp\" \/>\n\t<meta property=\"og:image:width\" content=\"300\" \/>\n\t<meta property=\"og:image:height\" content=\"400\" \/>\n\t<meta property=\"og:image:type\" content=\"image\/webp\" \/>\n<meta name=\"twitter:card\" content=\"summary_large_image\" \/>\n<meta name=\"twitter:label1\" content=\"Predpokladan\u00fd \u010das \u010d\u00edtania\" \/>\n\t<meta name=\"twitter:data1\" content=\"1 min\u00fata\" \/>\n<script type=\"application\/ld+json\" class=\"yoast-schema-graph\">{\"@context\":\"https:\\\/\\\/schema.org\",\"@graph\":[{\"@type\":\"WebPage\",\"@id\":\"https:\\\/\\\/begamer.cz\\\/sk\\\/produkt\\\/silent-hill-f-digital-deluxe-sk\\\/\",\"url\":\"https:\\\/\\\/begamer.cz\\\/sk\\\/produkt\\\/silent-hill-f-digital-deluxe-sk\\\/\",\"name\":\"SILENT HILL f Digital Deluxe | BeGamer.cz\",\"isPartOf\":{\"@id\":\"https:\\\/\\\/begamer.cz\\\/sk\\\/#website\"},\"primaryImageOfPage\":{\"@id\":\"https:\\\/\\\/begamer.cz\\\/sk\\\/produkt\\\/silent-hill-f-digital-deluxe-sk\\\/#primaryimage\"},\"image\":{\"@id\":\"https:\\\/\\\/begamer.cz\\\/sk\\\/produkt\\\/silent-hill-f-digital-deluxe-sk\\\/#primaryimage\"},\"thumbnailUrl\":\"https:\\\/\\\/begamer.cz\\\/wp-content\\\/uploads\\\/2026\\\/01\\\/silent-hill-f-deluxe-edition-10.webp\",\"datePublished\":\"2026-01-30T18:15:22+00:00\",\"dateModified\":\"2026-03-11T18:08:53+00:00\",\"breadcrumb\":{\"@id\":\"https:\\\/\\\/begamer.cz\\\/sk\\\/produkt\\\/silent-hill-f-digital-deluxe-sk\\\/#breadcrumb\"},\"inLanguage\":\"sk-SK\",\"potentialAction\":[{\"@type\":\"ReadAction\",\"target\":[\"https:\\\/\\\/begamer.cz\\\/sk\\\/produkt\\\/silent-hill-f-digital-deluxe-sk\\\/\"]}]},{\"@type\":\"ImageObject\",\"inLanguage\":\"sk-SK\",\"@id\":\"https:\\\/\\\/begamer.cz\\\/sk\\\/produkt\\\/silent-hill-f-digital-deluxe-sk\\\/#primaryimage\",\"url\":\"https:\\\/\\\/begamer.cz\\\/wp-content\\\/uploads\\\/2026\\\/01\\\/silent-hill-f-deluxe-edition-10.webp\",\"contentUrl\":\"https:\\\/\\\/begamer.cz\\\/wp-content\\\/uploads\\\/2026\\\/01\\\/silent-hill-f-deluxe-edition-10.webp\",\"width\":300,\"height\":400},{\"@type\":\"BreadcrumbList\",\"@id\":\"https:\\\/\\\/begamer.cz\\\/sk\\\/produkt\\\/silent-hill-f-digital-deluxe-sk\\\/#breadcrumb\",\"itemListElement\":[{\"@type\":\"ListItem\",\"position\":1,\"name\":\"Domov\",\"item\":\"https:\\\/\\\/begamer.cz\\\/sk\\\/\"},{\"@type\":\"ListItem\",\"position\":2,\"name\":\"Obchod\",\"item\":\"https:\\\/\\\/begamer.cz\\\/obchod\\\/\"},{\"@type\":\"ListItem\",\"position\":3,\"name\":\"SILENT HILL f Digital Deluxe\"}]},{\"@type\":\"WebSite\",\"@id\":\"https:\\\/\\\/begamer.cz\\\/sk\\\/#website\",\"url\":\"https:\\\/\\\/begamer.cz\\\/sk\\\/\",\"name\":\"BeGamer.cz\",\"description\":\"\",\"publisher\":{\"@id\":\"https:\\\/\\\/begamer.cz\\\/sk\\\/#organization\"},\"potentialAction\":[{\"@type\":\"SearchAction\",\"target\":{\"@type\":\"EntryPoint\",\"urlTemplate\":\"https:\\\/\\\/begamer.cz\\\/sk\\\/?s={search_term_string}\"},\"query-input\":{\"@type\":\"PropertyValueSpecification\",\"valueRequired\":true,\"valueName\":\"search_term_string\"}}],\"inLanguage\":\"sk-SK\"},{\"@type\":\"Organization\",\"@id\":\"https:\\\/\\\/begamer.cz\\\/sk\\\/#organization\",\"name\":\"BeGamer.cz\",\"url\":\"https:\\\/\\\/begamer.cz\\\/sk\\\/\",\"logo\":{\"@type\":\"ImageObject\",\"inLanguage\":\"sk-SK\",\"@id\":\"https:\\\/\\\/begamer.cz\\\/sk\\\/#\\\/schema\\\/logo\\\/image\\\/\",\"url\":\"https:\\\/\\\/begamer.cz\\\/wp-content\\\/uploads\\\/2025\\\/07\\\/logo.svg\",\"contentUrl\":\"https:\\\/\\\/begamer.cz\\\/wp-content\\\/uploads\\\/2025\\\/07\\\/logo.svg\",\"caption\":\"BeGamer.cz\"},\"image\":{\"@id\":\"https:\\\/\\\/begamer.cz\\\/sk\\\/#\\\/schema\\\/logo\\\/image\\\/\"}}]}<\/script>\n<!-- \/ Yoast SEO plugin. -->","yoast_head_json":{"title":"SILENT HILL f Digital Deluxe | BeGamer.cz","robots":{"index":"index","follow":"follow","max-snippet":"max-snippet:-1","max-image-preview":"max-image-preview:large","max-video-preview":"max-video-preview:-1"},"canonical":"https:\/\/begamer.cz\/sk\/produkt\/silent-hill-f-digital-deluxe-sk\/","og_locale":"sk_SK","og_type":"article","og_title":"SILENT HILL f Digital Deluxe | BeGamer.cz","og_description":"Za\u017eite desiv\u00fa atmosf\u00e9ru hry SILENT HILL f Digital Deluxe. T\u00e1to ed\u00edcia obsahuje kompletn\u00fa hru s vylep\u0161enou grafikou, exkluz\u00edvnym bonusov\u00fdm obsahom a \u010fal\u0161\u00edmi predmetmi v hre. Ponorte sa do psychologickej hr\u00f4zy a odha\u013ete temn\u00e9 tajomstv\u00e1 v tomto legend\u00e1rnom survival thrilleri.","og_url":"https:\/\/begamer.cz\/sk\/produkt\/silent-hill-f-digital-deluxe-sk\/","og_site_name":"BeGamer.cz","article_modified_time":"2026-03-11T18:08:53+00:00","og_image":[{"width":300,"height":400,"url":"https:\/\/begamer.cz\/wp-content\/uploads\/2026\/01\/silent-hill-f-deluxe-edition-10.webp","type":"image\/webp"}],"twitter_card":"summary_large_image","twitter_misc":{"Predpokladan\u00fd \u010das \u010d\u00edtania":"1 min\u00fata"},"schema":{"@context":"https:\/\/schema.org","@graph":[{"@type":"WebPage","@id":"https:\/\/begamer.cz\/sk\/produkt\/silent-hill-f-digital-deluxe-sk\/","url":"https:\/\/begamer.cz\/sk\/produkt\/silent-hill-f-digital-deluxe-sk\/","name":"SILENT HILL f Digital Deluxe | BeGamer.cz","isPartOf":{"@id":"https:\/\/begamer.cz\/sk\/#website"},"primaryImageOfPage":{"@id":"https:\/\/begamer.cz\/sk\/produkt\/silent-hill-f-digital-deluxe-sk\/#primaryimage"},"image":{"@id":"https:\/\/begamer.cz\/sk\/produkt\/silent-hill-f-digital-deluxe-sk\/#primaryimage"},"thumbnailUrl":"https:\/\/begamer.cz\/wp-content\/uploads\/2026\/01\/silent-hill-f-deluxe-edition-10.webp","datePublished":"2026-01-30T18:15:22+00:00","dateModified":"2026-03-11T18:08:53+00:00","breadcrumb":{"@id":"https:\/\/begamer.cz\/sk\/produkt\/silent-hill-f-digital-deluxe-sk\/#breadcrumb"},"inLanguage":"sk-SK","potentialAction":[{"@type":"ReadAction","target":["https:\/\/begamer.cz\/sk\/produkt\/silent-hill-f-digital-deluxe-sk\/"]}]},{"@type":"ImageObject","inLanguage":"sk-SK","@id":"https:\/\/begamer.cz\/sk\/produkt\/silent-hill-f-digital-deluxe-sk\/#primaryimage","url":"https:\/\/begamer.cz\/wp-content\/uploads\/2026\/01\/silent-hill-f-deluxe-edition-10.webp","contentUrl":"https:\/\/begamer.cz\/wp-content\/uploads\/2026\/01\/silent-hill-f-deluxe-edition-10.webp","width":300,"height":400},{"@type":"BreadcrumbList","@id":"https:\/\/begamer.cz\/sk\/produkt\/silent-hill-f-digital-deluxe-sk\/#breadcrumb","itemListElement":[{"@type":"ListItem","position":1,"name":"Domov","item":"https:\/\/begamer.cz\/sk\/"},{"@type":"ListItem","position":2,"name":"Obchod","item":"https:\/\/begamer.cz\/obchod\/"},{"@type":"ListItem","position":3,"name":"SILENT HILL f Digital Deluxe"}]},{"@type":"WebSite","@id":"https:\/\/begamer.cz\/sk\/#website","url":"https:\/\/begamer.cz\/sk\/","name":"BeGamer.cz","description":"","publisher":{"@id":"https:\/\/begamer.cz\/sk\/#organization"},"potentialAction":[{"@type":"SearchAction","target":{"@type":"EntryPoint","urlTemplate":"https:\/\/begamer.cz\/sk\/?s={search_term_string}"},"query-input":{"@type":"PropertyValueSpecification","valueRequired":true,"valueName":"search_term_string"}}],"inLanguage":"sk-SK"},{"@type":"Organization","@id":"https:\/\/begamer.cz\/sk\/#organization","name":"BeGamer.cz","url":"https:\/\/begamer.cz\/sk\/","logo":{"@type":"ImageObject","inLanguage":"sk-SK","@id":"https:\/\/begamer.cz\/sk\/#\/schema\/logo\/image\/","url":"https:\/\/begamer.cz\/wp-content\/uploads\/2025\/07\/logo.svg","contentUrl":"https:\/\/begamer.cz\/wp-content\/uploads\/2025\/07\/logo.svg","caption":"BeGamer.cz"},"image":{"@id":"https:\/\/begamer.cz\/sk\/#\/schema\/logo\/image\/"}}]}},"acf":[],"_links":{"self":[{"href":"https:\/\/begamer.cz\/sk\/wp-json\/wp\/v2\/product\/103262","targetHints":{"allow":["GET"]}}],"collection":[{"href":"https:\/\/begamer.cz\/sk\/wp-json\/wp\/v2\/product"}],"about":[{"href":"https:\/\/begamer.cz\/sk\/wp-json\/wp\/v2\/types\/product"}],"replies":[{"embeddable":true,"href":"https:\/\/begamer.cz\/sk\/wp-json\/wp\/v2\/comments?post=103262"}],"wp:featuredmedia":[{"embeddable":true,"href":"https:\/\/begamer.cz\/sk\/wp-json\/wp\/v2\/media\/44696"}],"wp:attachment":[{"href":"https:\/\/begamer.cz\/sk\/wp-json\/wp\/v2\/media?parent=103262"}],"wp:term":[{"taxonomy":"product_brand","embeddable":true,"href":"https:\/\/begamer.cz\/sk\/wp-json\/wp\/v2\/product_brand?post=103262"},{"taxonomy":"product_cat","embeddable":true,"href":"https:\/\/begamer.cz\/sk\/wp-json\/wp\/v2\/product_cat?post=103262"},{"taxonomy":"product_tag","embeddable":true,"href":"https:\/\/begamer.cz\/sk\/wp-json\/wp\/v2\/product_tag?post=103262"}],"curies":[{"name":"wp","href":"https:\/\/api.w.org\/{rel}","templated":true}]}}