{"id":103250,"date":"2026-01-30T19:15:15","date_gmt":"2026-01-30T18:15:15","guid":{"rendered":"https:\/\/begamer.cz\/produkt\/lost-soul-aside-sk\/"},"modified":"2026-03-11T19:08:30","modified_gmt":"2026-03-11T18:08:30","slug":"lost-soul-aside-sk","status":"publish","type":"product","link":"https:\/\/begamer.cz\/sk\/produkt\/lost-soul-aside-sk\/","title":{"rendered":"Lost Soul Aside"},"content":{"rendered":"<h1>O hre<\/h1>\n<p class=\"bb_paragraph\">Ed\u00edcia obsahuje:<\/p>\n<ul class=\"bb_ul\">\n<li>\n<p class=\"bb_paragraph\">Lost Soul Aside\u2122<\/p>\n<\/li>\n<\/ul>\n<p class=\"bb_paragraph\">\n<p class=\"bb_paragraph\">Bojujte za z\u00e1chranu svojho sveta. Zachr\u00e1\u0148te svoju sestru. Zachr\u00e1\u0148te svoju du\u0161u.<\/p>\n<p class=\"bb_paragraph\">\n<h2 class=\"bb_tag\">CESTA HRDINU<\/h2>\n<p class=\"bb_paragraph\"><span class=\"bb_img_ctn\"><video class=\"bb_img\" autoplay muted loop playsinline poster=\"https:\/\/shared.akamai.steamstatic.com\/store_item_assets\/steam\/apps\/3378960\/extras\/dd88b011a82cc8919e484ea9110f44c8.poster.avif?t=1756465896\" width=\"616\" height=\"346\"><\/video><\/span><\/p>\n<p class=\"bb_paragraph\"><i>Louisa je pre\u010d. Je pre\u010d?! Ako sa to mohlo sta\u0165?<\/i><\/p>\n<p class=\"bb_paragraph\"><i>Mali sme pl\u00e1ny, bud\u00facnos\u0165. V\u0161etko malo by\u0165 lep\u0161ie. Ale&#8230; je koniec?<\/i><\/p>\n<p class=\"bb_paragraph\"><i>Nie. Mus\u00edme bojova\u0165 \u010falej, ostatn\u00ed z n\u00e1s nem\u00f4\u017eu vzda\u0165. <\/i><\/p>\n<p class=\"bb_paragraph\"><i>A teraz m\u00e1m ne\u010dakan\u00e9ho spojenca&#8230; St\u00e1vam sa silnej\u0161\u00edm. <\/i><\/p>\n<p class=\"bb_paragraph\"><i>Dok\u00e1\u017eem ju zachr\u00e1ni\u0165? Dok\u00e1\u017eem privies\u0165 sp\u00e4\u0165 jej du\u0161u?<\/i><\/p>\n<p class=\"bb_paragraph\">\n<p class=\"bb_paragraph\">Prekonajte n\u00e1ro\u010dn\u00fa sk\u00fa\u0161ku v podobe hroziv\u00fdch nepriate\u013eov a kolos\u00e1lnych bossov v tejto \u00fachvatnej a \u0161t\u00fdlovej ak\u010dnej advent\u00fare RPG pre jedn\u00e9ho hr\u00e1\u010da; sp\u00e1jajte zbrane a spektakul\u00e1rne \u00fatoky v dynamick\u00fdch bojoch s vysok\u00fdm obsahom okt\u00e1nov.<\/p>\n<p class=\"bb_paragraph\">\n<p class=\"bb_paragraph\">Prisp\u00f4sob svoj bojov\u00fd \u0161t\u00fdl, rie\u0161 h\u00e1danky a rozv\u00edjaj neuverite\u013en\u00e9 schopnosti v skuto\u010dne hrdinskej v\u00fdprave.<\/p>\n<p class=\"bb_paragraph\">\n<p class=\"bb_paragraph\"><strong>SVET V KONFLIKTE<\/strong><\/p>\n<p class=\"bb_paragraph\"><span class=\"bb_img_ctn\"><video class=\"bb_img\" autoplay muted loop playsinline poster=\"https:\/\/shared.akamai.steamstatic.com\/store_item_assets\/steam\/apps\/3378960\/extras\/d65974e14744dbdb070fb4429818c959.poster.avif?t=1756465896\" width=\"616\" height=\"346\"><\/video><\/span><\/p>\n<p class=\"bb_paragraph\">Mala to by\u0165 noc, ktor\u00e1 v\u0161etko zmenila.<\/p>\n<p class=\"bb_paragraph\">Bol to moment, ke\u010f Kaser, Louisa a skupina rebelov kone\u010dne vyst\u00fapili z tie\u0148a \u2013 \u0161anca naru\u0161i\u0165 ve\u013ekolep\u00e9 oslavy cis\u00e1rov\u00fdch naroden\u00edn, postavi\u0165 sa proti jeho krut\u00e9mu \u00fatlaku a da\u0165 \u013eu\u010fom nie\u010do, v \u010do m\u00f4\u017eu veri\u0165.<\/p>\n<p class=\"bb_paragraph\">Nie\u010do, v \u010do m\u00f4\u017eu d\u00fafa\u0165.<\/p>\n<p class=\"bb_paragraph\">Ale v okamihu sa v\u0161etko rozpadlo.<\/p>\n<p class=\"bb_paragraph\">Z neba sa zniesla n\u00e1siln\u00e1 meteorick\u00e1 b\u00farka, ktor\u00e1 zni\u010dila v\u0161etko pod sebou.<\/p>\n<p class=\"bb_paragraph\">\n<p class=\"bb_paragraph\">Louisa pri\u0161la o du\u0161u.<\/p>\n<p class=\"bb_paragraph\">Kaser sa zmenil.  <\/p>\n<p class=\"bb_paragraph\">\n<p class=\"bb_paragraph\">S tajomn\u00fdm nov\u00fdm spojencom po boku sa Kaser vyd\u00e1va na misiu, aby priviedol svoju sestru sp\u00e4\u0165 z druh\u00e9ho sveta, ke\u010f si uvedom\u00ed, \u017ee meteorick\u00fd d\u00e1\u017e\u010f nebol prirodzen\u00fdm javom.<\/p>\n<p class=\"bb_paragraph\">\n<p class=\"bb_paragraph\">Bol to pr\u00edchod Voidraxov, dimenzion\u00e1lnych \u00fato\u010dn\u00edkov, ktor\u00ed sa vydali na dobytie, aby zni\u010dili in\u00e9 druhy a vysali energiu z ich du\u0161\u00ed.<\/p>\n<p class=\"bb_paragraph\">\n<p class=\"bb_paragraph\">Svojimi nov\u00fdmi schopnos\u0165ami mus\u00ed Kaser cestova\u0165 cez svety a dimenzie, aby \u010delil desiv\u00fdm nepriate\u013eom a zachr\u00e1nil svoju sestru a \u013eudstvo.<\/p>\n<p class=\"bb_paragraph\">\n<p class=\"bb_paragraph\">A tak sa za\u010d\u00edna cesta tohto hrdinu&#8230;<\/p>\n<p class=\"bb_paragraph\">\n<p class=\"bb_paragraph\"><strong>BOJUJTE O V\u0160ETKO<\/strong><\/p>\n<p class=\"bb_paragraph\"><span class=\"bb_img_ctn\"><video class=\"bb_img\" autoplay muted loop playsinline poster=\"https:\/\/shared.akamai.steamstatic.com\/store_item_assets\/steam\/apps\/3378960\/extras\/aee676af24998dfda0ebfbe7e67bee72.poster.avif?t=1756465896\" width=\"616\" height=\"346\"><\/video><\/span><\/p>\n<p class=\"bb_paragraph\">Legendy sa rodia z sk\u00fa\u0161ok. <\/p>\n<p class=\"bb_paragraph\">\n<p class=\"bb_paragraph\">Pripravte sa teda na elektrizuj\u00faco r\u00fdchle a dynamick\u00e9 boje, ktor\u00e9 posun\u00fa va\u0161e reflexy a odhodlanie na absol\u00fatnu hranicu.<\/p>\n<p class=\"bb_paragraph\">\n<p class=\"bb_paragraph\">Va\u0161i nepriatelia s\u00fa ne\u00faprosn\u00ed a nepoznaj\u00fa z\u013eutovanie. Ani vy nesmiete.<\/p>\n<p class=\"bb_paragraph\">\n<p class=\"bb_paragraph\">Vyu\u017eite svoje zru\u010dnosti, bojov\u00e9 schopnosti a \u0161ermiarske umenie, aby ste mohli vytv\u00e1ra\u0165 r\u00fdchle a plynul\u00e9 kombin\u00e1cie \u00faderov a v ka\u017edej f\u00e1ze boja sp\u00f4sobova\u0165 skuto\u010dne ni\u010div\u00e9 \u0161kody.<\/p>\n<p class=\"bb_paragraph\">\n<p class=\"bb_paragraph\">A r\u00fdchlo prem\u00fd\u0161\u013eajte, aby ste sa vyhli alebo odrazili prich\u00e1dzaj\u00face \u00fatoky, prekab\u00e1tili hroziv\u00e9 stvorenia a obrovsk\u00fdch mon\u0161tru\u00f3znych bossov, aby ste pre\u017eili v dynamick\u00fdch, \u00fa\u017easn\u00fdch stretnutiach.<\/p>\n<p class=\"bb_paragraph\">\n<p class=\"bb_paragraph\">Jednoduch\u00e9 na pochopenie, n\u00e1ro\u010dn\u00e9 na zdokonalenie. M\u00e1te \u00fapln\u00fa slobodu bojova\u0165 svoj\u00edm sp\u00f4sobom; meni\u0165 zbrane, kombinova\u0165 \u00fatoky a u\u010di\u0165 sa pohyby svojich nepriate\u013eov v adrenal\u00ednov\u00fdch bojoch nabit\u00fdch spektakul\u00e1rnymi vizu\u00e1lnymi efektmi.<\/p>\n<p class=\"bb_paragraph\">\n<p class=\"bb_paragraph\"><strong>V\u00ddVOJ POSTAVY<\/strong><\/p>\n<p class=\"bb_paragraph\"><span class=\"bb_img_ctn\"><video class=\"bb_img\" autoplay muted loop playsinline poster=\"https:\/\/shared.akamai.steamstatic.com\/store_item_assets\/steam\/apps\/3378960\/extras\/c1a0839a2bc0dce7fb1e92e06a1add59.poster.avif?t=1756465896\" width=\"616\" height=\"346\"><\/video><\/span><\/p>\n<p class=\"bb_paragraph\">Kaser m\u00e1 potenci\u00e1l sta\u0165 sa e\u0161te silnej\u0161\u00edm a po\u010das svojej misie z\u00edska\u0165 nov\u00e9 zru\u010dnosti a schopnosti.<\/p>\n<p class=\"bb_paragraph\">\n<p class=\"bb_paragraph\">Z\u00edskavan\u00edm sk\u00fasenostn\u00fdch bodov m\u00f4\u017eete odomkn\u00fa\u0165 a vybra\u0165 si \u010fal\u0161ie atrib\u00faty z charakterov\u00e9ho stromu zru\u010dnost\u00ed.<\/p>\n<p class=\"bb_paragraph\">\n<p class=\"bb_paragraph\">Experimentujte so svojimi v\u00fdbermi a vysk\u00fa\u0161ajte r\u00f4zne kombin\u00e1cie, aby ste si vytvorili, definovali a zdokonalili svoj osobn\u00fd \u0161t\u00fdl hry pre v\u00fdzvy, ktor\u00e9 v\u00e1s \u010dakaj\u00fa.<\/p>\n<p class=\"bb_paragraph\">\n<p class=\"bb_paragraph\"><u>Zru\u010dnosti so zbra\u0148ami<\/u><\/p>\n<p class=\"bb_paragraph\">Zlep\u0161ite svoje bojov\u00e9 schopnosti t\u00fdm, \u017ee vyu\u017eijete \u00fato\u010dn\u00e9 kombo, ktor\u00e9 je umocnen\u00e9 jedine\u010dn\u00fdmi \u0161peci\u00e1lnymi \u0161tatistikami ka\u017edej zbrane. Men\u00edte dosah a dopad ka\u017ed\u00e9ho \u00fatoku, ke\u010f r\u00fdchlo men\u00edte zbrane a kombinujete efekty pre maxim\u00e1lne po\u0161kodenie.<\/p>\n<p class=\"bb_paragraph\">\n<p class=\"bb_paragraph\"><u>Sila ar\u00e9ny<\/u><\/p>\n<p class=\"bb_paragraph\">Vyu\u017eite siln\u00e9 zru\u010dnosti, ktor\u00e9 v\u00e1m poskytuje dra\u010die stvorenie Arena. Odomknite r\u00f4zne schopnosti sily Areny, aby ste zv\u00fd\u0161ili po\u0161kodenie \u00fatokov, vylep\u0161ili lie\u010denie a vytvorili ochrann\u00e9 \u0161t\u00edty.<\/p>\n<p class=\"bb_paragraph\">\n<p class=\"bb_paragraph\"><u>Burst Pursuit<\/u><\/p>\n<p class=\"bb_paragraph\">Zintenz\u00edvnite a stylizujte svoje \u00fatoky presn\u00fdmi, vysoko \u00fa\u010dinn\u00fdmi v\u00fdbuchmi sily na\u010dasovan\u00edm stla\u010den\u00ed tla\u010didiel po\u010das kombin\u00e1ci\u00ed zbran\u00ed, aby ste dosiahli ni\u010div\u00e9 v\u00fdsledky.<\/p>\n<p class=\"bb_paragraph\">\n<p class=\"bb_paragraph\"><u>F\u00fazia\/F\u00fazna expl\u00f3zia<\/u><\/p>\n<p class=\"bb_paragraph\">Nabite Fusion Gauge pomocou \u00fato\u010dn\u00fdch komb a schopnost\u00ed a vyvolajte Arenine paz\u00fary, aby \u00fato\u010dili na nepriate\u013eov. T\u00e1to vylep\u0161ite\u013en\u00e1 schopnos\u0165 odomkne nov\u00e9 bojov\u00e9 techniky, ako Kaser postupuje vo svojej misii.<\/p>\n<p class=\"bb_paragraph\">\n<p class=\"bb_paragraph\"><u>Schopnosti pre\u017eitia<\/u><\/p>\n<p class=\"bb_paragraph\">Zosta\u0148te v boji dlh\u0161ie t\u00fdm, \u017ee posiln\u00edte svoje reflexy pri vyh\u00fdban\u00ed sa a zdokonal\u00edte umenie presn\u00e9ho na\u010dasovania par\u00edrovania.<\/p>\n<p class=\"bb_paragraph\">\n<p class=\"bb_paragraph\"><u>Epick\u00e9 zbrane<\/u><\/p>\n<p class=\"bb_paragraph\">Zbierajte r\u00f4znorod\u00e9 zbrane na bl\u00edzku a definujte svoj \u0161t\u00fdl hry \u0161t\u00fdlov\u00fdm a efekt\u00edvnym bojom.<\/p>\n<p class=\"bb_paragraph\">\n<p class=\"bb_paragraph\">Unik\u00e1tne \u0161tatistiky ka\u017edej zbrane m\u00f4\u017eu v\u00fdrazne ovplyvni\u0165 v\u00e1\u0161 taktick\u00fd pr\u00edstup, ke\u010f rozp\u00fatate s\u00e9riu \u013eahk\u00fdch alebo \u0165a\u017ek\u00fdch \u00fatokov, vyhnete sa prich\u00e1dzaj\u00facim \u00faderom a r\u00fdchlo prisp\u00f4sob\u00edte svoj postoj, aby ste si udr\u017eali kontrolu nad bojom.<\/p>\n<p class=\"bb_paragraph\">\n<p class=\"bb_paragraph\">V z\u00e1pale boja plynule men\u00edte zbrane, aby ste prisp\u00f4sobili svoje \u00fato\u010dn\u00e9 vzorce a vykonali \u0161irok\u00fa \u0161k\u00e1lu siln\u00fdch komb.<\/p>\n<p class=\"bb_paragraph\">\n<p class=\"bb_paragraph\"><u>Prisp\u00f4sobenie zbran\u00ed<\/u><\/p>\n<p class=\"bb_paragraph\">Ka\u017ed\u00fa zo svojich zbran\u00ed m\u00f4\u017eete vylep\u0161i\u0165 a prisp\u00f4sobi\u0165 pomocou \u0161peci\u00e1lnych fragmentov zbran\u00ed, ktor\u00e9 m\u00f4\u017eete n\u00e1js\u0165 po\u010das svojich dobrodru\u017estiev.<\/p>\n<p class=\"bb_paragraph\">\n<p class=\"bb_paragraph\">Tieto fragmenty pon\u00fakaj\u00fa nekone\u010dn\u00e9 mo\u017enosti, preto\u017ee m\u00f4\u017eu zmeni\u0165 vzh\u013ead va\u0161ich zbran\u00ed, zv\u00fd\u0161i\u0165 va\u0161e bojov\u00e9 alebo lie\u010debn\u00e9 schopnosti alebo dokonca vylep\u0161i\u0165 v\u00e1\u0161 bojov\u00fd \u0161t\u00fdl.<\/p>\n<p class=\"bb_paragraph\">\n<p class=\"bb_paragraph\">Pripevnite fragmenty k svojim zbraniam a experimentujte s jedine\u010dn\u00fdmi kombin\u00e1ciami, aby ste odhalili vzru\u0161uj\u00face a siln\u00e9 efekty pri vytv\u00e1ran\u00ed ultim\u00e1tnej zbrane.<\/p>\n<p class=\"bb_paragraph\">\n<p class=\"bb_paragraph\"><strong>\u00da\u017dASN\u00c9 SVETY NA OBJAVOVANIE<\/strong><\/p>\n<p class=\"bb_paragraph\">Pripravte sa na dobrodru\u017estvo v nebezpe\u010dn\u00fdch dimenzi\u00e1ch, majest\u00e1tnych krajin\u00e1ch a podivn\u00fdch nov\u00fdch svetoch pln\u00fdch tajomnej architekt\u00fary.<\/p>\n<p class=\"bb_paragraph\">\n<p class=\"bb_paragraph\">Od zasne\u017een\u00fdch v\u00fdh\u013eadov po d\u00e1vno straten\u00e9 ruiny, starovek\u00e9 mimozemsk\u00e9 relikvie a \u010fal\u0161ie, stretnete spojencov a nepriate\u013eov, z ktor\u00fdch ka\u017ed\u00fd m\u00e1 svoj vlastn\u00fd jedine\u010dn\u00fd pr\u00edbeh.<\/p>\n<p class=\"bb_paragraph\">\n<p class=\"bb_paragraph\">Ako sa vz\u0165ahy v priebehu jeho cesty vyv\u00edjaj\u00fa, Kaser pochop\u00ed skuto\u010dn\u00fd v\u00fdznam priate\u013estva, rodiny a nakoniec aj obety.<\/p>\n<p class=\"bb_paragraph\">\n<h2 class=\"bb_tag\">FUNKCIE PRE PC<\/h2>\n<p class=\"bb_paragraph\"><u>Optimalizovan\u00e1 grafika 4K<\/u><\/p>\n<p class=\"bb_paragraph\">Presk\u00famajte majest\u00e1tne \u017eiv\u00e9 v\u00fdh\u013eady s prisp\u00f4sobite\u013en\u00fdmi mo\u017enos\u0165ami grafick\u00e9ho rozl\u00ed\u0161enia a odomknut\u00fdmi sn\u00edmkov\u00fdmi frekvenciami s podporou technol\u00f3gi\u00ed zvy\u0161uj\u00facich v\u00fdkon.<\/p>\n<p class=\"bb_paragraph\">\n<p class=\"bb_paragraph\"><u>Ray tracing<\/u><\/p>\n<p class=\"bb_paragraph\">Objavte bezkonkuren\u010dn\u00fd vizu\u00e1lny realizmus s realistick\u00fdmi tie\u0148mi, fyzik\u00e1lne presn\u00fdmi odrazmi a vysokou vernos\u0165ou sveteln\u00fdch efektov v\u010faka pokro\u010dilej technol\u00f3gii ray tracingu.<\/p>\n<p class=\"bb_paragraph\">\n<p class=\"bb_paragraph\"><u>Podpora ovl\u00e1da\u010da DualSense<\/u><\/p>\n<p class=\"bb_paragraph\">Za\u017eite siln\u00e9 schopnosti a dopad boja prostredn\u00edctvom adapt\u00edvnych sp\u00fa\u0161\u0165a\u010dov a haptickej sp\u00e4tnej v\u00e4zby ovl\u00e1da\u010da PlayStation\u00ae DualSense pri k\u00e1blovom USB pripojen\u00ed.<\/p>\n<p class=\"bb_paragraph\">\n<p class=\"bb_paragraph\"><u>Displej s vysok\u00fdm dynamick\u00fdm rozsahom<\/u><\/p>\n<p class=\"bb_paragraph\">Vychutnajte si bohat\u0161ie farby, \u017eiv\u00e9 \u00farovne jasu a hlb\u0161\u00ed kontrast pre detailn\u00e9, ultrarealistick\u00e9 vizu\u00e1ly na hern\u00fdch monitoroch kompatibiln\u00fdch s HDR.<\/p>\n","protected":false},"excerpt":{"rendered":"<p>Vydajte sa na epick\u00fa odyseu, aby ste zachr\u00e1nili svoju mlad\u0161iu sestru \u2013 a cel\u00e9 \u013eudstvo \u2013 pred tajomn\u00fdmi dimenzion\u00e1lnymi \u00fato\u010dn\u00edkmi z vesm\u00edru v hre Lost Soul Aside\u2122.<\/p>\n","protected":false},"featured_media":44600,"comment_status":"open","ping_status":"closed","template":"","meta":{"_acf_changed":false},"product_brand":[],"product_cat":[280,290,268,266,308,312],"product_tag":[],"class_list":{"0":"post-103250","1":"product","2":"type-product","3":"status-publish","4":"has-post-thumbnail","6":"product_cat-dobrodruzne-pc-hry-sk","7":"product_cat-indie-hry-pc-sk","8":"product_cat-pc-sk","9":"product_cat-pc-hry-sk","10":"product_cat-rpg-pc-hry-sk","11":"product_cat-steam-pc-sk","12":"pa_audio-en-us","13":"pa_audio-ja-jp","15":"pa_audio-zh-cn","16":"pa_countries-at","17":"pa_countries-be","18":"pa_countries-bg","19":"pa_countries-cy","20":"pa_countries-cz","22":"pa_countries-de","23":"pa_countries-dk","24":"pa_countries-ee","25":"pa_countries-es","26":"pa_countries-fi","27":"pa_countries-fr","28":"pa_countries-gr","29":"pa_countries-hr","30":"pa_countries-hu","31":"pa_countries-ie","32":"pa_countries-it","33":"pa_countries-lt","34":"pa_countries-lu","35":"pa_countries-lv","36":"pa_countries-mt","37":"pa_countries-nl","38":"pa_countries-pl","39":"pa_countries-pt","40":"pa_countries-ro","41":"pa_countries-se","42":"pa_countries-si","43":"pa_countries-sk","44":"pa_developer-ultizero-games","46":"pa_engine-unreal-engine-4","48":"pa_game_type-main_game","50":"pa_genres-adventure","51":"pa_genres-hack-and-slash-beat-em-up","53":"pa_genres-indie","54":"pa_genres-role-playing-rpg","55":"pa_interface-de-de","56":"pa_interface-en-us","57":"pa_interface-es-es","58":"pa_interface-es-mx","59":"pa_interface-fr-fr","60":"pa_interface-it-it","61":"pa_interface-ja-jp","62":"pa_interface-ko-kr","63":"pa_interface-pl-pl","64":"pa_interface-pt-br","65":"pa_interface-pt-pt","67":"pa_interface-ru-ru","68":"pa_interface-zh-cn","69":"pa_interface-zh-tw","70":"pa_keywords-playstation-china-hero-project","71":"pa_modes-single-player","73":"pa_pegi-927","74":"pa_pegi-13428","75":"pa_platform-pc-steam","77":"pa_player_perspectives-third-person","79":"pa_publisher-sony-interactive-entertainment","81":"pa_rating-14548","82":"pa_rating-1753","83":"pa_region-row","85":"pa_subtitles-de-de","86":"pa_subtitles-en-us","87":"pa_subtitles-es-es","88":"pa_subtitles-es-mx","89":"pa_subtitles-fr-fr","90":"pa_subtitles-it-it","91":"pa_subtitles-ja-jp","92":"pa_subtitles-ko-kr","93":"pa_subtitles-pl-pl","94":"pa_subtitles-pt-br","95":"pa_subtitles-pt-pt","97":"pa_subtitles-ru-ru","98":"pa_subtitles-zh-cn","99":"pa_subtitles-zh-tw","100":"pa_themes-action","101":"pa_themes-fantasy","104":"first","105":"instock","106":"virtual","107":"taxable","108":"purchasable","109":"product-type-simple"},"yoast_head":"<!-- This site is optimized with the Yoast SEO plugin v27.3 - https:\/\/yoast.com\/product\/yoast-seo-wordpress\/ -->\n<title>Lost Soul Aside | BeGamer.cz<\/title>\n<meta name=\"robots\" content=\"index, follow, max-snippet:-1, max-image-preview:large, max-video-preview:-1\" \/>\n<link rel=\"canonical\" href=\"https:\/\/begamer.cz\/sk\/produkt\/lost-soul-aside-sk\/\" \/>\n<meta property=\"og:locale\" content=\"sk_SK\" \/>\n<meta property=\"og:type\" content=\"article\" \/>\n<meta property=\"og:title\" content=\"Lost Soul Aside | BeGamer.cz\" \/>\n<meta property=\"og:description\" content=\"Vydajte sa na epick\u00fa odyseu, aby ste zachr\u00e1nili svoju mlad\u0161iu sestru \u2013 a cel\u00e9 \u013eudstvo \u2013 pred tajomn\u00fdmi dimenzion\u00e1lnymi \u00fato\u010dn\u00edkmi z vesm\u00edru v hre Lost Soul Aside\u2122.\" \/>\n<meta property=\"og:url\" content=\"https:\/\/begamer.cz\/sk\/produkt\/lost-soul-aside-sk\/\" \/>\n<meta property=\"og:site_name\" content=\"BeGamer.cz\" \/>\n<meta property=\"article:modified_time\" content=\"2026-03-11T18:08:30+00:00\" \/>\n<meta property=\"og:image\" content=\"https:\/\/begamer.cz\/wp-content\/uploads\/2026\/01\/lost-soul-aside-2.webp\" \/>\n\t<meta property=\"og:image:width\" content=\"300\" \/>\n\t<meta property=\"og:image:height\" content=\"400\" \/>\n\t<meta property=\"og:image:type\" content=\"image\/webp\" \/>\n<meta name=\"twitter:card\" content=\"summary_large_image\" \/>\n<meta name=\"twitter:label1\" content=\"Predpokladan\u00fd \u010das \u010d\u00edtania\" \/>\n\t<meta name=\"twitter:data1\" content=\"6 min\u00fat\" \/>\n<script type=\"application\/ld+json\" class=\"yoast-schema-graph\">{\"@context\":\"https:\\\/\\\/schema.org\",\"@graph\":[{\"@type\":\"WebPage\",\"@id\":\"https:\\\/\\\/begamer.cz\\\/sk\\\/produkt\\\/lost-soul-aside-sk\\\/\",\"url\":\"https:\\\/\\\/begamer.cz\\\/sk\\\/produkt\\\/lost-soul-aside-sk\\\/\",\"name\":\"Lost Soul Aside | BeGamer.cz\",\"isPartOf\":{\"@id\":\"https:\\\/\\\/begamer.cz\\\/sk\\\/#website\"},\"primaryImageOfPage\":{\"@id\":\"https:\\\/\\\/begamer.cz\\\/sk\\\/produkt\\\/lost-soul-aside-sk\\\/#primaryimage\"},\"image\":{\"@id\":\"https:\\\/\\\/begamer.cz\\\/sk\\\/produkt\\\/lost-soul-aside-sk\\\/#primaryimage\"},\"thumbnailUrl\":\"https:\\\/\\\/begamer.cz\\\/wp-content\\\/uploads\\\/2026\\\/01\\\/lost-soul-aside-2.webp\",\"datePublished\":\"2026-01-30T18:15:15+00:00\",\"dateModified\":\"2026-03-11T18:08:30+00:00\",\"breadcrumb\":{\"@id\":\"https:\\\/\\\/begamer.cz\\\/sk\\\/produkt\\\/lost-soul-aside-sk\\\/#breadcrumb\"},\"inLanguage\":\"sk-SK\",\"potentialAction\":[{\"@type\":\"ReadAction\",\"target\":[\"https:\\\/\\\/begamer.cz\\\/sk\\\/produkt\\\/lost-soul-aside-sk\\\/\"]}]},{\"@type\":\"ImageObject\",\"inLanguage\":\"sk-SK\",\"@id\":\"https:\\\/\\\/begamer.cz\\\/sk\\\/produkt\\\/lost-soul-aside-sk\\\/#primaryimage\",\"url\":\"https:\\\/\\\/begamer.cz\\\/wp-content\\\/uploads\\\/2026\\\/01\\\/lost-soul-aside-2.webp\",\"contentUrl\":\"https:\\\/\\\/begamer.cz\\\/wp-content\\\/uploads\\\/2026\\\/01\\\/lost-soul-aside-2.webp\",\"width\":300,\"height\":400},{\"@type\":\"BreadcrumbList\",\"@id\":\"https:\\\/\\\/begamer.cz\\\/sk\\\/produkt\\\/lost-soul-aside-sk\\\/#breadcrumb\",\"itemListElement\":[{\"@type\":\"ListItem\",\"position\":1,\"name\":\"Domov\",\"item\":\"https:\\\/\\\/begamer.cz\\\/sk\\\/\"},{\"@type\":\"ListItem\",\"position\":2,\"name\":\"Obchod\",\"item\":\"https:\\\/\\\/begamer.cz\\\/obchod\\\/\"},{\"@type\":\"ListItem\",\"position\":3,\"name\":\"Lost Soul Aside\"}]},{\"@type\":\"WebSite\",\"@id\":\"https:\\\/\\\/begamer.cz\\\/sk\\\/#website\",\"url\":\"https:\\\/\\\/begamer.cz\\\/sk\\\/\",\"name\":\"BeGamer.cz\",\"description\":\"\",\"publisher\":{\"@id\":\"https:\\\/\\\/begamer.cz\\\/sk\\\/#organization\"},\"potentialAction\":[{\"@type\":\"SearchAction\",\"target\":{\"@type\":\"EntryPoint\",\"urlTemplate\":\"https:\\\/\\\/begamer.cz\\\/sk\\\/?s={search_term_string}\"},\"query-input\":{\"@type\":\"PropertyValueSpecification\",\"valueRequired\":true,\"valueName\":\"search_term_string\"}}],\"inLanguage\":\"sk-SK\"},{\"@type\":\"Organization\",\"@id\":\"https:\\\/\\\/begamer.cz\\\/sk\\\/#organization\",\"name\":\"BeGamer.cz\",\"url\":\"https:\\\/\\\/begamer.cz\\\/sk\\\/\",\"logo\":{\"@type\":\"ImageObject\",\"inLanguage\":\"sk-SK\",\"@id\":\"https:\\\/\\\/begamer.cz\\\/sk\\\/#\\\/schema\\\/logo\\\/image\\\/\",\"url\":\"https:\\\/\\\/begamer.cz\\\/wp-content\\\/uploads\\\/2025\\\/07\\\/logo.svg\",\"contentUrl\":\"https:\\\/\\\/begamer.cz\\\/wp-content\\\/uploads\\\/2025\\\/07\\\/logo.svg\",\"caption\":\"BeGamer.cz\"},\"image\":{\"@id\":\"https:\\\/\\\/begamer.cz\\\/sk\\\/#\\\/schema\\\/logo\\\/image\\\/\"}}]}<\/script>\n<!-- \/ Yoast SEO plugin. -->","yoast_head_json":{"title":"Lost Soul Aside | BeGamer.cz","robots":{"index":"index","follow":"follow","max-snippet":"max-snippet:-1","max-image-preview":"max-image-preview:large","max-video-preview":"max-video-preview:-1"},"canonical":"https:\/\/begamer.cz\/sk\/produkt\/lost-soul-aside-sk\/","og_locale":"sk_SK","og_type":"article","og_title":"Lost Soul Aside | BeGamer.cz","og_description":"Vydajte sa na epick\u00fa odyseu, aby ste zachr\u00e1nili svoju mlad\u0161iu sestru \u2013 a cel\u00e9 \u013eudstvo \u2013 pred tajomn\u00fdmi dimenzion\u00e1lnymi \u00fato\u010dn\u00edkmi z vesm\u00edru v hre Lost Soul Aside\u2122.","og_url":"https:\/\/begamer.cz\/sk\/produkt\/lost-soul-aside-sk\/","og_site_name":"BeGamer.cz","article_modified_time":"2026-03-11T18:08:30+00:00","og_image":[{"width":300,"height":400,"url":"https:\/\/begamer.cz\/wp-content\/uploads\/2026\/01\/lost-soul-aside-2.webp","type":"image\/webp"}],"twitter_card":"summary_large_image","twitter_misc":{"Predpokladan\u00fd \u010das \u010d\u00edtania":"6 min\u00fat"},"schema":{"@context":"https:\/\/schema.org","@graph":[{"@type":"WebPage","@id":"https:\/\/begamer.cz\/sk\/produkt\/lost-soul-aside-sk\/","url":"https:\/\/begamer.cz\/sk\/produkt\/lost-soul-aside-sk\/","name":"Lost Soul Aside | BeGamer.cz","isPartOf":{"@id":"https:\/\/begamer.cz\/sk\/#website"},"primaryImageOfPage":{"@id":"https:\/\/begamer.cz\/sk\/produkt\/lost-soul-aside-sk\/#primaryimage"},"image":{"@id":"https:\/\/begamer.cz\/sk\/produkt\/lost-soul-aside-sk\/#primaryimage"},"thumbnailUrl":"https:\/\/begamer.cz\/wp-content\/uploads\/2026\/01\/lost-soul-aside-2.webp","datePublished":"2026-01-30T18:15:15+00:00","dateModified":"2026-03-11T18:08:30+00:00","breadcrumb":{"@id":"https:\/\/begamer.cz\/sk\/produkt\/lost-soul-aside-sk\/#breadcrumb"},"inLanguage":"sk-SK","potentialAction":[{"@type":"ReadAction","target":["https:\/\/begamer.cz\/sk\/produkt\/lost-soul-aside-sk\/"]}]},{"@type":"ImageObject","inLanguage":"sk-SK","@id":"https:\/\/begamer.cz\/sk\/produkt\/lost-soul-aside-sk\/#primaryimage","url":"https:\/\/begamer.cz\/wp-content\/uploads\/2026\/01\/lost-soul-aside-2.webp","contentUrl":"https:\/\/begamer.cz\/wp-content\/uploads\/2026\/01\/lost-soul-aside-2.webp","width":300,"height":400},{"@type":"BreadcrumbList","@id":"https:\/\/begamer.cz\/sk\/produkt\/lost-soul-aside-sk\/#breadcrumb","itemListElement":[{"@type":"ListItem","position":1,"name":"Domov","item":"https:\/\/begamer.cz\/sk\/"},{"@type":"ListItem","position":2,"name":"Obchod","item":"https:\/\/begamer.cz\/obchod\/"},{"@type":"ListItem","position":3,"name":"Lost Soul Aside"}]},{"@type":"WebSite","@id":"https:\/\/begamer.cz\/sk\/#website","url":"https:\/\/begamer.cz\/sk\/","name":"BeGamer.cz","description":"","publisher":{"@id":"https:\/\/begamer.cz\/sk\/#organization"},"potentialAction":[{"@type":"SearchAction","target":{"@type":"EntryPoint","urlTemplate":"https:\/\/begamer.cz\/sk\/?s={search_term_string}"},"query-input":{"@type":"PropertyValueSpecification","valueRequired":true,"valueName":"search_term_string"}}],"inLanguage":"sk-SK"},{"@type":"Organization","@id":"https:\/\/begamer.cz\/sk\/#organization","name":"BeGamer.cz","url":"https:\/\/begamer.cz\/sk\/","logo":{"@type":"ImageObject","inLanguage":"sk-SK","@id":"https:\/\/begamer.cz\/sk\/#\/schema\/logo\/image\/","url":"https:\/\/begamer.cz\/wp-content\/uploads\/2025\/07\/logo.svg","contentUrl":"https:\/\/begamer.cz\/wp-content\/uploads\/2025\/07\/logo.svg","caption":"BeGamer.cz"},"image":{"@id":"https:\/\/begamer.cz\/sk\/#\/schema\/logo\/image\/"}}]}},"acf":[],"_links":{"self":[{"href":"https:\/\/begamer.cz\/sk\/wp-json\/wp\/v2\/product\/103250","targetHints":{"allow":["GET"]}}],"collection":[{"href":"https:\/\/begamer.cz\/sk\/wp-json\/wp\/v2\/product"}],"about":[{"href":"https:\/\/begamer.cz\/sk\/wp-json\/wp\/v2\/types\/product"}],"replies":[{"embeddable":true,"href":"https:\/\/begamer.cz\/sk\/wp-json\/wp\/v2\/comments?post=103250"}],"wp:featuredmedia":[{"embeddable":true,"href":"https:\/\/begamer.cz\/sk\/wp-json\/wp\/v2\/media\/44600"}],"wp:attachment":[{"href":"https:\/\/begamer.cz\/sk\/wp-json\/wp\/v2\/media?parent=103250"}],"wp:term":[{"taxonomy":"product_brand","embeddable":true,"href":"https:\/\/begamer.cz\/sk\/wp-json\/wp\/v2\/product_brand?post=103250"},{"taxonomy":"product_cat","embeddable":true,"href":"https:\/\/begamer.cz\/sk\/wp-json\/wp\/v2\/product_cat?post=103250"},{"taxonomy":"product_tag","embeddable":true,"href":"https:\/\/begamer.cz\/sk\/wp-json\/wp\/v2\/product_tag?post=103250"}],"curies":[{"name":"wp","href":"https:\/\/api.w.org\/{rel}","templated":true}]}}