{"id":103229,"date":"2026-01-30T19:14:56","date_gmt":"2026-01-30T18:14:56","guid":{"rendered":"https:\/\/begamer.cz\/produkt\/redout-back-to-earth-pack-sk\/"},"modified":"2026-03-11T19:08:07","modified_gmt":"2026-03-11T18:08:07","slug":"redout-back-to-earth-pack-sk","status":"publish","type":"product","link":"https:\/\/begamer.cz\/sk\/produkt\/redout-back-to-earth-pack-sk\/","title":{"rendered":"Redout: Back to Earth Pack"},"content":{"rendered":"<h2 class=\"bb_tag\">Bal\u00ed\u010dek Back to Earth<\/h2>\n<p>Redout &#8211; Bal\u00ed\u010dek Back to Earth prid\u00e1va do hry Redout dva najnov\u0161ie pretek\u00e1rske komplexy:<\/p>\n<p><\/p>\n<ul class=\"bb_ul\">\n<li> Sequoia \u2013 domov najstar\u0161\u00edch stromov, ktor\u00e9 pre\u017eili na Zemi. Nach\u00e1dza sa na mieste, kde kedysi le\u017eal kanadsk\u00fd \u0161t\u00e1t Alberta. Tu sa usadila ve\u013ek\u00e1 kol\u00f3nia \u013eud\u00ed, ktor\u00ed tu \u017eij\u00fa v \u00faplnej izol\u00e1cii u\u017e viac ako 400 rokov. V\u00e4\u010d\u0161ina t\u00fdchto pre\u017eiv\u0161\u00edch bola navajsk\u00e9ho p\u00f4vodu a druh\u00fa najpo\u010detnej\u0161iu skupinu v kol\u00f3nii tvorila cel\u00e1 brig\u00e1da \u0161k\u00f3tskych vojakov.\n<\/li>\n<li> Rotorua \u2013 opusten\u00e1 oblas\u0165 Nov\u00e9ho Z\u00e9landu na Zemi. Je smutne zn\u00e1ma vrakmi Expedition Titan III, kolos\u00e1lnou lodnou hav\u00e1riou, pri ktorej lo\u010f triedy IV Colonizer havarovala na povrchu plan\u00e9ty po zlyhan\u00ed gravita\u010dn\u00e9ho impulzu. Oblas\u0165 vykazuje bohat\u00fa geoterm\u00e1lnu aktivitu, navy\u0161e ve\u013emi zauj\u00edmav\u00fa skupinu pl\u00e1vaj\u00facich sk\u00e1l a v\u00fdrazne ni\u017e\u0161iu gravita\u010dn\u00fa silu ako zvy\u0161ok Zeme.<\/li>\n<\/ul>\n<p><strong>Sp\u00e4\u0165 na Zem Bal\u00ed\u010dek:<\/strong><br \/>&#8211; Nov\u00e9 prostredie Sequoia s 5 dr\u00e1hami a novou dr\u00e1hou Boss.<br \/>&#8211; Nov\u00e9 prostredie Rotorua s 5 dr\u00e1hami a novou dr\u00e1hou Boss.<br \/>&#8211; 25 \u00faplne nov\u00fdch kari\u00e9rnych udalost\u00ed.<br \/>&#8211; Farby WALKER, VOID, GRID a RANGER pre v\u0161etky va\u0161e lode!<br \/>&#8211; 5 nov\u00fdch exkluz\u00edvnych farieb!<\/p>\n<h2 class=\"bb_tag\">Multiplayer<\/h2>\n<p>V multiplayerovej lobby bude musie\u0165 ma\u0165 DLC len hostite\u013e, aby mohli ostatn\u00ed preteka\u0165 na nov\u00fdch tratiach!<\/p>\n","protected":false},"excerpt":{"rendered":"<p>&#8211; Nov\u00e9 prostredie Sequoia s 5 dr\u00e1hami a novou dr\u00e1hou Boss. &#8211; Nov\u00e9 prostredie Rotorua s 5 dr\u00e1hami a novou dr\u00e1hou Boss. &#8211; 25 \u00faplne nov\u00fdch kari\u00e9rnych podujat\u00ed. &#8211; Farby WALKER, VOID, GRID a RANGER pre v\u0161etky va\u0161e lode! &#8211; 5 nov\u00fdch exkluz\u00edvnych farieb!<\/p>\n","protected":false},"featured_media":44372,"comment_status":"open","ping_status":"closed","template":"","meta":{"_acf_changed":false},"product_brand":[],"product_cat":[268,266,312,324],"product_tag":[],"class_list":{"0":"post-103229","1":"product","2":"type-product","3":"status-publish","4":"has-post-thumbnail","6":"product_cat-pc-sk","7":"product_cat-pc-hry-sk","8":"product_cat-steam-pc-sk","9":"product_cat-zavodne-pc-hry","10":"pa_audio-en-us","12":"pa_countries-ad","13":"pa_countries-ae","14":"pa_countries-af","15":"pa_countries-ag","16":"pa_countries-ai","17":"pa_countries-al","18":"pa_countries-am","19":"pa_countries-ao","20":"pa_countries-aq","21":"pa_countries-ar","22":"pa_countries-as","23":"pa_countries-at","24":"pa_countries-au","25":"pa_countries-aw","26":"pa_countries-ax","27":"pa_countries-az","28":"pa_countries-ba","29":"pa_countries-bb","30":"pa_countries-bd","31":"pa_countries-be","32":"pa_countries-bf","33":"pa_countries-bg","34":"pa_countries-bh","35":"pa_countries-bi","36":"pa_countries-bj","37":"pa_countries-bl","38":"pa_countries-bm","39":"pa_countries-bn","40":"pa_countries-bo","41":"pa_countries-bq","42":"pa_countries-br","43":"pa_countries-bs","44":"pa_countries-bt","45":"pa_countries-bv","46":"pa_countries-bw","47":"pa_countries-bz","48":"pa_countries-ca","49":"pa_countries-cc","50":"pa_countries-cd","51":"pa_countries-cf","52":"pa_countries-cg","53":"pa_countries-ch","54":"pa_countries-ci","55":"pa_countries-ck","56":"pa_countries-cl","57":"pa_countries-cm","58":"pa_countries-cn","59":"pa_countries-co","60":"pa_countries-cr","61":"pa_countries-cu","62":"pa_countries-cv","63":"pa_countries-cw","64":"pa_countries-cx","65":"pa_countries-cy","66":"pa_countries-cz","67":"pa_countries-de","68":"pa_countries-dj","69":"pa_countries-dk","70":"pa_countries-dm","71":"pa_countries-do","72":"pa_countries-dz","73":"pa_countries-ec","74":"pa_countries-ee","75":"pa_countries-eg","76":"pa_countries-eh","77":"pa_countries-er","78":"pa_countries-es","79":"pa_countries-et","80":"pa_countries-fi","81":"pa_countries-fj","82":"pa_countries-fk","83":"pa_countries-fm","84":"pa_countries-fo","85":"pa_countries-fr","86":"pa_countries-ga","87":"pa_countries-gb","88":"pa_countries-gd","89":"pa_countries-ge","90":"pa_countries-gf","91":"pa_countries-gg","92":"pa_countries-gh","93":"pa_countries-gi","94":"pa_countries-gl","95":"pa_countries-gm","96":"pa_countries-gn","97":"pa_countries-gp","98":"pa_countries-gq","99":"pa_countries-gr","100":"pa_countries-gs","101":"pa_countries-gt","102":"pa_countries-gu","103":"pa_countries-gw","104":"pa_countries-gy","105":"pa_countries-hk","106":"pa_countries-hm","107":"pa_countries-hn","108":"pa_countries-hr","109":"pa_countries-ht","110":"pa_countries-hu","111":"pa_countries-id","112":"pa_countries-ie","113":"pa_countries-il","114":"pa_countries-im","115":"pa_countries-in","116":"pa_countries-io","117":"pa_countries-iq","118":"pa_countries-ir","119":"pa_countries-is","120":"pa_countries-it","121":"pa_countries-je","122":"pa_countries-jm","123":"pa_countries-jo","124":"pa_countries-jp","125":"pa_countries-ke","126":"pa_countries-kg","127":"pa_countries-kh","128":"pa_countries-ki","129":"pa_countries-km","130":"pa_countries-kn","131":"pa_countries-kp","132":"pa_countries-kr","133":"pa_countries-kw","134":"pa_countries-ky","135":"pa_countries-kz","136":"pa_countries-la","137":"pa_countries-lb","138":"pa_countries-lc","139":"pa_countries-li","140":"pa_countries-lk","141":"pa_countries-lr","142":"pa_countries-ls","143":"pa_countries-lt","144":"pa_countries-lu","145":"pa_countries-lv","146":"pa_countries-ly","147":"pa_countries-ma","148":"pa_countries-mc","149":"pa_countries-md","150":"pa_countries-me","151":"pa_countries-mf","152":"pa_countries-mg","153":"pa_countries-mh","154":"pa_countries-mk","155":"pa_countries-ml","156":"pa_countries-mm","157":"pa_countries-mn","158":"pa_countries-mo","159":"pa_countries-mp","160":"pa_countries-mq","161":"pa_countries-mr","162":"pa_countries-ms","163":"pa_countries-mt","164":"pa_countries-mu","165":"pa_countries-mv","166":"pa_countries-mw","167":"pa_countries-mx","168":"pa_countries-my","169":"pa_countries-mz","170":"pa_countries-na","171":"pa_countries-nc","172":"pa_countries-ne","173":"pa_countries-nf","174":"pa_countries-ng","175":"pa_countries-ni","176":"pa_countries-nl","177":"pa_countries-no","178":"pa_countries-np","179":"pa_countries-nr","180":"pa_countries-nu","181":"pa_countries-nz","182":"pa_countries-om","183":"pa_countries-pa","184":"pa_countries-pe","185":"pa_countries-pf","186":"pa_countries-pg","187":"pa_countries-ph","188":"pa_countries-pk","189":"pa_countries-pl","190":"pa_countries-pm","191":"pa_countries-pn","192":"pa_countries-pr","193":"pa_countries-ps","194":"pa_countries-pt","195":"pa_countries-pw","196":"pa_countries-py","197":"pa_countries-qa","198":"pa_countries-re","199":"pa_countries-ro","200":"pa_countries-rs","201":"pa_countries-rw","202":"pa_countries-sa","203":"pa_countries-sb","204":"pa_countries-sc","205":"pa_countries-sd","206":"pa_countries-se","207":"pa_countries-sg","208":"pa_countries-sh","209":"pa_countries-si","210":"pa_countries-sj","211":"pa_countries-sk","212":"pa_countries-sl","213":"pa_countries-sm","214":"pa_countries-sn","215":"pa_countries-so","216":"pa_countries-sr","217":"pa_countries-ss","219":"pa_countries-st","220":"pa_countries-sv","221":"pa_countries-sx","222":"pa_countries-sy","223":"pa_countries-sz","224":"pa_countries-tc","225":"pa_countries-td","226":"pa_countries-tf","227":"pa_countries-tg","228":"pa_countries-th","229":"pa_countries-tj","230":"pa_countries-tk","231":"pa_countries-tl","232":"pa_countries-tm","233":"pa_countries-tn","234":"pa_countries-to","235":"pa_countries-tr","236":"pa_countries-tt","237":"pa_countries-tv","238":"pa_countries-tw","239":"pa_countries-tz","240":"pa_countries-ua","241":"pa_countries-ug","242":"pa_countries-um","243":"pa_countries-us","244":"pa_countries-uy","245":"pa_countries-uz","246":"pa_countries-va","247":"pa_countries-vc","248":"pa_countries-ve","249":"pa_countries-vg","250":"pa_countries-vi","251":"pa_countries-vn","252":"pa_countries-vu","253":"pa_countries-wf","254":"pa_countries-ws","255":"pa_countries-xk","256":"pa_countries-ye","257":"pa_countries-yt","258":"pa_countries-za","259":"pa_countries-zm","260":"pa_countries-zw","261":"pa_developer-34bigthings-srl","263":"pa_game_type-dlc","265":"pa_genres-racing","267":"pa_interface-de-de","268":"pa_interface-en-us","269":"pa_interface-es-es","270":"pa_interface-fr-fr","271":"pa_interface-it-it","272":"pa_interface-ja-jp","273":"pa_interface-ko-kr","274":"pa_interface-pt-br","275":"pa_interface-ru-ru","277":"pa_interface-zh-cn","278":"pa_platform-pc-steam","280":"pa_publisher-34bigthings-srl","282":"pa_rating-773","283":"pa_rating-14441","284":"pa_region-global","287":"first","288":"instock","289":"virtual","290":"taxable","291":"purchasable","292":"product-type-simple"},"yoast_head":"<!-- This site is optimized with the Yoast SEO plugin v27.3 - https:\/\/yoast.com\/product\/yoast-seo-wordpress\/ -->\n<title>Redout: Back to Earth Pack | BeGamer.cz<\/title>\n<meta name=\"robots\" content=\"index, follow, max-snippet:-1, max-image-preview:large, max-video-preview:-1\" \/>\n<link rel=\"canonical\" href=\"https:\/\/begamer.cz\/sk\/produkt\/redout-back-to-earth-pack-sk\/\" \/>\n<meta property=\"og:locale\" content=\"sk_SK\" \/>\n<meta property=\"og:type\" content=\"article\" \/>\n<meta property=\"og:title\" content=\"Redout: Back to Earth Pack | BeGamer.cz\" \/>\n<meta property=\"og:description\" content=\"- Nov\u00e9 prostredie Sequoia s 5 dr\u00e1hami a novou dr\u00e1hou Boss. - Nov\u00e9 prostredie Rotorua s 5 dr\u00e1hami a novou dr\u00e1hou Boss. - 25 \u00faplne nov\u00fdch kari\u00e9rnych podujat\u00ed. - Farby WALKER, VOID, GRID a RANGER pre v\u0161etky va\u0161e lode! - 5 nov\u00fdch exkluz\u00edvnych farieb!\" \/>\n<meta property=\"og:url\" content=\"https:\/\/begamer.cz\/sk\/produkt\/redout-back-to-earth-pack-sk\/\" \/>\n<meta property=\"og:site_name\" content=\"BeGamer.cz\" \/>\n<meta property=\"article:modified_time\" content=\"2026-03-11T18:08:07+00:00\" \/>\n<meta property=\"og:image\" content=\"https:\/\/begamer.cz\/wp-content\/uploads\/2026\/01\/redout-back-to-earth-pack-11.webp\" \/>\n\t<meta property=\"og:image:width\" content=\"300\" \/>\n\t<meta property=\"og:image:height\" content=\"400\" \/>\n\t<meta property=\"og:image:type\" content=\"image\/webp\" \/>\n<meta name=\"twitter:card\" content=\"summary_large_image\" \/>\n<meta name=\"twitter:label1\" content=\"Predpokladan\u00fd \u010das \u010d\u00edtania\" \/>\n\t<meta name=\"twitter:data1\" content=\"1 min\u00fata\" \/>\n<script type=\"application\/ld+json\" class=\"yoast-schema-graph\">{\"@context\":\"https:\\\/\\\/schema.org\",\"@graph\":[{\"@type\":\"WebPage\",\"@id\":\"https:\\\/\\\/begamer.cz\\\/sk\\\/produkt\\\/redout-back-to-earth-pack-sk\\\/\",\"url\":\"https:\\\/\\\/begamer.cz\\\/sk\\\/produkt\\\/redout-back-to-earth-pack-sk\\\/\",\"name\":\"Redout: Back to Earth Pack | BeGamer.cz\",\"isPartOf\":{\"@id\":\"https:\\\/\\\/begamer.cz\\\/sk\\\/#website\"},\"primaryImageOfPage\":{\"@id\":\"https:\\\/\\\/begamer.cz\\\/sk\\\/produkt\\\/redout-back-to-earth-pack-sk\\\/#primaryimage\"},\"image\":{\"@id\":\"https:\\\/\\\/begamer.cz\\\/sk\\\/produkt\\\/redout-back-to-earth-pack-sk\\\/#primaryimage\"},\"thumbnailUrl\":\"https:\\\/\\\/begamer.cz\\\/wp-content\\\/uploads\\\/2026\\\/01\\\/redout-back-to-earth-pack-11.webp\",\"datePublished\":\"2026-01-30T18:14:56+00:00\",\"dateModified\":\"2026-03-11T18:08:07+00:00\",\"breadcrumb\":{\"@id\":\"https:\\\/\\\/begamer.cz\\\/sk\\\/produkt\\\/redout-back-to-earth-pack-sk\\\/#breadcrumb\"},\"inLanguage\":\"sk-SK\",\"potentialAction\":[{\"@type\":\"ReadAction\",\"target\":[\"https:\\\/\\\/begamer.cz\\\/sk\\\/produkt\\\/redout-back-to-earth-pack-sk\\\/\"]}]},{\"@type\":\"ImageObject\",\"inLanguage\":\"sk-SK\",\"@id\":\"https:\\\/\\\/begamer.cz\\\/sk\\\/produkt\\\/redout-back-to-earth-pack-sk\\\/#primaryimage\",\"url\":\"https:\\\/\\\/begamer.cz\\\/wp-content\\\/uploads\\\/2026\\\/01\\\/redout-back-to-earth-pack-11.webp\",\"contentUrl\":\"https:\\\/\\\/begamer.cz\\\/wp-content\\\/uploads\\\/2026\\\/01\\\/redout-back-to-earth-pack-11.webp\",\"width\":300,\"height\":400},{\"@type\":\"BreadcrumbList\",\"@id\":\"https:\\\/\\\/begamer.cz\\\/sk\\\/produkt\\\/redout-back-to-earth-pack-sk\\\/#breadcrumb\",\"itemListElement\":[{\"@type\":\"ListItem\",\"position\":1,\"name\":\"Domov\",\"item\":\"https:\\\/\\\/begamer.cz\\\/sk\\\/\"},{\"@type\":\"ListItem\",\"position\":2,\"name\":\"Obchod\",\"item\":\"https:\\\/\\\/begamer.cz\\\/obchod\\\/\"},{\"@type\":\"ListItem\",\"position\":3,\"name\":\"Redout: Back to Earth Pack\"}]},{\"@type\":\"WebSite\",\"@id\":\"https:\\\/\\\/begamer.cz\\\/sk\\\/#website\",\"url\":\"https:\\\/\\\/begamer.cz\\\/sk\\\/\",\"name\":\"BeGamer.cz\",\"description\":\"\",\"publisher\":{\"@id\":\"https:\\\/\\\/begamer.cz\\\/sk\\\/#organization\"},\"potentialAction\":[{\"@type\":\"SearchAction\",\"target\":{\"@type\":\"EntryPoint\",\"urlTemplate\":\"https:\\\/\\\/begamer.cz\\\/sk\\\/?s={search_term_string}\"},\"query-input\":{\"@type\":\"PropertyValueSpecification\",\"valueRequired\":true,\"valueName\":\"search_term_string\"}}],\"inLanguage\":\"sk-SK\"},{\"@type\":\"Organization\",\"@id\":\"https:\\\/\\\/begamer.cz\\\/sk\\\/#organization\",\"name\":\"BeGamer.cz\",\"url\":\"https:\\\/\\\/begamer.cz\\\/sk\\\/\",\"logo\":{\"@type\":\"ImageObject\",\"inLanguage\":\"sk-SK\",\"@id\":\"https:\\\/\\\/begamer.cz\\\/sk\\\/#\\\/schema\\\/logo\\\/image\\\/\",\"url\":\"https:\\\/\\\/begamer.cz\\\/wp-content\\\/uploads\\\/2025\\\/07\\\/logo.svg\",\"contentUrl\":\"https:\\\/\\\/begamer.cz\\\/wp-content\\\/uploads\\\/2025\\\/07\\\/logo.svg\",\"caption\":\"BeGamer.cz\"},\"image\":{\"@id\":\"https:\\\/\\\/begamer.cz\\\/sk\\\/#\\\/schema\\\/logo\\\/image\\\/\"}}]}<\/script>\n<!-- \/ Yoast SEO plugin. -->","yoast_head_json":{"title":"Redout: Back to Earth Pack | BeGamer.cz","robots":{"index":"index","follow":"follow","max-snippet":"max-snippet:-1","max-image-preview":"max-image-preview:large","max-video-preview":"max-video-preview:-1"},"canonical":"https:\/\/begamer.cz\/sk\/produkt\/redout-back-to-earth-pack-sk\/","og_locale":"sk_SK","og_type":"article","og_title":"Redout: Back to Earth Pack | BeGamer.cz","og_description":"- Nov\u00e9 prostredie Sequoia s 5 dr\u00e1hami a novou dr\u00e1hou Boss. - Nov\u00e9 prostredie Rotorua s 5 dr\u00e1hami a novou dr\u00e1hou Boss. - 25 \u00faplne nov\u00fdch kari\u00e9rnych podujat\u00ed. - Farby WALKER, VOID, GRID a RANGER pre v\u0161etky va\u0161e lode! - 5 nov\u00fdch exkluz\u00edvnych farieb!","og_url":"https:\/\/begamer.cz\/sk\/produkt\/redout-back-to-earth-pack-sk\/","og_site_name":"BeGamer.cz","article_modified_time":"2026-03-11T18:08:07+00:00","og_image":[{"width":300,"height":400,"url":"https:\/\/begamer.cz\/wp-content\/uploads\/2026\/01\/redout-back-to-earth-pack-11.webp","type":"image\/webp"}],"twitter_card":"summary_large_image","twitter_misc":{"Predpokladan\u00fd \u010das \u010d\u00edtania":"1 min\u00fata"},"schema":{"@context":"https:\/\/schema.org","@graph":[{"@type":"WebPage","@id":"https:\/\/begamer.cz\/sk\/produkt\/redout-back-to-earth-pack-sk\/","url":"https:\/\/begamer.cz\/sk\/produkt\/redout-back-to-earth-pack-sk\/","name":"Redout: Back to Earth Pack | BeGamer.cz","isPartOf":{"@id":"https:\/\/begamer.cz\/sk\/#website"},"primaryImageOfPage":{"@id":"https:\/\/begamer.cz\/sk\/produkt\/redout-back-to-earth-pack-sk\/#primaryimage"},"image":{"@id":"https:\/\/begamer.cz\/sk\/produkt\/redout-back-to-earth-pack-sk\/#primaryimage"},"thumbnailUrl":"https:\/\/begamer.cz\/wp-content\/uploads\/2026\/01\/redout-back-to-earth-pack-11.webp","datePublished":"2026-01-30T18:14:56+00:00","dateModified":"2026-03-11T18:08:07+00:00","breadcrumb":{"@id":"https:\/\/begamer.cz\/sk\/produkt\/redout-back-to-earth-pack-sk\/#breadcrumb"},"inLanguage":"sk-SK","potentialAction":[{"@type":"ReadAction","target":["https:\/\/begamer.cz\/sk\/produkt\/redout-back-to-earth-pack-sk\/"]}]},{"@type":"ImageObject","inLanguage":"sk-SK","@id":"https:\/\/begamer.cz\/sk\/produkt\/redout-back-to-earth-pack-sk\/#primaryimage","url":"https:\/\/begamer.cz\/wp-content\/uploads\/2026\/01\/redout-back-to-earth-pack-11.webp","contentUrl":"https:\/\/begamer.cz\/wp-content\/uploads\/2026\/01\/redout-back-to-earth-pack-11.webp","width":300,"height":400},{"@type":"BreadcrumbList","@id":"https:\/\/begamer.cz\/sk\/produkt\/redout-back-to-earth-pack-sk\/#breadcrumb","itemListElement":[{"@type":"ListItem","position":1,"name":"Domov","item":"https:\/\/begamer.cz\/sk\/"},{"@type":"ListItem","position":2,"name":"Obchod","item":"https:\/\/begamer.cz\/obchod\/"},{"@type":"ListItem","position":3,"name":"Redout: Back to Earth Pack"}]},{"@type":"WebSite","@id":"https:\/\/begamer.cz\/sk\/#website","url":"https:\/\/begamer.cz\/sk\/","name":"BeGamer.cz","description":"","publisher":{"@id":"https:\/\/begamer.cz\/sk\/#organization"},"potentialAction":[{"@type":"SearchAction","target":{"@type":"EntryPoint","urlTemplate":"https:\/\/begamer.cz\/sk\/?s={search_term_string}"},"query-input":{"@type":"PropertyValueSpecification","valueRequired":true,"valueName":"search_term_string"}}],"inLanguage":"sk-SK"},{"@type":"Organization","@id":"https:\/\/begamer.cz\/sk\/#organization","name":"BeGamer.cz","url":"https:\/\/begamer.cz\/sk\/","logo":{"@type":"ImageObject","inLanguage":"sk-SK","@id":"https:\/\/begamer.cz\/sk\/#\/schema\/logo\/image\/","url":"https:\/\/begamer.cz\/wp-content\/uploads\/2025\/07\/logo.svg","contentUrl":"https:\/\/begamer.cz\/wp-content\/uploads\/2025\/07\/logo.svg","caption":"BeGamer.cz"},"image":{"@id":"https:\/\/begamer.cz\/sk\/#\/schema\/logo\/image\/"}}]}},"acf":[],"_links":{"self":[{"href":"https:\/\/begamer.cz\/sk\/wp-json\/wp\/v2\/product\/103229","targetHints":{"allow":["GET"]}}],"collection":[{"href":"https:\/\/begamer.cz\/sk\/wp-json\/wp\/v2\/product"}],"about":[{"href":"https:\/\/begamer.cz\/sk\/wp-json\/wp\/v2\/types\/product"}],"replies":[{"embeddable":true,"href":"https:\/\/begamer.cz\/sk\/wp-json\/wp\/v2\/comments?post=103229"}],"wp:featuredmedia":[{"embeddable":true,"href":"https:\/\/begamer.cz\/sk\/wp-json\/wp\/v2\/media\/44372"}],"wp:attachment":[{"href":"https:\/\/begamer.cz\/sk\/wp-json\/wp\/v2\/media?parent=103229"}],"wp:term":[{"taxonomy":"product_brand","embeddable":true,"href":"https:\/\/begamer.cz\/sk\/wp-json\/wp\/v2\/product_brand?post=103229"},{"taxonomy":"product_cat","embeddable":true,"href":"https:\/\/begamer.cz\/sk\/wp-json\/wp\/v2\/product_cat?post=103229"},{"taxonomy":"product_tag","embeddable":true,"href":"https:\/\/begamer.cz\/sk\/wp-json\/wp\/v2\/product_tag?post=103229"}],"curies":[{"name":"wp","href":"https:\/\/api.w.org\/{rel}","templated":true}]}}