{"id":103223,"date":"2026-01-30T19:14:52","date_gmt":"2026-01-30T18:14:52","guid":{"rendered":"https:\/\/begamer.cz\/produkt\/goat-of-duty-sk\/"},"modified":"2026-03-11T19:07:58","modified_gmt":"2026-03-11T18:07:58","slug":"goat-of-duty-sk","status":"publish","type":"product","link":"https:\/\/begamer.cz\/sk\/produkt\/goat-of-duty-sk\/","title":{"rendered":"Goat of Duty"},"content":{"rendered":"<p><span class=\"bb_img_ctn\"><img loading=\"lazy\" decoding=\"async\" src=\"https:\/\/shared.akamai.steamstatic.com\/store_item_assets\/steam\/apps\/555000\/extras\/145b7ad95580f172e978170d131b4284.webp?t=1654793603\" class=\"bb_img\" width=\"620\" height=\"50\" \/><\/span><br \/>V\u0161etko to za\u010dalo podivnou jadrovou hav\u00e1riou, ktor\u00e1 v\u0161etk\u00fdm koz\u00e1m poskytla potrebn\u00fa inteligenciu, aby r\u00fdchlo zvrhli svojich \u013eudsk\u00fdch majite\u013eov pomocou svojich siln\u00fdch rohov, vysok\u00fdch skokov a ohlu\u0161uj\u00facich me\u010dan\u00ed. Nie, po\u010dkajte, tak to nebolo. Kozy boli inteligentn\u00e9 od sam\u00e9ho za\u010diatku, ale ke\u010f\u017ee nemali palce, trpezlivo \u010dakali, k\u00fdm \u013eudstvo vyvinie automatizovan\u00e9 roboty schopn\u00e9 vyr\u00e1ba\u0165 to, \u010do potrebovali, aby&#8230; Nie, to tie\u017e nefunguje. V alternat\u00edvnom vesm\u00edre s\u00fa kozy najmocnej\u0161\u00edmi bojovn\u00edkmi&#8230;<\/p>\n<p><span class=\"bb_img_ctn\"><video class=\"bb_img\" autoplay muted loop playsinline poster=\"https:\/\/shared.akamai.steamstatic.com\/store_item_assets\/steam\/apps\/555000\/extras\/1f21adbac9ca63379f7fc905a47c56d4.poster.avif?t=1654793603\" width=\"620\" height=\"66\"><\/video><\/span><\/p>\n<p>Goat of Duty je r\u00fdchla a intenz\u00edvna multiplayerov\u00e1 strie\u013ea\u010dka z poh\u013eadu prvej osoby, a to je vlastne v\u0161etko, \u010do potrebujete vedie\u0165. \u017diadne nezmysly: nie je potrebn\u00e9 ovl\u00e1da\u0165 zlo\u017eit\u00fa metahru, u\u010di\u0165 sa r\u00f4zne postavy, kombinova\u0165 zru\u010dnosti, strategick\u00fa t\u00edmov\u00fa hru&#8230; len diabolsk\u00e9 bojov\u00e9 ar\u00e9ny,<br \/>mocn\u00e9 zbrane a r\u00fdchla akcia. No a ve\u013ea hl\u00fapeho humoru, bl\u00e1zniv\u00fdch kozie kost\u00fdmov (skinov) a kozie mechaniky, aby ste mohli trollova\u0165 svojich priate\u013eov pod\u013ea \u013eubov\u00f4le!<\/p>\n<p><span class=\"bb_img_ctn\"><img loading=\"lazy\" decoding=\"async\" class=\"bb_img\" src=\"https:\/\/shared.akamai.steamstatic.com\/store_item_assets\/steam\/apps\/555000\/extras\/5ab9c9916c07d3523e94f3207f002fb0.avif?t=1654793603\" width=\"620\" height=\"90\" \/><\/span><\/p>\n<ul class=\"bb_ul\">\n<li><strong>Kozy.<\/strong> Ste ozbrojen\u00e1 koza bojuj\u00faca proti in\u00fdm koz\u00e1m. Lep\u0161ie to u\u017e ani nem\u00f4\u017ee by\u0165!<\/li>\n<li>Za\u017eite <strong>intenz\u00edvne multiplayerov\u00e9 bitky typu deathmatch pre 2 a\u017e 10<\/strong> k\u00f4z.<\/li>\n<li><strong>R\u00fdchla hra:<\/strong> Kozy s\u00fa predsa len r\u00fdchle a obratn\u00e9, dok\u00e1\u017eu vyliez\u0165 takmer na \u010doko\u013evek a sk\u00e1ka\u0165 naozaj vysoko.<\/li>\n<li><strong>Old-schoolov\u00e1, praktick\u00e1 strie\u013ea\u010dka<\/strong>: Len ty a tvoje zru\u010dnosti proti nepriate\u013eom!<\/li>\n<li><strong>Oble\u010dte si bl\u00e1zniv\u00e9 kozie kost\u00fdmy, tancujte ako koza a trollujte svojich kamar\u00e1tov,<\/strong> ke\u010f ich v boji prekon\u00e1te!<\/li>\n<li><strong>\u0160tyri multiplayerov\u00e9 re\u017eimy:<\/strong> klasick\u00fd free-for-all, Gun Deathmatch, Herd Wars (alebo t\u00edmov\u00fd deathmatch pre \u013eud\u00ed) a origin\u00e1lny nov\u00fd re\u017eim: bl\u00e1zniv\u00e1 Fus Ro Arena<\/li>\n<li><strong>Presk\u00famajte r\u00f4zne bl\u00e1zniv\u00e9 mapy s r\u00f4znymi \u0161t\u00fdlmi hry:<\/strong> C\u00ed\u0165te sa ako doma na futuristickej farme, presk\u00famajte hory na vzdialen\u00fdch plan\u00e9tach, pre\u017eite p\u00fa\u0161\u0165 bar\u00e1nkov, za\u017eite strach, z ktor\u00e9ho v\u00e1m vst\u00e1vaj\u00fa vlasy na hlave, bl\u00fa\u010fte po vesm\u00edrnej stanici alebo stretnite sa s ohromuj\u00facou n\u00e1hodnos\u0165ou v stredovekej dedine \u2013 a to je len zop\u00e1r pr\u00edkladov!<\/li>\n<\/ul>\n","protected":false},"excerpt":{"rendered":"<p>Goat of Duty je r\u00fdchla multiplayerov\u00e1 strie\u013ea\u010dka, v ktorej sa kozy ozbrojen\u00e9 a\u017e po rohy stret\u00e1vaj\u00fa tv\u00e1rou v tv\u00e1r v ne\u00faprosnom deathmatchi. Nar\u00e1\u017eajte do svojich priate\u013eov, vlastnite najbl\u00e1znivej\u0161ie kozie kost\u00fdmy a otestujte svoje zru\u010dnosti v najnezvy\u010dajnej\u0161ej FPS hre v\u0161etk\u00fdch \u010dias. Ste pripraven\u00ed sta\u0165 sa GOAT (najv\u00e4\u010d\u0161ou kozou) medzi kozami?<\/p>\n","protected":false},"featured_media":44306,"comment_status":"open","ping_status":"closed","template":"","meta":{"_acf_changed":false},"product_brand":[],"product_cat":[268,266,312],"product_tag":[],"class_list":{"0":"post-103223","1":"product","2":"type-product","3":"status-publish","4":"has-post-thumbnail","6":"product_cat-pc-sk","7":"product_cat-pc-hry-sk","8":"product_cat-steam-pc-sk","9":"pa_countries-at","10":"pa_countries-be","11":"pa_countries-bg","12":"pa_countries-cy","13":"pa_countries-cz","15":"pa_countries-de","16":"pa_countries-dk","17":"pa_countries-ee","18":"pa_countries-es","19":"pa_countries-fi","20":"pa_countries-fr","21":"pa_countries-gr","22":"pa_countries-hr","23":"pa_countries-hu","24":"pa_countries-ie","25":"pa_countries-it","26":"pa_countries-lt","27":"pa_countries-lu","28":"pa_countries-lv","29":"pa_countries-mt","30":"pa_countries-nl","31":"pa_countries-pl","32":"pa_countries-pt","33":"pa_countries-ro","34":"pa_countries-se","35":"pa_countries-si","36":"pa_countries-sk","37":"pa_developer-34bigthings-srl","39":"pa_game_type-main_game","41":"pa_interface-de-de","42":"pa_interface-en-us","43":"pa_interface-es-es","44":"pa_interface-fr-fr","45":"pa_interface-it-it","46":"pa_interface-ja-jp","47":"pa_interface-pl-pl","48":"pa_interface-pt-br","49":"pa_interface-ru-ru","51":"pa_interface-tr-tr","52":"pa_interface-zh-cn","53":"pa_modes-multiplayer","55":"pa_modes-single-player","56":"pa_platform-pc-steam","58":"pa_publisher-raiser-games","60":"pa_rating-14441","61":"pa_rating-773","62":"pa_region-europe","64":"pa_themes-action","67":"first","68":"instock","69":"virtual","70":"taxable","71":"purchasable","72":"product-type-simple"},"yoast_head":"<!-- This site is optimized with the Yoast SEO plugin v27.4 - https:\/\/yoast.com\/product\/yoast-seo-wordpress\/ -->\n<title>Goat of Duty | BeGamer.cz<\/title>\n<meta name=\"robots\" content=\"index, follow, max-snippet:-1, max-image-preview:large, max-video-preview:-1\" \/>\n<link rel=\"canonical\" href=\"https:\/\/begamer.cz\/sk\/produkt\/goat-of-duty-sk\/\" \/>\n<meta property=\"og:locale\" content=\"sk_SK\" \/>\n<meta property=\"og:type\" content=\"article\" \/>\n<meta property=\"og:title\" content=\"Goat of Duty | BeGamer.cz\" \/>\n<meta property=\"og:description\" content=\"Goat of Duty je r\u00fdchla multiplayerov\u00e1 strie\u013ea\u010dka, v ktorej sa kozy ozbrojen\u00e9 a\u017e po rohy stret\u00e1vaj\u00fa tv\u00e1rou v tv\u00e1r v ne\u00faprosnom deathmatchi. Nar\u00e1\u017eajte do svojich priate\u013eov, vlastnite najbl\u00e1znivej\u0161ie kozie kost\u00fdmy a otestujte svoje zru\u010dnosti v najnezvy\u010dajnej\u0161ej FPS hre v\u0161etk\u00fdch \u010dias. Ste pripraven\u00ed sta\u0165 sa GOAT (najv\u00e4\u010d\u0161ou kozou) medzi kozami?\" \/>\n<meta property=\"og:url\" content=\"https:\/\/begamer.cz\/sk\/produkt\/goat-of-duty-sk\/\" \/>\n<meta property=\"og:site_name\" content=\"BeGamer.cz\" \/>\n<meta property=\"article:modified_time\" content=\"2026-03-11T18:07:58+00:00\" \/>\n<meta property=\"og:image\" content=\"https:\/\/begamer.cz\/wp-content\/uploads\/2026\/01\/goat-of-duty-6.webp\" \/>\n\t<meta property=\"og:image:width\" content=\"300\" \/>\n\t<meta property=\"og:image:height\" content=\"400\" \/>\n\t<meta property=\"og:image:type\" content=\"image\/webp\" \/>\n<meta name=\"twitter:card\" content=\"summary_large_image\" \/>\n<meta name=\"twitter:label1\" content=\"Predpokladan\u00fd \u010das \u010d\u00edtania\" \/>\n\t<meta name=\"twitter:data1\" content=\"2 min\u00faty\" \/>\n<script type=\"application\/ld+json\" class=\"yoast-schema-graph\">{\"@context\":\"https:\\\/\\\/schema.org\",\"@graph\":[{\"@type\":\"WebPage\",\"@id\":\"https:\\\/\\\/begamer.cz\\\/sk\\\/produkt\\\/goat-of-duty-sk\\\/\",\"url\":\"https:\\\/\\\/begamer.cz\\\/sk\\\/produkt\\\/goat-of-duty-sk\\\/\",\"name\":\"Goat of Duty | BeGamer.cz\",\"isPartOf\":{\"@id\":\"https:\\\/\\\/begamer.cz\\\/sk\\\/#website\"},\"primaryImageOfPage\":{\"@id\":\"https:\\\/\\\/begamer.cz\\\/sk\\\/produkt\\\/goat-of-duty-sk\\\/#primaryimage\"},\"image\":{\"@id\":\"https:\\\/\\\/begamer.cz\\\/sk\\\/produkt\\\/goat-of-duty-sk\\\/#primaryimage\"},\"thumbnailUrl\":\"https:\\\/\\\/begamer.cz\\\/wp-content\\\/uploads\\\/2026\\\/01\\\/goat-of-duty-6.webp\",\"datePublished\":\"2026-01-30T18:14:52+00:00\",\"dateModified\":\"2026-03-11T18:07:58+00:00\",\"breadcrumb\":{\"@id\":\"https:\\\/\\\/begamer.cz\\\/sk\\\/produkt\\\/goat-of-duty-sk\\\/#breadcrumb\"},\"inLanguage\":\"sk-SK\",\"potentialAction\":[{\"@type\":\"ReadAction\",\"target\":[\"https:\\\/\\\/begamer.cz\\\/sk\\\/produkt\\\/goat-of-duty-sk\\\/\"]}]},{\"@type\":\"ImageObject\",\"inLanguage\":\"sk-SK\",\"@id\":\"https:\\\/\\\/begamer.cz\\\/sk\\\/produkt\\\/goat-of-duty-sk\\\/#primaryimage\",\"url\":\"https:\\\/\\\/begamer.cz\\\/wp-content\\\/uploads\\\/2026\\\/01\\\/goat-of-duty-6.webp\",\"contentUrl\":\"https:\\\/\\\/begamer.cz\\\/wp-content\\\/uploads\\\/2026\\\/01\\\/goat-of-duty-6.webp\",\"width\":300,\"height\":400},{\"@type\":\"BreadcrumbList\",\"@id\":\"https:\\\/\\\/begamer.cz\\\/sk\\\/produkt\\\/goat-of-duty-sk\\\/#breadcrumb\",\"itemListElement\":[{\"@type\":\"ListItem\",\"position\":1,\"name\":\"Domov\",\"item\":\"https:\\\/\\\/begamer.cz\\\/sk\\\/\"},{\"@type\":\"ListItem\",\"position\":2,\"name\":\"Obchod\",\"item\":\"https:\\\/\\\/begamer.cz\\\/obchod\\\/\"},{\"@type\":\"ListItem\",\"position\":3,\"name\":\"Goat of Duty\"}]},{\"@type\":\"WebSite\",\"@id\":\"https:\\\/\\\/begamer.cz\\\/sk\\\/#website\",\"url\":\"https:\\\/\\\/begamer.cz\\\/sk\\\/\",\"name\":\"BeGamer.cz\",\"description\":\"\",\"publisher\":{\"@id\":\"https:\\\/\\\/begamer.cz\\\/sk\\\/#organization\"},\"potentialAction\":[{\"@type\":\"SearchAction\",\"target\":{\"@type\":\"EntryPoint\",\"urlTemplate\":\"https:\\\/\\\/begamer.cz\\\/sk\\\/?s={search_term_string}\"},\"query-input\":{\"@type\":\"PropertyValueSpecification\",\"valueRequired\":true,\"valueName\":\"search_term_string\"}}],\"inLanguage\":\"sk-SK\"},{\"@type\":\"Organization\",\"@id\":\"https:\\\/\\\/begamer.cz\\\/sk\\\/#organization\",\"name\":\"BeGamer.cz\",\"url\":\"https:\\\/\\\/begamer.cz\\\/sk\\\/\",\"logo\":{\"@type\":\"ImageObject\",\"inLanguage\":\"sk-SK\",\"@id\":\"https:\\\/\\\/begamer.cz\\\/sk\\\/#\\\/schema\\\/logo\\\/image\\\/\",\"url\":\"https:\\\/\\\/begamer.cz\\\/wp-content\\\/uploads\\\/2025\\\/07\\\/logo.svg\",\"contentUrl\":\"https:\\\/\\\/begamer.cz\\\/wp-content\\\/uploads\\\/2025\\\/07\\\/logo.svg\",\"caption\":\"BeGamer.cz\"},\"image\":{\"@id\":\"https:\\\/\\\/begamer.cz\\\/sk\\\/#\\\/schema\\\/logo\\\/image\\\/\"}}]}<\/script>\n<!-- \/ Yoast SEO plugin. -->","yoast_head_json":{"title":"Goat of Duty | BeGamer.cz","robots":{"index":"index","follow":"follow","max-snippet":"max-snippet:-1","max-image-preview":"max-image-preview:large","max-video-preview":"max-video-preview:-1"},"canonical":"https:\/\/begamer.cz\/sk\/produkt\/goat-of-duty-sk\/","og_locale":"sk_SK","og_type":"article","og_title":"Goat of Duty | BeGamer.cz","og_description":"Goat of Duty je r\u00fdchla multiplayerov\u00e1 strie\u013ea\u010dka, v ktorej sa kozy ozbrojen\u00e9 a\u017e po rohy stret\u00e1vaj\u00fa tv\u00e1rou v tv\u00e1r v ne\u00faprosnom deathmatchi. Nar\u00e1\u017eajte do svojich priate\u013eov, vlastnite najbl\u00e1znivej\u0161ie kozie kost\u00fdmy a otestujte svoje zru\u010dnosti v najnezvy\u010dajnej\u0161ej FPS hre v\u0161etk\u00fdch \u010dias. Ste pripraven\u00ed sta\u0165 sa GOAT (najv\u00e4\u010d\u0161ou kozou) medzi kozami?","og_url":"https:\/\/begamer.cz\/sk\/produkt\/goat-of-duty-sk\/","og_site_name":"BeGamer.cz","article_modified_time":"2026-03-11T18:07:58+00:00","og_image":[{"width":300,"height":400,"url":"https:\/\/begamer.cz\/wp-content\/uploads\/2026\/01\/goat-of-duty-6.webp","type":"image\/webp"}],"twitter_card":"summary_large_image","twitter_misc":{"Predpokladan\u00fd \u010das \u010d\u00edtania":"2 min\u00faty"},"schema":{"@context":"https:\/\/schema.org","@graph":[{"@type":"WebPage","@id":"https:\/\/begamer.cz\/sk\/produkt\/goat-of-duty-sk\/","url":"https:\/\/begamer.cz\/sk\/produkt\/goat-of-duty-sk\/","name":"Goat of Duty | BeGamer.cz","isPartOf":{"@id":"https:\/\/begamer.cz\/sk\/#website"},"primaryImageOfPage":{"@id":"https:\/\/begamer.cz\/sk\/produkt\/goat-of-duty-sk\/#primaryimage"},"image":{"@id":"https:\/\/begamer.cz\/sk\/produkt\/goat-of-duty-sk\/#primaryimage"},"thumbnailUrl":"https:\/\/begamer.cz\/wp-content\/uploads\/2026\/01\/goat-of-duty-6.webp","datePublished":"2026-01-30T18:14:52+00:00","dateModified":"2026-03-11T18:07:58+00:00","breadcrumb":{"@id":"https:\/\/begamer.cz\/sk\/produkt\/goat-of-duty-sk\/#breadcrumb"},"inLanguage":"sk-SK","potentialAction":[{"@type":"ReadAction","target":["https:\/\/begamer.cz\/sk\/produkt\/goat-of-duty-sk\/"]}]},{"@type":"ImageObject","inLanguage":"sk-SK","@id":"https:\/\/begamer.cz\/sk\/produkt\/goat-of-duty-sk\/#primaryimage","url":"https:\/\/begamer.cz\/wp-content\/uploads\/2026\/01\/goat-of-duty-6.webp","contentUrl":"https:\/\/begamer.cz\/wp-content\/uploads\/2026\/01\/goat-of-duty-6.webp","width":300,"height":400},{"@type":"BreadcrumbList","@id":"https:\/\/begamer.cz\/sk\/produkt\/goat-of-duty-sk\/#breadcrumb","itemListElement":[{"@type":"ListItem","position":1,"name":"Domov","item":"https:\/\/begamer.cz\/sk\/"},{"@type":"ListItem","position":2,"name":"Obchod","item":"https:\/\/begamer.cz\/obchod\/"},{"@type":"ListItem","position":3,"name":"Goat of Duty"}]},{"@type":"WebSite","@id":"https:\/\/begamer.cz\/sk\/#website","url":"https:\/\/begamer.cz\/sk\/","name":"BeGamer.cz","description":"","publisher":{"@id":"https:\/\/begamer.cz\/sk\/#organization"},"potentialAction":[{"@type":"SearchAction","target":{"@type":"EntryPoint","urlTemplate":"https:\/\/begamer.cz\/sk\/?s={search_term_string}"},"query-input":{"@type":"PropertyValueSpecification","valueRequired":true,"valueName":"search_term_string"}}],"inLanguage":"sk-SK"},{"@type":"Organization","@id":"https:\/\/begamer.cz\/sk\/#organization","name":"BeGamer.cz","url":"https:\/\/begamer.cz\/sk\/","logo":{"@type":"ImageObject","inLanguage":"sk-SK","@id":"https:\/\/begamer.cz\/sk\/#\/schema\/logo\/image\/","url":"https:\/\/begamer.cz\/wp-content\/uploads\/2025\/07\/logo.svg","contentUrl":"https:\/\/begamer.cz\/wp-content\/uploads\/2025\/07\/logo.svg","caption":"BeGamer.cz"},"image":{"@id":"https:\/\/begamer.cz\/sk\/#\/schema\/logo\/image\/"}}]}},"acf":[],"_links":{"self":[{"href":"https:\/\/begamer.cz\/sk\/wp-json\/wp\/v2\/product\/103223","targetHints":{"allow":["GET"]}}],"collection":[{"href":"https:\/\/begamer.cz\/sk\/wp-json\/wp\/v2\/product"}],"about":[{"href":"https:\/\/begamer.cz\/sk\/wp-json\/wp\/v2\/types\/product"}],"replies":[{"embeddable":true,"href":"https:\/\/begamer.cz\/sk\/wp-json\/wp\/v2\/comments?post=103223"}],"wp:featuredmedia":[{"embeddable":true,"href":"https:\/\/begamer.cz\/sk\/wp-json\/wp\/v2\/media\/44306"}],"wp:attachment":[{"href":"https:\/\/begamer.cz\/sk\/wp-json\/wp\/v2\/media?parent=103223"}],"wp:term":[{"taxonomy":"product_brand","embeddable":true,"href":"https:\/\/begamer.cz\/sk\/wp-json\/wp\/v2\/product_brand?post=103223"},{"taxonomy":"product_cat","embeddable":true,"href":"https:\/\/begamer.cz\/sk\/wp-json\/wp\/v2\/product_cat?post=103223"},{"taxonomy":"product_tag","embeddable":true,"href":"https:\/\/begamer.cz\/sk\/wp-json\/wp\/v2\/product_tag?post=103223"}],"curies":[{"name":"wp","href":"https:\/\/api.w.org\/{rel}","templated":true}]}}