{"id":103214,"date":"2026-01-30T19:14:45","date_gmt":"2026-01-30T18:14:45","guid":{"rendered":"https:\/\/begamer.cz\/produkt\/redout-enhanced-edition-sk\/"},"modified":"2026-03-11T19:07:40","modified_gmt":"2026-03-11T18:07:40","slug":"redout-enhanced-edition-sk","status":"publish","type":"product","link":"https:\/\/begamer.cz\/sk\/produkt\/redout-enhanced-edition-sk\/","title":{"rendered":"Redout: Enhanced Edition"},"content":{"rendered":"<p class=\"bb_paragraph\" >NOV\u00c1 GENER\u00c1CIA AG RACING JE TU!<\/p>\n<p class=\"bb_paragraph\" ><strong>Redout je poctou star\u00fdm z\u00e1vodn\u00fdm mon\u0161tram, ako s\u00fa F-Zero, WipeOut, Rollcage a POD.<\/strong> Je navrhnut\u00fd tak, aby poskytoval nekompromisn\u00fd, r\u00fdchly, n\u00e1ro\u010dn\u00fd a uspokojuj\u00faci z\u00e1\u017eitok z jazdy, nasiaknut\u00fd t\u00fdm z\u00e1vratom, ktor\u00fd je jadrom \u017e\u00e1nru ark\u00e1dov\u00fdch z\u00e1vodn\u00fdch hier. Pl\u00e1vaj\u00faci syst\u00e9m a modely jazdy s\u00fa zalo\u017een\u00e9 na fyzike: ka\u017ed\u00e1 z\u00e1kruta, svah, prudk\u00e9 brzdenie, zr\u00fdchlenie, ka\u017ed\u00fd obrat a z\u00e1krut na trati p\u00f4sob\u00ed na lo\u010f jedine\u010dnou silou. Ostr\u00fd \u0161t\u00fdl s n\u00edzkym po\u010dtom polyg\u00f3nov sp\u00e1ja siete a ter\u00e9ny s najnov\u0161\u00edmi \u0161pi\u010dkov\u00fdmi efektmi tie\u0148ovania a osvetlenia, ktor\u00e9 poskytuje <strong>Unreal Engine 4<\/strong>, \u010d\u00edm vytv\u00e1ra kr\u00e1snu a okam\u017eite rozpoznate\u013en\u00fa estetiku. V\u00e1nok na pobre\u017e\u00ed, desiv\u00e9 zamrznut\u00e9 krajiny, rozsiahle p\u00fa\u0161tne planiny: melancholick\u00e1, dystopick\u00e1 atmosf\u00e9ra polozaniknutej Zeme je pozad\u00edm pre najr\u00fdchlej\u0161ie, najnap\u00ednavej\u0161ie a najkraj\u0161ie futuristick\u00e9 preteky.<\/p>\n<p class=\"bb_paragraph\" >\n<h2 class=\"bb_tag\" ><u><strong>Funkcie<\/strong><\/u><\/h2>\n<ul class=\"bb_ul\">\n<li>\n<p class=\"bb_paragraph\" >Online multiplayer \u2013 s\u00fa\u0165a\u017ete proti 12 hr\u00e1\u010dom z cel\u00e9ho sveta a za\u017eite skuto\u010dn\u00fa v\u00fdzvu<\/p>\n<\/li>\n<li>\n<p class=\"bb_paragraph\" >Volite\u013en\u00e1 podpora VR \u2013 Oculus Rift, HTC Vive alebo OSVR. S nov\u00fdm leskl\u00fdm poh\u013eadom z kokpitu!<\/p>\n<\/li>\n<li>\n<p class=\"bb_paragraph\" >Kari\u00e9rny re\u017eim \u2013 viac ako 100 podujat\u00ed, na ktor\u00fdch m\u00f4\u017eete preteka\u0165, z\u00edskava\u0165 sk\u00fasenosti, postupova\u0165 na vy\u0161\u0161ie \u00farovne a vylep\u0161ova\u0165 svoju lo\u010f<\/p>\n<\/li>\n<li>\n<p class=\"bb_paragraph\" >Rozmanit\u00fd svet \u2013 25 trat\u00ed rozmiestnen\u00fdch v 5 lokalit\u00e1ch na postapokalyptickej Zemi, plus okruhy s bossmi<\/p>\n<\/li>\n<li>\n<p class=\"bb_paragraph\" >Nikdy sa nebudete nudi\u0165 \u2013 11 typov podujat\u00ed, od klasick\u00fdch pretekov po inovat\u00edvne preteky v ar\u00e9ne a vytrvalostn\u00e9 preteky zalo\u017een\u00e9 na sk\u00f3re<\/p>\n<\/li>\n<li>\n<p class=\"bb_paragraph\" >Vytvorte si svoj pr\u00edbeh \u2013 6 pretek\u00e1rskych t\u00edmov, z ktor\u00fdch ka\u017ed\u00fd vy\u017eaduje in\u00fd pr\u00edstup k jazde, a 4 \u010doraz r\u00fdchlej\u0161ie pretek\u00e1rske triedy<\/p>\n<\/li>\n<li>\n<p class=\"bb_paragraph\" >Powerup \u2013 viac ako 10 vylep\u0161en\u00ed zameran\u00fdch na pretekanie: dodato\u010dn\u00e9 turbo, \u0161t\u00edty, samoreparuj\u00faci dron, pokro\u010dil\u00fd syst\u00e9m pri\u013enavosti, vylep\u0161enia slipstreamu a \u010fal\u0161ie<\/p>\n<\/li>\n<li>\n<p class=\"bb_paragraph\" >Hudba pre va\u0161e u\u0161i \u2013 pln\u00e1 podpora 5.1 a dynamick\u00fd soundtrack, ktor\u00fd bude hra\u0165 \u010doraz silnej\u0161ie beaty, \u010d\u00edm r\u00fdchlej\u0161ie budete jazdi\u0165!<\/p>\n<\/li>\n<\/ul>\n<p class=\"bb_paragraph\" >\n<h2 class=\"bb_tag\" ><u><strong>R\u00fdchlos\u0165<\/strong><\/u><\/h2>\n<p class=\"bb_paragraph\" ><strong>Redout je najr\u00fdchlej\u0161ia hra, ak\u00e1 kedy bola vytvoren\u00e1.<\/strong> Ak to zvl\u00e1dnete. Nejde o \u010d\u00edsla, ktor\u00e9 vid\u00edte na obrazovke, ale o vibr\u00e1cie, krajinu a budovy, ktor\u00e9 lietaj\u00fa okolo v\u00e1s, vysokor\u00fdchlostn\u00e9 kol\u00edzie, efekty, zvuky, ponorenie sa do hry: v\u0161etko je navrhnut\u00e9 tak, aby ste mali pocit, \u017ee idete R\u00ddCHLO. <\/p>\n<p class=\"bb_paragraph\" >\n<h2 class=\"bb_tag\" ><u><strong>Online multiplayer<\/strong><\/u><\/h2>\n<p class=\"bb_paragraph\" >Vyz\u00fdvajte a\u017e 12 hr\u00e1\u010dov z cel\u00e9ho sveta a zistite, kto je najlep\u0161\u00ed pilot Redoutu v hist\u00f3rii! Mysl\u00edte si, \u017ee na to m\u00e1te? Dok\u00e1\u017ete to. Skuto\u010dn\u00e1 sl\u00e1va je plame\u0148 zap\u00e1len\u00fd na oblohe.<\/p>\n<p class=\"bb_paragraph\" >\n<h2 class=\"bb_tag\" ><u><strong>Dynamick\u00fd soundtrack<\/strong><\/u><\/h2>\n<p class=\"bb_paragraph\" >Pripravte svoje u\u0161i na jeden z najintenz\u00edvnej\u0161\u00edch dynamick\u00fdch soundtrackov, ak\u00e9 ste kedy po\u010duli. Redout vylep\u0161uje v\u00e1\u0161 z\u00e1\u017eitok a prekra\u010duje vizu\u00e1lnu str\u00e1nku, ponor\u00ed v\u00e1s do zmesi zvukov a hudby, ktor\u00e1 sa prisp\u00f4sobuje v\u00e1\u0161mu \u0161t\u00fdlu hry a va\u0161im v\u00fdkonom na trati.<\/p>\n<p class=\"bb_paragraph\" >\n<h2 class=\"bb_tag\" ><u><strong>Pohlcuj\u00faca VR<\/strong><\/u><\/h2>\n<p class=\"bb_paragraph\" >Tvrdou pr\u00e1cou sme pre v\u00e1s pripravili doteraz najlep\u0161iu VR hru. Nasa\u010fte si HMD a za\u017eite 3D a vzdialenosti ako nikdy predt\u00fdm, budete presne vedie\u0165, kde je vrchol, a poc\u00edtite \u00faplne nov\u00fa \u00farove\u0148 kontroly. <strong>Podpora VR je volite\u013en\u00e1<\/strong>.<\/p>\n<p class=\"bb_paragraph\" >\n<h2 class=\"bb_tag\" ><u><strong>Ovl\u00e1danie<\/strong><\/u><\/h2>\n<p class=\"bb_paragraph\" >Ovl\u00e1danie je najd\u00f4le\u017eitej\u0161\u00edm pocitom, ke\u010f pretek\u00e1te r\u00fdchlos\u0165ou 800 km\/h. Redout pon\u00faka realistick\u00fa fyziku odvoden\u00fa od ovl\u00e1da\u010dov kvadrokopt\u00e9r a skuto\u010dn\u00fdch magnetick\u00fdch s\u00edl. Vymysleli sme nov\u00fa gener\u00e1ciu ovl\u00e1dania AG. V\u017edy existuje sp\u00f4sob, ako prejs\u0165 z\u00e1krutu bez brzdenia, ale mus\u00edte sa na to pripravi\u0165 a vyu\u017ei\u0165 v\u0161etko, \u010do m\u00e1te. Riadenie, stre\u013eba a turbo pri v\u00fdjazde zo z\u00e1kruty s\u00fa z\u00e1klady: vylep\u0161enia a powerupy v\u00e1m poskytn\u00fa e\u0161te v\u00e4\u010d\u0161iu kontrolu nad spr\u00e1van\u00edm va\u0161ej lode. Predt\u00fdm, ako sa pust\u00edte do pokro\u010dil\u00fdch trat\u00ed, budete musie\u0165 svoju lo\u010f dokonale ovl\u00e1da\u0165.<\/p>\n<p class=\"bb_paragraph\" >\n<h2 class=\"bb_tag\" ><u><strong>Prosperuj\u00faca komunita Discord<\/strong><\/u><\/h2>\n<p class=\"bb_paragraph\" >\u010ci u\u017e m\u00e1te z\u00e1ujem o neform\u00e1lny multiplayer z\u00e1pas alebo len o nejak\u00e9 klebetenie po\u010das prest\u00e1vky, ofici\u00e1lny Discord server je tu pre v\u00e1s! Pridajte sa k na\u0161ej komunite a spoznajte niektor\u00fdch \u013eud\u00ed, ktor\u00ed pomohli formova\u0165 pr\u00edbeh a ekosyst\u00e9m Redoutu, a navy\u0161e z\u00edskajte exkluz\u00edvne inform\u00e1cie o v\u00fdvoji a n\u00e1h\u013eady na to, \u010do sa deje vo svete Redoutu. <\/p>\n<p class=\"bb_paragraph\" >\n<h2 class=\"bb_tag\" ><u><strong>Bohat\u00fd kontext<\/strong><\/u><\/h2>\n<p class=\"bb_paragraph\" >Rok 2560.<\/p>\n<p class=\"bb_paragraph\" >Zem bola zbaven\u00e1 svojich pr\u00edrodn\u00fdch zdrojov. Glob\u00e1lne otep\u013eovanie sp\u00f4sobilo topenie severn\u00e9ho pol\u00e1rneho \u013eadovca, tropick\u00e9 b\u00farky pusto\u0161ia v\u0161etky oblasti, ktor\u00e9 netrpeli dezertifik\u00e1ciou. <\/p>\n<p class=\"bb_paragraph\" >Skupinky \u013eud\u00ed pre\u017e\u00edvaj\u00fa svoje \u017eivoty v nieko\u013ek\u00fdch slumoch, potomkovia t\u00fdch, ktor\u00ed zostali alebo odmietli od\u00eds\u0165. In\u00ed vytvorili obrovsk\u00e9 aglomer\u00e1cie na z\u00e1klade niektor\u00fdch z naj\u013eudnatej\u0161\u00edch miest, ktor\u00e9 kedysi existovali na Zemi. V\u00e4\u010d\u0161ina \u013eudstva sa v\u0161ak pres\u0165ahovala na Mesiac, Mars, Titan a in\u00e9 mesiace Jupitera. Zem sa \u010dasto pou\u017e\u00edva ako miesto pre z\u00e1bavn\u00e9 podujatia, ako s\u00fa vysokor\u00fdchlostn\u00e9 preteky, futuristick\u00e9 z\u00e1bavn\u00e9 parky a zoologick\u00e9 z\u00e1hrady, \u010do umo\u017e\u0148uje miestnym komunit\u00e1m pracova\u0165 a zar\u00e1ba\u0165 v drsnom prostred\u00ed.<\/p>\n<p class=\"bb_paragraph\" >Jedn\u00fdm z najpopul\u00e1rnej\u0161\u00edch \u0161portov je SRRL, alebo Solar Redout Racing League: najr\u00fdchlej\u0161ia pretek\u00e1rska liga, ak\u00e1 kedy bola vytvoren\u00e1, kde najlep\u0161\u00ed piloti \u013eudstva riadia vysokor\u00fdchlostn\u00e9 antigravita\u010dn\u00e9 lode na magnetick\u00fdch dr\u00e1hach a riskuj\u00fa svoje \u017eivoty v ka\u017edej z\u00e1krute v\u00fdmenou za nekone\u010dn\u00fa sl\u00e1vu.<\/p>\n","protected":false},"excerpt":{"rendered":"<p>Redout je poctou star\u00fdm pretek\u00e1rskym mon\u0161tram, ako s\u00fa F-Zero, WipeOut, Rollcage a POD. Je navrhnut\u00fd tak, aby poskytoval nekompromisn\u00fd, r\u00fdchly, n\u00e1ro\u010dn\u00fd a uspokojuj\u00faci z\u00e1\u017eitok z jazdy, nasiaknut\u00fd z\u00e1vratnou r\u00fdchlos\u0165ou, ktor\u00e1 je z\u00e1kladom \u017e\u00e1nru ark\u00e1dov\u00fdch pretekov.<\/p>\n","protected":false},"featured_media":44222,"comment_status":"open","ping_status":"closed","template":"","meta":{"_acf_changed":false},"product_brand":[],"product_cat":[290,268,266,312,324],"product_tag":[],"class_list":{"0":"post-103214","1":"product","2":"type-product","3":"status-publish","4":"has-post-thumbnail","6":"product_cat-indie-hry-pc-sk","7":"product_cat-pc-sk","8":"product_cat-pc-hry-sk","9":"product_cat-steam-pc-sk","10":"product_cat-zavodne-pc-hry","11":"pa_audio-en-us","13":"pa_countries-at","14":"pa_countries-be","15":"pa_countries-bg","16":"pa_countries-cy","17":"pa_countries-cz","19":"pa_countries-de","20":"pa_countries-dk","21":"pa_countries-ee","22":"pa_countries-es","23":"pa_countries-fi","24":"pa_countries-fr","25":"pa_countries-gr","26":"pa_countries-hr","27":"pa_countries-hu","28":"pa_countries-ie","29":"pa_countries-it","30":"pa_countries-lt","31":"pa_countries-lu","32":"pa_countries-lv","33":"pa_countries-mt","34":"pa_countries-nl","35":"pa_countries-pl","36":"pa_countries-pt","37":"pa_countries-ro","38":"pa_countries-se","39":"pa_countries-si","40":"pa_countries-sk","41":"pa_developer-34bigthings-srl","43":"pa_engine-unreal-engine-4","45":"pa_game_type-update","47":"pa_genres-indie","48":"pa_genres-racing","50":"pa_interface-de-de","51":"pa_interface-en-us","52":"pa_interface-es-es","53":"pa_interface-fr-fr","54":"pa_interface-it-it","55":"pa_interface-ja-jp","56":"pa_interface-ko-kr","57":"pa_interface-pt-br","58":"pa_interface-pt-pt","60":"pa_interface-ru-ru","61":"pa_interface-zh-cn","62":"pa_interface-zh-tw","63":"pa_modes-co-operative","64":"pa_modes-multiplayer","66":"pa_modes-single-player","67":"pa_pegi-943","68":"pa_pegi-13430","69":"pa_platform-pc-steam","71":"pa_player_perspectives-third-person","73":"pa_publisher-34bigthings-srl","75":"pa_rating-872","76":"pa_rating-14450","77":"pa_region-europe","79":"pa_themes-action","82":"first","83":"instock","84":"virtual","85":"taxable","86":"purchasable","87":"product-type-simple"},"yoast_head":"<!-- This site is optimized with the Yoast SEO plugin v27.3 - https:\/\/yoast.com\/product\/yoast-seo-wordpress\/ -->\n<title>Redout: Enhanced Edition | BeGamer.cz<\/title>\n<meta name=\"robots\" content=\"index, follow, max-snippet:-1, max-image-preview:large, max-video-preview:-1\" \/>\n<link rel=\"canonical\" href=\"https:\/\/begamer.cz\/sk\/produkt\/redout-enhanced-edition-sk\/\" \/>\n<meta property=\"og:locale\" content=\"sk_SK\" \/>\n<meta property=\"og:type\" content=\"article\" \/>\n<meta property=\"og:title\" content=\"Redout: Enhanced Edition | BeGamer.cz\" \/>\n<meta property=\"og:description\" content=\"Redout je poctou star\u00fdm pretek\u00e1rskym mon\u0161tram, ako s\u00fa F-Zero, WipeOut, Rollcage a POD. Je navrhnut\u00fd tak, aby poskytoval nekompromisn\u00fd, r\u00fdchly, n\u00e1ro\u010dn\u00fd a uspokojuj\u00faci z\u00e1\u017eitok z jazdy, nasiaknut\u00fd z\u00e1vratnou r\u00fdchlos\u0165ou, ktor\u00e1 je z\u00e1kladom \u017e\u00e1nru ark\u00e1dov\u00fdch pretekov.\" \/>\n<meta property=\"og:url\" content=\"https:\/\/begamer.cz\/sk\/produkt\/redout-enhanced-edition-sk\/\" \/>\n<meta property=\"og:site_name\" content=\"BeGamer.cz\" \/>\n<meta property=\"article:modified_time\" content=\"2026-03-11T18:07:40+00:00\" \/>\n<meta property=\"og:image\" content=\"https:\/\/begamer.cz\/wp-content\/uploads\/2026\/01\/redout-enhanced-edition-5.webp\" \/>\n\t<meta property=\"og:image:width\" content=\"300\" \/>\n\t<meta property=\"og:image:height\" content=\"400\" \/>\n\t<meta property=\"og:image:type\" content=\"image\/webp\" \/>\n<meta name=\"twitter:card\" content=\"summary_large_image\" \/>\n<meta name=\"twitter:label1\" content=\"Predpokladan\u00fd \u010das \u010d\u00edtania\" \/>\n\t<meta name=\"twitter:data1\" content=\"5 min\u00fat\" \/>\n<script type=\"application\/ld+json\" class=\"yoast-schema-graph\">{\"@context\":\"https:\\\/\\\/schema.org\",\"@graph\":[{\"@type\":\"WebPage\",\"@id\":\"https:\\\/\\\/begamer.cz\\\/sk\\\/produkt\\\/redout-enhanced-edition-sk\\\/\",\"url\":\"https:\\\/\\\/begamer.cz\\\/sk\\\/produkt\\\/redout-enhanced-edition-sk\\\/\",\"name\":\"Redout: Enhanced Edition | BeGamer.cz\",\"isPartOf\":{\"@id\":\"https:\\\/\\\/begamer.cz\\\/sk\\\/#website\"},\"primaryImageOfPage\":{\"@id\":\"https:\\\/\\\/begamer.cz\\\/sk\\\/produkt\\\/redout-enhanced-edition-sk\\\/#primaryimage\"},\"image\":{\"@id\":\"https:\\\/\\\/begamer.cz\\\/sk\\\/produkt\\\/redout-enhanced-edition-sk\\\/#primaryimage\"},\"thumbnailUrl\":\"https:\\\/\\\/begamer.cz\\\/wp-content\\\/uploads\\\/2026\\\/01\\\/redout-enhanced-edition-5.webp\",\"datePublished\":\"2026-01-30T18:14:45+00:00\",\"dateModified\":\"2026-03-11T18:07:40+00:00\",\"breadcrumb\":{\"@id\":\"https:\\\/\\\/begamer.cz\\\/sk\\\/produkt\\\/redout-enhanced-edition-sk\\\/#breadcrumb\"},\"inLanguage\":\"sk-SK\",\"potentialAction\":[{\"@type\":\"ReadAction\",\"target\":[\"https:\\\/\\\/begamer.cz\\\/sk\\\/produkt\\\/redout-enhanced-edition-sk\\\/\"]}]},{\"@type\":\"ImageObject\",\"inLanguage\":\"sk-SK\",\"@id\":\"https:\\\/\\\/begamer.cz\\\/sk\\\/produkt\\\/redout-enhanced-edition-sk\\\/#primaryimage\",\"url\":\"https:\\\/\\\/begamer.cz\\\/wp-content\\\/uploads\\\/2026\\\/01\\\/redout-enhanced-edition-5.webp\",\"contentUrl\":\"https:\\\/\\\/begamer.cz\\\/wp-content\\\/uploads\\\/2026\\\/01\\\/redout-enhanced-edition-5.webp\",\"width\":300,\"height\":400},{\"@type\":\"BreadcrumbList\",\"@id\":\"https:\\\/\\\/begamer.cz\\\/sk\\\/produkt\\\/redout-enhanced-edition-sk\\\/#breadcrumb\",\"itemListElement\":[{\"@type\":\"ListItem\",\"position\":1,\"name\":\"Domov\",\"item\":\"https:\\\/\\\/begamer.cz\\\/sk\\\/\"},{\"@type\":\"ListItem\",\"position\":2,\"name\":\"Obchod\",\"item\":\"https:\\\/\\\/begamer.cz\\\/obchod\\\/\"},{\"@type\":\"ListItem\",\"position\":3,\"name\":\"Redout: Enhanced Edition\"}]},{\"@type\":\"WebSite\",\"@id\":\"https:\\\/\\\/begamer.cz\\\/sk\\\/#website\",\"url\":\"https:\\\/\\\/begamer.cz\\\/sk\\\/\",\"name\":\"BeGamer.cz\",\"description\":\"\",\"publisher\":{\"@id\":\"https:\\\/\\\/begamer.cz\\\/sk\\\/#organization\"},\"potentialAction\":[{\"@type\":\"SearchAction\",\"target\":{\"@type\":\"EntryPoint\",\"urlTemplate\":\"https:\\\/\\\/begamer.cz\\\/sk\\\/?s={search_term_string}\"},\"query-input\":{\"@type\":\"PropertyValueSpecification\",\"valueRequired\":true,\"valueName\":\"search_term_string\"}}],\"inLanguage\":\"sk-SK\"},{\"@type\":\"Organization\",\"@id\":\"https:\\\/\\\/begamer.cz\\\/sk\\\/#organization\",\"name\":\"BeGamer.cz\",\"url\":\"https:\\\/\\\/begamer.cz\\\/sk\\\/\",\"logo\":{\"@type\":\"ImageObject\",\"inLanguage\":\"sk-SK\",\"@id\":\"https:\\\/\\\/begamer.cz\\\/sk\\\/#\\\/schema\\\/logo\\\/image\\\/\",\"url\":\"https:\\\/\\\/begamer.cz\\\/wp-content\\\/uploads\\\/2025\\\/07\\\/logo.svg\",\"contentUrl\":\"https:\\\/\\\/begamer.cz\\\/wp-content\\\/uploads\\\/2025\\\/07\\\/logo.svg\",\"caption\":\"BeGamer.cz\"},\"image\":{\"@id\":\"https:\\\/\\\/begamer.cz\\\/sk\\\/#\\\/schema\\\/logo\\\/image\\\/\"}}]}<\/script>\n<!-- \/ Yoast SEO plugin. -->","yoast_head_json":{"title":"Redout: Enhanced Edition | BeGamer.cz","robots":{"index":"index","follow":"follow","max-snippet":"max-snippet:-1","max-image-preview":"max-image-preview:large","max-video-preview":"max-video-preview:-1"},"canonical":"https:\/\/begamer.cz\/sk\/produkt\/redout-enhanced-edition-sk\/","og_locale":"sk_SK","og_type":"article","og_title":"Redout: Enhanced Edition | BeGamer.cz","og_description":"Redout je poctou star\u00fdm pretek\u00e1rskym mon\u0161tram, ako s\u00fa F-Zero, WipeOut, Rollcage a POD. Je navrhnut\u00fd tak, aby poskytoval nekompromisn\u00fd, r\u00fdchly, n\u00e1ro\u010dn\u00fd a uspokojuj\u00faci z\u00e1\u017eitok z jazdy, nasiaknut\u00fd z\u00e1vratnou r\u00fdchlos\u0165ou, ktor\u00e1 je z\u00e1kladom \u017e\u00e1nru ark\u00e1dov\u00fdch pretekov.","og_url":"https:\/\/begamer.cz\/sk\/produkt\/redout-enhanced-edition-sk\/","og_site_name":"BeGamer.cz","article_modified_time":"2026-03-11T18:07:40+00:00","og_image":[{"width":300,"height":400,"url":"https:\/\/begamer.cz\/wp-content\/uploads\/2026\/01\/redout-enhanced-edition-5.webp","type":"image\/webp"}],"twitter_card":"summary_large_image","twitter_misc":{"Predpokladan\u00fd \u010das \u010d\u00edtania":"5 min\u00fat"},"schema":{"@context":"https:\/\/schema.org","@graph":[{"@type":"WebPage","@id":"https:\/\/begamer.cz\/sk\/produkt\/redout-enhanced-edition-sk\/","url":"https:\/\/begamer.cz\/sk\/produkt\/redout-enhanced-edition-sk\/","name":"Redout: Enhanced Edition | BeGamer.cz","isPartOf":{"@id":"https:\/\/begamer.cz\/sk\/#website"},"primaryImageOfPage":{"@id":"https:\/\/begamer.cz\/sk\/produkt\/redout-enhanced-edition-sk\/#primaryimage"},"image":{"@id":"https:\/\/begamer.cz\/sk\/produkt\/redout-enhanced-edition-sk\/#primaryimage"},"thumbnailUrl":"https:\/\/begamer.cz\/wp-content\/uploads\/2026\/01\/redout-enhanced-edition-5.webp","datePublished":"2026-01-30T18:14:45+00:00","dateModified":"2026-03-11T18:07:40+00:00","breadcrumb":{"@id":"https:\/\/begamer.cz\/sk\/produkt\/redout-enhanced-edition-sk\/#breadcrumb"},"inLanguage":"sk-SK","potentialAction":[{"@type":"ReadAction","target":["https:\/\/begamer.cz\/sk\/produkt\/redout-enhanced-edition-sk\/"]}]},{"@type":"ImageObject","inLanguage":"sk-SK","@id":"https:\/\/begamer.cz\/sk\/produkt\/redout-enhanced-edition-sk\/#primaryimage","url":"https:\/\/begamer.cz\/wp-content\/uploads\/2026\/01\/redout-enhanced-edition-5.webp","contentUrl":"https:\/\/begamer.cz\/wp-content\/uploads\/2026\/01\/redout-enhanced-edition-5.webp","width":300,"height":400},{"@type":"BreadcrumbList","@id":"https:\/\/begamer.cz\/sk\/produkt\/redout-enhanced-edition-sk\/#breadcrumb","itemListElement":[{"@type":"ListItem","position":1,"name":"Domov","item":"https:\/\/begamer.cz\/sk\/"},{"@type":"ListItem","position":2,"name":"Obchod","item":"https:\/\/begamer.cz\/obchod\/"},{"@type":"ListItem","position":3,"name":"Redout: Enhanced Edition"}]},{"@type":"WebSite","@id":"https:\/\/begamer.cz\/sk\/#website","url":"https:\/\/begamer.cz\/sk\/","name":"BeGamer.cz","description":"","publisher":{"@id":"https:\/\/begamer.cz\/sk\/#organization"},"potentialAction":[{"@type":"SearchAction","target":{"@type":"EntryPoint","urlTemplate":"https:\/\/begamer.cz\/sk\/?s={search_term_string}"},"query-input":{"@type":"PropertyValueSpecification","valueRequired":true,"valueName":"search_term_string"}}],"inLanguage":"sk-SK"},{"@type":"Organization","@id":"https:\/\/begamer.cz\/sk\/#organization","name":"BeGamer.cz","url":"https:\/\/begamer.cz\/sk\/","logo":{"@type":"ImageObject","inLanguage":"sk-SK","@id":"https:\/\/begamer.cz\/sk\/#\/schema\/logo\/image\/","url":"https:\/\/begamer.cz\/wp-content\/uploads\/2025\/07\/logo.svg","contentUrl":"https:\/\/begamer.cz\/wp-content\/uploads\/2025\/07\/logo.svg","caption":"BeGamer.cz"},"image":{"@id":"https:\/\/begamer.cz\/sk\/#\/schema\/logo\/image\/"}}]}},"acf":[],"_links":{"self":[{"href":"https:\/\/begamer.cz\/sk\/wp-json\/wp\/v2\/product\/103214","targetHints":{"allow":["GET"]}}],"collection":[{"href":"https:\/\/begamer.cz\/sk\/wp-json\/wp\/v2\/product"}],"about":[{"href":"https:\/\/begamer.cz\/sk\/wp-json\/wp\/v2\/types\/product"}],"replies":[{"embeddable":true,"href":"https:\/\/begamer.cz\/sk\/wp-json\/wp\/v2\/comments?post=103214"}],"wp:featuredmedia":[{"embeddable":true,"href":"https:\/\/begamer.cz\/sk\/wp-json\/wp\/v2\/media\/44222"}],"wp:attachment":[{"href":"https:\/\/begamer.cz\/sk\/wp-json\/wp\/v2\/media?parent=103214"}],"wp:term":[{"taxonomy":"product_brand","embeddable":true,"href":"https:\/\/begamer.cz\/sk\/wp-json\/wp\/v2\/product_brand?post=103214"},{"taxonomy":"product_cat","embeddable":true,"href":"https:\/\/begamer.cz\/sk\/wp-json\/wp\/v2\/product_cat?post=103214"},{"taxonomy":"product_tag","embeddable":true,"href":"https:\/\/begamer.cz\/sk\/wp-json\/wp\/v2\/product_tag?post=103214"}],"curies":[{"name":"wp","href":"https:\/\/api.w.org\/{rel}","templated":true}]}}