{"id":103205,"date":"2026-01-30T19:14:37","date_gmt":"2026-01-30T18:14:37","guid":{"rendered":"https:\/\/begamer.cz\/produkt\/yono-and-the-celestial-elephants-sk\/"},"modified":"2026-03-11T19:07:06","modified_gmt":"2026-03-11T18:07:06","slug":"yono-and-the-celestial-elephants-sk","status":"publish","type":"product","link":"https:\/\/begamer.cz\/sk\/produkt\/yono-and-the-celestial-elephants-sk\/","title":{"rendered":"Yono and the Celestial Elephants"},"content":{"rendered":"<p><span class=\"bb_img_ctn\"><img decoding=\"async\" class=\"bb_img\" src=\"https:\/\/shared.akamai.steamstatic.com\/store_item_assets\/steam\/apps\/602430\/extras\/b765ba2b5ba2bbd00fa4cc383346c4bc.webp?t=1722353659\" width=602 height=33 \/><\/span><\/p>\n<h2 class=\"bb_tag\" >Pripravte si kufor, je \u010das na dobrodru\u017estvo!<\/h2>\n<p>Slonovia s\u00fa mocn\u00fdmi ochrancami sveta, ktor\u00ed sa rodia z hviezd raz za tis\u00edc rokov. Toto je vek slona Yona. Ale Yono je e\u0161te ve\u013emi mlad\u00fd a v kr\u00e1\u013eovstve ob\u00fdvanom feud\u00e1lnymi \u013eu\u010fmi, nem\u0155tvymi kostlivcami a robotick\u00fdmi Mekani nie je \u013eahk\u00e9 udr\u017ea\u0165 svoj chobot mimo probl\u00e9mov.<\/p>\n<p>Yono and the Celestial Elephant je ve\u013ekolep\u00e9 dobrodru\u017estvo s starostlivo navrhnut\u00fdmi h\u00e1dankami, h\u013eadan\u00edm pokladov, nieko\u013ek\u00fdmi bojmi a svetom pln\u00fdm \u013eud\u00ed. Zahrajte si za mlad\u00e9ho slona, ktor\u00e9ho \u00falohou je zachr\u00e1ni\u0165 svet, ktor\u00fd nikdy predt\u00fdm nevidel, a presk\u00famajte bohat\u00fa hist\u00f3riu kr\u00e1\u013eovstva, kde ved\u013ea seba \u017eij\u00fa \u013eudia, zombie a roboty.<\/p>\n<h2 class=\"bb_tag\" >Funkcie<\/h2>\n<ul class=\"bb_ul\">\n<li>Pou\u017eite svoj slon\u00ed chobot na rie\u0161enie h\u00e1daniek a h\u013eadanie tajomstiev. Napl\u0148te ho vzduchom, vodou a in\u00fdmi vecami, aby ste dosiahli r\u00f4zne efekty.<\/li>\n<li>Nav\u0161t\u00edvte 4 mest\u00e1 pln\u00e9 \u013eud\u00ed, obchodov a ved\u013eaj\u0161\u00edch \u00faloh.<\/li>\n<li>Vyrie\u0161te 3 hlbok\u00e9 dungeony s h\u00e1dankami, mon\u0161trami a nakoniec stra\u0161ideln\u00fdm bossom.<\/li>\n<li>Presk\u00famajte lesy a jaskyne, aby ste na\u0161li poklady a vylep\u0161enia.<\/li>\n<li>Diskutujte s nem\u0155tvymi o asketickej etike cnosti, s robotmi o existencializme a slobode v\u00f4le a s \u013eu\u010fmi o politickej filozofii a kore\u0148och moci a autority.<\/li>\n<li>Skladajte starovek\u00e9 texty, aby ste odhalili hist\u00f3riu sveta, v\u00fdvoj \u013eudstva a vplyv slonov z minulosti.<\/li>\n<li>Hrajte hru v origin\u00e1lnom anglickom jazyku alebo ju vysk\u00fa\u0161ajte vo \u0161v\u00e9d\u010dine, franc\u00faz\u0161tine, nem\u010dine alebo \u0161paniel\u010dine.<\/li>\n<\/ul>\n","protected":false},"excerpt":{"rendered":"<p>Yono and the Celestial Elephant je ve\u013ekolep\u00e9 dobrodru\u017estvo, ktor\u00e9 pon\u00faka starostlivo navrhnut\u00e9 h\u00e1danky, h\u013eadanie pokladov, nieko\u013eko bojov a svet pln\u00fd \u013eud\u00ed.<\/p>\n","protected":false},"featured_media":44168,"comment_status":"open","ping_status":"closed","template":"","meta":{"_acf_changed":false},"product_brand":[],"product_cat":[202,210,179,200,222],"product_tag":[],"class_list":{"0":"post-103205","1":"product","2":"type-product","3":"status-publish","4":"has-post-thumbnail","6":"product_cat-adventury-nintendo-switch-sk","7":"product_cat-dobrodruzne-nintendo-switch-sk","8":"product_cat-nintendo-hry-sk","9":"product_cat-nintendo-switch-sk","10":"product_cat-rpg-nintendo-switch-sk","11":"pa_audio-de-de","12":"pa_audio-en-us","13":"pa_audio-es-es","14":"pa_audio-fr-fr","16":"pa_audio-sv-se","18":"pa_developer-neckbolt","20":"pa_game_type-main_game","22":"pa_genres-adventure","23":"pa_genres-indie","25":"pa_genres-puzzle","27":"pa_genres-role-playing-rpg","28":"pa_interface-de-de","29":"pa_interface-en-us","30":"pa_interface-es-es","31":"pa_interface-fr-fr","32":"pa_interface-it-it","34":"pa_interface-sv-se","36":"pa_interface-zh-cn","37":"pa_keywords-3d","38":"pa_keywords-casual","39":"pa_keywords-chicken","40":"pa_keywords-conversation","41":"pa_keywords-cute","42":"pa_keywords-digital-distribution","43":"pa_keywords-family-friendly","45":"pa_keywords-kingdom","46":"pa_keywords-pax-west-2017","48":"pa_keywords-treasure-hunt","49":"pa_modes-single-player","51":"pa_pegi-943","52":"pa_pegi-13430","53":"pa_platform-nintendo-switch","55":"pa_player_perspectives-bird-view-isometric","57":"pa_publisher-plug-in-digital","59":"pa_rating-1482","60":"pa_rating-14527","61":"pa_region-europe","63":"pa_subtitles-de-de","65":"pa_subtitles-en-us","66":"pa_subtitles-es-es","67":"pa_subtitles-fr-fr","68":"pa_subtitles-sv-se","70":"pa_subtitles-zh-cn","71":"pa_themes-action","72":"pa_themes-fantasy","74":"pa_themes-kids","77":"first","78":"instock","79":"virtual","80":"taxable","81":"purchasable","82":"product-type-simple"},"yoast_head":"<!-- This site is optimized with the Yoast SEO plugin v27.3 - https:\/\/yoast.com\/product\/yoast-seo-wordpress\/ -->\n<title>Yono and the Celestial Elephants | BeGamer.cz<\/title>\n<meta name=\"robots\" content=\"index, follow, max-snippet:-1, max-image-preview:large, max-video-preview:-1\" \/>\n<link rel=\"canonical\" href=\"https:\/\/begamer.cz\/sk\/produkt\/yono-and-the-celestial-elephants-sk\/\" \/>\n<meta property=\"og:locale\" content=\"sk_SK\" \/>\n<meta property=\"og:type\" content=\"article\" \/>\n<meta property=\"og:title\" content=\"Yono and the Celestial Elephants | BeGamer.cz\" \/>\n<meta property=\"og:description\" content=\"Yono and the Celestial Elephant je ve\u013ekolep\u00e9 dobrodru\u017estvo, ktor\u00e9 pon\u00faka starostlivo navrhnut\u00e9 h\u00e1danky, h\u013eadanie pokladov, nieko\u013eko bojov a svet pln\u00fd \u013eud\u00ed.\" \/>\n<meta property=\"og:url\" content=\"https:\/\/begamer.cz\/sk\/produkt\/yono-and-the-celestial-elephants-sk\/\" \/>\n<meta property=\"og:site_name\" content=\"BeGamer.cz\" \/>\n<meta property=\"article:modified_time\" content=\"2026-03-11T18:07:06+00:00\" \/>\n<meta property=\"og:image\" content=\"https:\/\/begamer.cz\/wp-content\/uploads\/2026\/01\/yono-and-the-celestial-elephants-20.webp\" \/>\n\t<meta property=\"og:image:width\" content=\"300\" \/>\n\t<meta property=\"og:image:height\" content=\"400\" \/>\n\t<meta property=\"og:image:type\" content=\"image\/webp\" \/>\n<meta name=\"twitter:card\" content=\"summary_large_image\" \/>\n<meta name=\"twitter:label1\" content=\"Predpokladan\u00fd \u010das \u010d\u00edtania\" \/>\n\t<meta name=\"twitter:data1\" content=\"1 min\u00fata\" \/>\n<script type=\"application\/ld+json\" class=\"yoast-schema-graph\">{\"@context\":\"https:\\\/\\\/schema.org\",\"@graph\":[{\"@type\":\"WebPage\",\"@id\":\"https:\\\/\\\/begamer.cz\\\/sk\\\/produkt\\\/yono-and-the-celestial-elephants-sk\\\/\",\"url\":\"https:\\\/\\\/begamer.cz\\\/sk\\\/produkt\\\/yono-and-the-celestial-elephants-sk\\\/\",\"name\":\"Yono and the Celestial Elephants | BeGamer.cz\",\"isPartOf\":{\"@id\":\"https:\\\/\\\/begamer.cz\\\/sk\\\/#website\"},\"primaryImageOfPage\":{\"@id\":\"https:\\\/\\\/begamer.cz\\\/sk\\\/produkt\\\/yono-and-the-celestial-elephants-sk\\\/#primaryimage\"},\"image\":{\"@id\":\"https:\\\/\\\/begamer.cz\\\/sk\\\/produkt\\\/yono-and-the-celestial-elephants-sk\\\/#primaryimage\"},\"thumbnailUrl\":\"https:\\\/\\\/begamer.cz\\\/wp-content\\\/uploads\\\/2026\\\/01\\\/yono-and-the-celestial-elephants-20.webp\",\"datePublished\":\"2026-01-30T18:14:37+00:00\",\"dateModified\":\"2026-03-11T18:07:06+00:00\",\"breadcrumb\":{\"@id\":\"https:\\\/\\\/begamer.cz\\\/sk\\\/produkt\\\/yono-and-the-celestial-elephants-sk\\\/#breadcrumb\"},\"inLanguage\":\"sk-SK\",\"potentialAction\":[{\"@type\":\"ReadAction\",\"target\":[\"https:\\\/\\\/begamer.cz\\\/sk\\\/produkt\\\/yono-and-the-celestial-elephants-sk\\\/\"]}]},{\"@type\":\"ImageObject\",\"inLanguage\":\"sk-SK\",\"@id\":\"https:\\\/\\\/begamer.cz\\\/sk\\\/produkt\\\/yono-and-the-celestial-elephants-sk\\\/#primaryimage\",\"url\":\"https:\\\/\\\/begamer.cz\\\/wp-content\\\/uploads\\\/2026\\\/01\\\/yono-and-the-celestial-elephants-20.webp\",\"contentUrl\":\"https:\\\/\\\/begamer.cz\\\/wp-content\\\/uploads\\\/2026\\\/01\\\/yono-and-the-celestial-elephants-20.webp\",\"width\":300,\"height\":400},{\"@type\":\"BreadcrumbList\",\"@id\":\"https:\\\/\\\/begamer.cz\\\/sk\\\/produkt\\\/yono-and-the-celestial-elephants-sk\\\/#breadcrumb\",\"itemListElement\":[{\"@type\":\"ListItem\",\"position\":1,\"name\":\"Domov\",\"item\":\"https:\\\/\\\/begamer.cz\\\/sk\\\/\"},{\"@type\":\"ListItem\",\"position\":2,\"name\":\"Obchod\",\"item\":\"https:\\\/\\\/begamer.cz\\\/obchod\\\/\"},{\"@type\":\"ListItem\",\"position\":3,\"name\":\"Yono and the Celestial Elephants\"}]},{\"@type\":\"WebSite\",\"@id\":\"https:\\\/\\\/begamer.cz\\\/sk\\\/#website\",\"url\":\"https:\\\/\\\/begamer.cz\\\/sk\\\/\",\"name\":\"BeGamer.cz\",\"description\":\"\",\"publisher\":{\"@id\":\"https:\\\/\\\/begamer.cz\\\/sk\\\/#organization\"},\"potentialAction\":[{\"@type\":\"SearchAction\",\"target\":{\"@type\":\"EntryPoint\",\"urlTemplate\":\"https:\\\/\\\/begamer.cz\\\/sk\\\/?s={search_term_string}\"},\"query-input\":{\"@type\":\"PropertyValueSpecification\",\"valueRequired\":true,\"valueName\":\"search_term_string\"}}],\"inLanguage\":\"sk-SK\"},{\"@type\":\"Organization\",\"@id\":\"https:\\\/\\\/begamer.cz\\\/sk\\\/#organization\",\"name\":\"BeGamer.cz\",\"url\":\"https:\\\/\\\/begamer.cz\\\/sk\\\/\",\"logo\":{\"@type\":\"ImageObject\",\"inLanguage\":\"sk-SK\",\"@id\":\"https:\\\/\\\/begamer.cz\\\/sk\\\/#\\\/schema\\\/logo\\\/image\\\/\",\"url\":\"https:\\\/\\\/begamer.cz\\\/wp-content\\\/uploads\\\/2025\\\/07\\\/logo.svg\",\"contentUrl\":\"https:\\\/\\\/begamer.cz\\\/wp-content\\\/uploads\\\/2025\\\/07\\\/logo.svg\",\"caption\":\"BeGamer.cz\"},\"image\":{\"@id\":\"https:\\\/\\\/begamer.cz\\\/sk\\\/#\\\/schema\\\/logo\\\/image\\\/\"}}]}<\/script>\n<!-- \/ Yoast SEO plugin. -->","yoast_head_json":{"title":"Yono and the Celestial Elephants | BeGamer.cz","robots":{"index":"index","follow":"follow","max-snippet":"max-snippet:-1","max-image-preview":"max-image-preview:large","max-video-preview":"max-video-preview:-1"},"canonical":"https:\/\/begamer.cz\/sk\/produkt\/yono-and-the-celestial-elephants-sk\/","og_locale":"sk_SK","og_type":"article","og_title":"Yono and the Celestial Elephants | BeGamer.cz","og_description":"Yono and the Celestial Elephant je ve\u013ekolep\u00e9 dobrodru\u017estvo, ktor\u00e9 pon\u00faka starostlivo navrhnut\u00e9 h\u00e1danky, h\u013eadanie pokladov, nieko\u013eko bojov a svet pln\u00fd \u013eud\u00ed.","og_url":"https:\/\/begamer.cz\/sk\/produkt\/yono-and-the-celestial-elephants-sk\/","og_site_name":"BeGamer.cz","article_modified_time":"2026-03-11T18:07:06+00:00","og_image":[{"width":300,"height":400,"url":"https:\/\/begamer.cz\/wp-content\/uploads\/2026\/01\/yono-and-the-celestial-elephants-20.webp","type":"image\/webp"}],"twitter_card":"summary_large_image","twitter_misc":{"Predpokladan\u00fd \u010das \u010d\u00edtania":"1 min\u00fata"},"schema":{"@context":"https:\/\/schema.org","@graph":[{"@type":"WebPage","@id":"https:\/\/begamer.cz\/sk\/produkt\/yono-and-the-celestial-elephants-sk\/","url":"https:\/\/begamer.cz\/sk\/produkt\/yono-and-the-celestial-elephants-sk\/","name":"Yono and the Celestial Elephants | BeGamer.cz","isPartOf":{"@id":"https:\/\/begamer.cz\/sk\/#website"},"primaryImageOfPage":{"@id":"https:\/\/begamer.cz\/sk\/produkt\/yono-and-the-celestial-elephants-sk\/#primaryimage"},"image":{"@id":"https:\/\/begamer.cz\/sk\/produkt\/yono-and-the-celestial-elephants-sk\/#primaryimage"},"thumbnailUrl":"https:\/\/begamer.cz\/wp-content\/uploads\/2026\/01\/yono-and-the-celestial-elephants-20.webp","datePublished":"2026-01-30T18:14:37+00:00","dateModified":"2026-03-11T18:07:06+00:00","breadcrumb":{"@id":"https:\/\/begamer.cz\/sk\/produkt\/yono-and-the-celestial-elephants-sk\/#breadcrumb"},"inLanguage":"sk-SK","potentialAction":[{"@type":"ReadAction","target":["https:\/\/begamer.cz\/sk\/produkt\/yono-and-the-celestial-elephants-sk\/"]}]},{"@type":"ImageObject","inLanguage":"sk-SK","@id":"https:\/\/begamer.cz\/sk\/produkt\/yono-and-the-celestial-elephants-sk\/#primaryimage","url":"https:\/\/begamer.cz\/wp-content\/uploads\/2026\/01\/yono-and-the-celestial-elephants-20.webp","contentUrl":"https:\/\/begamer.cz\/wp-content\/uploads\/2026\/01\/yono-and-the-celestial-elephants-20.webp","width":300,"height":400},{"@type":"BreadcrumbList","@id":"https:\/\/begamer.cz\/sk\/produkt\/yono-and-the-celestial-elephants-sk\/#breadcrumb","itemListElement":[{"@type":"ListItem","position":1,"name":"Domov","item":"https:\/\/begamer.cz\/sk\/"},{"@type":"ListItem","position":2,"name":"Obchod","item":"https:\/\/begamer.cz\/obchod\/"},{"@type":"ListItem","position":3,"name":"Yono and the Celestial Elephants"}]},{"@type":"WebSite","@id":"https:\/\/begamer.cz\/sk\/#website","url":"https:\/\/begamer.cz\/sk\/","name":"BeGamer.cz","description":"","publisher":{"@id":"https:\/\/begamer.cz\/sk\/#organization"},"potentialAction":[{"@type":"SearchAction","target":{"@type":"EntryPoint","urlTemplate":"https:\/\/begamer.cz\/sk\/?s={search_term_string}"},"query-input":{"@type":"PropertyValueSpecification","valueRequired":true,"valueName":"search_term_string"}}],"inLanguage":"sk-SK"},{"@type":"Organization","@id":"https:\/\/begamer.cz\/sk\/#organization","name":"BeGamer.cz","url":"https:\/\/begamer.cz\/sk\/","logo":{"@type":"ImageObject","inLanguage":"sk-SK","@id":"https:\/\/begamer.cz\/sk\/#\/schema\/logo\/image\/","url":"https:\/\/begamer.cz\/wp-content\/uploads\/2025\/07\/logo.svg","contentUrl":"https:\/\/begamer.cz\/wp-content\/uploads\/2025\/07\/logo.svg","caption":"BeGamer.cz"},"image":{"@id":"https:\/\/begamer.cz\/sk\/#\/schema\/logo\/image\/"}}]}},"acf":[],"_links":{"self":[{"href":"https:\/\/begamer.cz\/sk\/wp-json\/wp\/v2\/product\/103205","targetHints":{"allow":["GET"]}}],"collection":[{"href":"https:\/\/begamer.cz\/sk\/wp-json\/wp\/v2\/product"}],"about":[{"href":"https:\/\/begamer.cz\/sk\/wp-json\/wp\/v2\/types\/product"}],"replies":[{"embeddable":true,"href":"https:\/\/begamer.cz\/sk\/wp-json\/wp\/v2\/comments?post=103205"}],"wp:featuredmedia":[{"embeddable":true,"href":"https:\/\/begamer.cz\/sk\/wp-json\/wp\/v2\/media\/44168"}],"wp:attachment":[{"href":"https:\/\/begamer.cz\/sk\/wp-json\/wp\/v2\/media?parent=103205"}],"wp:term":[{"taxonomy":"product_brand","embeddable":true,"href":"https:\/\/begamer.cz\/sk\/wp-json\/wp\/v2\/product_brand?post=103205"},{"taxonomy":"product_cat","embeddable":true,"href":"https:\/\/begamer.cz\/sk\/wp-json\/wp\/v2\/product_cat?post=103205"},{"taxonomy":"product_tag","embeddable":true,"href":"https:\/\/begamer.cz\/sk\/wp-json\/wp\/v2\/product_tag?post=103205"}],"curies":[{"name":"wp","href":"https:\/\/api.w.org\/{rel}","templated":true}]}}