{"id":103175,"date":"2026-01-30T19:14:20","date_gmt":"2026-01-30T18:14:20","guid":{"rendered":"https:\/\/begamer.cz\/produkt\/project-motor-racing-sk\/"},"modified":"2026-03-11T19:06:35","modified_gmt":"2026-03-11T18:06:35","slug":"project-motor-racing-sk","status":"publish","type":"product","link":"https:\/\/begamer.cz\/sk\/produkt\/project-motor-racing-sk\/","title":{"rendered":"Project Motor Racing"},"content":{"rendered":"<p class=\"bb_paragraph\" >Projekt Motor Racing rozniecuje v\u0161etku v\u00e1\u0161e\u0148, kr\u00e1su a intenzitu profesion\u00e1lneho motoristick\u00e9ho \u0161portu.<\/p>\n<p class=\"bb_paragraph\" >\n<p class=\"bb_paragraph\" ><span class=\"bb_img_ctn\"><img decoding=\"async\" class=\"bb_img\" src=\"https:\/\/shared.akamai.steamstatic.com\/store_item_assets\/steam\/apps\/299970\/extras\/eaa9b36a815a18317cda2ccf78b03068.avif?t=1760701158\" width=616 height=180 \/><\/span><\/p>\n<p class=\"bb_paragraph\" ><strong>To najlep\u0161ie, ni\u010d menej<\/strong><\/p>\n<p class=\"bb_paragraph\" >Z\u00e1vodte naprie\u010d \u00e9rami v viac ako 70 starostlivo vytvoren\u00fdch aut\u00e1ch v 10 ikonick\u00fdch triedach a 28 glob\u00e1lnych konfigur\u00e1ci\u00e1ch.<\/p>\n<ul class=\"bb_ul\">\n<li>\n<p class=\"bb_paragraph\" >Aut\u00e1: Od dne\u0161n\u00fdch radik\u00e1lnych hyper\u00e1ut LMDh po najikonickej\u0161ie legendy hist\u00f3rie, ka\u017ed\u00e9 vozidlo je licencovan\u00fdm majstrovsk\u00fdm dielom.<\/p>\n<\/li>\n<li>\n<p class=\"bb_paragraph\" >Okruhy: Naskenovan\u00e9 pre maxim\u00e1lnu presnos\u0165 a autenticitu<\/p>\n<\/li>\n<\/ul>\n<p class=\"bb_paragraph\" >\n<p class=\"bb_paragraph\" ><span class=\"bb_img_ctn\"><img decoding=\"async\" class=\"bb_img\" src=\"https:\/\/shared.akamai.steamstatic.com\/store_item_assets\/steam\/apps\/299970\/extras\/56cee24464606cb17b16f8f3df732027.avif?t=1760701158\" width=616 height=180 \/><\/span><\/p>\n<p class=\"bb_paragraph\" ><strong>Preteky pre v\u0161etk\u00fdch<\/strong><\/p>\n<p class=\"bb_paragraph\" >Od simul\u00e1torov\u00fdch pretek\u00e1rov po za\u010d\u00ednaj\u00facich pretek\u00e1rov, Project Motor Racing pon\u00faka:<\/p>\n<ul class=\"bb_ul\">\n<li>\n<p class=\"bb_paragraph\" >Kari\u00e9ra pre jedn\u00e9ho hr\u00e1\u010da<\/p>\n<\/li>\n<li>\n<p class=\"bb_paragraph\" >Online pretek\u00e1rske re\u017eimy <\/p>\n<\/li>\n<li>\n<p class=\"bb_paragraph\" >Udalosti v hre<\/p>\n<\/li>\n<li>\n<p class=\"bb_paragraph\" >Bohat\u00fd z\u00e1\u017eitok zo z\u00e1vodov v 4 triedach<\/p>\n<\/li>\n<\/ul>\n<p class=\"bb_paragraph\" >\n<p class=\"bb_paragraph\" ><span class=\"bb_img_ctn\"><img decoding=\"async\" class=\"bb_img\" src=\"https:\/\/shared.akamai.steamstatic.com\/store_item_assets\/steam\/apps\/299970\/extras\/135bc2a023a5c76fb3fae3ee86b417d5.avif?t=1760701158\" width=616 height=180 \/><\/span><\/p>\n<p class=\"bb_paragraph\" ><strong>Vylep\u0161en\u00e1 simul\u00e1cia<\/strong><\/p>\n<ul class=\"bb_ul\">\n<li>\n<p class=\"bb_paragraph\" >Fyzika prv\u00e9ho princ\u00edpu: Nov\u00fd fyzik\u00e1lny engine poskytuje bezkonkuren\u010dn\u00fd realizmus ovl\u00e1dania a vysok\u00fa vernos\u0165 FFB <\/p>\n<\/li>\n<li>\n<p class=\"bb_paragraph\" >\u0160pi\u010dkov\u00fd fyzik\u00e1lny engine postaven\u00fd na modifikovate\u013enom GIANTS Engine 10<\/p>\n<\/li>\n<li>\n<p class=\"bb_paragraph\" >Program Factory Driver: Ovl\u00e1danie ka\u017ed\u00e9ho auta bolo starostlivo otestovan\u00e9 a schv\u00e1len\u00e9 partnermi zna\u010dky a stovkami najlep\u0161\u00edch pretek\u00e1rov sveta, aby bola zaru\u010den\u00e1 autentick\u00e1 \u00farove\u0148 presnosti ovl\u00e1dania<\/p>\n<\/li>\n<li>\n<p class=\"bb_paragraph\" >Pohlcuj\u00faci zvukov\u00fd dizajn: Divokos\u0165 motoristick\u00e9ho \u0161portu zachyten\u00e1 ako nikdy predt\u00fdm<\/p>\n<p class=\"bb_paragraph\" >\n<\/li>\n<\/ul>\n<p class=\"bb_paragraph\" ><span class=\"bb_img_ctn\"><img decoding=\"async\" class=\"bb_img\" src=\"https:\/\/shared.akamai.steamstatic.com\/store_item_assets\/steam\/apps\/299970\/extras\/0c8a5e7b6924f0d2942ab44b7b6cca69.avif?t=1760701158\" width=616 height=180 \/><\/span><\/p>\n<p class=\"bb_paragraph\" ><strong>C\u00ed\u0165te ka\u017ed\u00fa sekundu<\/strong><\/p>\n<ul class=\"bb_ul\">\n<li>\n<p class=\"bb_paragraph\" >\u201e\u017div\u00e9\u201c kokpity s vidite\u013en\u00fdmi G-silami, teplotn\u00fdm oparom at\u010f.<\/p>\n<\/li>\n<\/ul>\n<ul class=\"bb_ul\">\n<li>\n<p class=\"bb_paragraph\" >True2Track<\/p>\n<ul class=\"bb_ul\">\n<li>\n<p class=\"bb_paragraph\" >   Dynamick\u00e9 poveternostn\u00e9 podmienky<\/p>\n<\/li>\n<li>\n<p class=\"bb_paragraph\" >   Adapt\u00edvne pretekanie a such\u00e1 tra\u0165 <\/p>\n<\/li>\n<li>\n<p class=\"bb_paragraph\" >   24-hodinov\u00fd cyklus d\u0148a a noci<\/p>\n<\/li>\n<\/ul>\n<\/li>\n<\/ul>\n<p class=\"bb_paragraph\" >\n<p class=\"bb_paragraph\" ><span class=\"bb_img_ctn\"><img decoding=\"async\" class=\"bb_img\" src=\"https:\/\/shared.akamai.steamstatic.com\/store_item_assets\/steam\/apps\/299970\/extras\/d9f56ee2e1b3840f297a7fd171dfdfbd.avif?t=1760701158\" width=616 height=180 \/><\/span><\/p>\n<p class=\"bb_paragraph\" ><strong>Projekt Motor Racing: Bal\u00edk Year 1<\/strong><\/p>\n<p class=\"bb_paragraph\" >Z\u00edskajte bal\u00edk Group 5 Revival Pack, 3 bal\u00edky obsahu + bal\u00edk roz\u0161\u00edrenia Year 1<\/p>\n<p class=\"bb_paragraph\" ><span class=\"bb_img_ctn\"><img decoding=\"async\" class=\"bb_img\" src=\"https:\/\/shared.akamai.steamstatic.com\/store_item_assets\/steam\/apps\/299970\/extras\/89bca036deb4df9242421a2e4d5cf6e2.avif?t=1760701158\" data-has-big width=1560 height=878 \/><\/span><\/p>\n","protected":false},"excerpt":{"rendered":"<p>V\u0161etka v\u00e1\u0161e\u0148, kr\u00e1sa a intenzita profesion\u00e1lneho motoristick\u00e9ho \u0161portu sp\u00e1jaj\u00faca najikonickej\u0161ie aut\u00e1 a okruhy s nov\u00fdm \u0161tandardom v oblasti jazdn\u00fdch vlastnost\u00ed.<\/p>\n","protected":false},"featured_media":43976,"comment_status":"open","ping_status":"closed","template":"","meta":{"_acf_changed":false},"product_brand":[],"product_cat":[268,266,314,312,324],"product_tag":[],"class_list":{"0":"post-103175","1":"product","2":"type-product","3":"status-publish","4":"has-post-thumbnail","6":"product_cat-pc-sk","7":"product_cat-pc-hry-sk","8":"product_cat-simulatory-pc-hry-sk","9":"product_cat-steam-pc-sk","10":"product_cat-zavodne-pc-hry","11":"pa_audio-en-us","13":"pa_countries-ad","14":"pa_countries-al","15":"pa_countries-at","16":"pa_countries-ba","17":"pa_countries-be","18":"pa_countries-bg","19":"pa_countries-by","21":"pa_countries-ch","22":"pa_countries-cy","23":"pa_countries-cz","24":"pa_countries-de","25":"pa_countries-dk","26":"pa_countries-ee","27":"pa_countries-es","28":"pa_countries-fi","29":"pa_countries-fr","30":"pa_countries-gb","31":"pa_countries-ge","32":"pa_countries-gr","33":"pa_countries-hr","34":"pa_countries-hu","35":"pa_countries-ie","36":"pa_countries-is","37":"pa_countries-it","38":"pa_countries-li","39":"pa_countries-lt","40":"pa_countries-lu","41":"pa_countries-lv","42":"pa_countries-mc","43":"pa_countries-md","44":"pa_countries-me","45":"pa_countries-mk","46":"pa_countries-mt","47":"pa_countries-nl","48":"pa_countries-no","49":"pa_countries-pl","50":"pa_countries-pt","51":"pa_countries-ro","52":"pa_countries-rs","53":"pa_countries-se","54":"pa_countries-si","55":"pa_countries-sk","56":"pa_countries-sm","57":"pa_countries-va","58":"pa_developer-straight4-studios","60":"pa_engine-s4s","62":"pa_game_type-main_game","64":"pa_genres-racing","66":"pa_genres-simulator","67":"pa_interface-cs-cz","68":"pa_interface-da-dk","69":"pa_interface-de-de","70":"pa_interface-en-us","71":"pa_interface-es-es","72":"pa_interface-fi-fi","73":"pa_interface-fr-fr","74":"pa_interface-hu-hu","75":"pa_interface-it-it","76":"pa_interface-ja-jp","77":"pa_interface-ko-kr","78":"pa_interface-nb-no","80":"pa_interface-nl-nl","81":"pa_interface-pl-pl","82":"pa_interface-pt-br","83":"pa_interface-pt-pt","84":"pa_interface-ru-ru","85":"pa_interface-sv-se","86":"pa_interface-tr-tr","87":"pa_interface-zh-cn","88":"pa_interface-zh-tw","89":"pa_keywords-3d","90":"pa_keywords-atmospheric","91":"pa_keywords-beautiful","92":"pa_keywords-car-racing","93":"pa_keywords-cars","95":"pa_keywords-day-night-cycle","96":"pa_keywords-endurance-racing","97":"pa_keywords-immersive","98":"pa_keywords-licensed-cars","99":"pa_keywords-licensed-soundtrack","100":"pa_keywords-modding-support","101":"pa_keywords-photorealistic","102":"pa_keywords-physics","103":"pa_keywords-race-cars","104":"pa_keywords-racing-sim","105":"pa_keywords-racing-simulator","106":"pa_keywords-realism","107":"pa_keywords-realistic","108":"pa_keywords-vehicle-simulation","109":"pa_keywords-virtual-reality-experience","110":"pa_keywords-vr-experience","111":"pa_modes-co-operative","112":"pa_modes-multiplayer","114":"pa_modes-single-player","115":"pa_pegi-13430","116":"pa_pegi-943","117":"pa_platform-pc-steam","119":"pa_player_perspectives-first-person","121":"pa_publisher-giants-software","123":"pa_rating-14441","124":"pa_rating-773","125":"pa_region-europe","127":"pa_themes-non-fiction","130":"first","131":"instock","132":"virtual","133":"taxable","134":"purchasable","135":"product-type-simple"},"yoast_head":"<!-- This site is optimized with the Yoast SEO plugin v27.4 - https:\/\/yoast.com\/product\/yoast-seo-wordpress\/ -->\n<title>Project Motor Racing | BeGamer.cz<\/title>\n<meta name=\"robots\" content=\"index, follow, max-snippet:-1, max-image-preview:large, max-video-preview:-1\" \/>\n<link rel=\"canonical\" href=\"https:\/\/begamer.cz\/sk\/produkt\/project-motor-racing-sk\/\" \/>\n<meta property=\"og:locale\" content=\"sk_SK\" \/>\n<meta property=\"og:type\" content=\"article\" \/>\n<meta property=\"og:title\" content=\"Project Motor Racing | BeGamer.cz\" \/>\n<meta property=\"og:description\" content=\"V\u0161etka v\u00e1\u0161e\u0148, kr\u00e1sa a intenzita profesion\u00e1lneho motoristick\u00e9ho \u0161portu sp\u00e1jaj\u00faca najikonickej\u0161ie aut\u00e1 a okruhy s nov\u00fdm \u0161tandardom v oblasti jazdn\u00fdch vlastnost\u00ed.\" \/>\n<meta property=\"og:url\" content=\"https:\/\/begamer.cz\/sk\/produkt\/project-motor-racing-sk\/\" \/>\n<meta property=\"og:site_name\" content=\"BeGamer.cz\" \/>\n<meta property=\"article:modified_time\" content=\"2026-03-11T18:06:35+00:00\" \/>\n<meta property=\"og:image\" content=\"https:\/\/begamer.cz\/wp-content\/uploads\/2026\/01\/project-motor-racing-8.webp\" \/>\n\t<meta property=\"og:image:width\" content=\"300\" \/>\n\t<meta property=\"og:image:height\" content=\"400\" \/>\n\t<meta property=\"og:image:type\" content=\"image\/webp\" \/>\n<meta name=\"twitter:card\" content=\"summary_large_image\" \/>\n<meta name=\"twitter:label1\" content=\"Predpokladan\u00fd \u010das \u010d\u00edtania\" \/>\n\t<meta name=\"twitter:data1\" content=\"1 min\u00fata\" \/>\n<script type=\"application\/ld+json\" class=\"yoast-schema-graph\">{\"@context\":\"https:\\\/\\\/schema.org\",\"@graph\":[{\"@type\":\"WebPage\",\"@id\":\"https:\\\/\\\/begamer.cz\\\/sk\\\/produkt\\\/project-motor-racing-sk\\\/\",\"url\":\"https:\\\/\\\/begamer.cz\\\/sk\\\/produkt\\\/project-motor-racing-sk\\\/\",\"name\":\"Project Motor Racing | BeGamer.cz\",\"isPartOf\":{\"@id\":\"https:\\\/\\\/begamer.cz\\\/sk\\\/#website\"},\"primaryImageOfPage\":{\"@id\":\"https:\\\/\\\/begamer.cz\\\/sk\\\/produkt\\\/project-motor-racing-sk\\\/#primaryimage\"},\"image\":{\"@id\":\"https:\\\/\\\/begamer.cz\\\/sk\\\/produkt\\\/project-motor-racing-sk\\\/#primaryimage\"},\"thumbnailUrl\":\"https:\\\/\\\/begamer.cz\\\/wp-content\\\/uploads\\\/2026\\\/01\\\/project-motor-racing-8.webp\",\"datePublished\":\"2026-01-30T18:14:20+00:00\",\"dateModified\":\"2026-03-11T18:06:35+00:00\",\"breadcrumb\":{\"@id\":\"https:\\\/\\\/begamer.cz\\\/sk\\\/produkt\\\/project-motor-racing-sk\\\/#breadcrumb\"},\"inLanguage\":\"sk-SK\",\"potentialAction\":[{\"@type\":\"ReadAction\",\"target\":[\"https:\\\/\\\/begamer.cz\\\/sk\\\/produkt\\\/project-motor-racing-sk\\\/\"]}]},{\"@type\":\"ImageObject\",\"inLanguage\":\"sk-SK\",\"@id\":\"https:\\\/\\\/begamer.cz\\\/sk\\\/produkt\\\/project-motor-racing-sk\\\/#primaryimage\",\"url\":\"https:\\\/\\\/begamer.cz\\\/wp-content\\\/uploads\\\/2026\\\/01\\\/project-motor-racing-8.webp\",\"contentUrl\":\"https:\\\/\\\/begamer.cz\\\/wp-content\\\/uploads\\\/2026\\\/01\\\/project-motor-racing-8.webp\",\"width\":300,\"height\":400},{\"@type\":\"BreadcrumbList\",\"@id\":\"https:\\\/\\\/begamer.cz\\\/sk\\\/produkt\\\/project-motor-racing-sk\\\/#breadcrumb\",\"itemListElement\":[{\"@type\":\"ListItem\",\"position\":1,\"name\":\"Domov\",\"item\":\"https:\\\/\\\/begamer.cz\\\/sk\\\/\"},{\"@type\":\"ListItem\",\"position\":2,\"name\":\"Obchod\",\"item\":\"https:\\\/\\\/begamer.cz\\\/obchod\\\/\"},{\"@type\":\"ListItem\",\"position\":3,\"name\":\"Project Motor Racing\"}]},{\"@type\":\"WebSite\",\"@id\":\"https:\\\/\\\/begamer.cz\\\/sk\\\/#website\",\"url\":\"https:\\\/\\\/begamer.cz\\\/sk\\\/\",\"name\":\"BeGamer.cz\",\"description\":\"\",\"publisher\":{\"@id\":\"https:\\\/\\\/begamer.cz\\\/sk\\\/#organization\"},\"potentialAction\":[{\"@type\":\"SearchAction\",\"target\":{\"@type\":\"EntryPoint\",\"urlTemplate\":\"https:\\\/\\\/begamer.cz\\\/sk\\\/?s={search_term_string}\"},\"query-input\":{\"@type\":\"PropertyValueSpecification\",\"valueRequired\":true,\"valueName\":\"search_term_string\"}}],\"inLanguage\":\"sk-SK\"},{\"@type\":\"Organization\",\"@id\":\"https:\\\/\\\/begamer.cz\\\/sk\\\/#organization\",\"name\":\"BeGamer.cz\",\"url\":\"https:\\\/\\\/begamer.cz\\\/sk\\\/\",\"logo\":{\"@type\":\"ImageObject\",\"inLanguage\":\"sk-SK\",\"@id\":\"https:\\\/\\\/begamer.cz\\\/sk\\\/#\\\/schema\\\/logo\\\/image\\\/\",\"url\":\"https:\\\/\\\/begamer.cz\\\/wp-content\\\/uploads\\\/2025\\\/07\\\/logo.svg\",\"contentUrl\":\"https:\\\/\\\/begamer.cz\\\/wp-content\\\/uploads\\\/2025\\\/07\\\/logo.svg\",\"caption\":\"BeGamer.cz\"},\"image\":{\"@id\":\"https:\\\/\\\/begamer.cz\\\/sk\\\/#\\\/schema\\\/logo\\\/image\\\/\"}}]}<\/script>\n<!-- \/ Yoast SEO plugin. -->","yoast_head_json":{"title":"Project Motor Racing | BeGamer.cz","robots":{"index":"index","follow":"follow","max-snippet":"max-snippet:-1","max-image-preview":"max-image-preview:large","max-video-preview":"max-video-preview:-1"},"canonical":"https:\/\/begamer.cz\/sk\/produkt\/project-motor-racing-sk\/","og_locale":"sk_SK","og_type":"article","og_title":"Project Motor Racing | BeGamer.cz","og_description":"V\u0161etka v\u00e1\u0161e\u0148, kr\u00e1sa a intenzita profesion\u00e1lneho motoristick\u00e9ho \u0161portu sp\u00e1jaj\u00faca najikonickej\u0161ie aut\u00e1 a okruhy s nov\u00fdm \u0161tandardom v oblasti jazdn\u00fdch vlastnost\u00ed.","og_url":"https:\/\/begamer.cz\/sk\/produkt\/project-motor-racing-sk\/","og_site_name":"BeGamer.cz","article_modified_time":"2026-03-11T18:06:35+00:00","og_image":[{"width":300,"height":400,"url":"https:\/\/begamer.cz\/wp-content\/uploads\/2026\/01\/project-motor-racing-8.webp","type":"image\/webp"}],"twitter_card":"summary_large_image","twitter_misc":{"Predpokladan\u00fd \u010das \u010d\u00edtania":"1 min\u00fata"},"schema":{"@context":"https:\/\/schema.org","@graph":[{"@type":"WebPage","@id":"https:\/\/begamer.cz\/sk\/produkt\/project-motor-racing-sk\/","url":"https:\/\/begamer.cz\/sk\/produkt\/project-motor-racing-sk\/","name":"Project Motor Racing | BeGamer.cz","isPartOf":{"@id":"https:\/\/begamer.cz\/sk\/#website"},"primaryImageOfPage":{"@id":"https:\/\/begamer.cz\/sk\/produkt\/project-motor-racing-sk\/#primaryimage"},"image":{"@id":"https:\/\/begamer.cz\/sk\/produkt\/project-motor-racing-sk\/#primaryimage"},"thumbnailUrl":"https:\/\/begamer.cz\/wp-content\/uploads\/2026\/01\/project-motor-racing-8.webp","datePublished":"2026-01-30T18:14:20+00:00","dateModified":"2026-03-11T18:06:35+00:00","breadcrumb":{"@id":"https:\/\/begamer.cz\/sk\/produkt\/project-motor-racing-sk\/#breadcrumb"},"inLanguage":"sk-SK","potentialAction":[{"@type":"ReadAction","target":["https:\/\/begamer.cz\/sk\/produkt\/project-motor-racing-sk\/"]}]},{"@type":"ImageObject","inLanguage":"sk-SK","@id":"https:\/\/begamer.cz\/sk\/produkt\/project-motor-racing-sk\/#primaryimage","url":"https:\/\/begamer.cz\/wp-content\/uploads\/2026\/01\/project-motor-racing-8.webp","contentUrl":"https:\/\/begamer.cz\/wp-content\/uploads\/2026\/01\/project-motor-racing-8.webp","width":300,"height":400},{"@type":"BreadcrumbList","@id":"https:\/\/begamer.cz\/sk\/produkt\/project-motor-racing-sk\/#breadcrumb","itemListElement":[{"@type":"ListItem","position":1,"name":"Domov","item":"https:\/\/begamer.cz\/sk\/"},{"@type":"ListItem","position":2,"name":"Obchod","item":"https:\/\/begamer.cz\/obchod\/"},{"@type":"ListItem","position":3,"name":"Project Motor Racing"}]},{"@type":"WebSite","@id":"https:\/\/begamer.cz\/sk\/#website","url":"https:\/\/begamer.cz\/sk\/","name":"BeGamer.cz","description":"","publisher":{"@id":"https:\/\/begamer.cz\/sk\/#organization"},"potentialAction":[{"@type":"SearchAction","target":{"@type":"EntryPoint","urlTemplate":"https:\/\/begamer.cz\/sk\/?s={search_term_string}"},"query-input":{"@type":"PropertyValueSpecification","valueRequired":true,"valueName":"search_term_string"}}],"inLanguage":"sk-SK"},{"@type":"Organization","@id":"https:\/\/begamer.cz\/sk\/#organization","name":"BeGamer.cz","url":"https:\/\/begamer.cz\/sk\/","logo":{"@type":"ImageObject","inLanguage":"sk-SK","@id":"https:\/\/begamer.cz\/sk\/#\/schema\/logo\/image\/","url":"https:\/\/begamer.cz\/wp-content\/uploads\/2025\/07\/logo.svg","contentUrl":"https:\/\/begamer.cz\/wp-content\/uploads\/2025\/07\/logo.svg","caption":"BeGamer.cz"},"image":{"@id":"https:\/\/begamer.cz\/sk\/#\/schema\/logo\/image\/"}}]}},"acf":[],"_links":{"self":[{"href":"https:\/\/begamer.cz\/sk\/wp-json\/wp\/v2\/product\/103175","targetHints":{"allow":["GET"]}}],"collection":[{"href":"https:\/\/begamer.cz\/sk\/wp-json\/wp\/v2\/product"}],"about":[{"href":"https:\/\/begamer.cz\/sk\/wp-json\/wp\/v2\/types\/product"}],"replies":[{"embeddable":true,"href":"https:\/\/begamer.cz\/sk\/wp-json\/wp\/v2\/comments?post=103175"}],"wp:featuredmedia":[{"embeddable":true,"href":"https:\/\/begamer.cz\/sk\/wp-json\/wp\/v2\/media\/43976"}],"wp:attachment":[{"href":"https:\/\/begamer.cz\/sk\/wp-json\/wp\/v2\/media?parent=103175"}],"wp:term":[{"taxonomy":"product_brand","embeddable":true,"href":"https:\/\/begamer.cz\/sk\/wp-json\/wp\/v2\/product_brand?post=103175"},{"taxonomy":"product_cat","embeddable":true,"href":"https:\/\/begamer.cz\/sk\/wp-json\/wp\/v2\/product_cat?post=103175"},{"taxonomy":"product_tag","embeddable":true,"href":"https:\/\/begamer.cz\/sk\/wp-json\/wp\/v2\/product_tag?post=103175"}],"curies":[{"name":"wp","href":"https:\/\/api.w.org\/{rel}","templated":true}]}}