{"id":103157,"date":"2026-01-30T19:13:59","date_gmt":"2026-01-30T18:13:59","guid":{"rendered":"https:\/\/begamer.cz\/produkt\/bread-fred-sk\/"},"modified":"2026-03-11T19:05:52","modified_gmt":"2026-03-11T18:05:52","slug":"bread-fred-sk","status":"publish","type":"product","link":"https:\/\/begamer.cz\/sk\/produkt\/bread-fred-sk\/","title":{"rendered":"Bread & Fred"},"content":{"rendered":"<p><strong><i>Bread &amp; Fred<\/i><\/strong> je n\u00e1ro\u010dn\u00e1 kooperat\u00edvna plo\u0161inovka od Apogee, v ktorej musia dvaja hr\u00e1\u010di spolupracova\u0165, aby vysko\u010dili a vyliezli na vrchol zasne\u017eenej hory. Hrajte za Bread a Freda v ich vy\u010derp\u00e1vaj\u00facom a niekedy \u0161ialenom v\u00fdstupe, ktor\u00fd vy\u017eaduje presnos\u0165 pri ka\u017edom skoku. Zaka\u017ed\u00fdm, ke\u010f pristane\u0161, bude\u0161 bli\u017e\u0161ie k vrcholu a o krok bli\u017e\u0161ie k zvl\u00e1dnutiu platformovej hry, ale tvoj p\u00e1d z hory bude e\u0161te v\u00e4\u010d\u0161\u00ed.<\/p>\n<p><span class=\"bb_img_ctn\"><video class=\"bb_img\" autoplay muted loop playsinline poster=\"https:\/\/shared.akamai.steamstatic.com\/store_item_assets\/steam\/apps\/1607680\/extras\/778fd60b2c28fb7f9f8a79d7316950d3.poster.avif?t=1752169833\" width=600 height=200 ><source src=\"https:\/\/shared.akamai.steamstatic.com\/store_item_assets\/steam\/apps\/1607680\/extras\/778fd60b2c28fb7f9f8a79d7316950d3.webm?t=1752169833\" type=\"video\/webm; codecs=vp9\"><source src=\"https:\/\/shared.akamai.steamstatic.com\/store_item_assets\/steam\/apps\/1607680\/extras\/778fd60b2c28fb7f9f8a79d7316950d3.mp4?t=1752169833\" type=\"video\/mp4\"><\/video><\/span><\/p>\n<p><strong><\/p>\n<h2 class=\"bb_tag\" >Penguin Mechanics: <\/h2>\n<p><\/strong><br \/><strong>&#8211; Hojdaj sa, aby si dosiahol vzdialen\u00e9 plo\u0161iny!<\/strong><br \/>Bread a Fred s\u00fa k sebe prip\u00fatan\u00ed. To znamen\u00e1, \u017ee nielen\u017ee pad\u00e1te spolu, ale m\u00f4\u017eete vyu\u017ei\u0165 hybnos\u0165, aby ste sa hojdali a poh\u00e1\u0148ali navz\u00e1jom \u010falej, ako by mohol sko\u010di\u0165 ktor\u00fdko\u013evek tu\u010dniak samostatne. Uistite sa, \u017ee jeden z v\u00e1s je ukotven\u00fd k zemi, inak spadnete obaja!<\/p>\n<p><strong>&#8211; Dr\u017ete sa stien tak dlho, ako len m\u00f4\u017eete!<\/strong> Mal\u00e9<br \/>ruky tu\u010dniakov nie s\u00fa ve\u013emi dobr\u00e9, ale m\u00f4\u017eete sa s partnerom dr\u017ea\u0165 steny nieko\u013eko sek\u00fand, aby ste ich mohli hojda\u0165 a prekona\u0165 \u010fal\u0161iu prek\u00e1\u017eku. Bu\u010fte v\u0161ak opatrn\u00ed. Tieto tu\u010dniaky s\u00fa bacu\u013eat\u00e9, tak\u017ee sa nem\u00f4\u017eete dr\u017ea\u0165 dlho. Konajte r\u00fdchlo!<\/p>\n<p><strong>&#8211; Re\u017eim pre jedn\u00e9ho hr\u00e1\u010da!<\/strong><br \/>Nem\u00f4\u017eete n\u00e1js\u0165 svojho tu\u010dniakov\u00e9ho kamar\u00e1ta? Pripevnite svoje lano k Jeffovi (skale!) a pou\u017eite ho namiesto neho! Lezenie bude z\u00e1visie\u0165 len od v\u00e1s a va\u0161ich schopnost\u00ed, ale to tie\u017e znamen\u00e1, \u017ee ke\u010f spadnete, nem\u00e1te koho obvi\u0148ova\u0165&#8230;<\/p>\n<p>Legendy hovoria, \u017ee s t\u00fdmito schopnos\u0165ami sa nieko\u013ek\u00fdm tu\u010dniakovsk\u00fdm hrdinom podarilo dosiahnu\u0165 vrchol. Budete jedn\u00fdm z nich?<\/p>\n<p><span class=\"bb_img_ctn\"><video class=\"bb_img\" autoplay muted loop playsinline poster=\"https:\/\/shared.akamai.steamstatic.com\/store_item_assets\/steam\/apps\/1607680\/extras\/168f2e291971dfa9234628b3b7d67ea8.poster.avif?t=1752169833\" width=300 height=168 ><source src=\"https:\/\/shared.akamai.steamstatic.com\/store_item_assets\/steam\/apps\/1607680\/extras\/168f2e291971dfa9234628b3b7d67ea8.webm?t=1752169833\" type=\"video\/webm; codecs=vp9\"><source src=\"https:\/\/shared.akamai.steamstatic.com\/store_item_assets\/steam\/apps\/1607680\/extras\/168f2e291971dfa9234628b3b7d67ea8.mp4?t=1752169833\" type=\"video\/mp4\"><\/video><\/span><span class=\"bb_img_ctn\"><video class=\"bb_img\" autoplay muted loop playsinline poster=\"https:\/\/shared.akamai.steamstatic.com\/store_item_assets\/steam\/apps\/1607680\/extras\/7d8f27450ed12835106a84f46510375e.poster.avif?t=1752169833\" width=300 height=168 ><source src=\"https:\/\/shared.akamai.steamstatic.com\/store_item_assets\/steam\/apps\/1607680\/extras\/7d8f27450ed12835106a84f46510375e.webm?t=1752169833\" type=\"video\/webm; codecs=vp9\"><source src=\"https:\/\/shared.akamai.steamstatic.com\/store_item_assets\/steam\/apps\/1607680\/extras\/7d8f27450ed12835106a84f46510375e.mp4?t=1752169833\" type=\"video\/mp4\"><\/video><\/span><\/p>\n<p>Ka\u017ed\u00fd p\u00e1d bude bolie\u0165, ale sna\u017ete sa z neho pou\u010di\u0165 a smia\u0165 sa. Prem\u00fd\u0161\u013eajte starostlivo o ka\u017edom skoku a zdokona\u013ete svoje tu\u010dniakov\u00e9 zru\u010dnosti, aby ste dosiahli vrchol.<\/p>\n<p>Pre naj\u0161ialenej\u0161\u00edch horolezcov obsahuje <strong><i>Bread &amp; Fred<\/i><\/strong> re\u017eim speedrun, v ktorom m\u00f4\u017eete s\u00fa\u0165a\u017ei\u0165 a sta\u0165 sa najlep\u0161\u00edmi tu\u010dniakmi na plan\u00e9te.<\/p>\n<p><u><i><strong>Hora na v\u00e1s \u010dak\u00e1. Spl\u0148te svoju misiu. Spolupracujte medzi sebou a dostanete sa vysoko do h\u00f4r. Len sa sna\u017ete (pr\u00edli\u0161) nepadn\u00fa\u0165. Ve\u013ea \u0161\u0165astia!!<\/strong><\/i><\/u><\/p>\n","protected":false},"excerpt":{"rendered":"<p>Zavolajte svojho najlep\u0161ieho kamar\u00e1ta na pomoc v tejto novej kooperat\u00edvnej v\u00fdzve, aby ste pomohli dvom roztomil\u00fdm tu\u010dniakom, Breadovi a Fredovi, dosta\u0165 sa na vrchol zasne\u017een\u00e9ho vrcholu. Na\u010dasujte svoje skoky, pridr\u017ete sa stien a preho\u010fte sa cez priepasti, aby ste zistili, ako \u010faleko sa dostanete, ne\u017e spadnete sp\u00e4\u0165 dolu z hory.<\/p>\n","protected":false},"featured_media":108578,"comment_status":"open","ping_status":"closed","template":"","meta":{"_acf_changed":false},"product_brand":[],"product_cat":[272,290,268,266,312],"product_tag":[],"class_list":{"0":"post-103157","1":"product","2":"type-product","3":"status-publish","4":"has-post-thumbnail","6":"product_cat-akcni-pc-sk","7":"product_cat-indie-hry-pc-sk","8":"product_cat-pc-sk","9":"product_cat-pc-hry-sk","10":"product_cat-steam-pc-sk","11":"pa_countries-ad","12":"pa_countries-ae","13":"pa_countries-af","14":"pa_countries-ag","15":"pa_countries-ai","16":"pa_countries-al","17":"pa_countries-am","18":"pa_countries-ao","19":"pa_countries-aq","20":"pa_countries-ar","21":"pa_countries-as","22":"pa_countries-at","23":"pa_countries-au","24":"pa_countries-aw","25":"pa_countries-ax","26":"pa_countries-az","27":"pa_countries-ba","28":"pa_countries-bb","29":"pa_countries-bd","30":"pa_countries-be","31":"pa_countries-bf","32":"pa_countries-bg","33":"pa_countries-bh","34":"pa_countries-bi","35":"pa_countries-bj","36":"pa_countries-bl","37":"pa_countries-bm","38":"pa_countries-bn","39":"pa_countries-bo","40":"pa_countries-bq","41":"pa_countries-br","42":"pa_countries-bs","43":"pa_countries-bt","44":"pa_countries-bv","45":"pa_countries-bw","46":"pa_countries-bz","47":"pa_countries-ca","48":"pa_countries-cc","49":"pa_countries-cd","50":"pa_countries-cf","51":"pa_countries-cg","52":"pa_countries-ch","53":"pa_countries-ci","54":"pa_countries-ck","55":"pa_countries-cl","56":"pa_countries-cm","57":"pa_countries-cn","58":"pa_countries-co","59":"pa_countries-cr","60":"pa_countries-cu","61":"pa_countries-cv","62":"pa_countries-cw","63":"pa_countries-cx","64":"pa_countries-cy","65":"pa_countries-cz","66":"pa_countries-de","67":"pa_countries-dj","68":"pa_countries-dk","69":"pa_countries-dm","70":"pa_countries-do","71":"pa_countries-dz","72":"pa_countries-ec","73":"pa_countries-ee","74":"pa_countries-eg","75":"pa_countries-eh","76":"pa_countries-er","77":"pa_countries-es","78":"pa_countries-et","79":"pa_countries-fi","80":"pa_countries-fj","81":"pa_countries-fk","82":"pa_countries-fm","83":"pa_countries-fo","84":"pa_countries-fr","85":"pa_countries-ga","86":"pa_countries-gb","87":"pa_countries-gd","88":"pa_countries-ge","89":"pa_countries-gf","90":"pa_countries-gg","91":"pa_countries-gh","92":"pa_countries-gi","93":"pa_countries-gl","94":"pa_countries-gm","95":"pa_countries-gn","96":"pa_countries-gp","97":"pa_countries-gq","98":"pa_countries-gr","99":"pa_countries-gs","100":"pa_countries-gt","101":"pa_countries-gu","102":"pa_countries-gw","103":"pa_countries-gy","104":"pa_countries-hk","105":"pa_countries-hm","106":"pa_countries-hn","107":"pa_countries-hr","108":"pa_countries-ht","109":"pa_countries-hu","110":"pa_countries-id","111":"pa_countries-ie","112":"pa_countries-il","113":"pa_countries-im","114":"pa_countries-in","115":"pa_countries-io","116":"pa_countries-iq","117":"pa_countries-ir","118":"pa_countries-is","119":"pa_countries-it","120":"pa_countries-je","121":"pa_countries-jm","122":"pa_countries-jo","123":"pa_countries-jp","124":"pa_countries-ke","125":"pa_countries-kg","126":"pa_countries-kh","127":"pa_countries-ki","128":"pa_countries-km","129":"pa_countries-kn","130":"pa_countries-kp","131":"pa_countries-kr","132":"pa_countries-kw","133":"pa_countries-ky","134":"pa_countries-kz","135":"pa_countries-la","136":"pa_countries-lb","137":"pa_countries-lc","138":"pa_countries-li","139":"pa_countries-lk","140":"pa_countries-lr","141":"pa_countries-ls","142":"pa_countries-lt","143":"pa_countries-lu","144":"pa_countries-lv","145":"pa_countries-ly","146":"pa_countries-ma","147":"pa_countries-mc","148":"pa_countries-md","149":"pa_countries-me","150":"pa_countries-mf","151":"pa_countries-mg","152":"pa_countries-mh","153":"pa_countries-mk","154":"pa_countries-ml","155":"pa_countries-mm","156":"pa_countries-mn","157":"pa_countries-mo","158":"pa_countries-mp","159":"pa_countries-mq","160":"pa_countries-mr","161":"pa_countries-ms","162":"pa_countries-mt","163":"pa_countries-mu","164":"pa_countries-mv","165":"pa_countries-mw","166":"pa_countries-mx","167":"pa_countries-my","168":"pa_countries-mz","169":"pa_countries-na","170":"pa_countries-nc","171":"pa_countries-ne","172":"pa_countries-nf","173":"pa_countries-ng","174":"pa_countries-ni","175":"pa_countries-nl","176":"pa_countries-no","177":"pa_countries-np","178":"pa_countries-nr","179":"pa_countries-nu","180":"pa_countries-nz","181":"pa_countries-om","182":"pa_countries-pa","183":"pa_countries-pe","184":"pa_countries-pf","185":"pa_countries-pg","186":"pa_countries-ph","187":"pa_countries-pk","188":"pa_countries-pl","189":"pa_countries-pm","190":"pa_countries-pn","191":"pa_countries-pr","192":"pa_countries-ps","193":"pa_countries-pt","194":"pa_countries-pw","195":"pa_countries-py","196":"pa_countries-qa","197":"pa_countries-re","198":"pa_countries-ro","199":"pa_countries-rs","200":"pa_countries-rw","201":"pa_countries-sa","202":"pa_countries-sb","203":"pa_countries-sc","204":"pa_countries-sd","205":"pa_countries-se","206":"pa_countries-sg","207":"pa_countries-sh","208":"pa_countries-si","209":"pa_countries-sj","210":"pa_countries-sk","211":"pa_countries-sl","212":"pa_countries-sm","213":"pa_countries-sn","214":"pa_countries-so","215":"pa_countries-sr","216":"pa_countries-ss","218":"pa_countries-st","219":"pa_countries-sv","220":"pa_countries-sx","221":"pa_countries-sy","222":"pa_countries-sz","223":"pa_countries-tc","224":"pa_countries-td","225":"pa_countries-tf","226":"pa_countries-tg","227":"pa_countries-th","228":"pa_countries-tj","229":"pa_countries-tk","230":"pa_countries-tl","231":"pa_countries-tm","232":"pa_countries-tn","233":"pa_countries-to","234":"pa_countries-tr","235":"pa_countries-tt","236":"pa_countries-tv","237":"pa_countries-tw","238":"pa_countries-tz","239":"pa_countries-ua","240":"pa_countries-ug","241":"pa_countries-um","242":"pa_countries-us","243":"pa_countries-uy","244":"pa_countries-uz","245":"pa_countries-va","246":"pa_countries-vc","247":"pa_countries-ve","248":"pa_countries-vg","249":"pa_countries-vi","250":"pa_countries-vn","251":"pa_countries-vu","252":"pa_countries-wf","253":"pa_countries-ws","254":"pa_countries-xk","256":"pa_countries-ye","257":"pa_countries-yt","258":"pa_countries-za","259":"pa_countries-zm","260":"pa_countries-zw","261":"pa_developer-sandcastles-studio","263":"pa_engine-unity","265":"pa_game_type-main_game","267":"pa_genres-indie","269":"pa_genres-platform","271":"pa_interface-de-de","272":"pa_interface-en-us","273":"pa_interface-es-es","274":"pa_interface-fr-fr","275":"pa_interface-it-it","276":"pa_interface-ja-jp","277":"pa_interface-ko-kr","279":"pa_interface-pt-br","281":"pa_interface-zh-cn","282":"pa_keywords-2d","284":"pa_keywords-controller-support","285":"pa_keywords-difficult","286":"pa_keywords-physics","287":"pa_keywords-side-scrolling","288":"pa_modes-co-operative","290":"pa_modes-multiplayer","292":"pa_modes-single-player","293":"pa_pegi-13430","294":"pa_pegi-943","295":"pa_platform-pc-steam","297":"pa_player_perspectives-side-view","299":"pa_publisher-apogee-entertainment","301":"pa_publisher-sandcastles-studio","303":"pa_rating-14441","304":"pa_rating-773","305":"pa_region-global","307":"pa_subtitles-de-de","309":"pa_subtitles-en-us","310":"pa_subtitles-es-es","311":"pa_subtitles-ja-jp","312":"pa_subtitles-ko-kr","313":"pa_subtitles-pt-br","315":"pa_subtitles-zh-cn","316":"pa_themes-action","318":"pa_themes-party","321":"first","322":"instock","323":"virtual","324":"taxable","325":"purchasable","326":"product-type-simple"},"yoast_head":"<!-- This site is optimized with the Yoast SEO plugin v27.3 - https:\/\/yoast.com\/product\/yoast-seo-wordpress\/ -->\n<title>Bread &amp; Fred | BeGamer.cz<\/title>\n<meta name=\"robots\" content=\"index, follow, max-snippet:-1, max-image-preview:large, max-video-preview:-1\" \/>\n<link rel=\"canonical\" href=\"https:\/\/begamer.cz\/sk\/produkt\/bread-fred-sk\/\" \/>\n<meta property=\"og:locale\" content=\"sk_SK\" \/>\n<meta property=\"og:type\" content=\"article\" \/>\n<meta property=\"og:title\" content=\"Bread &amp; Fred | BeGamer.cz\" \/>\n<meta property=\"og:description\" content=\"Zavolajte svojho najlep\u0161ieho kamar\u00e1ta na pomoc v tejto novej kooperat\u00edvnej v\u00fdzve, aby ste pomohli dvom roztomil\u00fdm tu\u010dniakom, Breadovi a Fredovi, dosta\u0165 sa na vrchol zasne\u017een\u00e9ho vrcholu. Na\u010dasujte svoje skoky, pridr\u017ete sa stien a preho\u010fte sa cez priepasti, aby ste zistili, ako \u010faleko sa dostanete, ne\u017e spadnete sp\u00e4\u0165 dolu z hory.\" \/>\n<meta property=\"og:url\" content=\"https:\/\/begamer.cz\/sk\/produkt\/bread-fred-sk\/\" \/>\n<meta property=\"og:site_name\" content=\"BeGamer.cz\" \/>\n<meta property=\"article:modified_time\" content=\"2026-03-11T18:05:52+00:00\" \/>\n<meta property=\"og:image\" content=\"https:\/\/begamer.cz\/wp-content\/uploads\/2026\/01\/bread-and-fred-6.webp\" \/>\n\t<meta property=\"og:image:width\" content=\"300\" \/>\n\t<meta property=\"og:image:height\" content=\"400\" \/>\n\t<meta property=\"og:image:type\" content=\"image\/webp\" \/>\n<meta name=\"twitter:card\" content=\"summary_large_image\" \/>\n<meta name=\"twitter:label1\" content=\"Predpokladan\u00fd \u010das \u010d\u00edtania\" \/>\n\t<meta name=\"twitter:data1\" content=\"2 min\u00faty\" \/>\n<script type=\"application\/ld+json\" class=\"yoast-schema-graph\">{\"@context\":\"https:\\\/\\\/schema.org\",\"@graph\":[{\"@type\":\"WebPage\",\"@id\":\"https:\\\/\\\/begamer.cz\\\/sk\\\/produkt\\\/bread-fred-sk\\\/\",\"url\":\"https:\\\/\\\/begamer.cz\\\/sk\\\/produkt\\\/bread-fred-sk\\\/\",\"name\":\"Bread & Fred | BeGamer.cz\",\"isPartOf\":{\"@id\":\"https:\\\/\\\/begamer.cz\\\/sk\\\/#website\"},\"primaryImageOfPage\":{\"@id\":\"https:\\\/\\\/begamer.cz\\\/sk\\\/produkt\\\/bread-fred-sk\\\/#primaryimage\"},\"image\":{\"@id\":\"https:\\\/\\\/begamer.cz\\\/sk\\\/produkt\\\/bread-fred-sk\\\/#primaryimage\"},\"thumbnailUrl\":\"https:\\\/\\\/begamer.cz\\\/wp-content\\\/uploads\\\/2026\\\/01\\\/bread-and-fred-6.webp\",\"datePublished\":\"2026-01-30T18:13:59+00:00\",\"dateModified\":\"2026-03-11T18:05:52+00:00\",\"breadcrumb\":{\"@id\":\"https:\\\/\\\/begamer.cz\\\/sk\\\/produkt\\\/bread-fred-sk\\\/#breadcrumb\"},\"inLanguage\":\"sk-SK\",\"potentialAction\":[{\"@type\":\"ReadAction\",\"target\":[\"https:\\\/\\\/begamer.cz\\\/sk\\\/produkt\\\/bread-fred-sk\\\/\"]}]},{\"@type\":\"ImageObject\",\"inLanguage\":\"sk-SK\",\"@id\":\"https:\\\/\\\/begamer.cz\\\/sk\\\/produkt\\\/bread-fred-sk\\\/#primaryimage\",\"url\":\"https:\\\/\\\/begamer.cz\\\/wp-content\\\/uploads\\\/2026\\\/01\\\/bread-and-fred-6.webp\",\"contentUrl\":\"https:\\\/\\\/begamer.cz\\\/wp-content\\\/uploads\\\/2026\\\/01\\\/bread-and-fred-6.webp\",\"width\":300,\"height\":400},{\"@type\":\"BreadcrumbList\",\"@id\":\"https:\\\/\\\/begamer.cz\\\/sk\\\/produkt\\\/bread-fred-sk\\\/#breadcrumb\",\"itemListElement\":[{\"@type\":\"ListItem\",\"position\":1,\"name\":\"Domov\",\"item\":\"https:\\\/\\\/begamer.cz\\\/sk\\\/\"},{\"@type\":\"ListItem\",\"position\":2,\"name\":\"Obchod\",\"item\":\"https:\\\/\\\/begamer.cz\\\/obchod\\\/\"},{\"@type\":\"ListItem\",\"position\":3,\"name\":\"Bread &#038; Fred\"}]},{\"@type\":\"WebSite\",\"@id\":\"https:\\\/\\\/begamer.cz\\\/sk\\\/#website\",\"url\":\"https:\\\/\\\/begamer.cz\\\/sk\\\/\",\"name\":\"BeGamer.cz\",\"description\":\"\",\"publisher\":{\"@id\":\"https:\\\/\\\/begamer.cz\\\/sk\\\/#organization\"},\"potentialAction\":[{\"@type\":\"SearchAction\",\"target\":{\"@type\":\"EntryPoint\",\"urlTemplate\":\"https:\\\/\\\/begamer.cz\\\/sk\\\/?s={search_term_string}\"},\"query-input\":{\"@type\":\"PropertyValueSpecification\",\"valueRequired\":true,\"valueName\":\"search_term_string\"}}],\"inLanguage\":\"sk-SK\"},{\"@type\":\"Organization\",\"@id\":\"https:\\\/\\\/begamer.cz\\\/sk\\\/#organization\",\"name\":\"BeGamer.cz\",\"url\":\"https:\\\/\\\/begamer.cz\\\/sk\\\/\",\"logo\":{\"@type\":\"ImageObject\",\"inLanguage\":\"sk-SK\",\"@id\":\"https:\\\/\\\/begamer.cz\\\/sk\\\/#\\\/schema\\\/logo\\\/image\\\/\",\"url\":\"https:\\\/\\\/begamer.cz\\\/wp-content\\\/uploads\\\/2025\\\/07\\\/logo.svg\",\"contentUrl\":\"https:\\\/\\\/begamer.cz\\\/wp-content\\\/uploads\\\/2025\\\/07\\\/logo.svg\",\"caption\":\"BeGamer.cz\"},\"image\":{\"@id\":\"https:\\\/\\\/begamer.cz\\\/sk\\\/#\\\/schema\\\/logo\\\/image\\\/\"}}]}<\/script>\n<!-- \/ Yoast SEO plugin. -->","yoast_head_json":{"title":"Bread & Fred | BeGamer.cz","robots":{"index":"index","follow":"follow","max-snippet":"max-snippet:-1","max-image-preview":"max-image-preview:large","max-video-preview":"max-video-preview:-1"},"canonical":"https:\/\/begamer.cz\/sk\/produkt\/bread-fred-sk\/","og_locale":"sk_SK","og_type":"article","og_title":"Bread & Fred | BeGamer.cz","og_description":"Zavolajte svojho najlep\u0161ieho kamar\u00e1ta na pomoc v tejto novej kooperat\u00edvnej v\u00fdzve, aby ste pomohli dvom roztomil\u00fdm tu\u010dniakom, Breadovi a Fredovi, dosta\u0165 sa na vrchol zasne\u017een\u00e9ho vrcholu. Na\u010dasujte svoje skoky, pridr\u017ete sa stien a preho\u010fte sa cez priepasti, aby ste zistili, ako \u010faleko sa dostanete, ne\u017e spadnete sp\u00e4\u0165 dolu z hory.","og_url":"https:\/\/begamer.cz\/sk\/produkt\/bread-fred-sk\/","og_site_name":"BeGamer.cz","article_modified_time":"2026-03-11T18:05:52+00:00","og_image":[{"width":300,"height":400,"url":"https:\/\/begamer.cz\/wp-content\/uploads\/2026\/01\/bread-and-fred-6.webp","type":"image\/webp"}],"twitter_card":"summary_large_image","twitter_misc":{"Predpokladan\u00fd \u010das \u010d\u00edtania":"2 min\u00faty"},"schema":{"@context":"https:\/\/schema.org","@graph":[{"@type":"WebPage","@id":"https:\/\/begamer.cz\/sk\/produkt\/bread-fred-sk\/","url":"https:\/\/begamer.cz\/sk\/produkt\/bread-fred-sk\/","name":"Bread & Fred | BeGamer.cz","isPartOf":{"@id":"https:\/\/begamer.cz\/sk\/#website"},"primaryImageOfPage":{"@id":"https:\/\/begamer.cz\/sk\/produkt\/bread-fred-sk\/#primaryimage"},"image":{"@id":"https:\/\/begamer.cz\/sk\/produkt\/bread-fred-sk\/#primaryimage"},"thumbnailUrl":"https:\/\/begamer.cz\/wp-content\/uploads\/2026\/01\/bread-and-fred-6.webp","datePublished":"2026-01-30T18:13:59+00:00","dateModified":"2026-03-11T18:05:52+00:00","breadcrumb":{"@id":"https:\/\/begamer.cz\/sk\/produkt\/bread-fred-sk\/#breadcrumb"},"inLanguage":"sk-SK","potentialAction":[{"@type":"ReadAction","target":["https:\/\/begamer.cz\/sk\/produkt\/bread-fred-sk\/"]}]},{"@type":"ImageObject","inLanguage":"sk-SK","@id":"https:\/\/begamer.cz\/sk\/produkt\/bread-fred-sk\/#primaryimage","url":"https:\/\/begamer.cz\/wp-content\/uploads\/2026\/01\/bread-and-fred-6.webp","contentUrl":"https:\/\/begamer.cz\/wp-content\/uploads\/2026\/01\/bread-and-fred-6.webp","width":300,"height":400},{"@type":"BreadcrumbList","@id":"https:\/\/begamer.cz\/sk\/produkt\/bread-fred-sk\/#breadcrumb","itemListElement":[{"@type":"ListItem","position":1,"name":"Domov","item":"https:\/\/begamer.cz\/sk\/"},{"@type":"ListItem","position":2,"name":"Obchod","item":"https:\/\/begamer.cz\/obchod\/"},{"@type":"ListItem","position":3,"name":"Bread &#038; Fred"}]},{"@type":"WebSite","@id":"https:\/\/begamer.cz\/sk\/#website","url":"https:\/\/begamer.cz\/sk\/","name":"BeGamer.cz","description":"","publisher":{"@id":"https:\/\/begamer.cz\/sk\/#organization"},"potentialAction":[{"@type":"SearchAction","target":{"@type":"EntryPoint","urlTemplate":"https:\/\/begamer.cz\/sk\/?s={search_term_string}"},"query-input":{"@type":"PropertyValueSpecification","valueRequired":true,"valueName":"search_term_string"}}],"inLanguage":"sk-SK"},{"@type":"Organization","@id":"https:\/\/begamer.cz\/sk\/#organization","name":"BeGamer.cz","url":"https:\/\/begamer.cz\/sk\/","logo":{"@type":"ImageObject","inLanguage":"sk-SK","@id":"https:\/\/begamer.cz\/sk\/#\/schema\/logo\/image\/","url":"https:\/\/begamer.cz\/wp-content\/uploads\/2025\/07\/logo.svg","contentUrl":"https:\/\/begamer.cz\/wp-content\/uploads\/2025\/07\/logo.svg","caption":"BeGamer.cz"},"image":{"@id":"https:\/\/begamer.cz\/sk\/#\/schema\/logo\/image\/"}}]}},"acf":[],"_links":{"self":[{"href":"https:\/\/begamer.cz\/sk\/wp-json\/wp\/v2\/product\/103157","targetHints":{"allow":["GET"]}}],"collection":[{"href":"https:\/\/begamer.cz\/sk\/wp-json\/wp\/v2\/product"}],"about":[{"href":"https:\/\/begamer.cz\/sk\/wp-json\/wp\/v2\/types\/product"}],"replies":[{"embeddable":true,"href":"https:\/\/begamer.cz\/sk\/wp-json\/wp\/v2\/comments?post=103157"}],"wp:featuredmedia":[{"embeddable":true,"href":"https:\/\/begamer.cz\/sk\/wp-json\/wp\/v2\/media\/108578"}],"wp:attachment":[{"href":"https:\/\/begamer.cz\/sk\/wp-json\/wp\/v2\/media?parent=103157"}],"wp:term":[{"taxonomy":"product_brand","embeddable":true,"href":"https:\/\/begamer.cz\/sk\/wp-json\/wp\/v2\/product_brand?post=103157"},{"taxonomy":"product_cat","embeddable":true,"href":"https:\/\/begamer.cz\/sk\/wp-json\/wp\/v2\/product_cat?post=103157"},{"taxonomy":"product_tag","embeddable":true,"href":"https:\/\/begamer.cz\/sk\/wp-json\/wp\/v2\/product_tag?post=103157"}],"curies":[{"name":"wp","href":"https:\/\/api.w.org\/{rel}","templated":true}]}}