{"id":103145,"date":"2026-01-30T19:13:48","date_gmt":"2026-01-30T18:13:48","guid":{"rendered":"https:\/\/begamer.cz\/produkt\/trench-tales-sk\/"},"modified":"2026-03-11T19:05:31","modified_gmt":"2026-03-11T18:05:31","slug":"trench-tales-sk","status":"publish","type":"product","link":"https:\/\/begamer.cz\/sk\/produkt\/trench-tales-sk\/","title":{"rendered":"Trench Tales"},"content":{"rendered":"<p class=\"bb_paragraph\" ><span class=\"bb_img_ctn\"><video class=\"bb_img\" autoplay muted loop playsinline poster=\"https:\/\/shared.akamai.steamstatic.com\/store_item_assets\/steam\/apps\/2214220\/extras\/d09bbe46048b60f8927922994e9ece53.poster.avif?t=1754651976\" width=600 height=338 ><source src=\"https:\/\/shared.akamai.steamstatic.com\/store_item_assets\/steam\/apps\/2214220\/extras\/d09bbe46048b60f8927922994e9ece53.webm?t=1754651976\" type=\"video\/webm; codecs=vp9\"><source src=\"https:\/\/shared.akamai.steamstatic.com\/store_item_assets\/steam\/apps\/2214220\/extras\/d09bbe46048b60f8927922994e9ece53.mp4?t=1754651976\" type=\"video\/mp4\"><\/video><\/span><\/p>\n<p class=\"bb_paragraph\" >\ud83d\udd39 K\u013e\u00fa\u010dov\u00e9 vlastnosti:<\/p>\n<ul class=\"bb_ul\">\n<li>\n<p class=\"bb_paragraph\" >\ud83e\udded <strong>Otvoren\u00e9 presk\u00famavanie<\/strong> prepojen\u00fdch vojnou zni\u010den\u00fdch z\u00f3n<\/p>\n<\/li>\n<li>\n<p class=\"bb_paragraph\" >\u2694\ufe0f <strong>Premyslen\u00e9 boje z poh\u013eadu tretej osoby<\/strong> s pou\u017eit\u00edm zbran\u00ed na bl\u00edzko, zbran\u00ed na dia\u013eku a schopnost\u00ed<\/p>\n<\/li>\n<li>\n<p class=\"bb_paragraph\" >\ud83d\udee0\ufe0f <strong>Z\u00e1kladn\u00e9 prisp\u00f4sobenie v\u00fdstroja<\/strong> prostredn\u00edctvom zberu a vylep\u0161en\u00ed<\/p>\n<\/li>\n<li>\n<p class=\"bb_paragraph\" >\ud83d\udd6f\ufe0f <strong>Rozpr\u00e1vanie prostredn\u00edctvom prostredia<\/strong> s minimom dial\u00f3gov a cutsc\u00e9n<\/p>\n<\/li>\n<li>\n<p class=\"bb_paragraph\" >\ud83c\udf12 <strong>Temn\u00e1, surrealistick\u00e1 atmosf\u00e9ra<\/strong> sp\u00e1jaj\u00faca atmosf\u00e9ru za\u010diatku 20. storo\u010dia s fant\u00e1ziou<\/p>\n<\/li>\n<\/ul>\n<p class=\"bb_paragraph\" >\n<p class=\"bb_paragraph\" ><span class=\"bb_img_ctn\"><video class=\"bb_img\" autoplay muted loop playsinline poster=\"https:\/\/shared.akamai.steamstatic.com\/store_item_assets\/steam\/apps\/2214220\/extras\/acd043278d060811bc5a07075420e809.poster.avif?t=1754651976\" width=600 height=338 ><source src=\"https:\/\/shared.akamai.steamstatic.com\/store_item_assets\/steam\/apps\/2214220\/extras\/acd043278d060811bc5a07075420e809.webm?t=1754651976\" type=\"video\/webm; codecs=vp9\"><source src=\"https:\/\/shared.akamai.steamstatic.com\/store_item_assets\/steam\/apps\/2214220\/extras\/acd043278d060811bc5a07075420e809.mp4?t=1754651976\" type=\"video\/mp4\"><\/video><\/span><\/p>\n<p class=\"bb_paragraph\" >Trench Tales v\u00e1s prenesie do pochm\u00farneho, vojnou zni\u010den\u00e9ho sveta, ktor\u00fd formuj\u00fa podivn\u00e9 sily. Bez vysvetlenia sa ocitnete v \u00falohe osamel\u00e9ho bojovn\u00edka, ktor\u00fd sa pohybuje po nepriate\u013eskom ter\u00e9ne, odha\u013euje skryt\u00e9 pravdy a konfrontuje sily, ktor\u00e9 udr\u017euj\u00fa tento svet v chaose.<\/p>\n<p class=\"bb_paragraph\" >\n<h2 class=\"bb_tag\" ><strong>Vizu\u00e1lny \u0161t\u00fdl a prostredie<\/strong><\/h2>\n<p class=\"bb_paragraph\" >Trench Tales sa odohr\u00e1va v pochm\u00farnom, vojnou zni\u010denom svete in\u0161pirovanom estetikou ve\u013ek\u00fdch vojen. Nekone\u010dn\u00e9 z\u00e1kopy, zni\u010den\u00e9 bunkre a rozbit\u00e9 krajiny sa tiahnu pod \u0165a\u017ekou oblohou a vytv\u00e1raj\u00fa neust\u00e1ly pocit strachu a \u00fapadku. Prostredie sp\u00e1ja priemyseln\u00e9 stroje, gotick\u00e9 pozostatky a surrealistick\u00e9 hr\u00f4zy, aby vytvorilo pochm\u00farnu atmosf\u00e9ru zakorenen\u00fa v chaose a z\u00fafalstve nekone\u010dn\u00e9ho konfliktu.<\/p>\n<p class=\"bb_paragraph\" >\n<p class=\"bb_paragraph\" ><span class=\"bb_img_ctn\"><video class=\"bb_img\" autoplay muted loop playsinline poster=\"https:\/\/shared.akamai.steamstatic.com\/store_item_assets\/steam\/apps\/2214220\/extras\/092b5b31e5c4a0525bd33e98110bcad0.poster.avif?t=1754651976\" width=600 height=338 ><source src=\"https:\/\/shared.akamai.steamstatic.com\/store_item_assets\/steam\/apps\/2214220\/extras\/092b5b31e5c4a0525bd33e98110bcad0.webm?t=1754651976\" type=\"video\/webm; codecs=vp9\"><source src=\"https:\/\/shared.akamai.steamstatic.com\/store_item_assets\/steam\/apps\/2214220\/extras\/092b5b31e5c4a0525bd33e98110bcad0.mp4?t=1754651976\" type=\"video\/mp4\"><\/video><\/span><\/p>\n<h2 class=\"bb_tag\" ><strong>Sily a schopnosti<\/strong><\/h2>\n<p class=\"bb_paragraph\" >\n<p class=\"bb_paragraph\" >V Trench Tales hr\u00e1\u010di odomykaj\u00fa r\u00f4znorod\u00fa sadu s\u00edl, vr\u00e1tane schopnosti spomali\u0165 \u010das, uvo\u013eni\u0165 v\u00fdbuch energie a r\u00fdchlo lie\u010di\u0165 rany. Okrem toho, schopnos\u0165 vidie\u0165 cez steny zlep\u0161uje strategick\u00e9 pl\u00e1novanie t\u00fdm, \u017ee odha\u013euje skryt\u00e9 cesty a poz\u00edcie nepriate\u013eov. Tieto jedine\u010dn\u00e9 schopnosti umo\u017e\u0148uj\u00fa hr\u00e1\u010dom pristupova\u0165 k v\u00fdzvam s v\u0161estrannos\u0165ou, \u010do rob\u00ed z Trench Tales dynamick\u00fd a pohlcuj\u00faci hern\u00fd z\u00e1\u017eitok.<\/p>\n<p class=\"bb_paragraph\" >\n<p class=\"bb_paragraph\" ><span class=\"bb_img_ctn\"><video class=\"bb_img\" autoplay muted loop playsinline poster=\"https:\/\/shared.akamai.steamstatic.com\/store_item_assets\/steam\/apps\/2214220\/extras\/debd4c37a8e91ccb8913833fbae5d029.poster.avif?t=1754651976\" width=600 height=338 ><source src=\"https:\/\/shared.akamai.steamstatic.com\/store_item_assets\/steam\/apps\/2214220\/extras\/debd4c37a8e91ccb8913833fbae5d029.webm?t=1754651976\" type=\"video\/webm; codecs=vp9\"><source src=\"https:\/\/shared.akamai.steamstatic.com\/store_item_assets\/steam\/apps\/2214220\/extras\/debd4c37a8e91ccb8913833fbae5d029.mp4?t=1754651976\" type=\"video\/mp4\"><\/video><\/span><\/p>\n<h2 class=\"bb_tag\" ><strong>Prisp\u00f4sobenie zbran\u00ed<\/strong><\/h2>\n<p class=\"bb_paragraph\" >\n<p class=\"bb_paragraph\" >Z\u00edskajte pr\u00edstup k r\u00f4znorod\u00e9mu arzen\u00e1lu, ktor\u00fd obsahuje pi\u0161tole, gu\u013eomety, ostre\u013eova\u010dsk\u00e9 pu\u0161ky a \u0165a\u017ek\u00e9 zbrane, z ktor\u00fdch ka\u017ed\u00e1 je prisp\u00f4soben\u00e1 konkr\u00e9tnym bojov\u00fdm situ\u00e1ci\u00e1m. Robustn\u00fd syst\u00e9m prisp\u00f4sobenia hry umo\u017e\u0148uje modifikova\u0165 hlavne, pa\u017eby, pu\u0161koh\u013eady a rukov\u00e4te, \u010d\u00edm sa zvy\u0161uje presnos\u0165 a stabilita. S mo\u017enos\u0165ami ako tlmi\u010de pre nen\u00e1padnos\u0165 a pr\u00edslu\u0161enstvo zni\u017euj\u00face sp\u00e4tn\u00fd r\u00e1z pre lep\u0161iu kontrolu si m\u00f4\u017eete vytvori\u0165 personalizovan\u00e9 streln\u00e9 zbrane a z\u00edska\u0165 tak strategick\u00fa v\u00fdhodu v tajomnom vesm\u00edre hry.<\/p>\n<p class=\"bb_paragraph\" >\n<p class=\"bb_paragraph\" ><span class=\"bb_img_ctn\"><video class=\"bb_img\" autoplay muted loop playsinline poster=\"https:\/\/shared.akamai.steamstatic.com\/store_item_assets\/steam\/apps\/2214220\/extras\/478641dd6ba6b3dc1a66d653aac39258.poster.avif?t=1754651976\" width=600 height=338 ><source src=\"https:\/\/shared.akamai.steamstatic.com\/store_item_assets\/steam\/apps\/2214220\/extras\/478641dd6ba6b3dc1a66d653aac39258.webm?t=1754651976\" type=\"video\/webm; codecs=vp9\"><source src=\"https:\/\/shared.akamai.steamstatic.com\/store_item_assets\/steam\/apps\/2214220\/extras\/478641dd6ba6b3dc1a66d653aac39258.mp4?t=1754651976\" type=\"video\/mp4\"><\/video><\/span><\/p>\n<h2 class=\"bb_tag\" ><strong>Taktick\u00fd boj<\/strong><\/h2>\n<p class=\"bb_paragraph\" >\n<p class=\"bb_paragraph\" >Pripravte sa na adrenal\u00ednov\u00fd z\u00e1\u017eitok v hre Trench Tales, kde taktick\u00fd boj nie je len vo\u013ebou, ale nutnos\u0165ou. Pri navig\u00e1cii vo vojnou zni\u010denom vesm\u00edre bude va\u0161a strategick\u00e1 zdatnos\u0165 va\u0161ou najv\u00e4\u010d\u0161ou dev\u00edzou. Pos\u00fa\u010fte svoje okolie, vyu\u017eite krytie a vyu\u017eite slabosti nepriate\u013eov, aby ste zv\u00ed\u0165azili. Pri ka\u017edom stretnut\u00ed budete musie\u0165 robi\u0165 r\u00fdchle rozhodnutia, vybra\u0165 si spr\u00e1vne zbrane a vyu\u017ei\u0165 svoje jedine\u010dn\u00e9 schopnosti, aby ste prekonali svojich nepriate\u013eov. Ovl\u00e1danie taktick\u00e9ho boja nie je len v\u00fdzvou \u2013 je to k\u013e\u00fa\u010d k pre\u017eitiu v tomto intenz\u00edvnom a pohlcuj\u00facom svete. Ste pripraven\u00ed otestova\u0165 svoje zru\u010dnosti a zv\u00ed\u0165azi\u0165?<\/p>\n<p class=\"bb_paragraph\" >\n<p class=\"bb_paragraph\" ><span class=\"bb_img_ctn\"><video class=\"bb_img\" autoplay muted loop playsinline poster=\"https:\/\/shared.akamai.steamstatic.com\/store_item_assets\/steam\/apps\/2214220\/extras\/62568963a9af69ded6843b3510f88ca3.poster.avif?t=1754651976\" width=600 height=338 ><source src=\"https:\/\/shared.akamai.steamstatic.com\/store_item_assets\/steam\/apps\/2214220\/extras\/62568963a9af69ded6843b3510f88ca3.webm?t=1754651976\" type=\"video\/webm; codecs=vp9\"><source src=\"https:\/\/shared.akamai.steamstatic.com\/store_item_assets\/steam\/apps\/2214220\/extras\/62568963a9af69ded6843b3510f88ca3.mp4?t=1754651976\" type=\"video\/mp4\"><\/video><\/span><\/p>\n<h2 class=\"bb_tag\" ><strong>Bohat\u00fd temn\u00fd pr\u00edbeh<\/strong><\/h2>\n<p class=\"bb_paragraph\" >\n<p class=\"bb_paragraph\" >Ponorte sa do m\u00e4t\u00faceho pr\u00edbehu Trench Tales, strhuj\u00facej cesty bohatou, temnou mozaikou tajomstiev a nap\u00e4tia. Ako sa ponor\u00edte do hlb\u00edn tohto vojnou zni\u010den\u00e9ho sveta, \u010del\u00edte zlomyse\u013en\u00fdm sil\u00e1m a odha\u013eujete d\u00e1vno pochovan\u00e9 tajomstv\u00e1, pr\u00edbeh sa zamot\u00e1va a men\u00ed, spochyb\u0148uje va\u0161e vn\u00edmanie a stiera hranice medzi realitou a il\u00faziou. Tento hlboko pohlcuj\u00faci a podnetn\u00fd pr\u00edbeh v\u00e1s uchv\u00e1ti, presk\u00fama najtemnej\u0161ie k\u00faty \u013eudskej psychiky a don\u00fati v\u00e1s spochyb\u0148ova\u0165 hranice pravdy a vn\u00edmania.<\/p>\n<p class=\"bb_paragraph\" >\n<p class=\"bb_paragraph\" ><span class=\"bb_img_ctn\"><video class=\"bb_img\" autoplay muted loop playsinline poster=\"https:\/\/shared.akamai.steamstatic.com\/store_item_assets\/steam\/apps\/2214220\/extras\/393fb0e316783b9a17d662a53a739f84.poster.avif?t=1754651976\" width=600 height=338 ><source src=\"https:\/\/shared.akamai.steamstatic.com\/store_item_assets\/steam\/apps\/2214220\/extras\/393fb0e316783b9a17d662a53a739f84.webm?t=1754651976\" type=\"video\/webm; codecs=vp9\"><source src=\"https:\/\/shared.akamai.steamstatic.com\/store_item_assets\/steam\/apps\/2214220\/extras\/393fb0e316783b9a17d662a53a739f84.mp4?t=1754651976\" type=\"video\/mp4\"><\/video><\/span><\/p>\n<p class=\"bb_paragraph\" >\n<p class=\"bb_paragraph\" >\n<p class=\"bb_paragraph\" >\n","protected":false},"excerpt":{"rendered":"<p>Trench Tales je ak\u010dn\u00e1 hra z poh\u013eadu tretej osoby, ktor\u00e1 sa odohr\u00e1va v podivnom svete zni\u010denom vojnou. In\u0161pirovan\u00e1 t\u00e9mami z po\u010diatku 20. storo\u010dia pon\u00faka otvoren\u00e9 presk\u00famavanie, roztr\u00fasen\u00e9 bojov\u00e9 stretnutia a poh\u013eady na zni\u010den\u00fa krajinu formovan\u00fa nekone\u010dn\u00fdm konfliktom.<\/p>\n","protected":false},"featured_media":43790,"comment_status":"open","ping_status":"closed","template":"","meta":{"_acf_changed":false},"product_brand":[],"product_cat":[270,290,268,266,312],"product_tag":[],"class_list":{"0":"post-103145","1":"product","2":"type-product","3":"status-publish","4":"has-post-thumbnail","6":"product_cat-adventury-pc-hry-sk","7":"product_cat-indie-hry-pc-sk","8":"product_cat-pc-sk","9":"product_cat-pc-hry-sk","10":"product_cat-steam-pc-sk","11":"pa_audio-en-us","13":"pa_developer-talking-drums","15":"pa_engine-unreal-engine-5","17":"pa_game_type-main_game","19":"pa_genres-adventure","20":"pa_genres-indie","22":"pa_interface-en-us","24":"pa_keywords-steam-families","25":"pa_modes-single-player","27":"pa_platform-pc-steam","29":"pa_player_perspectives-third-person","31":"pa_publisher-crytivo","33":"pa_rating-773","34":"pa_rating-14441","35":"pa_region-global","37":"pa_subtitles-en-us","39":"pa_themes-action","42":"first","43":"instock","44":"virtual","45":"taxable","46":"purchasable","47":"product-type-simple"},"yoast_head":"<!-- This site is optimized with the Yoast SEO plugin v27.3 - https:\/\/yoast.com\/product\/yoast-seo-wordpress\/ -->\n<title>Trench Tales | BeGamer.cz<\/title>\n<meta name=\"robots\" content=\"index, follow, max-snippet:-1, max-image-preview:large, max-video-preview:-1\" \/>\n<link rel=\"canonical\" href=\"https:\/\/begamer.cz\/sk\/produkt\/trench-tales-sk\/\" \/>\n<meta property=\"og:locale\" content=\"sk_SK\" \/>\n<meta property=\"og:type\" content=\"article\" \/>\n<meta property=\"og:title\" content=\"Trench Tales | BeGamer.cz\" \/>\n<meta property=\"og:description\" content=\"Trench Tales je ak\u010dn\u00e1 hra z poh\u013eadu tretej osoby, ktor\u00e1 sa odohr\u00e1va v podivnom svete zni\u010denom vojnou. In\u0161pirovan\u00e1 t\u00e9mami z po\u010diatku 20. storo\u010dia pon\u00faka otvoren\u00e9 presk\u00famavanie, roztr\u00fasen\u00e9 bojov\u00e9 stretnutia a poh\u013eady na zni\u010den\u00fa krajinu formovan\u00fa nekone\u010dn\u00fdm konfliktom.\" \/>\n<meta property=\"og:url\" content=\"https:\/\/begamer.cz\/sk\/produkt\/trench-tales-sk\/\" \/>\n<meta property=\"og:site_name\" content=\"BeGamer.cz\" \/>\n<meta property=\"article:modified_time\" content=\"2026-03-11T18:05:31+00:00\" \/>\n<meta property=\"og:image\" content=\"https:\/\/begamer.cz\/wp-content\/uploads\/2026\/01\/trench-tales-7.webp\" \/>\n\t<meta property=\"og:image:width\" content=\"300\" \/>\n\t<meta property=\"og:image:height\" content=\"400\" \/>\n\t<meta property=\"og:image:type\" content=\"image\/webp\" \/>\n<meta name=\"twitter:card\" content=\"summary_large_image\" \/>\n<meta name=\"twitter:label1\" content=\"Predpokladan\u00fd \u010das \u010d\u00edtania\" \/>\n\t<meta name=\"twitter:data1\" content=\"3 min\u00faty\" \/>\n<script type=\"application\/ld+json\" class=\"yoast-schema-graph\">{\"@context\":\"https:\\\/\\\/schema.org\",\"@graph\":[{\"@type\":\"WebPage\",\"@id\":\"https:\\\/\\\/begamer.cz\\\/sk\\\/produkt\\\/trench-tales-sk\\\/\",\"url\":\"https:\\\/\\\/begamer.cz\\\/sk\\\/produkt\\\/trench-tales-sk\\\/\",\"name\":\"Trench Tales | BeGamer.cz\",\"isPartOf\":{\"@id\":\"https:\\\/\\\/begamer.cz\\\/sk\\\/#website\"},\"primaryImageOfPage\":{\"@id\":\"https:\\\/\\\/begamer.cz\\\/sk\\\/produkt\\\/trench-tales-sk\\\/#primaryimage\"},\"image\":{\"@id\":\"https:\\\/\\\/begamer.cz\\\/sk\\\/produkt\\\/trench-tales-sk\\\/#primaryimage\"},\"thumbnailUrl\":\"https:\\\/\\\/begamer.cz\\\/wp-content\\\/uploads\\\/2026\\\/01\\\/trench-tales-7.webp\",\"datePublished\":\"2026-01-30T18:13:48+00:00\",\"dateModified\":\"2026-03-11T18:05:31+00:00\",\"breadcrumb\":{\"@id\":\"https:\\\/\\\/begamer.cz\\\/sk\\\/produkt\\\/trench-tales-sk\\\/#breadcrumb\"},\"inLanguage\":\"sk-SK\",\"potentialAction\":[{\"@type\":\"ReadAction\",\"target\":[\"https:\\\/\\\/begamer.cz\\\/sk\\\/produkt\\\/trench-tales-sk\\\/\"]}]},{\"@type\":\"ImageObject\",\"inLanguage\":\"sk-SK\",\"@id\":\"https:\\\/\\\/begamer.cz\\\/sk\\\/produkt\\\/trench-tales-sk\\\/#primaryimage\",\"url\":\"https:\\\/\\\/begamer.cz\\\/wp-content\\\/uploads\\\/2026\\\/01\\\/trench-tales-7.webp\",\"contentUrl\":\"https:\\\/\\\/begamer.cz\\\/wp-content\\\/uploads\\\/2026\\\/01\\\/trench-tales-7.webp\",\"width\":300,\"height\":400},{\"@type\":\"BreadcrumbList\",\"@id\":\"https:\\\/\\\/begamer.cz\\\/sk\\\/produkt\\\/trench-tales-sk\\\/#breadcrumb\",\"itemListElement\":[{\"@type\":\"ListItem\",\"position\":1,\"name\":\"Domov\",\"item\":\"https:\\\/\\\/begamer.cz\\\/sk\\\/\"},{\"@type\":\"ListItem\",\"position\":2,\"name\":\"Obchod\",\"item\":\"https:\\\/\\\/begamer.cz\\\/obchod\\\/\"},{\"@type\":\"ListItem\",\"position\":3,\"name\":\"Trench Tales\"}]},{\"@type\":\"WebSite\",\"@id\":\"https:\\\/\\\/begamer.cz\\\/sk\\\/#website\",\"url\":\"https:\\\/\\\/begamer.cz\\\/sk\\\/\",\"name\":\"BeGamer.cz\",\"description\":\"\",\"publisher\":{\"@id\":\"https:\\\/\\\/begamer.cz\\\/sk\\\/#organization\"},\"potentialAction\":[{\"@type\":\"SearchAction\",\"target\":{\"@type\":\"EntryPoint\",\"urlTemplate\":\"https:\\\/\\\/begamer.cz\\\/sk\\\/?s={search_term_string}\"},\"query-input\":{\"@type\":\"PropertyValueSpecification\",\"valueRequired\":true,\"valueName\":\"search_term_string\"}}],\"inLanguage\":\"sk-SK\"},{\"@type\":\"Organization\",\"@id\":\"https:\\\/\\\/begamer.cz\\\/sk\\\/#organization\",\"name\":\"BeGamer.cz\",\"url\":\"https:\\\/\\\/begamer.cz\\\/sk\\\/\",\"logo\":{\"@type\":\"ImageObject\",\"inLanguage\":\"sk-SK\",\"@id\":\"https:\\\/\\\/begamer.cz\\\/sk\\\/#\\\/schema\\\/logo\\\/image\\\/\",\"url\":\"https:\\\/\\\/begamer.cz\\\/wp-content\\\/uploads\\\/2025\\\/07\\\/logo.svg\",\"contentUrl\":\"https:\\\/\\\/begamer.cz\\\/wp-content\\\/uploads\\\/2025\\\/07\\\/logo.svg\",\"caption\":\"BeGamer.cz\"},\"image\":{\"@id\":\"https:\\\/\\\/begamer.cz\\\/sk\\\/#\\\/schema\\\/logo\\\/image\\\/\"}}]}<\/script>\n<!-- \/ Yoast SEO plugin. -->","yoast_head_json":{"title":"Trench Tales | BeGamer.cz","robots":{"index":"index","follow":"follow","max-snippet":"max-snippet:-1","max-image-preview":"max-image-preview:large","max-video-preview":"max-video-preview:-1"},"canonical":"https:\/\/begamer.cz\/sk\/produkt\/trench-tales-sk\/","og_locale":"sk_SK","og_type":"article","og_title":"Trench Tales | BeGamer.cz","og_description":"Trench Tales je ak\u010dn\u00e1 hra z poh\u013eadu tretej osoby, ktor\u00e1 sa odohr\u00e1va v podivnom svete zni\u010denom vojnou. In\u0161pirovan\u00e1 t\u00e9mami z po\u010diatku 20. storo\u010dia pon\u00faka otvoren\u00e9 presk\u00famavanie, roztr\u00fasen\u00e9 bojov\u00e9 stretnutia a poh\u013eady na zni\u010den\u00fa krajinu formovan\u00fa nekone\u010dn\u00fdm konfliktom.","og_url":"https:\/\/begamer.cz\/sk\/produkt\/trench-tales-sk\/","og_site_name":"BeGamer.cz","article_modified_time":"2026-03-11T18:05:31+00:00","og_image":[{"width":300,"height":400,"url":"https:\/\/begamer.cz\/wp-content\/uploads\/2026\/01\/trench-tales-7.webp","type":"image\/webp"}],"twitter_card":"summary_large_image","twitter_misc":{"Predpokladan\u00fd \u010das \u010d\u00edtania":"3 min\u00faty"},"schema":{"@context":"https:\/\/schema.org","@graph":[{"@type":"WebPage","@id":"https:\/\/begamer.cz\/sk\/produkt\/trench-tales-sk\/","url":"https:\/\/begamer.cz\/sk\/produkt\/trench-tales-sk\/","name":"Trench Tales | BeGamer.cz","isPartOf":{"@id":"https:\/\/begamer.cz\/sk\/#website"},"primaryImageOfPage":{"@id":"https:\/\/begamer.cz\/sk\/produkt\/trench-tales-sk\/#primaryimage"},"image":{"@id":"https:\/\/begamer.cz\/sk\/produkt\/trench-tales-sk\/#primaryimage"},"thumbnailUrl":"https:\/\/begamer.cz\/wp-content\/uploads\/2026\/01\/trench-tales-7.webp","datePublished":"2026-01-30T18:13:48+00:00","dateModified":"2026-03-11T18:05:31+00:00","breadcrumb":{"@id":"https:\/\/begamer.cz\/sk\/produkt\/trench-tales-sk\/#breadcrumb"},"inLanguage":"sk-SK","potentialAction":[{"@type":"ReadAction","target":["https:\/\/begamer.cz\/sk\/produkt\/trench-tales-sk\/"]}]},{"@type":"ImageObject","inLanguage":"sk-SK","@id":"https:\/\/begamer.cz\/sk\/produkt\/trench-tales-sk\/#primaryimage","url":"https:\/\/begamer.cz\/wp-content\/uploads\/2026\/01\/trench-tales-7.webp","contentUrl":"https:\/\/begamer.cz\/wp-content\/uploads\/2026\/01\/trench-tales-7.webp","width":300,"height":400},{"@type":"BreadcrumbList","@id":"https:\/\/begamer.cz\/sk\/produkt\/trench-tales-sk\/#breadcrumb","itemListElement":[{"@type":"ListItem","position":1,"name":"Domov","item":"https:\/\/begamer.cz\/sk\/"},{"@type":"ListItem","position":2,"name":"Obchod","item":"https:\/\/begamer.cz\/obchod\/"},{"@type":"ListItem","position":3,"name":"Trench Tales"}]},{"@type":"WebSite","@id":"https:\/\/begamer.cz\/sk\/#website","url":"https:\/\/begamer.cz\/sk\/","name":"BeGamer.cz","description":"","publisher":{"@id":"https:\/\/begamer.cz\/sk\/#organization"},"potentialAction":[{"@type":"SearchAction","target":{"@type":"EntryPoint","urlTemplate":"https:\/\/begamer.cz\/sk\/?s={search_term_string}"},"query-input":{"@type":"PropertyValueSpecification","valueRequired":true,"valueName":"search_term_string"}}],"inLanguage":"sk-SK"},{"@type":"Organization","@id":"https:\/\/begamer.cz\/sk\/#organization","name":"BeGamer.cz","url":"https:\/\/begamer.cz\/sk\/","logo":{"@type":"ImageObject","inLanguage":"sk-SK","@id":"https:\/\/begamer.cz\/sk\/#\/schema\/logo\/image\/","url":"https:\/\/begamer.cz\/wp-content\/uploads\/2025\/07\/logo.svg","contentUrl":"https:\/\/begamer.cz\/wp-content\/uploads\/2025\/07\/logo.svg","caption":"BeGamer.cz"},"image":{"@id":"https:\/\/begamer.cz\/sk\/#\/schema\/logo\/image\/"}}]}},"acf":[],"_links":{"self":[{"href":"https:\/\/begamer.cz\/sk\/wp-json\/wp\/v2\/product\/103145","targetHints":{"allow":["GET"]}}],"collection":[{"href":"https:\/\/begamer.cz\/sk\/wp-json\/wp\/v2\/product"}],"about":[{"href":"https:\/\/begamer.cz\/sk\/wp-json\/wp\/v2\/types\/product"}],"replies":[{"embeddable":true,"href":"https:\/\/begamer.cz\/sk\/wp-json\/wp\/v2\/comments?post=103145"}],"wp:featuredmedia":[{"embeddable":true,"href":"https:\/\/begamer.cz\/sk\/wp-json\/wp\/v2\/media\/43790"}],"wp:attachment":[{"href":"https:\/\/begamer.cz\/sk\/wp-json\/wp\/v2\/media?parent=103145"}],"wp:term":[{"taxonomy":"product_brand","embeddable":true,"href":"https:\/\/begamer.cz\/sk\/wp-json\/wp\/v2\/product_brand?post=103145"},{"taxonomy":"product_cat","embeddable":true,"href":"https:\/\/begamer.cz\/sk\/wp-json\/wp\/v2\/product_cat?post=103145"},{"taxonomy":"product_tag","embeddable":true,"href":"https:\/\/begamer.cz\/sk\/wp-json\/wp\/v2\/product_tag?post=103145"}],"curies":[{"name":"wp","href":"https:\/\/api.w.org\/{rel}","templated":true}]}}