{"id":103064,"date":"2026-01-30T19:12:48","date_gmt":"2026-01-30T18:12:48","guid":{"rendered":"https:\/\/begamer.cz\/produkt\/capcom-fighting-collection-1-2-sk\/"},"modified":"2026-03-11T18:59:58","modified_gmt":"2026-03-11T17:59:58","slug":"capcom-fighting-collection-1-2-sk","status":"publish","type":"product","link":"https:\/\/begamer.cz\/sk\/produkt\/capcom-fighting-collection-1-2-sk\/","title":{"rendered":"Capcom Fighting Collection 1 & 2 Bundle"},"content":{"rendered":"<p>Za\u017eite 18 legend\u00e1rnych hier z bohatej hist\u00f3rie bojov\u00fdch hier spolo\u010dnosti Capcom!<\/p>\n<p>Obsahuje:<\/p>\n<p>&#8211; Capcom Fighting Collection (10 hier)<br \/>\n&#8211; Capcom Fighting Collection 2 (8 hier)<\/p>\n","protected":false},"excerpt":{"rendered":"<p>Za\u017eite ultim\u00e1tnu antol\u00f3giu bojov\u00fdch hier s bal\u00ed\u010dkom Capcom Fighting Collection 1 &amp; 2. T\u00e1to kolekcia obsahuje kultov\u00e9 klasiky ako Darkstalkers, Cyberbots a Rival Schools a pon\u00faka hodiny intenz\u00edvnych, nostalgick\u00fdch bojov s vylep\u0161en\u00fdmi funkciami a online multiplayerom pre modern\u00e9 hranie.<\/p>\n","protected":false},"featured_media":42897,"comment_status":"open","ping_status":"closed","template":"","meta":{"_acf_changed":false},"product_brand":[],"product_cat":[459,460,398,438],"product_tag":[],"class_list":{"0":"post-103064","1":"product","2":"type-product","3":"status-publish","4":"has-post-thumbnail","6":"product_cat-arkady-xbox-series-x-s-sk","7":"product_cat-bojove-xbox-series-x-s-sk","8":"product_cat-xbox-hry-sk","9":"product_cat-xbox-series-x-s-sk","10":"pa_countries-at","11":"pa_countries-be","12":"pa_countries-bg","13":"pa_countries-cy","14":"pa_countries-cz","16":"pa_countries-de","17":"pa_countries-dk","18":"pa_countries-ee","19":"pa_countries-es","20":"pa_countries-fi","21":"pa_countries-fr","22":"pa_countries-gr","23":"pa_countries-hr","24":"pa_countries-hu","25":"pa_countries-ie","26":"pa_countries-it","27":"pa_countries-lt","28":"pa_countries-lu","29":"pa_countries-lv","30":"pa_countries-mt","31":"pa_countries-nl","32":"pa_countries-pl","33":"pa_countries-pt","34":"pa_countries-ro","35":"pa_countries-se","36":"pa_countries-si","37":"pa_countries-sk","38":"pa_developer-capcom","40":"pa_game_type-bundle","42":"pa_genres-arcade","44":"pa_genres-fighting","45":"pa_interface-ja-jp","47":"pa_keywords-compilation","48":"pa_keywords-street-fighting","49":"pa_modes-multiplayer","51":"pa_modes-single-player","52":"pa_pegi-956","53":"pa_pegi-13432","54":"pa_platform-xbox-one-xbox-series-x-s","56":"pa_player_perspectives-side-view","58":"pa_publisher-capcom","60":"pa_rating-14441","61":"pa_rating-773","62":"pa_region-europe","64":"pa_themes-action","67":"first","68":"instock","69":"virtual","70":"taxable","71":"purchasable","72":"product-type-simple"},"yoast_head":"<!-- This site is optimized with the Yoast SEO plugin v27.3 - https:\/\/yoast.com\/product\/yoast-seo-wordpress\/ -->\n<title>Capcom Fighting Collection 1 &amp; 2 Bundle | BeGamer.cz<\/title>\n<meta name=\"robots\" content=\"index, follow, max-snippet:-1, max-image-preview:large, max-video-preview:-1\" \/>\n<link rel=\"canonical\" href=\"https:\/\/begamer.cz\/sk\/produkt\/capcom-fighting-collection-1-2-sk\/\" \/>\n<meta property=\"og:locale\" content=\"sk_SK\" \/>\n<meta property=\"og:type\" content=\"article\" \/>\n<meta property=\"og:title\" content=\"Capcom Fighting Collection 1 &amp; 2 Bundle | BeGamer.cz\" \/>\n<meta property=\"og:description\" content=\"Za\u017eite ultim\u00e1tnu antol\u00f3giu bojov\u00fdch hier s bal\u00ed\u010dkom Capcom Fighting Collection 1 &amp; 2. T\u00e1to kolekcia obsahuje kultov\u00e9 klasiky ako Darkstalkers, Cyberbots a Rival Schools a pon\u00faka hodiny intenz\u00edvnych, nostalgick\u00fdch bojov s vylep\u0161en\u00fdmi funkciami a online multiplayerom pre modern\u00e9 hranie.\" \/>\n<meta property=\"og:url\" content=\"https:\/\/begamer.cz\/sk\/produkt\/capcom-fighting-collection-1-2-sk\/\" \/>\n<meta property=\"og:site_name\" content=\"BeGamer.cz\" \/>\n<meta property=\"article:modified_time\" content=\"2026-03-11T17:59:58+00:00\" \/>\n<meta property=\"og:image\" content=\"https:\/\/begamer.cz\/wp-content\/uploads\/2026\/01\/capcom-fighting-collection-1-and-2-bundle.webp\" \/>\n\t<meta property=\"og:image:width\" content=\"300\" \/>\n\t<meta property=\"og:image:height\" content=\"400\" \/>\n\t<meta property=\"og:image:type\" content=\"image\/webp\" \/>\n<meta name=\"twitter:card\" content=\"summary_large_image\" \/>\n<script type=\"application\/ld+json\" class=\"yoast-schema-graph\">{\"@context\":\"https:\\\/\\\/schema.org\",\"@graph\":[{\"@type\":\"WebPage\",\"@id\":\"https:\\\/\\\/begamer.cz\\\/sk\\\/produkt\\\/capcom-fighting-collection-1-2-sk\\\/\",\"url\":\"https:\\\/\\\/begamer.cz\\\/sk\\\/produkt\\\/capcom-fighting-collection-1-2-sk\\\/\",\"name\":\"Capcom Fighting Collection 1 & 2 Bundle | BeGamer.cz\",\"isPartOf\":{\"@id\":\"https:\\\/\\\/begamer.cz\\\/sk\\\/#website\"},\"primaryImageOfPage\":{\"@id\":\"https:\\\/\\\/begamer.cz\\\/sk\\\/produkt\\\/capcom-fighting-collection-1-2-sk\\\/#primaryimage\"},\"image\":{\"@id\":\"https:\\\/\\\/begamer.cz\\\/sk\\\/produkt\\\/capcom-fighting-collection-1-2-sk\\\/#primaryimage\"},\"thumbnailUrl\":\"https:\\\/\\\/begamer.cz\\\/wp-content\\\/uploads\\\/2026\\\/01\\\/capcom-fighting-collection-1-and-2-bundle.webp\",\"datePublished\":\"2026-01-30T18:12:48+00:00\",\"dateModified\":\"2026-03-11T17:59:58+00:00\",\"breadcrumb\":{\"@id\":\"https:\\\/\\\/begamer.cz\\\/sk\\\/produkt\\\/capcom-fighting-collection-1-2-sk\\\/#breadcrumb\"},\"inLanguage\":\"sk-SK\",\"potentialAction\":[{\"@type\":\"ReadAction\",\"target\":[\"https:\\\/\\\/begamer.cz\\\/sk\\\/produkt\\\/capcom-fighting-collection-1-2-sk\\\/\"]}]},{\"@type\":\"ImageObject\",\"inLanguage\":\"sk-SK\",\"@id\":\"https:\\\/\\\/begamer.cz\\\/sk\\\/produkt\\\/capcom-fighting-collection-1-2-sk\\\/#primaryimage\",\"url\":\"https:\\\/\\\/begamer.cz\\\/wp-content\\\/uploads\\\/2026\\\/01\\\/capcom-fighting-collection-1-and-2-bundle.webp\",\"contentUrl\":\"https:\\\/\\\/begamer.cz\\\/wp-content\\\/uploads\\\/2026\\\/01\\\/capcom-fighting-collection-1-and-2-bundle.webp\",\"width\":300,\"height\":400},{\"@type\":\"BreadcrumbList\",\"@id\":\"https:\\\/\\\/begamer.cz\\\/sk\\\/produkt\\\/capcom-fighting-collection-1-2-sk\\\/#breadcrumb\",\"itemListElement\":[{\"@type\":\"ListItem\",\"position\":1,\"name\":\"Domov\",\"item\":\"https:\\\/\\\/begamer.cz\\\/sk\\\/\"},{\"@type\":\"ListItem\",\"position\":2,\"name\":\"Obchod\",\"item\":\"https:\\\/\\\/begamer.cz\\\/obchod\\\/\"},{\"@type\":\"ListItem\",\"position\":3,\"name\":\"Capcom Fighting Collection 1 & 2 Bundle\"}]},{\"@type\":\"WebSite\",\"@id\":\"https:\\\/\\\/begamer.cz\\\/sk\\\/#website\",\"url\":\"https:\\\/\\\/begamer.cz\\\/sk\\\/\",\"name\":\"BeGamer.cz\",\"description\":\"\",\"publisher\":{\"@id\":\"https:\\\/\\\/begamer.cz\\\/sk\\\/#organization\"},\"potentialAction\":[{\"@type\":\"SearchAction\",\"target\":{\"@type\":\"EntryPoint\",\"urlTemplate\":\"https:\\\/\\\/begamer.cz\\\/sk\\\/?s={search_term_string}\"},\"query-input\":{\"@type\":\"PropertyValueSpecification\",\"valueRequired\":true,\"valueName\":\"search_term_string\"}}],\"inLanguage\":\"sk-SK\"},{\"@type\":\"Organization\",\"@id\":\"https:\\\/\\\/begamer.cz\\\/sk\\\/#organization\",\"name\":\"BeGamer.cz\",\"url\":\"https:\\\/\\\/begamer.cz\\\/sk\\\/\",\"logo\":{\"@type\":\"ImageObject\",\"inLanguage\":\"sk-SK\",\"@id\":\"https:\\\/\\\/begamer.cz\\\/sk\\\/#\\\/schema\\\/logo\\\/image\\\/\",\"url\":\"https:\\\/\\\/begamer.cz\\\/wp-content\\\/uploads\\\/2025\\\/07\\\/logo.svg\",\"contentUrl\":\"https:\\\/\\\/begamer.cz\\\/wp-content\\\/uploads\\\/2025\\\/07\\\/logo.svg\",\"caption\":\"BeGamer.cz\"},\"image\":{\"@id\":\"https:\\\/\\\/begamer.cz\\\/sk\\\/#\\\/schema\\\/logo\\\/image\\\/\"}}]}<\/script>\n<!-- \/ Yoast SEO plugin. -->","yoast_head_json":{"title":"Capcom Fighting Collection 1 & 2 Bundle | BeGamer.cz","robots":{"index":"index","follow":"follow","max-snippet":"max-snippet:-1","max-image-preview":"max-image-preview:large","max-video-preview":"max-video-preview:-1"},"canonical":"https:\/\/begamer.cz\/sk\/produkt\/capcom-fighting-collection-1-2-sk\/","og_locale":"sk_SK","og_type":"article","og_title":"Capcom Fighting Collection 1 & 2 Bundle | BeGamer.cz","og_description":"Za\u017eite ultim\u00e1tnu antol\u00f3giu bojov\u00fdch hier s bal\u00ed\u010dkom Capcom Fighting Collection 1 &amp; 2. T\u00e1to kolekcia obsahuje kultov\u00e9 klasiky ako Darkstalkers, Cyberbots a Rival Schools a pon\u00faka hodiny intenz\u00edvnych, nostalgick\u00fdch bojov s vylep\u0161en\u00fdmi funkciami a online multiplayerom pre modern\u00e9 hranie.","og_url":"https:\/\/begamer.cz\/sk\/produkt\/capcom-fighting-collection-1-2-sk\/","og_site_name":"BeGamer.cz","article_modified_time":"2026-03-11T17:59:58+00:00","og_image":[{"width":300,"height":400,"url":"https:\/\/begamer.cz\/wp-content\/uploads\/2026\/01\/capcom-fighting-collection-1-and-2-bundle.webp","type":"image\/webp"}],"twitter_card":"summary_large_image","schema":{"@context":"https:\/\/schema.org","@graph":[{"@type":"WebPage","@id":"https:\/\/begamer.cz\/sk\/produkt\/capcom-fighting-collection-1-2-sk\/","url":"https:\/\/begamer.cz\/sk\/produkt\/capcom-fighting-collection-1-2-sk\/","name":"Capcom Fighting Collection 1 & 2 Bundle | BeGamer.cz","isPartOf":{"@id":"https:\/\/begamer.cz\/sk\/#website"},"primaryImageOfPage":{"@id":"https:\/\/begamer.cz\/sk\/produkt\/capcom-fighting-collection-1-2-sk\/#primaryimage"},"image":{"@id":"https:\/\/begamer.cz\/sk\/produkt\/capcom-fighting-collection-1-2-sk\/#primaryimage"},"thumbnailUrl":"https:\/\/begamer.cz\/wp-content\/uploads\/2026\/01\/capcom-fighting-collection-1-and-2-bundle.webp","datePublished":"2026-01-30T18:12:48+00:00","dateModified":"2026-03-11T17:59:58+00:00","breadcrumb":{"@id":"https:\/\/begamer.cz\/sk\/produkt\/capcom-fighting-collection-1-2-sk\/#breadcrumb"},"inLanguage":"sk-SK","potentialAction":[{"@type":"ReadAction","target":["https:\/\/begamer.cz\/sk\/produkt\/capcom-fighting-collection-1-2-sk\/"]}]},{"@type":"ImageObject","inLanguage":"sk-SK","@id":"https:\/\/begamer.cz\/sk\/produkt\/capcom-fighting-collection-1-2-sk\/#primaryimage","url":"https:\/\/begamer.cz\/wp-content\/uploads\/2026\/01\/capcom-fighting-collection-1-and-2-bundle.webp","contentUrl":"https:\/\/begamer.cz\/wp-content\/uploads\/2026\/01\/capcom-fighting-collection-1-and-2-bundle.webp","width":300,"height":400},{"@type":"BreadcrumbList","@id":"https:\/\/begamer.cz\/sk\/produkt\/capcom-fighting-collection-1-2-sk\/#breadcrumb","itemListElement":[{"@type":"ListItem","position":1,"name":"Domov","item":"https:\/\/begamer.cz\/sk\/"},{"@type":"ListItem","position":2,"name":"Obchod","item":"https:\/\/begamer.cz\/obchod\/"},{"@type":"ListItem","position":3,"name":"Capcom Fighting Collection 1 & 2 Bundle"}]},{"@type":"WebSite","@id":"https:\/\/begamer.cz\/sk\/#website","url":"https:\/\/begamer.cz\/sk\/","name":"BeGamer.cz","description":"","publisher":{"@id":"https:\/\/begamer.cz\/sk\/#organization"},"potentialAction":[{"@type":"SearchAction","target":{"@type":"EntryPoint","urlTemplate":"https:\/\/begamer.cz\/sk\/?s={search_term_string}"},"query-input":{"@type":"PropertyValueSpecification","valueRequired":true,"valueName":"search_term_string"}}],"inLanguage":"sk-SK"},{"@type":"Organization","@id":"https:\/\/begamer.cz\/sk\/#organization","name":"BeGamer.cz","url":"https:\/\/begamer.cz\/sk\/","logo":{"@type":"ImageObject","inLanguage":"sk-SK","@id":"https:\/\/begamer.cz\/sk\/#\/schema\/logo\/image\/","url":"https:\/\/begamer.cz\/wp-content\/uploads\/2025\/07\/logo.svg","contentUrl":"https:\/\/begamer.cz\/wp-content\/uploads\/2025\/07\/logo.svg","caption":"BeGamer.cz"},"image":{"@id":"https:\/\/begamer.cz\/sk\/#\/schema\/logo\/image\/"}}]}},"acf":[],"_links":{"self":[{"href":"https:\/\/begamer.cz\/sk\/wp-json\/wp\/v2\/product\/103064","targetHints":{"allow":["GET"]}}],"collection":[{"href":"https:\/\/begamer.cz\/sk\/wp-json\/wp\/v2\/product"}],"about":[{"href":"https:\/\/begamer.cz\/sk\/wp-json\/wp\/v2\/types\/product"}],"replies":[{"embeddable":true,"href":"https:\/\/begamer.cz\/sk\/wp-json\/wp\/v2\/comments?post=103064"}],"wp:featuredmedia":[{"embeddable":true,"href":"https:\/\/begamer.cz\/sk\/wp-json\/wp\/v2\/media\/42897"}],"wp:attachment":[{"href":"https:\/\/begamer.cz\/sk\/wp-json\/wp\/v2\/media?parent=103064"}],"wp:term":[{"taxonomy":"product_brand","embeddable":true,"href":"https:\/\/begamer.cz\/sk\/wp-json\/wp\/v2\/product_brand?post=103064"},{"taxonomy":"product_cat","embeddable":true,"href":"https:\/\/begamer.cz\/sk\/wp-json\/wp\/v2\/product_cat?post=103064"},{"taxonomy":"product_tag","embeddable":true,"href":"https:\/\/begamer.cz\/sk\/wp-json\/wp\/v2\/product_tag?post=103064"}],"curies":[{"name":"wp","href":"https:\/\/api.w.org\/{rel}","templated":true}]}}