{"id":103025,"date":"2026-01-30T19:12:21","date_gmt":"2026-01-30T18:12:21","guid":{"rendered":"https:\/\/begamer.cz\/produkt\/blizzard-battle-net-50-usd-sk\/"},"modified":"2026-03-11T18:58:06","modified_gmt":"2026-03-11T17:58:06","slug":"blizzard-battle-net-50-usd-sk","status":"publish","type":"product","link":"https:\/\/begamer.cz\/sk\/produkt\/blizzard-battle-net-50-usd-sk\/","title":{"rendered":"BLIZZARD BATTLE.net 50 USD"},"content":{"rendered":"<p>Battle.net Balance je elektronick\u00fd kredit, ktor\u00fd m\u00f4\u017eu hr\u00e1\u010di pou\u017ei\u0165 na n\u00e1kup hier a slu\u017eieb spolo\u010dnosti Blizzard Entertainment. Chceli ste niekedy darova\u0165 priate\u013eovi nieko\u013eko bal\u00ed\u010dkov kariet Hearthstone Expert Card Pack? Alebo darova\u0165 svojmu spoluhr\u00e1\u010dovi z World of Warcraft epick\u00e9 jazdeck\u00e9 zviera Iron Skyreaver? M\u00e1me pre v\u00e1s dobr\u00fa spr\u00e1vu! M\u00e1me pre v\u00e1s jedno jednoduch\u00e9 rie\u0161enie \u2013 Battle.net Balance Card Pozn\u00e1mka: Aby bola zaisten\u00e1 bezpe\u010dnos\u0165 ka\u017edej transakcie Battle.net Balance, m\u00f4\u017ee d\u00f4js\u0165 k oneskoreniu, k\u00fdm bude Battle.net Balance k dispoz\u00edcii na pou\u017eitie. Spracovanie n\u00e1kupov kreditnou kartou m\u00f4\u017ee trva\u0165 a\u017e 3 dni. Pou\u017e\u00edvatelia priameho inkasa m\u00f4\u017eu ako alternat\u00edvnu platobn\u00fa met\u00f3du pou\u017ei\u0165 PayPal.<\/p>\n","protected":false},"excerpt":{"rendered":"<p>BLIZZARD BATTLE.net 50 USD je digit\u00e1lny hern\u00fd kredit pre online platformu Blizzard. Pou\u017eite ho na n\u00e1kup hier, roz\u0161\u00edren\u00ed, predmetov v hre a predplatn\u00fdch. Je mo\u017en\u00e9 ho okam\u017eite uplatni\u0165 a pon\u00faka plynul\u00fd sp\u00f4sob, ako vylep\u0161i\u0165 svoj hern\u00fd z\u00e1\u017eitok s Blizzardom v\u010faka flexibiln\u00fdm mo\u017enostiam v\u00fddavkov.<\/p>\n","protected":false},"featured_media":107710,"comment_status":"open","ping_status":"closed","template":"","meta":{"_acf_changed":false},"product_brand":[],"product_cat":[340,462,378,326,328,362,398,438],"product_tag":[],"class_list":{"0":"post-103025","1":"product","2":"type-product","3":"status-publish","4":"has-post-thumbnail","6":"product_cat-darcekove-karty-ps4","7":"product_cat-darcekove-karty-xbox-series-x-s-sk","8":"product_cat-darcekove-karty-ps5","9":"product_cat-playstation-hry-sk","10":"product_cat-ps4-sk","11":"product_cat-ps5-sk","12":"product_cat-xbox-hry-sk","13":"product_cat-xbox-series-x-s-sk","14":"pa_countries-us","16":"pa_game_type-gift_card","18":"pa_platform-pc-battle-net","20":"pa_region-us","23":"first","24":"outofstock","25":"virtual","26":"taxable","27":"purchasable","28":"product-type-simple"},"yoast_head":"<!-- This site is optimized with the Yoast SEO plugin v27.3 - https:\/\/yoast.com\/product\/yoast-seo-wordpress\/ -->\n<title>BLIZZARD BATTLE.net 50 USD | BeGamer.cz<\/title>\n<meta name=\"robots\" content=\"index, follow, max-snippet:-1, max-image-preview:large, max-video-preview:-1\" \/>\n<link rel=\"canonical\" href=\"https:\/\/begamer.cz\/sk\/produkt\/blizzard-battle-net-50-usd-sk\/\" \/>\n<meta property=\"og:locale\" content=\"sk_SK\" \/>\n<meta property=\"og:type\" content=\"article\" \/>\n<meta property=\"og:title\" content=\"BLIZZARD BATTLE.net 50 USD | BeGamer.cz\" \/>\n<meta property=\"og:description\" content=\"BLIZZARD BATTLE.net 50 USD je digit\u00e1lny hern\u00fd kredit pre online platformu Blizzard. Pou\u017eite ho na n\u00e1kup hier, roz\u0161\u00edren\u00ed, predmetov v hre a predplatn\u00fdch. Je mo\u017en\u00e9 ho okam\u017eite uplatni\u0165 a pon\u00faka plynul\u00fd sp\u00f4sob, ako vylep\u0161i\u0165 svoj hern\u00fd z\u00e1\u017eitok s Blizzardom v\u010faka flexibiln\u00fdm mo\u017enostiam v\u00fddavkov.\" \/>\n<meta property=\"og:url\" content=\"https:\/\/begamer.cz\/sk\/produkt\/blizzard-battle-net-50-usd-sk\/\" \/>\n<meta property=\"og:site_name\" content=\"BeGamer.cz\" \/>\n<meta property=\"article:modified_time\" content=\"2026-03-11T17:58:06+00:00\" \/>\n<meta property=\"og:image\" content=\"https:\/\/begamer.cz\/wp-content\/uploads\/2026\/01\/blizzard-battle-net-50-usd.webp\" \/>\n\t<meta property=\"og:image:width\" content=\"300\" \/>\n\t<meta property=\"og:image:height\" content=\"400\" \/>\n\t<meta property=\"og:image:type\" content=\"image\/webp\" \/>\n<meta name=\"twitter:card\" content=\"summary_large_image\" \/>\n<meta name=\"twitter:label1\" content=\"Predpokladan\u00fd \u010das \u010d\u00edtania\" \/>\n\t<meta name=\"twitter:data1\" content=\"1 min\u00fata\" \/>\n<script type=\"application\/ld+json\" class=\"yoast-schema-graph\">{\"@context\":\"https:\\\/\\\/schema.org\",\"@graph\":[{\"@type\":\"WebPage\",\"@id\":\"https:\\\/\\\/begamer.cz\\\/sk\\\/produkt\\\/blizzard-battle-net-50-usd-sk\\\/\",\"url\":\"https:\\\/\\\/begamer.cz\\\/sk\\\/produkt\\\/blizzard-battle-net-50-usd-sk\\\/\",\"name\":\"BLIZZARD BATTLE.net 50 USD | BeGamer.cz\",\"isPartOf\":{\"@id\":\"https:\\\/\\\/begamer.cz\\\/sk\\\/#website\"},\"primaryImageOfPage\":{\"@id\":\"https:\\\/\\\/begamer.cz\\\/sk\\\/produkt\\\/blizzard-battle-net-50-usd-sk\\\/#primaryimage\"},\"image\":{\"@id\":\"https:\\\/\\\/begamer.cz\\\/sk\\\/produkt\\\/blizzard-battle-net-50-usd-sk\\\/#primaryimage\"},\"thumbnailUrl\":\"https:\\\/\\\/begamer.cz\\\/wp-content\\\/uploads\\\/2026\\\/01\\\/blizzard-battle-net-50-usd.webp\",\"datePublished\":\"2026-01-30T18:12:21+00:00\",\"dateModified\":\"2026-03-11T17:58:06+00:00\",\"breadcrumb\":{\"@id\":\"https:\\\/\\\/begamer.cz\\\/sk\\\/produkt\\\/blizzard-battle-net-50-usd-sk\\\/#breadcrumb\"},\"inLanguage\":\"sk-SK\",\"potentialAction\":[{\"@type\":\"ReadAction\",\"target\":[\"https:\\\/\\\/begamer.cz\\\/sk\\\/produkt\\\/blizzard-battle-net-50-usd-sk\\\/\"]}]},{\"@type\":\"ImageObject\",\"inLanguage\":\"sk-SK\",\"@id\":\"https:\\\/\\\/begamer.cz\\\/sk\\\/produkt\\\/blizzard-battle-net-50-usd-sk\\\/#primaryimage\",\"url\":\"https:\\\/\\\/begamer.cz\\\/wp-content\\\/uploads\\\/2026\\\/01\\\/blizzard-battle-net-50-usd.webp\",\"contentUrl\":\"https:\\\/\\\/begamer.cz\\\/wp-content\\\/uploads\\\/2026\\\/01\\\/blizzard-battle-net-50-usd.webp\",\"width\":300,\"height\":400},{\"@type\":\"BreadcrumbList\",\"@id\":\"https:\\\/\\\/begamer.cz\\\/sk\\\/produkt\\\/blizzard-battle-net-50-usd-sk\\\/#breadcrumb\",\"itemListElement\":[{\"@type\":\"ListItem\",\"position\":1,\"name\":\"Domov\",\"item\":\"https:\\\/\\\/begamer.cz\\\/sk\\\/\"},{\"@type\":\"ListItem\",\"position\":2,\"name\":\"Obchod\",\"item\":\"https:\\\/\\\/begamer.cz\\\/obchod\\\/\"},{\"@type\":\"ListItem\",\"position\":3,\"name\":\"BLIZZARD BATTLE.net 50 USD\"}]},{\"@type\":\"WebSite\",\"@id\":\"https:\\\/\\\/begamer.cz\\\/sk\\\/#website\",\"url\":\"https:\\\/\\\/begamer.cz\\\/sk\\\/\",\"name\":\"BeGamer.cz\",\"description\":\"\",\"publisher\":{\"@id\":\"https:\\\/\\\/begamer.cz\\\/sk\\\/#organization\"},\"potentialAction\":[{\"@type\":\"SearchAction\",\"target\":{\"@type\":\"EntryPoint\",\"urlTemplate\":\"https:\\\/\\\/begamer.cz\\\/sk\\\/?s={search_term_string}\"},\"query-input\":{\"@type\":\"PropertyValueSpecification\",\"valueRequired\":true,\"valueName\":\"search_term_string\"}}],\"inLanguage\":\"sk-SK\"},{\"@type\":\"Organization\",\"@id\":\"https:\\\/\\\/begamer.cz\\\/sk\\\/#organization\",\"name\":\"BeGamer.cz\",\"url\":\"https:\\\/\\\/begamer.cz\\\/sk\\\/\",\"logo\":{\"@type\":\"ImageObject\",\"inLanguage\":\"sk-SK\",\"@id\":\"https:\\\/\\\/begamer.cz\\\/sk\\\/#\\\/schema\\\/logo\\\/image\\\/\",\"url\":\"https:\\\/\\\/begamer.cz\\\/wp-content\\\/uploads\\\/2025\\\/07\\\/logo.svg\",\"contentUrl\":\"https:\\\/\\\/begamer.cz\\\/wp-content\\\/uploads\\\/2025\\\/07\\\/logo.svg\",\"caption\":\"BeGamer.cz\"},\"image\":{\"@id\":\"https:\\\/\\\/begamer.cz\\\/sk\\\/#\\\/schema\\\/logo\\\/image\\\/\"}}]}<\/script>\n<!-- \/ Yoast SEO plugin. -->","yoast_head_json":{"title":"BLIZZARD BATTLE.net 50 USD | BeGamer.cz","robots":{"index":"index","follow":"follow","max-snippet":"max-snippet:-1","max-image-preview":"max-image-preview:large","max-video-preview":"max-video-preview:-1"},"canonical":"https:\/\/begamer.cz\/sk\/produkt\/blizzard-battle-net-50-usd-sk\/","og_locale":"sk_SK","og_type":"article","og_title":"BLIZZARD BATTLE.net 50 USD | BeGamer.cz","og_description":"BLIZZARD BATTLE.net 50 USD je digit\u00e1lny hern\u00fd kredit pre online platformu Blizzard. Pou\u017eite ho na n\u00e1kup hier, roz\u0161\u00edren\u00ed, predmetov v hre a predplatn\u00fdch. Je mo\u017en\u00e9 ho okam\u017eite uplatni\u0165 a pon\u00faka plynul\u00fd sp\u00f4sob, ako vylep\u0161i\u0165 svoj hern\u00fd z\u00e1\u017eitok s Blizzardom v\u010faka flexibiln\u00fdm mo\u017enostiam v\u00fddavkov.","og_url":"https:\/\/begamer.cz\/sk\/produkt\/blizzard-battle-net-50-usd-sk\/","og_site_name":"BeGamer.cz","article_modified_time":"2026-03-11T17:58:06+00:00","og_image":[{"width":300,"height":400,"url":"https:\/\/begamer.cz\/wp-content\/uploads\/2026\/01\/blizzard-battle-net-50-usd.webp","type":"image\/webp"}],"twitter_card":"summary_large_image","twitter_misc":{"Predpokladan\u00fd \u010das \u010d\u00edtania":"1 min\u00fata"},"schema":{"@context":"https:\/\/schema.org","@graph":[{"@type":"WebPage","@id":"https:\/\/begamer.cz\/sk\/produkt\/blizzard-battle-net-50-usd-sk\/","url":"https:\/\/begamer.cz\/sk\/produkt\/blizzard-battle-net-50-usd-sk\/","name":"BLIZZARD BATTLE.net 50 USD | BeGamer.cz","isPartOf":{"@id":"https:\/\/begamer.cz\/sk\/#website"},"primaryImageOfPage":{"@id":"https:\/\/begamer.cz\/sk\/produkt\/blizzard-battle-net-50-usd-sk\/#primaryimage"},"image":{"@id":"https:\/\/begamer.cz\/sk\/produkt\/blizzard-battle-net-50-usd-sk\/#primaryimage"},"thumbnailUrl":"https:\/\/begamer.cz\/wp-content\/uploads\/2026\/01\/blizzard-battle-net-50-usd.webp","datePublished":"2026-01-30T18:12:21+00:00","dateModified":"2026-03-11T17:58:06+00:00","breadcrumb":{"@id":"https:\/\/begamer.cz\/sk\/produkt\/blizzard-battle-net-50-usd-sk\/#breadcrumb"},"inLanguage":"sk-SK","potentialAction":[{"@type":"ReadAction","target":["https:\/\/begamer.cz\/sk\/produkt\/blizzard-battle-net-50-usd-sk\/"]}]},{"@type":"ImageObject","inLanguage":"sk-SK","@id":"https:\/\/begamer.cz\/sk\/produkt\/blizzard-battle-net-50-usd-sk\/#primaryimage","url":"https:\/\/begamer.cz\/wp-content\/uploads\/2026\/01\/blizzard-battle-net-50-usd.webp","contentUrl":"https:\/\/begamer.cz\/wp-content\/uploads\/2026\/01\/blizzard-battle-net-50-usd.webp","width":300,"height":400},{"@type":"BreadcrumbList","@id":"https:\/\/begamer.cz\/sk\/produkt\/blizzard-battle-net-50-usd-sk\/#breadcrumb","itemListElement":[{"@type":"ListItem","position":1,"name":"Domov","item":"https:\/\/begamer.cz\/sk\/"},{"@type":"ListItem","position":2,"name":"Obchod","item":"https:\/\/begamer.cz\/obchod\/"},{"@type":"ListItem","position":3,"name":"BLIZZARD BATTLE.net 50 USD"}]},{"@type":"WebSite","@id":"https:\/\/begamer.cz\/sk\/#website","url":"https:\/\/begamer.cz\/sk\/","name":"BeGamer.cz","description":"","publisher":{"@id":"https:\/\/begamer.cz\/sk\/#organization"},"potentialAction":[{"@type":"SearchAction","target":{"@type":"EntryPoint","urlTemplate":"https:\/\/begamer.cz\/sk\/?s={search_term_string}"},"query-input":{"@type":"PropertyValueSpecification","valueRequired":true,"valueName":"search_term_string"}}],"inLanguage":"sk-SK"},{"@type":"Organization","@id":"https:\/\/begamer.cz\/sk\/#organization","name":"BeGamer.cz","url":"https:\/\/begamer.cz\/sk\/","logo":{"@type":"ImageObject","inLanguage":"sk-SK","@id":"https:\/\/begamer.cz\/sk\/#\/schema\/logo\/image\/","url":"https:\/\/begamer.cz\/wp-content\/uploads\/2025\/07\/logo.svg","contentUrl":"https:\/\/begamer.cz\/wp-content\/uploads\/2025\/07\/logo.svg","caption":"BeGamer.cz"},"image":{"@id":"https:\/\/begamer.cz\/sk\/#\/schema\/logo\/image\/"}}]}},"acf":[],"_links":{"self":[{"href":"https:\/\/begamer.cz\/sk\/wp-json\/wp\/v2\/product\/103025","targetHints":{"allow":["GET"]}}],"collection":[{"href":"https:\/\/begamer.cz\/sk\/wp-json\/wp\/v2\/product"}],"about":[{"href":"https:\/\/begamer.cz\/sk\/wp-json\/wp\/v2\/types\/product"}],"replies":[{"embeddable":true,"href":"https:\/\/begamer.cz\/sk\/wp-json\/wp\/v2\/comments?post=103025"}],"wp:featuredmedia":[{"embeddable":true,"href":"https:\/\/begamer.cz\/sk\/wp-json\/wp\/v2\/media\/107710"}],"wp:attachment":[{"href":"https:\/\/begamer.cz\/sk\/wp-json\/wp\/v2\/media?parent=103025"}],"wp:term":[{"taxonomy":"product_brand","embeddable":true,"href":"https:\/\/begamer.cz\/sk\/wp-json\/wp\/v2\/product_brand?post=103025"},{"taxonomy":"product_cat","embeddable":true,"href":"https:\/\/begamer.cz\/sk\/wp-json\/wp\/v2\/product_cat?post=103025"},{"taxonomy":"product_tag","embeddable":true,"href":"https:\/\/begamer.cz\/sk\/wp-json\/wp\/v2\/product_tag?post=103025"}],"curies":[{"name":"wp","href":"https:\/\/api.w.org\/{rel}","templated":true}]}}