{"id":102932,"date":"2026-01-30T19:11:00","date_gmt":"2026-01-30T18:11:00","guid":{"rendered":"https:\/\/begamer.cz\/produkt\/hexguardian-sk\/"},"modified":"2026-03-11T18:49:10","modified_gmt":"2026-03-11T17:49:10","slug":"hexguardian-sk","status":"publish","type":"product","link":"https:\/\/begamer.cz\/sk\/produkt\/hexguardian-sk\/","title":{"rendered":"Hexguardian"},"content":{"rendered":"<p><strong><\/p>\n<h2 class=\"bb_tag\" >Vychutnajte si dva odli\u0161n\u00e9 sp\u00f4soby hrania hry, a to \u0161tandardn\u00fd re\u017eim a re\u017eim v\u00fdziev.<\/h2>\n<p><\/strong><br \/><strong>\u0160tandardn\u00fd re\u017eim \u2013<\/strong> V \u0161tandardnom hernom re\u017eime budete ma\u0165 pr\u00edstup k rozsiahlemu technologick\u00e9mu stromu.  Vyu\u017eite body z\u00edskan\u00e9 z predch\u00e1dzaj\u00facich hier na odomknutie nov\u00fdch ve\u017e\u00ed, jednotiek, vylep\u0161en\u00ed, divov a \u010fal\u0161\u00edch vec\u00ed. Po dokon\u010den\u00ed hier odomknete aj nov\u00e9 mapy a nastavenia obtia\u017enosti.<br \/><strong>V\u00fdzva \u2013<\/strong> Prijmite v\u00fdzvu, ktor\u00e1 sa ka\u017ed\u00fd t\u00fd\u017ede\u0148 men\u00ed. Vyberte si svoje v\u00fdhody, m\u00fadro vyu\u017e\u00edvajte svoje obmedzen\u00e9 zdroje a s\u00fa\u0165a\u017ete v t\u00fd\u017edennom rebr\u00ed\u010dku.<\/p>\n<p><strong><\/p>\n<h2 class=\"bb_tag\" >Vytvorte si svoje kr\u00e1\u013eovstvo a ovl\u00e1dajte cesty nepriate\u013eov pomocou n\u00e1hodne generovan\u00fdch \u0161es\u0165uholn\u00edkov\u00fdch dla\u017ed\u00edc.<\/h2>\n<p><\/strong><\/p>\n<p><span class=\"bb_img_ctn\"><video class=\"bb_img\" autoplay muted loop playsinline crossorigin=\"anonymous\" poster=\"https:\/\/shared.akamai.steamstatic.com\/store_item_assets\/steam\/apps\/2381740\/extras\/7959c9e1fb2b851623d1455ec0d5da94.poster.avif?t=1728986537\" width=600 height=140 ><source src=\"https:\/\/shared.akamai.steamstatic.com\/store_item_assets\/steam\/apps\/2381740\/extras\/7959c9e1fb2b851623d1455ec0d5da94.webm?t=1728986537\" type=\"video\/webm; codecs=vp9\"><\/video><\/span><br \/>Zab\u00edjajte nepriate\u013eov, aby ste z\u00edskali \u0161es\u0165uholn\u00edkov\u00e9 dla\u017edice mapy, spojte tieto dla\u017edice s existuj\u00facimi cestami, aby ste vytvorili dlh\u0161ie trasy, z\u00edskali lep\u0161ie mo\u017enosti umiestnenia budov alebo uzavreli okruh, aby ste zabr\u00e1nili nepriate\u013eom v spawnovan\u00ed z port\u00e1lov.<\/p>\n<p><strong><\/p>\n<h2 class=\"bb_tag\" >Stavajte ve\u017ee, verbujte arm\u00e1dy a nau\u010dte sa k\u00fazla, aby ste porazili nepriate\u013eov na zemi, na mori aj vo vzduchu.<\/h2>\n<p><\/strong><br \/><span class=\"bb_img_ctn\"><video class=\"bb_img\" autoplay muted loop playsinline crossorigin=\"anonymous\" poster=\"https:\/\/shared.akamai.steamstatic.com\/store_item_assets\/steam\/apps\/2381740\/extras\/458c3fce787511c93ab8da480262e981.poster.avif?t=1728986537\" width=600 height=140 ><source src=\"https:\/\/shared.akamai.steamstatic.com\/store_item_assets\/steam\/apps\/2381740\/extras\/458c3fce787511c93ab8da480262e981.webm?t=1728986537\" type=\"video\/webm; codecs=vp9\"><\/video><\/span><br \/>Vyberte si strat\u00e9giu na obranu svojho kr\u00e1\u013eovstva. Postavte r\u00f4zne ve\u017ee, od jednoduch\u00fdch vystre\u013eova\u010dov \u0161\u00edpov a b\u00f4mb a\u017e po ohniv\u00e9 a \u013eadov\u00e9 ve\u017ee. N\u00e1jmite arm\u00e1dy me\u010diarov, lukostrelcov a \u010fal\u0161\u00edch a nau\u010dte sa mocn\u00e9 k\u00fazla, ktor\u00e9 spomalia a po\u0161kodia nepriate\u013eov, ke\u010f nap\u00e1daj\u00fa zo zeme, mora a vzduchu!<\/p>\n<p><strong><\/p>\n<h2 class=\"bb_tag\" >Stavajte ve\u013ekolep\u00e9 divy, ktor\u00e9 zvr\u00e1tia priebeh bitky.<\/h2>\n<p><\/strong><br \/><span class=\"bb_img_ctn\"><video class=\"bb_img\" autoplay muted loop playsinline crossorigin=\"anonymous\" poster=\"https:\/\/shared.akamai.steamstatic.com\/store_item_assets\/steam\/apps\/2381740\/extras\/4a34a8f2c8d0e9d32348a15fda901beb.poster.avif?t=1728986537\" width=600 height=140 ><source src=\"https:\/\/shared.akamai.steamstatic.com\/store_item_assets\/steam\/apps\/2381740\/extras\/4a34a8f2c8d0e9d32348a15fda901beb.webm?t=1728986537\" type=\"video\/webm; codecs=vp9\"><\/video><\/span><br \/>Postavte ve\u013ek\u00e9 divy s jedine\u010dn\u00fdmi a mocn\u00fdmi schopnos\u0165ami, ktor\u00e9 oto\u010dia priebeh bitky. Postavte podporn\u00e9 budovy, ako s\u00fa trhy a vetern\u00e9 mlyny, aby ste z\u00edskali \u010fal\u0161ie zlato na n\u00e1kup v\u00e4\u010d\u0161ej palebnej sily a vylep\u0161en\u00ed.<\/p>\n<p><strong><\/p>\n<h2 class=\"bb_tag\" >Vyu\u017eite prostredie vo svoj prospech<\/h2>\n<p><\/strong><br \/><span class=\"bb_img_ctn\"><video class=\"bb_img\" autoplay muted loop playsinline crossorigin=\"anonymous\" poster=\"https:\/\/shared.akamai.steamstatic.com\/store_item_assets\/steam\/apps\/2381740\/extras\/6dfb106bca2f5ed64650d7f16fbc3272.poster.avif?t=1728986537\" width=600 height=140 ><source src=\"https:\/\/shared.akamai.steamstatic.com\/store_item_assets\/steam\/apps\/2381740\/extras\/6dfb106bca2f5ed64650d7f16fbc3272.webm?t=1728986537\" type=\"video\/webm; codecs=vp9\"><\/video><\/span><br \/>Vyu\u017eite ter\u00e9n a prostredie vo svoj prospech, umiestnite ve\u017ee na vy\u0161\u0161ie polohy, aby ste zv\u00fd\u0161ili ich dosah na map\u00e1ch vrchov\u00edn, alebo ovl\u00e1dajte po\u010dasie, aby ste spomalili alebo po\u0161kodili nepriate\u013eov. Kombinujte prvky, aby ste vyvolali mocn\u00e9 element\u00e1rne reakcie.<\/p>\n<p><strong><\/p>\n<h2 class=\"bb_tag\" >Porazte n\u00e1ro\u010dn\u00fdch bossov a z\u00edskajte po\u017eehnania.<\/h2>\n<p><\/strong><br \/><span class=\"bb_img_ctn\"><video class=\"bb_img\" autoplay muted loop playsinline crossorigin=\"anonymous\" poster=\"https:\/\/shared.akamai.steamstatic.com\/store_item_assets\/steam\/apps\/2381740\/extras\/f26593fe27e3d8cf6c05ea655cfc18cd.poster.avif?t=1728986537\" width=600 height=140 ><source src=\"https:\/\/shared.akamai.steamstatic.com\/store_item_assets\/steam\/apps\/2381740\/extras\/f26593fe27e3d8cf6c05ea655cfc18cd.webm?t=1728986537\" type=\"video\/webm; codecs=vp9\"><\/video><\/span><br \/>Porazte bossov, aby ste odomkli \u0161irok\u00fa \u0161k\u00e1lu po\u017eehnan\u00ed, ktor\u00e9 v\u00e1m umo\u017enia zarobi\u0165 viac zlata, zv\u00fd\u0161i\u0165 dosah a po\u0161kodenie va\u0161ich obrann\u00fdch mechanizmov, zv\u00fd\u0161i\u0165 silu k\u00faziel a mnoho \u010fal\u0161ieho.<\/p>\n<p><strong><\/p>\n<h2 class=\"bb_tag\" >Pre\u017eite \u010do najviac dn\u00ed, aby ste odomkli nov\u00e9 mapy, budovy, jednotky, k\u00fazla a divy. <\/h2>\n<p><\/strong><\/p>\n<p>Z\u00edskavajte trofeje za ka\u017ed\u00fd de\u0148, ktor\u00fd pre\u017eijete, a potom ich pou\u017eite na odomknutie nov\u00fdch ve\u017e\u00ed, jednotiek, k\u00faziel, z\u00e1zrakov a \u010fal\u0161\u00edch vylep\u0161en\u00ed a upgradeov. Pre\u017eite dostato\u010dne dlho, aby ste odomkli nov\u00e9 mapy a nastavenia obtia\u017enosti.<\/p>\n","protected":false},"excerpt":{"rendered":"<p>Hexguardian je roguelite hra typu tower defense, v ktorej si vytv\u00e1ra\u0161 vlastn\u00e9 mapy pomocou \u0161es\u0165uholn\u00edkov\u00fdch dla\u017ed\u00edc! Stavaj a vylep\u0161uj ve\u017ee, verbuj arm\u00e1dy, u\u010d sa k\u00fazla, buduj divy a umiest\u0148uj \u0161es\u0165uholn\u00edkov\u00e9 dla\u017edice, aby si vytvoril cestu na posilnenie svojej obrany. S mno\u017estvom hern\u00fdch re\u017eimov a talentov, ktor\u00e9 m\u00f4\u017ee\u0161 odomkn\u00fa\u0165!<\/p>\n","protected":false},"featured_media":43310,"comment_status":"open","ping_status":"closed","template":"","meta":{"_acf_changed":false},"product_brand":[],"product_cat":[294,268,266,312,318],"product_tag":[],"class_list":{"0":"post-102932","1":"product","2":"type-product","3":"status-publish","4":"has-post-thumbnail","6":"product_cat-logicke-pc-hry-sk","7":"product_cat-pc-sk","8":"product_cat-pc-hry-sk","9":"product_cat-steam-pc-sk","10":"product_cat-strategie-pc-hry-sk","11":"pa_audio-en-us","12":"pa_audio-ja-jp","13":"pa_audio-ko-kr","14":"pa_audio-zh-cn","15":"pa_audio-zh-tw","17":"pa_countries-ad","18":"pa_countries-ae","19":"pa_countries-af","20":"pa_countries-ag","21":"pa_countries-ai","22":"pa_countries-al","23":"pa_countries-am","24":"pa_countries-ao","25":"pa_countries-aq","26":"pa_countries-ar","27":"pa_countries-as","28":"pa_countries-at","29":"pa_countries-au","30":"pa_countries-aw","31":"pa_countries-ax","32":"pa_countries-az","33":"pa_countries-ba","34":"pa_countries-bb","35":"pa_countries-bd","36":"pa_countries-be","37":"pa_countries-bf","38":"pa_countries-bg","39":"pa_countries-bh","40":"pa_countries-bi","41":"pa_countries-bj","42":"pa_countries-bl","43":"pa_countries-bm","44":"pa_countries-bn","45":"pa_countries-bo","46":"pa_countries-bq","47":"pa_countries-br","48":"pa_countries-bs","49":"pa_countries-bt","50":"pa_countries-bv","51":"pa_countries-bw","52":"pa_countries-bz","53":"pa_countries-ca","54":"pa_countries-cc","55":"pa_countries-cd","56":"pa_countries-cf","57":"pa_countries-cg","58":"pa_countries-ch","59":"pa_countries-ci","60":"pa_countries-ck","61":"pa_countries-cl","62":"pa_countries-cm","63":"pa_countries-cn","64":"pa_countries-co","65":"pa_countries-cr","66":"pa_countries-cu","67":"pa_countries-cv","68":"pa_countries-cw","69":"pa_countries-cx","70":"pa_countries-cy","71":"pa_countries-cz","72":"pa_countries-de","73":"pa_countries-dj","74":"pa_countries-dk","75":"pa_countries-dm","76":"pa_countries-do","77":"pa_countries-dz","78":"pa_countries-ec","79":"pa_countries-ee","80":"pa_countries-eg","81":"pa_countries-eh","82":"pa_countries-er","83":"pa_countries-es","84":"pa_countries-et","85":"pa_countries-fi","86":"pa_countries-fj","87":"pa_countries-fk","88":"pa_countries-fm","89":"pa_countries-fo","90":"pa_countries-fr","91":"pa_countries-ga","92":"pa_countries-gb","93":"pa_countries-gd","94":"pa_countries-ge","95":"pa_countries-gf","96":"pa_countries-gg","97":"pa_countries-gh","98":"pa_countries-gi","99":"pa_countries-gl","100":"pa_countries-gm","101":"pa_countries-gn","102":"pa_countries-gp","103":"pa_countries-gq","104":"pa_countries-gr","105":"pa_countries-gs","106":"pa_countries-gt","107":"pa_countries-gu","108":"pa_countries-gw","109":"pa_countries-gy","110":"pa_countries-hk","111":"pa_countries-hm","112":"pa_countries-hn","113":"pa_countries-hr","114":"pa_countries-ht","115":"pa_countries-hu","116":"pa_countries-id","117":"pa_countries-ie","118":"pa_countries-il","119":"pa_countries-im","120":"pa_countries-in","121":"pa_countries-io","122":"pa_countries-iq","123":"pa_countries-ir","124":"pa_countries-is","125":"pa_countries-it","126":"pa_countries-je","127":"pa_countries-jm","128":"pa_countries-jo","129":"pa_countries-jp","130":"pa_countries-ke","131":"pa_countries-kg","132":"pa_countries-kh","133":"pa_countries-ki","134":"pa_countries-km","135":"pa_countries-kn","136":"pa_countries-kp","137":"pa_countries-kr","138":"pa_countries-kw","139":"pa_countries-ky","140":"pa_countries-kz","141":"pa_countries-la","142":"pa_countries-lb","143":"pa_countries-lc","144":"pa_countries-li","145":"pa_countries-lk","146":"pa_countries-lr","147":"pa_countries-ls","148":"pa_countries-lt","149":"pa_countries-lu","150":"pa_countries-lv","151":"pa_countries-ly","152":"pa_countries-ma","153":"pa_countries-mc","154":"pa_countries-md","155":"pa_countries-me","156":"pa_countries-mf","157":"pa_countries-mg","158":"pa_countries-mh","159":"pa_countries-mk","160":"pa_countries-ml","161":"pa_countries-mm","162":"pa_countries-mn","163":"pa_countries-mo","164":"pa_countries-mp","165":"pa_countries-mq","166":"pa_countries-mr","167":"pa_countries-ms","168":"pa_countries-mt","169":"pa_countries-mu","170":"pa_countries-mv","171":"pa_countries-mw","172":"pa_countries-mx","173":"pa_countries-my","174":"pa_countries-mz","175":"pa_countries-na","176":"pa_countries-nc","177":"pa_countries-ne","178":"pa_countries-nf","179":"pa_countries-ng","180":"pa_countries-ni","181":"pa_countries-nl","182":"pa_countries-no","183":"pa_countries-np","184":"pa_countries-nr","185":"pa_countries-nu","186":"pa_countries-nz","187":"pa_countries-om","188":"pa_countries-pa","189":"pa_countries-pe","190":"pa_countries-pf","191":"pa_countries-pg","192":"pa_countries-ph","193":"pa_countries-pk","194":"pa_countries-pl","195":"pa_countries-pm","196":"pa_countries-pn","197":"pa_countries-pr","198":"pa_countries-ps","199":"pa_countries-pt","200":"pa_countries-pw","201":"pa_countries-py","202":"pa_countries-qa","203":"pa_countries-re","204":"pa_countries-ro","205":"pa_countries-rs","206":"pa_countries-rw","207":"pa_countries-sa","208":"pa_countries-sb","209":"pa_countries-sc","210":"pa_countries-sd","211":"pa_countries-se","212":"pa_countries-sg","213":"pa_countries-sh","214":"pa_countries-si","215":"pa_countries-sj","216":"pa_countries-sk","217":"pa_countries-sl","218":"pa_countries-sm","219":"pa_countries-sn","220":"pa_countries-so","221":"pa_countries-sr","222":"pa_countries-ss","224":"pa_countries-st","225":"pa_countries-sv","226":"pa_countries-sx","227":"pa_countries-sy","228":"pa_countries-sz","229":"pa_countries-tc","230":"pa_countries-td","231":"pa_countries-tf","232":"pa_countries-tg","233":"pa_countries-th","234":"pa_countries-tj","235":"pa_countries-tk","236":"pa_countries-tl","237":"pa_countries-tm","238":"pa_countries-tn","239":"pa_countries-to","240":"pa_countries-tr","241":"pa_countries-tt","242":"pa_countries-tv","243":"pa_countries-tw","244":"pa_countries-tz","245":"pa_countries-ua","246":"pa_countries-ug","247":"pa_countries-um","248":"pa_countries-us","249":"pa_countries-uy","250":"pa_countries-uz","251":"pa_countries-va","252":"pa_countries-vc","253":"pa_countries-ve","254":"pa_countries-vg","255":"pa_countries-vi","256":"pa_countries-vn","257":"pa_countries-vu","258":"pa_countries-wf","259":"pa_countries-ws","260":"pa_countries-xk","261":"pa_countries-ye","262":"pa_countries-yt","263":"pa_countries-za","264":"pa_countries-zm","265":"pa_countries-zw","266":"pa_developer-split-second-games","268":"pa_game_type-main_game","270":"pa_genres-puzzle","272":"pa_genres-strategy","273":"pa_interface-en-us","274":"pa_interface-ja-jp","275":"pa_interface-ko-kr","277":"pa_interface-zh-cn","278":"pa_interface-zh-tw","279":"pa_keywords-roguelike","280":"pa_keywords-roguelite","282":"pa_keywords-tower-defense","283":"pa_modes-single-player","285":"pa_platform-pc-steam","287":"pa_player_perspectives-bird-view-isometric","289":"pa_publisher-yogscast-games","291":"pa_rating-773","292":"pa_rating-14441","293":"pa_region-global","295":"pa_subtitles-en-us","296":"pa_subtitles-ja-jp","297":"pa_subtitles-ko-kr","299":"pa_subtitles-zh-cn","300":"pa_subtitles-zh-tw","301":"pa_themes-action","304":"first","305":"instock","306":"virtual","307":"taxable","308":"purchasable","309":"product-type-simple"},"yoast_head":"<!-- This site is optimized with the Yoast SEO plugin v27.3 - https:\/\/yoast.com\/product\/yoast-seo-wordpress\/ -->\n<title>Hexguardian | BeGamer.cz<\/title>\n<meta name=\"robots\" content=\"index, follow, max-snippet:-1, max-image-preview:large, max-video-preview:-1\" \/>\n<link rel=\"canonical\" href=\"https:\/\/begamer.cz\/sk\/produkt\/hexguardian-sk\/\" \/>\n<meta property=\"og:locale\" content=\"sk_SK\" \/>\n<meta property=\"og:type\" content=\"article\" \/>\n<meta property=\"og:title\" content=\"Hexguardian | BeGamer.cz\" \/>\n<meta property=\"og:description\" content=\"Hexguardian je roguelite hra typu tower defense, v ktorej si vytv\u00e1ra\u0161 vlastn\u00e9 mapy pomocou \u0161es\u0165uholn\u00edkov\u00fdch dla\u017ed\u00edc! Stavaj a vylep\u0161uj ve\u017ee, verbuj arm\u00e1dy, u\u010d sa k\u00fazla, buduj divy a umiest\u0148uj \u0161es\u0165uholn\u00edkov\u00e9 dla\u017edice, aby si vytvoril cestu na posilnenie svojej obrany. S mno\u017estvom hern\u00fdch re\u017eimov a talentov, ktor\u00e9 m\u00f4\u017ee\u0161 odomkn\u00fa\u0165!\" \/>\n<meta property=\"og:url\" content=\"https:\/\/begamer.cz\/sk\/produkt\/hexguardian-sk\/\" \/>\n<meta property=\"og:site_name\" content=\"BeGamer.cz\" \/>\n<meta property=\"article:modified_time\" content=\"2026-03-11T17:49:10+00:00\" \/>\n<meta property=\"og:image\" content=\"https:\/\/begamer.cz\/wp-content\/uploads\/2026\/01\/hexguardian-6.webp\" \/>\n\t<meta property=\"og:image:width\" content=\"300\" \/>\n\t<meta property=\"og:image:height\" content=\"400\" \/>\n\t<meta property=\"og:image:type\" content=\"image\/webp\" \/>\n<meta name=\"twitter:card\" content=\"summary_large_image\" \/>\n<meta name=\"twitter:label1\" content=\"Predpokladan\u00fd \u010das \u010d\u00edtania\" \/>\n\t<meta name=\"twitter:data1\" content=\"2 min\u00faty\" \/>\n<script type=\"application\/ld+json\" class=\"yoast-schema-graph\">{\"@context\":\"https:\\\/\\\/schema.org\",\"@graph\":[{\"@type\":\"WebPage\",\"@id\":\"https:\\\/\\\/begamer.cz\\\/sk\\\/produkt\\\/hexguardian-sk\\\/\",\"url\":\"https:\\\/\\\/begamer.cz\\\/sk\\\/produkt\\\/hexguardian-sk\\\/\",\"name\":\"Hexguardian | BeGamer.cz\",\"isPartOf\":{\"@id\":\"https:\\\/\\\/begamer.cz\\\/sk\\\/#website\"},\"primaryImageOfPage\":{\"@id\":\"https:\\\/\\\/begamer.cz\\\/sk\\\/produkt\\\/hexguardian-sk\\\/#primaryimage\"},\"image\":{\"@id\":\"https:\\\/\\\/begamer.cz\\\/sk\\\/produkt\\\/hexguardian-sk\\\/#primaryimage\"},\"thumbnailUrl\":\"https:\\\/\\\/begamer.cz\\\/wp-content\\\/uploads\\\/2026\\\/01\\\/hexguardian-6.webp\",\"datePublished\":\"2026-01-30T18:11:00+00:00\",\"dateModified\":\"2026-03-11T17:49:10+00:00\",\"breadcrumb\":{\"@id\":\"https:\\\/\\\/begamer.cz\\\/sk\\\/produkt\\\/hexguardian-sk\\\/#breadcrumb\"},\"inLanguage\":\"sk-SK\",\"potentialAction\":[{\"@type\":\"ReadAction\",\"target\":[\"https:\\\/\\\/begamer.cz\\\/sk\\\/produkt\\\/hexguardian-sk\\\/\"]}]},{\"@type\":\"ImageObject\",\"inLanguage\":\"sk-SK\",\"@id\":\"https:\\\/\\\/begamer.cz\\\/sk\\\/produkt\\\/hexguardian-sk\\\/#primaryimage\",\"url\":\"https:\\\/\\\/begamer.cz\\\/wp-content\\\/uploads\\\/2026\\\/01\\\/hexguardian-6.webp\",\"contentUrl\":\"https:\\\/\\\/begamer.cz\\\/wp-content\\\/uploads\\\/2026\\\/01\\\/hexguardian-6.webp\",\"width\":300,\"height\":400},{\"@type\":\"BreadcrumbList\",\"@id\":\"https:\\\/\\\/begamer.cz\\\/sk\\\/produkt\\\/hexguardian-sk\\\/#breadcrumb\",\"itemListElement\":[{\"@type\":\"ListItem\",\"position\":1,\"name\":\"Domov\",\"item\":\"https:\\\/\\\/begamer.cz\\\/sk\\\/\"},{\"@type\":\"ListItem\",\"position\":2,\"name\":\"Obchod\",\"item\":\"https:\\\/\\\/begamer.cz\\\/obchod\\\/\"},{\"@type\":\"ListItem\",\"position\":3,\"name\":\"Hexguardian\"}]},{\"@type\":\"WebSite\",\"@id\":\"https:\\\/\\\/begamer.cz\\\/sk\\\/#website\",\"url\":\"https:\\\/\\\/begamer.cz\\\/sk\\\/\",\"name\":\"BeGamer.cz\",\"description\":\"\",\"publisher\":{\"@id\":\"https:\\\/\\\/begamer.cz\\\/sk\\\/#organization\"},\"potentialAction\":[{\"@type\":\"SearchAction\",\"target\":{\"@type\":\"EntryPoint\",\"urlTemplate\":\"https:\\\/\\\/begamer.cz\\\/sk\\\/?s={search_term_string}\"},\"query-input\":{\"@type\":\"PropertyValueSpecification\",\"valueRequired\":true,\"valueName\":\"search_term_string\"}}],\"inLanguage\":\"sk-SK\"},{\"@type\":\"Organization\",\"@id\":\"https:\\\/\\\/begamer.cz\\\/sk\\\/#organization\",\"name\":\"BeGamer.cz\",\"url\":\"https:\\\/\\\/begamer.cz\\\/sk\\\/\",\"logo\":{\"@type\":\"ImageObject\",\"inLanguage\":\"sk-SK\",\"@id\":\"https:\\\/\\\/begamer.cz\\\/sk\\\/#\\\/schema\\\/logo\\\/image\\\/\",\"url\":\"https:\\\/\\\/begamer.cz\\\/wp-content\\\/uploads\\\/2025\\\/07\\\/logo.svg\",\"contentUrl\":\"https:\\\/\\\/begamer.cz\\\/wp-content\\\/uploads\\\/2025\\\/07\\\/logo.svg\",\"caption\":\"BeGamer.cz\"},\"image\":{\"@id\":\"https:\\\/\\\/begamer.cz\\\/sk\\\/#\\\/schema\\\/logo\\\/image\\\/\"}}]}<\/script>\n<!-- \/ Yoast SEO plugin. -->","yoast_head_json":{"title":"Hexguardian | BeGamer.cz","robots":{"index":"index","follow":"follow","max-snippet":"max-snippet:-1","max-image-preview":"max-image-preview:large","max-video-preview":"max-video-preview:-1"},"canonical":"https:\/\/begamer.cz\/sk\/produkt\/hexguardian-sk\/","og_locale":"sk_SK","og_type":"article","og_title":"Hexguardian | BeGamer.cz","og_description":"Hexguardian je roguelite hra typu tower defense, v ktorej si vytv\u00e1ra\u0161 vlastn\u00e9 mapy pomocou \u0161es\u0165uholn\u00edkov\u00fdch dla\u017ed\u00edc! Stavaj a vylep\u0161uj ve\u017ee, verbuj arm\u00e1dy, u\u010d sa k\u00fazla, buduj divy a umiest\u0148uj \u0161es\u0165uholn\u00edkov\u00e9 dla\u017edice, aby si vytvoril cestu na posilnenie svojej obrany. S mno\u017estvom hern\u00fdch re\u017eimov a talentov, ktor\u00e9 m\u00f4\u017ee\u0161 odomkn\u00fa\u0165!","og_url":"https:\/\/begamer.cz\/sk\/produkt\/hexguardian-sk\/","og_site_name":"BeGamer.cz","article_modified_time":"2026-03-11T17:49:10+00:00","og_image":[{"width":300,"height":400,"url":"https:\/\/begamer.cz\/wp-content\/uploads\/2026\/01\/hexguardian-6.webp","type":"image\/webp"}],"twitter_card":"summary_large_image","twitter_misc":{"Predpokladan\u00fd \u010das \u010d\u00edtania":"2 min\u00faty"},"schema":{"@context":"https:\/\/schema.org","@graph":[{"@type":"WebPage","@id":"https:\/\/begamer.cz\/sk\/produkt\/hexguardian-sk\/","url":"https:\/\/begamer.cz\/sk\/produkt\/hexguardian-sk\/","name":"Hexguardian | BeGamer.cz","isPartOf":{"@id":"https:\/\/begamer.cz\/sk\/#website"},"primaryImageOfPage":{"@id":"https:\/\/begamer.cz\/sk\/produkt\/hexguardian-sk\/#primaryimage"},"image":{"@id":"https:\/\/begamer.cz\/sk\/produkt\/hexguardian-sk\/#primaryimage"},"thumbnailUrl":"https:\/\/begamer.cz\/wp-content\/uploads\/2026\/01\/hexguardian-6.webp","datePublished":"2026-01-30T18:11:00+00:00","dateModified":"2026-03-11T17:49:10+00:00","breadcrumb":{"@id":"https:\/\/begamer.cz\/sk\/produkt\/hexguardian-sk\/#breadcrumb"},"inLanguage":"sk-SK","potentialAction":[{"@type":"ReadAction","target":["https:\/\/begamer.cz\/sk\/produkt\/hexguardian-sk\/"]}]},{"@type":"ImageObject","inLanguage":"sk-SK","@id":"https:\/\/begamer.cz\/sk\/produkt\/hexguardian-sk\/#primaryimage","url":"https:\/\/begamer.cz\/wp-content\/uploads\/2026\/01\/hexguardian-6.webp","contentUrl":"https:\/\/begamer.cz\/wp-content\/uploads\/2026\/01\/hexguardian-6.webp","width":300,"height":400},{"@type":"BreadcrumbList","@id":"https:\/\/begamer.cz\/sk\/produkt\/hexguardian-sk\/#breadcrumb","itemListElement":[{"@type":"ListItem","position":1,"name":"Domov","item":"https:\/\/begamer.cz\/sk\/"},{"@type":"ListItem","position":2,"name":"Obchod","item":"https:\/\/begamer.cz\/obchod\/"},{"@type":"ListItem","position":3,"name":"Hexguardian"}]},{"@type":"WebSite","@id":"https:\/\/begamer.cz\/sk\/#website","url":"https:\/\/begamer.cz\/sk\/","name":"BeGamer.cz","description":"","publisher":{"@id":"https:\/\/begamer.cz\/sk\/#organization"},"potentialAction":[{"@type":"SearchAction","target":{"@type":"EntryPoint","urlTemplate":"https:\/\/begamer.cz\/sk\/?s={search_term_string}"},"query-input":{"@type":"PropertyValueSpecification","valueRequired":true,"valueName":"search_term_string"}}],"inLanguage":"sk-SK"},{"@type":"Organization","@id":"https:\/\/begamer.cz\/sk\/#organization","name":"BeGamer.cz","url":"https:\/\/begamer.cz\/sk\/","logo":{"@type":"ImageObject","inLanguage":"sk-SK","@id":"https:\/\/begamer.cz\/sk\/#\/schema\/logo\/image\/","url":"https:\/\/begamer.cz\/wp-content\/uploads\/2025\/07\/logo.svg","contentUrl":"https:\/\/begamer.cz\/wp-content\/uploads\/2025\/07\/logo.svg","caption":"BeGamer.cz"},"image":{"@id":"https:\/\/begamer.cz\/sk\/#\/schema\/logo\/image\/"}}]}},"acf":[],"_links":{"self":[{"href":"https:\/\/begamer.cz\/sk\/wp-json\/wp\/v2\/product\/102932","targetHints":{"allow":["GET"]}}],"collection":[{"href":"https:\/\/begamer.cz\/sk\/wp-json\/wp\/v2\/product"}],"about":[{"href":"https:\/\/begamer.cz\/sk\/wp-json\/wp\/v2\/types\/product"}],"replies":[{"embeddable":true,"href":"https:\/\/begamer.cz\/sk\/wp-json\/wp\/v2\/comments?post=102932"}],"wp:featuredmedia":[{"embeddable":true,"href":"https:\/\/begamer.cz\/sk\/wp-json\/wp\/v2\/media\/43310"}],"wp:attachment":[{"href":"https:\/\/begamer.cz\/sk\/wp-json\/wp\/v2\/media?parent=102932"}],"wp:term":[{"taxonomy":"product_brand","embeddable":true,"href":"https:\/\/begamer.cz\/sk\/wp-json\/wp\/v2\/product_brand?post=102932"},{"taxonomy":"product_cat","embeddable":true,"href":"https:\/\/begamer.cz\/sk\/wp-json\/wp\/v2\/product_cat?post=102932"},{"taxonomy":"product_tag","embeddable":true,"href":"https:\/\/begamer.cz\/sk\/wp-json\/wp\/v2\/product_tag?post=102932"}],"curies":[{"name":"wp","href":"https:\/\/api.w.org\/{rel}","templated":true}]}}