{"id":102920,"date":"2026-01-30T19:10:49","date_gmt":"2026-01-30T18:10:49","guid":{"rendered":"https:\/\/begamer.cz\/produkt\/post-trauma-sk\/"},"modified":"2026-03-11T18:48:57","modified_gmt":"2026-03-11T17:48:57","slug":"post-trauma-sk","status":"publish","type":"product","link":"https:\/\/begamer.cz\/sk\/produkt\/post-trauma-sk\/","title":{"rendered":"Post Trauma"},"content":{"rendered":"<h1>O hre<\/h1>\n<p class=\"bb_paragraph\" ><span class=\"bb_img_ctn\"><img decoding=\"async\" class=\"bb_img\" src=\"https:\/\/shared.akamai.steamstatic.com\/store_item_assets\/steam\/apps\/1750030\/extras\/f5df7f5ea957de1a6e528e3f3f17994d.avif?t=1750716313\" width=612 height=244 \/><\/span><\/p>\n<p class=\"bb_paragraph\" ><strong>Post Trauma<\/strong> je logick\u00e1 hororov\u00e1 hra a Red Soul Games je mal\u00e9 \u0161t\u00fadio zlo\u017een\u00e9 z fan\u00fa\u0161ikov old school survival hororov. In\u0161pirovali sme sa viacer\u00fdmi klasick\u00fdmi hrami, ktor\u00e9 definovali tento \u017e\u00e1ner, a ver\u00edme, \u017ee to je vidie\u0165!<\/p>\n<ul class=\"bb_ul\">\n<li>\n<p class=\"bb_paragraph\" ><strong>Zameran\u00e1 na h\u00e1danky: <\/strong>Ur\u010den\u00e1 pre hr\u00e1\u010dov, ktor\u00ed h\u013eadaj\u00fa v\u00fdzvu. H\u00e1danky v \u0161t\u00fdle \u00fanikov\u00fdch miestnost\u00ed, ktor\u00e9 vy\u017eaduj\u00fa, aby ste si pozorne prezreli svoje okolie. Odpor\u00fa\u010dame pero a papier.<\/p>\n<\/li>\n<li>\n<p class=\"bb_paragraph\" ><strong>Retro atmosf\u00e9ra:<\/strong> Zahrajte si modern\u00fa survival hororov\u00fa hru cez retro optiku. Pevn\u00e9 kamery. Ulo\u017een\u00e9 miestnosti (s obmedzen\u00fdm ukladan\u00edm v \u0165a\u017ekom re\u017eime). A neust\u00e1le nap\u00e4tie budovan\u00e9 atmosf\u00e9rou.<\/p>\n<\/li>\n<li>\n<p class=\"bb_paragraph\" ><strong>Bojujte s hrozbami<\/strong>: Alebo sa rozhodnite, \u017ee nebudete! Nie ka\u017ed\u00fd nepriate\u013e mus\u00ed by\u0165 porazen\u00fd alebo stretnutie vyhr\u00e1t\u00e9, tak\u017ee si svoje boje vyberajte m\u00fadro!<\/p>\n<\/li>\n<li>\n<p class=\"bb_paragraph\" ><strong>Viac perspekt\u00edv:<\/strong> Gloom nie je tak\u00fd osamel\u00fd, ako sa na prv\u00fd poh\u013ead zd\u00e1, preto\u017ee pr\u00edbeh Post Trauma je rozpr\u00e1van\u00fd z viacer\u00fdch perspekt\u00edv s pln\u00fdm dabingom.<\/p>\n<\/li>\n<\/ul>\n<p class=\"bb_paragraph\" >\n<p class=\"bb_paragraph\" ><span class=\"bb_img_ctn\"><video class=\"bb_img\" autoplay muted loop playsinline crossorigin=\"anonymous\" poster=\"https:\/\/shared.akamai.steamstatic.com\/store_item_assets\/steam\/apps\/1750030\/extras\/41f0ea82768bd7e57af5526e25c4785d.poster.avif?t=1750716313\" width=616 height=200 ><source src=\"https:\/\/shared.akamai.steamstatic.com\/store_item_assets\/steam\/apps\/1750030\/extras\/41f0ea82768bd7e57af5526e25c4785d.webm?t=1750716313\" type=\"video\/webm; codecs=vp9\"><\/video><\/span><\/p>\n<p class=\"bb_paragraph\" >V hre Post Trauma hr\u00e1\u010di ovl\u00e1daj\u00fa Romana (Togo Igawa), mu\u010den\u00e9ho vlakov\u00e9ho sprievodcu, ktor\u00fd sa po stra\u0161nej panike prebud\u00ed v surrealistickej dimenzii. Tv\u00e1rou v tv\u00e1r desivej architekt\u00fare a no\u010dn\u00fdm mor\u00e1m m\u00f4\u017ee Roman zvoli\u0165, \u010di sa bude br\u00e1ni\u0165 pomocou zbran\u00ed, alebo sa pok\u00fasi n\u00e1js\u0165 cestu najmen\u0161ieho odporu.  <\/p>\n<p class=\"bb_paragraph\" ><span class=\"bb_img_ctn\"><video class=\"bb_img\" autoplay muted loop playsinline crossorigin=\"anonymous\" poster=\"https:\/\/shared.akamai.steamstatic.com\/store_item_assets\/steam\/apps\/1750030\/extras\/0c48fabb4188e4af8282695113ad2b1d.poster.avif?t=1750716313\" width=616 height=200 ><source src=\"https:\/\/shared.akamai.steamstatic.com\/store_item_assets\/steam\/apps\/1750030\/extras\/0c48fabb4188e4af8282695113ad2b1d.webm?t=1750716313\" type=\"video\/webm; codecs=vp9\"><\/video><\/span><\/p>\n<p class=\"bb_paragraph\" >In\u0161pirovan\u00fd k\u013e\u00fa\u010dov\u00fdmi prvkami \u017e\u00e1nru Survival Horror, Post Trauma kombinuje pevn\u00e9 uhly kamery s ohromuj\u00facou grafikou prostredn\u00edctvom Unreal Engine 5, aby vytvoril skuto\u010dne znepokojuj\u00faci, ale z\u00e1rove\u0148 zn\u00e1my hororov\u00fd z\u00e1\u017eitok. Ale pr\u00e1ve ke\u010f si mysl\u00edte, \u017ee m\u00e1te odpovede, t\u00e1to pekeln\u00e1 krajina men\u00ed ot\u00e1zky, ke\u010f vst\u00fapite do nezn\u00e1ma, aby ste \u010delili svojim najv\u00e4\u010d\u0161\u00edm strachom. <\/p>\n<p class=\"bb_paragraph\" ><span class=\"bb_img_ctn\"><video class=\"bb_img\" autoplay muted loop playsinline crossorigin=\"anonymous\" poster=\"https:\/\/shared.akamai.steamstatic.com\/store_item_assets\/steam\/apps\/1750030\/extras\/732a7d3b72d7649e2827bbafae9c40d4.poster.avif?t=1750716313\" width=616 height=200 ><source src=\"https:\/\/shared.akamai.steamstatic.com\/store_item_assets\/steam\/apps\/1750030\/extras\/732a7d3b72d7649e2827bbafae9c40d4.webm?t=1750716313\" type=\"video\/webm; codecs=vp9\"><\/video><\/span><\/p>\n<p class=\"bb_paragraph\" >\n<p class=\"bb_paragraph\" >Aby ste pre\u017eili v tomto krutom svete, mus\u00edte posklada\u0165 pokra\u010duj\u00facu z\u00e1hadu naprie\u010d nieko\u013ek\u00fdmi zdanlivo nes\u00favisiacimi prostred\u00edm. Dedukovanie v\u00e1\u0161ho okolia s cie\u013eom n\u00e1js\u0165 nepravdepodobn\u00e9 n\u00e1povedy a objavovanie cenn\u00fdch n\u00e1strojov na neo\u010dak\u00e1van\u00fdch miestach v\u00e1m pom\u00f4\u017ee dosiahnu\u0165 \u010fal\u0161\u00ed pokrok.  <\/p>\n<p class=\"bb_paragraph\" >Ako budete nach\u00e1dza\u0165 stopy a rie\u0161i\u0165 h\u00e1danky, postupne sa dozviete viac o tom, kde sa nach\u00e1dzate a ako m\u00f4\u017eete unikn\u00fa\u0165, pri\u010dom na pre\u017eitie budete potrebova\u0165 citliv\u00fa kombin\u00e1ciu trpezlivosti a pref\u00edkanosti. A mo\u017eno aj blok a papier.<\/p>\n<p class=\"bb_paragraph\" ><span class=\"bb_img_ctn\"><video class=\"bb_img\" autoplay muted loop playsinline crossorigin=\"anonymous\" poster=\"https:\/\/shared.akamai.steamstatic.com\/store_item_assets\/steam\/apps\/1750030\/extras\/fd25747a8d87ea34dbd0624c1f82fe1e.poster.avif?t=1750716313\" width=616 height=200 ><source src=\"https:\/\/shared.akamai.steamstatic.com\/store_item_assets\/steam\/apps\/1750030\/extras\/fd25747a8d87ea34dbd0624c1f82fe1e.webm?t=1750716313\" type=\"video\/webm; codecs=vp9\"><\/video><\/span><\/p>\n<p class=\"bb_paragraph\" >S plne dabovan\u00fdm obsaden\u00edm (Togo Igawa, Autumn Ivy, Hyoie O\u2019Grady) a podmanivou ambientnou zvukovou kulisou, umocnenou hypnotickou hudbou Nicolasa Gaspariniho (Myuu), bola hra Post Trauma vytvoren\u00e1 ako pocta ob\u013e\u00faben\u00fdm s\u00e9ri\u00e1m a nov\u00e9 spojenie hern\u00fdch \u0161t\u00fdlov. Cie\u013eom je vytvori\u0165 naozaj v\u00fdnimo\u010dn\u00fd, nezabudnute\u013en\u00fd hororov\u00fd z\u00e1\u017eitok, poh\u00e1\u0148an\u00fd \u010distou v\u00e1\u0161\u0148ou a neuverite\u013en\u00fdm talentom. <\/p>\n","protected":false},"excerpt":{"rendered":"<p>Hra typu puzzle horror in\u0161pirovan\u00e1 klasikami z \u00e9ry PS2. Prech\u00e1dzajte prostred\u00edm, \u010delite hrozb\u00e1m a stret\u00e1vajte sa s \u010fal\u0161\u00edmi straten\u00fdmi postavami v hlbin\u00e1ch Gloomu.<\/p>\n","protected":false},"featured_media":43175,"comment_status":"open","ping_status":"closed","template":"","meta":{"_acf_changed":false},"product_brand":[],"product_cat":[270,290,294,268,266,312],"product_tag":[],"class_list":{"0":"post-102920","1":"product","2":"type-product","3":"status-publish","4":"has-post-thumbnail","6":"product_cat-adventury-pc-hry-sk","7":"product_cat-indie-hry-pc-sk","8":"product_cat-logicke-pc-hry-sk","9":"product_cat-pc-sk","10":"product_cat-pc-hry-sk","11":"product_cat-steam-pc-sk","12":"pa_audio-en-us","14":"pa_countries-ad","15":"pa_countries-ae","16":"pa_countries-af","17":"pa_countries-ag","18":"pa_countries-ai","19":"pa_countries-al","20":"pa_countries-am","21":"pa_countries-ao","22":"pa_countries-aq","23":"pa_countries-ar","24":"pa_countries-as","25":"pa_countries-at","26":"pa_countries-au","27":"pa_countries-aw","28":"pa_countries-ax","29":"pa_countries-az","30":"pa_countries-ba","31":"pa_countries-bb","32":"pa_countries-bd","33":"pa_countries-be","34":"pa_countries-bf","35":"pa_countries-bg","36":"pa_countries-bh","37":"pa_countries-bi","38":"pa_countries-bj","39":"pa_countries-bl","40":"pa_countries-bm","41":"pa_countries-bn","42":"pa_countries-bo","43":"pa_countries-bq","44":"pa_countries-br","45":"pa_countries-bs","46":"pa_countries-bt","47":"pa_countries-bv","48":"pa_countries-bw","49":"pa_countries-bz","50":"pa_countries-ca","51":"pa_countries-cc","52":"pa_countries-cd","53":"pa_countries-cf","54":"pa_countries-cg","55":"pa_countries-ch","56":"pa_countries-ci","57":"pa_countries-ck","58":"pa_countries-cl","59":"pa_countries-cm","60":"pa_countries-cn","61":"pa_countries-co","62":"pa_countries-cr","63":"pa_countries-cu","64":"pa_countries-cv","65":"pa_countries-cw","66":"pa_countries-cx","67":"pa_countries-cy","68":"pa_countries-cz","69":"pa_countries-de","70":"pa_countries-dj","71":"pa_countries-dk","72":"pa_countries-dm","73":"pa_countries-do","74":"pa_countries-dz","75":"pa_countries-ec","76":"pa_countries-ee","77":"pa_countries-eg","78":"pa_countries-eh","79":"pa_countries-er","80":"pa_countries-es","81":"pa_countries-et","82":"pa_countries-fi","83":"pa_countries-fj","84":"pa_countries-fk","85":"pa_countries-fm","86":"pa_countries-fo","87":"pa_countries-fr","88":"pa_countries-ga","89":"pa_countries-gb","90":"pa_countries-gd","91":"pa_countries-ge","92":"pa_countries-gf","93":"pa_countries-gg","94":"pa_countries-gh","95":"pa_countries-gi","96":"pa_countries-gl","97":"pa_countries-gm","98":"pa_countries-gn","99":"pa_countries-gp","100":"pa_countries-gq","101":"pa_countries-gr","102":"pa_countries-gs","103":"pa_countries-gt","104":"pa_countries-gu","105":"pa_countries-gw","106":"pa_countries-gy","107":"pa_countries-hk","108":"pa_countries-hm","109":"pa_countries-hn","110":"pa_countries-hr","111":"pa_countries-ht","112":"pa_countries-hu","113":"pa_countries-id","114":"pa_countries-ie","115":"pa_countries-il","116":"pa_countries-im","117":"pa_countries-in","118":"pa_countries-io","119":"pa_countries-iq","120":"pa_countries-ir","121":"pa_countries-is","122":"pa_countries-it","123":"pa_countries-je","124":"pa_countries-jm","125":"pa_countries-jo","126":"pa_countries-jp","127":"pa_countries-ke","128":"pa_countries-kg","129":"pa_countries-kh","130":"pa_countries-ki","131":"pa_countries-km","132":"pa_countries-kn","133":"pa_countries-kp","134":"pa_countries-kr","135":"pa_countries-kw","136":"pa_countries-ky","137":"pa_countries-kz","138":"pa_countries-la","139":"pa_countries-lb","140":"pa_countries-lc","141":"pa_countries-li","142":"pa_countries-lk","143":"pa_countries-lr","144":"pa_countries-ls","145":"pa_countries-lt","146":"pa_countries-lu","147":"pa_countries-lv","148":"pa_countries-ly","149":"pa_countries-ma","150":"pa_countries-mc","151":"pa_countries-md","152":"pa_countries-me","153":"pa_countries-mf","154":"pa_countries-mg","155":"pa_countries-mh","156":"pa_countries-mk","157":"pa_countries-ml","158":"pa_countries-mm","159":"pa_countries-mn","160":"pa_countries-mo","161":"pa_countries-mp","162":"pa_countries-mq","163":"pa_countries-mr","164":"pa_countries-ms","165":"pa_countries-mt","166":"pa_countries-mu","167":"pa_countries-mv","168":"pa_countries-mw","169":"pa_countries-mx","170":"pa_countries-my","171":"pa_countries-mz","172":"pa_countries-na","173":"pa_countries-nc","174":"pa_countries-ne","175":"pa_countries-nf","176":"pa_countries-ng","177":"pa_countries-ni","178":"pa_countries-nl","179":"pa_countries-no","180":"pa_countries-np","181":"pa_countries-nr","182":"pa_countries-nu","183":"pa_countries-nz","184":"pa_countries-om","185":"pa_countries-pa","186":"pa_countries-pe","187":"pa_countries-pf","188":"pa_countries-pg","189":"pa_countries-ph","190":"pa_countries-pk","191":"pa_countries-pl","192":"pa_countries-pm","193":"pa_countries-pn","194":"pa_countries-pr","195":"pa_countries-ps","196":"pa_countries-pt","197":"pa_countries-pw","198":"pa_countries-py","199":"pa_countries-qa","200":"pa_countries-re","201":"pa_countries-ro","202":"pa_countries-rs","203":"pa_countries-rw","204":"pa_countries-sa","205":"pa_countries-sb","206":"pa_countries-sc","207":"pa_countries-sd","208":"pa_countries-se","209":"pa_countries-sg","210":"pa_countries-sh","211":"pa_countries-si","212":"pa_countries-sj","213":"pa_countries-sk","214":"pa_countries-sl","215":"pa_countries-sm","216":"pa_countries-sn","217":"pa_countries-so","218":"pa_countries-sr","219":"pa_countries-ss","221":"pa_countries-st","222":"pa_countries-sv","223":"pa_countries-sx","224":"pa_countries-sy","225":"pa_countries-sz","226":"pa_countries-tc","227":"pa_countries-td","228":"pa_countries-tf","229":"pa_countries-tg","230":"pa_countries-th","231":"pa_countries-tj","232":"pa_countries-tk","233":"pa_countries-tl","234":"pa_countries-tm","235":"pa_countries-tn","236":"pa_countries-to","237":"pa_countries-tr","238":"pa_countries-tt","239":"pa_countries-tv","240":"pa_countries-tw","241":"pa_countries-tz","242":"pa_countries-ua","243":"pa_countries-ug","244":"pa_countries-um","245":"pa_countries-us","246":"pa_countries-uy","247":"pa_countries-uz","248":"pa_countries-va","249":"pa_countries-vc","250":"pa_countries-ve","251":"pa_countries-vg","252":"pa_countries-vi","253":"pa_countries-vn","254":"pa_countries-vu","255":"pa_countries-wf","256":"pa_countries-ws","257":"pa_countries-xk","258":"pa_countries-ye","259":"pa_countries-yt","260":"pa_countries-za","261":"pa_countries-zm","262":"pa_countries-zw","263":"pa_developer-red-soul-games","265":"pa_engine-unreal-engine-5","267":"pa_game_type-main_game","269":"pa_genres-adventure","270":"pa_genres-indie","271":"pa_genres-puzzle","273":"pa_interface-de-de","274":"pa_interface-en-us","275":"pa_interface-es-es","276":"pa_interface-es-mx","277":"pa_interface-ja-jp","278":"pa_interface-pt-br","280":"pa_interface-zh-cn","281":"pa_keywords-atmospheric","282":"pa_keywords-cinematic","283":"pa_keywords-fixed-camera","284":"pa_keywords-full-voice-acting","285":"pa_keywords-male-protagonist","286":"pa_keywords-psychological-horror","287":"pa_keywords-surreal","288":"pa_keywords-survival-horror","290":"pa_keywords-zombies","291":"pa_modes-single-player","293":"pa_pegi-13426","294":"pa_pegi-794","295":"pa_platform-pc-steam","297":"pa_player_perspectives-first-person","299":"pa_player_perspectives-third-person","300":"pa_publisher-raw-fury","302":"pa_rating-14441","303":"pa_rating-773","304":"pa_region-global","306":"pa_subtitles-de-de","308":"pa_subtitles-en-us","309":"pa_subtitles-es-es","310":"pa_subtitles-es-mx","311":"pa_subtitles-ja-jp","312":"pa_subtitles-pt-br","313":"pa_subtitles-zh-cn","314":"pa_themes-horror","316":"pa_themes-thriller","318":"first","319":"instock","320":"virtual","321":"taxable","322":"purchasable","323":"product-type-simple"},"yoast_head":"<!-- This site is optimized with the Yoast SEO plugin v27.3 - https:\/\/yoast.com\/product\/yoast-seo-wordpress\/ -->\n<title>Post Trauma | BeGamer.cz<\/title>\n<meta name=\"robots\" content=\"index, follow, max-snippet:-1, max-image-preview:large, max-video-preview:-1\" \/>\n<link rel=\"canonical\" href=\"https:\/\/begamer.cz\/sk\/produkt\/post-trauma-sk\/\" \/>\n<meta property=\"og:locale\" content=\"sk_SK\" \/>\n<meta property=\"og:type\" content=\"article\" \/>\n<meta property=\"og:title\" content=\"Post Trauma | BeGamer.cz\" \/>\n<meta property=\"og:description\" content=\"Hra typu puzzle horror in\u0161pirovan\u00e1 klasikami z \u00e9ry PS2. Prech\u00e1dzajte prostred\u00edm, \u010delite hrozb\u00e1m a stret\u00e1vajte sa s \u010fal\u0161\u00edmi straten\u00fdmi postavami v hlbin\u00e1ch Gloomu.\" \/>\n<meta property=\"og:url\" content=\"https:\/\/begamer.cz\/sk\/produkt\/post-trauma-sk\/\" \/>\n<meta property=\"og:site_name\" content=\"BeGamer.cz\" \/>\n<meta property=\"article:modified_time\" content=\"2026-03-11T17:48:57+00:00\" \/>\n<meta property=\"og:image\" content=\"https:\/\/begamer.cz\/wp-content\/uploads\/2026\/01\/post-trauma-13.webp\" \/>\n\t<meta property=\"og:image:width\" content=\"300\" \/>\n\t<meta property=\"og:image:height\" content=\"400\" \/>\n\t<meta property=\"og:image:type\" content=\"image\/webp\" \/>\n<meta name=\"twitter:card\" content=\"summary_large_image\" \/>\n<meta name=\"twitter:label1\" content=\"Predpokladan\u00fd \u010das \u010d\u00edtania\" \/>\n\t<meta name=\"twitter:data1\" content=\"2 min\u00faty\" \/>\n<script type=\"application\/ld+json\" class=\"yoast-schema-graph\">{\"@context\":\"https:\\\/\\\/schema.org\",\"@graph\":[{\"@type\":\"WebPage\",\"@id\":\"https:\\\/\\\/begamer.cz\\\/sk\\\/produkt\\\/post-trauma-sk\\\/\",\"url\":\"https:\\\/\\\/begamer.cz\\\/sk\\\/produkt\\\/post-trauma-sk\\\/\",\"name\":\"Post Trauma | BeGamer.cz\",\"isPartOf\":{\"@id\":\"https:\\\/\\\/begamer.cz\\\/sk\\\/#website\"},\"primaryImageOfPage\":{\"@id\":\"https:\\\/\\\/begamer.cz\\\/sk\\\/produkt\\\/post-trauma-sk\\\/#primaryimage\"},\"image\":{\"@id\":\"https:\\\/\\\/begamer.cz\\\/sk\\\/produkt\\\/post-trauma-sk\\\/#primaryimage\"},\"thumbnailUrl\":\"https:\\\/\\\/begamer.cz\\\/wp-content\\\/uploads\\\/2026\\\/01\\\/post-trauma-13.webp\",\"datePublished\":\"2026-01-30T18:10:49+00:00\",\"dateModified\":\"2026-03-11T17:48:57+00:00\",\"breadcrumb\":{\"@id\":\"https:\\\/\\\/begamer.cz\\\/sk\\\/produkt\\\/post-trauma-sk\\\/#breadcrumb\"},\"inLanguage\":\"sk-SK\",\"potentialAction\":[{\"@type\":\"ReadAction\",\"target\":[\"https:\\\/\\\/begamer.cz\\\/sk\\\/produkt\\\/post-trauma-sk\\\/\"]}]},{\"@type\":\"ImageObject\",\"inLanguage\":\"sk-SK\",\"@id\":\"https:\\\/\\\/begamer.cz\\\/sk\\\/produkt\\\/post-trauma-sk\\\/#primaryimage\",\"url\":\"https:\\\/\\\/begamer.cz\\\/wp-content\\\/uploads\\\/2026\\\/01\\\/post-trauma-13.webp\",\"contentUrl\":\"https:\\\/\\\/begamer.cz\\\/wp-content\\\/uploads\\\/2026\\\/01\\\/post-trauma-13.webp\",\"width\":300,\"height\":400},{\"@type\":\"BreadcrumbList\",\"@id\":\"https:\\\/\\\/begamer.cz\\\/sk\\\/produkt\\\/post-trauma-sk\\\/#breadcrumb\",\"itemListElement\":[{\"@type\":\"ListItem\",\"position\":1,\"name\":\"Domov\",\"item\":\"https:\\\/\\\/begamer.cz\\\/sk\\\/\"},{\"@type\":\"ListItem\",\"position\":2,\"name\":\"Obchod\",\"item\":\"https:\\\/\\\/begamer.cz\\\/obchod\\\/\"},{\"@type\":\"ListItem\",\"position\":3,\"name\":\"Post Trauma\"}]},{\"@type\":\"WebSite\",\"@id\":\"https:\\\/\\\/begamer.cz\\\/sk\\\/#website\",\"url\":\"https:\\\/\\\/begamer.cz\\\/sk\\\/\",\"name\":\"BeGamer.cz\",\"description\":\"\",\"publisher\":{\"@id\":\"https:\\\/\\\/begamer.cz\\\/sk\\\/#organization\"},\"potentialAction\":[{\"@type\":\"SearchAction\",\"target\":{\"@type\":\"EntryPoint\",\"urlTemplate\":\"https:\\\/\\\/begamer.cz\\\/sk\\\/?s={search_term_string}\"},\"query-input\":{\"@type\":\"PropertyValueSpecification\",\"valueRequired\":true,\"valueName\":\"search_term_string\"}}],\"inLanguage\":\"sk-SK\"},{\"@type\":\"Organization\",\"@id\":\"https:\\\/\\\/begamer.cz\\\/sk\\\/#organization\",\"name\":\"BeGamer.cz\",\"url\":\"https:\\\/\\\/begamer.cz\\\/sk\\\/\",\"logo\":{\"@type\":\"ImageObject\",\"inLanguage\":\"sk-SK\",\"@id\":\"https:\\\/\\\/begamer.cz\\\/sk\\\/#\\\/schema\\\/logo\\\/image\\\/\",\"url\":\"https:\\\/\\\/begamer.cz\\\/wp-content\\\/uploads\\\/2025\\\/07\\\/logo.svg\",\"contentUrl\":\"https:\\\/\\\/begamer.cz\\\/wp-content\\\/uploads\\\/2025\\\/07\\\/logo.svg\",\"caption\":\"BeGamer.cz\"},\"image\":{\"@id\":\"https:\\\/\\\/begamer.cz\\\/sk\\\/#\\\/schema\\\/logo\\\/image\\\/\"}}]}<\/script>\n<!-- \/ Yoast SEO plugin. -->","yoast_head_json":{"title":"Post Trauma | BeGamer.cz","robots":{"index":"index","follow":"follow","max-snippet":"max-snippet:-1","max-image-preview":"max-image-preview:large","max-video-preview":"max-video-preview:-1"},"canonical":"https:\/\/begamer.cz\/sk\/produkt\/post-trauma-sk\/","og_locale":"sk_SK","og_type":"article","og_title":"Post Trauma | BeGamer.cz","og_description":"Hra typu puzzle horror in\u0161pirovan\u00e1 klasikami z \u00e9ry PS2. Prech\u00e1dzajte prostred\u00edm, \u010delite hrozb\u00e1m a stret\u00e1vajte sa s \u010fal\u0161\u00edmi straten\u00fdmi postavami v hlbin\u00e1ch Gloomu.","og_url":"https:\/\/begamer.cz\/sk\/produkt\/post-trauma-sk\/","og_site_name":"BeGamer.cz","article_modified_time":"2026-03-11T17:48:57+00:00","og_image":[{"width":300,"height":400,"url":"https:\/\/begamer.cz\/wp-content\/uploads\/2026\/01\/post-trauma-13.webp","type":"image\/webp"}],"twitter_card":"summary_large_image","twitter_misc":{"Predpokladan\u00fd \u010das \u010d\u00edtania":"2 min\u00faty"},"schema":{"@context":"https:\/\/schema.org","@graph":[{"@type":"WebPage","@id":"https:\/\/begamer.cz\/sk\/produkt\/post-trauma-sk\/","url":"https:\/\/begamer.cz\/sk\/produkt\/post-trauma-sk\/","name":"Post Trauma | BeGamer.cz","isPartOf":{"@id":"https:\/\/begamer.cz\/sk\/#website"},"primaryImageOfPage":{"@id":"https:\/\/begamer.cz\/sk\/produkt\/post-trauma-sk\/#primaryimage"},"image":{"@id":"https:\/\/begamer.cz\/sk\/produkt\/post-trauma-sk\/#primaryimage"},"thumbnailUrl":"https:\/\/begamer.cz\/wp-content\/uploads\/2026\/01\/post-trauma-13.webp","datePublished":"2026-01-30T18:10:49+00:00","dateModified":"2026-03-11T17:48:57+00:00","breadcrumb":{"@id":"https:\/\/begamer.cz\/sk\/produkt\/post-trauma-sk\/#breadcrumb"},"inLanguage":"sk-SK","potentialAction":[{"@type":"ReadAction","target":["https:\/\/begamer.cz\/sk\/produkt\/post-trauma-sk\/"]}]},{"@type":"ImageObject","inLanguage":"sk-SK","@id":"https:\/\/begamer.cz\/sk\/produkt\/post-trauma-sk\/#primaryimage","url":"https:\/\/begamer.cz\/wp-content\/uploads\/2026\/01\/post-trauma-13.webp","contentUrl":"https:\/\/begamer.cz\/wp-content\/uploads\/2026\/01\/post-trauma-13.webp","width":300,"height":400},{"@type":"BreadcrumbList","@id":"https:\/\/begamer.cz\/sk\/produkt\/post-trauma-sk\/#breadcrumb","itemListElement":[{"@type":"ListItem","position":1,"name":"Domov","item":"https:\/\/begamer.cz\/sk\/"},{"@type":"ListItem","position":2,"name":"Obchod","item":"https:\/\/begamer.cz\/obchod\/"},{"@type":"ListItem","position":3,"name":"Post Trauma"}]},{"@type":"WebSite","@id":"https:\/\/begamer.cz\/sk\/#website","url":"https:\/\/begamer.cz\/sk\/","name":"BeGamer.cz","description":"","publisher":{"@id":"https:\/\/begamer.cz\/sk\/#organization"},"potentialAction":[{"@type":"SearchAction","target":{"@type":"EntryPoint","urlTemplate":"https:\/\/begamer.cz\/sk\/?s={search_term_string}"},"query-input":{"@type":"PropertyValueSpecification","valueRequired":true,"valueName":"search_term_string"}}],"inLanguage":"sk-SK"},{"@type":"Organization","@id":"https:\/\/begamer.cz\/sk\/#organization","name":"BeGamer.cz","url":"https:\/\/begamer.cz\/sk\/","logo":{"@type":"ImageObject","inLanguage":"sk-SK","@id":"https:\/\/begamer.cz\/sk\/#\/schema\/logo\/image\/","url":"https:\/\/begamer.cz\/wp-content\/uploads\/2025\/07\/logo.svg","contentUrl":"https:\/\/begamer.cz\/wp-content\/uploads\/2025\/07\/logo.svg","caption":"BeGamer.cz"},"image":{"@id":"https:\/\/begamer.cz\/sk\/#\/schema\/logo\/image\/"}}]}},"acf":[],"_links":{"self":[{"href":"https:\/\/begamer.cz\/sk\/wp-json\/wp\/v2\/product\/102920","targetHints":{"allow":["GET"]}}],"collection":[{"href":"https:\/\/begamer.cz\/sk\/wp-json\/wp\/v2\/product"}],"about":[{"href":"https:\/\/begamer.cz\/sk\/wp-json\/wp\/v2\/types\/product"}],"replies":[{"embeddable":true,"href":"https:\/\/begamer.cz\/sk\/wp-json\/wp\/v2\/comments?post=102920"}],"wp:featuredmedia":[{"embeddable":true,"href":"https:\/\/begamer.cz\/sk\/wp-json\/wp\/v2\/media\/43175"}],"wp:attachment":[{"href":"https:\/\/begamer.cz\/sk\/wp-json\/wp\/v2\/media?parent=102920"}],"wp:term":[{"taxonomy":"product_brand","embeddable":true,"href":"https:\/\/begamer.cz\/sk\/wp-json\/wp\/v2\/product_brand?post=102920"},{"taxonomy":"product_cat","embeddable":true,"href":"https:\/\/begamer.cz\/sk\/wp-json\/wp\/v2\/product_cat?post=102920"},{"taxonomy":"product_tag","embeddable":true,"href":"https:\/\/begamer.cz\/sk\/wp-json\/wp\/v2\/product_tag?post=102920"}],"curies":[{"name":"wp","href":"https:\/\/api.w.org\/{rel}","templated":true}]}}