{"id":102884,"date":"2026-01-30T19:10:14","date_gmt":"2026-01-30T18:10:14","guid":{"rendered":"https:\/\/begamer.cz\/produkt\/f1-25-iconic-edition-sk\/"},"modified":"2026-03-11T17:29:32","modified_gmt":"2026-03-11T16:29:32","slug":"f1-25-iconic-edition-sk","status":"publish","type":"product","link":"https:\/\/begamer.cz\/sk\/produkt\/f1-25-iconic-edition-sk\/","title":{"rendered":"F1 25: Iconic Edition"},"content":{"rendered":"<p>Lewis Hamilton Iconic Pack<br \/>\nLewis Hamilton F1 World Event v F1 24***<br \/>\n3 dni pred\u010dasn\u00e9ho pr\u00edstupu<br \/>\nF1 The Movie \u2013 Kapitola Scenarios**<br \/>\nAPXGP Team Pack**<br \/>\nKolekcia dizajnov pre sez\u00f3nu 2025 ihne\u010f v Time Trial v F1 24***<br \/>\nF1 75 Celebration Pack<br \/>\nF3 Driver Icons<br \/>\nF1 World Bumper Pack<br \/>\n18 000 virtu\u00e1lnej meny PitCoin na pou\u017eitie v hre<\/p>\n","protected":false},"excerpt":{"rendered":"<p>Za\u017eite vzru\u0161enie zo sez\u00f3ny Formuly 1 2025 s hrou F1 25: Iconic Edition. Pon\u00faka vylep\u0161en\u00fa grafiku, aktualizovan\u00e9 t\u00edmy, legend\u00e1rne aut\u00e1 a pohlcuj\u00facu hrate\u013enos\u0165. Ide\u00e1lna pre fan\u00fa\u0161ikov pretekov, ktor\u00ed h\u013eadaj\u00fa r\u00fdchlu a realistick\u00fa akciu F1 v digit\u00e1lnom form\u00e1te na stiahnutie.<\/p>\n","protected":false},"featured_media":42925,"comment_status":"open","ping_status":"closed","template":"","meta":{"_acf_changed":false},"product_brand":[],"product_cat":[469,470,398,438,472],"product_tag":[],"class_list":{"0":"post-102884","1":"product","2":"type-product","3":"status-publish","4":"has-post-thumbnail","6":"product_cat-simulatory-xbox-series-x-s-sk","7":"product_cat-sportove-xbox-series-x-s-sk","8":"product_cat-xbox-hry-sk","9":"product_cat-xbox-series-x-s-sk","10":"product_cat-zavodne-xbox-series-x-s-sk","11":"pa_audio-de-de","12":"pa_audio-en-us","13":"pa_audio-es-es","14":"pa_audio-fr-fr","15":"pa_audio-it-it","16":"pa_audio-ja-jp","17":"pa_audio-nl-nl","19":"pa_audio-pt-br","20":"pa_audio-zh-cn","21":"pa_countries-ad","22":"pa_countries-ae","23":"pa_countries-af","24":"pa_countries-ag","25":"pa_countries-ai","26":"pa_countries-al","27":"pa_countries-am","28":"pa_countries-ao","29":"pa_countries-aq","30":"pa_countries-ar","31":"pa_countries-as","32":"pa_countries-at","33":"pa_countries-au","34":"pa_countries-aw","35":"pa_countries-ax","36":"pa_countries-az","37":"pa_countries-ba","38":"pa_countries-bb","39":"pa_countries-bd","40":"pa_countries-be","41":"pa_countries-bf","42":"pa_countries-bg","43":"pa_countries-bh","44":"pa_countries-bi","45":"pa_countries-bj","46":"pa_countries-bl","47":"pa_countries-bm","48":"pa_countries-bn","49":"pa_countries-bo","50":"pa_countries-bq","51":"pa_countries-br","52":"pa_countries-bs","53":"pa_countries-bt","54":"pa_countries-bv","55":"pa_countries-bw","56":"pa_countries-bz","57":"pa_countries-ca","58":"pa_countries-cc","59":"pa_countries-cd","60":"pa_countries-cf","61":"pa_countries-cg","62":"pa_countries-ch","63":"pa_countries-ci","64":"pa_countries-ck","65":"pa_countries-cl","66":"pa_countries-cm","67":"pa_countries-cn","68":"pa_countries-co","69":"pa_countries-cr","70":"pa_countries-cu","71":"pa_countries-cv","72":"pa_countries-cw","73":"pa_countries-cx","74":"pa_countries-cy","75":"pa_countries-cz","76":"pa_countries-de","77":"pa_countries-dj","78":"pa_countries-dk","79":"pa_countries-dm","80":"pa_countries-do","81":"pa_countries-dz","82":"pa_countries-ec","83":"pa_countries-ee","84":"pa_countries-eg","85":"pa_countries-eh","86":"pa_countries-er","87":"pa_countries-es","88":"pa_countries-et","89":"pa_countries-fi","90":"pa_countries-fj","91":"pa_countries-fk","92":"pa_countries-fm","93":"pa_countries-fo","94":"pa_countries-fr","95":"pa_countries-ga","96":"pa_countries-gb","97":"pa_countries-gd","98":"pa_countries-ge","99":"pa_countries-gf","100":"pa_countries-gg","101":"pa_countries-gh","102":"pa_countries-gi","103":"pa_countries-gl","104":"pa_countries-gm","105":"pa_countries-gn","106":"pa_countries-gp","107":"pa_countries-gq","108":"pa_countries-gr","109":"pa_countries-gs","110":"pa_countries-gt","111":"pa_countries-gu","112":"pa_countries-gw","113":"pa_countries-gy","114":"pa_countries-hk","115":"pa_countries-hm","116":"pa_countries-hn","117":"pa_countries-hr","118":"pa_countries-ht","119":"pa_countries-hu","120":"pa_countries-id","121":"pa_countries-ie","122":"pa_countries-il","123":"pa_countries-im","124":"pa_countries-in","125":"pa_countries-io","126":"pa_countries-iq","127":"pa_countries-ir","128":"pa_countries-is","129":"pa_countries-it","130":"pa_countries-je","131":"pa_countries-jm","132":"pa_countries-jo","133":"pa_countries-jp","134":"pa_countries-ke","135":"pa_countries-kg","136":"pa_countries-kh","137":"pa_countries-ki","138":"pa_countries-km","139":"pa_countries-kn","140":"pa_countries-kp","141":"pa_countries-kr","142":"pa_countries-kw","143":"pa_countries-ky","144":"pa_countries-kz","145":"pa_countries-la","146":"pa_countries-lb","147":"pa_countries-lc","148":"pa_countries-li","149":"pa_countries-lk","150":"pa_countries-lr","151":"pa_countries-ls","152":"pa_countries-lt","153":"pa_countries-lu","154":"pa_countries-lv","155":"pa_countries-ly","156":"pa_countries-ma","157":"pa_countries-mc","158":"pa_countries-md","159":"pa_countries-me","160":"pa_countries-mf","161":"pa_countries-mg","162":"pa_countries-mh","163":"pa_countries-mk","164":"pa_countries-ml","165":"pa_countries-mm","166":"pa_countries-mn","167":"pa_countries-mo","168":"pa_countries-mp","169":"pa_countries-mq","170":"pa_countries-mr","171":"pa_countries-ms","172":"pa_countries-mt","173":"pa_countries-mu","174":"pa_countries-mv","175":"pa_countries-mw","176":"pa_countries-mx","177":"pa_countries-my","178":"pa_countries-mz","179":"pa_countries-na","180":"pa_countries-nc","181":"pa_countries-ne","182":"pa_countries-nf","183":"pa_countries-ng","184":"pa_countries-ni","185":"pa_countries-nl","186":"pa_countries-no","187":"pa_countries-np","188":"pa_countries-nr","189":"pa_countries-nu","190":"pa_countries-nz","191":"pa_countries-om","192":"pa_countries-pa","193":"pa_countries-pe","194":"pa_countries-pf","195":"pa_countries-pg","196":"pa_countries-ph","197":"pa_countries-pk","198":"pa_countries-pl","199":"pa_countries-pm","200":"pa_countries-pn","201":"pa_countries-pr","202":"pa_countries-ps","203":"pa_countries-pt","204":"pa_countries-pw","205":"pa_countries-py","206":"pa_countries-qa","207":"pa_countries-re","208":"pa_countries-ro","209":"pa_countries-rs","210":"pa_countries-rw","211":"pa_countries-sa","212":"pa_countries-sb","213":"pa_countries-sc","214":"pa_countries-sd","215":"pa_countries-se","216":"pa_countries-sg","217":"pa_countries-sh","218":"pa_countries-si","219":"pa_countries-sj","220":"pa_countries-sk","221":"pa_countries-sl","222":"pa_countries-sm","223":"pa_countries-sn","224":"pa_countries-so","225":"pa_countries-sr","226":"pa_countries-ss","228":"pa_countries-st","229":"pa_countries-sv","230":"pa_countries-sx","231":"pa_countries-sy","232":"pa_countries-sz","233":"pa_countries-tc","234":"pa_countries-td","235":"pa_countries-tf","236":"pa_countries-tg","237":"pa_countries-th","238":"pa_countries-tj","239":"pa_countries-tk","240":"pa_countries-tl","241":"pa_countries-tm","242":"pa_countries-tn","243":"pa_countries-to","244":"pa_countries-tr","245":"pa_countries-tt","246":"pa_countries-tv","247":"pa_countries-tw","248":"pa_countries-tz","249":"pa_countries-ua","250":"pa_countries-ug","251":"pa_countries-um","252":"pa_countries-us","253":"pa_countries-uy","254":"pa_countries-uz","255":"pa_countries-va","256":"pa_countries-vc","257":"pa_countries-ve","258":"pa_countries-vg","259":"pa_countries-vi","260":"pa_countries-vn","261":"pa_countries-vu","262":"pa_countries-wf","263":"pa_countries-ws","264":"pa_countries-xk","265":"pa_countries-ye","266":"pa_countries-yt","267":"pa_countries-za","268":"pa_countries-zm","269":"pa_countries-zw","270":"pa_developer-codemasters","272":"pa_franchises-formula-1","274":"pa_game_type-main_game","276":"pa_genres-racing","278":"pa_genres-simulator","279":"pa_genres-sport","280":"pa_interface-de-de","281":"pa_interface-en-us","282":"pa_interface-es-es","283":"pa_interface-fr-fr","284":"pa_interface-it-it","285":"pa_interface-ja-jp","286":"pa_interface-nl-nl","288":"pa_interface-pl-pl","289":"pa_interface-pt-br","290":"pa_interface-zh-cn","291":"pa_keywords-controller-required","292":"pa_modes-co-operative","293":"pa_modes-multiplayer","295":"pa_modes-single-player","296":"pa_platform-xbox-series-x-s","298":"pa_player_perspectives-first-person","300":"pa_player_perspectives-third-person","301":"pa_publisher-electronic-arts","303":"pa_rating-14441","304":"pa_rating-773","305":"pa_region-global","308":"first","309":"instock","310":"virtual","311":"taxable","312":"purchasable","313":"product-type-simple"},"yoast_head":"<!-- This site is optimized with the Yoast SEO plugin v27.3 - https:\/\/yoast.com\/product\/yoast-seo-wordpress\/ -->\n<title>F1 25: Iconic Edition | BeGamer.cz<\/title>\n<meta name=\"robots\" content=\"index, follow, max-snippet:-1, max-image-preview:large, max-video-preview:-1\" \/>\n<link rel=\"canonical\" href=\"https:\/\/begamer.cz\/sk\/produkt\/f1-25-iconic-edition-sk\/\" \/>\n<meta property=\"og:locale\" content=\"sk_SK\" \/>\n<meta property=\"og:type\" content=\"article\" \/>\n<meta property=\"og:title\" content=\"F1 25: Iconic Edition | BeGamer.cz\" \/>\n<meta property=\"og:description\" content=\"Za\u017eite vzru\u0161enie zo sez\u00f3ny Formuly 1 2025 s hrou F1 25: Iconic Edition. Pon\u00faka vylep\u0161en\u00fa grafiku, aktualizovan\u00e9 t\u00edmy, legend\u00e1rne aut\u00e1 a pohlcuj\u00facu hrate\u013enos\u0165. Ide\u00e1lna pre fan\u00fa\u0161ikov pretekov, ktor\u00ed h\u013eadaj\u00fa r\u00fdchlu a realistick\u00fa akciu F1 v digit\u00e1lnom form\u00e1te na stiahnutie.\" \/>\n<meta property=\"og:url\" content=\"https:\/\/begamer.cz\/sk\/produkt\/f1-25-iconic-edition-sk\/\" \/>\n<meta property=\"og:site_name\" content=\"BeGamer.cz\" \/>\n<meta property=\"article:modified_time\" content=\"2026-03-11T16:29:32+00:00\" \/>\n<meta property=\"og:image\" content=\"https:\/\/begamer.cz\/wp-content\/uploads\/2026\/01\/f1-25-iconic-edition-8.webp\" \/>\n\t<meta property=\"og:image:width\" content=\"300\" \/>\n\t<meta property=\"og:image:height\" content=\"400\" \/>\n\t<meta property=\"og:image:type\" content=\"image\/webp\" \/>\n<meta name=\"twitter:card\" content=\"summary_large_image\" \/>\n<script type=\"application\/ld+json\" class=\"yoast-schema-graph\">{\"@context\":\"https:\\\/\\\/schema.org\",\"@graph\":[{\"@type\":\"WebPage\",\"@id\":\"https:\\\/\\\/begamer.cz\\\/sk\\\/produkt\\\/f1-25-iconic-edition-sk\\\/\",\"url\":\"https:\\\/\\\/begamer.cz\\\/sk\\\/produkt\\\/f1-25-iconic-edition-sk\\\/\",\"name\":\"F1 25: Iconic Edition | BeGamer.cz\",\"isPartOf\":{\"@id\":\"https:\\\/\\\/begamer.cz\\\/sk\\\/#website\"},\"primaryImageOfPage\":{\"@id\":\"https:\\\/\\\/begamer.cz\\\/sk\\\/produkt\\\/f1-25-iconic-edition-sk\\\/#primaryimage\"},\"image\":{\"@id\":\"https:\\\/\\\/begamer.cz\\\/sk\\\/produkt\\\/f1-25-iconic-edition-sk\\\/#primaryimage\"},\"thumbnailUrl\":\"https:\\\/\\\/begamer.cz\\\/wp-content\\\/uploads\\\/2026\\\/01\\\/f1-25-iconic-edition-8.webp\",\"datePublished\":\"2026-01-30T18:10:14+00:00\",\"dateModified\":\"2026-03-11T16:29:32+00:00\",\"breadcrumb\":{\"@id\":\"https:\\\/\\\/begamer.cz\\\/sk\\\/produkt\\\/f1-25-iconic-edition-sk\\\/#breadcrumb\"},\"inLanguage\":\"sk-SK\",\"potentialAction\":[{\"@type\":\"ReadAction\",\"target\":[\"https:\\\/\\\/begamer.cz\\\/sk\\\/produkt\\\/f1-25-iconic-edition-sk\\\/\"]}]},{\"@type\":\"ImageObject\",\"inLanguage\":\"sk-SK\",\"@id\":\"https:\\\/\\\/begamer.cz\\\/sk\\\/produkt\\\/f1-25-iconic-edition-sk\\\/#primaryimage\",\"url\":\"https:\\\/\\\/begamer.cz\\\/wp-content\\\/uploads\\\/2026\\\/01\\\/f1-25-iconic-edition-8.webp\",\"contentUrl\":\"https:\\\/\\\/begamer.cz\\\/wp-content\\\/uploads\\\/2026\\\/01\\\/f1-25-iconic-edition-8.webp\",\"width\":300,\"height\":400},{\"@type\":\"BreadcrumbList\",\"@id\":\"https:\\\/\\\/begamer.cz\\\/sk\\\/produkt\\\/f1-25-iconic-edition-sk\\\/#breadcrumb\",\"itemListElement\":[{\"@type\":\"ListItem\",\"position\":1,\"name\":\"Domov\",\"item\":\"https:\\\/\\\/begamer.cz\\\/sk\\\/\"},{\"@type\":\"ListItem\",\"position\":2,\"name\":\"Obchod\",\"item\":\"https:\\\/\\\/begamer.cz\\\/obchod\\\/\"},{\"@type\":\"ListItem\",\"position\":3,\"name\":\"F1 25: Iconic Edition\"}]},{\"@type\":\"WebSite\",\"@id\":\"https:\\\/\\\/begamer.cz\\\/sk\\\/#website\",\"url\":\"https:\\\/\\\/begamer.cz\\\/sk\\\/\",\"name\":\"BeGamer.cz\",\"description\":\"\",\"publisher\":{\"@id\":\"https:\\\/\\\/begamer.cz\\\/sk\\\/#organization\"},\"potentialAction\":[{\"@type\":\"SearchAction\",\"target\":{\"@type\":\"EntryPoint\",\"urlTemplate\":\"https:\\\/\\\/begamer.cz\\\/sk\\\/?s={search_term_string}\"},\"query-input\":{\"@type\":\"PropertyValueSpecification\",\"valueRequired\":true,\"valueName\":\"search_term_string\"}}],\"inLanguage\":\"sk-SK\"},{\"@type\":\"Organization\",\"@id\":\"https:\\\/\\\/begamer.cz\\\/sk\\\/#organization\",\"name\":\"BeGamer.cz\",\"url\":\"https:\\\/\\\/begamer.cz\\\/sk\\\/\",\"logo\":{\"@type\":\"ImageObject\",\"inLanguage\":\"sk-SK\",\"@id\":\"https:\\\/\\\/begamer.cz\\\/sk\\\/#\\\/schema\\\/logo\\\/image\\\/\",\"url\":\"https:\\\/\\\/begamer.cz\\\/wp-content\\\/uploads\\\/2025\\\/07\\\/logo.svg\",\"contentUrl\":\"https:\\\/\\\/begamer.cz\\\/wp-content\\\/uploads\\\/2025\\\/07\\\/logo.svg\",\"caption\":\"BeGamer.cz\"},\"image\":{\"@id\":\"https:\\\/\\\/begamer.cz\\\/sk\\\/#\\\/schema\\\/logo\\\/image\\\/\"}}]}<\/script>\n<!-- \/ Yoast SEO plugin. -->","yoast_head_json":{"title":"F1 25: Iconic Edition | BeGamer.cz","robots":{"index":"index","follow":"follow","max-snippet":"max-snippet:-1","max-image-preview":"max-image-preview:large","max-video-preview":"max-video-preview:-1"},"canonical":"https:\/\/begamer.cz\/sk\/produkt\/f1-25-iconic-edition-sk\/","og_locale":"sk_SK","og_type":"article","og_title":"F1 25: Iconic Edition | BeGamer.cz","og_description":"Za\u017eite vzru\u0161enie zo sez\u00f3ny Formuly 1 2025 s hrou F1 25: Iconic Edition. Pon\u00faka vylep\u0161en\u00fa grafiku, aktualizovan\u00e9 t\u00edmy, legend\u00e1rne aut\u00e1 a pohlcuj\u00facu hrate\u013enos\u0165. Ide\u00e1lna pre fan\u00fa\u0161ikov pretekov, ktor\u00ed h\u013eadaj\u00fa r\u00fdchlu a realistick\u00fa akciu F1 v digit\u00e1lnom form\u00e1te na stiahnutie.","og_url":"https:\/\/begamer.cz\/sk\/produkt\/f1-25-iconic-edition-sk\/","og_site_name":"BeGamer.cz","article_modified_time":"2026-03-11T16:29:32+00:00","og_image":[{"width":300,"height":400,"url":"https:\/\/begamer.cz\/wp-content\/uploads\/2026\/01\/f1-25-iconic-edition-8.webp","type":"image\/webp"}],"twitter_card":"summary_large_image","schema":{"@context":"https:\/\/schema.org","@graph":[{"@type":"WebPage","@id":"https:\/\/begamer.cz\/sk\/produkt\/f1-25-iconic-edition-sk\/","url":"https:\/\/begamer.cz\/sk\/produkt\/f1-25-iconic-edition-sk\/","name":"F1 25: Iconic Edition | BeGamer.cz","isPartOf":{"@id":"https:\/\/begamer.cz\/sk\/#website"},"primaryImageOfPage":{"@id":"https:\/\/begamer.cz\/sk\/produkt\/f1-25-iconic-edition-sk\/#primaryimage"},"image":{"@id":"https:\/\/begamer.cz\/sk\/produkt\/f1-25-iconic-edition-sk\/#primaryimage"},"thumbnailUrl":"https:\/\/begamer.cz\/wp-content\/uploads\/2026\/01\/f1-25-iconic-edition-8.webp","datePublished":"2026-01-30T18:10:14+00:00","dateModified":"2026-03-11T16:29:32+00:00","breadcrumb":{"@id":"https:\/\/begamer.cz\/sk\/produkt\/f1-25-iconic-edition-sk\/#breadcrumb"},"inLanguage":"sk-SK","potentialAction":[{"@type":"ReadAction","target":["https:\/\/begamer.cz\/sk\/produkt\/f1-25-iconic-edition-sk\/"]}]},{"@type":"ImageObject","inLanguage":"sk-SK","@id":"https:\/\/begamer.cz\/sk\/produkt\/f1-25-iconic-edition-sk\/#primaryimage","url":"https:\/\/begamer.cz\/wp-content\/uploads\/2026\/01\/f1-25-iconic-edition-8.webp","contentUrl":"https:\/\/begamer.cz\/wp-content\/uploads\/2026\/01\/f1-25-iconic-edition-8.webp","width":300,"height":400},{"@type":"BreadcrumbList","@id":"https:\/\/begamer.cz\/sk\/produkt\/f1-25-iconic-edition-sk\/#breadcrumb","itemListElement":[{"@type":"ListItem","position":1,"name":"Domov","item":"https:\/\/begamer.cz\/sk\/"},{"@type":"ListItem","position":2,"name":"Obchod","item":"https:\/\/begamer.cz\/obchod\/"},{"@type":"ListItem","position":3,"name":"F1 25: Iconic Edition"}]},{"@type":"WebSite","@id":"https:\/\/begamer.cz\/sk\/#website","url":"https:\/\/begamer.cz\/sk\/","name":"BeGamer.cz","description":"","publisher":{"@id":"https:\/\/begamer.cz\/sk\/#organization"},"potentialAction":[{"@type":"SearchAction","target":{"@type":"EntryPoint","urlTemplate":"https:\/\/begamer.cz\/sk\/?s={search_term_string}"},"query-input":{"@type":"PropertyValueSpecification","valueRequired":true,"valueName":"search_term_string"}}],"inLanguage":"sk-SK"},{"@type":"Organization","@id":"https:\/\/begamer.cz\/sk\/#organization","name":"BeGamer.cz","url":"https:\/\/begamer.cz\/sk\/","logo":{"@type":"ImageObject","inLanguage":"sk-SK","@id":"https:\/\/begamer.cz\/sk\/#\/schema\/logo\/image\/","url":"https:\/\/begamer.cz\/wp-content\/uploads\/2025\/07\/logo.svg","contentUrl":"https:\/\/begamer.cz\/wp-content\/uploads\/2025\/07\/logo.svg","caption":"BeGamer.cz"},"image":{"@id":"https:\/\/begamer.cz\/sk\/#\/schema\/logo\/image\/"}}]}},"acf":[],"_links":{"self":[{"href":"https:\/\/begamer.cz\/sk\/wp-json\/wp\/v2\/product\/102884","targetHints":{"allow":["GET"]}}],"collection":[{"href":"https:\/\/begamer.cz\/sk\/wp-json\/wp\/v2\/product"}],"about":[{"href":"https:\/\/begamer.cz\/sk\/wp-json\/wp\/v2\/types\/product"}],"replies":[{"embeddable":true,"href":"https:\/\/begamer.cz\/sk\/wp-json\/wp\/v2\/comments?post=102884"}],"wp:featuredmedia":[{"embeddable":true,"href":"https:\/\/begamer.cz\/sk\/wp-json\/wp\/v2\/media\/42925"}],"wp:attachment":[{"href":"https:\/\/begamer.cz\/sk\/wp-json\/wp\/v2\/media?parent=102884"}],"wp:term":[{"taxonomy":"product_brand","embeddable":true,"href":"https:\/\/begamer.cz\/sk\/wp-json\/wp\/v2\/product_brand?post=102884"},{"taxonomy":"product_cat","embeddable":true,"href":"https:\/\/begamer.cz\/sk\/wp-json\/wp\/v2\/product_cat?post=102884"},{"taxonomy":"product_tag","embeddable":true,"href":"https:\/\/begamer.cz\/sk\/wp-json\/wp\/v2\/product_tag?post=102884"}],"curies":[{"name":"wp","href":"https:\/\/api.w.org\/{rel}","templated":true}]}}