{"id":102794,"date":"2026-01-30T19:08:16","date_gmt":"2026-01-30T18:08:16","guid":{"rendered":"https:\/\/begamer.cz\/produkt\/clair-obscur-expedition-33-sk\/"},"modified":"2026-03-11T17:21:23","modified_gmt":"2026-03-11T16:21:23","slug":"clair-obscur-expedition-33-sk","status":"publish","type":"product","link":"https:\/\/begamer.cz\/sk\/produkt\/clair-obscur-expedition-33-sk\/","title":{"rendered":"Clair Obscur: Expedition 33"},"content":{"rendered":"<h1>O hre<\/h1>\n<p class=\"bb_paragraph\"><span class=\"bb_img_ctn\"><video class=\"bb_img\" autoplay muted loop playsinline \ncrossorigin=\"anonymous\"\n      poster=\"https:\/\/shared.akamai.steamstatic.com\/store_item_assets\/steam\/apps\/1903340\/extras\/8dbdb2f6b7a6fcc9d2674707b60744ac.poster.avif?t=1753344076\"\n      width=600 height=338><source \nsrc=\"https:\/\/shared.akamai.steamstatic.com\/store_item_assets\/steam\/apps\/1903340\/extras\/8dbdb2f6b7a6fcc9d2674707b60744ac.webm?t=1753344076\"\n        type=\"video\/webm; codecs=vp9\"><\/video><\/span><span class=\"bb_img_ctn\"><img decoding=\"async\" class=\"bb_img\"\n      src=\"https:\/\/shared.akamai.steamstatic.com\/store_item_assets\/steam\/apps\/1903340\/extras\/463e9754c0b6c8b8db1f1970785ef865.webp?t=1753344076\"\n      width=616 height=54 \/><\/span>Raz za rok sa Paintress prebud\u00ed a nama\u013euje na svoj monolit. Nama\u013euje svoje prekliate<br \/>\n  \u010d\u00edslo. A v\u0161etci, ktor\u00ed prekro\u010dili tento vek, sa zmenia na dym a zmizn\u00fa. Rok za rokom sa toto \u010d\u00edslo zni\u017euje a st\u00e1le viac z n\u00e1s<br \/>\n  je vymazan\u00fdch. Zajtra sa prebud\u00ed a nama\u013euje \u201e33\u201c. A zajtra vyraz\u00edme na na\u0161u posledn\u00fa misiu \u2013 zni\u010di\u0165 Paintress,<br \/>\n  aby u\u017e nikdy nemohla nama\u013eova\u0165 smr\u0165. <\/p>\n<p class=\"bb_paragraph\">\n<p class=\"bb_paragraph\">Sme Exped\u00edcia 33.<\/p>\n<p class=\"bb_paragraph\">\n<p class=\"bb_paragraph\">Clair Obscur: Exped\u00edcia 33 je prelomov\u00e1 \u0165ahov\u00e1 RPG hra s unik\u00e1tnou mechanikou v re\u00e1lnom \u010dase,<br \/>\n  v\u010faka ktorej s\u00fa bitky e\u0161te viac pohlcuj\u00face a n\u00e1vykov\u00e9 ako kedyko\u013evek predt\u00fdm. Presk\u00famajte fantasy svet in\u0161pirovan\u00fd franc\u00fazskou Belle \u00c9poque, v<br \/>\n  ktorom bojujete proti ni\u010div\u00fdm nepriate\u013eom.<\/p>\n<p class=\"bb_paragraph\">\n<p class=\"bb_paragraph\"><span class=\"bb_img_ctn\"><video class=\"bb_img\" autoplay muted loop playsinline \ncrossorigin=\"anonymous\"\n      poster=\"https:\/\/shared.akamai.steamstatic.com\/store_item_assets\/steam\/apps\/1903340\/extras\/ca7890c2b1310de600d12c815d62e84a.poster.avif?t=1753344076\"\n      width=600 height=338><source \nsrc=\"https:\/\/shared.akamai.steamstatic.com\/store_item_assets\/steam\/apps\/1903340\/extras\/ca7890c2b1310de600d12c815d62e84a.webm?t=1753344076\"\n        type=\"video\/webm; codecs=vp9\"><\/video><\/span><span class=\"bb_img_ctn\"><img decoding=\"async\" class=\"bb_img\"\n      src=\"https:\/\/shared.akamai.steamstatic.com\/store_item_assets\/steam\/apps\/1903340\/extras\/deff3c19d589bd319a2d42739e9aef12.webp?t=1753344076\"\n      width=616 height=54 \/><\/span>V tejto evol\u00facii JRPG hier vylep\u0161uj\u00fa akcie v re\u00e1lnom \u010dase podstatu \u0165ahovej bojovej hry.<br \/>\n  Vytvorte pre svojich expedicion\u00e1rov jedine\u010dn\u00e9 postavy, ktor\u00e9 zodpovedaj\u00fa v\u00e1\u0161mu \u0161t\u00fdlu hry, prostredn\u00edctvom v\u00fdstroja, \u0161tatist\u00edk, zru\u010dnost\u00ed a synergi\u00ed post\u00e1v.<br \/>\n  Otvorte akt\u00edvnu dimenziu v boji \u2013 uh\u00fdbajte sa, kryte sa a kontrujte v re\u00e1lnom \u010dase, sp\u00e1jajte komba ovl\u00e1dan\u00edm rytmu \u00fatokov<br \/>\n  a zameriavajte sa na slab\u00e9 miesta nepriate\u013eov pomocou syst\u00e9mu vo\u013en\u00e9ho mierenia. <\/p>\n<p class=\"bb_paragraph\">\n<p class=\"bb_paragraph\"><span class=\"bb_img_ctn\"><video class=\"bb_img\" autoplay muted loop playsinline \ncrossorigin=\"anonymous\"\n      poster=\"https:\/\/shared.akamai.steamstatic.com\/store_item_assets\/steam\/apps\/1903340\/extras\/1ce7dc1fb7e5d6285180038948f5d571.poster.avif?t=1753344076\"\n      width=600 height=338><source \nsrc=\"https:\/\/shared.akamai.steamstatic.com\/store_item_assets\/steam\/apps\/1903340\/extras\/1ce7dc1fb7e5d6285180038948f5d571.webm?t=1753344076\"\n        type=\"video\/webm; codecs=vp9\"><\/video><\/span><span class=\"bb_img_ctn\"><img decoding=\"async\" class=\"bb_img\"\n      src=\"https:\/\/shared.akamai.steamstatic.com\/store_item_assets\/steam\/apps\/1903340\/extras\/3221c35cda5e07b6709bc5be9af9a0bb.webp?t=1753344076\"\n      width=616 height=54 \/><\/span>Ke\u010f v\u00e1m zost\u00e1va len jeden rok \u017eivota, pridajte sa k Gustaveovi, Maelle a ich spolup\u00fatnikom<br \/>\n  na exped\u00edcii, ktor\u00ed sa vyd\u00e1vaj\u00fa na z\u00fafal\u00fa v\u00fdpravu, aby preru\u0161ili cyklus smrti Paintress. Sledujte stopy predch\u00e1dzaj\u00facich exped\u00edci\u00ed<br \/>\n  a odha\u013ete ich osud. Spoznajte \u010dlenov Exped\u00edcie 33, ktor\u00ed sa u\u010dia spolupracova\u0165 proti nemo\u017en\u00fdm<br \/>\n  prek\u00e1\u017ekam.<\/p>\n<p class=\"bb_paragraph\">\n<p class=\"bb_paragraph\"><span class=\"bb_img_ctn\"><video class=\"bb_img\" autoplay muted loop playsinline \ncrossorigin=\"anonymous\"\n      poster=\"https:\/\/shared.akamai.steamstatic.com\/store_item_assets\/steam\/apps\/1903340\/extras\/cd4ab037eb017c0f97db2bb0b7ec256f.poster.avif?t=1753344076\"\n      width=600 height=338><source \nsrc=\"https:\/\/shared.akamai.steamstatic.com\/store_item_assets\/steam\/apps\/1903340\/extras\/cd4ab037eb017c0f97db2bb0b7ec256f.webm?t=1753344076\"\n        type=\"video\/webm; codecs=vp9\"><\/video><\/span><span class=\"bb_img_ctn\"><img decoding=\"async\" class=\"bb_img\"\n      src=\"https:\/\/shared.akamai.steamstatic.com\/store_item_assets\/steam\/apps\/1903340\/extras\/3dacd0b497ba1eee02e459971405f0d8.webp?t=1753344076\"\n      width=616 height=54 \/><\/span>Presk\u00famajte o\u010daruj\u00face kr\u00e1\u013eovstvo ob\u00fdvan\u00e9 surrealistick\u00fdmi protivn\u00edkmi. Putujte cez<br \/>\n  \u00fachvatn\u00e9 krajiny, od Ostrova tv\u00e1r\u00ed po Zabudnut\u00e9 bojisko, a objavujte tajomstv\u00e1 a skryt\u00e9<br \/>\n  \u00falohy. N\u00e1jdite spojencov \u0161\u0165astia v legend\u00e1rnych tvoroch. N\u00e1jmite si \u0161peci\u00e1lnych spolo\u010dn\u00edkov, aby ste z\u00edskali pr\u00edstup k nov\u00fdm sp\u00f4sobom cestovania<br \/>\n  a objavili tajn\u00e9 oblasti na mape sveta.<\/p>\n<p class=\"bb_paragraph\">\n<p class=\"bb_paragraph\">Za\u017eite debutov\u00fa hru od Sandfall Interactive, plne realizovan\u00fa v Unreal Engine 5 s<br \/>\n  ohromuj\u00facou grafikou a srdcerv\u00facim soundtrackom.<\/p>\n","protected":false},"excerpt":{"rendered":"<p>Ve\u010fte \u010dlenov Exped\u00edcie 33 na ich misii zni\u010di\u0165 Ma\u013eovate\u013eku, aby u\u017e nikdy nemohla ma\u013eova\u0165 smr\u0165. Presk\u00famajte svet z\u00e1zrakov in\u0161pirovan\u00fd franc\u00fazskou Belle \u00c9poque a bojujte s jedine\u010dn\u00fdmi nepriate\u013emi v tejto \u0165ahovej RPG hre s mechanikou v re\u00e1lnom \u010dase.<\/p>\n","protected":false},"featured_media":108999,"comment_status":"open","ping_status":"closed","template":"","meta":{"_acf_changed":false},"product_brand":[],"product_cat":[270,268,266,308,312,318],"product_tag":[],"class_list":{"0":"post-102794","1":"product","2":"type-product","3":"status-publish","4":"has-post-thumbnail","6":"product_cat-adventury-pc-hry-sk","7":"product_cat-pc-sk","8":"product_cat-pc-hry-sk","9":"product_cat-rpg-pc-hry-sk","10":"product_cat-steam-pc-sk","11":"product_cat-strategie-pc-hry-sk","12":"pa_audio-en-us","13":"pa_audio-fr-fr","15":"pa_countries-ad","16":"pa_countries-af","17":"pa_countries-ag","18":"pa_countries-ai","19":"pa_countries-al","20":"pa_countries-ao","21":"pa_countries-aq","22":"pa_countries-as","23":"pa_countries-at","24":"pa_countries-au","25":"pa_countries-ax","26":"pa_countries-ba","27":"pa_countries-be","28":"pa_countries-bf","29":"pa_countries-bg","30":"pa_countries-bh","31":"pa_countries-bi","32":"pa_countries-bj","33":"pa_countries-bl","34":"pa_countries-bq","35":"pa_countries-bt","36":"pa_countries-bv","37":"pa_countries-bw","38":"pa_countries-ca","39":"pa_countries-cc","40":"pa_countries-cd","41":"pa_countries-cf","42":"pa_countries-cg","43":"pa_countries-ch","44":"pa_countries-ci","45":"pa_countries-ck","46":"pa_countries-cm","47":"pa_countries-cu","48":"pa_countries-cv","49":"pa_countries-cw","50":"pa_countries-cx","51":"pa_countries-cy","52":"pa_countries-cz","53":"pa_countries-de","54":"pa_countries-dj","55":"pa_countries-dk","56":"pa_countries-dm","57":"pa_countries-ee","58":"pa_countries-eh","59":"pa_countries-er","60":"pa_countries-es","61":"pa_countries-et","62":"pa_countries-fi","63":"pa_countries-fj","64":"pa_countries-fk","65":"pa_countries-fm","66":"pa_countries-fo","67":"pa_countries-fr","68":"pa_countries-ga","69":"pa_countries-gb","70":"pa_countries-gf","71":"pa_countries-gg","72":"pa_countries-gh","73":"pa_countries-gi","74":"pa_countries-gl","75":"pa_countries-gm","76":"pa_countries-gn","77":"pa_countries-gp","78":"pa_countries-gq","79":"pa_countries-gr","80":"pa_countries-gs","81":"pa_countries-gu","82":"pa_countries-gw","83":"pa_countries-gy","84":"pa_countries-hm","85":"pa_countries-hr","86":"pa_countries-hu","87":"pa_countries-ie","88":"pa_countries-il","89":"pa_countries-im","90":"pa_countries-io","91":"pa_countries-iq","92":"pa_countries-ir","93":"pa_countries-is","94":"pa_countries-it","95":"pa_countries-je","96":"pa_countries-jo","97":"pa_countries-jp","98":"pa_countries-ke","99":"pa_countries-ki","100":"pa_countries-km","101":"pa_countries-kp","102":"pa_countries-kr","103":"pa_countries-ky","104":"pa_countries-lb","105":"pa_countries-li","106":"pa_countries-lk","107":"pa_countries-lr","108":"pa_countries-ls","109":"pa_countries-lt","110":"pa_countries-lu","111":"pa_countries-lv","112":"pa_countries-ly","113":"pa_countries-mc","114":"pa_countries-md","115":"pa_countries-me","116":"pa_countries-mf","117":"pa_countries-mg","118":"pa_countries-mh","119":"pa_countries-mk","120":"pa_countries-ml","121":"pa_countries-mn","122":"pa_countries-mp","123":"pa_countries-mq","124":"pa_countries-mr","125":"pa_countries-ms","126":"pa_countries-mt","127":"pa_countries-mu","128":"pa_countries-mv","129":"pa_countries-mw","130":"pa_countries-mz","131":"pa_countries-na","132":"pa_countries-nc","133":"pa_countries-ne","134":"pa_countries-nf","135":"pa_countries-ng","136":"pa_countries-nl","137":"pa_countries-no","138":"pa_countries-nr","139":"pa_countries-nu","140":"pa_countries-nz","141":"pa_countries-om","142":"pa_countries-pf","143":"pa_countries-pg","144":"pa_countries-pl","145":"pa_countries-pm","146":"pa_countries-pn","147":"pa_countries-ps","148":"pa_countries-pt","149":"pa_countries-pw","150":"pa_countries-re","151":"pa_countries-ro","152":"pa_countries-rs","153":"pa_countries-rw","154":"pa_countries-sb","155":"pa_countries-sc","156":"pa_countries-sd","157":"pa_countries-se","158":"pa_countries-sh","159":"pa_countries-si","160":"pa_countries-sj","161":"pa_countries-sk","162":"pa_countries-sl","163":"pa_countries-sm","164":"pa_countries-sn","165":"pa_countries-so","166":"pa_countries-sr","167":"pa_countries-ss","169":"pa_countries-st","170":"pa_countries-sx","171":"pa_countries-sy","172":"pa_countries-sz","173":"pa_countries-tc","174":"pa_countries-td","175":"pa_countries-tf","176":"pa_countries-tg","177":"pa_countries-tk","178":"pa_countries-tl","179":"pa_countries-to","180":"pa_countries-tv","181":"pa_countries-tz","182":"pa_countries-ug","183":"pa_countries-um","184":"pa_countries-va","185":"pa_countries-ve","186":"pa_countries-vg","187":"pa_countries-vi","188":"pa_countries-vu","189":"pa_countries-wf","190":"pa_countries-ws","191":"pa_countries-xk","192":"pa_countries-ye","193":"pa_countries-yt","194":"pa_countries-zm","195":"pa_countries-zw","196":"pa_developer-sandfall-interactive","198":"pa_engine-unreal-engine-5","200":"pa_game_type-main_game","202":"pa_genres-adventure","203":"pa_genres-role-playing-rpg","204":"pa_genres-turn-based-strategy-tbs","206":"pa_interface-de-de","207":"pa_interface-en-us","208":"pa_interface-es-es","209":"pa_interface-fr-fr","210":"pa_interface-it-it","211":"pa_interface-ja-jp","212":"pa_interface-ko-kr","213":"pa_interface-pl-pl","214":"pa_interface-pt-br","215":"pa_interface-ru-ru","217":"pa_interface-zh-cn","218":"pa_interface-zh-tw","219":"pa_keywords-3d","221":"pa_keywords-4k-ultra-hd","222":"pa_keywords-60-fps-on-consoles","223":"pa_keywords-achievements","224":"pa_keywords-character-customization","225":"pa_keywords-cloud-saves","226":"pa_keywords-controller-recommendation","227":"pa_keywords-controller-support","228":"pa_keywords-dark-fantasy","229":"pa_keywords-dualsense-support-for-pc","230":"pa_keywords-exploration","231":"pa_keywords-gore","232":"pa_keywords-jrpg","233":"pa_keywords-lore-rich","234":"pa_keywords-magic","235":"pa_keywords-narration","236":"pa_keywords-party-based","237":"pa_keywords-party-based-combat","238":"pa_keywords-party-based-rpg","239":"pa_keywords-post-apocalyptic","240":"pa_keywords-realistic","241":"pa_keywords-soulslike","242":"pa_keywords-steam-achievements","243":"pa_keywords-steam-cloud","244":"pa_keywords-steam-families","245":"pa_keywords-story-rich","246":"pa_keywords-suggestive-themes","247":"pa_keywords-turn-based","248":"pa_keywords-turn-based-combat","249":"pa_keywords-violence","250":"pa_keywords-xbox-achievements","251":"pa_keywords-xbox-cloud-saves","252":"pa_keywords-xbox-controller-support-for-pc","253":"pa_modes-single-player","255":"pa_pegi-13426","256":"pa_pegi-794","257":"pa_platform-pc-steam","259":"pa_player_perspectives-third-person","261":"pa_publisher-kepler-interactive","263":"pa_rating-14581","264":"pa_rating-2295","265":"pa_region-row","267":"pa_subtitles-de-de","269":"pa_subtitles-en-us","270":"pa_subtitles-es-es","271":"pa_subtitles-fr-fr","272":"pa_subtitles-it-it","273":"pa_subtitles-ja-jp","274":"pa_subtitles-ko-kr","275":"pa_subtitles-pl-pl","276":"pa_subtitles-pt-br","277":"pa_subtitles-ru-ru","278":"pa_subtitles-zh-cn","279":"pa_subtitles-zh-tw","280":"pa_themes-action","281":"pa_themes-fantasy","284":"first","285":"instock","286":"virtual","287":"taxable","288":"purchasable","289":"product-type-simple"},"yoast_head":"<!-- This site is optimized with the Yoast SEO plugin v27.3 - https:\/\/yoast.com\/product\/yoast-seo-wordpress\/ -->\n<title>Clair Obscur: Expedition 33 | BeGamer.cz<\/title>\n<meta name=\"robots\" content=\"index, follow, max-snippet:-1, max-image-preview:large, max-video-preview:-1\" \/>\n<link rel=\"canonical\" href=\"https:\/\/begamer.cz\/sk\/produkt\/clair-obscur-expedition-33-sk\/\" \/>\n<meta property=\"og:locale\" content=\"sk_SK\" \/>\n<meta property=\"og:type\" content=\"article\" \/>\n<meta property=\"og:title\" content=\"Clair Obscur: Expedition 33 | BeGamer.cz\" \/>\n<meta property=\"og:description\" content=\"Ve\u010fte \u010dlenov Exped\u00edcie 33 na ich misii zni\u010di\u0165 Ma\u013eovate\u013eku, aby u\u017e nikdy nemohla ma\u013eova\u0165 smr\u0165. Presk\u00famajte svet z\u00e1zrakov in\u0161pirovan\u00fd franc\u00fazskou Belle \u00c9poque a bojujte s jedine\u010dn\u00fdmi nepriate\u013emi v tejto \u0165ahovej RPG hre s mechanikou v re\u00e1lnom \u010dase.\" \/>\n<meta property=\"og:url\" content=\"https:\/\/begamer.cz\/sk\/produkt\/clair-obscur-expedition-33-sk\/\" \/>\n<meta property=\"og:site_name\" content=\"BeGamer.cz\" \/>\n<meta property=\"article:modified_time\" content=\"2026-03-11T16:21:23+00:00\" \/>\n<meta property=\"og:image\" content=\"https:\/\/begamer.cz\/wp-content\/uploads\/2026\/01\/clair-obscur-expedition-33-11.webp\" \/>\n\t<meta property=\"og:image:width\" content=\"300\" \/>\n\t<meta property=\"og:image:height\" content=\"400\" \/>\n\t<meta property=\"og:image:type\" content=\"image\/webp\" \/>\n<meta name=\"twitter:card\" content=\"summary_large_image\" \/>\n<meta name=\"twitter:label1\" content=\"Predpokladan\u00fd \u010das \u010d\u00edtania\" \/>\n\t<meta name=\"twitter:data1\" content=\"2 min\u00faty\" \/>\n<script type=\"application\/ld+json\" class=\"yoast-schema-graph\">{\"@context\":\"https:\\\/\\\/schema.org\",\"@graph\":[{\"@type\":\"WebPage\",\"@id\":\"https:\\\/\\\/begamer.cz\\\/sk\\\/produkt\\\/clair-obscur-expedition-33-sk\\\/\",\"url\":\"https:\\\/\\\/begamer.cz\\\/sk\\\/produkt\\\/clair-obscur-expedition-33-sk\\\/\",\"name\":\"Clair Obscur: Expedition 33 | BeGamer.cz\",\"isPartOf\":{\"@id\":\"https:\\\/\\\/begamer.cz\\\/sk\\\/#website\"},\"primaryImageOfPage\":{\"@id\":\"https:\\\/\\\/begamer.cz\\\/sk\\\/produkt\\\/clair-obscur-expedition-33-sk\\\/#primaryimage\"},\"image\":{\"@id\":\"https:\\\/\\\/begamer.cz\\\/sk\\\/produkt\\\/clair-obscur-expedition-33-sk\\\/#primaryimage\"},\"thumbnailUrl\":\"https:\\\/\\\/begamer.cz\\\/wp-content\\\/uploads\\\/2026\\\/01\\\/clair-obscur-expedition-33-11.webp\",\"datePublished\":\"2026-01-30T18:08:16+00:00\",\"dateModified\":\"2026-03-11T16:21:23+00:00\",\"breadcrumb\":{\"@id\":\"https:\\\/\\\/begamer.cz\\\/sk\\\/produkt\\\/clair-obscur-expedition-33-sk\\\/#breadcrumb\"},\"inLanguage\":\"sk-SK\",\"potentialAction\":[{\"@type\":\"ReadAction\",\"target\":[\"https:\\\/\\\/begamer.cz\\\/sk\\\/produkt\\\/clair-obscur-expedition-33-sk\\\/\"]}]},{\"@type\":\"ImageObject\",\"inLanguage\":\"sk-SK\",\"@id\":\"https:\\\/\\\/begamer.cz\\\/sk\\\/produkt\\\/clair-obscur-expedition-33-sk\\\/#primaryimage\",\"url\":\"https:\\\/\\\/begamer.cz\\\/wp-content\\\/uploads\\\/2026\\\/01\\\/clair-obscur-expedition-33-11.webp\",\"contentUrl\":\"https:\\\/\\\/begamer.cz\\\/wp-content\\\/uploads\\\/2026\\\/01\\\/clair-obscur-expedition-33-11.webp\",\"width\":300,\"height\":400},{\"@type\":\"BreadcrumbList\",\"@id\":\"https:\\\/\\\/begamer.cz\\\/sk\\\/produkt\\\/clair-obscur-expedition-33-sk\\\/#breadcrumb\",\"itemListElement\":[{\"@type\":\"ListItem\",\"position\":1,\"name\":\"Domov\",\"item\":\"https:\\\/\\\/begamer.cz\\\/sk\\\/\"},{\"@type\":\"ListItem\",\"position\":2,\"name\":\"Obchod\",\"item\":\"https:\\\/\\\/begamer.cz\\\/obchod\\\/\"},{\"@type\":\"ListItem\",\"position\":3,\"name\":\"Clair Obscur: Expedition 33\"}]},{\"@type\":\"WebSite\",\"@id\":\"https:\\\/\\\/begamer.cz\\\/sk\\\/#website\",\"url\":\"https:\\\/\\\/begamer.cz\\\/sk\\\/\",\"name\":\"BeGamer.cz\",\"description\":\"\",\"publisher\":{\"@id\":\"https:\\\/\\\/begamer.cz\\\/sk\\\/#organization\"},\"potentialAction\":[{\"@type\":\"SearchAction\",\"target\":{\"@type\":\"EntryPoint\",\"urlTemplate\":\"https:\\\/\\\/begamer.cz\\\/sk\\\/?s={search_term_string}\"},\"query-input\":{\"@type\":\"PropertyValueSpecification\",\"valueRequired\":true,\"valueName\":\"search_term_string\"}}],\"inLanguage\":\"sk-SK\"},{\"@type\":\"Organization\",\"@id\":\"https:\\\/\\\/begamer.cz\\\/sk\\\/#organization\",\"name\":\"BeGamer.cz\",\"url\":\"https:\\\/\\\/begamer.cz\\\/sk\\\/\",\"logo\":{\"@type\":\"ImageObject\",\"inLanguage\":\"sk-SK\",\"@id\":\"https:\\\/\\\/begamer.cz\\\/sk\\\/#\\\/schema\\\/logo\\\/image\\\/\",\"url\":\"https:\\\/\\\/begamer.cz\\\/wp-content\\\/uploads\\\/2025\\\/07\\\/logo.svg\",\"contentUrl\":\"https:\\\/\\\/begamer.cz\\\/wp-content\\\/uploads\\\/2025\\\/07\\\/logo.svg\",\"caption\":\"BeGamer.cz\"},\"image\":{\"@id\":\"https:\\\/\\\/begamer.cz\\\/sk\\\/#\\\/schema\\\/logo\\\/image\\\/\"}}]}<\/script>\n<!-- \/ Yoast SEO plugin. -->","yoast_head_json":{"title":"Clair Obscur: Expedition 33 | BeGamer.cz","robots":{"index":"index","follow":"follow","max-snippet":"max-snippet:-1","max-image-preview":"max-image-preview:large","max-video-preview":"max-video-preview:-1"},"canonical":"https:\/\/begamer.cz\/sk\/produkt\/clair-obscur-expedition-33-sk\/","og_locale":"sk_SK","og_type":"article","og_title":"Clair Obscur: Expedition 33 | BeGamer.cz","og_description":"Ve\u010fte \u010dlenov Exped\u00edcie 33 na ich misii zni\u010di\u0165 Ma\u013eovate\u013eku, aby u\u017e nikdy nemohla ma\u013eova\u0165 smr\u0165. Presk\u00famajte svet z\u00e1zrakov in\u0161pirovan\u00fd franc\u00fazskou Belle \u00c9poque a bojujte s jedine\u010dn\u00fdmi nepriate\u013emi v tejto \u0165ahovej RPG hre s mechanikou v re\u00e1lnom \u010dase.","og_url":"https:\/\/begamer.cz\/sk\/produkt\/clair-obscur-expedition-33-sk\/","og_site_name":"BeGamer.cz","article_modified_time":"2026-03-11T16:21:23+00:00","og_image":[{"width":300,"height":400,"url":"https:\/\/begamer.cz\/wp-content\/uploads\/2026\/01\/clair-obscur-expedition-33-11.webp","type":"image\/webp"}],"twitter_card":"summary_large_image","twitter_misc":{"Predpokladan\u00fd \u010das \u010d\u00edtania":"2 min\u00faty"},"schema":{"@context":"https:\/\/schema.org","@graph":[{"@type":"WebPage","@id":"https:\/\/begamer.cz\/sk\/produkt\/clair-obscur-expedition-33-sk\/","url":"https:\/\/begamer.cz\/sk\/produkt\/clair-obscur-expedition-33-sk\/","name":"Clair Obscur: Expedition 33 | BeGamer.cz","isPartOf":{"@id":"https:\/\/begamer.cz\/sk\/#website"},"primaryImageOfPage":{"@id":"https:\/\/begamer.cz\/sk\/produkt\/clair-obscur-expedition-33-sk\/#primaryimage"},"image":{"@id":"https:\/\/begamer.cz\/sk\/produkt\/clair-obscur-expedition-33-sk\/#primaryimage"},"thumbnailUrl":"https:\/\/begamer.cz\/wp-content\/uploads\/2026\/01\/clair-obscur-expedition-33-11.webp","datePublished":"2026-01-30T18:08:16+00:00","dateModified":"2026-03-11T16:21:23+00:00","breadcrumb":{"@id":"https:\/\/begamer.cz\/sk\/produkt\/clair-obscur-expedition-33-sk\/#breadcrumb"},"inLanguage":"sk-SK","potentialAction":[{"@type":"ReadAction","target":["https:\/\/begamer.cz\/sk\/produkt\/clair-obscur-expedition-33-sk\/"]}]},{"@type":"ImageObject","inLanguage":"sk-SK","@id":"https:\/\/begamer.cz\/sk\/produkt\/clair-obscur-expedition-33-sk\/#primaryimage","url":"https:\/\/begamer.cz\/wp-content\/uploads\/2026\/01\/clair-obscur-expedition-33-11.webp","contentUrl":"https:\/\/begamer.cz\/wp-content\/uploads\/2026\/01\/clair-obscur-expedition-33-11.webp","width":300,"height":400},{"@type":"BreadcrumbList","@id":"https:\/\/begamer.cz\/sk\/produkt\/clair-obscur-expedition-33-sk\/#breadcrumb","itemListElement":[{"@type":"ListItem","position":1,"name":"Domov","item":"https:\/\/begamer.cz\/sk\/"},{"@type":"ListItem","position":2,"name":"Obchod","item":"https:\/\/begamer.cz\/obchod\/"},{"@type":"ListItem","position":3,"name":"Clair Obscur: Expedition 33"}]},{"@type":"WebSite","@id":"https:\/\/begamer.cz\/sk\/#website","url":"https:\/\/begamer.cz\/sk\/","name":"BeGamer.cz","description":"","publisher":{"@id":"https:\/\/begamer.cz\/sk\/#organization"},"potentialAction":[{"@type":"SearchAction","target":{"@type":"EntryPoint","urlTemplate":"https:\/\/begamer.cz\/sk\/?s={search_term_string}"},"query-input":{"@type":"PropertyValueSpecification","valueRequired":true,"valueName":"search_term_string"}}],"inLanguage":"sk-SK"},{"@type":"Organization","@id":"https:\/\/begamer.cz\/sk\/#organization","name":"BeGamer.cz","url":"https:\/\/begamer.cz\/sk\/","logo":{"@type":"ImageObject","inLanguage":"sk-SK","@id":"https:\/\/begamer.cz\/sk\/#\/schema\/logo\/image\/","url":"https:\/\/begamer.cz\/wp-content\/uploads\/2025\/07\/logo.svg","contentUrl":"https:\/\/begamer.cz\/wp-content\/uploads\/2025\/07\/logo.svg","caption":"BeGamer.cz"},"image":{"@id":"https:\/\/begamer.cz\/sk\/#\/schema\/logo\/image\/"}}]}},"acf":[],"_links":{"self":[{"href":"https:\/\/begamer.cz\/sk\/wp-json\/wp\/v2\/product\/102794","targetHints":{"allow":["GET"]}}],"collection":[{"href":"https:\/\/begamer.cz\/sk\/wp-json\/wp\/v2\/product"}],"about":[{"href":"https:\/\/begamer.cz\/sk\/wp-json\/wp\/v2\/types\/product"}],"replies":[{"embeddable":true,"href":"https:\/\/begamer.cz\/sk\/wp-json\/wp\/v2\/comments?post=102794"}],"wp:featuredmedia":[{"embeddable":true,"href":"https:\/\/begamer.cz\/sk\/wp-json\/wp\/v2\/media\/108999"}],"wp:attachment":[{"href":"https:\/\/begamer.cz\/sk\/wp-json\/wp\/v2\/media?parent=102794"}],"wp:term":[{"taxonomy":"product_brand","embeddable":true,"href":"https:\/\/begamer.cz\/sk\/wp-json\/wp\/v2\/product_brand?post=102794"},{"taxonomy":"product_cat","embeddable":true,"href":"https:\/\/begamer.cz\/sk\/wp-json\/wp\/v2\/product_cat?post=102794"},{"taxonomy":"product_tag","embeddable":true,"href":"https:\/\/begamer.cz\/sk\/wp-json\/wp\/v2\/product_tag?post=102794"}],"curies":[{"name":"wp","href":"https:\/\/api.w.org\/{rel}","templated":true}]}}