{"id":102773,"date":"2026-01-30T19:07:42","date_gmt":"2026-01-30T18:07:42","guid":{"rendered":"https:\/\/begamer.cz\/produkt\/guild-wars-2-gem-card-2000-sk\/"},"modified":"2026-03-11T17:19:01","modified_gmt":"2026-03-11T16:19:01","slug":"guild-wars-2-gem-card-2000-sk","status":"publish","type":"product","link":"https:\/\/begamer.cz\/sk\/produkt\/guild-wars-2-gem-card-2000-sk\/","title":{"rendered":"Guild Wars 2 Gem Card 2000"},"content":{"rendered":"<p>K\u00f3d prid\u00e1va 2000 hern\u00fdch drahokamov Guild Wars 2. Drahokamy pridajte pomocou Black Lion Trading Company v obchode s drahokamami v hre. Drahokamy s\u00fa hernou menou potrebnou na n\u00e1kup vec\u00ed v obchode s drahokamami. Drahokamy je mo\u017en\u00e9 zak\u00fapi\u0165 za skuto\u010dn\u00e9 peniaze a min\u00fa\u0165 ich na n\u00e1kup praktick\u00fdch predmetov, slu\u017eieb pre \u00fa\u010det alebo dekorat\u00edvnych predmetov. Podobne ako hern\u00e9 predmety, je mo\u017en\u00e9 ich vymeni\u0165 za mince s in\u00fdmi hr\u00e1\u010dmi v obchodnej stanici. Obchod s drahokamami umo\u017e\u0148uje hr\u00e1\u010dom nakupova\u0165 r\u00f4zne polo\u017eky pomocou drahokamov ako meny. Pr\u00edstup k nemu je cez Black Lion Trading Company. V\u00e4\u010d\u0161ina zak\u00fapen\u00fdch polo\u017eiek je okam\u017eite doru\u010den\u00e1 prostredn\u00edctvom po\u0161ty. Za drahokamy m\u00f4\u017eete nakupova\u0165 \u0161t\u00fdly, spotrebn\u00e9 predmety, slu\u017eby, \u00fa\u010dty, vylep\u0161enia, miniat\u00fary a\/alebo aktualiz\u00e1cie.<\/p>\n","protected":false},"excerpt":{"rendered":"<p>Odomknite 2000 drahokamov v hre Guild Wars 2 s touto digit\u00e1lnou kartou na stiahnutie.<\/p>\n","protected":false},"featured_media":87481,"comment_status":"open","ping_status":"closed","template":"","meta":{"_acf_changed":false},"product_brand":[],"product_cat":[296,268,266,308],"product_tag":[],"class_list":{"0":"post-102773","1":"product","2":"type-product","3":"status-publish","4":"has-post-thumbnail","6":"product_cat-online-pc-sk","7":"product_cat-pc-sk","8":"product_cat-pc-hry-sk","9":"product_cat-rpg-pc-hry-sk","10":"pa_countries-at","11":"pa_countries-be","12":"pa_countries-bg","13":"pa_countries-cy","14":"pa_countries-cz","16":"pa_countries-de","17":"pa_countries-dk","18":"pa_countries-ee","19":"pa_countries-es","20":"pa_countries-fi","21":"pa_countries-fr","22":"pa_countries-gr","23":"pa_countries-hr","24":"pa_countries-hu","25":"pa_countries-ie","26":"pa_countries-it","27":"pa_countries-lt","28":"pa_countries-lu","29":"pa_countries-lv","30":"pa_countries-mt","31":"pa_countries-nl","32":"pa_countries-pl","33":"pa_countries-pt","34":"pa_countries-ro","35":"pa_countries-se","36":"pa_countries-si","37":"pa_countries-sk","39":"pa_game_type-gift_card","41":"pa_platform-pc","43":"pa_region-europe","46":"first","47":"instock","48":"virtual","49":"taxable","50":"purchasable","51":"product-type-simple"},"yoast_head":"<!-- This site is optimized with the Yoast SEO plugin v27.3 - https:\/\/yoast.com\/product\/yoast-seo-wordpress\/ -->\n<title>Guild Wars 2 Gem Card 2000 | BeGamer.cz<\/title>\n<meta name=\"robots\" content=\"index, follow, max-snippet:-1, max-image-preview:large, max-video-preview:-1\" \/>\n<link rel=\"canonical\" href=\"https:\/\/begamer.cz\/sk\/produkt\/guild-wars-2-gem-card-2000-sk\/\" \/>\n<meta property=\"og:locale\" content=\"sk_SK\" \/>\n<meta property=\"og:type\" content=\"article\" \/>\n<meta property=\"og:title\" content=\"Guild Wars 2 Gem Card 2000 | BeGamer.cz\" \/>\n<meta property=\"og:description\" content=\"Odomknite 2000 drahokamov v hre Guild Wars 2 s touto digit\u00e1lnou kartou na stiahnutie.\" \/>\n<meta property=\"og:url\" content=\"https:\/\/begamer.cz\/sk\/produkt\/guild-wars-2-gem-card-2000-sk\/\" \/>\n<meta property=\"og:site_name\" content=\"BeGamer.cz\" \/>\n<meta property=\"article:modified_time\" content=\"2026-03-11T16:19:01+00:00\" \/>\n<meta property=\"og:image\" content=\"https:\/\/begamer.cz\/wp-content\/uploads\/2026\/01\/guild-wars-2-gem-card-2000.webp\" \/>\n\t<meta property=\"og:image:width\" content=\"300\" \/>\n\t<meta property=\"og:image:height\" content=\"400\" \/>\n\t<meta property=\"og:image:type\" content=\"image\/webp\" \/>\n<meta name=\"twitter:card\" content=\"summary_large_image\" \/>\n<meta name=\"twitter:label1\" content=\"Predpokladan\u00fd \u010das \u010d\u00edtania\" \/>\n\t<meta name=\"twitter:data1\" content=\"1 min\u00fata\" \/>\n<script type=\"application\/ld+json\" class=\"yoast-schema-graph\">{\"@context\":\"https:\\\/\\\/schema.org\",\"@graph\":[{\"@type\":\"WebPage\",\"@id\":\"https:\\\/\\\/begamer.cz\\\/sk\\\/produkt\\\/guild-wars-2-gem-card-2000-sk\\\/\",\"url\":\"https:\\\/\\\/begamer.cz\\\/sk\\\/produkt\\\/guild-wars-2-gem-card-2000-sk\\\/\",\"name\":\"Guild Wars 2 Gem Card 2000 | BeGamer.cz\",\"isPartOf\":{\"@id\":\"https:\\\/\\\/begamer.cz\\\/sk\\\/#website\"},\"primaryImageOfPage\":{\"@id\":\"https:\\\/\\\/begamer.cz\\\/sk\\\/produkt\\\/guild-wars-2-gem-card-2000-sk\\\/#primaryimage\"},\"image\":{\"@id\":\"https:\\\/\\\/begamer.cz\\\/sk\\\/produkt\\\/guild-wars-2-gem-card-2000-sk\\\/#primaryimage\"},\"thumbnailUrl\":\"https:\\\/\\\/begamer.cz\\\/wp-content\\\/uploads\\\/2026\\\/01\\\/guild-wars-2-gem-card-2000.webp\",\"datePublished\":\"2026-01-30T18:07:42+00:00\",\"dateModified\":\"2026-03-11T16:19:01+00:00\",\"breadcrumb\":{\"@id\":\"https:\\\/\\\/begamer.cz\\\/sk\\\/produkt\\\/guild-wars-2-gem-card-2000-sk\\\/#breadcrumb\"},\"inLanguage\":\"sk-SK\",\"potentialAction\":[{\"@type\":\"ReadAction\",\"target\":[\"https:\\\/\\\/begamer.cz\\\/sk\\\/produkt\\\/guild-wars-2-gem-card-2000-sk\\\/\"]}]},{\"@type\":\"ImageObject\",\"inLanguage\":\"sk-SK\",\"@id\":\"https:\\\/\\\/begamer.cz\\\/sk\\\/produkt\\\/guild-wars-2-gem-card-2000-sk\\\/#primaryimage\",\"url\":\"https:\\\/\\\/begamer.cz\\\/wp-content\\\/uploads\\\/2026\\\/01\\\/guild-wars-2-gem-card-2000.webp\",\"contentUrl\":\"https:\\\/\\\/begamer.cz\\\/wp-content\\\/uploads\\\/2026\\\/01\\\/guild-wars-2-gem-card-2000.webp\",\"width\":300,\"height\":400},{\"@type\":\"BreadcrumbList\",\"@id\":\"https:\\\/\\\/begamer.cz\\\/sk\\\/produkt\\\/guild-wars-2-gem-card-2000-sk\\\/#breadcrumb\",\"itemListElement\":[{\"@type\":\"ListItem\",\"position\":1,\"name\":\"Domov\",\"item\":\"https:\\\/\\\/begamer.cz\\\/sk\\\/\"},{\"@type\":\"ListItem\",\"position\":2,\"name\":\"Obchod\",\"item\":\"https:\\\/\\\/begamer.cz\\\/obchod\\\/\"},{\"@type\":\"ListItem\",\"position\":3,\"name\":\"Guild Wars 2 Gem Card 2000\"}]},{\"@type\":\"WebSite\",\"@id\":\"https:\\\/\\\/begamer.cz\\\/sk\\\/#website\",\"url\":\"https:\\\/\\\/begamer.cz\\\/sk\\\/\",\"name\":\"BeGamer.cz\",\"description\":\"\",\"publisher\":{\"@id\":\"https:\\\/\\\/begamer.cz\\\/sk\\\/#organization\"},\"potentialAction\":[{\"@type\":\"SearchAction\",\"target\":{\"@type\":\"EntryPoint\",\"urlTemplate\":\"https:\\\/\\\/begamer.cz\\\/sk\\\/?s={search_term_string}\"},\"query-input\":{\"@type\":\"PropertyValueSpecification\",\"valueRequired\":true,\"valueName\":\"search_term_string\"}}],\"inLanguage\":\"sk-SK\"},{\"@type\":\"Organization\",\"@id\":\"https:\\\/\\\/begamer.cz\\\/sk\\\/#organization\",\"name\":\"BeGamer.cz\",\"url\":\"https:\\\/\\\/begamer.cz\\\/sk\\\/\",\"logo\":{\"@type\":\"ImageObject\",\"inLanguage\":\"sk-SK\",\"@id\":\"https:\\\/\\\/begamer.cz\\\/sk\\\/#\\\/schema\\\/logo\\\/image\\\/\",\"url\":\"https:\\\/\\\/begamer.cz\\\/wp-content\\\/uploads\\\/2025\\\/07\\\/logo.svg\",\"contentUrl\":\"https:\\\/\\\/begamer.cz\\\/wp-content\\\/uploads\\\/2025\\\/07\\\/logo.svg\",\"caption\":\"BeGamer.cz\"},\"image\":{\"@id\":\"https:\\\/\\\/begamer.cz\\\/sk\\\/#\\\/schema\\\/logo\\\/image\\\/\"}}]}<\/script>\n<!-- \/ Yoast SEO plugin. -->","yoast_head_json":{"title":"Guild Wars 2 Gem Card 2000 | BeGamer.cz","robots":{"index":"index","follow":"follow","max-snippet":"max-snippet:-1","max-image-preview":"max-image-preview:large","max-video-preview":"max-video-preview:-1"},"canonical":"https:\/\/begamer.cz\/sk\/produkt\/guild-wars-2-gem-card-2000-sk\/","og_locale":"sk_SK","og_type":"article","og_title":"Guild Wars 2 Gem Card 2000 | BeGamer.cz","og_description":"Odomknite 2000 drahokamov v hre Guild Wars 2 s touto digit\u00e1lnou kartou na stiahnutie.","og_url":"https:\/\/begamer.cz\/sk\/produkt\/guild-wars-2-gem-card-2000-sk\/","og_site_name":"BeGamer.cz","article_modified_time":"2026-03-11T16:19:01+00:00","og_image":[{"width":300,"height":400,"url":"https:\/\/begamer.cz\/wp-content\/uploads\/2026\/01\/guild-wars-2-gem-card-2000.webp","type":"image\/webp"}],"twitter_card":"summary_large_image","twitter_misc":{"Predpokladan\u00fd \u010das \u010d\u00edtania":"1 min\u00fata"},"schema":{"@context":"https:\/\/schema.org","@graph":[{"@type":"WebPage","@id":"https:\/\/begamer.cz\/sk\/produkt\/guild-wars-2-gem-card-2000-sk\/","url":"https:\/\/begamer.cz\/sk\/produkt\/guild-wars-2-gem-card-2000-sk\/","name":"Guild Wars 2 Gem Card 2000 | BeGamer.cz","isPartOf":{"@id":"https:\/\/begamer.cz\/sk\/#website"},"primaryImageOfPage":{"@id":"https:\/\/begamer.cz\/sk\/produkt\/guild-wars-2-gem-card-2000-sk\/#primaryimage"},"image":{"@id":"https:\/\/begamer.cz\/sk\/produkt\/guild-wars-2-gem-card-2000-sk\/#primaryimage"},"thumbnailUrl":"https:\/\/begamer.cz\/wp-content\/uploads\/2026\/01\/guild-wars-2-gem-card-2000.webp","datePublished":"2026-01-30T18:07:42+00:00","dateModified":"2026-03-11T16:19:01+00:00","breadcrumb":{"@id":"https:\/\/begamer.cz\/sk\/produkt\/guild-wars-2-gem-card-2000-sk\/#breadcrumb"},"inLanguage":"sk-SK","potentialAction":[{"@type":"ReadAction","target":["https:\/\/begamer.cz\/sk\/produkt\/guild-wars-2-gem-card-2000-sk\/"]}]},{"@type":"ImageObject","inLanguage":"sk-SK","@id":"https:\/\/begamer.cz\/sk\/produkt\/guild-wars-2-gem-card-2000-sk\/#primaryimage","url":"https:\/\/begamer.cz\/wp-content\/uploads\/2026\/01\/guild-wars-2-gem-card-2000.webp","contentUrl":"https:\/\/begamer.cz\/wp-content\/uploads\/2026\/01\/guild-wars-2-gem-card-2000.webp","width":300,"height":400},{"@type":"BreadcrumbList","@id":"https:\/\/begamer.cz\/sk\/produkt\/guild-wars-2-gem-card-2000-sk\/#breadcrumb","itemListElement":[{"@type":"ListItem","position":1,"name":"Domov","item":"https:\/\/begamer.cz\/sk\/"},{"@type":"ListItem","position":2,"name":"Obchod","item":"https:\/\/begamer.cz\/obchod\/"},{"@type":"ListItem","position":3,"name":"Guild Wars 2 Gem Card 2000"}]},{"@type":"WebSite","@id":"https:\/\/begamer.cz\/sk\/#website","url":"https:\/\/begamer.cz\/sk\/","name":"BeGamer.cz","description":"","publisher":{"@id":"https:\/\/begamer.cz\/sk\/#organization"},"potentialAction":[{"@type":"SearchAction","target":{"@type":"EntryPoint","urlTemplate":"https:\/\/begamer.cz\/sk\/?s={search_term_string}"},"query-input":{"@type":"PropertyValueSpecification","valueRequired":true,"valueName":"search_term_string"}}],"inLanguage":"sk-SK"},{"@type":"Organization","@id":"https:\/\/begamer.cz\/sk\/#organization","name":"BeGamer.cz","url":"https:\/\/begamer.cz\/sk\/","logo":{"@type":"ImageObject","inLanguage":"sk-SK","@id":"https:\/\/begamer.cz\/sk\/#\/schema\/logo\/image\/","url":"https:\/\/begamer.cz\/wp-content\/uploads\/2025\/07\/logo.svg","contentUrl":"https:\/\/begamer.cz\/wp-content\/uploads\/2025\/07\/logo.svg","caption":"BeGamer.cz"},"image":{"@id":"https:\/\/begamer.cz\/sk\/#\/schema\/logo\/image\/"}}]}},"acf":[],"_links":{"self":[{"href":"https:\/\/begamer.cz\/sk\/wp-json\/wp\/v2\/product\/102773","targetHints":{"allow":["GET"]}}],"collection":[{"href":"https:\/\/begamer.cz\/sk\/wp-json\/wp\/v2\/product"}],"about":[{"href":"https:\/\/begamer.cz\/sk\/wp-json\/wp\/v2\/types\/product"}],"replies":[{"embeddable":true,"href":"https:\/\/begamer.cz\/sk\/wp-json\/wp\/v2\/comments?post=102773"}],"wp:featuredmedia":[{"embeddable":true,"href":"https:\/\/begamer.cz\/sk\/wp-json\/wp\/v2\/media\/87481"}],"wp:attachment":[{"href":"https:\/\/begamer.cz\/sk\/wp-json\/wp\/v2\/media?parent=102773"}],"wp:term":[{"taxonomy":"product_brand","embeddable":true,"href":"https:\/\/begamer.cz\/sk\/wp-json\/wp\/v2\/product_brand?post=102773"},{"taxonomy":"product_cat","embeddable":true,"href":"https:\/\/begamer.cz\/sk\/wp-json\/wp\/v2\/product_cat?post=102773"},{"taxonomy":"product_tag","embeddable":true,"href":"https:\/\/begamer.cz\/sk\/wp-json\/wp\/v2\/product_tag?post=102773"}],"curies":[{"name":"wp","href":"https:\/\/api.w.org\/{rel}","templated":true}]}}