{"id":102653,"date":"2026-01-30T19:05:28","date_gmt":"2026-01-30T18:05:28","guid":{"rendered":"https:\/\/begamer.cz\/produkt\/pike-and-shot-campaigns-sk\/"},"modified":"2026-03-11T17:06:35","modified_gmt":"2026-03-11T16:06:35","slug":"pike-and-shot-campaigns-sk","status":"publish","type":"product","link":"https:\/\/begamer.cz\/sk\/produkt\/pike-and-shot-campaigns-sk\/","title":{"rendered":"Pike and Shot: Campaigns"},"content":{"rendered":"<p><strong>V hre Pike and Shot m\u00f4\u017eete kr\u00e1\u010da\u0165 v stop\u00e1ch ve\u013ek\u00fdch vodcov jedn\u00e9ho z naj\u00fa\u017easnej\u0161\u00edch obdob\u00ed eur\u00f3pskej hist\u00f3rie, ke\u010f preber\u00e1te velenie v mohutn\u00fdch bojoch Ve\u013ekej tureckej vojny, Tridsa\u0165ro\u010dnej vojny a Anglickej ob\u010dianskej vojny.<\/strong><\/p>\n<p>Hist\u00f3ria sa m\u00f4\u017ee prep\u00edsa\u0165, ke\u010f pou\u017eijete svoj g\u00e9nius na to, aby ste viedli svoje arm\u00e1dy od v\u00ed\u0165azstva k v\u00ed\u0165azstvu v jedine\u010dn\u00fdch taktick\u00fdch bitk\u00e1ch hry Pike and Shot. Predch\u00e1dzaj\u00face v\u00ed\u0165azstv\u00e1 a por\u00e1\u017eky ur\u010duj\u00fa stav pripravenosti va\u0161ich s\u00edl a ka\u017ed\u00e1 jednotka bude ma\u0165 v\u00fdznam pre v\u00ed\u0165azstvo v z\u00e1vere\u010dnej bitke. Ako budete postupova\u0165 v kampani, budete robi\u0165 \u0165a\u017ek\u00e9 rozhodnutia na \u00faplne novej strategickej mape, kde ter\u00e9n, \u013eudsk\u00e9 zdroje, z\u00e1soby, opotrebovanie, obliehania a ekonomick\u00e9 \u0161kody bud\u00fa ur\u010dova\u0165 va\u0161e vo\u013eby a robi\u0165 rozdiel medzi sl\u00e1vou a por\u00e1\u017ekou. V \u0161tyroch<\/p>\n<p>kampaniach v\u00e1s \u010dakaj\u00fa stovky hod\u00edn hrania, v\u0161etky s vlastn\u00fdmi arm\u00e1dami a taktikami:<\/p>\n<ul class=\"bb_ul\">\n<li>Kampa\u0148 Gustava Adolfa, ktor\u00e1 sa odohr\u00e1va v \u201e\u0161v\u00e9dskej f\u00e1ze\u201c tridsa\u0165ro\u010dnej vojny, v\u00e1m umo\u017e\u0148uje hra\u0165 za \u0160v\u00e9dov alebo imperialistov.<\/li>\n<li>Kampa\u0148 Anglick\u00e1 ob\u010dianska vojna v\u00e1m umo\u017e\u0148uje hra\u0165 za rojalistov alebo parlament\u00e1rov.<\/li>\n<li>Kampa\u0148 Ve\u013ek\u00e1 tureck\u00e1 vojna, ktor\u00e1 sa odohr\u00e1va v obdob\u00ed sl\u00e1vneho obliehania a bitky o Viede\u0148 v roku 1683, v\u00e1m umo\u017e\u0148uje hra\u0165 za Rak\u00fasko a Po\u013esko alebo za Osmansk\u00fa r\u00ed\u0161u.<\/li>\n<li>Kampa\u0148 Pike and Shot skirmish v\u00e1m umo\u017e\u0148uje porovna\u0165 ak\u00e9ko\u013evek dve arm\u00e1dy z rokov 1494 a\u017e 1698 v boji o nadvl\u00e1du.<\/li>\n<\/ul>\n<p>21 nov\u00fdch zoznamov arm\u00e1d pre zvy\u0161ok Eur\u00f3py v obdob\u00ed talianskych vojen (1494-1559) &#8211; zah\u0155\u0148aj\u00facich arm\u00e1dy Anglicka, \u0160k\u00f3tska, D\u00e1nska, \u0160v\u00e9dska, nemeck\u00fdch \u0161t\u00e1tov, Rak\u00faska, Ma\u010farska, Sedmohradska, Osmanskej r\u00ed\u0161e, Po\u013eska-Litvy a Ruska.<\/p>\n<p>2 nov\u00e9 zoznamy pre pot\u00fd\u010dky zah\u0155\u0148aj\u00face arm\u00e1dy Cornwallu a \u0161k\u00f3tskych rojalistov v anglickej ob\u010dianskej vojne.<\/p>\n<p>37 nov\u00fdch zoznamov arm\u00e1d pre pot\u00fd\u010dky z obdobia vl\u00e1dy \u013dudov\u00edta XIV. \u201eLe Roi Soleil\u201c \u2013 zah\u0155\u0148aj\u00face arm\u00e1dy Anglicka, Holandskej republiky (a anglo-holandskej \u201e\u00fanie\u201c), jakobitsk\u00e9ho \u0160k\u00f3tska, jakobitsk\u00e9ho \u00cdrska, D\u00e1nska, \u0160v\u00e9dska, nemeck\u00fdch \u0161t\u00e1tov, Rak\u00faska, ma\u010farskej kuruckej reb\u00e9lie, Osmanskej r\u00ed\u0161e, Po\u013eska-Litvy a Ruska v rokoch 1649 a\u017e 1698.<\/p>\n<p>40 historick\u00fdch bitiek v plnej ve\u013ekosti \u2013 po 10 pre tridsa\u0165ro\u010dn\u00fa vojnu, anglick\u00fa ob\u010diansku vojnu, talianske vojny na za\u010diatku 16. storo\u010dia a vojny na konci 16. storo\u010dia (Tercio to Salvo).<\/p>\n<p>154 r\u00f4znych historicky presk\u00faman\u00fdch zoznamov arm\u00e1d, 20 hrate\u013en\u00fdch n\u00e1rodov a frakci\u00ed.<\/p>\n<p><strong>Samostatn\u00e9 bitky a scen\u00e1re<\/strong><br \/>Samostatn\u00fd bojov\u00fd syst\u00e9m umo\u017e\u0148uje neobmedzen\u00e9 \u201e\u010do keby\u201c scen\u00e1re s pou\u017eit\u00edm historicky realistick\u00fdch arm\u00e1d z d\u00f4kladne presk\u00faman\u00fdch zoznamov arm\u00e1d na realistick\u00fdch po\u010d\u00edta\u010dovo generovan\u00fdch ter\u00e9nnych map\u00e1ch, v\u010faka \u010domu je ka\u017ed\u00e1 bitka in\u00e1.<\/p>\n<p>Samostatn\u00e9 scen\u00e1re s\u00fa generovan\u00e9 n\u00e1hodne a zah\u0155\u0148aj\u00fa otvoren\u00fa bitku, \u00fatok na obrann\u00fa poz\u00edciu, obranu obrannej poz\u00edcie, \u010dakanie na posily, nepriate\u013e \u010dakaj\u00faci na posily, pochod po boku.<\/p>\n<p>V samostatn\u00fdch hr\u00e1ch si hr\u00e1\u010di m\u00f4\u017eu vybra\u0165 svoje arm\u00e1dy zo zoznamu arm\u00e1d alebo necha\u0165 po\u010d\u00edta\u010d, aby im arm\u00e1du vybral.<\/p>\n<p>A tie\u017e&#8230;<\/p>\n<ul class=\"bb_ul\">\n<li>Efekt\u00edvna umel\u00e1 inteligencia rob\u00ed spr\u00e1vne taktick\u00e9 rozhodnutia. Historick\u00e1 bojov\u00e1 umel\u00e1 inteligencia prisp\u00f4soben\u00e1 historickej taktickej situ\u00e1cii.<\/li>\n<li>5 \u00farovn\u00ed obtia\u017enosti umo\u017e\u0148uje zvy\u0161ova\u0165 n\u00e1ro\u010dnos\u0165, ako rozv\u00edjate svoje bojov\u00e9 a strategick\u00e9 zru\u010dnosti.<\/li>\n<li>20 typov vojakov, 25 \u201eschopnost\u00ed\u201c a mno\u017estvo r\u00f4znych organiz\u00e1ci\u00ed jednotiek umo\u017e\u0148uj\u00fa pln\u00e9 zobrazenie taktick\u00fdch rozdielov a v\u00fdvoja v priebehu cel\u00e9ho obdobia.<\/li>\n<li>Podrobn\u00fd model, ktor\u00fd presne reprezentuje ak\u00fako\u013evek v\u00fdznamn\u00fa bitku 16. alebo 17. storo\u010dia po celom svete, ako sa vyv\u00edjaj\u00fa scen\u00e1re.<\/li>\n<li>Hra je priate\u013esk\u00e1 k modifik\u00e1ci\u00e1m a m\u00e1 zabudovan\u00fd editor m\u00e1p.<\/li>\n<li>Re\u017eim pre viacer\u00fdch hr\u00e1\u010dov umo\u017e\u0148uje hra\u0165 historick\u00e9 scen\u00e1re a scen\u00e1re \u201e\u010do keby\u201c dvoma hr\u00e1\u010dmi pomocou \u013eahko pou\u017eite\u013en\u00e9ho PBEM servera Slitherine.<\/li>\n<li>Ve\u013ek\u00e1 kni\u017enica historick\u00fdch scen\u00e1rov pre jedn\u00e9ho alebo viacer\u00fdch hr\u00e1\u010dov, ktor\u00e9 vytvorili pou\u017e\u00edvatelia a ktor\u00e9 je mo\u017en\u00e9 priamo stiahnu\u0165 v hre.<\/li>\n<\/ul>\n","protected":false},"excerpt":{"rendered":"<p>Najlep\u0161ia vojnov\u00e1 hra zasaden\u00e1 do \u00e9ry Pike and Shot je sp\u00e4\u0165. Teraz m\u00e1te pln\u00fa kontrolu nad arm\u00e1dami svojej krajiny po\u010das dlhej kampane v boji o nadvl\u00e1du.<\/p>\n","protected":false},"featured_media":42386,"comment_status":"open","ping_status":"closed","template":"","meta":{"_acf_changed":false},"product_brand":[],"product_cat":[268,266,312,318],"product_tag":[],"class_list":{"0":"post-102653","1":"product","2":"type-product","3":"status-publish","4":"has-post-thumbnail","6":"product_cat-pc-sk","7":"product_cat-pc-hry-sk","8":"product_cat-steam-pc-sk","9":"product_cat-strategie-pc-hry-sk","10":"pa_countries-ad","11":"pa_countries-ae","12":"pa_countries-af","13":"pa_countries-ag","14":"pa_countries-ai","15":"pa_countries-al","16":"pa_countries-am","17":"pa_countries-ao","18":"pa_countries-aq","19":"pa_countries-ar","20":"pa_countries-as","21":"pa_countries-at","22":"pa_countries-au","23":"pa_countries-aw","24":"pa_countries-ax","25":"pa_countries-az","26":"pa_countries-ba","27":"pa_countries-bb","28":"pa_countries-bd","29":"pa_countries-be","30":"pa_countries-bf","31":"pa_countries-bg","32":"pa_countries-bh","33":"pa_countries-bi","34":"pa_countries-bj","35":"pa_countries-bl","36":"pa_countries-bm","37":"pa_countries-bn","38":"pa_countries-bo","39":"pa_countries-bq","40":"pa_countries-br","41":"pa_countries-bs","42":"pa_countries-bt","43":"pa_countries-bv","44":"pa_countries-bw","45":"pa_countries-bz","46":"pa_countries-ca","47":"pa_countries-cc","48":"pa_countries-cd","49":"pa_countries-cf","50":"pa_countries-cg","51":"pa_countries-ch","52":"pa_countries-ci","53":"pa_countries-ck","54":"pa_countries-cl","55":"pa_countries-cm","56":"pa_countries-cn","57":"pa_countries-co","58":"pa_countries-cr","59":"pa_countries-cu","60":"pa_countries-cv","61":"pa_countries-cw","62":"pa_countries-cx","63":"pa_countries-cy","64":"pa_countries-cz","65":"pa_countries-de","66":"pa_countries-dj","67":"pa_countries-dk","68":"pa_countries-dm","69":"pa_countries-do","70":"pa_countries-dz","71":"pa_countries-ec","72":"pa_countries-ee","73":"pa_countries-eg","74":"pa_countries-eh","75":"pa_countries-er","76":"pa_countries-es","77":"pa_countries-et","78":"pa_countries-fi","79":"pa_countries-fj","80":"pa_countries-fk","81":"pa_countries-fm","82":"pa_countries-fo","83":"pa_countries-fr","84":"pa_countries-ga","85":"pa_countries-gb","86":"pa_countries-gd","87":"pa_countries-ge","88":"pa_countries-gf","89":"pa_countries-gg","90":"pa_countries-gh","91":"pa_countries-gi","92":"pa_countries-gl","93":"pa_countries-gm","94":"pa_countries-gn","95":"pa_countries-gp","96":"pa_countries-gq","97":"pa_countries-gr","98":"pa_countries-gs","99":"pa_countries-gt","100":"pa_countries-gu","101":"pa_countries-gw","102":"pa_countries-gy","103":"pa_countries-hk","104":"pa_countries-hm","105":"pa_countries-hn","106":"pa_countries-hr","107":"pa_countries-ht","108":"pa_countries-hu","109":"pa_countries-id","110":"pa_countries-ie","111":"pa_countries-il","112":"pa_countries-im","113":"pa_countries-in","114":"pa_countries-io","115":"pa_countries-iq","116":"pa_countries-ir","117":"pa_countries-is","118":"pa_countries-it","119":"pa_countries-je","120":"pa_countries-jm","121":"pa_countries-jo","122":"pa_countries-jp","123":"pa_countries-ke","124":"pa_countries-kg","125":"pa_countries-kh","126":"pa_countries-ki","127":"pa_countries-km","128":"pa_countries-kn","129":"pa_countries-kp","130":"pa_countries-kr","131":"pa_countries-kw","132":"pa_countries-ky","133":"pa_countries-kz","134":"pa_countries-la","135":"pa_countries-lb","136":"pa_countries-lc","137":"pa_countries-li","138":"pa_countries-lk","139":"pa_countries-lr","140":"pa_countries-ls","141":"pa_countries-lt","142":"pa_countries-lu","143":"pa_countries-lv","144":"pa_countries-ly","145":"pa_countries-ma","146":"pa_countries-mc","147":"pa_countries-md","148":"pa_countries-me","149":"pa_countries-mf","150":"pa_countries-mg","151":"pa_countries-mh","152":"pa_countries-mk","153":"pa_countries-ml","154":"pa_countries-mm","155":"pa_countries-mn","156":"pa_countries-mo","157":"pa_countries-mp","158":"pa_countries-mq","159":"pa_countries-mr","160":"pa_countries-ms","161":"pa_countries-mt","162":"pa_countries-mu","163":"pa_countries-mv","164":"pa_countries-mw","165":"pa_countries-mx","166":"pa_countries-my","167":"pa_countries-mz","168":"pa_countries-na","169":"pa_countries-nc","170":"pa_countries-ne","171":"pa_countries-nf","172":"pa_countries-ng","173":"pa_countries-ni","174":"pa_countries-nl","175":"pa_countries-no","176":"pa_countries-np","177":"pa_countries-nr","178":"pa_countries-nu","179":"pa_countries-nz","180":"pa_countries-om","181":"pa_countries-pa","182":"pa_countries-pe","183":"pa_countries-pf","184":"pa_countries-pg","185":"pa_countries-ph","186":"pa_countries-pk","187":"pa_countries-pl","188":"pa_countries-pm","189":"pa_countries-pn","190":"pa_countries-pr","191":"pa_countries-ps","192":"pa_countries-pt","193":"pa_countries-pw","194":"pa_countries-py","195":"pa_countries-qa","196":"pa_countries-re","197":"pa_countries-ro","198":"pa_countries-rs","199":"pa_countries-rw","200":"pa_countries-sa","201":"pa_countries-sb","202":"pa_countries-sc","203":"pa_countries-sd","204":"pa_countries-se","205":"pa_countries-sg","206":"pa_countries-sh","207":"pa_countries-si","208":"pa_countries-sj","209":"pa_countries-sk","210":"pa_countries-sl","211":"pa_countries-sm","212":"pa_countries-sn","213":"pa_countries-so","214":"pa_countries-sr","215":"pa_countries-ss","217":"pa_countries-st","218":"pa_countries-sv","219":"pa_countries-sx","220":"pa_countries-sy","221":"pa_countries-sz","222":"pa_countries-tc","223":"pa_countries-td","224":"pa_countries-tf","225":"pa_countries-tg","226":"pa_countries-th","227":"pa_countries-tj","228":"pa_countries-tk","229":"pa_countries-tl","230":"pa_countries-tm","231":"pa_countries-tn","232":"pa_countries-to","233":"pa_countries-tr","234":"pa_countries-tt","235":"pa_countries-tv","236":"pa_countries-tw","237":"pa_countries-tz","238":"pa_countries-ua","239":"pa_countries-ug","240":"pa_countries-um","241":"pa_countries-us","242":"pa_countries-uy","243":"pa_countries-uz","244":"pa_countries-va","245":"pa_countries-vc","246":"pa_countries-ve","247":"pa_countries-vg","248":"pa_countries-vi","249":"pa_countries-vn","250":"pa_countries-vu","251":"pa_countries-wf","252":"pa_countries-ws","253":"pa_countries-xk","254":"pa_countries-ye","255":"pa_countries-yt","256":"pa_countries-za","257":"pa_countries-zm","258":"pa_countries-zw","259":"pa_developer-byzantine-games","261":"pa_game_type-main_game","263":"pa_genres-strategy","264":"pa_genres-turn-based-strategy-tbs","266":"pa_interface-de-de","268":"pa_interface-en-us","269":"pa_interface-es-es","270":"pa_interface-fr-fr","271":"pa_modes-multiplayer","273":"pa_modes-single-player","274":"pa_platform-pc-steam","276":"pa_publisher-slitherine-ltd","278":"pa_rating-14441","279":"pa_rating-773","280":"pa_region-global","282":"pa_themes-historical","283":"pa_themes-warfare","286":"first","287":"outofstock","288":"virtual","289":"taxable","290":"purchasable","291":"product-type-simple"},"yoast_head":"<!-- This site is optimized with the Yoast SEO plugin v27.3 - https:\/\/yoast.com\/product\/yoast-seo-wordpress\/ -->\n<title>Pike and Shot: Campaigns | BeGamer.cz<\/title>\n<meta name=\"robots\" content=\"index, follow, max-snippet:-1, max-image-preview:large, max-video-preview:-1\" \/>\n<link rel=\"canonical\" href=\"https:\/\/begamer.cz\/sk\/produkt\/pike-and-shot-campaigns-sk\/\" \/>\n<meta property=\"og:locale\" content=\"sk_SK\" \/>\n<meta property=\"og:type\" content=\"article\" \/>\n<meta property=\"og:title\" content=\"Pike and Shot: Campaigns | BeGamer.cz\" \/>\n<meta property=\"og:description\" content=\"Najlep\u0161ia vojnov\u00e1 hra zasaden\u00e1 do \u00e9ry Pike and Shot je sp\u00e4\u0165. Teraz m\u00e1te pln\u00fa kontrolu nad arm\u00e1dami svojej krajiny po\u010das dlhej kampane v boji o nadvl\u00e1du.\" \/>\n<meta property=\"og:url\" content=\"https:\/\/begamer.cz\/sk\/produkt\/pike-and-shot-campaigns-sk\/\" \/>\n<meta property=\"og:site_name\" content=\"BeGamer.cz\" \/>\n<meta property=\"article:modified_time\" content=\"2026-03-11T16:06:35+00:00\" \/>\n<meta property=\"og:image\" content=\"https:\/\/begamer.cz\/wp-content\/uploads\/2026\/01\/pike-and-shot-campaigns-5.webp\" \/>\n\t<meta property=\"og:image:width\" content=\"300\" \/>\n\t<meta property=\"og:image:height\" content=\"400\" \/>\n\t<meta property=\"og:image:type\" content=\"image\/webp\" \/>\n<meta name=\"twitter:card\" content=\"summary_large_image\" \/>\n<meta name=\"twitter:label1\" content=\"Predpokladan\u00fd \u010das \u010d\u00edtania\" \/>\n\t<meta name=\"twitter:data1\" content=\"4 min\u00faty\" \/>\n<script type=\"application\/ld+json\" class=\"yoast-schema-graph\">{\"@context\":\"https:\\\/\\\/schema.org\",\"@graph\":[{\"@type\":\"WebPage\",\"@id\":\"https:\\\/\\\/begamer.cz\\\/sk\\\/produkt\\\/pike-and-shot-campaigns-sk\\\/\",\"url\":\"https:\\\/\\\/begamer.cz\\\/sk\\\/produkt\\\/pike-and-shot-campaigns-sk\\\/\",\"name\":\"Pike and Shot: Campaigns | BeGamer.cz\",\"isPartOf\":{\"@id\":\"https:\\\/\\\/begamer.cz\\\/sk\\\/#website\"},\"primaryImageOfPage\":{\"@id\":\"https:\\\/\\\/begamer.cz\\\/sk\\\/produkt\\\/pike-and-shot-campaigns-sk\\\/#primaryimage\"},\"image\":{\"@id\":\"https:\\\/\\\/begamer.cz\\\/sk\\\/produkt\\\/pike-and-shot-campaigns-sk\\\/#primaryimage\"},\"thumbnailUrl\":\"https:\\\/\\\/begamer.cz\\\/wp-content\\\/uploads\\\/2026\\\/01\\\/pike-and-shot-campaigns-5.webp\",\"datePublished\":\"2026-01-30T18:05:28+00:00\",\"dateModified\":\"2026-03-11T16:06:35+00:00\",\"breadcrumb\":{\"@id\":\"https:\\\/\\\/begamer.cz\\\/sk\\\/produkt\\\/pike-and-shot-campaigns-sk\\\/#breadcrumb\"},\"inLanguage\":\"sk-SK\",\"potentialAction\":[{\"@type\":\"ReadAction\",\"target\":[\"https:\\\/\\\/begamer.cz\\\/sk\\\/produkt\\\/pike-and-shot-campaigns-sk\\\/\"]}]},{\"@type\":\"ImageObject\",\"inLanguage\":\"sk-SK\",\"@id\":\"https:\\\/\\\/begamer.cz\\\/sk\\\/produkt\\\/pike-and-shot-campaigns-sk\\\/#primaryimage\",\"url\":\"https:\\\/\\\/begamer.cz\\\/wp-content\\\/uploads\\\/2026\\\/01\\\/pike-and-shot-campaigns-5.webp\",\"contentUrl\":\"https:\\\/\\\/begamer.cz\\\/wp-content\\\/uploads\\\/2026\\\/01\\\/pike-and-shot-campaigns-5.webp\",\"width\":300,\"height\":400},{\"@type\":\"BreadcrumbList\",\"@id\":\"https:\\\/\\\/begamer.cz\\\/sk\\\/produkt\\\/pike-and-shot-campaigns-sk\\\/#breadcrumb\",\"itemListElement\":[{\"@type\":\"ListItem\",\"position\":1,\"name\":\"Domov\",\"item\":\"https:\\\/\\\/begamer.cz\\\/sk\\\/\"},{\"@type\":\"ListItem\",\"position\":2,\"name\":\"Obchod\",\"item\":\"https:\\\/\\\/begamer.cz\\\/obchod\\\/\"},{\"@type\":\"ListItem\",\"position\":3,\"name\":\"Pike and Shot: Campaigns\"}]},{\"@type\":\"WebSite\",\"@id\":\"https:\\\/\\\/begamer.cz\\\/sk\\\/#website\",\"url\":\"https:\\\/\\\/begamer.cz\\\/sk\\\/\",\"name\":\"BeGamer.cz\",\"description\":\"\",\"publisher\":{\"@id\":\"https:\\\/\\\/begamer.cz\\\/sk\\\/#organization\"},\"potentialAction\":[{\"@type\":\"SearchAction\",\"target\":{\"@type\":\"EntryPoint\",\"urlTemplate\":\"https:\\\/\\\/begamer.cz\\\/sk\\\/?s={search_term_string}\"},\"query-input\":{\"@type\":\"PropertyValueSpecification\",\"valueRequired\":true,\"valueName\":\"search_term_string\"}}],\"inLanguage\":\"sk-SK\"},{\"@type\":\"Organization\",\"@id\":\"https:\\\/\\\/begamer.cz\\\/sk\\\/#organization\",\"name\":\"BeGamer.cz\",\"url\":\"https:\\\/\\\/begamer.cz\\\/sk\\\/\",\"logo\":{\"@type\":\"ImageObject\",\"inLanguage\":\"sk-SK\",\"@id\":\"https:\\\/\\\/begamer.cz\\\/sk\\\/#\\\/schema\\\/logo\\\/image\\\/\",\"url\":\"https:\\\/\\\/begamer.cz\\\/wp-content\\\/uploads\\\/2025\\\/07\\\/logo.svg\",\"contentUrl\":\"https:\\\/\\\/begamer.cz\\\/wp-content\\\/uploads\\\/2025\\\/07\\\/logo.svg\",\"caption\":\"BeGamer.cz\"},\"image\":{\"@id\":\"https:\\\/\\\/begamer.cz\\\/sk\\\/#\\\/schema\\\/logo\\\/image\\\/\"}}]}<\/script>\n<!-- \/ Yoast SEO plugin. -->","yoast_head_json":{"title":"Pike and Shot: Campaigns | BeGamer.cz","robots":{"index":"index","follow":"follow","max-snippet":"max-snippet:-1","max-image-preview":"max-image-preview:large","max-video-preview":"max-video-preview:-1"},"canonical":"https:\/\/begamer.cz\/sk\/produkt\/pike-and-shot-campaigns-sk\/","og_locale":"sk_SK","og_type":"article","og_title":"Pike and Shot: Campaigns | BeGamer.cz","og_description":"Najlep\u0161ia vojnov\u00e1 hra zasaden\u00e1 do \u00e9ry Pike and Shot je sp\u00e4\u0165. Teraz m\u00e1te pln\u00fa kontrolu nad arm\u00e1dami svojej krajiny po\u010das dlhej kampane v boji o nadvl\u00e1du.","og_url":"https:\/\/begamer.cz\/sk\/produkt\/pike-and-shot-campaigns-sk\/","og_site_name":"BeGamer.cz","article_modified_time":"2026-03-11T16:06:35+00:00","og_image":[{"width":300,"height":400,"url":"https:\/\/begamer.cz\/wp-content\/uploads\/2026\/01\/pike-and-shot-campaigns-5.webp","type":"image\/webp"}],"twitter_card":"summary_large_image","twitter_misc":{"Predpokladan\u00fd \u010das \u010d\u00edtania":"4 min\u00faty"},"schema":{"@context":"https:\/\/schema.org","@graph":[{"@type":"WebPage","@id":"https:\/\/begamer.cz\/sk\/produkt\/pike-and-shot-campaigns-sk\/","url":"https:\/\/begamer.cz\/sk\/produkt\/pike-and-shot-campaigns-sk\/","name":"Pike and Shot: Campaigns | BeGamer.cz","isPartOf":{"@id":"https:\/\/begamer.cz\/sk\/#website"},"primaryImageOfPage":{"@id":"https:\/\/begamer.cz\/sk\/produkt\/pike-and-shot-campaigns-sk\/#primaryimage"},"image":{"@id":"https:\/\/begamer.cz\/sk\/produkt\/pike-and-shot-campaigns-sk\/#primaryimage"},"thumbnailUrl":"https:\/\/begamer.cz\/wp-content\/uploads\/2026\/01\/pike-and-shot-campaigns-5.webp","datePublished":"2026-01-30T18:05:28+00:00","dateModified":"2026-03-11T16:06:35+00:00","breadcrumb":{"@id":"https:\/\/begamer.cz\/sk\/produkt\/pike-and-shot-campaigns-sk\/#breadcrumb"},"inLanguage":"sk-SK","potentialAction":[{"@type":"ReadAction","target":["https:\/\/begamer.cz\/sk\/produkt\/pike-and-shot-campaigns-sk\/"]}]},{"@type":"ImageObject","inLanguage":"sk-SK","@id":"https:\/\/begamer.cz\/sk\/produkt\/pike-and-shot-campaigns-sk\/#primaryimage","url":"https:\/\/begamer.cz\/wp-content\/uploads\/2026\/01\/pike-and-shot-campaigns-5.webp","contentUrl":"https:\/\/begamer.cz\/wp-content\/uploads\/2026\/01\/pike-and-shot-campaigns-5.webp","width":300,"height":400},{"@type":"BreadcrumbList","@id":"https:\/\/begamer.cz\/sk\/produkt\/pike-and-shot-campaigns-sk\/#breadcrumb","itemListElement":[{"@type":"ListItem","position":1,"name":"Domov","item":"https:\/\/begamer.cz\/sk\/"},{"@type":"ListItem","position":2,"name":"Obchod","item":"https:\/\/begamer.cz\/obchod\/"},{"@type":"ListItem","position":3,"name":"Pike and Shot: Campaigns"}]},{"@type":"WebSite","@id":"https:\/\/begamer.cz\/sk\/#website","url":"https:\/\/begamer.cz\/sk\/","name":"BeGamer.cz","description":"","publisher":{"@id":"https:\/\/begamer.cz\/sk\/#organization"},"potentialAction":[{"@type":"SearchAction","target":{"@type":"EntryPoint","urlTemplate":"https:\/\/begamer.cz\/sk\/?s={search_term_string}"},"query-input":{"@type":"PropertyValueSpecification","valueRequired":true,"valueName":"search_term_string"}}],"inLanguage":"sk-SK"},{"@type":"Organization","@id":"https:\/\/begamer.cz\/sk\/#organization","name":"BeGamer.cz","url":"https:\/\/begamer.cz\/sk\/","logo":{"@type":"ImageObject","inLanguage":"sk-SK","@id":"https:\/\/begamer.cz\/sk\/#\/schema\/logo\/image\/","url":"https:\/\/begamer.cz\/wp-content\/uploads\/2025\/07\/logo.svg","contentUrl":"https:\/\/begamer.cz\/wp-content\/uploads\/2025\/07\/logo.svg","caption":"BeGamer.cz"},"image":{"@id":"https:\/\/begamer.cz\/sk\/#\/schema\/logo\/image\/"}}]}},"acf":[],"_links":{"self":[{"href":"https:\/\/begamer.cz\/sk\/wp-json\/wp\/v2\/product\/102653","targetHints":{"allow":["GET"]}}],"collection":[{"href":"https:\/\/begamer.cz\/sk\/wp-json\/wp\/v2\/product"}],"about":[{"href":"https:\/\/begamer.cz\/sk\/wp-json\/wp\/v2\/types\/product"}],"replies":[{"embeddable":true,"href":"https:\/\/begamer.cz\/sk\/wp-json\/wp\/v2\/comments?post=102653"}],"wp:featuredmedia":[{"embeddable":true,"href":"https:\/\/begamer.cz\/sk\/wp-json\/wp\/v2\/media\/42386"}],"wp:attachment":[{"href":"https:\/\/begamer.cz\/sk\/wp-json\/wp\/v2\/media?parent=102653"}],"wp:term":[{"taxonomy":"product_brand","embeddable":true,"href":"https:\/\/begamer.cz\/sk\/wp-json\/wp\/v2\/product_brand?post=102653"},{"taxonomy":"product_cat","embeddable":true,"href":"https:\/\/begamer.cz\/sk\/wp-json\/wp\/v2\/product_cat?post=102653"},{"taxonomy":"product_tag","embeddable":true,"href":"https:\/\/begamer.cz\/sk\/wp-json\/wp\/v2\/product_tag?post=102653"}],"curies":[{"name":"wp","href":"https:\/\/api.w.org\/{rel}","templated":true}]}}