{"id":102626,"date":"2026-01-30T19:04:52","date_gmt":"2026-01-30T18:04:52","guid":{"rendered":"https:\/\/begamer.cz\/produkt\/buzz-aldrins-space-program-manager-sk\/"},"modified":"2026-03-11T17:03:11","modified_gmt":"2026-03-11T16:03:11","slug":"buzz-aldrins-space-program-manager-sk","status":"publish","type":"product","link":"https:\/\/begamer.cz\/sk\/produkt\/buzz-aldrins-space-program-manager-sk\/","title":{"rendered":"Buzz Aldrin\u2019s Space Program Manager"},"content":{"rendered":"<p><strong>Buzz Aldrin&#x27;s Space Program Manager <\/strong>(SPM) je ultim\u00e1tna hra o v\u00fdskume vesm\u00edru. Hra zachyt\u00e1va preteky o dobytie Mesiaca, historick\u00fa udalos\u0165, ktor\u00e1 za\u010dala na za\u010diatku 60. rokov a skon\u010dila v j\u00fali 1969 po \u00faspe\u0161nom dokon\u010den\u00ed misie Apollo 11. Aby bola hra presn\u00e1 a autentick\u00e1, bola vyvinut\u00e1 v spolupr\u00e1ci s Dr. Buzzom Aldrinom, b\u00fdval\u00fdm bojov\u00fdm pilotom americk\u00e9ho letectva (66 misi\u00ed v K\u00f3rei) a astronautom NASA, ktor\u00fd sa z\u00fa\u010dastnil prvej misie na Mesiaci a stal sa druh\u00fdm \u010dlovekom, ktor\u00fd kr\u00e1\u010dal po Mesiaci.<\/p>\n<p><strong>Ak v\u00e1s zauj\u00edma v\u00fdskum vesm\u00edru a udalosti, ktor\u00e9 sa odohrali po\u010das \u201ez\u00e1vodu na Mesiac\u201c, t\u00fato hru si jednoducho nem\u00f4\u017eete necha\u0165 ujs\u0165!<\/strong><\/p>\n<p>Je polovica 50. rokov a s\u00fa\u0165a\u017e o nadvl\u00e1du medzi USA a Sovietskym zv\u00e4zom sa chyst\u00e1 prejs\u0165 do novej dimenzie: vesm\u00edru. Prevzite velenie nad americkou alebo sovietskou vesm\u00edrnou agent\u00farou \u2013 va\u0161ou \u00falohou je by\u0165 prv\u00fd na Mesiaci. Starostlivo spravujte svoj rozpo\u010det otv\u00e1ran\u00edm programov, vynakladan\u00edm prostriedkov na v\u00fdskum a v\u00fdvoj na zlep\u0161ovanie hardv\u00e9ru, n\u00e1borom person\u00e1lu a vyp\u00fa\u0161\u0165an\u00edm vesm\u00edrnych misi\u00ed v tejto realistickej \u0165ahovej strategickej hre.<\/p>\n<p>Hra pon\u00faka kampa\u0148ov\u00fd aj sandboxov\u00fd re\u017eim. V kampa\u0148ovom re\u017eime budete m\u00f4c\u0165 hra\u0165 ako riadite\u013e NASA alebo sovietskej vesm\u00edrnej agent\u00fary s cie\u013eom porazi\u0165 druh\u00fa stranu a by\u0165 prv\u00fd na Mesiaci. M\u00f4\u017eete tie\u017e vies\u0165  Global Space Agency (GSA), fikt\u00edvnu vesm\u00edrnu agent\u00faru, ktor\u00e1 kombinuje programy v\u0161etk\u00fdch hlavn\u00fdch vesm\u00edrnych agent\u00far na svete . V kampani GSA budete musie\u0165 rie\u0161i\u0165 po\u017eiadavky a kr\u00e1tkodob\u00e9 ciele stanoven\u00e9 vl\u00e1dou a je zameran\u00e1 na hr\u00e1\u010dov, ktor\u00ed uprednost\u0148uj\u00fa hern\u00fd z\u00e1\u017eitok zameran\u00fd na v\u00fdskum namiesto s\u00fa\u0165a\u017ee. Alternat\u00edvne v\u0161etky tri vesm\u00edrne agent\u00fary pon\u00fakaj\u00fa re\u017eim Sandbox, ktor\u00fd poskytuje otvorenej\u0161\u00ed z\u00e1\u017eitok a umo\u017e\u0148uje v\u00e1m vysk\u00fa\u0161a\u0165 r\u00f4zne pr\u00edstupy bez ak\u00e9hoko\u013evek politick\u00e9ho tlaku.<\/p>\n<p>Budete m\u00f4c\u0165 vyvin\u00fa\u0165 desiatky programov. Medzi pr\u00edklady patria vesm\u00edrne lietadl\u00e1 X-15 a PKA, satelit Sputnik, pilotovan\u00e9 vesm\u00edrne lode Mercury, Voskhod, Apollo a Sojuz a sonda Mars Viking. Nie ste obmedzen\u00ed na misie, ktor\u00e9 boli skuto\u010dne realizovan\u00e9, preto\u017ee hra v\u00e1m umo\u017e\u0148uje vysk\u00fa\u0161a\u0165 aj mnoho konceptov, ktor\u00e9 boli napl\u00e1novan\u00e9, ale nikdy neopustili kresliacu dosku. Napr\u00edklad namiesto vyslania \u013eud\u00ed na Mesiac pomocou pr\u00edstupu Lunar Orbit Rendezvous (LOR), ktor\u00fd pou\u017eil projekt Apollo na konci 60. a za\u010diatku 70. rokov, budete m\u00f4c\u0165 prep\u00edsa\u0165 hist\u00f3riu a pou\u017ei\u0165 bu\u010f alternat\u00edvny syst\u00e9m Gemini Earth Orbit Rendezvous (EOR), alebo Gemini Direct Ascent (DA). Po\u010det dostupn\u00fdch mo\u017enost\u00ed zaru\u010duje, \u017ee ka\u017ed\u00e1 hra bude in\u00e1 a m\u00e1 obrovsk\u00fa hodnotu opakovate\u013enosti.<\/p>\n<p><span class=\"bb_img_ctn\"><img decoding=\"async\" class=\"bb_img\" src=\"https:\/\/shared.akamai.steamstatic.com\/store_item_assets\/steam\/apps\/308270\/extras\/af19773bfdbe1ee1e1b4a040e545521b.avif?t=1718872658\" width=616 height=128 \/><\/span><\/p>\n<h2 class=\"bb_tag\" >Funkcie<\/h2>\n<p><\/p>\n<ul class=\"bb_ul\">\n<li>Tri r\u00f4zne re\u017eimy kampane: hrajte za NASA alebo sovietsku vesm\u00edrnu agent\u00faru, aby ste boli prv\u00ed na Mesiaci, alebo hrajte za Global Space Agency (GSA) a rie\u0161te kr\u00e1tkodob\u00e9 ciele stanoven\u00e9 politikmi.<\/li>\n<li>\tSpravujte v\u0161etky aspekty va\u0161ich vesm\u00edrnych agent\u00far od ich vzniku v 50. rokoch a\u017e po pilotovan\u00e9 misie na Mesiac.<\/li>\n<li>\tHrajte kampa\u0148 Race to the Moon proti ostatn\u00fdm hr\u00e1\u010dom pomocou syst\u00e9mu PBEM od Slitherine.<\/li>\n<li>\tRe\u017eim Sandbox v\u00e1m umo\u017e\u0148uje hra\u0165 za ktor\u00fako\u013evek z troch vesm\u00edrnych agent\u00far a odstra\u0148uje v\u0161etky obmedzenia s\u00fa\u0165a\u017ee. Budete ma\u0165 k dispoz\u00edcii plne vybaven\u00e9 ihrisko, kde m\u00f4\u017eete vysk\u00fa\u0161a\u0165 r\u00f4zne pr\u00edstupy k v\u00fdskumu vesm\u00edru!<\/li>\n<li>\tVytv\u00e1rajte vesm\u00edrne programy a \u0161tartujte misie in\u0161pirovan\u00e9 skuto\u010dn\u00fdmi programami, ako s\u00fa vesm\u00edrne lietadlo X-15, satelit Sputnik, pilotovan\u00e9 vesm\u00edrne lode Gemini, Vostok a Apollo a mnoho \u010fal\u0161\u00edch!<\/li>\n<li>\tVyv\u00edjajte a sk\u00famajte desiatky komponentov misi\u00ed z viacer\u00fdch kateg\u00f3ri\u00ed programov.<\/li>\n<li>\tRozv\u00edjajte svoje zariadenia pomocou pokro\u010dil\u00fdch \u0161trukt\u00far a vylep\u0161en\u00ed, vr\u00e1tane budovy na mont\u00e1\u017e vozidiel a riadiaceho strediska misie.<\/li>\n<li>\tN\u00e1jom a vycvi\u010dte kandid\u00e1tov na astronautov a prideli\u0165 ich k misi\u00e1m.<\/li>\n<li>\tZostavte elitn\u00fd t\u00edm vedcov, in\u017einierov, technikov (SET) a letov\u00fdch dispe\u010derov, aby ste mali \u010do najv\u00e4\u010d\u0161iu \u0161ancu na \u00faspech.<\/li>\n<li>\tSpravujte rozpo\u010det va\u0161ej agent\u00fary.<\/li>\n<li>\tKomponenty misie maj\u00fa pridru\u017een\u00fd faktor spo\u013eahlivosti a m\u00f4\u017eu sp\u00f4sobi\u0165 katastrofick\u00e9 zlyhania.<\/li>\n<li>\tObrovsk\u00e9 mno\u017estvo historick\u00e9ho v\u00fdskumu zaru\u010duje, \u017ee obrovsk\u00e1 datab\u00e1za hry obsahuje misie, ktor\u00e9 boli realizovan\u00e9, a mnoho \u010fal\u0161\u00edch, ktor\u00e9 nikdy neopustili kresliacu dosku!<\/li>\n<li>\t\u0160irok\u00e1 \u0161k\u00e1la komponentov vytvoren\u00fdch v 3D a vykreslen\u00fdch v n\u00e1dhern\u00fdch detailoch v\u00e1m umo\u017e\u0148uje sledova\u0165 priebeh va\u0161ich misi\u00ed prostredn\u00edctvom animovan\u00fdch sekvenci\u00ed.<\/li>\n<li>\tBuzz-opedia poskytuje z\u00e1kladn\u00e9 inform\u00e1cie o skuto\u010dn\u00fdch programoch, misi\u00e1ch a hardv\u00e9ri v celej hre.<\/li>\n<li>\tSoundtrack obsahuje unik\u00e1tny zoznam skladieb pre ka\u017ed\u00fa vesm\u00edrnu agent\u00faru a mno\u017estvo skladieb pre anim\u00e1cie misi\u00ed.\n<p>Navrhnut\u00e9 v spolupr\u00e1ci s Dr. Buzzom Aldrinom, pilotom lun\u00e1rneho modulu Apollo 11 a druh\u00fdm \u010dlovekom, ktor\u00fd vst\u00fapil na Mesiac.<\/li>\n<\/ul>\n","protected":false},"excerpt":{"rendered":"<p>Space Program Manager (SPM) je ultim\u00e1tna hra o v\u00fdskume vesm\u00edru. P\u00ed\u0161e sa polovica 50. rokov a s\u00faboj o nadvl\u00e1du medzi USA a Sovietskym zv\u00e4zom sa chyst\u00e1 prenies\u0165 do novej dimenzie: vesm\u00edru.<\/p>\n","protected":false},"featured_media":42173,"comment_status":"open","ping_status":"closed","template":"","meta":{"_acf_changed":false},"product_brand":[],"product_cat":[268,266,314,312,318],"product_tag":[],"class_list":{"0":"post-102626","1":"product","2":"type-product","3":"status-publish","4":"has-post-thumbnail","6":"product_cat-pc-sk","7":"product_cat-pc-hry-sk","8":"product_cat-simulatory-pc-hry-sk","9":"product_cat-steam-pc-sk","10":"product_cat-strategie-pc-hry-sk","11":"pa_countries-ad","12":"pa_countries-ae","13":"pa_countries-af","14":"pa_countries-ag","15":"pa_countries-ai","16":"pa_countries-al","17":"pa_countries-am","18":"pa_countries-ao","19":"pa_countries-aq","20":"pa_countries-ar","21":"pa_countries-as","22":"pa_countries-at","23":"pa_countries-au","24":"pa_countries-aw","25":"pa_countries-ax","26":"pa_countries-az","27":"pa_countries-ba","28":"pa_countries-bb","29":"pa_countries-bd","30":"pa_countries-be","31":"pa_countries-bf","32":"pa_countries-bg","33":"pa_countries-bh","34":"pa_countries-bi","35":"pa_countries-bj","36":"pa_countries-bl","37":"pa_countries-bm","38":"pa_countries-bn","39":"pa_countries-bo","40":"pa_countries-bq","41":"pa_countries-br","42":"pa_countries-bs","43":"pa_countries-bt","44":"pa_countries-bv","45":"pa_countries-bw","46":"pa_countries-bz","47":"pa_countries-ca","48":"pa_countries-cc","49":"pa_countries-cd","50":"pa_countries-cf","51":"pa_countries-cg","52":"pa_countries-ch","53":"pa_countries-ci","54":"pa_countries-ck","55":"pa_countries-cl","56":"pa_countries-cm","57":"pa_countries-cn","58":"pa_countries-co","59":"pa_countries-cr","60":"pa_countries-cu","61":"pa_countries-cv","62":"pa_countries-cw","63":"pa_countries-cx","64":"pa_countries-cy","65":"pa_countries-cz","66":"pa_countries-de","67":"pa_countries-dj","68":"pa_countries-dk","69":"pa_countries-dm","70":"pa_countries-do","71":"pa_countries-dz","72":"pa_countries-ec","73":"pa_countries-ee","74":"pa_countries-eg","75":"pa_countries-eh","76":"pa_countries-er","77":"pa_countries-es","78":"pa_countries-et","79":"pa_countries-fi","80":"pa_countries-fj","81":"pa_countries-fk","82":"pa_countries-fm","83":"pa_countries-fo","84":"pa_countries-fr","85":"pa_countries-ga","86":"pa_countries-gb","87":"pa_countries-gd","88":"pa_countries-ge","89":"pa_countries-gf","90":"pa_countries-gg","91":"pa_countries-gh","92":"pa_countries-gi","93":"pa_countries-gl","94":"pa_countries-gm","95":"pa_countries-gn","96":"pa_countries-gp","97":"pa_countries-gq","98":"pa_countries-gr","99":"pa_countries-gs","100":"pa_countries-gt","101":"pa_countries-gu","102":"pa_countries-gw","103":"pa_countries-gy","104":"pa_countries-hk","105":"pa_countries-hm","106":"pa_countries-hn","107":"pa_countries-hr","108":"pa_countries-ht","109":"pa_countries-hu","110":"pa_countries-id","111":"pa_countries-ie","112":"pa_countries-il","113":"pa_countries-im","114":"pa_countries-in","115":"pa_countries-io","116":"pa_countries-iq","117":"pa_countries-ir","118":"pa_countries-is","119":"pa_countries-it","120":"pa_countries-je","121":"pa_countries-jm","122":"pa_countries-jo","123":"pa_countries-jp","124":"pa_countries-ke","125":"pa_countries-kg","126":"pa_countries-kh","127":"pa_countries-ki","128":"pa_countries-km","129":"pa_countries-kn","130":"pa_countries-kp","131":"pa_countries-kr","132":"pa_countries-kw","133":"pa_countries-ky","134":"pa_countries-kz","135":"pa_countries-la","136":"pa_countries-lb","137":"pa_countries-lc","138":"pa_countries-li","139":"pa_countries-lk","140":"pa_countries-lr","141":"pa_countries-ls","142":"pa_countries-lt","143":"pa_countries-lu","144":"pa_countries-lv","145":"pa_countries-ly","146":"pa_countries-ma","147":"pa_countries-mc","148":"pa_countries-md","149":"pa_countries-me","150":"pa_countries-mf","151":"pa_countries-mg","152":"pa_countries-mh","153":"pa_countries-mk","154":"pa_countries-ml","155":"pa_countries-mm","156":"pa_countries-mn","157":"pa_countries-mo","158":"pa_countries-mp","159":"pa_countries-mq","160":"pa_countries-mr","161":"pa_countries-ms","162":"pa_countries-mt","163":"pa_countries-mu","164":"pa_countries-mv","165":"pa_countries-mw","166":"pa_countries-mx","167":"pa_countries-my","168":"pa_countries-mz","169":"pa_countries-na","170":"pa_countries-nc","171":"pa_countries-ne","172":"pa_countries-nf","173":"pa_countries-ng","174":"pa_countries-ni","175":"pa_countries-nl","176":"pa_countries-no","177":"pa_countries-np","178":"pa_countries-nr","179":"pa_countries-nu","180":"pa_countries-nz","181":"pa_countries-om","182":"pa_countries-pa","183":"pa_countries-pe","184":"pa_countries-pf","185":"pa_countries-pg","186":"pa_countries-ph","187":"pa_countries-pk","188":"pa_countries-pl","189":"pa_countries-pm","190":"pa_countries-pn","191":"pa_countries-pr","192":"pa_countries-ps","193":"pa_countries-pt","194":"pa_countries-pw","195":"pa_countries-py","196":"pa_countries-qa","197":"pa_countries-re","198":"pa_countries-ro","199":"pa_countries-rs","200":"pa_countries-rw","201":"pa_countries-sa","202":"pa_countries-sb","203":"pa_countries-sc","204":"pa_countries-sd","205":"pa_countries-se","206":"pa_countries-sg","207":"pa_countries-sh","208":"pa_countries-si","209":"pa_countries-sj","210":"pa_countries-sk","211":"pa_countries-sl","212":"pa_countries-sm","213":"pa_countries-sn","214":"pa_countries-so","215":"pa_countries-sr","216":"pa_countries-ss","218":"pa_countries-st","219":"pa_countries-sv","220":"pa_countries-sx","221":"pa_countries-sy","222":"pa_countries-sz","223":"pa_countries-tc","224":"pa_countries-td","225":"pa_countries-tf","226":"pa_countries-tg","227":"pa_countries-th","228":"pa_countries-tj","229":"pa_countries-tk","230":"pa_countries-tl","231":"pa_countries-tm","232":"pa_countries-tn","233":"pa_countries-to","234":"pa_countries-tr","235":"pa_countries-tt","236":"pa_countries-tv","237":"pa_countries-tw","238":"pa_countries-tz","239":"pa_countries-ua","240":"pa_countries-ug","241":"pa_countries-um","242":"pa_countries-us","243":"pa_countries-uy","244":"pa_countries-uz","245":"pa_countries-va","246":"pa_countries-vc","247":"pa_countries-ve","248":"pa_countries-vg","249":"pa_countries-vi","250":"pa_countries-vn","251":"pa_countries-vu","252":"pa_countries-wf","253":"pa_countries-ws","254":"pa_countries-xk","255":"pa_countries-ye","256":"pa_countries-yt","257":"pa_countries-za","258":"pa_countries-zm","259":"pa_countries-zw","260":"pa_developer-slitherine","262":"pa_game_type-main_game","264":"pa_genres-simulator","265":"pa_genres-strategy","267":"pa_interface-de-de","268":"pa_interface-en-us","269":"pa_interface-es-es","270":"pa_interface-fr-fr","271":"pa_interface-it-it","273":"pa_keywords-management","275":"pa_keywords-moon","276":"pa_keywords-space","277":"pa_modes-multiplayer","279":"pa_modes-single-player","280":"pa_platform-pc-steam","282":"pa_player_perspectives-bird-view-isometric","284":"pa_publisher-polar-motion","286":"pa_rating-14472","287":"pa_rating-1047","288":"pa_region-global","290":"pa_themes-historical","291":"pa_themes-non-fiction","294":"first","295":"outofstock","296":"virtual","297":"taxable","298":"purchasable","299":"product-type-simple"},"yoast_head":"<!-- This site is optimized with the Yoast SEO plugin v27.4 - https:\/\/yoast.com\/product\/yoast-seo-wordpress\/ -->\n<title>Buzz Aldrin&#039;s Space Program Manager | BeGamer.cz<\/title>\n<meta name=\"robots\" content=\"index, follow, max-snippet:-1, max-image-preview:large, max-video-preview:-1\" \/>\n<link rel=\"canonical\" href=\"https:\/\/begamer.cz\/sk\/produkt\/buzz-aldrins-space-program-manager-sk\/\" \/>\n<meta property=\"og:locale\" content=\"sk_SK\" \/>\n<meta property=\"og:type\" content=\"article\" \/>\n<meta property=\"og:title\" content=\"Buzz Aldrin&#039;s Space Program Manager | BeGamer.cz\" \/>\n<meta property=\"og:description\" content=\"Space Program Manager (SPM) je ultim\u00e1tna hra o v\u00fdskume vesm\u00edru. P\u00ed\u0161e sa polovica 50. rokov a s\u00faboj o nadvl\u00e1du medzi USA a Sovietskym zv\u00e4zom sa chyst\u00e1 prenies\u0165 do novej dimenzie: vesm\u00edru.\" \/>\n<meta property=\"og:url\" content=\"https:\/\/begamer.cz\/sk\/produkt\/buzz-aldrins-space-program-manager-sk\/\" \/>\n<meta property=\"og:site_name\" content=\"BeGamer.cz\" \/>\n<meta property=\"article:modified_time\" content=\"2026-03-11T16:03:11+00:00\" \/>\n<meta property=\"og:image\" content=\"https:\/\/begamer.cz\/wp-content\/uploads\/2026\/01\/buzz-aldrins-space-program-manager-5.webp\" \/>\n\t<meta property=\"og:image:width\" content=\"300\" \/>\n\t<meta property=\"og:image:height\" content=\"400\" \/>\n\t<meta property=\"og:image:type\" content=\"image\/webp\" \/>\n<meta name=\"twitter:card\" content=\"summary_large_image\" \/>\n<meta name=\"twitter:label1\" content=\"Predpokladan\u00fd \u010das \u010d\u00edtania\" \/>\n\t<meta name=\"twitter:data1\" content=\"4 min\u00faty\" \/>\n<script type=\"application\/ld+json\" class=\"yoast-schema-graph\">{\"@context\":\"https:\\\/\\\/schema.org\",\"@graph\":[{\"@type\":\"WebPage\",\"@id\":\"https:\\\/\\\/begamer.cz\\\/sk\\\/produkt\\\/buzz-aldrins-space-program-manager-sk\\\/\",\"url\":\"https:\\\/\\\/begamer.cz\\\/sk\\\/produkt\\\/buzz-aldrins-space-program-manager-sk\\\/\",\"name\":\"Buzz Aldrin's Space Program Manager | BeGamer.cz\",\"isPartOf\":{\"@id\":\"https:\\\/\\\/begamer.cz\\\/sk\\\/#website\"},\"primaryImageOfPage\":{\"@id\":\"https:\\\/\\\/begamer.cz\\\/sk\\\/produkt\\\/buzz-aldrins-space-program-manager-sk\\\/#primaryimage\"},\"image\":{\"@id\":\"https:\\\/\\\/begamer.cz\\\/sk\\\/produkt\\\/buzz-aldrins-space-program-manager-sk\\\/#primaryimage\"},\"thumbnailUrl\":\"https:\\\/\\\/begamer.cz\\\/wp-content\\\/uploads\\\/2026\\\/01\\\/buzz-aldrins-space-program-manager-5.webp\",\"datePublished\":\"2026-01-30T18:04:52+00:00\",\"dateModified\":\"2026-03-11T16:03:11+00:00\",\"breadcrumb\":{\"@id\":\"https:\\\/\\\/begamer.cz\\\/sk\\\/produkt\\\/buzz-aldrins-space-program-manager-sk\\\/#breadcrumb\"},\"inLanguage\":\"sk-SK\",\"potentialAction\":[{\"@type\":\"ReadAction\",\"target\":[\"https:\\\/\\\/begamer.cz\\\/sk\\\/produkt\\\/buzz-aldrins-space-program-manager-sk\\\/\"]}]},{\"@type\":\"ImageObject\",\"inLanguage\":\"sk-SK\",\"@id\":\"https:\\\/\\\/begamer.cz\\\/sk\\\/produkt\\\/buzz-aldrins-space-program-manager-sk\\\/#primaryimage\",\"url\":\"https:\\\/\\\/begamer.cz\\\/wp-content\\\/uploads\\\/2026\\\/01\\\/buzz-aldrins-space-program-manager-5.webp\",\"contentUrl\":\"https:\\\/\\\/begamer.cz\\\/wp-content\\\/uploads\\\/2026\\\/01\\\/buzz-aldrins-space-program-manager-5.webp\",\"width\":300,\"height\":400},{\"@type\":\"BreadcrumbList\",\"@id\":\"https:\\\/\\\/begamer.cz\\\/sk\\\/produkt\\\/buzz-aldrins-space-program-manager-sk\\\/#breadcrumb\",\"itemListElement\":[{\"@type\":\"ListItem\",\"position\":1,\"name\":\"Domov\",\"item\":\"https:\\\/\\\/begamer.cz\\\/sk\\\/\"},{\"@type\":\"ListItem\",\"position\":2,\"name\":\"Obchod\",\"item\":\"https:\\\/\\\/begamer.cz\\\/obchod\\\/\"},{\"@type\":\"ListItem\",\"position\":3,\"name\":\"Buzz Aldrin\u2019s Space Program Manager\"}]},{\"@type\":\"WebSite\",\"@id\":\"https:\\\/\\\/begamer.cz\\\/sk\\\/#website\",\"url\":\"https:\\\/\\\/begamer.cz\\\/sk\\\/\",\"name\":\"BeGamer.cz\",\"description\":\"\",\"publisher\":{\"@id\":\"https:\\\/\\\/begamer.cz\\\/sk\\\/#organization\"},\"potentialAction\":[{\"@type\":\"SearchAction\",\"target\":{\"@type\":\"EntryPoint\",\"urlTemplate\":\"https:\\\/\\\/begamer.cz\\\/sk\\\/?s={search_term_string}\"},\"query-input\":{\"@type\":\"PropertyValueSpecification\",\"valueRequired\":true,\"valueName\":\"search_term_string\"}}],\"inLanguage\":\"sk-SK\"},{\"@type\":\"Organization\",\"@id\":\"https:\\\/\\\/begamer.cz\\\/sk\\\/#organization\",\"name\":\"BeGamer.cz\",\"url\":\"https:\\\/\\\/begamer.cz\\\/sk\\\/\",\"logo\":{\"@type\":\"ImageObject\",\"inLanguage\":\"sk-SK\",\"@id\":\"https:\\\/\\\/begamer.cz\\\/sk\\\/#\\\/schema\\\/logo\\\/image\\\/\",\"url\":\"https:\\\/\\\/begamer.cz\\\/wp-content\\\/uploads\\\/2025\\\/07\\\/logo.svg\",\"contentUrl\":\"https:\\\/\\\/begamer.cz\\\/wp-content\\\/uploads\\\/2025\\\/07\\\/logo.svg\",\"caption\":\"BeGamer.cz\"},\"image\":{\"@id\":\"https:\\\/\\\/begamer.cz\\\/sk\\\/#\\\/schema\\\/logo\\\/image\\\/\"}}]}<\/script>\n<!-- \/ Yoast SEO plugin. -->","yoast_head_json":{"title":"Buzz Aldrin's Space Program Manager | BeGamer.cz","robots":{"index":"index","follow":"follow","max-snippet":"max-snippet:-1","max-image-preview":"max-image-preview:large","max-video-preview":"max-video-preview:-1"},"canonical":"https:\/\/begamer.cz\/sk\/produkt\/buzz-aldrins-space-program-manager-sk\/","og_locale":"sk_SK","og_type":"article","og_title":"Buzz Aldrin's Space Program Manager | BeGamer.cz","og_description":"Space Program Manager (SPM) je ultim\u00e1tna hra o v\u00fdskume vesm\u00edru. P\u00ed\u0161e sa polovica 50. rokov a s\u00faboj o nadvl\u00e1du medzi USA a Sovietskym zv\u00e4zom sa chyst\u00e1 prenies\u0165 do novej dimenzie: vesm\u00edru.","og_url":"https:\/\/begamer.cz\/sk\/produkt\/buzz-aldrins-space-program-manager-sk\/","og_site_name":"BeGamer.cz","article_modified_time":"2026-03-11T16:03:11+00:00","og_image":[{"width":300,"height":400,"url":"https:\/\/begamer.cz\/wp-content\/uploads\/2026\/01\/buzz-aldrins-space-program-manager-5.webp","type":"image\/webp"}],"twitter_card":"summary_large_image","twitter_misc":{"Predpokladan\u00fd \u010das \u010d\u00edtania":"4 min\u00faty"},"schema":{"@context":"https:\/\/schema.org","@graph":[{"@type":"WebPage","@id":"https:\/\/begamer.cz\/sk\/produkt\/buzz-aldrins-space-program-manager-sk\/","url":"https:\/\/begamer.cz\/sk\/produkt\/buzz-aldrins-space-program-manager-sk\/","name":"Buzz Aldrin's Space Program Manager | BeGamer.cz","isPartOf":{"@id":"https:\/\/begamer.cz\/sk\/#website"},"primaryImageOfPage":{"@id":"https:\/\/begamer.cz\/sk\/produkt\/buzz-aldrins-space-program-manager-sk\/#primaryimage"},"image":{"@id":"https:\/\/begamer.cz\/sk\/produkt\/buzz-aldrins-space-program-manager-sk\/#primaryimage"},"thumbnailUrl":"https:\/\/begamer.cz\/wp-content\/uploads\/2026\/01\/buzz-aldrins-space-program-manager-5.webp","datePublished":"2026-01-30T18:04:52+00:00","dateModified":"2026-03-11T16:03:11+00:00","breadcrumb":{"@id":"https:\/\/begamer.cz\/sk\/produkt\/buzz-aldrins-space-program-manager-sk\/#breadcrumb"},"inLanguage":"sk-SK","potentialAction":[{"@type":"ReadAction","target":["https:\/\/begamer.cz\/sk\/produkt\/buzz-aldrins-space-program-manager-sk\/"]}]},{"@type":"ImageObject","inLanguage":"sk-SK","@id":"https:\/\/begamer.cz\/sk\/produkt\/buzz-aldrins-space-program-manager-sk\/#primaryimage","url":"https:\/\/begamer.cz\/wp-content\/uploads\/2026\/01\/buzz-aldrins-space-program-manager-5.webp","contentUrl":"https:\/\/begamer.cz\/wp-content\/uploads\/2026\/01\/buzz-aldrins-space-program-manager-5.webp","width":300,"height":400},{"@type":"BreadcrumbList","@id":"https:\/\/begamer.cz\/sk\/produkt\/buzz-aldrins-space-program-manager-sk\/#breadcrumb","itemListElement":[{"@type":"ListItem","position":1,"name":"Domov","item":"https:\/\/begamer.cz\/sk\/"},{"@type":"ListItem","position":2,"name":"Obchod","item":"https:\/\/begamer.cz\/obchod\/"},{"@type":"ListItem","position":3,"name":"Buzz Aldrin\u2019s Space Program Manager"}]},{"@type":"WebSite","@id":"https:\/\/begamer.cz\/sk\/#website","url":"https:\/\/begamer.cz\/sk\/","name":"BeGamer.cz","description":"","publisher":{"@id":"https:\/\/begamer.cz\/sk\/#organization"},"potentialAction":[{"@type":"SearchAction","target":{"@type":"EntryPoint","urlTemplate":"https:\/\/begamer.cz\/sk\/?s={search_term_string}"},"query-input":{"@type":"PropertyValueSpecification","valueRequired":true,"valueName":"search_term_string"}}],"inLanguage":"sk-SK"},{"@type":"Organization","@id":"https:\/\/begamer.cz\/sk\/#organization","name":"BeGamer.cz","url":"https:\/\/begamer.cz\/sk\/","logo":{"@type":"ImageObject","inLanguage":"sk-SK","@id":"https:\/\/begamer.cz\/sk\/#\/schema\/logo\/image\/","url":"https:\/\/begamer.cz\/wp-content\/uploads\/2025\/07\/logo.svg","contentUrl":"https:\/\/begamer.cz\/wp-content\/uploads\/2025\/07\/logo.svg","caption":"BeGamer.cz"},"image":{"@id":"https:\/\/begamer.cz\/sk\/#\/schema\/logo\/image\/"}}]}},"acf":[],"_links":{"self":[{"href":"https:\/\/begamer.cz\/sk\/wp-json\/wp\/v2\/product\/102626","targetHints":{"allow":["GET"]}}],"collection":[{"href":"https:\/\/begamer.cz\/sk\/wp-json\/wp\/v2\/product"}],"about":[{"href":"https:\/\/begamer.cz\/sk\/wp-json\/wp\/v2\/types\/product"}],"replies":[{"embeddable":true,"href":"https:\/\/begamer.cz\/sk\/wp-json\/wp\/v2\/comments?post=102626"}],"wp:featuredmedia":[{"embeddable":true,"href":"https:\/\/begamer.cz\/sk\/wp-json\/wp\/v2\/media\/42173"}],"wp:attachment":[{"href":"https:\/\/begamer.cz\/sk\/wp-json\/wp\/v2\/media?parent=102626"}],"wp:term":[{"taxonomy":"product_brand","embeddable":true,"href":"https:\/\/begamer.cz\/sk\/wp-json\/wp\/v2\/product_brand?post=102626"},{"taxonomy":"product_cat","embeddable":true,"href":"https:\/\/begamer.cz\/sk\/wp-json\/wp\/v2\/product_cat?post=102626"},{"taxonomy":"product_tag","embeddable":true,"href":"https:\/\/begamer.cz\/sk\/wp-json\/wp\/v2\/product_tag?post=102626"}],"curies":[{"name":"wp","href":"https:\/\/api.w.org\/{rel}","templated":true}]}}