{"id":102596,"date":"2026-01-30T19:04:09","date_gmt":"2026-01-30T18:04:09","guid":{"rendered":"https:\/\/begamer.cz\/produkt\/stygian-outer-gods-sk\/"},"modified":"2026-03-11T16:59:23","modified_gmt":"2026-03-11T15:59:23","slug":"stygian-outer-gods-sk","status":"publish","type":"product","link":"https:\/\/begamer.cz\/sk\/produkt\/stygian-outer-gods-sk\/","title":{"rendered":"Stygian: Outer Gods"},"content":{"rendered":"<h1>O hre<\/h1>\n<p class=\"bb_paragraph\" >Hra sa odohr\u00e1va vo svete Stygian: Reign of the Old Ones a umo\u017e\u0148uje hr\u00e1\u010dom sledova\u0165 a ovplyv\u0148ova\u0165 udalosti, ktor\u00e9 predch\u00e1dzaj\u00fa \u010ciernemu d\u0148u. Ponorte sa do jedine\u010dn\u00e9ho sveta pln\u00e9ho nebezpe\u010denstiev, nepresk\u00faman\u00fdch temn\u00fdch z\u00e1kut\u00ed a zla, ktor\u00e9 presahuje \u013eudsk\u00e9 ch\u00e1panie.<\/p>\n<p class=\"bb_paragraph\" >\n<p class=\"bb_paragraph\" >Sprev\u00e1dzajte star\u00fa priate\u013eku na jej ceste do hmlistej osady Kingsport, aby ste odhalili temn\u00e9 tajomstv\u00e1 mesta a na\u0161li svojho nezvestn\u00e9ho otca. Pre\u017eijete stroskotanie lode, ale \u010doskoro zist\u00edte, \u017ee to bol len predohra k no\u010dnej more, ktor\u00e1 v\u00e1s \u010dak\u00e1. Pomocou svojej sily a d\u00f4vtipu a pod veden\u00edm priate\u013ekin\u00fdch znalost\u00ed okultizmu, dok\u00e1\u017eete zabr\u00e1ni\u0165 pr\u00edchodu Vonkaj\u0161\u00edch bohov? Alebo je p\u00e1d do \u0161ialenstva nevyhnutn\u00fd?<\/p>\n<p class=\"bb_paragraph\" >\n<h2 class=\"bb_tag\" >Zak\u00e1zan\u00fd pr\u00edstav<\/h2>\n<p class=\"bb_paragraph\" >Presk\u00famajte temn\u00e9 ulice zabudnutej osady Kingsport, in\u0161pirovanej dielami H. P. Lovecrafta. Prezrite jej skryt\u00e9 k\u00faty a odomknite pr\u00edstup do nov\u00fdch oblast\u00ed. Odha\u013ete jej tajomstv\u00e1, rie\u0161te h\u00e1danky, otv\u00e1rajte nov\u00e9 cesty a odomykajte zatvoren\u00e9 dvere. \u010cak\u00e1 na v\u00e1s mnoho miest: star\u00e1 dedina, tajomn\u00fd z\u00e1mok, temn\u00e9 bane, cintor\u00edny, hmlist\u00e9 lesy a, samozrejme, star\u00fd maj\u00e1k.<\/p>\n<p class=\"bb_paragraph\" ><span class=\"bb_img_ctn\"><video class=\"bb_img\" autoplay muted loop playsinline poster=\"https:\/\/shared.akamai.steamstatic.com\/store_item_assets\/steam\/apps\/2581410\/extras\/6c9b2a4bef13a4d121d335b4c9d7a958.poster.avif?t=1757603379\" width=614 height=270 ><source src=\"https:\/\/shared.akamai.steamstatic.com\/store_item_assets\/steam\/apps\/2581410\/extras\/6c9b2a4bef13a4d121d335b4c9d7a958.webm?t=1757603379\" type=\"video\/webm; codecs=vp9\"><source src=\"https:\/\/shared.akamai.steamstatic.com\/store_item_assets\/steam\/apps\/2581410\/extras\/6c9b2a4bef13a4d121d335b4c9d7a958.mp4?t=1757603379\" type=\"video\/mp4\"><\/video><\/span><\/p>\n<h2 class=\"bb_tag\" >Pre\u017eite hr\u00f4zu<\/h2>\n<p class=\"bb_paragraph\" >Budete v neust\u00e1lom nebezpe\u010denstve a len m\u00e1lokedy uniknete mon\u0161tru\u00f3znym nepriate\u013eom a z\u00e1kern\u00fdm pasc\u00e1m bez \u00fahony. Fyzick\u00e9 zranenia v\u0161ak nie s\u00fa najv\u00e4\u010d\u0161\u00edm nebezpe\u010denstvom, preto\u017ee v\u0161etky tieto \u00faskalia si vyber\u00fa svoju da\u0148 na va\u0161ej psychike a m\u00f4\u017ee utrpie\u0165 aj va\u0161a myse\u013e. Ak\u00e9ko\u013evek du\u0161evn\u00e9 utrpenie, ktor\u00e9 pre\u017eijete, ovplyvn\u00ed v\u00e1\u0161 hern\u00fd z\u00e1\u017eitok. H\u013eadajte materi\u00e1ly a recepty a vyrobte si n\u00e1stroje, lieky a prostriedky potrebn\u00e9 na to, aby ste \u010delili hr\u00f4zam, ktor\u00e9 v\u00e1s obklopuj\u00fa.<\/p>\n<p class=\"bb_paragraph\" ><span class=\"bb_img_ctn\"><video class=\"bb_img\" autoplay muted loop playsinline poster=\"https:\/\/shared.akamai.steamstatic.com\/store_item_assets\/steam\/apps\/2581410\/extras\/c4c6f12e3545f4983350ac9ff2581886.poster.avif?t=1757603379\" width=614 height=270 ><source src=\"https:\/\/shared.akamai.steamstatic.com\/store_item_assets\/steam\/apps\/2581410\/extras\/c4c6f12e3545f4983350ac9ff2581886.webm?t=1757603379\" type=\"video\/webm; codecs=vp9\"><source src=\"https:\/\/shared.akamai.steamstatic.com\/store_item_assets\/steam\/apps\/2581410\/extras\/c4c6f12e3545f4983350ac9ff2581886.mp4?t=1757603379\" type=\"video\/mp4\"><\/video><\/span><\/p>\n<h2 class=\"bb_tag\" >Mechanika hrania rol\u00ed<\/h2>\n<p class=\"bb_paragraph\" >Vyberte si svoj \u0161t\u00fdl hry \u2013 odomknite nov\u00e9 schopnosti, n\u00e1jdite tajomn\u00e9 artefakty a experimentujte s r\u00f4znymi sp\u00f4sobmi interakcie s prostred\u00edm. V\u017edy budete ma\u0165 na v\u00fdber a viacero ciest, ako posun\u00fa\u0165 pr\u00edbeh \u010falej, ale bu\u010fte pripraven\u00ed \u010deli\u0165 ich d\u00f4sledkom.<\/p>\n<p class=\"bb_paragraph\" ><span class=\"bb_img_ctn\"><video class=\"bb_img\" autoplay muted loop playsinline poster=\"https:\/\/shared.akamai.steamstatic.com\/store_item_assets\/steam\/apps\/2581410\/extras\/807245ad331970fd1e3ece74be47404a.poster.avif?t=1757603379\" width=614 height=270 ><source src=\"https:\/\/shared.akamai.steamstatic.com\/store_item_assets\/steam\/apps\/2581410\/extras\/807245ad331970fd1e3ece74be47404a.webm?t=1757603379\" type=\"video\/webm; codecs=vp9\"><source src=\"https:\/\/shared.akamai.steamstatic.com\/store_item_assets\/steam\/apps\/2581410\/extras\/807245ad331970fd1e3ece74be47404a.mp4?t=1757603379\" type=\"video\/mp4\"><\/video><\/span><\/p>\n<h2 class=\"bb_tag\" >Hroziaca skaza<\/h2>\n<p class=\"bb_paragraph\" >Vo\u013eby hr\u00e1\u010da ovplyv\u0148uj\u00fa udalosti, ktor\u00e9 sa odohr\u00e1vaj\u00fa v hernom svete, a ved\u00fa k r\u00f4znym koncom. Ak\u00e9ko\u013evek nespr\u00e1vne slovo alebo \u010din m\u00f4\u017ee ma\u0165 nezvratn\u00e9 d\u00f4sledky. Svet reaguje na to, ako rozv\u00edjate svoju postavu, obyvatelia a nebezpe\u010denstv\u00e1 m\u00f4\u017eu reagova\u0165 odli\u0161ne v z\u00e1vislosti od va\u0161ej \u0161ialenosti a zvolen\u00e9ho hern\u00e9ho \u0161t\u00fdlu.<\/p>\n<p class=\"bb_paragraph\" ><span class=\"bb_img_ctn\"><video class=\"bb_img\" autoplay muted loop playsinline poster=\"https:\/\/shared.akamai.steamstatic.com\/store_item_assets\/steam\/apps\/2581410\/extras\/3f547a9b488ea563e9412bd551f0f35c.poster.avif?t=1757603379\" width=614 height=270 ><source src=\"https:\/\/shared.akamai.steamstatic.com\/store_item_assets\/steam\/apps\/2581410\/extras\/3f547a9b488ea563e9412bd551f0f35c.webm?t=1757603379\" type=\"video\/webm; codecs=vp9\"><source src=\"https:\/\/shared.akamai.steamstatic.com\/store_item_assets\/steam\/apps\/2581410\/extras\/3f547a9b488ea563e9412bd551f0f35c.mp4?t=1757603379\" type=\"video\/mp4\"><\/video><\/span><\/p>\n<h2 class=\"bb_tag\" >Stygian Legacy<\/h2>\n<p class=\"bb_paragraph\" >Stygian: Outer Gods sa odohr\u00e1va v p\u00f4vodnom vesm\u00edre Stygian, preto ur\u010dit\u00e9 udalosti v tejto hre m\u00f4\u017eu poskytn\u00fa\u0165 nov\u00fd poh\u013ead na udalosti a postavy z Reign of the Old Ones.<\/p>\n<p class=\"bb_paragraph\" ><span class=\"bb_img_ctn\"><video class=\"bb_img\" autoplay muted loop playsinline poster=\"https:\/\/shared.akamai.steamstatic.com\/store_item_assets\/steam\/apps\/2581410\/extras\/67c27e6487736e732c9819b8ee10c204.poster.avif?t=1757603379\" width=614 height=270 ><source src=\"https:\/\/shared.akamai.steamstatic.com\/store_item_assets\/steam\/apps\/2581410\/extras\/67c27e6487736e732c9819b8ee10c204.webm?t=1757603379\" type=\"video\/webm; codecs=vp9\"><source src=\"https:\/\/shared.akamai.steamstatic.com\/store_item_assets\/steam\/apps\/2581410\/extras\/67c27e6487736e732c9819b8ee10c204.mp4?t=1757603379\" type=\"video\/mp4\"><\/video><\/span><\/p>\n","protected":false},"excerpt":{"rendered":"<p>Ponorte sa do nepriate\u013esk\u00e9ho sveta, ktor\u00fd ohrozuje va\u0161u existenciu, v tejto survival hororovej hre s RPG prvkami. Odha\u013ete tis\u00edcro\u010dn\u00e9 tajomstvo, risknite svoje du\u0161evn\u00e9 zdravie a postavte sa vonkaj\u0161\u00edm bohom so svojimi schopnos\u0165ami. Ka\u017ed\u00e1 gu\u013eka a ka\u017ed\u00e9 rozhodnutie teraz z\u00e1le\u017e\u00ed, ste na to pripraven\u00ed?<\/p>\n","protected":false},"featured_media":42000,"comment_status":"open","ping_status":"closed","template":"","meta":{"_acf_changed":false},"product_brand":[],"product_cat":[290,268,266,308,312],"product_tag":[],"class_list":{"0":"post-102596","1":"product","2":"type-product","3":"status-publish","4":"has-post-thumbnail","6":"product_cat-indie-hry-pc-sk","7":"product_cat-pc-sk","8":"product_cat-pc-hry-sk","9":"product_cat-rpg-pc-hry-sk","10":"product_cat-steam-pc-sk","11":"pa_audio-en-us","13":"pa_countries-ad","14":"pa_countries-ae","15":"pa_countries-af","16":"pa_countries-ag","17":"pa_countries-ai","18":"pa_countries-al","19":"pa_countries-am","20":"pa_countries-ao","21":"pa_countries-aq","22":"pa_countries-ar","23":"pa_countries-as","24":"pa_countries-at","25":"pa_countries-au","26":"pa_countries-aw","27":"pa_countries-ax","28":"pa_countries-az","29":"pa_countries-ba","30":"pa_countries-bb","31":"pa_countries-bd","32":"pa_countries-be","33":"pa_countries-bf","34":"pa_countries-bg","35":"pa_countries-bh","36":"pa_countries-bi","37":"pa_countries-bj","38":"pa_countries-bl","39":"pa_countries-bm","40":"pa_countries-bn","41":"pa_countries-bo","42":"pa_countries-bq","43":"pa_countries-br","44":"pa_countries-bs","45":"pa_countries-bt","46":"pa_countries-bv","47":"pa_countries-bw","48":"pa_countries-bz","49":"pa_countries-ca","50":"pa_countries-cc","51":"pa_countries-cd","52":"pa_countries-cf","53":"pa_countries-cg","54":"pa_countries-ch","55":"pa_countries-ci","56":"pa_countries-ck","57":"pa_countries-cl","58":"pa_countries-cm","59":"pa_countries-cn","60":"pa_countries-co","61":"pa_countries-cr","62":"pa_countries-cu","63":"pa_countries-cv","64":"pa_countries-cw","65":"pa_countries-cx","66":"pa_countries-cy","67":"pa_countries-cz","68":"pa_countries-de","69":"pa_countries-dj","70":"pa_countries-dk","71":"pa_countries-dm","72":"pa_countries-do","73":"pa_countries-dz","74":"pa_countries-ec","75":"pa_countries-ee","76":"pa_countries-eg","77":"pa_countries-eh","78":"pa_countries-er","79":"pa_countries-es","80":"pa_countries-et","81":"pa_countries-fi","82":"pa_countries-fj","83":"pa_countries-fk","84":"pa_countries-fm","85":"pa_countries-fo","86":"pa_countries-fr","87":"pa_countries-ga","88":"pa_countries-gb","89":"pa_countries-gd","90":"pa_countries-ge","91":"pa_countries-gf","92":"pa_countries-gg","93":"pa_countries-gh","94":"pa_countries-gi","95":"pa_countries-gl","96":"pa_countries-gm","97":"pa_countries-gn","98":"pa_countries-gp","99":"pa_countries-gq","100":"pa_countries-gr","101":"pa_countries-gs","102":"pa_countries-gt","103":"pa_countries-gu","104":"pa_countries-gw","105":"pa_countries-gy","106":"pa_countries-hk","107":"pa_countries-hm","108":"pa_countries-hn","109":"pa_countries-hr","110":"pa_countries-ht","111":"pa_countries-hu","112":"pa_countries-id","113":"pa_countries-ie","114":"pa_countries-il","115":"pa_countries-im","116":"pa_countries-in","117":"pa_countries-io","118":"pa_countries-iq","119":"pa_countries-ir","120":"pa_countries-is","121":"pa_countries-it","122":"pa_countries-je","123":"pa_countries-jm","124":"pa_countries-jo","125":"pa_countries-jp","126":"pa_countries-ke","127":"pa_countries-kg","128":"pa_countries-kh","129":"pa_countries-ki","130":"pa_countries-km","131":"pa_countries-kn","132":"pa_countries-kp","133":"pa_countries-kr","134":"pa_countries-kw","135":"pa_countries-ky","136":"pa_countries-kz","137":"pa_countries-la","138":"pa_countries-lb","139":"pa_countries-lc","140":"pa_countries-li","141":"pa_countries-lk","142":"pa_countries-lr","143":"pa_countries-ls","144":"pa_countries-lt","145":"pa_countries-lu","146":"pa_countries-lv","147":"pa_countries-ly","148":"pa_countries-ma","149":"pa_countries-mc","150":"pa_countries-md","151":"pa_countries-me","152":"pa_countries-mf","153":"pa_countries-mg","154":"pa_countries-mh","155":"pa_countries-mk","156":"pa_countries-ml","157":"pa_countries-mm","158":"pa_countries-mn","159":"pa_countries-mo","160":"pa_countries-mp","161":"pa_countries-mq","162":"pa_countries-mr","163":"pa_countries-ms","164":"pa_countries-mt","165":"pa_countries-mu","166":"pa_countries-mv","167":"pa_countries-mw","168":"pa_countries-mx","169":"pa_countries-my","170":"pa_countries-mz","171":"pa_countries-na","172":"pa_countries-nc","173":"pa_countries-ne","174":"pa_countries-nf","175":"pa_countries-ng","176":"pa_countries-ni","177":"pa_countries-nl","178":"pa_countries-no","179":"pa_countries-np","180":"pa_countries-nr","181":"pa_countries-nu","182":"pa_countries-nz","183":"pa_countries-om","184":"pa_countries-pa","185":"pa_countries-pe","186":"pa_countries-pf","187":"pa_countries-pg","188":"pa_countries-ph","189":"pa_countries-pk","190":"pa_countries-pl","191":"pa_countries-pm","192":"pa_countries-pn","193":"pa_countries-pr","194":"pa_countries-ps","195":"pa_countries-pt","196":"pa_countries-pw","197":"pa_countries-py","198":"pa_countries-qa","199":"pa_countries-re","200":"pa_countries-ro","201":"pa_countries-rs","202":"pa_countries-rw","203":"pa_countries-sa","204":"pa_countries-sb","205":"pa_countries-sc","206":"pa_countries-sd","207":"pa_countries-se","208":"pa_countries-sg","209":"pa_countries-sh","210":"pa_countries-si","211":"pa_countries-sj","212":"pa_countries-sk","213":"pa_countries-sl","214":"pa_countries-sm","215":"pa_countries-sn","216":"pa_countries-so","217":"pa_countries-sr","218":"pa_countries-ss","220":"pa_countries-st","221":"pa_countries-sv","222":"pa_countries-sx","223":"pa_countries-sy","224":"pa_countries-sz","225":"pa_countries-tc","226":"pa_countries-td","227":"pa_countries-tf","228":"pa_countries-tg","229":"pa_countries-th","230":"pa_countries-tj","231":"pa_countries-tk","232":"pa_countries-tl","233":"pa_countries-tm","234":"pa_countries-tn","235":"pa_countries-to","236":"pa_countries-tr","237":"pa_countries-tt","238":"pa_countries-tv","239":"pa_countries-tw","240":"pa_countries-tz","241":"pa_countries-ua","242":"pa_countries-ug","243":"pa_countries-um","244":"pa_countries-us","245":"pa_countries-uy","246":"pa_countries-uz","247":"pa_countries-va","248":"pa_countries-vc","249":"pa_countries-ve","250":"pa_countries-vg","251":"pa_countries-vi","252":"pa_countries-vn","253":"pa_countries-vu","254":"pa_countries-wf","255":"pa_countries-ws","256":"pa_countries-xk","257":"pa_countries-ye","258":"pa_countries-yt","259":"pa_countries-za","260":"pa_countries-zm","261":"pa_countries-zw","262":"pa_developer-misterial-games","264":"pa_engine-unreal-engine-5","266":"pa_game_type-main_game","268":"pa_genres-indie","270":"pa_genres-role-playing-rpg","271":"pa_interface-de-de","272":"pa_interface-en-us","273":"pa_interface-es-es","274":"pa_interface-fr-fr","275":"pa_interface-pt-br","276":"pa_interface-ru-ru","278":"pa_interface-zh-cn","279":"pa_keywords-combat","280":"pa_keywords-crafting","282":"pa_keywords-first-person-platforming","283":"pa_keywords-lovecraftian","284":"pa_modes-single-player","286":"pa_platform-pc-steam","288":"pa_player_perspectives-first-person","290":"pa_publisher-fulqrum-publishing","292":"pa_rating-14441","293":"pa_rating-773","294":"pa_region-global","296":"pa_subtitles-de-de","298":"pa_subtitles-en-us","299":"pa_subtitles-es-es","300":"pa_subtitles-fr-fr","301":"pa_subtitles-pt-br","302":"pa_subtitles-ru-ru","303":"pa_subtitles-zh-cn","304":"pa_themes-action","305":"pa_themes-horror","306":"pa_themes-mystery","308":"pa_themes-stealth","309":"pa_themes-survival","311":"first","312":"instock","313":"virtual","314":"taxable","315":"purchasable","316":"product-type-simple"},"yoast_head":"<!-- This site is optimized with the Yoast SEO plugin v27.3 - https:\/\/yoast.com\/product\/yoast-seo-wordpress\/ -->\n<title>Stygian: Outer Gods | BeGamer.cz<\/title>\n<meta name=\"robots\" content=\"index, follow, max-snippet:-1, max-image-preview:large, max-video-preview:-1\" \/>\n<link rel=\"canonical\" href=\"https:\/\/begamer.cz\/sk\/produkt\/stygian-outer-gods-sk\/\" \/>\n<meta property=\"og:locale\" content=\"sk_SK\" \/>\n<meta property=\"og:type\" content=\"article\" \/>\n<meta property=\"og:title\" content=\"Stygian: Outer Gods | BeGamer.cz\" \/>\n<meta property=\"og:description\" content=\"Ponorte sa do nepriate\u013esk\u00e9ho sveta, ktor\u00fd ohrozuje va\u0161u existenciu, v tejto survival hororovej hre s RPG prvkami. Odha\u013ete tis\u00edcro\u010dn\u00e9 tajomstvo, risknite svoje du\u0161evn\u00e9 zdravie a postavte sa vonkaj\u0161\u00edm bohom so svojimi schopnos\u0165ami. Ka\u017ed\u00e1 gu\u013eka a ka\u017ed\u00e9 rozhodnutie teraz z\u00e1le\u017e\u00ed, ste na to pripraven\u00ed?\" \/>\n<meta property=\"og:url\" content=\"https:\/\/begamer.cz\/sk\/produkt\/stygian-outer-gods-sk\/\" \/>\n<meta property=\"og:site_name\" content=\"BeGamer.cz\" \/>\n<meta property=\"article:modified_time\" content=\"2026-03-11T15:59:23+00:00\" \/>\n<meta property=\"og:image\" content=\"https:\/\/begamer.cz\/wp-content\/uploads\/2026\/01\/stygian-outer-gods-8.webp\" \/>\n\t<meta property=\"og:image:width\" content=\"300\" \/>\n\t<meta property=\"og:image:height\" content=\"400\" \/>\n\t<meta property=\"og:image:type\" content=\"image\/webp\" \/>\n<meta name=\"twitter:card\" content=\"summary_large_image\" \/>\n<meta name=\"twitter:label1\" content=\"Predpokladan\u00fd \u010das \u010d\u00edtania\" \/>\n\t<meta name=\"twitter:data1\" content=\"2 min\u00faty\" \/>\n<script type=\"application\/ld+json\" class=\"yoast-schema-graph\">{\"@context\":\"https:\\\/\\\/schema.org\",\"@graph\":[{\"@type\":\"WebPage\",\"@id\":\"https:\\\/\\\/begamer.cz\\\/sk\\\/produkt\\\/stygian-outer-gods-sk\\\/\",\"url\":\"https:\\\/\\\/begamer.cz\\\/sk\\\/produkt\\\/stygian-outer-gods-sk\\\/\",\"name\":\"Stygian: Outer Gods | BeGamer.cz\",\"isPartOf\":{\"@id\":\"https:\\\/\\\/begamer.cz\\\/sk\\\/#website\"},\"primaryImageOfPage\":{\"@id\":\"https:\\\/\\\/begamer.cz\\\/sk\\\/produkt\\\/stygian-outer-gods-sk\\\/#primaryimage\"},\"image\":{\"@id\":\"https:\\\/\\\/begamer.cz\\\/sk\\\/produkt\\\/stygian-outer-gods-sk\\\/#primaryimage\"},\"thumbnailUrl\":\"https:\\\/\\\/begamer.cz\\\/wp-content\\\/uploads\\\/2026\\\/01\\\/stygian-outer-gods-8.webp\",\"datePublished\":\"2026-01-30T18:04:09+00:00\",\"dateModified\":\"2026-03-11T15:59:23+00:00\",\"breadcrumb\":{\"@id\":\"https:\\\/\\\/begamer.cz\\\/sk\\\/produkt\\\/stygian-outer-gods-sk\\\/#breadcrumb\"},\"inLanguage\":\"sk-SK\",\"potentialAction\":[{\"@type\":\"ReadAction\",\"target\":[\"https:\\\/\\\/begamer.cz\\\/sk\\\/produkt\\\/stygian-outer-gods-sk\\\/\"]}]},{\"@type\":\"ImageObject\",\"inLanguage\":\"sk-SK\",\"@id\":\"https:\\\/\\\/begamer.cz\\\/sk\\\/produkt\\\/stygian-outer-gods-sk\\\/#primaryimage\",\"url\":\"https:\\\/\\\/begamer.cz\\\/wp-content\\\/uploads\\\/2026\\\/01\\\/stygian-outer-gods-8.webp\",\"contentUrl\":\"https:\\\/\\\/begamer.cz\\\/wp-content\\\/uploads\\\/2026\\\/01\\\/stygian-outer-gods-8.webp\",\"width\":300,\"height\":400},{\"@type\":\"BreadcrumbList\",\"@id\":\"https:\\\/\\\/begamer.cz\\\/sk\\\/produkt\\\/stygian-outer-gods-sk\\\/#breadcrumb\",\"itemListElement\":[{\"@type\":\"ListItem\",\"position\":1,\"name\":\"Domov\",\"item\":\"https:\\\/\\\/begamer.cz\\\/sk\\\/\"},{\"@type\":\"ListItem\",\"position\":2,\"name\":\"Obchod\",\"item\":\"https:\\\/\\\/begamer.cz\\\/obchod\\\/\"},{\"@type\":\"ListItem\",\"position\":3,\"name\":\"Stygian: Outer Gods\"}]},{\"@type\":\"WebSite\",\"@id\":\"https:\\\/\\\/begamer.cz\\\/sk\\\/#website\",\"url\":\"https:\\\/\\\/begamer.cz\\\/sk\\\/\",\"name\":\"BeGamer.cz\",\"description\":\"\",\"publisher\":{\"@id\":\"https:\\\/\\\/begamer.cz\\\/sk\\\/#organization\"},\"potentialAction\":[{\"@type\":\"SearchAction\",\"target\":{\"@type\":\"EntryPoint\",\"urlTemplate\":\"https:\\\/\\\/begamer.cz\\\/sk\\\/?s={search_term_string}\"},\"query-input\":{\"@type\":\"PropertyValueSpecification\",\"valueRequired\":true,\"valueName\":\"search_term_string\"}}],\"inLanguage\":\"sk-SK\"},{\"@type\":\"Organization\",\"@id\":\"https:\\\/\\\/begamer.cz\\\/sk\\\/#organization\",\"name\":\"BeGamer.cz\",\"url\":\"https:\\\/\\\/begamer.cz\\\/sk\\\/\",\"logo\":{\"@type\":\"ImageObject\",\"inLanguage\":\"sk-SK\",\"@id\":\"https:\\\/\\\/begamer.cz\\\/sk\\\/#\\\/schema\\\/logo\\\/image\\\/\",\"url\":\"https:\\\/\\\/begamer.cz\\\/wp-content\\\/uploads\\\/2025\\\/07\\\/logo.svg\",\"contentUrl\":\"https:\\\/\\\/begamer.cz\\\/wp-content\\\/uploads\\\/2025\\\/07\\\/logo.svg\",\"caption\":\"BeGamer.cz\"},\"image\":{\"@id\":\"https:\\\/\\\/begamer.cz\\\/sk\\\/#\\\/schema\\\/logo\\\/image\\\/\"}}]}<\/script>\n<!-- \/ Yoast SEO plugin. -->","yoast_head_json":{"title":"Stygian: Outer Gods | BeGamer.cz","robots":{"index":"index","follow":"follow","max-snippet":"max-snippet:-1","max-image-preview":"max-image-preview:large","max-video-preview":"max-video-preview:-1"},"canonical":"https:\/\/begamer.cz\/sk\/produkt\/stygian-outer-gods-sk\/","og_locale":"sk_SK","og_type":"article","og_title":"Stygian: Outer Gods | BeGamer.cz","og_description":"Ponorte sa do nepriate\u013esk\u00e9ho sveta, ktor\u00fd ohrozuje va\u0161u existenciu, v tejto survival hororovej hre s RPG prvkami. Odha\u013ete tis\u00edcro\u010dn\u00e9 tajomstvo, risknite svoje du\u0161evn\u00e9 zdravie a postavte sa vonkaj\u0161\u00edm bohom so svojimi schopnos\u0165ami. Ka\u017ed\u00e1 gu\u013eka a ka\u017ed\u00e9 rozhodnutie teraz z\u00e1le\u017e\u00ed, ste na to pripraven\u00ed?","og_url":"https:\/\/begamer.cz\/sk\/produkt\/stygian-outer-gods-sk\/","og_site_name":"BeGamer.cz","article_modified_time":"2026-03-11T15:59:23+00:00","og_image":[{"width":300,"height":400,"url":"https:\/\/begamer.cz\/wp-content\/uploads\/2026\/01\/stygian-outer-gods-8.webp","type":"image\/webp"}],"twitter_card":"summary_large_image","twitter_misc":{"Predpokladan\u00fd \u010das \u010d\u00edtania":"2 min\u00faty"},"schema":{"@context":"https:\/\/schema.org","@graph":[{"@type":"WebPage","@id":"https:\/\/begamer.cz\/sk\/produkt\/stygian-outer-gods-sk\/","url":"https:\/\/begamer.cz\/sk\/produkt\/stygian-outer-gods-sk\/","name":"Stygian: Outer Gods | BeGamer.cz","isPartOf":{"@id":"https:\/\/begamer.cz\/sk\/#website"},"primaryImageOfPage":{"@id":"https:\/\/begamer.cz\/sk\/produkt\/stygian-outer-gods-sk\/#primaryimage"},"image":{"@id":"https:\/\/begamer.cz\/sk\/produkt\/stygian-outer-gods-sk\/#primaryimage"},"thumbnailUrl":"https:\/\/begamer.cz\/wp-content\/uploads\/2026\/01\/stygian-outer-gods-8.webp","datePublished":"2026-01-30T18:04:09+00:00","dateModified":"2026-03-11T15:59:23+00:00","breadcrumb":{"@id":"https:\/\/begamer.cz\/sk\/produkt\/stygian-outer-gods-sk\/#breadcrumb"},"inLanguage":"sk-SK","potentialAction":[{"@type":"ReadAction","target":["https:\/\/begamer.cz\/sk\/produkt\/stygian-outer-gods-sk\/"]}]},{"@type":"ImageObject","inLanguage":"sk-SK","@id":"https:\/\/begamer.cz\/sk\/produkt\/stygian-outer-gods-sk\/#primaryimage","url":"https:\/\/begamer.cz\/wp-content\/uploads\/2026\/01\/stygian-outer-gods-8.webp","contentUrl":"https:\/\/begamer.cz\/wp-content\/uploads\/2026\/01\/stygian-outer-gods-8.webp","width":300,"height":400},{"@type":"BreadcrumbList","@id":"https:\/\/begamer.cz\/sk\/produkt\/stygian-outer-gods-sk\/#breadcrumb","itemListElement":[{"@type":"ListItem","position":1,"name":"Domov","item":"https:\/\/begamer.cz\/sk\/"},{"@type":"ListItem","position":2,"name":"Obchod","item":"https:\/\/begamer.cz\/obchod\/"},{"@type":"ListItem","position":3,"name":"Stygian: Outer Gods"}]},{"@type":"WebSite","@id":"https:\/\/begamer.cz\/sk\/#website","url":"https:\/\/begamer.cz\/sk\/","name":"BeGamer.cz","description":"","publisher":{"@id":"https:\/\/begamer.cz\/sk\/#organization"},"potentialAction":[{"@type":"SearchAction","target":{"@type":"EntryPoint","urlTemplate":"https:\/\/begamer.cz\/sk\/?s={search_term_string}"},"query-input":{"@type":"PropertyValueSpecification","valueRequired":true,"valueName":"search_term_string"}}],"inLanguage":"sk-SK"},{"@type":"Organization","@id":"https:\/\/begamer.cz\/sk\/#organization","name":"BeGamer.cz","url":"https:\/\/begamer.cz\/sk\/","logo":{"@type":"ImageObject","inLanguage":"sk-SK","@id":"https:\/\/begamer.cz\/sk\/#\/schema\/logo\/image\/","url":"https:\/\/begamer.cz\/wp-content\/uploads\/2025\/07\/logo.svg","contentUrl":"https:\/\/begamer.cz\/wp-content\/uploads\/2025\/07\/logo.svg","caption":"BeGamer.cz"},"image":{"@id":"https:\/\/begamer.cz\/sk\/#\/schema\/logo\/image\/"}}]}},"acf":[],"_links":{"self":[{"href":"https:\/\/begamer.cz\/sk\/wp-json\/wp\/v2\/product\/102596","targetHints":{"allow":["GET"]}}],"collection":[{"href":"https:\/\/begamer.cz\/sk\/wp-json\/wp\/v2\/product"}],"about":[{"href":"https:\/\/begamer.cz\/sk\/wp-json\/wp\/v2\/types\/product"}],"replies":[{"embeddable":true,"href":"https:\/\/begamer.cz\/sk\/wp-json\/wp\/v2\/comments?post=102596"}],"wp:featuredmedia":[{"embeddable":true,"href":"https:\/\/begamer.cz\/sk\/wp-json\/wp\/v2\/media\/42000"}],"wp:attachment":[{"href":"https:\/\/begamer.cz\/sk\/wp-json\/wp\/v2\/media?parent=102596"}],"wp:term":[{"taxonomy":"product_brand","embeddable":true,"href":"https:\/\/begamer.cz\/sk\/wp-json\/wp\/v2\/product_brand?post=102596"},{"taxonomy":"product_cat","embeddable":true,"href":"https:\/\/begamer.cz\/sk\/wp-json\/wp\/v2\/product_cat?post=102596"},{"taxonomy":"product_tag","embeddable":true,"href":"https:\/\/begamer.cz\/sk\/wp-json\/wp\/v2\/product_tag?post=102596"}],"curies":[{"name":"wp","href":"https:\/\/api.w.org\/{rel}","templated":true}]}}