{"id":102584,"date":"2026-01-30T19:03:56","date_gmt":"2026-01-30T18:03:56","guid":{"rendered":"https:\/\/begamer.cz\/produkt\/gtfo-sk-1769796238\/"},"modified":"2026-03-11T16:57:58","modified_gmt":"2026-03-11T15:57:58","slug":"gtfo-sk-2","status":"publish","type":"product","link":"https:\/\/begamer.cz\/sk\/produkt\/gtfo-sk-2\/","title":{"rendered":"GTFO"},"content":{"rendered":"<h1>O hre<\/h1>\n<p><span class=\"bb_img_ctn\"><video class=\"bb_img\" autoplay muted loop playsinline poster=\"https:\/\/shared.akamai.steamstatic.com\/store_item_assets\/steam\/apps\/493520\/extras\/435c29aec254097ebee26d37cfecb05d.poster.avif?t=1728027032\" width=640 height=172 ><source src=\"https:\/\/shared.akamai.steamstatic.com\/store_item_assets\/steam\/apps\/493520\/extras\/435c29aec254097ebee26d37cfecb05d.webm?t=1728027032\" type=\"video\/webm; codecs=vp9\"><source src=\"https:\/\/shared.akamai.steamstatic.com\/store_item_assets\/steam\/apps\/493520\/extras\/435c29aec254097ebee26d37cfecb05d.mp4?t=1728027032\" type=\"video\/mp4\"><\/video><\/span><\/p>\n<p>Tvoj t\u00edm v\u00e4z\u0148ov je vysaden\u00fd do Rundownu, ke\u010f nov\u00fd pracovn\u00fd pr\u00edkaz vyd\u00e1 Warden, tajomn\u00e1 bytos\u0165, ktor\u00e1 \u0165a dr\u017e\u00ed v zajat\u00ed. Rundown je s\u00e9ria exped\u00edci\u00ed, z ktor\u00fdch ka\u017ed\u00e1 \u0165a zavedie hlb\u0161ie do zdevastovan\u00e9ho v\u00fdskumn\u00e9ho zariadenia naz\u00fdvan\u00e9ho Komplex. Kles\u00e1te \u00farove\u0148 po \u00farovni, zbierate n\u00e1stroje a zdroje, ktor\u00e9 v\u00e1m pom\u00e1haj\u00fa pre\u017ei\u0165 v nebezpe\u010dnej sieti tunelov, kde v ka\u017edom tieni \u010d\u00edhaj\u00fa desiv\u00e9 stvorenia. Dokon\u010dite v\u0161etky exped\u00edcie, aby ste splnili pracovn\u00fd pr\u00edkaz a vy\u010distili Rundown.<\/p>\n<p><span class=\"bb_img_ctn\"><img decoding=\"async\" class=\"bb_img\" src=\"https:\/\/shared.akamai.steamstatic.com\/store_item_assets\/steam\/apps\/493520\/extras\/55c4258a9af34b7644bd088d1b45d509.webp?t=1728027032\" width=616 height=50 \/><\/span><br \/><span class=\"bb_img_ctn\"><img decoding=\"async\" class=\"bb_img\" src=\"https:\/\/shared.akamai.steamstatic.com\/store_item_assets\/steam\/apps\/493520\/extras\/db4b777f0079313e3536935d0cfaff0f.avif?t=1728027032\" width=616 height=275 \/><\/span><br \/>GTFO je navrhnut\u00e9 pre t\u00edmy \u0161tyroch v\u00e4z\u0148ov, pri\u010dom spolupr\u00e1ca je z\u00e1kladom cel\u00e9ho z\u00e1\u017eitku. Ak v\u00e1m ch\u00fdba jeden alebo dvaja hr\u00e1\u010di, m\u00f4\u017eete ich nahradi\u0165 botmi. Bud\u00fa v\u00e1s nasledova\u0165 na exped\u00edci\u00e1ch, pl\u00ed\u017ei\u0165 sa, ke\u010f sa plaz\u00edte, zbiera\u0165 zdroje a bojova\u0165 po va\u0161om boku. S\u00fa dobr\u00fdm z\u00e1lo\u017en\u00fdm rie\u0161en\u00edm, ale \u00farove\u0148 komunik\u00e1cie a taktick\u00e9ho boja v GTFO znamen\u00e1, \u017ee je najlep\u0161ie hra\u0165 s \u013eu\u010fmi. Na vy\u010distenie<br \/><span class=\"bb_img_ctn\"><img decoding=\"async\" class=\"bb_img\" src=\"https:\/\/shared.akamai.steamstatic.com\/store_item_assets\/steam\/apps\/493520\/extras\/acf916b42b2efd82371b91d34d71bbdc.avif?t=1728027032\" width=616 height=275 \/><\/span><br \/>Rundownu je potrebn\u00e1 strat\u00e9gia. Ne\u017e sa vyd\u00e1te do The Complex, v\u00e1\u0161 t\u00edm sa mus\u00ed rozhodn\u00fa\u0165, ak\u00e9 vybavenie, posil\u0148ova\u010de a zbrane si vezmete so sebou. Mus\u00edte tie\u017e vyv\u00e1\u017ei\u0165 t\u00edm a identifikova\u0165 funkciu ka\u017ed\u00e9ho v\u00e4z\u0148a, aby ste vedeli, \u010do robi\u0165, ke\u010f sa nie\u010do pokaz\u00ed. A to sa stane. V\u017edy sa to stane. Na pre\u017eitie v The Complex<br \/><span class=\"bb_img_ctn\"><img decoding=\"async\" class=\"bb_img\" src=\"https:\/\/shared.akamai.steamstatic.com\/store_item_assets\/steam\/apps\/493520\/extras\/71b3453437e89688225e3359d69a6b7c.avif?t=1728027032\" width=616 height=275 \/><\/span><br \/>s\u00fa potrebn\u00e9 stealth a koordin\u00e1cia. Mnoh\u00e9 z tvorov v GTFO s\u00fa v stave hibern\u00e1cie, tak\u017ee svetlo, hluk a vibr\u00e1cie m\u00f4\u017eu t\u00fdchto Sleepers \u013eahko prebudi\u0165. A ak jeden z nich vie, \u017ee ste tam, vedia to v\u0161etci. Vtedy sa veci skomplikuj\u00fa. Ke\u010f sa situ\u00e1cia zvrtne,<br \/><span class=\"bb_img_ctn\"><img decoding=\"async\" class=\"bb_img\" src=\"https:\/\/shared.akamai.steamstatic.com\/store_item_assets\/steam\/apps\/493520\/extras\/096cdbab9edd4d60c915d737b24eb9a2.avif?t=1728027032\" width=616 height=275 \/><\/span><br \/>budete potrebova\u0165 \u0165a\u017ek\u00e9 zbrane a jasn\u00fa myse\u013e. Skontrolujte si l\u00edniu stre\u013eby, prin\u00fa\u0165te ich prejs\u0165 \u00fazkymi miestami, vytvorte si z\u00f3ny smrti a pri ka\u017edej pr\u00edle\u017eitosti preb\u00edjajte. Tieto stvorenia sa nezastavia pred ni\u010d\u00edm a vy by ste tie\u017e nemali. Akon\u00e1hle za\u010dne chaos, nem\u00e1te in\u00fa mo\u017enos\u0165, ako ich v\u0161etk\u00fdch zabi\u0165.<\/p>\n<p><span class=\"bb_img_ctn\"><video class=\"bb_img\" autoplay muted loop playsinline poster=\"https:\/\/shared.akamai.steamstatic.com\/store_item_assets\/steam\/apps\/493520\/extras\/28ade5fb3792b989ce410db614e7f500.poster.avif?t=1728027032\" width=640 height=172 ><source src=\"https:\/\/shared.akamai.steamstatic.com\/store_item_assets\/steam\/apps\/493520\/extras\/28ade5fb3792b989ce410db614e7f500.webm?t=1728027032\" type=\"video\/webm; codecs=vp9\"><source src=\"https:\/\/shared.akamai.steamstatic.com\/store_item_assets\/steam\/apps\/493520\/extras\/28ade5fb3792b989ce410db614e7f500.mp4?t=1728027032\" type=\"video\/mp4\"><\/video><\/span><br \/><span class=\"bb_img_ctn\"><img decoding=\"async\" class=\"bb_img\" src=\"https:\/\/shared.akamai.steamstatic.com\/store_item_assets\/steam\/apps\/493520\/extras\/09d070d3973f5bc1fbc62dd7f6a30012.webp?t=1728027032\" width=392 height=48 \/><\/span><br \/>Za \u00faspe\u0161n\u00e9 exped\u00edcie a Rundowny budete odmenen\u00ed nov\u00fdm kozmetick\u00fdm vybaven\u00edm. Noste ich s hrdos\u0165ou, preto\u017ee va\u0161im kolegom dok\u00e1\u017eu, \u017ee ste pre\u0161li peklom a vr\u00e1tili sa sp\u00e4\u0165. Sleepersom to v\u0161ak bude \u00faplne jedno.<\/p>\n<p><span class=\"bb_img_ctn\"><img decoding=\"async\" class=\"bb_img\" src=\"https:\/\/shared.akamai.steamstatic.com\/store_item_assets\/steam\/apps\/493520\/extras\/3b14a13e91b0a7c46af57bb634df570b.webp?t=1728027032\" width=292 height=34 \/><\/span><\/p>\n","protected":false},"excerpt":{"rendered":"<p>GTFO je hardcore kooperat\u00edvna hororov\u00e1 strie\u013ea\u010dka, ktor\u00e1 v\u00e1s v okamihu vtiahne do nap\u00ednav\u00e9ho deja a exploz\u00edvnej akcie. Stealth, strat\u00e9gia a t\u00edmov\u00e1 pr\u00e1ca s\u00fa nevyhnutn\u00e9 na pre\u017eitie v smrtiacej podzemnej v\u00e4znici. Spolupracujte alebo zomrite spolo\u010dne.<\/p>\n","protected":false},"featured_media":38895,"comment_status":"open","ping_status":"closed","template":"","meta":{"_acf_changed":false},"product_brand":[],"product_cat":[270,268,266,312,9064],"product_tag":[],"class_list":{"0":"post-102584","1":"product","2":"type-product","3":"status-publish","4":"has-post-thumbnail","6":"product_cat-adventury-pc-hry-sk","7":"product_cat-pc-sk","8":"product_cat-pc-hry-sk","9":"product_cat-steam-pc-sk","10":"product_cat-strielacky-3","11":"pa_audio-en-us","13":"pa_countries-at","14":"pa_countries-be","15":"pa_countries-bg","16":"pa_countries-cy","17":"pa_countries-cz","19":"pa_countries-de","20":"pa_countries-dk","21":"pa_countries-ee","22":"pa_countries-es","23":"pa_countries-fi","24":"pa_countries-fr","25":"pa_countries-gr","26":"pa_countries-hr","27":"pa_countries-hu","28":"pa_countries-ie","29":"pa_countries-it","30":"pa_countries-lt","31":"pa_countries-lu","32":"pa_countries-lv","33":"pa_countries-mt","34":"pa_countries-nl","35":"pa_countries-pl","36":"pa_countries-pt","37":"pa_countries-ro","38":"pa_countries-se","39":"pa_countries-si","40":"pa_countries-sk","41":"pa_developer-10-chambers-collective","43":"pa_engine-unity","45":"pa_game_type-main_game","47":"pa_genres-adventure","49":"pa_genres-shooter","50":"pa_interface-de-de","51":"pa_interface-en-us","52":"pa_interface-es-es","53":"pa_interface-fr-fr","54":"pa_interface-it-it","55":"pa_interface-ja-jp","56":"pa_interface-ko-kr","57":"pa_interface-pl-pl","58":"pa_interface-pt-br","59":"pa_interface-ru-ru","61":"pa_interface-zh-cn","62":"pa_interface-zh-tw","63":"pa_keywords-action-adventure","64":"pa_keywords-the-game-awards-world-premiere","65":"pa_keywords-the-game-awards-2017","67":"pa_modes-co-operative","68":"pa_modes-multiplayer","70":"pa_pegi-13432","71":"pa_pegi-956","72":"pa_platform-pc-steam","74":"pa_player_perspectives-first-person","76":"pa_publisher-10-chambers-collective","78":"pa_rating-14460","79":"pa_rating-957","80":"pa_region-europe","82":"pa_subtitles-de-de","84":"pa_subtitles-en-us","85":"pa_subtitles-es-es","86":"pa_subtitles-fr-fr","87":"pa_subtitles-it-it","88":"pa_subtitles-ja-jp","89":"pa_subtitles-ko-kr","90":"pa_subtitles-pl-pl","91":"pa_subtitles-pt-br","92":"pa_subtitles-ru-ru","93":"pa_subtitles-zh-cn","94":"pa_subtitles-zh-tw","95":"pa_themes-action","96":"pa_themes-horror","99":"first","100":"instock","101":"virtual","102":"taxable","103":"purchasable","104":"product-type-simple"},"yoast_head":"<!-- This site is optimized with the Yoast SEO plugin v27.4 - https:\/\/yoast.com\/product\/yoast-seo-wordpress\/ -->\n<title>GTFO | BeGamer.cz<\/title>\n<meta name=\"robots\" content=\"index, follow, max-snippet:-1, max-image-preview:large, max-video-preview:-1\" \/>\n<link rel=\"canonical\" href=\"https:\/\/begamer.cz\/sk\/produkt\/gtfo-sk-2\/\" \/>\n<meta property=\"og:locale\" content=\"sk_SK\" \/>\n<meta property=\"og:type\" content=\"article\" \/>\n<meta property=\"og:title\" content=\"GTFO | BeGamer.cz\" \/>\n<meta property=\"og:description\" content=\"GTFO je hardcore kooperat\u00edvna hororov\u00e1 strie\u013ea\u010dka, ktor\u00e1 v\u00e1s v okamihu vtiahne do nap\u00ednav\u00e9ho deja a exploz\u00edvnej akcie. Stealth, strat\u00e9gia a t\u00edmov\u00e1 pr\u00e1ca s\u00fa nevyhnutn\u00e9 na pre\u017eitie v smrtiacej podzemnej v\u00e4znici. Spolupracujte alebo zomrite spolo\u010dne.\" \/>\n<meta property=\"og:url\" content=\"https:\/\/begamer.cz\/sk\/produkt\/gtfo-sk-2\/\" \/>\n<meta property=\"og:site_name\" content=\"BeGamer.cz\" \/>\n<meta property=\"article:modified_time\" content=\"2026-03-11T15:57:58+00:00\" \/>\n<meta property=\"og:image\" content=\"https:\/\/begamer.cz\/wp-content\/uploads\/2026\/01\/gtfo-7.webp\" \/>\n\t<meta property=\"og:image:width\" content=\"300\" \/>\n\t<meta property=\"og:image:height\" content=\"400\" \/>\n\t<meta property=\"og:image:type\" content=\"image\/webp\" \/>\n<meta name=\"twitter:card\" content=\"summary_large_image\" \/>\n<meta name=\"twitter:label1\" content=\"Predpokladan\u00fd \u010das \u010d\u00edtania\" \/>\n\t<meta name=\"twitter:data1\" content=\"2 min\u00faty\" \/>\n<script type=\"application\/ld+json\" class=\"yoast-schema-graph\">{\"@context\":\"https:\\\/\\\/schema.org\",\"@graph\":[{\"@type\":\"WebPage\",\"@id\":\"https:\\\/\\\/begamer.cz\\\/sk\\\/produkt\\\/gtfo-sk-2\\\/\",\"url\":\"https:\\\/\\\/begamer.cz\\\/sk\\\/produkt\\\/gtfo-sk-2\\\/\",\"name\":\"GTFO | BeGamer.cz\",\"isPartOf\":{\"@id\":\"https:\\\/\\\/begamer.cz\\\/sk\\\/#website\"},\"primaryImageOfPage\":{\"@id\":\"https:\\\/\\\/begamer.cz\\\/sk\\\/produkt\\\/gtfo-sk-2\\\/#primaryimage\"},\"image\":{\"@id\":\"https:\\\/\\\/begamer.cz\\\/sk\\\/produkt\\\/gtfo-sk-2\\\/#primaryimage\"},\"thumbnailUrl\":\"https:\\\/\\\/begamer.cz\\\/wp-content\\\/uploads\\\/2026\\\/01\\\/gtfo-7.webp\",\"datePublished\":\"2026-01-30T18:03:56+00:00\",\"dateModified\":\"2026-03-11T15:57:58+00:00\",\"breadcrumb\":{\"@id\":\"https:\\\/\\\/begamer.cz\\\/sk\\\/produkt\\\/gtfo-sk-2\\\/#breadcrumb\"},\"inLanguage\":\"sk-SK\",\"potentialAction\":[{\"@type\":\"ReadAction\",\"target\":[\"https:\\\/\\\/begamer.cz\\\/sk\\\/produkt\\\/gtfo-sk-2\\\/\"]}]},{\"@type\":\"ImageObject\",\"inLanguage\":\"sk-SK\",\"@id\":\"https:\\\/\\\/begamer.cz\\\/sk\\\/produkt\\\/gtfo-sk-2\\\/#primaryimage\",\"url\":\"https:\\\/\\\/begamer.cz\\\/wp-content\\\/uploads\\\/2026\\\/01\\\/gtfo-7.webp\",\"contentUrl\":\"https:\\\/\\\/begamer.cz\\\/wp-content\\\/uploads\\\/2026\\\/01\\\/gtfo-7.webp\",\"width\":300,\"height\":400},{\"@type\":\"BreadcrumbList\",\"@id\":\"https:\\\/\\\/begamer.cz\\\/sk\\\/produkt\\\/gtfo-sk-2\\\/#breadcrumb\",\"itemListElement\":[{\"@type\":\"ListItem\",\"position\":1,\"name\":\"Domov\",\"item\":\"https:\\\/\\\/begamer.cz\\\/sk\\\/\"},{\"@type\":\"ListItem\",\"position\":2,\"name\":\"Obchod\",\"item\":\"https:\\\/\\\/begamer.cz\\\/obchod\\\/\"},{\"@type\":\"ListItem\",\"position\":3,\"name\":\"GTFO\"}]},{\"@type\":\"WebSite\",\"@id\":\"https:\\\/\\\/begamer.cz\\\/sk\\\/#website\",\"url\":\"https:\\\/\\\/begamer.cz\\\/sk\\\/\",\"name\":\"BeGamer.cz\",\"description\":\"\",\"publisher\":{\"@id\":\"https:\\\/\\\/begamer.cz\\\/sk\\\/#organization\"},\"potentialAction\":[{\"@type\":\"SearchAction\",\"target\":{\"@type\":\"EntryPoint\",\"urlTemplate\":\"https:\\\/\\\/begamer.cz\\\/sk\\\/?s={search_term_string}\"},\"query-input\":{\"@type\":\"PropertyValueSpecification\",\"valueRequired\":true,\"valueName\":\"search_term_string\"}}],\"inLanguage\":\"sk-SK\"},{\"@type\":\"Organization\",\"@id\":\"https:\\\/\\\/begamer.cz\\\/sk\\\/#organization\",\"name\":\"BeGamer.cz\",\"url\":\"https:\\\/\\\/begamer.cz\\\/sk\\\/\",\"logo\":{\"@type\":\"ImageObject\",\"inLanguage\":\"sk-SK\",\"@id\":\"https:\\\/\\\/begamer.cz\\\/sk\\\/#\\\/schema\\\/logo\\\/image\\\/\",\"url\":\"https:\\\/\\\/begamer.cz\\\/wp-content\\\/uploads\\\/2025\\\/07\\\/logo.svg\",\"contentUrl\":\"https:\\\/\\\/begamer.cz\\\/wp-content\\\/uploads\\\/2025\\\/07\\\/logo.svg\",\"caption\":\"BeGamer.cz\"},\"image\":{\"@id\":\"https:\\\/\\\/begamer.cz\\\/sk\\\/#\\\/schema\\\/logo\\\/image\\\/\"}}]}<\/script>\n<!-- \/ Yoast SEO plugin. -->","yoast_head_json":{"title":"GTFO | BeGamer.cz","robots":{"index":"index","follow":"follow","max-snippet":"max-snippet:-1","max-image-preview":"max-image-preview:large","max-video-preview":"max-video-preview:-1"},"canonical":"https:\/\/begamer.cz\/sk\/produkt\/gtfo-sk-2\/","og_locale":"sk_SK","og_type":"article","og_title":"GTFO | BeGamer.cz","og_description":"GTFO je hardcore kooperat\u00edvna hororov\u00e1 strie\u013ea\u010dka, ktor\u00e1 v\u00e1s v okamihu vtiahne do nap\u00ednav\u00e9ho deja a exploz\u00edvnej akcie. Stealth, strat\u00e9gia a t\u00edmov\u00e1 pr\u00e1ca s\u00fa nevyhnutn\u00e9 na pre\u017eitie v smrtiacej podzemnej v\u00e4znici. Spolupracujte alebo zomrite spolo\u010dne.","og_url":"https:\/\/begamer.cz\/sk\/produkt\/gtfo-sk-2\/","og_site_name":"BeGamer.cz","article_modified_time":"2026-03-11T15:57:58+00:00","og_image":[{"width":300,"height":400,"url":"https:\/\/begamer.cz\/wp-content\/uploads\/2026\/01\/gtfo-7.webp","type":"image\/webp"}],"twitter_card":"summary_large_image","twitter_misc":{"Predpokladan\u00fd \u010das \u010d\u00edtania":"2 min\u00faty"},"schema":{"@context":"https:\/\/schema.org","@graph":[{"@type":"WebPage","@id":"https:\/\/begamer.cz\/sk\/produkt\/gtfo-sk-2\/","url":"https:\/\/begamer.cz\/sk\/produkt\/gtfo-sk-2\/","name":"GTFO | BeGamer.cz","isPartOf":{"@id":"https:\/\/begamer.cz\/sk\/#website"},"primaryImageOfPage":{"@id":"https:\/\/begamer.cz\/sk\/produkt\/gtfo-sk-2\/#primaryimage"},"image":{"@id":"https:\/\/begamer.cz\/sk\/produkt\/gtfo-sk-2\/#primaryimage"},"thumbnailUrl":"https:\/\/begamer.cz\/wp-content\/uploads\/2026\/01\/gtfo-7.webp","datePublished":"2026-01-30T18:03:56+00:00","dateModified":"2026-03-11T15:57:58+00:00","breadcrumb":{"@id":"https:\/\/begamer.cz\/sk\/produkt\/gtfo-sk-2\/#breadcrumb"},"inLanguage":"sk-SK","potentialAction":[{"@type":"ReadAction","target":["https:\/\/begamer.cz\/sk\/produkt\/gtfo-sk-2\/"]}]},{"@type":"ImageObject","inLanguage":"sk-SK","@id":"https:\/\/begamer.cz\/sk\/produkt\/gtfo-sk-2\/#primaryimage","url":"https:\/\/begamer.cz\/wp-content\/uploads\/2026\/01\/gtfo-7.webp","contentUrl":"https:\/\/begamer.cz\/wp-content\/uploads\/2026\/01\/gtfo-7.webp","width":300,"height":400},{"@type":"BreadcrumbList","@id":"https:\/\/begamer.cz\/sk\/produkt\/gtfo-sk-2\/#breadcrumb","itemListElement":[{"@type":"ListItem","position":1,"name":"Domov","item":"https:\/\/begamer.cz\/sk\/"},{"@type":"ListItem","position":2,"name":"Obchod","item":"https:\/\/begamer.cz\/obchod\/"},{"@type":"ListItem","position":3,"name":"GTFO"}]},{"@type":"WebSite","@id":"https:\/\/begamer.cz\/sk\/#website","url":"https:\/\/begamer.cz\/sk\/","name":"BeGamer.cz","description":"","publisher":{"@id":"https:\/\/begamer.cz\/sk\/#organization"},"potentialAction":[{"@type":"SearchAction","target":{"@type":"EntryPoint","urlTemplate":"https:\/\/begamer.cz\/sk\/?s={search_term_string}"},"query-input":{"@type":"PropertyValueSpecification","valueRequired":true,"valueName":"search_term_string"}}],"inLanguage":"sk-SK"},{"@type":"Organization","@id":"https:\/\/begamer.cz\/sk\/#organization","name":"BeGamer.cz","url":"https:\/\/begamer.cz\/sk\/","logo":{"@type":"ImageObject","inLanguage":"sk-SK","@id":"https:\/\/begamer.cz\/sk\/#\/schema\/logo\/image\/","url":"https:\/\/begamer.cz\/wp-content\/uploads\/2025\/07\/logo.svg","contentUrl":"https:\/\/begamer.cz\/wp-content\/uploads\/2025\/07\/logo.svg","caption":"BeGamer.cz"},"image":{"@id":"https:\/\/begamer.cz\/sk\/#\/schema\/logo\/image\/"}}]}},"acf":[],"_links":{"self":[{"href":"https:\/\/begamer.cz\/sk\/wp-json\/wp\/v2\/product\/102584","targetHints":{"allow":["GET"]}}],"collection":[{"href":"https:\/\/begamer.cz\/sk\/wp-json\/wp\/v2\/product"}],"about":[{"href":"https:\/\/begamer.cz\/sk\/wp-json\/wp\/v2\/types\/product"}],"replies":[{"embeddable":true,"href":"https:\/\/begamer.cz\/sk\/wp-json\/wp\/v2\/comments?post=102584"}],"wp:featuredmedia":[{"embeddable":true,"href":"https:\/\/begamer.cz\/sk\/wp-json\/wp\/v2\/media\/38895"}],"wp:attachment":[{"href":"https:\/\/begamer.cz\/sk\/wp-json\/wp\/v2\/media?parent=102584"}],"wp:term":[{"taxonomy":"product_brand","embeddable":true,"href":"https:\/\/begamer.cz\/sk\/wp-json\/wp\/v2\/product_brand?post=102584"},{"taxonomy":"product_cat","embeddable":true,"href":"https:\/\/begamer.cz\/sk\/wp-json\/wp\/v2\/product_cat?post=102584"},{"taxonomy":"product_tag","embeddable":true,"href":"https:\/\/begamer.cz\/sk\/wp-json\/wp\/v2\/product_tag?post=102584"}],"curies":[{"name":"wp","href":"https:\/\/api.w.org\/{rel}","templated":true}]}}