{"id":102497,"date":"2026-01-30T19:02:07","date_gmt":"2026-01-30T18:02:07","guid":{"rendered":"https:\/\/begamer.cz\/produkt\/pro-cycling-manager-25-sk\/"},"modified":"2026-03-11T16:49:31","modified_gmt":"2026-03-11T15:49:31","slug":"pro-cycling-manager-25-sk","status":"publish","type":"product","link":"https:\/\/begamer.cz\/sk\/produkt\/pro-cycling-manager-25-sk\/","title":{"rendered":"Pro Cycling Manager 25"},"content":{"rendered":"<p><span class=\"bb_img_ctn\"><img decoding=\"async\" class=\"bb_img\" src=\"https:\/\/shared.akamai.steamstatic.com\/store_item_assets\/steam\/apps\/2511310\/extras\/9047e174bd35fd501f5d4ebb4b39de8f.webp?t=1752049116\" width=615 height=50 \/><\/span><br \/><span class=\"bb_img_ctn\"><video class=\"bb_img\" autoplay muted loop playsinline poster=\"https:\/\/shared.akamai.steamstatic.com\/store_item_assets\/steam\/apps\/2511310\/extras\/f05aeaa61625de3ebafd72ad01a33d38.poster.avif?t=1752049116\" width=614 height=200 ><source src=\"https:\/\/shared.akamai.steamstatic.com\/store_item_assets\/steam\/apps\/2511310\/extras\/f05aeaa61625de3ebafd72ad01a33d38.webm?t=1752049116\" type=\"video\/webm; codecs=vp9\"><source src=\"https:\/\/shared.akamai.steamstatic.com\/store_item_assets\/steam\/apps\/2511310\/extras\/f05aeaa61625de3ebafd72ad01a33d38.mp4?t=1752049116\" type=\"video\/mp4\"><\/video><\/span><br \/>Pro Cycling Manager 25 vstupuje do novej \u00e9ry! V\u010faka prechodu na Unreal Engine 5 teraz hra pon\u00faka ove\u013ea realistickej\u0161ie zobrazenie cyklistiky a e\u0161te vy\u0161\u0161iu kvalitu grafiky, \u010do zaru\u010duje e\u0161te intenz\u00edvnej\u0161\u00ed z\u00e1\u017eitok. Objavte cesty Tour de France, Vuelta, Classics a Monuments v \u00faplne novom svetle.<\/p>\n<p>S \u00faplne prepracovan\u00fdmi krajinami a realistickej\u0161\u00edmi sveteln\u00fdmi efektmi sa z\u00e1\u017eitok z hry Pro Cycling Manager nikdy nepribl\u00ed\u017eil realite tak ako teraz. Okrem t\u00fdchto prvkov bolo vylep\u0161en\u00e9 aj zobrazenie da\u017e\u010fa s kalu\u017eami na zemi a odrazmi, \u010do s\u013eubuje \u00faplne nov\u00fd z\u00e1\u017eitok za ka\u017ed\u00e9ho po\u010dasia po\u010das va\u0161ich j\u00e1zd v Par\u00ed\u017e-Roubaix, Li\u00e8ge Bastogne Li\u00e8ge a mnoh\u00fdch \u010fal\u0161\u00edch pretekoch.<\/p>\n<p><span class=\"bb_img_ctn\"><img decoding=\"async\" class=\"bb_img\" src=\"https:\/\/shared.akamai.steamstatic.com\/store_item_assets\/steam\/apps\/2511310\/extras\/cf617fb045887243830666cf95e27a26.webp?t=1752049116\" width=615 height=50 \/><\/span><br \/><span class=\"bb_img_ctn\"><video class=\"bb_img\" autoplay muted loop playsinline poster=\"https:\/\/shared.akamai.steamstatic.com\/store_item_assets\/steam\/apps\/2511310\/extras\/eb0c1dba4365e373645ae7772c6902ed.poster.avif?t=1752049116\" width=614 height=200 ><source src=\"https:\/\/shared.akamai.steamstatic.com\/store_item_assets\/steam\/apps\/2511310\/extras\/eb0c1dba4365e373645ae7772c6902ed.webm?t=1752049116\" type=\"video\/webm; codecs=vp9\"><source src=\"https:\/\/shared.akamai.steamstatic.com\/store_item_assets\/steam\/apps\/2511310\/extras\/eb0c1dba4365e373645ae7772c6902ed.mp4?t=1752049116\" type=\"video\/mp4\"><\/video><\/span><br \/>V hre Pro Cycling Manager 25 je v\u00fdber sponzorov k\u013e\u00fa\u010dov\u00fd pre \u00faspech v\u00e1\u0161ho t\u00edmu. Okrem rozpo\u010dtovej v\u00fdhody maj\u00fa sponzori teraz svoje vlastn\u00e9 dodato\u010dn\u00e9 parametre a podmienky, ktor\u00e9 mus\u00edte splni\u0165, ak chcete, aby s\u00fahlasili s financovan\u00edm v\u00e1\u0161ho cyklistick\u00e9ho t\u00edmu. Teraz<\/p>\n<p>existuj\u00fa podmienky \u010dlenstva v z\u00e1vislosti od \u00fazemia\/n\u00e1rodnosti sponzora, ur\u010dit\u00e9ho percenta mlad\u00fdch \u013eud\u00ed v t\u00edme, po\u017eiadaviek na v\u00fdsledky alebo dokonca podmienka exkluzivity, ak chc\u00fa by\u0165 jedin\u00fdm tituln\u00fdm sponzorom. Je na v\u00e1s, aby ste premysleli najlep\u0161ie podmienky a prisp\u00f4sobili sa po\u017eiadavk\u00e1m sponzorov, ktor\u00ed za vami pr\u00eddu, aby ste vytvorili \u010do najlep\u0161\u00ed cyklistick\u00fd t\u00edm.<\/p>\n<p><span class=\"bb_img_ctn\"><img decoding=\"async\" class=\"bb_img\" src=\"https:\/\/shared.akamai.steamstatic.com\/store_item_assets\/steam\/apps\/2511310\/extras\/3492577aaadee1983f91a39bf8ed92be.webp?t=1752049116\" width=615 height=50 \/><\/span><br \/><span class=\"bb_img_ctn\"><video class=\"bb_img\" autoplay muted loop playsinline poster=\"https:\/\/shared.akamai.steamstatic.com\/store_item_assets\/steam\/apps\/2511310\/extras\/7961932427b42465cd3265192c19d551.poster.avif?t=1752049116\" width=614 height=200 ><source src=\"https:\/\/shared.akamai.steamstatic.com\/store_item_assets\/steam\/apps\/2511310\/extras\/7961932427b42465cd3265192c19d551.webm?t=1752049116\" type=\"video\/webm; codecs=vp9\"><source src=\"https:\/\/shared.akamai.steamstatic.com\/store_item_assets\/steam\/apps\/2511310\/extras\/7961932427b42465cd3265192c19d551.mp4?t=1752049116\" type=\"video\/mp4\"><\/video><\/span><br \/>Ste v neust\u00e1lom kontakte so sponzormi a mus\u00edte urobi\u0165 najlep\u0161ie rozhodnutia pre bud\u00facnos\u0165 v\u00e1\u0161ho t\u00edmu. V hre Pro Cycling Manager 25 sa v priebehu sez\u00f3ny roz\u0161iruje va\u0161a sie\u0165 kontaktov a sponzori sa v\u00e1m bud\u00fa sami hl\u00e1si\u0165. Ak akt\u00edvne h\u013ead\u00e1te sponzorov, t\u00ed, ktor\u00fdch objav\u00edte po\u010das sez\u00f3ny, v\u00e1s bud\u00fa m\u00f4c\u0165 kontaktova\u0165 a prejavi\u0165 z\u00e1ujem o v\u00e1\u0161 t\u00edm.<\/p>\n<p>Objaven\u00e9 sponzory s\u00fa teraz inicializovan\u00e9 na za\u010diatku hry pod\u013ea t\u00edmu a \u00farovne, ktor\u00fa ste si vybrali pre svoju \u0161trukt\u00faru. Je na v\u00e1s, \u010di sa prihl\u00e1site priamo, alebo po\u010dk\u00e1te na nov\u00e9 pr\u00edle\u017eitosti, s rizikom, \u017ee sponzor nesk\u00f4r strat\u00ed o v\u00e1s z\u00e1ujem.<\/p>\n<p>Okrem tohto mechanizmu s\u00fa sponzori, ktor\u00ed maj\u00fa z\u00e1ujem o v\u00e1\u0161 t\u00edm, teraz individu\u00e1lni. Teraz sa teda m\u00f4\u017eete prihl\u00e1si\u0165 k sponzorom individu\u00e1lne a zabezpe\u010di\u0165, aby va\u0161a \u0161trukt\u00fara mala 1 a\u017e 3 hlavn\u00fdch sponzorov. V z\u00e1vislosti od \u017eelan\u00ed sponzorov a va\u0161ich vlastn\u00fdch si m\u00f4\u017eete vybra\u0165 po\u010det partnerov, ktor\u00ed bud\u00fa po\u010das sez\u00f3ny pr\u00edtomn\u00ed v n\u00e1zve v\u00e1\u0161ho t\u00edmu.<\/p>\n<p><span class=\"bb_img_ctn\"><img decoding=\"async\" class=\"bb_img\" src=\"https:\/\/shared.akamai.steamstatic.com\/store_item_assets\/steam\/apps\/2511310\/extras\/a74454ebf04423a6f985ba6e7b205c06.webp?t=1752049116\" width=615 height=50 \/><\/span><br \/><span class=\"bb_img_ctn\"><video class=\"bb_img\" autoplay muted loop playsinline poster=\"https:\/\/shared.akamai.steamstatic.com\/store_item_assets\/steam\/apps\/2511310\/extras\/d849469e17044a5e5dc60472ac9dff49.poster.avif?t=1752049116\" width=614 height=200 ><source src=\"https:\/\/shared.akamai.steamstatic.com\/store_item_assets\/steam\/apps\/2511310\/extras\/d849469e17044a5e5dc60472ac9dff49.webm?t=1752049116\" type=\"video\/webm; codecs=vp9\"><source src=\"https:\/\/shared.akamai.steamstatic.com\/store_item_assets\/steam\/apps\/2511310\/extras\/d849469e17044a5e5dc60472ac9dff49.mp4?t=1752049116\" type=\"video\/mp4\"><\/video><\/span><br \/>Urobte ka\u017ed\u00fa hru v Pro Cycling Manager 25 jedine\u010dnou! Mo\u017enosti s\u00fa teraz decentralizovan\u00e9 a \u0161pecifick\u00e9 pre ka\u017ed\u00fa hru. M\u00f4\u017eete prisp\u00f4sobi\u0165 nov\u00e9 mo\u017enosti obtia\u017enosti (finan\u010dn\u00e9, \u00farove\u0148 s\u00faperov v pretekoch, ciele sponzorov at\u010f.) a vybra\u0165 si preferencie hry (r\u00fdchlos\u0165 v\u00fdvoja charakterist\u00edk, obnovenie sponzora AI, syst\u00e9m zotavenia a mnoho \u010fal\u0161ieho). Ka\u017ed\u00e1 hra v Pro Cycling Manager je in\u00e1 a v nich sa hr\u00e1\u010d st\u00e1va p\u00e1nom svojho vlastn\u00e9ho hern\u00e9ho prostredia.<\/p>\n<p><span class=\"bb_img_ctn\"><img decoding=\"async\" class=\"bb_img\" src=\"https:\/\/shared.akamai.steamstatic.com\/store_item_assets\/steam\/apps\/2511310\/extras\/20d7cc4edbefeae93754cce7cf621645.webp?t=1752049116\" width=615 height=50 \/><\/span><br \/><span class=\"bb_img_ctn\"><video class=\"bb_img\" autoplay muted loop playsinline poster=\"https:\/\/shared.akamai.steamstatic.com\/store_item_assets\/steam\/apps\/2511310\/extras\/566661dab3555c1893f1e382b92ae11d.poster.avif?t=1752049116\" width=614 height=200 ><source src=\"https:\/\/shared.akamai.steamstatic.com\/store_item_assets\/steam\/apps\/2511310\/extras\/566661dab3555c1893f1e382b92ae11d.webm?t=1752049116\" type=\"video\/webm; codecs=vp9\"><source src=\"https:\/\/shared.akamai.steamstatic.com\/store_item_assets\/steam\/apps\/2511310\/extras\/566661dab3555c1893f1e382b92ae11d.mp4?t=1752049116\" type=\"video\/mp4\"><\/video><\/span><\/p>\n<ul class=\"bb_ul\">\n<li>Viac prisp\u00f4soben\u00fdch r\u00e1mov a prilieb v farb\u00e1ch najv\u00e4\u010d\u0161\u00edch t\u00edmov<\/li>\n<li>Implement\u00e1cia mo\u017enosti premenova\u0165 svoje z\u00e1lohy<\/li>\n<li>Pridanie novej str\u00e1nky s preh\u013eadom sponzorstva t\u00edmu<\/li>\n<li>Integr\u00e1cia cie\u013eov spojen\u00fdch so \u017eiados\u0165ami o \u010dlenstvo sponzorov<\/li>\n<li>Pridan\u00e9 mo\u017enosti pr\u00edstupnosti<\/li>\n<li>AI s realistickej\u0161\u00edm spr\u00e1van\u00edm, vr\u00e1tane lep\u0161ieho skimming, vylep\u0161en\u00fdch \u0161print\u00e9rskych f\u00e1z, univerz\u00e1lnych \u0161print\u00e9rov a t\u00edmov, ktor\u00e9 sa lep\u0161ie zameriavaj\u00fa na kopcovit\u00e9 etapy<\/li>\n<li>Postupy a zostupy s\u00fa teraz zalo\u017een\u00e9 na rebr\u00ed\u010dku t\u00edmov na konci ka\u017edej sez\u00f3ny.<\/li>\n<\/ul>\n","protected":false},"excerpt":{"rendered":"<p>Nov\u00e1 grafika pre e\u0161te realistickej\u0161iu simul\u00e1ciu. Sta\u0148te sa mana\u017e\u00e9rom t\u00edmu a dovied\u0165e svojich jazdcov na vrchol. V\u00fdber sponzorov, n\u00e1bor jazdcov, riadenie pretekov, v\u0161etko je len na v\u00e1s.<\/p>\n","protected":false},"featured_media":86356,"comment_status":"open","ping_status":"closed","template":"","meta":{"_acf_changed":false},"product_brand":[],"product_cat":[268,266,314,316,312],"product_tag":[],"class_list":{"0":"post-102497","1":"product","2":"type-product","3":"status-publish","4":"has-post-thumbnail","6":"product_cat-pc-sk","7":"product_cat-pc-hry-sk","8":"product_cat-simulatory-pc-hry-sk","9":"product_cat-sportove-pc","10":"product_cat-steam-pc-sk","11":"pa_audio-en-us","12":"pa_audio-fr-fr","14":"pa_countries-at","15":"pa_countries-be","16":"pa_countries-bg","17":"pa_countries-cy","18":"pa_countries-de","19":"pa_countries-dk","20":"pa_countries-ee","21":"pa_countries-es","22":"pa_countries-fi","23":"pa_countries-fr","24":"pa_countries-gr","25":"pa_countries-hr","26":"pa_countries-hu","27":"pa_countries-ie","28":"pa_countries-it","29":"pa_countries-lt","30":"pa_countries-lu","31":"pa_countries-lv","32":"pa_countries-mt","33":"pa_countries-nl","34":"pa_countries-pl","35":"pa_countries-pt","36":"pa_countries-ro","37":"pa_countries-se","38":"pa_countries-si","39":"pa_countries-sk","41":"pa_developer-cyanide-studio","43":"pa_game_type-main_game","45":"pa_genres-adventure","46":"pa_genres-simulator","47":"pa_genres-sport","49":"pa_interface-da-dk","50":"pa_interface-de-de","51":"pa_interface-en-us","52":"pa_interface-es-es","53":"pa_interface-fr-fr","54":"pa_interface-it-it","55":"pa_interface-nb-no","57":"pa_interface-nl-nl","58":"pa_interface-pt-pt","59":"pa_modes-multiplayer","61":"pa_modes-single-player","62":"pa_platform-pc-steam","64":"pa_publisher-nacon","66":"pa_rating-773","67":"pa_rating-14441","68":"pa_region-europe","71":"first","72":"instock","73":"virtual","74":"taxable","75":"purchasable","76":"product-type-simple"},"yoast_head":"<!-- This site is optimized with the Yoast SEO plugin v27.3 - https:\/\/yoast.com\/product\/yoast-seo-wordpress\/ -->\n<title>Pro Cycling Manager 25 | BeGamer.cz<\/title>\n<meta name=\"robots\" content=\"index, follow, max-snippet:-1, max-image-preview:large, max-video-preview:-1\" \/>\n<link rel=\"canonical\" href=\"https:\/\/begamer.cz\/sk\/produkt\/pro-cycling-manager-25-sk\/\" \/>\n<meta property=\"og:locale\" content=\"sk_SK\" \/>\n<meta property=\"og:type\" content=\"article\" \/>\n<meta property=\"og:title\" content=\"Pro Cycling Manager 25 | BeGamer.cz\" \/>\n<meta property=\"og:description\" content=\"Nov\u00e1 grafika pre e\u0161te realistickej\u0161iu simul\u00e1ciu. Sta\u0148te sa mana\u017e\u00e9rom t\u00edmu a dovied\u0165e svojich jazdcov na vrchol. V\u00fdber sponzorov, n\u00e1bor jazdcov, riadenie pretekov, v\u0161etko je len na v\u00e1s.\" \/>\n<meta property=\"og:url\" content=\"https:\/\/begamer.cz\/sk\/produkt\/pro-cycling-manager-25-sk\/\" \/>\n<meta property=\"og:site_name\" content=\"BeGamer.cz\" \/>\n<meta property=\"article:modified_time\" content=\"2026-03-11T15:49:31+00:00\" \/>\n<meta property=\"og:image\" content=\"https:\/\/begamer.cz\/wp-content\/uploads\/2026\/01\/pro-cycling-manager-25-10.webp\" \/>\n\t<meta property=\"og:image:width\" content=\"300\" \/>\n\t<meta property=\"og:image:height\" content=\"400\" \/>\n\t<meta property=\"og:image:type\" content=\"image\/webp\" \/>\n<meta name=\"twitter:card\" content=\"summary_large_image\" \/>\n<meta name=\"twitter:label1\" content=\"Predpokladan\u00fd \u010das \u010d\u00edtania\" \/>\n\t<meta name=\"twitter:data1\" content=\"3 min\u00faty\" \/>\n<script type=\"application\/ld+json\" class=\"yoast-schema-graph\">{\"@context\":\"https:\\\/\\\/schema.org\",\"@graph\":[{\"@type\":\"WebPage\",\"@id\":\"https:\\\/\\\/begamer.cz\\\/sk\\\/produkt\\\/pro-cycling-manager-25-sk\\\/\",\"url\":\"https:\\\/\\\/begamer.cz\\\/sk\\\/produkt\\\/pro-cycling-manager-25-sk\\\/\",\"name\":\"Pro Cycling Manager 25 | BeGamer.cz\",\"isPartOf\":{\"@id\":\"https:\\\/\\\/begamer.cz\\\/sk\\\/#website\"},\"primaryImageOfPage\":{\"@id\":\"https:\\\/\\\/begamer.cz\\\/sk\\\/produkt\\\/pro-cycling-manager-25-sk\\\/#primaryimage\"},\"image\":{\"@id\":\"https:\\\/\\\/begamer.cz\\\/sk\\\/produkt\\\/pro-cycling-manager-25-sk\\\/#primaryimage\"},\"thumbnailUrl\":\"https:\\\/\\\/begamer.cz\\\/wp-content\\\/uploads\\\/2026\\\/01\\\/pro-cycling-manager-25-10.webp\",\"datePublished\":\"2026-01-30T18:02:07+00:00\",\"dateModified\":\"2026-03-11T15:49:31+00:00\",\"breadcrumb\":{\"@id\":\"https:\\\/\\\/begamer.cz\\\/sk\\\/produkt\\\/pro-cycling-manager-25-sk\\\/#breadcrumb\"},\"inLanguage\":\"sk-SK\",\"potentialAction\":[{\"@type\":\"ReadAction\",\"target\":[\"https:\\\/\\\/begamer.cz\\\/sk\\\/produkt\\\/pro-cycling-manager-25-sk\\\/\"]}]},{\"@type\":\"ImageObject\",\"inLanguage\":\"sk-SK\",\"@id\":\"https:\\\/\\\/begamer.cz\\\/sk\\\/produkt\\\/pro-cycling-manager-25-sk\\\/#primaryimage\",\"url\":\"https:\\\/\\\/begamer.cz\\\/wp-content\\\/uploads\\\/2026\\\/01\\\/pro-cycling-manager-25-10.webp\",\"contentUrl\":\"https:\\\/\\\/begamer.cz\\\/wp-content\\\/uploads\\\/2026\\\/01\\\/pro-cycling-manager-25-10.webp\",\"width\":300,\"height\":400},{\"@type\":\"BreadcrumbList\",\"@id\":\"https:\\\/\\\/begamer.cz\\\/sk\\\/produkt\\\/pro-cycling-manager-25-sk\\\/#breadcrumb\",\"itemListElement\":[{\"@type\":\"ListItem\",\"position\":1,\"name\":\"Domov\",\"item\":\"https:\\\/\\\/begamer.cz\\\/sk\\\/\"},{\"@type\":\"ListItem\",\"position\":2,\"name\":\"Obchod\",\"item\":\"https:\\\/\\\/begamer.cz\\\/obchod\\\/\"},{\"@type\":\"ListItem\",\"position\":3,\"name\":\"Pro Cycling Manager 25\"}]},{\"@type\":\"WebSite\",\"@id\":\"https:\\\/\\\/begamer.cz\\\/sk\\\/#website\",\"url\":\"https:\\\/\\\/begamer.cz\\\/sk\\\/\",\"name\":\"BeGamer.cz\",\"description\":\"\",\"publisher\":{\"@id\":\"https:\\\/\\\/begamer.cz\\\/sk\\\/#organization\"},\"potentialAction\":[{\"@type\":\"SearchAction\",\"target\":{\"@type\":\"EntryPoint\",\"urlTemplate\":\"https:\\\/\\\/begamer.cz\\\/sk\\\/?s={search_term_string}\"},\"query-input\":{\"@type\":\"PropertyValueSpecification\",\"valueRequired\":true,\"valueName\":\"search_term_string\"}}],\"inLanguage\":\"sk-SK\"},{\"@type\":\"Organization\",\"@id\":\"https:\\\/\\\/begamer.cz\\\/sk\\\/#organization\",\"name\":\"BeGamer.cz\",\"url\":\"https:\\\/\\\/begamer.cz\\\/sk\\\/\",\"logo\":{\"@type\":\"ImageObject\",\"inLanguage\":\"sk-SK\",\"@id\":\"https:\\\/\\\/begamer.cz\\\/sk\\\/#\\\/schema\\\/logo\\\/image\\\/\",\"url\":\"https:\\\/\\\/begamer.cz\\\/wp-content\\\/uploads\\\/2025\\\/07\\\/logo.svg\",\"contentUrl\":\"https:\\\/\\\/begamer.cz\\\/wp-content\\\/uploads\\\/2025\\\/07\\\/logo.svg\",\"caption\":\"BeGamer.cz\"},\"image\":{\"@id\":\"https:\\\/\\\/begamer.cz\\\/sk\\\/#\\\/schema\\\/logo\\\/image\\\/\"}}]}<\/script>\n<!-- \/ Yoast SEO plugin. -->","yoast_head_json":{"title":"Pro Cycling Manager 25 | BeGamer.cz","robots":{"index":"index","follow":"follow","max-snippet":"max-snippet:-1","max-image-preview":"max-image-preview:large","max-video-preview":"max-video-preview:-1"},"canonical":"https:\/\/begamer.cz\/sk\/produkt\/pro-cycling-manager-25-sk\/","og_locale":"sk_SK","og_type":"article","og_title":"Pro Cycling Manager 25 | BeGamer.cz","og_description":"Nov\u00e1 grafika pre e\u0161te realistickej\u0161iu simul\u00e1ciu. Sta\u0148te sa mana\u017e\u00e9rom t\u00edmu a dovied\u0165e svojich jazdcov na vrchol. V\u00fdber sponzorov, n\u00e1bor jazdcov, riadenie pretekov, v\u0161etko je len na v\u00e1s.","og_url":"https:\/\/begamer.cz\/sk\/produkt\/pro-cycling-manager-25-sk\/","og_site_name":"BeGamer.cz","article_modified_time":"2026-03-11T15:49:31+00:00","og_image":[{"width":300,"height":400,"url":"https:\/\/begamer.cz\/wp-content\/uploads\/2026\/01\/pro-cycling-manager-25-10.webp","type":"image\/webp"}],"twitter_card":"summary_large_image","twitter_misc":{"Predpokladan\u00fd \u010das \u010d\u00edtania":"3 min\u00faty"},"schema":{"@context":"https:\/\/schema.org","@graph":[{"@type":"WebPage","@id":"https:\/\/begamer.cz\/sk\/produkt\/pro-cycling-manager-25-sk\/","url":"https:\/\/begamer.cz\/sk\/produkt\/pro-cycling-manager-25-sk\/","name":"Pro Cycling Manager 25 | BeGamer.cz","isPartOf":{"@id":"https:\/\/begamer.cz\/sk\/#website"},"primaryImageOfPage":{"@id":"https:\/\/begamer.cz\/sk\/produkt\/pro-cycling-manager-25-sk\/#primaryimage"},"image":{"@id":"https:\/\/begamer.cz\/sk\/produkt\/pro-cycling-manager-25-sk\/#primaryimage"},"thumbnailUrl":"https:\/\/begamer.cz\/wp-content\/uploads\/2026\/01\/pro-cycling-manager-25-10.webp","datePublished":"2026-01-30T18:02:07+00:00","dateModified":"2026-03-11T15:49:31+00:00","breadcrumb":{"@id":"https:\/\/begamer.cz\/sk\/produkt\/pro-cycling-manager-25-sk\/#breadcrumb"},"inLanguage":"sk-SK","potentialAction":[{"@type":"ReadAction","target":["https:\/\/begamer.cz\/sk\/produkt\/pro-cycling-manager-25-sk\/"]}]},{"@type":"ImageObject","inLanguage":"sk-SK","@id":"https:\/\/begamer.cz\/sk\/produkt\/pro-cycling-manager-25-sk\/#primaryimage","url":"https:\/\/begamer.cz\/wp-content\/uploads\/2026\/01\/pro-cycling-manager-25-10.webp","contentUrl":"https:\/\/begamer.cz\/wp-content\/uploads\/2026\/01\/pro-cycling-manager-25-10.webp","width":300,"height":400},{"@type":"BreadcrumbList","@id":"https:\/\/begamer.cz\/sk\/produkt\/pro-cycling-manager-25-sk\/#breadcrumb","itemListElement":[{"@type":"ListItem","position":1,"name":"Domov","item":"https:\/\/begamer.cz\/sk\/"},{"@type":"ListItem","position":2,"name":"Obchod","item":"https:\/\/begamer.cz\/obchod\/"},{"@type":"ListItem","position":3,"name":"Pro Cycling Manager 25"}]},{"@type":"WebSite","@id":"https:\/\/begamer.cz\/sk\/#website","url":"https:\/\/begamer.cz\/sk\/","name":"BeGamer.cz","description":"","publisher":{"@id":"https:\/\/begamer.cz\/sk\/#organization"},"potentialAction":[{"@type":"SearchAction","target":{"@type":"EntryPoint","urlTemplate":"https:\/\/begamer.cz\/sk\/?s={search_term_string}"},"query-input":{"@type":"PropertyValueSpecification","valueRequired":true,"valueName":"search_term_string"}}],"inLanguage":"sk-SK"},{"@type":"Organization","@id":"https:\/\/begamer.cz\/sk\/#organization","name":"BeGamer.cz","url":"https:\/\/begamer.cz\/sk\/","logo":{"@type":"ImageObject","inLanguage":"sk-SK","@id":"https:\/\/begamer.cz\/sk\/#\/schema\/logo\/image\/","url":"https:\/\/begamer.cz\/wp-content\/uploads\/2025\/07\/logo.svg","contentUrl":"https:\/\/begamer.cz\/wp-content\/uploads\/2025\/07\/logo.svg","caption":"BeGamer.cz"},"image":{"@id":"https:\/\/begamer.cz\/sk\/#\/schema\/logo\/image\/"}}]}},"acf":[],"_links":{"self":[{"href":"https:\/\/begamer.cz\/sk\/wp-json\/wp\/v2\/product\/102497","targetHints":{"allow":["GET"]}}],"collection":[{"href":"https:\/\/begamer.cz\/sk\/wp-json\/wp\/v2\/product"}],"about":[{"href":"https:\/\/begamer.cz\/sk\/wp-json\/wp\/v2\/types\/product"}],"replies":[{"embeddable":true,"href":"https:\/\/begamer.cz\/sk\/wp-json\/wp\/v2\/comments?post=102497"}],"wp:featuredmedia":[{"embeddable":true,"href":"https:\/\/begamer.cz\/sk\/wp-json\/wp\/v2\/media\/86356"}],"wp:attachment":[{"href":"https:\/\/begamer.cz\/sk\/wp-json\/wp\/v2\/media?parent=102497"}],"wp:term":[{"taxonomy":"product_brand","embeddable":true,"href":"https:\/\/begamer.cz\/sk\/wp-json\/wp\/v2\/product_brand?post=102497"},{"taxonomy":"product_cat","embeddable":true,"href":"https:\/\/begamer.cz\/sk\/wp-json\/wp\/v2\/product_cat?post=102497"},{"taxonomy":"product_tag","embeddable":true,"href":"https:\/\/begamer.cz\/sk\/wp-json\/wp\/v2\/product_tag?post=102497"}],"curies":[{"name":"wp","href":"https:\/\/api.w.org\/{rel}","templated":true}]}}