{"id":102488,"date":"2026-01-30T19:01:55","date_gmt":"2026-01-30T18:01:55","guid":{"rendered":"https:\/\/begamer.cz\/produkt\/doom-the-dark-ages-premium-upgrade-sk\/"},"modified":"2026-03-11T16:48:20","modified_gmt":"2026-03-11T15:48:20","slug":"doom-the-dark-ages-premium-upgrade-sk","status":"publish","type":"product","link":"https:\/\/begamer.cz\/sk\/produkt\/doom-the-dark-ages-premium-upgrade-sk\/","title":{"rendered":"DOOM: The Dark Ages \u2013 Premium Upgrade"},"content":{"rendered":"<p class=\"bb_paragraph\" ><span class=\"bb_img_ctn\"><img decoding=\"async\" class=\"bb_img\" src=\"https:\/\/shared.akamai.steamstatic.com\/store_item_assets\/steam\/apps\/3698350\/extras\/02da64644439be48f7708cfffb617c53.avif?t=1761681035\" width=616 height=420 \/><\/span><\/p>\n<p class=\"bb_paragraph\" >Postavte sa a bojujte s pr\u00e9miov\u00fdm vylep\u0161en\u00edm*, ktor\u00e9 obsahuje DLC** ku kampani, digit\u00e1lny artbook a soundtrack, ako aj bal\u00ed\u010dek skinov Divinity, ktor\u00fd obsahuje zodpovedaj\u00face skiny pre DOOM Slayera, draka a Atlana.<\/p>\n<p class=\"bb_paragraph\" >OBSAHUJE:<\/p>\n<p class=\"bb_paragraph\" >&#8211; DLC kampane<\/p>\n<p class=\"bb_paragraph\" >&#8211; Digit\u00e1lna kniha umenia a soundtrack<\/p>\n<p class=\"bb_paragraph\" >&#8211; Bal\u00ed\u010dek skinov Divinity<\/p>\n<p class=\"bb_paragraph\" >*Vy\u017eaduje sa z\u00e1kladn\u00e1 hra (pred\u00e1va sa samostatne)<\/p>\n<p class=\"bb_paragraph\" >**DLC bude k dispoz\u00edcii nesk\u00f4r.<\/p>\n<p class=\"bb_paragraph\" ><span class=\"bb_img_ctn\"><video class=\"bb_img\" autoplay muted loop playsinline crossorigin=\"anonymous\" poster=\"https:\/\/shared.akamai.steamstatic.com\/store_item_assets\/steam\/apps\/3698350\/extras\/b3cfba615e512d430bf57d7e668219a4.poster.avif?t=1761681035\" width=616 height=575 ><source src=\"https:\/\/shared.akamai.steamstatic.com\/store_item_assets\/steam\/apps\/3698350\/extras\/b3cfba615e512d430bf57d7e668219a4.webm?t=1761681035\" type=\"video\/webm; codecs=vp9\"><\/video><\/span><\/p>\n<p class=\"bb_paragraph\" ><strong>STA\u0147 SA SLayerom V STREDOVEKEJ VOJNE PROTI PEKLU<\/strong><br \/>DOOM: The Dark Ages je predchodca kriticky uzn\u00e1van\u00fdch hier DOOM (2016) a DOOM Eternal, ktor\u00fd rozpr\u00e1va epick\u00fd filmov\u00fd pr\u00edbeh hodn\u00fd legendy DOOM Slayera. V tomto tre\u0165om diele modernej s\u00e9rie DOOM sa hr\u00e1\u010di v\u017eij\u00fa do krvav\u00fdch top\u00e1nok DOOM Slayera v tejto doteraz nev\u00eddanej temnej a zlovestnej stredovekej vojne proti peklu.<\/p>\n<p class=\"bb_paragraph\" >DOOM: The Dark Ages je temn\u00e1 fantasy\/sci-fi hra pre jedn\u00e9ho hr\u00e1\u010da, ktor\u00e1 pon\u00faka nap\u00ednav\u00e9 boje a \u00fa\u017easn\u00fa grafiku nezamenite\u013enej s\u00e9rie DOOM, poh\u00e1\u0148anej najnov\u0161\u00edm enginom idTech.<\/p>\n<p class=\"bb_paragraph\" ><span class=\"bb_img_ctn\"><video class=\"bb_img\" autoplay muted loop playsinline crossorigin=\"anonymous\" poster=\"https:\/\/shared.akamai.steamstatic.com\/store_item_assets\/steam\/apps\/3698350\/extras\/fa179f422df5e730d7eb0dfb7d4ce9ba.poster.avif?t=1761681035\" width=616 height=334 ><source src=\"https:\/\/shared.akamai.steamstatic.com\/store_item_assets\/steam\/apps\/3698350\/extras\/fa179f422df5e730d7eb0dfb7d4ce9ba.webm?t=1761681035\" type=\"video\/webm; codecs=vp9\"><\/video><\/span><\/p>\n<p class=\"bb_paragraph\" ><strong>VL\u00c1DNITE V PEKLE<\/strong>  <br \/>Ako superzbra\u0148 bohov a kr\u00e1\u013eov rozsekajte nepriate\u013eov ni\u010div\u00fdmi ob\u013e\u00faben\u00fdmi zbra\u0148ami, ako je Super Shotgun, a z\u00e1rove\u0148 ovl\u00e1dajte r\u00f4zne nov\u00e9 zbrane, ktor\u00e9 rozdrvia kosti, vr\u00e1tane univerz\u00e1lnej Shield Saw. Hr\u00e1\u010di bud\u00fa st\u00e1\u0165 a bojova\u0165 na bojisk\u00e1ch pln\u00fdch d\u00e9monov v brut\u00e1lnych, realistick\u00fdch bojoch, pre ktor\u00e9 je p\u00f4vodn\u00fd DOOM zn\u00e1my.<\/p>\n<p class=\"bb_paragraph\" ><span class=\"bb_img_ctn\"><video class=\"bb_img\" autoplay muted loop playsinline crossorigin=\"anonymous\" poster=\"https:\/\/shared.akamai.steamstatic.com\/store_item_assets\/steam\/apps\/3698350\/extras\/f61e69d3d167342f18d2cab81a78672c.poster.avif?t=1761681035\" width=616 height=334 ><source src=\"https:\/\/shared.akamai.steamstatic.com\/store_item_assets\/steam\/apps\/3698350\/extras\/f61e69d3d167342f18d2cab81a78672c.webm?t=1761681035\" type=\"video\/webm; codecs=vp9\"><\/video><\/span><\/p>\n<p class=\"bb_paragraph\" ><strong>BOJUJTE<\/strong><br \/>Za\u017eite epick\u00fd pr\u00edbeh o hneve DOOM Slayera v tomto filmovom a ak\u010dnom pr\u00edbehu. DOOM Slayer, ktor\u00fd je ods\u00faden\u00fd sl\u00fa\u017ei\u0165 ako super zbra\u0148 bohov a kr\u00e1\u013eov, odr\u00e1\u017ea hordy d\u00e9monov, zatia\u013e \u010do ich vodca sa sna\u017e\u00ed Slayera zni\u010di\u0165 a sta\u0165 sa jedin\u00fdm, koho sa v\u0161etci boja. Bu\u010fte svedkami zrodu legendy, ke\u010f Slayer bojuje proti cel\u00e9mu peklu a obracia priebeh vojny.<\/p>\n<p class=\"bb_paragraph\" ><span class=\"bb_img_ctn\"><video class=\"bb_img\" autoplay muted loop playsinline crossorigin=\"anonymous\" poster=\"https:\/\/shared.akamai.steamstatic.com\/store_item_assets\/steam\/apps\/3698350\/extras\/61690161285d5ce4864777bd5e8b7e4c.poster.avif?t=1761681035\" width=616 height=334 ><source src=\"https:\/\/shared.akamai.steamstatic.com\/store_item_assets\/steam\/apps\/3698350\/extras\/61690161285d5ce4864777bd5e8b7e4c.webm?t=1761681035\" type=\"video\/webm; codecs=vp9\"><\/video><\/span><\/p>\n<p class=\"bb_paragraph\" ><strong>OBJAVTE NEZN\u00c1ME R\u00cd\u0160E<\/strong>  <br \/>Vo svojej snahe zni\u010di\u0165 l\u00e9gie pekla mus\u00ed Slayer bojova\u0165 v doteraz nepoznan\u00fdch r\u00ed\u0161ach. Tajomstv\u00e1, v\u00fdzvy a odmeny \u010d\u00edhaj\u00fa v ka\u017edom tieni zr\u00facan\u00edn hradov, epick\u00fdch bojov\u00fdch pol\u00ed, temn\u00fdch lesov, starovek\u00fdch pekeln\u00fdch kraj\u00edn a svetov za hranicami. Vyzbrojen\u00fd brut\u00e1lne silnou Shield Saw prebojujte sa temn\u00fdm svetom pln\u00fdm hrozieb a tajomstiev v doteraz najv\u00e4\u010d\u0161\u00edch a najrozsiahlej\u0161\u00edch \u00farovniach id.<\/p>\n","protected":false},"excerpt":{"rendered":"<p>DOOM: The Dark Ages je predchodca kriticky uzn\u00e1van\u00fdch hier DOOM (2016) a DOOM Eternal, ktor\u00fd rozpr\u00e1va epick\u00fd filmov\u00fd pr\u00edbeh hodn\u00fd legendy DOOM Slayer. Hr\u00e1\u010di sa v tejto doteraz nev\u00eddanej temnej a zlovestnej stredovekej vojne proti peklu v\u017eij\u00fa do krvou zafarben\u00fdch top\u00e1nok DOOM Slayer.<\/p>\n","protected":false},"featured_media":51708,"comment_status":"open","ping_status":"closed","template":"","meta":{"_acf_changed":false},"product_brand":[],"product_cat":[458,464,398,438],"product_tag":[],"class_list":{"0":"post-102488","1":"product","2":"type-product","3":"status-publish","4":"has-post-thumbnail","6":"product_cat-akcne-xbox-series-x-s-sk","7":"product_cat-horor-xbox-series-x-s-sk","8":"product_cat-xbox-hry-sk","9":"product_cat-xbox-series-x-s-sk","10":"pa_countries-ad","11":"pa_countries-ae","12":"pa_countries-af","13":"pa_countries-ag","14":"pa_countries-ai","15":"pa_countries-al","16":"pa_countries-am","17":"pa_countries-ao","18":"pa_countries-aq","19":"pa_countries-ar","20":"pa_countries-as","21":"pa_countries-at","22":"pa_countries-au","23":"pa_countries-aw","24":"pa_countries-ax","25":"pa_countries-az","26":"pa_countries-ba","27":"pa_countries-bb","28":"pa_countries-bd","29":"pa_countries-be","30":"pa_countries-bf","31":"pa_countries-bg","32":"pa_countries-bh","33":"pa_countries-bi","34":"pa_countries-bj","35":"pa_countries-bl","36":"pa_countries-bm","37":"pa_countries-bn","38":"pa_countries-bo","39":"pa_countries-bq","40":"pa_countries-br","41":"pa_countries-bs","42":"pa_countries-bt","43":"pa_countries-bv","44":"pa_countries-bw","45":"pa_countries-bz","46":"pa_countries-ca","47":"pa_countries-cc","48":"pa_countries-cd","49":"pa_countries-cf","50":"pa_countries-cg","51":"pa_countries-ch","52":"pa_countries-ci","53":"pa_countries-ck","54":"pa_countries-cl","55":"pa_countries-cm","56":"pa_countries-cn","57":"pa_countries-co","58":"pa_countries-cr","59":"pa_countries-cu","60":"pa_countries-cv","61":"pa_countries-cw","62":"pa_countries-cx","63":"pa_countries-cy","64":"pa_countries-cz","65":"pa_countries-de","66":"pa_countries-dj","67":"pa_countries-dk","68":"pa_countries-dm","69":"pa_countries-do","70":"pa_countries-dz","71":"pa_countries-ec","72":"pa_countries-ee","73":"pa_countries-eg","74":"pa_countries-eh","75":"pa_countries-er","76":"pa_countries-es","77":"pa_countries-et","78":"pa_countries-fi","79":"pa_countries-fj","80":"pa_countries-fk","81":"pa_countries-fm","82":"pa_countries-fo","83":"pa_countries-fr","84":"pa_countries-ga","85":"pa_countries-gb","86":"pa_countries-gd","87":"pa_countries-ge","88":"pa_countries-gf","89":"pa_countries-gg","90":"pa_countries-gh","91":"pa_countries-gi","92":"pa_countries-gl","93":"pa_countries-gm","94":"pa_countries-gn","95":"pa_countries-gp","96":"pa_countries-gq","97":"pa_countries-gr","98":"pa_countries-gs","99":"pa_countries-gt","100":"pa_countries-gu","101":"pa_countries-gw","102":"pa_countries-gy","103":"pa_countries-hk","104":"pa_countries-hm","105":"pa_countries-hn","106":"pa_countries-hr","107":"pa_countries-ht","108":"pa_countries-hu","109":"pa_countries-id","110":"pa_countries-ie","111":"pa_countries-il","112":"pa_countries-im","113":"pa_countries-in","114":"pa_countries-io","115":"pa_countries-iq","116":"pa_countries-ir","117":"pa_countries-is","118":"pa_countries-it","119":"pa_countries-je","120":"pa_countries-jm","121":"pa_countries-jo","122":"pa_countries-jp","123":"pa_countries-ke","124":"pa_countries-kg","125":"pa_countries-kh","126":"pa_countries-ki","127":"pa_countries-km","128":"pa_countries-kn","129":"pa_countries-kp","130":"pa_countries-kr","131":"pa_countries-kw","132":"pa_countries-ky","133":"pa_countries-kz","134":"pa_countries-la","135":"pa_countries-lb","136":"pa_countries-lc","137":"pa_countries-li","138":"pa_countries-lk","139":"pa_countries-lr","140":"pa_countries-ls","141":"pa_countries-lt","142":"pa_countries-lu","143":"pa_countries-lv","144":"pa_countries-ly","145":"pa_countries-ma","146":"pa_countries-mc","147":"pa_countries-md","148":"pa_countries-me","149":"pa_countries-mf","150":"pa_countries-mg","151":"pa_countries-mh","152":"pa_countries-mk","153":"pa_countries-ml","154":"pa_countries-mm","155":"pa_countries-mn","156":"pa_countries-mo","157":"pa_countries-mp","158":"pa_countries-mq","159":"pa_countries-mr","160":"pa_countries-ms","161":"pa_countries-mt","162":"pa_countries-mu","163":"pa_countries-mv","164":"pa_countries-mw","165":"pa_countries-mx","166":"pa_countries-my","167":"pa_countries-mz","168":"pa_countries-na","169":"pa_countries-nc","170":"pa_countries-ne","171":"pa_countries-nf","172":"pa_countries-ng","173":"pa_countries-ni","174":"pa_countries-nl","175":"pa_countries-no","176":"pa_countries-np","177":"pa_countries-nr","178":"pa_countries-nu","179":"pa_countries-nz","180":"pa_countries-om","181":"pa_countries-pa","182":"pa_countries-pe","183":"pa_countries-pf","184":"pa_countries-pg","185":"pa_countries-ph","186":"pa_countries-pk","187":"pa_countries-pl","188":"pa_countries-pm","189":"pa_countries-pn","190":"pa_countries-pr","191":"pa_countries-ps","192":"pa_countries-pt","193":"pa_countries-pw","194":"pa_countries-py","195":"pa_countries-qa","196":"pa_countries-re","197":"pa_countries-ro","198":"pa_countries-rs","199":"pa_countries-rw","200":"pa_countries-sa","201":"pa_countries-sb","202":"pa_countries-sc","203":"pa_countries-sd","204":"pa_countries-se","205":"pa_countries-sg","206":"pa_countries-sh","207":"pa_countries-si","208":"pa_countries-sj","209":"pa_countries-sk","210":"pa_countries-sl","211":"pa_countries-sm","212":"pa_countries-sn","213":"pa_countries-so","214":"pa_countries-sr","215":"pa_countries-ss","217":"pa_countries-st","218":"pa_countries-sv","219":"pa_countries-sx","220":"pa_countries-sy","221":"pa_countries-sz","222":"pa_countries-tc","223":"pa_countries-td","224":"pa_countries-tf","225":"pa_countries-tg","226":"pa_countries-th","227":"pa_countries-tj","228":"pa_countries-tk","229":"pa_countries-tl","230":"pa_countries-tm","231":"pa_countries-tn","232":"pa_countries-to","233":"pa_countries-tr","234":"pa_countries-tt","235":"pa_countries-tv","236":"pa_countries-tw","237":"pa_countries-tz","238":"pa_countries-ua","239":"pa_countries-ug","240":"pa_countries-um","241":"pa_countries-us","242":"pa_countries-uy","243":"pa_countries-uz","244":"pa_countries-va","245":"pa_countries-vc","246":"pa_countries-ve","247":"pa_countries-vg","248":"pa_countries-vi","249":"pa_countries-vn","250":"pa_countries-vu","251":"pa_countries-wf","252":"pa_countries-ws","253":"pa_countries-xk","254":"pa_countries-ye","255":"pa_countries-yt","256":"pa_countries-za","257":"pa_countries-zm","258":"pa_countries-zw","259":"pa_developer-id-software","261":"pa_game_type-dlc","263":"pa_pegi-794","264":"pa_pegi-13426","265":"pa_platform-xbox-series-x-s-windows-10","267":"pa_publisher-bethesda-softworks","269":"pa_region-global","272":"first","273":"instock","274":"virtual","275":"taxable","276":"purchasable","277":"product-type-simple"},"yoast_head":"<!-- This site is optimized with the Yoast SEO plugin v27.3 - https:\/\/yoast.com\/product\/yoast-seo-wordpress\/ -->\n<title>DOOM: The Dark Ages - Premium Upgrade | BeGamer.cz<\/title>\n<meta name=\"robots\" content=\"index, follow, max-snippet:-1, max-image-preview:large, max-video-preview:-1\" \/>\n<link rel=\"canonical\" href=\"https:\/\/begamer.cz\/sk\/produkt\/doom-the-dark-ages-premium-upgrade-sk\/\" \/>\n<meta property=\"og:locale\" content=\"sk_SK\" \/>\n<meta property=\"og:type\" content=\"article\" \/>\n<meta property=\"og:title\" content=\"DOOM: The Dark Ages - Premium Upgrade | BeGamer.cz\" \/>\n<meta property=\"og:description\" content=\"DOOM: The Dark Ages je predchodca kriticky uzn\u00e1van\u00fdch hier DOOM (2016) a DOOM Eternal, ktor\u00fd rozpr\u00e1va epick\u00fd filmov\u00fd pr\u00edbeh hodn\u00fd legendy DOOM Slayer. Hr\u00e1\u010di sa v tejto doteraz nev\u00eddanej temnej a zlovestnej stredovekej vojne proti peklu v\u017eij\u00fa do krvou zafarben\u00fdch top\u00e1nok DOOM Slayer.\" \/>\n<meta property=\"og:url\" content=\"https:\/\/begamer.cz\/sk\/produkt\/doom-the-dark-ages-premium-upgrade-sk\/\" \/>\n<meta property=\"og:site_name\" content=\"BeGamer.cz\" \/>\n<meta property=\"article:modified_time\" content=\"2026-03-11T15:48:20+00:00\" \/>\n<meta property=\"og:image\" content=\"https:\/\/begamer.cz\/wp-content\/uploads\/2026\/01\/doom-the-dark-ages-premium-upgrade-3.webp\" \/>\n\t<meta property=\"og:image:width\" content=\"300\" \/>\n\t<meta property=\"og:image:height\" content=\"400\" \/>\n\t<meta property=\"og:image:type\" content=\"image\/webp\" \/>\n<meta name=\"twitter:card\" content=\"summary_large_image\" \/>\n<meta name=\"twitter:label1\" content=\"Predpokladan\u00fd \u010das \u010d\u00edtania\" \/>\n\t<meta name=\"twitter:data1\" content=\"2 min\u00faty\" \/>\n<script type=\"application\/ld+json\" class=\"yoast-schema-graph\">{\"@context\":\"https:\\\/\\\/schema.org\",\"@graph\":[{\"@type\":\"WebPage\",\"@id\":\"https:\\\/\\\/begamer.cz\\\/sk\\\/produkt\\\/doom-the-dark-ages-premium-upgrade-sk\\\/\",\"url\":\"https:\\\/\\\/begamer.cz\\\/sk\\\/produkt\\\/doom-the-dark-ages-premium-upgrade-sk\\\/\",\"name\":\"DOOM: The Dark Ages - Premium Upgrade | BeGamer.cz\",\"isPartOf\":{\"@id\":\"https:\\\/\\\/begamer.cz\\\/sk\\\/#website\"},\"primaryImageOfPage\":{\"@id\":\"https:\\\/\\\/begamer.cz\\\/sk\\\/produkt\\\/doom-the-dark-ages-premium-upgrade-sk\\\/#primaryimage\"},\"image\":{\"@id\":\"https:\\\/\\\/begamer.cz\\\/sk\\\/produkt\\\/doom-the-dark-ages-premium-upgrade-sk\\\/#primaryimage\"},\"thumbnailUrl\":\"https:\\\/\\\/begamer.cz\\\/wp-content\\\/uploads\\\/2026\\\/01\\\/doom-the-dark-ages-premium-upgrade-3.webp\",\"datePublished\":\"2026-01-30T18:01:55+00:00\",\"dateModified\":\"2026-03-11T15:48:20+00:00\",\"breadcrumb\":{\"@id\":\"https:\\\/\\\/begamer.cz\\\/sk\\\/produkt\\\/doom-the-dark-ages-premium-upgrade-sk\\\/#breadcrumb\"},\"inLanguage\":\"sk-SK\",\"potentialAction\":[{\"@type\":\"ReadAction\",\"target\":[\"https:\\\/\\\/begamer.cz\\\/sk\\\/produkt\\\/doom-the-dark-ages-premium-upgrade-sk\\\/\"]}]},{\"@type\":\"ImageObject\",\"inLanguage\":\"sk-SK\",\"@id\":\"https:\\\/\\\/begamer.cz\\\/sk\\\/produkt\\\/doom-the-dark-ages-premium-upgrade-sk\\\/#primaryimage\",\"url\":\"https:\\\/\\\/begamer.cz\\\/wp-content\\\/uploads\\\/2026\\\/01\\\/doom-the-dark-ages-premium-upgrade-3.webp\",\"contentUrl\":\"https:\\\/\\\/begamer.cz\\\/wp-content\\\/uploads\\\/2026\\\/01\\\/doom-the-dark-ages-premium-upgrade-3.webp\",\"width\":300,\"height\":400},{\"@type\":\"BreadcrumbList\",\"@id\":\"https:\\\/\\\/begamer.cz\\\/sk\\\/produkt\\\/doom-the-dark-ages-premium-upgrade-sk\\\/#breadcrumb\",\"itemListElement\":[{\"@type\":\"ListItem\",\"position\":1,\"name\":\"Domov\",\"item\":\"https:\\\/\\\/begamer.cz\\\/sk\\\/\"},{\"@type\":\"ListItem\",\"position\":2,\"name\":\"Obchod\",\"item\":\"https:\\\/\\\/begamer.cz\\\/obchod\\\/\"},{\"@type\":\"ListItem\",\"position\":3,\"name\":\"DOOM: The Dark Ages \u2013 Premium Upgrade\"}]},{\"@type\":\"WebSite\",\"@id\":\"https:\\\/\\\/begamer.cz\\\/sk\\\/#website\",\"url\":\"https:\\\/\\\/begamer.cz\\\/sk\\\/\",\"name\":\"BeGamer.cz\",\"description\":\"\",\"publisher\":{\"@id\":\"https:\\\/\\\/begamer.cz\\\/sk\\\/#organization\"},\"potentialAction\":[{\"@type\":\"SearchAction\",\"target\":{\"@type\":\"EntryPoint\",\"urlTemplate\":\"https:\\\/\\\/begamer.cz\\\/sk\\\/?s={search_term_string}\"},\"query-input\":{\"@type\":\"PropertyValueSpecification\",\"valueRequired\":true,\"valueName\":\"search_term_string\"}}],\"inLanguage\":\"sk-SK\"},{\"@type\":\"Organization\",\"@id\":\"https:\\\/\\\/begamer.cz\\\/sk\\\/#organization\",\"name\":\"BeGamer.cz\",\"url\":\"https:\\\/\\\/begamer.cz\\\/sk\\\/\",\"logo\":{\"@type\":\"ImageObject\",\"inLanguage\":\"sk-SK\",\"@id\":\"https:\\\/\\\/begamer.cz\\\/sk\\\/#\\\/schema\\\/logo\\\/image\\\/\",\"url\":\"https:\\\/\\\/begamer.cz\\\/wp-content\\\/uploads\\\/2025\\\/07\\\/logo.svg\",\"contentUrl\":\"https:\\\/\\\/begamer.cz\\\/wp-content\\\/uploads\\\/2025\\\/07\\\/logo.svg\",\"caption\":\"BeGamer.cz\"},\"image\":{\"@id\":\"https:\\\/\\\/begamer.cz\\\/sk\\\/#\\\/schema\\\/logo\\\/image\\\/\"}}]}<\/script>\n<!-- \/ Yoast SEO plugin. -->","yoast_head_json":{"title":"DOOM: The Dark Ages - Premium Upgrade | BeGamer.cz","robots":{"index":"index","follow":"follow","max-snippet":"max-snippet:-1","max-image-preview":"max-image-preview:large","max-video-preview":"max-video-preview:-1"},"canonical":"https:\/\/begamer.cz\/sk\/produkt\/doom-the-dark-ages-premium-upgrade-sk\/","og_locale":"sk_SK","og_type":"article","og_title":"DOOM: The Dark Ages - Premium Upgrade | BeGamer.cz","og_description":"DOOM: The Dark Ages je predchodca kriticky uzn\u00e1van\u00fdch hier DOOM (2016) a DOOM Eternal, ktor\u00fd rozpr\u00e1va epick\u00fd filmov\u00fd pr\u00edbeh hodn\u00fd legendy DOOM Slayer. Hr\u00e1\u010di sa v tejto doteraz nev\u00eddanej temnej a zlovestnej stredovekej vojne proti peklu v\u017eij\u00fa do krvou zafarben\u00fdch top\u00e1nok DOOM Slayer.","og_url":"https:\/\/begamer.cz\/sk\/produkt\/doom-the-dark-ages-premium-upgrade-sk\/","og_site_name":"BeGamer.cz","article_modified_time":"2026-03-11T15:48:20+00:00","og_image":[{"width":300,"height":400,"url":"https:\/\/begamer.cz\/wp-content\/uploads\/2026\/01\/doom-the-dark-ages-premium-upgrade-3.webp","type":"image\/webp"}],"twitter_card":"summary_large_image","twitter_misc":{"Predpokladan\u00fd \u010das \u010d\u00edtania":"2 min\u00faty"},"schema":{"@context":"https:\/\/schema.org","@graph":[{"@type":"WebPage","@id":"https:\/\/begamer.cz\/sk\/produkt\/doom-the-dark-ages-premium-upgrade-sk\/","url":"https:\/\/begamer.cz\/sk\/produkt\/doom-the-dark-ages-premium-upgrade-sk\/","name":"DOOM: The Dark Ages - Premium Upgrade | BeGamer.cz","isPartOf":{"@id":"https:\/\/begamer.cz\/sk\/#website"},"primaryImageOfPage":{"@id":"https:\/\/begamer.cz\/sk\/produkt\/doom-the-dark-ages-premium-upgrade-sk\/#primaryimage"},"image":{"@id":"https:\/\/begamer.cz\/sk\/produkt\/doom-the-dark-ages-premium-upgrade-sk\/#primaryimage"},"thumbnailUrl":"https:\/\/begamer.cz\/wp-content\/uploads\/2026\/01\/doom-the-dark-ages-premium-upgrade-3.webp","datePublished":"2026-01-30T18:01:55+00:00","dateModified":"2026-03-11T15:48:20+00:00","breadcrumb":{"@id":"https:\/\/begamer.cz\/sk\/produkt\/doom-the-dark-ages-premium-upgrade-sk\/#breadcrumb"},"inLanguage":"sk-SK","potentialAction":[{"@type":"ReadAction","target":["https:\/\/begamer.cz\/sk\/produkt\/doom-the-dark-ages-premium-upgrade-sk\/"]}]},{"@type":"ImageObject","inLanguage":"sk-SK","@id":"https:\/\/begamer.cz\/sk\/produkt\/doom-the-dark-ages-premium-upgrade-sk\/#primaryimage","url":"https:\/\/begamer.cz\/wp-content\/uploads\/2026\/01\/doom-the-dark-ages-premium-upgrade-3.webp","contentUrl":"https:\/\/begamer.cz\/wp-content\/uploads\/2026\/01\/doom-the-dark-ages-premium-upgrade-3.webp","width":300,"height":400},{"@type":"BreadcrumbList","@id":"https:\/\/begamer.cz\/sk\/produkt\/doom-the-dark-ages-premium-upgrade-sk\/#breadcrumb","itemListElement":[{"@type":"ListItem","position":1,"name":"Domov","item":"https:\/\/begamer.cz\/sk\/"},{"@type":"ListItem","position":2,"name":"Obchod","item":"https:\/\/begamer.cz\/obchod\/"},{"@type":"ListItem","position":3,"name":"DOOM: The Dark Ages \u2013 Premium Upgrade"}]},{"@type":"WebSite","@id":"https:\/\/begamer.cz\/sk\/#website","url":"https:\/\/begamer.cz\/sk\/","name":"BeGamer.cz","description":"","publisher":{"@id":"https:\/\/begamer.cz\/sk\/#organization"},"potentialAction":[{"@type":"SearchAction","target":{"@type":"EntryPoint","urlTemplate":"https:\/\/begamer.cz\/sk\/?s={search_term_string}"},"query-input":{"@type":"PropertyValueSpecification","valueRequired":true,"valueName":"search_term_string"}}],"inLanguage":"sk-SK"},{"@type":"Organization","@id":"https:\/\/begamer.cz\/sk\/#organization","name":"BeGamer.cz","url":"https:\/\/begamer.cz\/sk\/","logo":{"@type":"ImageObject","inLanguage":"sk-SK","@id":"https:\/\/begamer.cz\/sk\/#\/schema\/logo\/image\/","url":"https:\/\/begamer.cz\/wp-content\/uploads\/2025\/07\/logo.svg","contentUrl":"https:\/\/begamer.cz\/wp-content\/uploads\/2025\/07\/logo.svg","caption":"BeGamer.cz"},"image":{"@id":"https:\/\/begamer.cz\/sk\/#\/schema\/logo\/image\/"}}]}},"acf":[],"_links":{"self":[{"href":"https:\/\/begamer.cz\/sk\/wp-json\/wp\/v2\/product\/102488","targetHints":{"allow":["GET"]}}],"collection":[{"href":"https:\/\/begamer.cz\/sk\/wp-json\/wp\/v2\/product"}],"about":[{"href":"https:\/\/begamer.cz\/sk\/wp-json\/wp\/v2\/types\/product"}],"replies":[{"embeddable":true,"href":"https:\/\/begamer.cz\/sk\/wp-json\/wp\/v2\/comments?post=102488"}],"wp:featuredmedia":[{"embeddable":true,"href":"https:\/\/begamer.cz\/sk\/wp-json\/wp\/v2\/media\/51708"}],"wp:attachment":[{"href":"https:\/\/begamer.cz\/sk\/wp-json\/wp\/v2\/media?parent=102488"}],"wp:term":[{"taxonomy":"product_brand","embeddable":true,"href":"https:\/\/begamer.cz\/sk\/wp-json\/wp\/v2\/product_brand?post=102488"},{"taxonomy":"product_cat","embeddable":true,"href":"https:\/\/begamer.cz\/sk\/wp-json\/wp\/v2\/product_cat?post=102488"},{"taxonomy":"product_tag","embeddable":true,"href":"https:\/\/begamer.cz\/sk\/wp-json\/wp\/v2\/product_tag?post=102488"}],"curies":[{"name":"wp","href":"https:\/\/api.w.org\/{rel}","templated":true}]}}