{"id":102464,"date":"2026-01-30T19:01:33","date_gmt":"2026-01-30T18:01:33","guid":{"rendered":"https:\/\/begamer.cz\/produkt\/dragon-ball-z-kakarot-daima-adventure-through-the-demon-realm-pack-sk\/"},"modified":"2026-03-11T16:45:57","modified_gmt":"2026-03-11T15:45:57","slug":"dragon-ball-z-kakarot-daima-adventure-through-the-demon-realm-pack-sk","status":"publish","type":"product","link":"https:\/\/begamer.cz\/sk\/produkt\/dragon-ball-z-kakarot-daima-adventure-through-the-demon-realm-pack-sk\/","title":{"rendered":"Dragon Ball Z: Kakarot \u2013 Daima: Adventure Through The Demon Realm Pack"},"content":{"rendered":"<p>Bal\u00ed\u010dek DAIMA: Dobrodru\u017estvo v r\u00ed\u0161i d\u00e9monov obsahuje nasleduj\u00faci obsah:<br \/>\n\u2022 DAIMA: Dobrodru\u017estvo v r\u00ed\u0161i d\u00e9monov, \u010das\u0165 1 (j\u00fal \u2013 september 2025)<br \/>\n\u2022 DAIMA: Dobrodru\u017estvo v r\u00ed\u0161i d\u00e9monov, \u010das\u0165 2 (janu\u00e1r \u2013 marec 2026)<br \/>\n\u2022 DAIMA: Bonus bal\u00ed\u010dka Dobrodru\u017estvo v r\u00ed\u0161i d\u00e9monov<br \/>\n&#8211; Predmety: Najlep\u0161ia m\u00e4sov\u00e1 hostina, Mega posv\u00e4tn\u00e1 voda, Fialov\u00fd roh dinosaura a Preb\u00fadzaj\u00faca voda<\/p>\n","protected":false},"excerpt":{"rendered":"<p>Presk\u00famajte r\u00ed\u0161u d\u00e9monov v bal\u00ed\u010dku \u201eDragon Ball Z: Kakarot \u2013 Daima: Adventure Through The Demon Realm Pack\u201c. Odomknite nov\u00fd obsah pr\u00edbehu, mocn\u00fdch nepriate\u013eov a exkluz\u00edvne odmeny. Vylep\u0161ite svoje dobrodru\u017estvo nov\u00fdmi v\u00fdzvami a preh\u013abte svoj z\u00e1\u017eitok z Dragon Ball Z.<\/p>\n","protected":false},"featured_media":86221,"comment_status":"open","ping_status":"closed","template":"","meta":{"_acf_changed":false},"product_brand":[],"product_cat":[280,268,266,308,312],"product_tag":[],"class_list":{"0":"post-102464","1":"product","2":"type-product","3":"status-publish","4":"has-post-thumbnail","6":"product_cat-dobrodruzne-pc-hry-sk","7":"product_cat-pc-sk","8":"product_cat-pc-hry-sk","9":"product_cat-rpg-pc-hry-sk","10":"product_cat-steam-pc-sk","11":"pa_developer-cyberconnect2","13":"pa_game_type-dlc","15":"pa_pegi-927","16":"pa_pegi-13428","17":"pa_platform-pc-steam","19":"pa_publisher-bandai-namco-entertainment-america-inc","21":"pa_rating-773","22":"pa_rating-14441","23":"pa_region-global","26":"first","27":"instock","28":"virtual","29":"taxable","30":"purchasable","31":"product-type-simple"},"yoast_head":"<!-- This site is optimized with the Yoast SEO plugin v27.3 - https:\/\/yoast.com\/product\/yoast-seo-wordpress\/ -->\n<title>Dragon Ball Z: Kakarot - Daima: Adventure Through The Demon Realm Pack | BeGamer.cz<\/title>\n<meta name=\"robots\" content=\"index, follow, max-snippet:-1, max-image-preview:large, max-video-preview:-1\" \/>\n<link rel=\"canonical\" href=\"https:\/\/begamer.cz\/sk\/produkt\/dragon-ball-z-kakarot-daima-adventure-through-the-demon-realm-pack-sk\/\" \/>\n<meta property=\"og:locale\" content=\"sk_SK\" \/>\n<meta property=\"og:type\" content=\"article\" \/>\n<meta property=\"og:title\" content=\"Dragon Ball Z: Kakarot - Daima: Adventure Through The Demon Realm Pack | BeGamer.cz\" \/>\n<meta property=\"og:description\" content=\"Presk\u00famajte r\u00ed\u0161u d\u00e9monov v bal\u00ed\u010dku \u201eDragon Ball Z: Kakarot \u2013 Daima: Adventure Through The Demon Realm Pack\u201c. Odomknite nov\u00fd obsah pr\u00edbehu, mocn\u00fdch nepriate\u013eov a exkluz\u00edvne odmeny. Vylep\u0161ite svoje dobrodru\u017estvo nov\u00fdmi v\u00fdzvami a preh\u013abte svoj z\u00e1\u017eitok z Dragon Ball Z.\" \/>\n<meta property=\"og:url\" content=\"https:\/\/begamer.cz\/sk\/produkt\/dragon-ball-z-kakarot-daima-adventure-through-the-demon-realm-pack-sk\/\" \/>\n<meta property=\"og:site_name\" content=\"BeGamer.cz\" \/>\n<meta property=\"article:modified_time\" content=\"2026-03-11T15:45:57+00:00\" \/>\n<meta property=\"og:image\" content=\"https:\/\/begamer.cz\/wp-content\/uploads\/2026\/01\/dragon-ball-z-kakarot-daima-adventure-through-the-demon-realm-pack-4.webp\" \/>\n\t<meta property=\"og:image:width\" content=\"300\" \/>\n\t<meta property=\"og:image:height\" content=\"400\" \/>\n\t<meta property=\"og:image:type\" content=\"image\/webp\" \/>\n<meta name=\"twitter:card\" content=\"summary_large_image\" \/>\n<script type=\"application\/ld+json\" class=\"yoast-schema-graph\">{\"@context\":\"https:\\\/\\\/schema.org\",\"@graph\":[{\"@type\":\"WebPage\",\"@id\":\"https:\\\/\\\/begamer.cz\\\/sk\\\/produkt\\\/dragon-ball-z-kakarot-daima-adventure-through-the-demon-realm-pack-sk\\\/\",\"url\":\"https:\\\/\\\/begamer.cz\\\/sk\\\/produkt\\\/dragon-ball-z-kakarot-daima-adventure-through-the-demon-realm-pack-sk\\\/\",\"name\":\"Dragon Ball Z: Kakarot - Daima: Adventure Through The Demon Realm Pack | BeGamer.cz\",\"isPartOf\":{\"@id\":\"https:\\\/\\\/begamer.cz\\\/sk\\\/#website\"},\"primaryImageOfPage\":{\"@id\":\"https:\\\/\\\/begamer.cz\\\/sk\\\/produkt\\\/dragon-ball-z-kakarot-daima-adventure-through-the-demon-realm-pack-sk\\\/#primaryimage\"},\"image\":{\"@id\":\"https:\\\/\\\/begamer.cz\\\/sk\\\/produkt\\\/dragon-ball-z-kakarot-daima-adventure-through-the-demon-realm-pack-sk\\\/#primaryimage\"},\"thumbnailUrl\":\"https:\\\/\\\/begamer.cz\\\/wp-content\\\/uploads\\\/2026\\\/01\\\/dragon-ball-z-kakarot-daima-adventure-through-the-demon-realm-pack-4.webp\",\"datePublished\":\"2026-01-30T18:01:33+00:00\",\"dateModified\":\"2026-03-11T15:45:57+00:00\",\"breadcrumb\":{\"@id\":\"https:\\\/\\\/begamer.cz\\\/sk\\\/produkt\\\/dragon-ball-z-kakarot-daima-adventure-through-the-demon-realm-pack-sk\\\/#breadcrumb\"},\"inLanguage\":\"sk-SK\",\"potentialAction\":[{\"@type\":\"ReadAction\",\"target\":[\"https:\\\/\\\/begamer.cz\\\/sk\\\/produkt\\\/dragon-ball-z-kakarot-daima-adventure-through-the-demon-realm-pack-sk\\\/\"]}]},{\"@type\":\"ImageObject\",\"inLanguage\":\"sk-SK\",\"@id\":\"https:\\\/\\\/begamer.cz\\\/sk\\\/produkt\\\/dragon-ball-z-kakarot-daima-adventure-through-the-demon-realm-pack-sk\\\/#primaryimage\",\"url\":\"https:\\\/\\\/begamer.cz\\\/wp-content\\\/uploads\\\/2026\\\/01\\\/dragon-ball-z-kakarot-daima-adventure-through-the-demon-realm-pack-4.webp\",\"contentUrl\":\"https:\\\/\\\/begamer.cz\\\/wp-content\\\/uploads\\\/2026\\\/01\\\/dragon-ball-z-kakarot-daima-adventure-through-the-demon-realm-pack-4.webp\",\"width\":300,\"height\":400},{\"@type\":\"BreadcrumbList\",\"@id\":\"https:\\\/\\\/begamer.cz\\\/sk\\\/produkt\\\/dragon-ball-z-kakarot-daima-adventure-through-the-demon-realm-pack-sk\\\/#breadcrumb\",\"itemListElement\":[{\"@type\":\"ListItem\",\"position\":1,\"name\":\"Domov\",\"item\":\"https:\\\/\\\/begamer.cz\\\/sk\\\/\"},{\"@type\":\"ListItem\",\"position\":2,\"name\":\"Obchod\",\"item\":\"https:\\\/\\\/begamer.cz\\\/obchod\\\/\"},{\"@type\":\"ListItem\",\"position\":3,\"name\":\"Dragon Ball Z: Kakarot \u2013 Daima: Adventure Through The Demon Realm Pack\"}]},{\"@type\":\"WebSite\",\"@id\":\"https:\\\/\\\/begamer.cz\\\/sk\\\/#website\",\"url\":\"https:\\\/\\\/begamer.cz\\\/sk\\\/\",\"name\":\"BeGamer.cz\",\"description\":\"\",\"publisher\":{\"@id\":\"https:\\\/\\\/begamer.cz\\\/sk\\\/#organization\"},\"potentialAction\":[{\"@type\":\"SearchAction\",\"target\":{\"@type\":\"EntryPoint\",\"urlTemplate\":\"https:\\\/\\\/begamer.cz\\\/sk\\\/?s={search_term_string}\"},\"query-input\":{\"@type\":\"PropertyValueSpecification\",\"valueRequired\":true,\"valueName\":\"search_term_string\"}}],\"inLanguage\":\"sk-SK\"},{\"@type\":\"Organization\",\"@id\":\"https:\\\/\\\/begamer.cz\\\/sk\\\/#organization\",\"name\":\"BeGamer.cz\",\"url\":\"https:\\\/\\\/begamer.cz\\\/sk\\\/\",\"logo\":{\"@type\":\"ImageObject\",\"inLanguage\":\"sk-SK\",\"@id\":\"https:\\\/\\\/begamer.cz\\\/sk\\\/#\\\/schema\\\/logo\\\/image\\\/\",\"url\":\"https:\\\/\\\/begamer.cz\\\/wp-content\\\/uploads\\\/2025\\\/07\\\/logo.svg\",\"contentUrl\":\"https:\\\/\\\/begamer.cz\\\/wp-content\\\/uploads\\\/2025\\\/07\\\/logo.svg\",\"caption\":\"BeGamer.cz\"},\"image\":{\"@id\":\"https:\\\/\\\/begamer.cz\\\/sk\\\/#\\\/schema\\\/logo\\\/image\\\/\"}}]}<\/script>\n<!-- \/ Yoast SEO plugin. -->","yoast_head_json":{"title":"Dragon Ball Z: Kakarot - Daima: Adventure Through The Demon Realm Pack | BeGamer.cz","robots":{"index":"index","follow":"follow","max-snippet":"max-snippet:-1","max-image-preview":"max-image-preview:large","max-video-preview":"max-video-preview:-1"},"canonical":"https:\/\/begamer.cz\/sk\/produkt\/dragon-ball-z-kakarot-daima-adventure-through-the-demon-realm-pack-sk\/","og_locale":"sk_SK","og_type":"article","og_title":"Dragon Ball Z: Kakarot - Daima: Adventure Through The Demon Realm Pack | BeGamer.cz","og_description":"Presk\u00famajte r\u00ed\u0161u d\u00e9monov v bal\u00ed\u010dku \u201eDragon Ball Z: Kakarot \u2013 Daima: Adventure Through The Demon Realm Pack\u201c. Odomknite nov\u00fd obsah pr\u00edbehu, mocn\u00fdch nepriate\u013eov a exkluz\u00edvne odmeny. Vylep\u0161ite svoje dobrodru\u017estvo nov\u00fdmi v\u00fdzvami a preh\u013abte svoj z\u00e1\u017eitok z Dragon Ball Z.","og_url":"https:\/\/begamer.cz\/sk\/produkt\/dragon-ball-z-kakarot-daima-adventure-through-the-demon-realm-pack-sk\/","og_site_name":"BeGamer.cz","article_modified_time":"2026-03-11T15:45:57+00:00","og_image":[{"width":300,"height":400,"url":"https:\/\/begamer.cz\/wp-content\/uploads\/2026\/01\/dragon-ball-z-kakarot-daima-adventure-through-the-demon-realm-pack-4.webp","type":"image\/webp"}],"twitter_card":"summary_large_image","schema":{"@context":"https:\/\/schema.org","@graph":[{"@type":"WebPage","@id":"https:\/\/begamer.cz\/sk\/produkt\/dragon-ball-z-kakarot-daima-adventure-through-the-demon-realm-pack-sk\/","url":"https:\/\/begamer.cz\/sk\/produkt\/dragon-ball-z-kakarot-daima-adventure-through-the-demon-realm-pack-sk\/","name":"Dragon Ball Z: Kakarot - Daima: Adventure Through The Demon Realm Pack | BeGamer.cz","isPartOf":{"@id":"https:\/\/begamer.cz\/sk\/#website"},"primaryImageOfPage":{"@id":"https:\/\/begamer.cz\/sk\/produkt\/dragon-ball-z-kakarot-daima-adventure-through-the-demon-realm-pack-sk\/#primaryimage"},"image":{"@id":"https:\/\/begamer.cz\/sk\/produkt\/dragon-ball-z-kakarot-daima-adventure-through-the-demon-realm-pack-sk\/#primaryimage"},"thumbnailUrl":"https:\/\/begamer.cz\/wp-content\/uploads\/2026\/01\/dragon-ball-z-kakarot-daima-adventure-through-the-demon-realm-pack-4.webp","datePublished":"2026-01-30T18:01:33+00:00","dateModified":"2026-03-11T15:45:57+00:00","breadcrumb":{"@id":"https:\/\/begamer.cz\/sk\/produkt\/dragon-ball-z-kakarot-daima-adventure-through-the-demon-realm-pack-sk\/#breadcrumb"},"inLanguage":"sk-SK","potentialAction":[{"@type":"ReadAction","target":["https:\/\/begamer.cz\/sk\/produkt\/dragon-ball-z-kakarot-daima-adventure-through-the-demon-realm-pack-sk\/"]}]},{"@type":"ImageObject","inLanguage":"sk-SK","@id":"https:\/\/begamer.cz\/sk\/produkt\/dragon-ball-z-kakarot-daima-adventure-through-the-demon-realm-pack-sk\/#primaryimage","url":"https:\/\/begamer.cz\/wp-content\/uploads\/2026\/01\/dragon-ball-z-kakarot-daima-adventure-through-the-demon-realm-pack-4.webp","contentUrl":"https:\/\/begamer.cz\/wp-content\/uploads\/2026\/01\/dragon-ball-z-kakarot-daima-adventure-through-the-demon-realm-pack-4.webp","width":300,"height":400},{"@type":"BreadcrumbList","@id":"https:\/\/begamer.cz\/sk\/produkt\/dragon-ball-z-kakarot-daima-adventure-through-the-demon-realm-pack-sk\/#breadcrumb","itemListElement":[{"@type":"ListItem","position":1,"name":"Domov","item":"https:\/\/begamer.cz\/sk\/"},{"@type":"ListItem","position":2,"name":"Obchod","item":"https:\/\/begamer.cz\/obchod\/"},{"@type":"ListItem","position":3,"name":"Dragon Ball Z: Kakarot \u2013 Daima: Adventure Through The Demon Realm Pack"}]},{"@type":"WebSite","@id":"https:\/\/begamer.cz\/sk\/#website","url":"https:\/\/begamer.cz\/sk\/","name":"BeGamer.cz","description":"","publisher":{"@id":"https:\/\/begamer.cz\/sk\/#organization"},"potentialAction":[{"@type":"SearchAction","target":{"@type":"EntryPoint","urlTemplate":"https:\/\/begamer.cz\/sk\/?s={search_term_string}"},"query-input":{"@type":"PropertyValueSpecification","valueRequired":true,"valueName":"search_term_string"}}],"inLanguage":"sk-SK"},{"@type":"Organization","@id":"https:\/\/begamer.cz\/sk\/#organization","name":"BeGamer.cz","url":"https:\/\/begamer.cz\/sk\/","logo":{"@type":"ImageObject","inLanguage":"sk-SK","@id":"https:\/\/begamer.cz\/sk\/#\/schema\/logo\/image\/","url":"https:\/\/begamer.cz\/wp-content\/uploads\/2025\/07\/logo.svg","contentUrl":"https:\/\/begamer.cz\/wp-content\/uploads\/2025\/07\/logo.svg","caption":"BeGamer.cz"},"image":{"@id":"https:\/\/begamer.cz\/sk\/#\/schema\/logo\/image\/"}}]}},"acf":[],"_links":{"self":[{"href":"https:\/\/begamer.cz\/sk\/wp-json\/wp\/v2\/product\/102464","targetHints":{"allow":["GET"]}}],"collection":[{"href":"https:\/\/begamer.cz\/sk\/wp-json\/wp\/v2\/product"}],"about":[{"href":"https:\/\/begamer.cz\/sk\/wp-json\/wp\/v2\/types\/product"}],"replies":[{"embeddable":true,"href":"https:\/\/begamer.cz\/sk\/wp-json\/wp\/v2\/comments?post=102464"}],"wp:featuredmedia":[{"embeddable":true,"href":"https:\/\/begamer.cz\/sk\/wp-json\/wp\/v2\/media\/86221"}],"wp:attachment":[{"href":"https:\/\/begamer.cz\/sk\/wp-json\/wp\/v2\/media?parent=102464"}],"wp:term":[{"taxonomy":"product_brand","embeddable":true,"href":"https:\/\/begamer.cz\/sk\/wp-json\/wp\/v2\/product_brand?post=102464"},{"taxonomy":"product_cat","embeddable":true,"href":"https:\/\/begamer.cz\/sk\/wp-json\/wp\/v2\/product_cat?post=102464"},{"taxonomy":"product_tag","embeddable":true,"href":"https:\/\/begamer.cz\/sk\/wp-json\/wp\/v2\/product_tag?post=102464"}],"curies":[{"name":"wp","href":"https:\/\/api.w.org\/{rel}","templated":true}]}}