{"id":102365,"date":"2026-01-30T18:59:13","date_gmt":"2026-01-30T17:59:13","guid":{"rendered":"https:\/\/begamer.cz\/produkt\/motogp-25-sk-1769795955\/"},"modified":"2026-03-11T16:36:47","modified_gmt":"2026-03-11T15:36:47","slug":"motogp-25-sk-2","status":"publish","type":"product","link":"https:\/\/begamer.cz\/sk\/produkt\/motogp-25-sk-2\/","title":{"rendered":"MotoGP 25"},"content":{"rendered":"<p class=\"bb_paragraph\" >Pripravte sa na \u00fa\u010das\u0165 v MotoGP\u212225!<\/p>\n<h2 class=\"bb_tag\" >ZA\u017dITE KA\u017dD\u00dd DETAIL SEZ\u00d3NY 2025<\/h2>\n<p class=\"bb_paragraph\" >Zapojte sa do ofici\u00e1lneho \u0161ampion\u00e1tu a v\u017eite sa do role svojich ob\u013e\u00faben\u00fdch jazdcov, aby ste zvl\u00e1dli najikonickej\u0161ie motorky a trate sez\u00f3ny. Za\u017eite najrealistickej\u0161ie preteky v\u010faka Unreal Engine 5, komis\u00e1rom MotoGP\u2122, ktor\u00ed zabezpe\u010duj\u00fa spravodliv\u00e9 s\u00faboje, a prepracovan\u00e9mu zvukov\u00e9mu dizajnu, nahrat\u00e9mu priamo na mieste z ofici\u00e1lnych motoriek.<\/p>\n<p class=\"bb_paragraph\" ><span class=\"bb_img_ctn\"><video class=\"bb_img\" autoplay muted loop playsinline poster=\"https:\/\/shared.akamai.steamstatic.com\/store_item_assets\/steam\/apps\/3077390\/extras\/4f4e83323869b5677a5d0693f3dcb9d9.poster.avif?t=1753692631\" width=620 height=178 ><source src=\"https:\/\/shared.akamai.steamstatic.com\/store_item_assets\/steam\/apps\/3077390\/extras\/4f4e83323869b5677a5d0693f3dcb9d9.webm?t=1753692631\" type=\"video\/webm; codecs=vp9\"><source src=\"https:\/\/shared.akamai.steamstatic.com\/store_item_assets\/steam\/apps\/3077390\/extras\/4f4e83323869b5677a5d0693f3dcb9d9.mp4?t=1753692631\" type=\"video\/mp4\"><\/video><\/span><\/p>\n<h2 class=\"bb_tag\" >VYTVORTE SI SVOJU Z\u00c1VODN\u00da LEGENDU<\/h2>\n<p class=\"bb_paragraph\" >Va\u0161a cesta k tomu, aby ste sa stali legendou MotoGP\u2122, za\u010d\u00edna tu! Ponorte sa do v\u00fdvoja svojej motorky, vyberte si svoje vlastn\u00e9 kari\u00e9rne zlomov\u00e9 body po\u010das sez\u00f3ny a rozv\u00edjajte soci\u00e1lne vz\u0165ahy mimo trate, potom sledujte, ako sa tieto vo\u013eby vyv\u00edjaj\u00fa po\u010das v\u00edkendu. Ovl\u00e1dnite dynamiku trhu jazdcov, aby bola va\u0161a cesta v\u017edy jedine\u010dn\u00e1.<\/p>\n<p class=\"bb_paragraph\" ><span class=\"bb_img_ctn\"><video class=\"bb_img\" autoplay muted loop playsinline poster=\"https:\/\/shared.akamai.steamstatic.com\/store_item_assets\/steam\/apps\/3077390\/extras\/c0a060306cba301f87d8848411758a03.poster.avif?t=1753692631\" width=620 height=178 ><source src=\"https:\/\/shared.akamai.steamstatic.com\/store_item_assets\/steam\/apps\/3077390\/extras\/c0a060306cba301f87d8848411758a03.webm?t=1753692631\" type=\"video\/webm; codecs=vp9\"><source src=\"https:\/\/shared.akamai.steamstatic.com\/store_item_assets\/steam\/apps\/3077390\/extras\/c0a060306cba301f87d8848411758a03.mp4?t=1753692631\" type=\"video\/mp4\"><\/video><\/span><\/p>\n<h2 class=\"bb_tag\" >OVL\u00c1DNITE SVOJE REMESLO<\/h2>\n<p class=\"bb_paragraph\" >Tr\u00e9nujte ako \u0161ampi\u00f3n s nov\u00fdmi discipl\u00ednami Race Off, ktor\u00e9 s\u00fa k dispoz\u00edcii v re\u017eimoch Kari\u00e9ra a R\u00fdchly. Jazda na motork\u00e1ch Motard, Flat Track a Minibikes na 4 \u0161peci\u00e1lnych tratiach v 2 origin\u00e1lnych prostrediach. Prijmite v\u00fdzvy ako elimina\u010dn\u00e9 a \u0161tafetov\u00e9 preteky, zlep\u0161ite kond\u00edciu svojho jazdca, odomknite pr\u00edslu\u0161enstvo a zdokona\u013ete svoje zru\u010dnosti, aby ste ovl\u00e1dli tra\u0165!<\/p>\n<p class=\"bb_paragraph\" ><span class=\"bb_img_ctn\"><video class=\"bb_img\" autoplay muted loop playsinline poster=\"https:\/\/shared.akamai.steamstatic.com\/store_item_assets\/steam\/apps\/3077390\/extras\/906035b552c472e4eb441ab4bcd9da29.poster.avif?t=1753692631\" width=620 height=178 ><source src=\"https:\/\/shared.akamai.steamstatic.com\/store_item_assets\/steam\/apps\/3077390\/extras\/906035b552c472e4eb441ab4bcd9da29.webm?t=1753692631\" type=\"video\/webm; codecs=vp9\"><source src=\"https:\/\/shared.akamai.steamstatic.com\/store_item_assets\/steam\/apps\/3077390\/extras\/906035b552c472e4eb441ab4bcd9da29.mp4?t=1753692631\" type=\"video\/mp4\"><\/video><\/span><\/p>\n<h2 class=\"bb_tag\" >S\u00da\u0164A\u017dTE PO SVOJOM<\/h2>\n<p class=\"bb_paragraph\" >Maxim\u00e1lna hrate\u013enos\u0165 alebo v\u00fdzva v podobe plnej simul\u00e1cie? Vrhni sa priamo do akcie s nov\u00fdm re\u017eimom Arcade Experience a za\u017ei okam\u017eit\u00fa z\u00e1bavu pln\u00fa adrenal\u00ednu. Alebo zvl\u00e1dni ka\u017ed\u00fd detail trate, spotrebu paliva a elektroniku v re\u017eime Pro Experience a za\u017ei autentick\u00fd realizmus MotoGP\u2122!<\/p>\n<p class=\"bb_paragraph\" >Prevezmite pln\u00fa kontrolu nad svoj\u00edm motocyklom vylep\u0161en\u00fdm re\u017eimom Adaptive Difficulty Mode, syst\u00e9mom Neural Aid System a nov\u00fdm tutori\u00e1lom.<\/p>\n<p class=\"bb_paragraph\" ><span class=\"bb_img_ctn\"><video class=\"bb_img\" autoplay muted loop playsinline poster=\"https:\/\/shared.akamai.steamstatic.com\/store_item_assets\/steam\/apps\/3077390\/extras\/c57a73c80ee69884f21831e8d2b9bbbb.poster.avif?t=1753692631\" width=620 height=178 ><source src=\"https:\/\/shared.akamai.steamstatic.com\/store_item_assets\/steam\/apps\/3077390\/extras\/c57a73c80ee69884f21831e8d2b9bbbb.webm?t=1753692631\" type=\"video\/webm; codecs=vp9\"><source src=\"https:\/\/shared.akamai.steamstatic.com\/store_item_assets\/steam\/apps\/3077390\/extras\/c57a73c80ee69884f21831e8d2b9bbbb.mp4?t=1753692631\" type=\"video\/mp4\"><\/video><\/span><\/p>\n<h2 class=\"bb_tag\" >DOMINUJTE NA SC\u00c9NE<\/h2>\n<p class=\"bb_paragraph\" >Hodnoten\u00e9 preteky a pln\u00e1 cross-play funkcia v\u00e1m umo\u017enia vyzva\u0165 priate\u013eov a s\u00faperov s podobn\u00fdmi zru\u010dnos\u0165ami, bez oh\u013eadu na to, na akej platforme* pretekaj\u00fa.<\/p>\n<p class=\"bb_paragraph\" >Popustite uzdu svojej kreativite a uk\u00e1\u017ete svetu svoj \u0161t\u00fdl v\u010faka kompletnej sade editorov v hre.<\/p>\n<p class=\"bb_paragraph\" >*Okrem Nintendo Switch<\/p>\n","protected":false},"excerpt":{"rendered":"<p>Na\u0161tartujte motory pre sez\u00f3nu 2025! Za\u017eite autentick\u00e9 vzru\u0161enie z MotoGP\u2122 v\u010faka vylep\u0161en\u00e9mu zvukov\u00e9mu dizajnu a vzru\u0161uj\u00facim v\u00fdzvam. Tr\u00e9nujte s nov\u00fdmi discipl\u00ednami v re\u017eime Race Off a vyberte si Arcade alebo Pro Experience pre maxim\u00e1lnu z\u00e1bavu alebo realizmus!<\/p>\n","protected":false},"featured_media":41545,"comment_status":"open","ping_status":"closed","template":"","meta":{"_acf_changed":false},"product_brand":[],"product_cat":[179,200,224,226,230],"product_tag":[],"class_list":{"0":"post-102365","1":"product","2":"type-product","3":"status-publish","4":"has-post-thumbnail","6":"product_cat-nintendo-hry-sk","7":"product_cat-nintendo-switch-sk","8":"product_cat-simulatory-nintendo-switch-sk","9":"product_cat-sportove-nintendo-switch-sk","10":"product_cat-zavodne-nintendo-switch-sk","11":"pa_audio-de-de","12":"pa_audio-en-gb","13":"pa_audio-en-us","14":"pa_audio-es-es","15":"pa_audio-fr-fr","16":"pa_audio-it-it","18":"pa_audio-pt-br","20":"pa_countries-at","21":"pa_countries-be","22":"pa_countries-bg","23":"pa_countries-cy","24":"pa_countries-cz","26":"pa_countries-de","27":"pa_countries-dk","28":"pa_countries-ee","29":"pa_countries-es","30":"pa_countries-fi","31":"pa_countries-fr","32":"pa_countries-gr","33":"pa_countries-hr","34":"pa_countries-hu","35":"pa_countries-ie","36":"pa_countries-it","37":"pa_countries-lt","38":"pa_countries-lu","39":"pa_countries-lv","40":"pa_countries-mt","41":"pa_countries-nl","42":"pa_countries-pl","43":"pa_countries-pt","44":"pa_countries-ro","45":"pa_countries-se","46":"pa_countries-si","47":"pa_countries-sk","49":"pa_developer-milestone","51":"pa_engine-unreal-engine-5","53":"pa_game_type-main_game","55":"pa_genres-racing","57":"pa_genres-simulator","58":"pa_genres-sport","60":"pa_interface-de-de","61":"pa_interface-en-gb","62":"pa_interface-en-us","63":"pa_interface-es-es","64":"pa_interface-fr-fr","65":"pa_interface-it-it","66":"pa_interface-ja-jp","68":"pa_interface-pt-br","70":"pa_interface-zh-cn","71":"pa_interface-zh-tw","72":"pa_modes-multiplayer","74":"pa_modes-single-player","76":"pa_pegi-943","77":"pa_pegi-13430","78":"pa_platform-nintendo-switch","80":"pa_player_perspectives-first-person","82":"pa_player_perspectives-third-person","84":"pa_publisher-milestone","86":"pa_rating-773","87":"pa_rating-14441","88":"pa_region-europe","90":"pa_subtitles-de-de","92":"pa_subtitles-en-gb","93":"pa_subtitles-en-us","94":"pa_subtitles-es-es","95":"pa_subtitles-fr-fr","96":"pa_subtitles-it-it","97":"pa_subtitles-ja-jp","98":"pa_subtitles-pt-br","100":"pa_subtitles-zh-cn","101":"pa_subtitles-zh-tw","103":"first","104":"instock","105":"virtual","106":"taxable","107":"purchasable","108":"product-type-simple"},"yoast_head":"<!-- This site is optimized with the Yoast SEO plugin v27.3 - https:\/\/yoast.com\/product\/yoast-seo-wordpress\/ -->\n<title>MotoGP 25 | BeGamer.cz<\/title>\n<meta name=\"robots\" content=\"index, follow, max-snippet:-1, max-image-preview:large, max-video-preview:-1\" \/>\n<link rel=\"canonical\" href=\"https:\/\/begamer.cz\/sk\/produkt\/motogp-25-sk-2\/\" \/>\n<meta property=\"og:locale\" content=\"sk_SK\" \/>\n<meta property=\"og:type\" content=\"article\" \/>\n<meta property=\"og:title\" content=\"MotoGP 25 | BeGamer.cz\" \/>\n<meta property=\"og:description\" content=\"Na\u0161tartujte motory pre sez\u00f3nu 2025! Za\u017eite autentick\u00e9 vzru\u0161enie z MotoGP\u2122 v\u010faka vylep\u0161en\u00e9mu zvukov\u00e9mu dizajnu a vzru\u0161uj\u00facim v\u00fdzvam. Tr\u00e9nujte s nov\u00fdmi discipl\u00ednami v re\u017eime Race Off a vyberte si Arcade alebo Pro Experience pre maxim\u00e1lnu z\u00e1bavu alebo realizmus!\" \/>\n<meta property=\"og:url\" content=\"https:\/\/begamer.cz\/sk\/produkt\/motogp-25-sk-2\/\" \/>\n<meta property=\"og:site_name\" content=\"BeGamer.cz\" \/>\n<meta property=\"article:modified_time\" content=\"2026-03-11T15:36:47+00:00\" \/>\n<meta property=\"og:image\" content=\"https:\/\/begamer.cz\/wp-content\/uploads\/2026\/01\/motogp-25-19.webp\" \/>\n\t<meta property=\"og:image:width\" content=\"300\" \/>\n\t<meta property=\"og:image:height\" content=\"400\" \/>\n\t<meta property=\"og:image:type\" content=\"image\/webp\" \/>\n<meta name=\"twitter:card\" content=\"summary_large_image\" \/>\n<meta name=\"twitter:label1\" content=\"Predpokladan\u00fd \u010das \u010d\u00edtania\" \/>\n\t<meta name=\"twitter:data1\" content=\"2 min\u00faty\" \/>\n<script type=\"application\/ld+json\" class=\"yoast-schema-graph\">{\"@context\":\"https:\\\/\\\/schema.org\",\"@graph\":[{\"@type\":\"WebPage\",\"@id\":\"https:\\\/\\\/begamer.cz\\\/sk\\\/produkt\\\/motogp-25-sk-2\\\/\",\"url\":\"https:\\\/\\\/begamer.cz\\\/sk\\\/produkt\\\/motogp-25-sk-2\\\/\",\"name\":\"MotoGP 25 | BeGamer.cz\",\"isPartOf\":{\"@id\":\"https:\\\/\\\/begamer.cz\\\/sk\\\/#website\"},\"primaryImageOfPage\":{\"@id\":\"https:\\\/\\\/begamer.cz\\\/sk\\\/produkt\\\/motogp-25-sk-2\\\/#primaryimage\"},\"image\":{\"@id\":\"https:\\\/\\\/begamer.cz\\\/sk\\\/produkt\\\/motogp-25-sk-2\\\/#primaryimage\"},\"thumbnailUrl\":\"https:\\\/\\\/begamer.cz\\\/wp-content\\\/uploads\\\/2026\\\/01\\\/motogp-25-19.webp\",\"datePublished\":\"2026-01-30T17:59:13+00:00\",\"dateModified\":\"2026-03-11T15:36:47+00:00\",\"breadcrumb\":{\"@id\":\"https:\\\/\\\/begamer.cz\\\/sk\\\/produkt\\\/motogp-25-sk-2\\\/#breadcrumb\"},\"inLanguage\":\"sk-SK\",\"potentialAction\":[{\"@type\":\"ReadAction\",\"target\":[\"https:\\\/\\\/begamer.cz\\\/sk\\\/produkt\\\/motogp-25-sk-2\\\/\"]}]},{\"@type\":\"ImageObject\",\"inLanguage\":\"sk-SK\",\"@id\":\"https:\\\/\\\/begamer.cz\\\/sk\\\/produkt\\\/motogp-25-sk-2\\\/#primaryimage\",\"url\":\"https:\\\/\\\/begamer.cz\\\/wp-content\\\/uploads\\\/2026\\\/01\\\/motogp-25-19.webp\",\"contentUrl\":\"https:\\\/\\\/begamer.cz\\\/wp-content\\\/uploads\\\/2026\\\/01\\\/motogp-25-19.webp\",\"width\":300,\"height\":400},{\"@type\":\"BreadcrumbList\",\"@id\":\"https:\\\/\\\/begamer.cz\\\/sk\\\/produkt\\\/motogp-25-sk-2\\\/#breadcrumb\",\"itemListElement\":[{\"@type\":\"ListItem\",\"position\":1,\"name\":\"Domov\",\"item\":\"https:\\\/\\\/begamer.cz\\\/sk\\\/\"},{\"@type\":\"ListItem\",\"position\":2,\"name\":\"Obchod\",\"item\":\"https:\\\/\\\/begamer.cz\\\/obchod\\\/\"},{\"@type\":\"ListItem\",\"position\":3,\"name\":\"MotoGP 25\"}]},{\"@type\":\"WebSite\",\"@id\":\"https:\\\/\\\/begamer.cz\\\/sk\\\/#website\",\"url\":\"https:\\\/\\\/begamer.cz\\\/sk\\\/\",\"name\":\"BeGamer.cz\",\"description\":\"\",\"publisher\":{\"@id\":\"https:\\\/\\\/begamer.cz\\\/sk\\\/#organization\"},\"potentialAction\":[{\"@type\":\"SearchAction\",\"target\":{\"@type\":\"EntryPoint\",\"urlTemplate\":\"https:\\\/\\\/begamer.cz\\\/sk\\\/?s={search_term_string}\"},\"query-input\":{\"@type\":\"PropertyValueSpecification\",\"valueRequired\":true,\"valueName\":\"search_term_string\"}}],\"inLanguage\":\"sk-SK\"},{\"@type\":\"Organization\",\"@id\":\"https:\\\/\\\/begamer.cz\\\/sk\\\/#organization\",\"name\":\"BeGamer.cz\",\"url\":\"https:\\\/\\\/begamer.cz\\\/sk\\\/\",\"logo\":{\"@type\":\"ImageObject\",\"inLanguage\":\"sk-SK\",\"@id\":\"https:\\\/\\\/begamer.cz\\\/sk\\\/#\\\/schema\\\/logo\\\/image\\\/\",\"url\":\"https:\\\/\\\/begamer.cz\\\/wp-content\\\/uploads\\\/2025\\\/07\\\/logo.svg\",\"contentUrl\":\"https:\\\/\\\/begamer.cz\\\/wp-content\\\/uploads\\\/2025\\\/07\\\/logo.svg\",\"caption\":\"BeGamer.cz\"},\"image\":{\"@id\":\"https:\\\/\\\/begamer.cz\\\/sk\\\/#\\\/schema\\\/logo\\\/image\\\/\"}}]}<\/script>\n<!-- \/ Yoast SEO plugin. -->","yoast_head_json":{"title":"MotoGP 25 | BeGamer.cz","robots":{"index":"index","follow":"follow","max-snippet":"max-snippet:-1","max-image-preview":"max-image-preview:large","max-video-preview":"max-video-preview:-1"},"canonical":"https:\/\/begamer.cz\/sk\/produkt\/motogp-25-sk-2\/","og_locale":"sk_SK","og_type":"article","og_title":"MotoGP 25 | BeGamer.cz","og_description":"Na\u0161tartujte motory pre sez\u00f3nu 2025! Za\u017eite autentick\u00e9 vzru\u0161enie z MotoGP\u2122 v\u010faka vylep\u0161en\u00e9mu zvukov\u00e9mu dizajnu a vzru\u0161uj\u00facim v\u00fdzvam. Tr\u00e9nujte s nov\u00fdmi discipl\u00ednami v re\u017eime Race Off a vyberte si Arcade alebo Pro Experience pre maxim\u00e1lnu z\u00e1bavu alebo realizmus!","og_url":"https:\/\/begamer.cz\/sk\/produkt\/motogp-25-sk-2\/","og_site_name":"BeGamer.cz","article_modified_time":"2026-03-11T15:36:47+00:00","og_image":[{"width":300,"height":400,"url":"https:\/\/begamer.cz\/wp-content\/uploads\/2026\/01\/motogp-25-19.webp","type":"image\/webp"}],"twitter_card":"summary_large_image","twitter_misc":{"Predpokladan\u00fd \u010das \u010d\u00edtania":"2 min\u00faty"},"schema":{"@context":"https:\/\/schema.org","@graph":[{"@type":"WebPage","@id":"https:\/\/begamer.cz\/sk\/produkt\/motogp-25-sk-2\/","url":"https:\/\/begamer.cz\/sk\/produkt\/motogp-25-sk-2\/","name":"MotoGP 25 | BeGamer.cz","isPartOf":{"@id":"https:\/\/begamer.cz\/sk\/#website"},"primaryImageOfPage":{"@id":"https:\/\/begamer.cz\/sk\/produkt\/motogp-25-sk-2\/#primaryimage"},"image":{"@id":"https:\/\/begamer.cz\/sk\/produkt\/motogp-25-sk-2\/#primaryimage"},"thumbnailUrl":"https:\/\/begamer.cz\/wp-content\/uploads\/2026\/01\/motogp-25-19.webp","datePublished":"2026-01-30T17:59:13+00:00","dateModified":"2026-03-11T15:36:47+00:00","breadcrumb":{"@id":"https:\/\/begamer.cz\/sk\/produkt\/motogp-25-sk-2\/#breadcrumb"},"inLanguage":"sk-SK","potentialAction":[{"@type":"ReadAction","target":["https:\/\/begamer.cz\/sk\/produkt\/motogp-25-sk-2\/"]}]},{"@type":"ImageObject","inLanguage":"sk-SK","@id":"https:\/\/begamer.cz\/sk\/produkt\/motogp-25-sk-2\/#primaryimage","url":"https:\/\/begamer.cz\/wp-content\/uploads\/2026\/01\/motogp-25-19.webp","contentUrl":"https:\/\/begamer.cz\/wp-content\/uploads\/2026\/01\/motogp-25-19.webp","width":300,"height":400},{"@type":"BreadcrumbList","@id":"https:\/\/begamer.cz\/sk\/produkt\/motogp-25-sk-2\/#breadcrumb","itemListElement":[{"@type":"ListItem","position":1,"name":"Domov","item":"https:\/\/begamer.cz\/sk\/"},{"@type":"ListItem","position":2,"name":"Obchod","item":"https:\/\/begamer.cz\/obchod\/"},{"@type":"ListItem","position":3,"name":"MotoGP 25"}]},{"@type":"WebSite","@id":"https:\/\/begamer.cz\/sk\/#website","url":"https:\/\/begamer.cz\/sk\/","name":"BeGamer.cz","description":"","publisher":{"@id":"https:\/\/begamer.cz\/sk\/#organization"},"potentialAction":[{"@type":"SearchAction","target":{"@type":"EntryPoint","urlTemplate":"https:\/\/begamer.cz\/sk\/?s={search_term_string}"},"query-input":{"@type":"PropertyValueSpecification","valueRequired":true,"valueName":"search_term_string"}}],"inLanguage":"sk-SK"},{"@type":"Organization","@id":"https:\/\/begamer.cz\/sk\/#organization","name":"BeGamer.cz","url":"https:\/\/begamer.cz\/sk\/","logo":{"@type":"ImageObject","inLanguage":"sk-SK","@id":"https:\/\/begamer.cz\/sk\/#\/schema\/logo\/image\/","url":"https:\/\/begamer.cz\/wp-content\/uploads\/2025\/07\/logo.svg","contentUrl":"https:\/\/begamer.cz\/wp-content\/uploads\/2025\/07\/logo.svg","caption":"BeGamer.cz"},"image":{"@id":"https:\/\/begamer.cz\/sk\/#\/schema\/logo\/image\/"}}]}},"acf":[],"_links":{"self":[{"href":"https:\/\/begamer.cz\/sk\/wp-json\/wp\/v2\/product\/102365","targetHints":{"allow":["GET"]}}],"collection":[{"href":"https:\/\/begamer.cz\/sk\/wp-json\/wp\/v2\/product"}],"about":[{"href":"https:\/\/begamer.cz\/sk\/wp-json\/wp\/v2\/types\/product"}],"replies":[{"embeddable":true,"href":"https:\/\/begamer.cz\/sk\/wp-json\/wp\/v2\/comments?post=102365"}],"wp:featuredmedia":[{"embeddable":true,"href":"https:\/\/begamer.cz\/sk\/wp-json\/wp\/v2\/media\/41545"}],"wp:attachment":[{"href":"https:\/\/begamer.cz\/sk\/wp-json\/wp\/v2\/media?parent=102365"}],"wp:term":[{"taxonomy":"product_brand","embeddable":true,"href":"https:\/\/begamer.cz\/sk\/wp-json\/wp\/v2\/product_brand?post=102365"},{"taxonomy":"product_cat","embeddable":true,"href":"https:\/\/begamer.cz\/sk\/wp-json\/wp\/v2\/product_cat?post=102365"},{"taxonomy":"product_tag","embeddable":true,"href":"https:\/\/begamer.cz\/sk\/wp-json\/wp\/v2\/product_tag?post=102365"}],"curies":[{"name":"wp","href":"https:\/\/api.w.org\/{rel}","templated":true}]}}