{"id":102290,"date":"2026-01-30T18:57:47","date_gmt":"2026-01-30T17:57:47","guid":{"rendered":"https:\/\/begamer.cz\/produkt\/home-design-3d-sk\/"},"modified":"2026-03-11T16:29:43","modified_gmt":"2026-03-11T15:29:43","slug":"home-design-3d-sk","status":"publish","type":"product","link":"https:\/\/begamer.cz\/sk\/produkt\/home-design-3d-sk\/","title":{"rendered":"Home Design 3D"},"content":{"rendered":"<p>Nov\u00e1 aktualiz\u00e1cia: Objavte vikierov\u00e9 okn\u00e1 a viac ako 600 nov\u00fdch text\u00far.<br \/>Nav\u0161t\u00edvte svoje projekty Home Design 3D vo virtu\u00e1lnej realite prostredn\u00edctvom exportu VR!<\/p>\n<p>S komunitou viac ako 90 mili\u00f3nov pou\u017e\u00edvate\u013eov po celom svete je <i>Home Design 3D<\/i> referen\u010dnou aplik\u00e1ciou pre interi\u00e9rov\u00fd dizajn a dekor\u00e1ciu dom\u00e1cnosti!<br \/>Kreslenie p\u00f4dorysov a navrhovanie v\u00e1\u0161ho domova nikdy nebolo tak r\u00fdchle a intuit\u00edvne!<\/p>\n<p>Postavte si teraz svoj viacposchodov\u00fd dom! Neobmedzen\u00fd po\u010det poschod\u00ed s verziou GOLD PLUS (v z\u00e1vislosti od v\u00e1\u0161ho po\u010d\u00edta\u010da).<\/p>\n<p><span class=\"bb_img_ctn\"><video class=\"bb_img\" autoplay muted loop playsinline poster=\"https:\/\/shared.akamai.steamstatic.com\/store_item_assets\/steam\/apps\/420000\/extras\/edf30cd3ddcf889b54e569333625dac4.poster.avif?t=1674822778\" width=480 height=360 ><source src=\"https:\/\/shared.akamai.steamstatic.com\/store_item_assets\/steam\/apps\/420000\/extras\/edf30cd3ddcf889b54e569333625dac4.webm?t=1674822778\" type=\"video\/webm; codecs=vp9\"><source src=\"https:\/\/shared.akamai.steamstatic.com\/store_item_assets\/steam\/apps\/420000\/extras\/edf30cd3ddcf889b54e569333625dac4.mp4?t=1674822778\" type=\"video\/mp4\"><\/video><\/span><\/p>\n<p><u>Ako to funguje?<\/u><\/p>\n<p><strong>1. NAKRESLITE P\u00d4DORYSY<\/strong><\/p>\n<ul class=\"bb_ul\">\n<li> V 2D a 3D nakreslite svoj dom, izby a deliace steny<\/li>\n<li> Zme\u0148te v\u00fd\u0161ku alebo hr\u00fabku stien<\/li>\n<li> Pridajte dvere, okn\u00e1 alebo otvory s plne prisp\u00f4sobite\u013en\u00fdmi stol\u00e1rskymi prvkami <\/li>\n<\/ul>\n<p><strong>2. ZARIADITE A VYZDOBTE INTERI\u00c9R A EXTERI\u00c9R<\/strong><\/p>\n<ul class=\"bb_ul\">\n<li> Vyberte si z neust\u00e1le sa roz\u0161iruj\u00facej kolekcie n\u00e1bytku s tis\u00edckami polo\u017eiek a text\u00far, prisp\u00f4sobte si dekor svojho domu a vyjadrite svoj \u0161t\u00fdl<\/li>\n<li> Upravujte ak\u00fdko\u013evek objekt zmenou jeho ve\u013ekosti, farby, polohy a v\u00fd\u0161ky na sten\u00e1ch<\/li>\n<li> Duplikujte polo\u017eky pomocou funkcie kop\u00edrovania\/vkladania<\/li>\n<li> Kedyko\u013evek m\u00f4\u017eete pou\u017ei\u0165 funkciu vr\u00e1tenia\/opakovania<\/li>\n<li> Pomocou kvapkadla n\u00e1jdite existuj\u00facu text\u00faru v pl\u00e1ne<\/li>\n<li> Importujte svoje vlastn\u00e9 obr\u00e1zky ako text\u00fary a pou\u017eite ich kdeko\u013evek<\/li>\n<\/ul>\n<p><strong>3. VIZUALIZUJTE A NAV\u0160T\u00cdVTE V 3D<\/strong><\/p>\n<ul class=\"bb_ul\">\n<li> Nav\u0161t\u00edvte svoj projekt v re\u00e1lnom \u010dase v 3D, ako keby ste tam boli<\/li>\n<li> Objavte svoj dom, exteri\u00e9r a dokonca aj svoje okolie<\/li>\n<li> Obdivujte v\u00fdsledok vo dne aj v noci a pou\u017eite funkciu kompasu, aby ste vedeli, kde bude dopada\u0165 svetlo v r\u00f4znych \u010dasoch d\u0148a<\/li>\n<\/ul>\n<p><strong>4. IMPORT\/EXPORT A ZDIE\u013dANIE<\/strong><\/p>\n<ul class=\"bb_ul\">\n<li> Importujte pl\u00e1ny a zobrazte ich ako vrstvu vo va\u0161om projekte<\/li>\n<li> Zdie\u013eajte svoje projekty prostredn\u00edctvom e-mailu, Dropboxu, OneDrive&#8230;<\/li>\n<li> Exportujte a pokra\u010dujte v pr\u00e1ci na smartf\u00f3ne alebo tablete v\u010faka kompatibilite medzi platformami<\/li>\n<li> Komunitn\u00e1 gal\u00e9ria: objavte tis\u00edce projektov vytvoren\u00fdch na\u0161imi pou\u017e\u00edvate\u013emi, stiahnite si svoje ob\u013e\u00faben\u00e9 alebo nahrajte svoje vlastn\u00e9! Prehliadajte gal\u00e9riu v aplik\u00e1cii alebo na <\/li>\n<\/ul>\n<p><strong>Funkcia<\/strong> lok\u00e1lneho <strong>automatick\u00e9ho<\/strong><br \/><strong>ukladania<\/strong> Nie je potrebn\u00e9 pripojenie k<br \/>internetu <strong>K dispoz\u00edcii s\u00fa<\/strong><br \/><strong>ilustrovan\u00e9 + video tutori\u00e1ly<\/strong> Aj na YouTube<\/p>\n<p><u>Pridajte sa k komunite Home Design 3D!<\/u><br \/>Pridajte sa k n\u00e1m na Facebooku<br \/>Sledujte n\u00e1s na Twitteri<br \/>Sledujte n\u00e1s na Instagrame<\/p>\n","protected":false},"excerpt":{"rendered":"<p>Home Design 3D je referen\u010dn\u00e1 aplik\u00e1cia pre interi\u00e9rov\u00fd dizajn a dekor\u00e1ciu interi\u00e9rov, ktor\u00e1 v\u00e1m umo\u017e\u0148uje kresli\u0165, vytv\u00e1ra\u0165 a vizualizova\u0165 va\u0161e p\u00f4dorysy a n\u00e1pady pre dom. Navrhujte svoje vysn\u00edvan\u00e9 projekty jednoducho a \u013eahko, v 2D a\/alebo 3D. Z\u00edskajte dobr\u00fa predstavu o svojom bud\u00facom dome alebo sa jednoducho zabavte!<\/p>\n","protected":false},"featured_media":85786,"comment_status":"open","ping_status":"closed","template":"","meta":{"_acf_changed":false},"product_brand":[],"product_cat":[268,266,314,312],"product_tag":[],"class_list":{"0":"post-102290","1":"product","2":"type-product","3":"status-publish","4":"has-post-thumbnail","6":"product_cat-pc-sk","7":"product_cat-pc-hry-sk","8":"product_cat-simulatory-pc-hry-sk","9":"product_cat-steam-pc-sk","10":"pa_countries-ad","11":"pa_countries-ae","12":"pa_countries-af","13":"pa_countries-ag","14":"pa_countries-ai","15":"pa_countries-al","16":"pa_countries-am","17":"pa_countries-ao","18":"pa_countries-aq","19":"pa_countries-ar","20":"pa_countries-as","21":"pa_countries-at","22":"pa_countries-au","23":"pa_countries-aw","24":"pa_countries-ax","25":"pa_countries-az","26":"pa_countries-ba","27":"pa_countries-bb","28":"pa_countries-bd","29":"pa_countries-be","30":"pa_countries-bf","31":"pa_countries-bg","32":"pa_countries-bh","33":"pa_countries-bi","34":"pa_countries-bj","35":"pa_countries-bl","36":"pa_countries-bm","37":"pa_countries-bn","38":"pa_countries-bo","39":"pa_countries-bq","40":"pa_countries-br","41":"pa_countries-bs","42":"pa_countries-bt","43":"pa_countries-bv","44":"pa_countries-bw","45":"pa_countries-bz","46":"pa_countries-ca","47":"pa_countries-cc","48":"pa_countries-cd","49":"pa_countries-cf","50":"pa_countries-cg","51":"pa_countries-ch","52":"pa_countries-ci","53":"pa_countries-ck","54":"pa_countries-cl","55":"pa_countries-cm","56":"pa_countries-cn","57":"pa_countries-co","58":"pa_countries-cr","59":"pa_countries-cu","60":"pa_countries-cv","61":"pa_countries-cw","62":"pa_countries-cx","63":"pa_countries-cy","64":"pa_countries-cz","65":"pa_countries-de","66":"pa_countries-dj","67":"pa_countries-dk","68":"pa_countries-dm","69":"pa_countries-do","70":"pa_countries-dz","71":"pa_countries-ec","72":"pa_countries-ee","73":"pa_countries-eg","74":"pa_countries-eh","75":"pa_countries-er","76":"pa_countries-es","77":"pa_countries-et","78":"pa_countries-fi","79":"pa_countries-fj","80":"pa_countries-fk","81":"pa_countries-fm","82":"pa_countries-fo","83":"pa_countries-fr","84":"pa_countries-ga","85":"pa_countries-gb","86":"pa_countries-gd","87":"pa_countries-ge","88":"pa_countries-gf","89":"pa_countries-gg","90":"pa_countries-gh","91":"pa_countries-gi","92":"pa_countries-gl","93":"pa_countries-gm","94":"pa_countries-gn","95":"pa_countries-gp","96":"pa_countries-gq","97":"pa_countries-gr","98":"pa_countries-gs","99":"pa_countries-gt","100":"pa_countries-gu","101":"pa_countries-gw","102":"pa_countries-gy","103":"pa_countries-hk","104":"pa_countries-hm","105":"pa_countries-hn","106":"pa_countries-hr","107":"pa_countries-ht","108":"pa_countries-hu","109":"pa_countries-id","110":"pa_countries-ie","111":"pa_countries-il","112":"pa_countries-im","113":"pa_countries-in","114":"pa_countries-io","115":"pa_countries-iq","116":"pa_countries-ir","117":"pa_countries-is","118":"pa_countries-it","119":"pa_countries-je","120":"pa_countries-jm","121":"pa_countries-jo","122":"pa_countries-jp","123":"pa_countries-ke","124":"pa_countries-kg","125":"pa_countries-kh","126":"pa_countries-ki","127":"pa_countries-km","128":"pa_countries-kn","129":"pa_countries-kp","130":"pa_countries-kr","131":"pa_countries-kw","132":"pa_countries-ky","133":"pa_countries-kz","134":"pa_countries-la","135":"pa_countries-lb","136":"pa_countries-lc","137":"pa_countries-li","138":"pa_countries-lk","139":"pa_countries-lr","140":"pa_countries-ls","141":"pa_countries-lt","142":"pa_countries-lu","143":"pa_countries-lv","144":"pa_countries-ly","145":"pa_countries-ma","146":"pa_countries-mc","147":"pa_countries-md","148":"pa_countries-me","149":"pa_countries-mf","150":"pa_countries-mg","151":"pa_countries-mh","152":"pa_countries-mk","153":"pa_countries-ml","154":"pa_countries-mm","155":"pa_countries-mn","156":"pa_countries-mo","157":"pa_countries-mp","158":"pa_countries-mq","159":"pa_countries-mr","160":"pa_countries-ms","161":"pa_countries-mt","162":"pa_countries-mu","163":"pa_countries-mv","164":"pa_countries-mw","165":"pa_countries-mx","166":"pa_countries-my","167":"pa_countries-mz","168":"pa_countries-na","169":"pa_countries-nc","170":"pa_countries-ne","171":"pa_countries-nf","172":"pa_countries-ng","173":"pa_countries-ni","174":"pa_countries-nl","175":"pa_countries-no","176":"pa_countries-np","177":"pa_countries-nr","178":"pa_countries-nu","179":"pa_countries-nz","180":"pa_countries-om","181":"pa_countries-pa","182":"pa_countries-pe","183":"pa_countries-pf","184":"pa_countries-pg","185":"pa_countries-ph","186":"pa_countries-pk","187":"pa_countries-pl","188":"pa_countries-pm","189":"pa_countries-pn","190":"pa_countries-pr","191":"pa_countries-ps","192":"pa_countries-pt","193":"pa_countries-pw","194":"pa_countries-py","195":"pa_countries-qa","196":"pa_countries-re","197":"pa_countries-ro","198":"pa_countries-rs","199":"pa_countries-rw","200":"pa_countries-sa","201":"pa_countries-sb","202":"pa_countries-sc","203":"pa_countries-sd","204":"pa_countries-se","205":"pa_countries-sg","206":"pa_countries-sh","207":"pa_countries-si","208":"pa_countries-sj","209":"pa_countries-sk","210":"pa_countries-sl","211":"pa_countries-sm","212":"pa_countries-sn","213":"pa_countries-so","214":"pa_countries-sr","215":"pa_countries-ss","217":"pa_countries-st","218":"pa_countries-sv","219":"pa_countries-sx","220":"pa_countries-sy","221":"pa_countries-sz","222":"pa_countries-tc","223":"pa_countries-td","224":"pa_countries-tf","225":"pa_countries-tg","226":"pa_countries-th","227":"pa_countries-tj","228":"pa_countries-tk","229":"pa_countries-tl","230":"pa_countries-tm","231":"pa_countries-tn","232":"pa_countries-to","233":"pa_countries-tr","234":"pa_countries-tt","235":"pa_countries-tv","236":"pa_countries-tw","237":"pa_countries-tz","238":"pa_countries-ua","239":"pa_countries-ug","240":"pa_countries-um","241":"pa_countries-us","242":"pa_countries-uy","243":"pa_countries-uz","244":"pa_countries-va","245":"pa_countries-vc","246":"pa_countries-ve","247":"pa_countries-vg","248":"pa_countries-vi","249":"pa_countries-vn","250":"pa_countries-vu","251":"pa_countries-wf","252":"pa_countries-ws","253":"pa_countries-xk","254":"pa_countries-ye","255":"pa_countries-yt","256":"pa_countries-za","257":"pa_countries-zm","258":"pa_countries-zw","259":"pa_game_type-main_game","261":"pa_genres-simulator","263":"pa_interface-de-de","264":"pa_interface-en-us","265":"pa_interface-es-es","266":"pa_interface-fi-fi","267":"pa_interface-fr-fr","268":"pa_interface-it-it","269":"pa_interface-ja-jp","270":"pa_interface-ko-kr","271":"pa_interface-nb-no","273":"pa_interface-nl-nl","274":"pa_interface-pt-pt","275":"pa_interface-ru-ru","276":"pa_interface-sv-se","277":"pa_interface-tr-tr","278":"pa_interface-zh-cn","279":"pa_interface-zh-tw","280":"pa_modes-single-player","282":"pa_platform-pc-steam","284":"pa_publisher-anuman-interactive","286":"pa_rating-14441","287":"pa_rating-773","288":"pa_region-global","291":"first","292":"instock","293":"virtual","294":"taxable","295":"purchasable","296":"product-type-simple"},"yoast_head":"<!-- This site is optimized with the Yoast SEO plugin v27.4 - https:\/\/yoast.com\/product\/yoast-seo-wordpress\/ -->\n<title>Home Design 3D | BeGamer.cz<\/title>\n<meta name=\"robots\" content=\"index, follow, max-snippet:-1, max-image-preview:large, max-video-preview:-1\" \/>\n<link rel=\"canonical\" href=\"https:\/\/begamer.cz\/sk\/produkt\/home-design-3d-sk\/\" \/>\n<meta property=\"og:locale\" content=\"sk_SK\" \/>\n<meta property=\"og:type\" content=\"article\" \/>\n<meta property=\"og:title\" content=\"Home Design 3D | BeGamer.cz\" \/>\n<meta property=\"og:description\" content=\"Home Design 3D je referen\u010dn\u00e1 aplik\u00e1cia pre interi\u00e9rov\u00fd dizajn a dekor\u00e1ciu interi\u00e9rov, ktor\u00e1 v\u00e1m umo\u017e\u0148uje kresli\u0165, vytv\u00e1ra\u0165 a vizualizova\u0165 va\u0161e p\u00f4dorysy a n\u00e1pady pre dom. Navrhujte svoje vysn\u00edvan\u00e9 projekty jednoducho a \u013eahko, v 2D a\/alebo 3D. Z\u00edskajte dobr\u00fa predstavu o svojom bud\u00facom dome alebo sa jednoducho zabavte!\" \/>\n<meta property=\"og:url\" content=\"https:\/\/begamer.cz\/sk\/produkt\/home-design-3d-sk\/\" \/>\n<meta property=\"og:site_name\" content=\"BeGamer.cz\" \/>\n<meta property=\"article:modified_time\" content=\"2026-03-11T15:29:43+00:00\" \/>\n<meta property=\"og:image\" content=\"https:\/\/begamer.cz\/wp-content\/uploads\/2026\/01\/home-design-3d-5.webp\" \/>\n\t<meta property=\"og:image:width\" content=\"300\" \/>\n\t<meta property=\"og:image:height\" content=\"400\" \/>\n\t<meta property=\"og:image:type\" content=\"image\/webp\" \/>\n<meta name=\"twitter:card\" content=\"summary_large_image\" \/>\n<meta name=\"twitter:label1\" content=\"Predpokladan\u00fd \u010das \u010d\u00edtania\" \/>\n\t<meta name=\"twitter:data1\" content=\"2 min\u00faty\" \/>\n<script type=\"application\/ld+json\" class=\"yoast-schema-graph\">{\"@context\":\"https:\\\/\\\/schema.org\",\"@graph\":[{\"@type\":\"WebPage\",\"@id\":\"https:\\\/\\\/begamer.cz\\\/sk\\\/produkt\\\/home-design-3d-sk\\\/\",\"url\":\"https:\\\/\\\/begamer.cz\\\/sk\\\/produkt\\\/home-design-3d-sk\\\/\",\"name\":\"Home Design 3D | BeGamer.cz\",\"isPartOf\":{\"@id\":\"https:\\\/\\\/begamer.cz\\\/sk\\\/#website\"},\"primaryImageOfPage\":{\"@id\":\"https:\\\/\\\/begamer.cz\\\/sk\\\/produkt\\\/home-design-3d-sk\\\/#primaryimage\"},\"image\":{\"@id\":\"https:\\\/\\\/begamer.cz\\\/sk\\\/produkt\\\/home-design-3d-sk\\\/#primaryimage\"},\"thumbnailUrl\":\"https:\\\/\\\/begamer.cz\\\/wp-content\\\/uploads\\\/2026\\\/01\\\/home-design-3d-5.webp\",\"datePublished\":\"2026-01-30T17:57:47+00:00\",\"dateModified\":\"2026-03-11T15:29:43+00:00\",\"breadcrumb\":{\"@id\":\"https:\\\/\\\/begamer.cz\\\/sk\\\/produkt\\\/home-design-3d-sk\\\/#breadcrumb\"},\"inLanguage\":\"sk-SK\",\"potentialAction\":[{\"@type\":\"ReadAction\",\"target\":[\"https:\\\/\\\/begamer.cz\\\/sk\\\/produkt\\\/home-design-3d-sk\\\/\"]}]},{\"@type\":\"ImageObject\",\"inLanguage\":\"sk-SK\",\"@id\":\"https:\\\/\\\/begamer.cz\\\/sk\\\/produkt\\\/home-design-3d-sk\\\/#primaryimage\",\"url\":\"https:\\\/\\\/begamer.cz\\\/wp-content\\\/uploads\\\/2026\\\/01\\\/home-design-3d-5.webp\",\"contentUrl\":\"https:\\\/\\\/begamer.cz\\\/wp-content\\\/uploads\\\/2026\\\/01\\\/home-design-3d-5.webp\",\"width\":300,\"height\":400},{\"@type\":\"BreadcrumbList\",\"@id\":\"https:\\\/\\\/begamer.cz\\\/sk\\\/produkt\\\/home-design-3d-sk\\\/#breadcrumb\",\"itemListElement\":[{\"@type\":\"ListItem\",\"position\":1,\"name\":\"Domov\",\"item\":\"https:\\\/\\\/begamer.cz\\\/sk\\\/\"},{\"@type\":\"ListItem\",\"position\":2,\"name\":\"Obchod\",\"item\":\"https:\\\/\\\/begamer.cz\\\/obchod\\\/\"},{\"@type\":\"ListItem\",\"position\":3,\"name\":\"Home Design 3D\"}]},{\"@type\":\"WebSite\",\"@id\":\"https:\\\/\\\/begamer.cz\\\/sk\\\/#website\",\"url\":\"https:\\\/\\\/begamer.cz\\\/sk\\\/\",\"name\":\"BeGamer.cz\",\"description\":\"\",\"publisher\":{\"@id\":\"https:\\\/\\\/begamer.cz\\\/sk\\\/#organization\"},\"potentialAction\":[{\"@type\":\"SearchAction\",\"target\":{\"@type\":\"EntryPoint\",\"urlTemplate\":\"https:\\\/\\\/begamer.cz\\\/sk\\\/?s={search_term_string}\"},\"query-input\":{\"@type\":\"PropertyValueSpecification\",\"valueRequired\":true,\"valueName\":\"search_term_string\"}}],\"inLanguage\":\"sk-SK\"},{\"@type\":\"Organization\",\"@id\":\"https:\\\/\\\/begamer.cz\\\/sk\\\/#organization\",\"name\":\"BeGamer.cz\",\"url\":\"https:\\\/\\\/begamer.cz\\\/sk\\\/\",\"logo\":{\"@type\":\"ImageObject\",\"inLanguage\":\"sk-SK\",\"@id\":\"https:\\\/\\\/begamer.cz\\\/sk\\\/#\\\/schema\\\/logo\\\/image\\\/\",\"url\":\"https:\\\/\\\/begamer.cz\\\/wp-content\\\/uploads\\\/2025\\\/07\\\/logo.svg\",\"contentUrl\":\"https:\\\/\\\/begamer.cz\\\/wp-content\\\/uploads\\\/2025\\\/07\\\/logo.svg\",\"caption\":\"BeGamer.cz\"},\"image\":{\"@id\":\"https:\\\/\\\/begamer.cz\\\/sk\\\/#\\\/schema\\\/logo\\\/image\\\/\"}}]}<\/script>\n<!-- \/ Yoast SEO plugin. -->","yoast_head_json":{"title":"Home Design 3D | BeGamer.cz","robots":{"index":"index","follow":"follow","max-snippet":"max-snippet:-1","max-image-preview":"max-image-preview:large","max-video-preview":"max-video-preview:-1"},"canonical":"https:\/\/begamer.cz\/sk\/produkt\/home-design-3d-sk\/","og_locale":"sk_SK","og_type":"article","og_title":"Home Design 3D | BeGamer.cz","og_description":"Home Design 3D je referen\u010dn\u00e1 aplik\u00e1cia pre interi\u00e9rov\u00fd dizajn a dekor\u00e1ciu interi\u00e9rov, ktor\u00e1 v\u00e1m umo\u017e\u0148uje kresli\u0165, vytv\u00e1ra\u0165 a vizualizova\u0165 va\u0161e p\u00f4dorysy a n\u00e1pady pre dom. Navrhujte svoje vysn\u00edvan\u00e9 projekty jednoducho a \u013eahko, v 2D a\/alebo 3D. Z\u00edskajte dobr\u00fa predstavu o svojom bud\u00facom dome alebo sa jednoducho zabavte!","og_url":"https:\/\/begamer.cz\/sk\/produkt\/home-design-3d-sk\/","og_site_name":"BeGamer.cz","article_modified_time":"2026-03-11T15:29:43+00:00","og_image":[{"width":300,"height":400,"url":"https:\/\/begamer.cz\/wp-content\/uploads\/2026\/01\/home-design-3d-5.webp","type":"image\/webp"}],"twitter_card":"summary_large_image","twitter_misc":{"Predpokladan\u00fd \u010das \u010d\u00edtania":"2 min\u00faty"},"schema":{"@context":"https:\/\/schema.org","@graph":[{"@type":"WebPage","@id":"https:\/\/begamer.cz\/sk\/produkt\/home-design-3d-sk\/","url":"https:\/\/begamer.cz\/sk\/produkt\/home-design-3d-sk\/","name":"Home Design 3D | BeGamer.cz","isPartOf":{"@id":"https:\/\/begamer.cz\/sk\/#website"},"primaryImageOfPage":{"@id":"https:\/\/begamer.cz\/sk\/produkt\/home-design-3d-sk\/#primaryimage"},"image":{"@id":"https:\/\/begamer.cz\/sk\/produkt\/home-design-3d-sk\/#primaryimage"},"thumbnailUrl":"https:\/\/begamer.cz\/wp-content\/uploads\/2026\/01\/home-design-3d-5.webp","datePublished":"2026-01-30T17:57:47+00:00","dateModified":"2026-03-11T15:29:43+00:00","breadcrumb":{"@id":"https:\/\/begamer.cz\/sk\/produkt\/home-design-3d-sk\/#breadcrumb"},"inLanguage":"sk-SK","potentialAction":[{"@type":"ReadAction","target":["https:\/\/begamer.cz\/sk\/produkt\/home-design-3d-sk\/"]}]},{"@type":"ImageObject","inLanguage":"sk-SK","@id":"https:\/\/begamer.cz\/sk\/produkt\/home-design-3d-sk\/#primaryimage","url":"https:\/\/begamer.cz\/wp-content\/uploads\/2026\/01\/home-design-3d-5.webp","contentUrl":"https:\/\/begamer.cz\/wp-content\/uploads\/2026\/01\/home-design-3d-5.webp","width":300,"height":400},{"@type":"BreadcrumbList","@id":"https:\/\/begamer.cz\/sk\/produkt\/home-design-3d-sk\/#breadcrumb","itemListElement":[{"@type":"ListItem","position":1,"name":"Domov","item":"https:\/\/begamer.cz\/sk\/"},{"@type":"ListItem","position":2,"name":"Obchod","item":"https:\/\/begamer.cz\/obchod\/"},{"@type":"ListItem","position":3,"name":"Home Design 3D"}]},{"@type":"WebSite","@id":"https:\/\/begamer.cz\/sk\/#website","url":"https:\/\/begamer.cz\/sk\/","name":"BeGamer.cz","description":"","publisher":{"@id":"https:\/\/begamer.cz\/sk\/#organization"},"potentialAction":[{"@type":"SearchAction","target":{"@type":"EntryPoint","urlTemplate":"https:\/\/begamer.cz\/sk\/?s={search_term_string}"},"query-input":{"@type":"PropertyValueSpecification","valueRequired":true,"valueName":"search_term_string"}}],"inLanguage":"sk-SK"},{"@type":"Organization","@id":"https:\/\/begamer.cz\/sk\/#organization","name":"BeGamer.cz","url":"https:\/\/begamer.cz\/sk\/","logo":{"@type":"ImageObject","inLanguage":"sk-SK","@id":"https:\/\/begamer.cz\/sk\/#\/schema\/logo\/image\/","url":"https:\/\/begamer.cz\/wp-content\/uploads\/2025\/07\/logo.svg","contentUrl":"https:\/\/begamer.cz\/wp-content\/uploads\/2025\/07\/logo.svg","caption":"BeGamer.cz"},"image":{"@id":"https:\/\/begamer.cz\/sk\/#\/schema\/logo\/image\/"}}]}},"acf":[],"_links":{"self":[{"href":"https:\/\/begamer.cz\/sk\/wp-json\/wp\/v2\/product\/102290","targetHints":{"allow":["GET"]}}],"collection":[{"href":"https:\/\/begamer.cz\/sk\/wp-json\/wp\/v2\/product"}],"about":[{"href":"https:\/\/begamer.cz\/sk\/wp-json\/wp\/v2\/types\/product"}],"replies":[{"embeddable":true,"href":"https:\/\/begamer.cz\/sk\/wp-json\/wp\/v2\/comments?post=102290"}],"wp:featuredmedia":[{"embeddable":true,"href":"https:\/\/begamer.cz\/sk\/wp-json\/wp\/v2\/media\/85786"}],"wp:attachment":[{"href":"https:\/\/begamer.cz\/sk\/wp-json\/wp\/v2\/media?parent=102290"}],"wp:term":[{"taxonomy":"product_brand","embeddable":true,"href":"https:\/\/begamer.cz\/sk\/wp-json\/wp\/v2\/product_brand?post=102290"},{"taxonomy":"product_cat","embeddable":true,"href":"https:\/\/begamer.cz\/sk\/wp-json\/wp\/v2\/product_cat?post=102290"},{"taxonomy":"product_tag","embeddable":true,"href":"https:\/\/begamer.cz\/sk\/wp-json\/wp\/v2\/product_tag?post=102290"}],"curies":[{"name":"wp","href":"https:\/\/api.w.org\/{rel}","templated":true}]}}