{"id":102278,"date":"2026-01-30T18:57:34","date_gmt":"2026-01-30T17:57:34","guid":{"rendered":"https:\/\/begamer.cz\/produkt\/ninja-gaiden-master-collection-sk\/"},"modified":"2026-03-11T16:29:16","modified_gmt":"2026-03-11T15:29:16","slug":"ninja-gaiden-master-collection-sk","status":"publish","type":"product","link":"https:\/\/begamer.cz\/sk\/produkt\/ninja-gaiden-master-collection-sk\/","title":{"rendered":"Ninja Gaiden: Master Collection"},"content":{"rendered":"<h1>O hre<\/h1>\n<p>Pozn\u00e1mka: Tento produkt je s\u00fa\u010das\u0165ou bal\u00edkov \u201eNINJA GAIDEN: Master Collection\u201c a \u201eNINJA GAIDEN: Master Collection Deluxe Edition\u201c. Nie je mo\u017en\u00e9 ho zak\u00fapi\u0165 samostatne.<br \/>Pozn\u00e1mka: Viac inform\u00e1ci\u00ed o obsahu n\u00e1jdete na ofici\u00e1lnej webovej str\u00e1nke.<\/p>\n<p><span class=\"bb_img_ctn\"><video class=\"bb_img\" autoplay muted loop playsinline poster=\"https:\/\/shared.akamai.steamstatic.com\/store_item_assets\/steam\/apps\/1580780\/extras\/ceca3acee3ad6486eaf94a514e85018f.poster.avif?t=1760595484\" width=616 height=300 ><source src=\"https:\/\/shared.akamai.steamstatic.com\/store_item_assets\/steam\/apps\/1580780\/extras\/ceca3acee3ad6486eaf94a514e85018f.webm?t=1760595484\" type=\"video\/webm; codecs=vp9\"><source src=\"https:\/\/shared.akamai.steamstatic.com\/store_item_assets\/steam\/apps\/1580780\/extras\/ceca3acee3ad6486eaf94a514e85018f.mp4?t=1760595484\" type=\"video\/mp4\"><\/video><\/span><\/p>\n<h2 class=\"bb_tag\" >[O hre NINJA GAIDEN: Master Collection]<\/h2>\n<p>Vychutnajte si 3 hry zo s\u00e9rie NINJA GAIDEN v jednom titule.<\/p>\n<p>Ka\u017ed\u00fd titul je st\u00e1le rovnako z\u00e1bavn\u00fd, ako si ho pam\u00e4t\u00e1te, a pon\u00faka rovnak\u00fa r\u00fdchlu akciu ako p\u00f4vodn\u00e9 vydania.<br \/>Te\u0161te sa na nap\u00ednav\u00e9 s\u00faboje s desiv\u00fdmi protivn\u00edkmi!<\/p>\n<p><span class=\"bb_img_ctn\"><img decoding=\"async\" class=\"bb_img\" src=\"https:\/\/shared.akamai.steamstatic.com\/store_item_assets\/steam\/apps\/1580780\/extras\/c5dbce57c52f3555a7601b22f0207d82.avif?t=1760595484\" width=616 height=250 \/><\/span><\/p>\n<p>Okrem Ryu Hayabusa s\u00fa hrate\u013en\u00e9 aj \u010fal\u0161ie 4 postavy: Ayane, Rachel, Momiji a Kasumi. M\u00f4\u017eete vytvori\u0165 tag t\u00edm so svojimi ob\u013e\u00faben\u00fdmi postavami a po\u010das bitiek vo\u013ene strieda\u0165 hrate\u013en\u00e9 postavy.<br \/>\u203bHrdinky zahrnut\u00e9 v tomto titule s\u00fa rovnak\u00e9 ako v p\u00f4vodn\u00fdch verzi\u00e1ch. Okrem toho sa hrate\u013en\u00e9 postavy a sc\u00e9ny (re\u017eimy) l\u00ed\u0161ia pre ka\u017ed\u00fd titul.<\/p>\n<p>V\u0161etky predt\u00fdm vydan\u00e9 hern\u00e9 re\u017eimy a kost\u00fdmy DLC pre ka\u017ed\u00fd titul s\u00fa zahrnut\u00e9 v tejto jednej sade. Okrem Ryu Hayabusa m\u00e1 ka\u017ed\u00e1 z ostatn\u00fdch post\u00e1v na v\u00fdber mnoho r\u00f4znych kost\u00fdmov, v\u010faka \u010domu si m\u00f4\u017eete u\u017ei\u0165 ak\u010dn\u00e9 bitky v akomko\u013evek oble\u010den\u00ed, ktor\u00e9 preferujete.<\/p>\n<p>\u25a0Zahrnut\u00e9 tituly<br \/>  NINJA GAIDEN \u03a3<br \/>  NINJA GAIDEN \u03a32<br \/>  NINJA GAIDEN 3: Razor&#x27;s<\/p>\n<p>Edge\u203bOnline multiplayer nie je k dispoz\u00edcii pre \u201eTAG MISSIONS\u201c v NINJA GAIDEN \u03a32.<br \/>\u203b\u201eShadow of the world\u201c \u201eClan battle\u201c pre NINJA GAIDEN 3 Razer&#x27;s Edge nie je zahrnut\u00e9.<br \/>\u3000Online multiplayer nie je k dispoz\u00edcii pre \u201eninja trials\u201c.<br \/>\u203b\u201eNINJA GAIDEN \u03a32\u201c a \u201eNINJA GAIDEN 3: Razor&#x27;s Edge\u201c s\u00fa k dispoz\u00edcii aj v tradi\u010dnej \u010d\u00edn\u0161tine.<\/p>\n<p><span class=\"bb_img_ctn\"><img decoding=\"async\" class=\"bb_img\" src=\"https:\/\/shared.akamai.steamstatic.com\/store_item_assets\/steam\/apps\/1580780\/extras\/ad95b414f12f7fcb34611e4096c3f863.avif?t=1760595484\" width=616 height=200 \/><\/span><\/p>\n<h2 class=\"bb_tag\" >[O NINJA GAIDEN \u03a3]<\/h2>\n<p>Okrem toho, \u017ee m\u00f4\u017eete predv\u00e1dza\u0165 bezkonkuren\u010dn\u00e9 ohromuj\u00face techniky s \u201eRyu Hayabusom\u201c, mlad\u00fdm ninjom, ktor\u00fd zdedil ninja umenie \u0161t\u00fdlu Hayabusa, s kr\u00e1snymi \u00farov\u0148ami v z\u00e1padnom Japonsku zdoben\u00fdmi mot\u00edvmi duchovn\u00e9ho sveta a \u010fal\u0161\u00edmi prvkami, hra je pln\u00e1 funkci\u00ed, ktor\u00e9 s\u00fa povinnos\u0165ou pre ka\u017ed\u00e9ho fan\u00fa\u0161ika ak\u010dn\u00fdch hier.<\/p>\n<p>\u25a0Epick\u00fd pr\u00edbeh si m\u00f4\u017eete \u013eahko vychutna\u0165 v re\u017eime \u201eHero Mode\u201c<br \/>Ke\u010f zvol\u00edte nastavenie obtia\u017enosti \u201eHero Mode\u201c, re\u017eim Hero Mode sa spust\u00ed, ke\u010f va\u0161e zdravie klesne na n\u00edzku \u00farove\u0148. V re\u017eime Hero Mode sa budete automaticky br\u00e1ni\u0165 a vyh\u00fdba\u0165 sa \u00fatokom a m\u00f4\u017eete pou\u017e\u00edva\u0165 ninpo, ko\u013eko chcete. Aj pr\u00edle\u017eitostn\u00ed hr\u00e1\u010di ak\u010dn\u00fdch hier bud\u00fa m\u00f4c\u0165 za\u017ei\u0165 hrdinsk\u00e9 vzru\u0161enie z \u00faniku z nebezpe\u010denstva, obr\u00e1tenia situ\u00e1cie vo svoj prospech a postupu v hre. Samozrejme, s\u00fa k dispoz\u00edcii aj re\u017eimy obtia\u017enosti, ktor\u00e9 uspokoja aj n\u00e1ro\u010dn\u00fdch hr\u00e1\u010dov.<\/p>\n<p><span class=\"bb_img_ctn\"><img decoding=\"async\" class=\"bb_img\" src=\"https:\/\/shared.akamai.steamstatic.com\/store_item_assets\/steam\/apps\/1580780\/extras\/c3b5615510779abb8c0775fddc3a83bc.avif?t=1760595484\" width=616 height=200 \/><\/span><\/p>\n<h2 class=\"bb_tag\" >[O hre NINJA GAIDEN \u03a32]<\/h2>\n<p>Sta\u0148te sa Ryu Hayabusom, ninjom, ktor\u00fd zdedil legend\u00e1rny me\u010d \u201eDragon Sword\u201c, a op\u00e4\u0165 za\u017eite r\u00fdchlu ninja akciu, v ktorej \u010del\u00edte bitk\u00e1m po celom svete. Hra je tie\u017e nabit\u00e1 \u010fal\u0161\u00edmi funkciami, ako je \u201eHero Mode\u201c, re\u017eim, v ktorom sa hr\u00e1\u010d automaticky br\u00e1ni, ke\u010f je v ohrozen\u00ed.<\/p>\n<p>\u25a0V \u201eNINJA RACE\u201c z\u00e1vis\u00ed \u017eivot alebo smr\u0165 od r\u00fdchlosti<br \/>&quot;NINJA RACE\u201c je re\u017eim, v ktorom mus\u00edte preteka\u0165 po mape v \u010dasovom limite a z\u00e1rove\u0148 bojova\u0165 v r\u00fdchlych bitk\u00e1ch. V tomto re\u017eime sa po\u010det nepriate\u013eov, ktor\u00fdch poraz\u00edte za sebou, po\u010d\u00edta ako va\u0161a \u201eCHAIN\u201c (re\u0165az) a spojen\u00edm vysokej re\u0165aze sa va\u0161a \u00fato\u010dn\u00e1 sila dramaticky zv\u00fd\u0161i. Po ceste m\u00f4\u017eete zbiera\u0165 predmety, ktor\u00e9 zvy\u0161uj\u00fa r\u00fdchlos\u0165 a predl\u017euj\u00fa \u010das, tak\u017ee nepretr\u017eit\u00e9 \u00fatoky, \u010do najr\u00fdchlej\u0161ie por\u00e1\u017eanie nepriate\u013eov a zbieranie predmetov bud\u00fa pre va\u0161u strat\u00e9giu nevyhnutn\u00e9.<\/p>\n<p>\u25a0Spolu s Hayabusom sa po bojisku r\u00fdchlo pohybuj\u00fa<br \/>3 hrdinky Hrdinky zo s\u00e9rie \u201eNINJA GAIDEN\u201c, \u201eAyane\u201c, \u201eRachel\u201c a \u201eMomiji\u201c, sa objavuj\u00fa ako hrate\u013en\u00e9 postavy. V\u010faka \u201eTAG MISSIONS\u201c si hr\u00e1\u010di m\u00f4\u017eu vybra\u0165 2 postavy spomedzi Hayabusu a 3 hrdiniek, \u010do im umo\u017e\u0148uje prep\u00edna\u0165 medzi 2 hrate\u013en\u00fdmi postavami, ke\u010f plnia svoju misiu.<\/p>\n<p><span class=\"bb_img_ctn\"><img decoding=\"async\" class=\"bb_img\" src=\"https:\/\/shared.akamai.steamstatic.com\/store_item_assets\/steam\/apps\/1580780\/extras\/6e03c01d27dbb648c25129484af34183.avif?t=1760595484\" width=616 height=200 \/><\/span><\/p>\n<h2 class=\"bb_tag\" >[O hre NINJA GAIDEN 3: Razor&#x27;s Edge]<\/h2>\n<p>N\u00e1vrat najr\u00fdchlej\u0161ej ninja akcie! Hra pon\u00faka extr\u00e9mnu \u201ev\u00fdzvu\u201c spolu s rovnako extr\u00e9mnym \u201epocitom \u00faspechu\u201c. Za\u017eite najv\u00e1bivej\u0161iu vysokor\u00fdchlostn\u00fa akciu s\u00e9rie.<\/p>\n<p>\u25a0Okrem Ryu Hayabusa sa do boja zap\u00e1jaj\u00fa aj Ayane, Kasumi a Momiji!<br \/>Okrem hlavnej postavy \u201eRyu Hayabusa\u201c m\u00f4\u017eete ako hrate\u013en\u00e9 postavy pou\u017ei\u0165 aj 3 \u017eensk\u00e9 ninjy \u201eAyane\u201c, \u201eKasumi\u201c a \u201eMomiji\u201c. A nie s\u00fa obmedzen\u00e9 len na pr\u00edbehov\u00e9 misie \u201eChapter Challenge\u201c \u2013 tieto 3 postavy m\u00f4\u017eete pou\u017ei\u0165 aj v \u201eNINJA TRIALS\u201c. Hrdinka s\u00e9rie \u201eNINJA GAIDEN\u201c Ayane m\u00e1 tie\u017e vlastn\u00fd pr\u00edbeh.<\/p>\n<p>\u25a0Vzru\u0161uj\u00face bitky, v ktor\u00fdch mus\u00edte by\u0165 neust\u00e1le v strehu Pre fan\u00fa\u0161ikov s\u00e9rie, ktor\u00ed si chc\u00fa bitky<br \/>&quot;u\u017ei\u0165 e\u0161te viac, bola pridan\u00e1 \u0161peci\u00e1lna f\u00e1za \u201eTesty odvahy\u201c. V ka\u017edej kapitole s\u00fa skryt\u00e9 lebky, ktor\u00e9 sl\u00fa\u017eia ako br\u00e1ny do oblast\u00ed \u201eTest odvahy\u201c. Ke\u010f vst\u00fapite do t\u00fdchto oblast\u00ed, za\u010dn\u00fa sa bitky, v ktor\u00fdch budete musie\u0165 \u010deli\u0165 najsilnej\u0161\u00edm a najtvrd\u0161\u00edm nepriate\u013eom zo s\u00e9rie \u201eNINJA GAIDEN\u201c.<\/p>\n<p>\u25a0Vylep\u0161ovanie post\u00e1v zvy\u0161uje hodnotu op\u00e4tovn\u00e9ho hrania!<br \/>Zbieran\u00edm skryt\u00fdch \u201ezlat\u00fdch skarabeov\u201c, pou\u017e\u00edvan\u00edm \u201ekarmy\u201c nazbieranej v bitk\u00e1ch a \u010fal\u0161\u00edmi sp\u00f4sobmi m\u00f4\u017eete odomkn\u00fa\u0165 nov\u00e9 zbrane a ninpo, aby ste vylep\u0161ili svoje postavy. Samozrejme, vylep\u0161enia, ktor\u00e9 ste pou\u017eili, m\u00f4\u017eete prenies\u0165 do druh\u00e9ho a \u010fal\u0161\u00edch prejden\u00ed hry. Medzi pohybmi, ktor\u00e9 je mo\u017en\u00e9 odomkn\u00fa\u0165, s\u00fa pohyby, ktor\u00e9 s\u00fa v s\u00e9rii nov\u00e9, ako napr\u00edklad \u201eCicada Surge\u201c, ktor\u00fd v\u00e1m umo\u017e\u0148uje vyhn\u00fa\u0165 sa ak\u00e9muko\u013evek nepriate\u013esk\u00e9mu \u00fatoku, \u201eMeditation\u201c, ktor\u00fd v\u00e1m umo\u017e\u0148uje spotrebova\u0165 v\u00e1\u0161 Ki meter na obnovenie zdravia, a \u010fal\u0161ie.<\/p>\n","protected":false},"excerpt":{"rendered":"<p>Ninja Gaiden: Master Collection sp\u00e1ja tri kultov\u00e9 ak\u010dn\u00e9 tituly: Ninja Gaiden Sigma, Ninja Gaiden Sigma 2 a Ninja Gaiden 3: Razor\u2019s Edge. Za\u017eite intenz\u00edvne boje, n\u00e1ro\u010dn\u00fdch nepriate\u013eov a ohromuj\u00facu grafiku v tomto definit\u00edvnom bal\u00edku pre fan\u00fa\u0161ikov aj nov\u00e1\u010dikov.<\/p>\n","protected":false},"featured_media":40922,"comment_status":"open","ping_status":"closed","template":"","meta":{"_acf_changed":false},"product_brand":[],"product_cat":[272,280,268,266,312],"product_tag":[],"class_list":{"0":"post-102278","1":"product","2":"type-product","3":"status-publish","4":"has-post-thumbnail","6":"product_cat-akcni-pc-sk","7":"product_cat-dobrodruzne-pc-hry-sk","8":"product_cat-pc-sk","9":"product_cat-pc-hry-sk","10":"product_cat-steam-pc-sk","11":"pa_audio-en-us","13":"pa_audio-ja-jp","15":"pa_developer-team-ninja","17":"pa_franchises-ninja-gaiden","19":"pa_game_type-bundle","21":"pa_genres-adventure","23":"pa_genres-hack-and-slash-beat-em-up","25":"pa_interface-de-de","26":"pa_interface-en-us","27":"pa_interface-es-es","28":"pa_interface-fr-fr","29":"pa_interface-it-it","31":"pa_interface-ja-jp","33":"pa_interface-zh-tw","34":"pa_keywords-ninja","35":"pa_modes-single-player","37":"pa_pegi-13426","38":"pa_pegi-794","39":"pa_platform-pc-steam","41":"pa_player_perspectives-third-person","43":"pa_publisher-koei-tecmo","45":"pa_rating-14548","46":"pa_rating-1753","47":"pa_region-row","49":"pa_subtitles-de-de","51":"pa_subtitles-en-us","52":"pa_subtitles-es-es","53":"pa_subtitles-fr-fr","54":"pa_subtitles-it-it","55":"pa_subtitles-ja-jp","57":"pa_themes-action","60":"first","61":"instock","62":"virtual","63":"taxable","64":"purchasable","65":"product-type-simple"},"yoast_head":"<!-- This site is optimized with the Yoast SEO plugin v27.3 - https:\/\/yoast.com\/product\/yoast-seo-wordpress\/ -->\n<title>Ninja Gaiden: Master Collection | BeGamer.cz<\/title>\n<meta name=\"robots\" content=\"index, follow, max-snippet:-1, max-image-preview:large, max-video-preview:-1\" \/>\n<link rel=\"canonical\" href=\"https:\/\/begamer.cz\/sk\/produkt\/ninja-gaiden-master-collection-sk\/\" \/>\n<meta property=\"og:locale\" content=\"sk_SK\" \/>\n<meta property=\"og:type\" content=\"article\" \/>\n<meta property=\"og:title\" content=\"Ninja Gaiden: Master Collection | BeGamer.cz\" \/>\n<meta property=\"og:description\" content=\"Ninja Gaiden: Master Collection sp\u00e1ja tri kultov\u00e9 ak\u010dn\u00e9 tituly: Ninja Gaiden Sigma, Ninja Gaiden Sigma 2 a Ninja Gaiden 3: Razor\u2019s Edge. Za\u017eite intenz\u00edvne boje, n\u00e1ro\u010dn\u00fdch nepriate\u013eov a ohromuj\u00facu grafiku v tomto definit\u00edvnom bal\u00edku pre fan\u00fa\u0161ikov aj nov\u00e1\u010dikov.\" \/>\n<meta property=\"og:url\" content=\"https:\/\/begamer.cz\/sk\/produkt\/ninja-gaiden-master-collection-sk\/\" \/>\n<meta property=\"og:site_name\" content=\"BeGamer.cz\" \/>\n<meta property=\"article:modified_time\" content=\"2026-03-11T15:29:16+00:00\" \/>\n<meta property=\"og:image\" content=\"https:\/\/begamer.cz\/wp-content\/uploads\/2026\/01\/ninja-gaiden-master-collection-3.webp\" \/>\n\t<meta property=\"og:image:width\" content=\"300\" \/>\n\t<meta property=\"og:image:height\" content=\"400\" \/>\n\t<meta property=\"og:image:type\" content=\"image\/webp\" \/>\n<meta name=\"twitter:card\" content=\"summary_large_image\" \/>\n<meta name=\"twitter:label1\" content=\"Predpokladan\u00fd \u010das \u010d\u00edtania\" \/>\n\t<meta name=\"twitter:data1\" content=\"5 min\u00fat\" \/>\n<script type=\"application\/ld+json\" class=\"yoast-schema-graph\">{\"@context\":\"https:\\\/\\\/schema.org\",\"@graph\":[{\"@type\":\"WebPage\",\"@id\":\"https:\\\/\\\/begamer.cz\\\/sk\\\/produkt\\\/ninja-gaiden-master-collection-sk\\\/\",\"url\":\"https:\\\/\\\/begamer.cz\\\/sk\\\/produkt\\\/ninja-gaiden-master-collection-sk\\\/\",\"name\":\"Ninja Gaiden: Master Collection | BeGamer.cz\",\"isPartOf\":{\"@id\":\"https:\\\/\\\/begamer.cz\\\/sk\\\/#website\"},\"primaryImageOfPage\":{\"@id\":\"https:\\\/\\\/begamer.cz\\\/sk\\\/produkt\\\/ninja-gaiden-master-collection-sk\\\/#primaryimage\"},\"image\":{\"@id\":\"https:\\\/\\\/begamer.cz\\\/sk\\\/produkt\\\/ninja-gaiden-master-collection-sk\\\/#primaryimage\"},\"thumbnailUrl\":\"https:\\\/\\\/begamer.cz\\\/wp-content\\\/uploads\\\/2026\\\/01\\\/ninja-gaiden-master-collection-3.webp\",\"datePublished\":\"2026-01-30T17:57:34+00:00\",\"dateModified\":\"2026-03-11T15:29:16+00:00\",\"breadcrumb\":{\"@id\":\"https:\\\/\\\/begamer.cz\\\/sk\\\/produkt\\\/ninja-gaiden-master-collection-sk\\\/#breadcrumb\"},\"inLanguage\":\"sk-SK\",\"potentialAction\":[{\"@type\":\"ReadAction\",\"target\":[\"https:\\\/\\\/begamer.cz\\\/sk\\\/produkt\\\/ninja-gaiden-master-collection-sk\\\/\"]}]},{\"@type\":\"ImageObject\",\"inLanguage\":\"sk-SK\",\"@id\":\"https:\\\/\\\/begamer.cz\\\/sk\\\/produkt\\\/ninja-gaiden-master-collection-sk\\\/#primaryimage\",\"url\":\"https:\\\/\\\/begamer.cz\\\/wp-content\\\/uploads\\\/2026\\\/01\\\/ninja-gaiden-master-collection-3.webp\",\"contentUrl\":\"https:\\\/\\\/begamer.cz\\\/wp-content\\\/uploads\\\/2026\\\/01\\\/ninja-gaiden-master-collection-3.webp\",\"width\":300,\"height\":400},{\"@type\":\"BreadcrumbList\",\"@id\":\"https:\\\/\\\/begamer.cz\\\/sk\\\/produkt\\\/ninja-gaiden-master-collection-sk\\\/#breadcrumb\",\"itemListElement\":[{\"@type\":\"ListItem\",\"position\":1,\"name\":\"Domov\",\"item\":\"https:\\\/\\\/begamer.cz\\\/sk\\\/\"},{\"@type\":\"ListItem\",\"position\":2,\"name\":\"Obchod\",\"item\":\"https:\\\/\\\/begamer.cz\\\/obchod\\\/\"},{\"@type\":\"ListItem\",\"position\":3,\"name\":\"Ninja Gaiden: Master Collection\"}]},{\"@type\":\"WebSite\",\"@id\":\"https:\\\/\\\/begamer.cz\\\/sk\\\/#website\",\"url\":\"https:\\\/\\\/begamer.cz\\\/sk\\\/\",\"name\":\"BeGamer.cz\",\"description\":\"\",\"publisher\":{\"@id\":\"https:\\\/\\\/begamer.cz\\\/sk\\\/#organization\"},\"potentialAction\":[{\"@type\":\"SearchAction\",\"target\":{\"@type\":\"EntryPoint\",\"urlTemplate\":\"https:\\\/\\\/begamer.cz\\\/sk\\\/?s={search_term_string}\"},\"query-input\":{\"@type\":\"PropertyValueSpecification\",\"valueRequired\":true,\"valueName\":\"search_term_string\"}}],\"inLanguage\":\"sk-SK\"},{\"@type\":\"Organization\",\"@id\":\"https:\\\/\\\/begamer.cz\\\/sk\\\/#organization\",\"name\":\"BeGamer.cz\",\"url\":\"https:\\\/\\\/begamer.cz\\\/sk\\\/\",\"logo\":{\"@type\":\"ImageObject\",\"inLanguage\":\"sk-SK\",\"@id\":\"https:\\\/\\\/begamer.cz\\\/sk\\\/#\\\/schema\\\/logo\\\/image\\\/\",\"url\":\"https:\\\/\\\/begamer.cz\\\/wp-content\\\/uploads\\\/2025\\\/07\\\/logo.svg\",\"contentUrl\":\"https:\\\/\\\/begamer.cz\\\/wp-content\\\/uploads\\\/2025\\\/07\\\/logo.svg\",\"caption\":\"BeGamer.cz\"},\"image\":{\"@id\":\"https:\\\/\\\/begamer.cz\\\/sk\\\/#\\\/schema\\\/logo\\\/image\\\/\"}}]}<\/script>\n<!-- \/ Yoast SEO plugin. -->","yoast_head_json":{"title":"Ninja Gaiden: Master Collection | BeGamer.cz","robots":{"index":"index","follow":"follow","max-snippet":"max-snippet:-1","max-image-preview":"max-image-preview:large","max-video-preview":"max-video-preview:-1"},"canonical":"https:\/\/begamer.cz\/sk\/produkt\/ninja-gaiden-master-collection-sk\/","og_locale":"sk_SK","og_type":"article","og_title":"Ninja Gaiden: Master Collection | BeGamer.cz","og_description":"Ninja Gaiden: Master Collection sp\u00e1ja tri kultov\u00e9 ak\u010dn\u00e9 tituly: Ninja Gaiden Sigma, Ninja Gaiden Sigma 2 a Ninja Gaiden 3: Razor\u2019s Edge. Za\u017eite intenz\u00edvne boje, n\u00e1ro\u010dn\u00fdch nepriate\u013eov a ohromuj\u00facu grafiku v tomto definit\u00edvnom bal\u00edku pre fan\u00fa\u0161ikov aj nov\u00e1\u010dikov.","og_url":"https:\/\/begamer.cz\/sk\/produkt\/ninja-gaiden-master-collection-sk\/","og_site_name":"BeGamer.cz","article_modified_time":"2026-03-11T15:29:16+00:00","og_image":[{"width":300,"height":400,"url":"https:\/\/begamer.cz\/wp-content\/uploads\/2026\/01\/ninja-gaiden-master-collection-3.webp","type":"image\/webp"}],"twitter_card":"summary_large_image","twitter_misc":{"Predpokladan\u00fd \u010das \u010d\u00edtania":"5 min\u00fat"},"schema":{"@context":"https:\/\/schema.org","@graph":[{"@type":"WebPage","@id":"https:\/\/begamer.cz\/sk\/produkt\/ninja-gaiden-master-collection-sk\/","url":"https:\/\/begamer.cz\/sk\/produkt\/ninja-gaiden-master-collection-sk\/","name":"Ninja Gaiden: Master Collection | BeGamer.cz","isPartOf":{"@id":"https:\/\/begamer.cz\/sk\/#website"},"primaryImageOfPage":{"@id":"https:\/\/begamer.cz\/sk\/produkt\/ninja-gaiden-master-collection-sk\/#primaryimage"},"image":{"@id":"https:\/\/begamer.cz\/sk\/produkt\/ninja-gaiden-master-collection-sk\/#primaryimage"},"thumbnailUrl":"https:\/\/begamer.cz\/wp-content\/uploads\/2026\/01\/ninja-gaiden-master-collection-3.webp","datePublished":"2026-01-30T17:57:34+00:00","dateModified":"2026-03-11T15:29:16+00:00","breadcrumb":{"@id":"https:\/\/begamer.cz\/sk\/produkt\/ninja-gaiden-master-collection-sk\/#breadcrumb"},"inLanguage":"sk-SK","potentialAction":[{"@type":"ReadAction","target":["https:\/\/begamer.cz\/sk\/produkt\/ninja-gaiden-master-collection-sk\/"]}]},{"@type":"ImageObject","inLanguage":"sk-SK","@id":"https:\/\/begamer.cz\/sk\/produkt\/ninja-gaiden-master-collection-sk\/#primaryimage","url":"https:\/\/begamer.cz\/wp-content\/uploads\/2026\/01\/ninja-gaiden-master-collection-3.webp","contentUrl":"https:\/\/begamer.cz\/wp-content\/uploads\/2026\/01\/ninja-gaiden-master-collection-3.webp","width":300,"height":400},{"@type":"BreadcrumbList","@id":"https:\/\/begamer.cz\/sk\/produkt\/ninja-gaiden-master-collection-sk\/#breadcrumb","itemListElement":[{"@type":"ListItem","position":1,"name":"Domov","item":"https:\/\/begamer.cz\/sk\/"},{"@type":"ListItem","position":2,"name":"Obchod","item":"https:\/\/begamer.cz\/obchod\/"},{"@type":"ListItem","position":3,"name":"Ninja Gaiden: Master Collection"}]},{"@type":"WebSite","@id":"https:\/\/begamer.cz\/sk\/#website","url":"https:\/\/begamer.cz\/sk\/","name":"BeGamer.cz","description":"","publisher":{"@id":"https:\/\/begamer.cz\/sk\/#organization"},"potentialAction":[{"@type":"SearchAction","target":{"@type":"EntryPoint","urlTemplate":"https:\/\/begamer.cz\/sk\/?s={search_term_string}"},"query-input":{"@type":"PropertyValueSpecification","valueRequired":true,"valueName":"search_term_string"}}],"inLanguage":"sk-SK"},{"@type":"Organization","@id":"https:\/\/begamer.cz\/sk\/#organization","name":"BeGamer.cz","url":"https:\/\/begamer.cz\/sk\/","logo":{"@type":"ImageObject","inLanguage":"sk-SK","@id":"https:\/\/begamer.cz\/sk\/#\/schema\/logo\/image\/","url":"https:\/\/begamer.cz\/wp-content\/uploads\/2025\/07\/logo.svg","contentUrl":"https:\/\/begamer.cz\/wp-content\/uploads\/2025\/07\/logo.svg","caption":"BeGamer.cz"},"image":{"@id":"https:\/\/begamer.cz\/sk\/#\/schema\/logo\/image\/"}}]}},"acf":[],"_links":{"self":[{"href":"https:\/\/begamer.cz\/sk\/wp-json\/wp\/v2\/product\/102278","targetHints":{"allow":["GET"]}}],"collection":[{"href":"https:\/\/begamer.cz\/sk\/wp-json\/wp\/v2\/product"}],"about":[{"href":"https:\/\/begamer.cz\/sk\/wp-json\/wp\/v2\/types\/product"}],"replies":[{"embeddable":true,"href":"https:\/\/begamer.cz\/sk\/wp-json\/wp\/v2\/comments?post=102278"}],"wp:featuredmedia":[{"embeddable":true,"href":"https:\/\/begamer.cz\/sk\/wp-json\/wp\/v2\/media\/40922"}],"wp:attachment":[{"href":"https:\/\/begamer.cz\/sk\/wp-json\/wp\/v2\/media?parent=102278"}],"wp:term":[{"taxonomy":"product_brand","embeddable":true,"href":"https:\/\/begamer.cz\/sk\/wp-json\/wp\/v2\/product_brand?post=102278"},{"taxonomy":"product_cat","embeddable":true,"href":"https:\/\/begamer.cz\/sk\/wp-json\/wp\/v2\/product_cat?post=102278"},{"taxonomy":"product_tag","embeddable":true,"href":"https:\/\/begamer.cz\/sk\/wp-json\/wp\/v2\/product_tag?post=102278"}],"curies":[{"name":"wp","href":"https:\/\/api.w.org\/{rel}","templated":true}]}}