{"id":102260,"date":"2026-01-30T18:57:20","date_gmt":"2026-01-30T17:57:20","guid":{"rendered":"https:\/\/begamer.cz\/produkt\/empires-of-the-undergrowth-exploding-ants-sk\/"},"modified":"2026-03-11T16:26:53","modified_gmt":"2026-03-11T15:26:53","slug":"empires-of-the-undergrowth-exploding-ants-sk","status":"publish","type":"product","link":"https:\/\/begamer.cz\/sk\/produkt\/empires-of-the-undergrowth-exploding-ants-sk\/","title":{"rendered":"Empires of the Undergrowth \u2013 Exploding Ants"},"content":{"rendered":"<p class=\"bb_paragraph\" >Vytvorte si svoje imp\u00e9rium vo svete mravcov, budujte rozsiahle hniezda a spravujte zlo\u017eit\u00fa hierarchiu sp\u00f4sobom, ktor\u00fd podrobne sk\u00fama \u017e\u00e1ner real-time strat\u00e9gi\u00ed. Ovl\u00e1dajte r\u00f4zne druhy bojov\u00fdch mravcov v intenz\u00edvnych bitk\u00e1ch, velite svojim robotn\u00edkom, aby budovali a z\u00e1sobovali neust\u00e1le sa roz\u0161iruj\u00facu z\u00e1klad\u0148u, a za ka\u017ed\u00fa cenu chr\u00e1\u0148te svoju kr\u00e1\u013eovn\u00fa, pri\u010dom sa vyrovn\u00e1vate s jedine\u010dn\u00fdmi hrozbami a pr\u00edle\u017eitos\u0165ami sveta hmyzu. <\/p>\n<p class=\"bb_paragraph\" >\n<p class=\"bb_paragraph\" style=\"text-align: center\"><span class=\"bb_img_ctn\"><img decoding=\"async\" class=\"bb_img\" src=\"https:\/\/shared.akamai.steamstatic.com\/store_item_assets\/steam\/apps\/463530\/extras\/f2fbc2431567834a7e7db0222998ffec.webp?t=1764595893\" width=616 height=53 \/><\/span><span class=\"bb_img_ctn\"><video class=\"bb_img\" autoplay muted loop playsinline poster=\"https:\/\/shared.akamai.steamstatic.com\/store_item_assets\/steam\/apps\/463530\/extras\/189d7c3ab266ecd2a659f9b76a2b347d.poster.avif?t=1764595893\" width=780 height=442 ><source src=\"https:\/\/shared.akamai.steamstatic.com\/store_item_assets\/steam\/apps\/463530\/extras\/189d7c3ab266ecd2a659f9b76a2b347d.webm?t=1764595893\" type=\"video\/webm; codecs=vp9\"><source src=\"https:\/\/shared.akamai.steamstatic.com\/store_item_assets\/steam\/apps\/463530\/extras\/189d7c3ab266ecd2a659f9b76a2b347d.mp4?t=1764595893\" type=\"video\/mp4\"><\/video><\/span><\/p>\n<p class=\"bb_paragraph\" >Stovky bojovn\u00edkov sa stret\u00e1vaj\u00fa v melee \u0161kr\u00edpaj\u00facich \u010de\u013eust\u00ed, zatia\u013e \u010do nad ich hlavami strie\u013ea delostrelectvo kyseliny mrav\u010dej. Nastala noc a posledn\u00ed robotn\u00edci sa pon\u00e1h\u013eaj\u00fa sp\u00e4\u0165 pod zem, vyh\u00fdbaj\u00fac sa chrob\u00e1kom, aby dodali potravu do hniezda. Z\u00e1soby s\u00fa pr\u00e1zdne a bez \u010fal\u0161\u00edch pos\u00edl sa nevyliahnu posily pre prebiehaj\u00facu vojnu medzi s\u00faperiacimi imp\u00e9riami podzemia. <\/p>\n<ul class=\"bb_ul\">\n<li>\n<p class=\"bb_paragraph\" >Za\u010dnite v centr\u00e1lnej miestnosti, kde s\u00eddli va\u0161a kr\u00e1\u013eovn\u00e1, a nariadite robotn\u00edkom, aby rozv\u00edjali a optimalizovali va\u0161e hniezdo \u2013 rozsiahlu sie\u0165 skladov, \u0161k\u00f4lok a chodieb. Prekop\u00e1vajte sa hexov\u00fdm bludiskom p\u00f4dy a skaln\u00e9ho podlo\u017eia, h\u013eadajte potravu a odr\u00e1\u017eajte ostatn\u00fdch podzemn\u00fdch obyvate\u013eov. <\/p>\n<\/li>\n<li>\n<p class=\"bb_paragraph\" >Prekro\u010dte hranice svojho hniezda a zistite, \u010do pon\u00faka svet nad zemou \u2013 v ponuke s\u00fa semen\u00e1, nekt\u00e1r, huby, in\u00fd hmyz a dokonca aj oboj\u017eiveln\u00edky, tak\u017ee je z \u010doho vybera\u0165, ale ka\u017ed\u00fd zdroj potravy m\u00e1 svoje strategick\u00e9 kompromisy a v\u00fdzvy. Odv\u00e1\u017eite sa vyrazi\u0165 a bojova\u0165 proti lienkam, ktor\u00e9 jedia a vy\u010derp\u00e1vaj\u00fa v\u00e1\u0161 zdroj obnovite\u013en\u00fdch kvapiek medovice, alebo predstavuj\u00fa okolit\u00e9 no\u010dn\u00e9 tvory pr\u00edli\u0161 ve\u013ek\u00e9 riziko pre va\u0161u za\u010d\u00ednaj\u00facu kol\u00f3niu? Ka\u017ed\u00e9 rozhodnutie, ktor\u00e9 urob\u00edte, m\u00e1 domino efekt, ktor\u00fd m\u00f4\u017ee va\u0161u kol\u00f3niu zni\u010di\u0165, ak nebudete r\u00fdchlo reagova\u0165 na meniace sa okolnosti. <\/p>\n<\/li>\n<li>\n<p class=\"bb_paragraph\" >Spravujte mno\u017estvo druhov s r\u00f4znymi \u00fato\u010dn\u00fdmi vzormi, prirodzen\u00fdmi zbra\u0148ami a evolu\u010dn\u00fdmi cestami, aby ste zvl\u00e1dli konkr\u00e9tne nebezpe\u010denstv\u00e1 v\u00e1\u0161ho s\u00fa\u010dasn\u00e9ho bi\u00f3mu. No\u010dn\u00e9 v\u00fdpady s\u00fa niekedy nevyhnutn\u00e9, ak chcete zabezpe\u010di\u0165 z\u00e1soby potravy, hoci ni\u010d netu\u0161iace mravce m\u00f4\u017eu padn\u00fa\u0165 za obe\u0165 nebezpe\u010denstv\u00e1m, ktor\u00e9 \u010d\u00edhaj\u00fa po z\u00e1pade slnka. R\u00e1no sa ocitnete v s\u00fa\u0165a\u017ei s in\u00fdmi mravcov\u00fdmi kol\u00f3niami, vstupujete do nepriate\u013esk\u00fdch hniezd, aby ste za\u00fato\u010dili na ich kr\u00e1\u013eovn\u00e9 a z\u00e1rove\u0148 br\u00e1nili svoje vlastn\u00e9. Pripravte sa na simult\u00e1nne vojnov\u00e9 oper\u00e1cie a koordin\u00e1ciu na viacer\u00fdch podzemn\u00fdch a nadzemn\u00fdch map\u00e1ch, ke\u010f\u017ee va\u0161e hrozby a pr\u00edle\u017eitosti sa menia s ka\u017edou chv\u00ed\u013eou \u2013 neexistuje jedin\u00e1 cesta k nadvl\u00e1de.<\/p>\n<\/li>\n<\/ul>\n<p class=\"bb_paragraph\" >\n<p class=\"bb_paragraph\" style=\"text-align: center\"><span class=\"bb_img_ctn\"><img decoding=\"async\" class=\"bb_img\" src=\"https:\/\/shared.akamai.steamstatic.com\/store_item_assets\/steam\/apps\/463530\/extras\/f74d836e31c4896644349265661948e4.webp?t=1764595893\" width=616 height=53 \/><\/span><span class=\"bb_img_ctn\"><video class=\"bb_img\" autoplay muted loop playsinline poster=\"https:\/\/shared.akamai.steamstatic.com\/store_item_assets\/steam\/apps\/463530\/extras\/3574bb74e8550311b4b12364dfbf6a14.poster.avif?t=1764595893\" width=780 height=252 ><source src=\"https:\/\/shared.akamai.steamstatic.com\/store_item_assets\/steam\/apps\/463530\/extras\/3574bb74e8550311b4b12364dfbf6a14.webm?t=1764595893\" type=\"video\/webm; codecs=vp9\"><source src=\"https:\/\/shared.akamai.steamstatic.com\/store_item_assets\/steam\/apps\/463530\/extras\/3574bb74e8550311b4b12364dfbf6a14.mp4?t=1764595893\" type=\"video\/mp4\"><\/video><\/span><\/p>\n<p class=\"bb_paragraph\" >Robotn\u00edci prich\u00e1dzaj\u00fa z povrchu. Len m\u00e1lo z nich sa vr\u00e1tilo, ale prin\u00e1\u0161aj\u00fa cenn\u00e9 zdroje potravy, ktor\u00e9 pom\u00f4\u017eu posilni\u0165 front, ke\u010f sa z jasl\u00ed vylieva nov\u00e1 vlna bojovn\u00edkov, dychtivo nasleduj\u00facich v\u00f4\u0148u ferom\u00f3nov, ktor\u00e9 im hovoria, kam maj\u00fa \u00eds\u0165 a \u010do maj\u00fa robi\u0165 po ceste. S\u00fa poslednou ba\u0161tou kol\u00f3nie, naroden\u00ed s jedin\u00fdm cie\u013eom \u2013 udr\u017ea\u0165 l\u00edniu! <\/p>\n<ul class=\"bb_ul\">\n<li>\n<p class=\"bb_paragraph\" >Navrhujte a organizujte viacero \u0161k\u00f4lok a prira\u010fte im jednotliv\u00e9 ferom\u00f3nov\u00e9 skupiny, pri\u010dom ka\u017ed\u00e1 ferom\u00f3nov\u00e1 skupina prij\u00edma rozkazy prostredn\u00edctvom umiestnenia ferom\u00f3nov\u00fdch zna\u010diek, nastavite\u013en\u00fdch pravidiel boja a kontextu. Nau\u010di\u0165 sa orientova\u0165 v spr\u00e1van\u00ed va\u0161ich mravcov, ako aj v siln\u00fdch a slab\u00fdch str\u00e1nkach ka\u017ed\u00e9ho druhu, je nevyhnutn\u00e9 pre zabezpe\u010denie \u00faspechu. <\/p>\n<\/li>\n<li>\n<p class=\"bb_paragraph\" >Ka\u017ed\u00e1 ferom\u00f3nov\u00e1 skupina sa m\u00f4\u017ee \u0161pecializova\u0165 za pochodu, m\u00f4\u017ee dosta\u0165 pokyn v\u00fdlu\u010dne zbiera\u0165 potravu, z\u00fa\u010dast\u0148ova\u0165 sa boja alebo robi\u0165 oboje \u2013 spr\u00e1vne rozhodnutie m\u00f4\u017ee zvr\u00e1ti\u0165 priebeh bitky. V z\u00fafal\u00fdch \u010dasoch, ke\u010f kol\u00f3nia hladuje a v d\u00f4sledku toho sa prestali liahn\u00fa\u0165 nov\u00e9 vaj\u00ed\u010dka, bude sa va\u0161a bojov\u00e1 kasta s\u00fastredi\u0165 na zbieranie potravy s rizikom, \u017ee ju po ceste napadn\u00fa agres\u00edvni nepriatelia? Alebo sa vojaci rozdelia do eskortn\u00fdch skup\u00edn pre va\u0161ich zost\u00e1vaj\u00facich robotn\u00edkov, \u010d\u00edm zabezpe\u010dia pre\u017eitie na \u00fakor celkovej efekt\u00edvnosti inde? Nezabudnite ponecha\u0165 aspo\u0148 niektor\u00fdch robotn\u00edkov v hniezde, aby kopali, stavali a udr\u017eiavali umiestnenie vajec, \u010d\u00edm zabezpe\u010d\u00edte pre\u017eitie va\u0161ej mrav\u010dej ekonomiky. <\/p>\n<\/li>\n<li>\n<p class=\"bb_paragraph\" >Ka\u017ed\u00fd druh mravcov m\u00e1 na bojovom poli svoje siln\u00e9 a slab\u00e9 str\u00e1nky. V \u0161peci\u00e1lnych hern\u00fdch re\u017eimoch, kde je mo\u017en\u00e9 chova\u0165 viacero druhov v jednej kol\u00f3nii, va\u0161e rozhodnutie chova\u0165 a vylep\u0161ova\u0165 jeden alebo druh\u00fd druh \u00faplne zmen\u00ed sp\u00f4sob, ak\u00fdm bojujete. Mravce s pascami v \u010de\u013eustiach bojuj\u00fa v melee, ob\u010das sk\u00e1\u010du sp\u00e4\u0165, aby doplnili straten\u00e9 body zdravia. Mravce rezacie plnia svoju prirodzen\u00fa \u00falohu ochrancov t\u00fdm, \u017ee na seba pri\u0165ahuj\u00fa agresiu nepriate\u013eov, aby spojensk\u00fdm mravcom poskytli pr\u00edle\u017eitos\u0165 ob\u00eds\u0165 nepriate\u013eov, preskupi\u0165 sa alebo unikn\u00fa\u0165. Mravce drevn\u00e9 sa m\u00f4\u017eu vyvin\u00fa\u0165 tak, aby vystre\u013eovali kyselinu mrav\u010diu ako delostrelectvo s dlh\u00fdm dosahom alebo r\u00fdchlej\u0161ie v priamom smere. N\u00e1jdite synergie medzi mno\u017estvom prirodzen\u00fdch siln\u00fdch a slab\u00fdch str\u00e1nok ka\u017ed\u00e9ho druhu a pripravte sa na obranu proti nim, ke\u010f budete bojova\u0165 s konkuren\u010dn\u00fdmi kol\u00f3niami. <\/p>\n<\/li>\n<li>\n<p class=\"bb_paragraph\" >Va\u0161i nepriatelia s\u00fa rovnako rozmanit\u00ed \u2013 okrem in\u00fdch mrav\u010d\u00edch kol\u00f3ni\u00ed budete bojova\u0165 proti pav\u00fakovcom, oboj\u017eiveln\u00edkom, k\u00f4rovcom a \u0161irokej \u0161k\u00e1le druhov hmyzu. Tieto siln\u00e9 a \u010dasto (relat\u00edvne) gigantick\u00e9 tvory predstavuj\u00fa jedine\u010dn\u00fa hrozbu pre nepripraven\u00fa kol\u00f3niu a prekona\u0165 ich m\u00f4\u017ee len vynikaj\u00faca taktika. Man\u00e9ver obk\u013e\u00fa\u010denia m\u00f4\u017ee ob\u00eds\u0165 omra\u010duj\u00faci sprej dospel\u00e9ho chrob\u00e1ka devil&#x27;s coach horse, zatia\u013e \u010do taktick\u00e9 izolovanie a postupn\u00e9 prem\u00e1hanie krabov pustovn\u00edkov prinesie ich z\u00e1nik r\u00fdchlej\u0161ie, ako sa stihn\u00fa skr\u010di\u0165 a vylie\u010di\u0165.<\/p>\n<\/li>\n<\/ul>\n<p class=\"bb_paragraph\" >\n<p class=\"bb_paragraph\" style=\"text-align: center\"><span class=\"bb_img_ctn\"><img decoding=\"async\" class=\"bb_img\" src=\"https:\/\/shared.akamai.steamstatic.com\/store_item_assets\/steam\/apps\/463530\/extras\/a6bd2ea3a7131734677f5739ae71105a.webp?t=1764595893\" width=616 height=53 \/><\/span><span class=\"bb_img_ctn\"><video class=\"bb_img\" autoplay muted loop playsinline poster=\"https:\/\/shared.akamai.steamstatic.com\/store_item_assets\/steam\/apps\/463530\/extras\/e7f9ac6dab96adb79bd6528bfc7f54e9.poster.avif?t=1764595893\" width=780 height=252 ><source src=\"https:\/\/shared.akamai.steamstatic.com\/store_item_assets\/steam\/apps\/463530\/extras\/e7f9ac6dab96adb79bd6528bfc7f54e9.webm?t=1764595893\" type=\"video\/webm; codecs=vp9\"><source src=\"https:\/\/shared.akamai.steamstatic.com\/store_item_assets\/steam\/apps\/463530\/extras\/e7f9ac6dab96adb79bd6528bfc7f54e9.mp4?t=1764595893\" type=\"video\/mp4\"><\/video><\/span><\/p>\n<p class=\"bb_paragraph\" >V\u00ed\u0165azstvo je ist\u00e9! Posily prich\u00e1dzaj\u00fa v prav\u00fd \u010das, neboj\u00e1cne \u010deliace hr\u00f4zostra\u0161nej ohavnosti pred nimi. Dnes sadistick\u00e1 vedky\u0148a skombinovala kraby pustovn\u00edkov so \u0161korpi\u00f3nmi do novej desivej hrozby, ale kol\u00f3nia sa po sk\u00fasenostiach s tak\u00fdmi neprirodzen\u00fdmi nepriate\u013emi m\u00fadro vyvinula. Po zd\u013ahavom boji sa stra\u0161n\u00e1 chim\u00e9ra ocit\u00e1 na pokraji zr\u00fatenia, ale na bojisko prich\u00e1dza nov\u00fd nepriate\u013e \u2013 z neba sa zrazu zjav\u00ed ruka nejak\u00e9ho podivn\u00e9ho tvora, ktor\u00e1 zni\u010d\u00ed polovicu posilov\u00fdch jednotiek, a z ve\u013ek\u00e9ho z\u00e1hrobia sa ozve zl\u00fd smiech vedkyne. Situ\u00e1cia sa op\u00e4\u0165 obr\u00e1tila&#8230; <\/p>\n<p class=\"bb_paragraph\" >\n<p class=\"bb_paragraph\" >Okrem klasick\u00fdch RTS pot\u00fd\u010dok proti AI a jedine\u010dn\u00fdch sez\u00f3nnych v\u00fdziev pon\u00faka Empires of the Undergrowth aj pr\u00edbehov\u00fd kampa\u0148ov\u00fd re\u017eim. Sledujte simult\u00e1nny priebeh laborat\u00f3rneho experimentu zameran\u00e9ho na tajomn\u00e9 mravce Formica ereptor, ktor\u00e9 kradn\u00fa g\u00e9ny, spolu s dokument\u00e1rnou s\u00e9riou, ktor\u00e1 sk\u00fama r\u00f4zne druhy mravcov v ich prirodzen\u00fdch biotopoch. Z\u00edskavajte zdroje prostredn\u00edctvom \u00faspe\u0161n\u00fdch dokument\u00e1rnych misi\u00ed, aby ste vylep\u0161ili svoju trval\u00fa laborat\u00f3rnu kol\u00f3niu a vyv\u00edjali sa pod\u013ea svojho preferovan\u00e9ho \u0161t\u00fdlu hry, pri\u010dom svoje mravce podrobujete mno\u017estvu brut\u00e1lnych testov vykon\u00e1van\u00fdch v mene \u201evedy\u201c \u2013 ale nie v\u0161etko je tak, ako sa na prv\u00fd poh\u013ead zd\u00e1&#8230; <\/p>\n<p class=\"bb_paragraph\" >\n<p class=\"bb_paragraph\" style=\"text-align: center\"><span class=\"bb_img_ctn\"><video class=\"bb_img\" autoplay muted loop playsinline poster=\"https:\/\/shared.akamai.steamstatic.com\/store_item_assets\/steam\/apps\/463530\/extras\/f35a8c2ffbbb7b21a2e509a16667ffea.poster.avif?t=1764595893\" width=780 height=252 ><source src=\"https:\/\/shared.akamai.steamstatic.com\/store_item_assets\/steam\/apps\/463530\/extras\/f35a8c2ffbbb7b21a2e509a16667ffea.webm?t=1764595893\" type=\"video\/webm; codecs=vp9\"><source src=\"https:\/\/shared.akamai.steamstatic.com\/store_item_assets\/steam\/apps\/463530\/extras\/f35a8c2ffbbb7b21a2e509a16667ffea.mp4?t=1764595893\" type=\"video\/mp4\"><\/video><\/span><\/p>\n","protected":false},"excerpt":{"rendered":"<p>Velite rojom bojovn\u00edkov v bezprecedentnom vojnovom meradle v tejto kombin\u00e1cii RTS a budovania z\u00e1kladne. Vied\u0165e mrav\u010die kol\u00f3nie proti mnoh\u00fdm desiv\u00fdm hrozb\u00e1m sveta hmyzu, pri\u010dom budujete zlo\u017eit\u00e9 hniezda, vyv\u00edjate taktiky zalo\u017een\u00e9 na ferom\u00f3noch a vyv\u00edjate sa, aby ste \u010delili rast\u00facim nebezpe\u010denstv\u00e1m.<\/p>\n","protected":false},"featured_media":85711,"comment_status":"open","ping_status":"closed","template":"","meta":{"_acf_changed":false},"product_brand":[],"product_cat":[290,268,266,314,312,318],"product_tag":[],"class_list":{"0":"post-102260","1":"product","2":"type-product","3":"status-publish","4":"has-post-thumbnail","6":"product_cat-indie-hry-pc-sk","7":"product_cat-pc-sk","8":"product_cat-pc-hry-sk","9":"product_cat-simulatory-pc-hry-sk","10":"product_cat-steam-pc-sk","11":"product_cat-strategie-pc-hry-sk","12":"pa_audio-en-us","14":"pa_developer-slug-disco","16":"pa_game_type-dlc","18":"pa_genres-indie","19":"pa_genres-real-time-strategy-rts","21":"pa_genres-simulator","22":"pa_genres-strategy","23":"pa_interface-cs-cz","24":"pa_interface-de-de","25":"pa_interface-en-gb","26":"pa_interface-en-us","27":"pa_interface-es-es","28":"pa_interface-fr-fr","29":"pa_interface-hu-hu","30":"pa_interface-it-it","31":"pa_interface-ja-jp","32":"pa_interface-ko-kr","33":"pa_interface-nl-nl","35":"pa_interface-pl-pl","36":"pa_interface-pt-br","37":"pa_interface-ru-ru","38":"pa_interface-tr-tr","39":"pa_interface-uk-ua","40":"pa_interface-zh-cn","41":"pa_interface-zh-tw","42":"pa_keywords-ants","43":"pa_keywords-strategy","44":"pa_modes-single-player","46":"pa_pegi-794","47":"pa_pegi-13426","48":"pa_platform-pc-steam","50":"pa_player_perspectives-bird-view-isometric","52":"pa_publisher-hooded-horse","53":"pa_publisher-slug-disco","55":"pa_rating-773","56":"pa_rating-14441","57":"pa_region-europe","59":"pa_subtitles-cs-cz","60":"pa_subtitles-de-de","61":"pa_subtitles-en-gb","62":"pa_subtitles-en-us","63":"pa_subtitles-es-es","64":"pa_subtitles-fr-fr","65":"pa_subtitles-hu-hu","66":"pa_subtitles-it-it","67":"pa_subtitles-ja-jp","68":"pa_subtitles-ko-kr","69":"pa_subtitles-nl-nl","70":"pa_subtitles-pl-pl","71":"pa_subtitles-pt-br","72":"pa_subtitles-ru-ru","73":"pa_subtitles-tr-tr","74":"pa_subtitles-uk-ua","76":"pa_subtitles-zh-cn","77":"pa_subtitles-zh-tw","78":"pa_themes-survival","81":"first","82":"instock","83":"virtual","84":"taxable","85":"purchasable","86":"product-type-simple"},"yoast_head":"<!-- This site is optimized with the Yoast SEO plugin v27.3 - https:\/\/yoast.com\/product\/yoast-seo-wordpress\/ -->\n<title>Empires of the Undergrowth - Exploding Ants | BeGamer.cz<\/title>\n<meta name=\"robots\" content=\"index, follow, max-snippet:-1, max-image-preview:large, max-video-preview:-1\" \/>\n<link rel=\"canonical\" href=\"https:\/\/begamer.cz\/sk\/produkt\/empires-of-the-undergrowth-exploding-ants-sk\/\" \/>\n<meta property=\"og:locale\" content=\"sk_SK\" \/>\n<meta property=\"og:type\" content=\"article\" \/>\n<meta property=\"og:title\" content=\"Empires of the Undergrowth - Exploding Ants | BeGamer.cz\" \/>\n<meta property=\"og:description\" content=\"Velite rojom bojovn\u00edkov v bezprecedentnom vojnovom meradle v tejto kombin\u00e1cii RTS a budovania z\u00e1kladne. Vied\u0165e mrav\u010die kol\u00f3nie proti mnoh\u00fdm desiv\u00fdm hrozb\u00e1m sveta hmyzu, pri\u010dom budujete zlo\u017eit\u00e9 hniezda, vyv\u00edjate taktiky zalo\u017een\u00e9 na ferom\u00f3noch a vyv\u00edjate sa, aby ste \u010delili rast\u00facim nebezpe\u010denstv\u00e1m.\" \/>\n<meta property=\"og:url\" content=\"https:\/\/begamer.cz\/sk\/produkt\/empires-of-the-undergrowth-exploding-ants-sk\/\" \/>\n<meta property=\"og:site_name\" content=\"BeGamer.cz\" \/>\n<meta property=\"article:modified_time\" content=\"2026-03-11T15:26:53+00:00\" \/>\n<meta property=\"og:image\" content=\"https:\/\/begamer.cz\/wp-content\/uploads\/2026\/01\/empires-of-the-undergrowth-exploding-ants-4.webp\" \/>\n\t<meta property=\"og:image:width\" content=\"300\" \/>\n\t<meta property=\"og:image:height\" content=\"400\" \/>\n\t<meta property=\"og:image:type\" content=\"image\/webp\" \/>\n<meta name=\"twitter:card\" content=\"summary_large_image\" \/>\n<meta name=\"twitter:label1\" content=\"Predpokladan\u00fd \u010das \u010d\u00edtania\" \/>\n\t<meta name=\"twitter:data1\" content=\"6 min\u00fat\" \/>\n<script type=\"application\/ld+json\" class=\"yoast-schema-graph\">{\"@context\":\"https:\\\/\\\/schema.org\",\"@graph\":[{\"@type\":\"WebPage\",\"@id\":\"https:\\\/\\\/begamer.cz\\\/sk\\\/produkt\\\/empires-of-the-undergrowth-exploding-ants-sk\\\/\",\"url\":\"https:\\\/\\\/begamer.cz\\\/sk\\\/produkt\\\/empires-of-the-undergrowth-exploding-ants-sk\\\/\",\"name\":\"Empires of the Undergrowth - Exploding Ants | BeGamer.cz\",\"isPartOf\":{\"@id\":\"https:\\\/\\\/begamer.cz\\\/sk\\\/#website\"},\"primaryImageOfPage\":{\"@id\":\"https:\\\/\\\/begamer.cz\\\/sk\\\/produkt\\\/empires-of-the-undergrowth-exploding-ants-sk\\\/#primaryimage\"},\"image\":{\"@id\":\"https:\\\/\\\/begamer.cz\\\/sk\\\/produkt\\\/empires-of-the-undergrowth-exploding-ants-sk\\\/#primaryimage\"},\"thumbnailUrl\":\"https:\\\/\\\/begamer.cz\\\/wp-content\\\/uploads\\\/2026\\\/01\\\/empires-of-the-undergrowth-exploding-ants-4.webp\",\"datePublished\":\"2026-01-30T17:57:20+00:00\",\"dateModified\":\"2026-03-11T15:26:53+00:00\",\"breadcrumb\":{\"@id\":\"https:\\\/\\\/begamer.cz\\\/sk\\\/produkt\\\/empires-of-the-undergrowth-exploding-ants-sk\\\/#breadcrumb\"},\"inLanguage\":\"sk-SK\",\"potentialAction\":[{\"@type\":\"ReadAction\",\"target\":[\"https:\\\/\\\/begamer.cz\\\/sk\\\/produkt\\\/empires-of-the-undergrowth-exploding-ants-sk\\\/\"]}]},{\"@type\":\"ImageObject\",\"inLanguage\":\"sk-SK\",\"@id\":\"https:\\\/\\\/begamer.cz\\\/sk\\\/produkt\\\/empires-of-the-undergrowth-exploding-ants-sk\\\/#primaryimage\",\"url\":\"https:\\\/\\\/begamer.cz\\\/wp-content\\\/uploads\\\/2026\\\/01\\\/empires-of-the-undergrowth-exploding-ants-4.webp\",\"contentUrl\":\"https:\\\/\\\/begamer.cz\\\/wp-content\\\/uploads\\\/2026\\\/01\\\/empires-of-the-undergrowth-exploding-ants-4.webp\",\"width\":300,\"height\":400},{\"@type\":\"BreadcrumbList\",\"@id\":\"https:\\\/\\\/begamer.cz\\\/sk\\\/produkt\\\/empires-of-the-undergrowth-exploding-ants-sk\\\/#breadcrumb\",\"itemListElement\":[{\"@type\":\"ListItem\",\"position\":1,\"name\":\"Domov\",\"item\":\"https:\\\/\\\/begamer.cz\\\/sk\\\/\"},{\"@type\":\"ListItem\",\"position\":2,\"name\":\"Obchod\",\"item\":\"https:\\\/\\\/begamer.cz\\\/obchod\\\/\"},{\"@type\":\"ListItem\",\"position\":3,\"name\":\"Empires of the Undergrowth \u2013 Exploding Ants\"}]},{\"@type\":\"WebSite\",\"@id\":\"https:\\\/\\\/begamer.cz\\\/sk\\\/#website\",\"url\":\"https:\\\/\\\/begamer.cz\\\/sk\\\/\",\"name\":\"BeGamer.cz\",\"description\":\"\",\"publisher\":{\"@id\":\"https:\\\/\\\/begamer.cz\\\/sk\\\/#organization\"},\"potentialAction\":[{\"@type\":\"SearchAction\",\"target\":{\"@type\":\"EntryPoint\",\"urlTemplate\":\"https:\\\/\\\/begamer.cz\\\/sk\\\/?s={search_term_string}\"},\"query-input\":{\"@type\":\"PropertyValueSpecification\",\"valueRequired\":true,\"valueName\":\"search_term_string\"}}],\"inLanguage\":\"sk-SK\"},{\"@type\":\"Organization\",\"@id\":\"https:\\\/\\\/begamer.cz\\\/sk\\\/#organization\",\"name\":\"BeGamer.cz\",\"url\":\"https:\\\/\\\/begamer.cz\\\/sk\\\/\",\"logo\":{\"@type\":\"ImageObject\",\"inLanguage\":\"sk-SK\",\"@id\":\"https:\\\/\\\/begamer.cz\\\/sk\\\/#\\\/schema\\\/logo\\\/image\\\/\",\"url\":\"https:\\\/\\\/begamer.cz\\\/wp-content\\\/uploads\\\/2025\\\/07\\\/logo.svg\",\"contentUrl\":\"https:\\\/\\\/begamer.cz\\\/wp-content\\\/uploads\\\/2025\\\/07\\\/logo.svg\",\"caption\":\"BeGamer.cz\"},\"image\":{\"@id\":\"https:\\\/\\\/begamer.cz\\\/sk\\\/#\\\/schema\\\/logo\\\/image\\\/\"}}]}<\/script>\n<!-- \/ Yoast SEO plugin. -->","yoast_head_json":{"title":"Empires of the Undergrowth - Exploding Ants | BeGamer.cz","robots":{"index":"index","follow":"follow","max-snippet":"max-snippet:-1","max-image-preview":"max-image-preview:large","max-video-preview":"max-video-preview:-1"},"canonical":"https:\/\/begamer.cz\/sk\/produkt\/empires-of-the-undergrowth-exploding-ants-sk\/","og_locale":"sk_SK","og_type":"article","og_title":"Empires of the Undergrowth - Exploding Ants | BeGamer.cz","og_description":"Velite rojom bojovn\u00edkov v bezprecedentnom vojnovom meradle v tejto kombin\u00e1cii RTS a budovania z\u00e1kladne. Vied\u0165e mrav\u010die kol\u00f3nie proti mnoh\u00fdm desiv\u00fdm hrozb\u00e1m sveta hmyzu, pri\u010dom budujete zlo\u017eit\u00e9 hniezda, vyv\u00edjate taktiky zalo\u017een\u00e9 na ferom\u00f3noch a vyv\u00edjate sa, aby ste \u010delili rast\u00facim nebezpe\u010denstv\u00e1m.","og_url":"https:\/\/begamer.cz\/sk\/produkt\/empires-of-the-undergrowth-exploding-ants-sk\/","og_site_name":"BeGamer.cz","article_modified_time":"2026-03-11T15:26:53+00:00","og_image":[{"width":300,"height":400,"url":"https:\/\/begamer.cz\/wp-content\/uploads\/2026\/01\/empires-of-the-undergrowth-exploding-ants-4.webp","type":"image\/webp"}],"twitter_card":"summary_large_image","twitter_misc":{"Predpokladan\u00fd \u010das \u010d\u00edtania":"6 min\u00fat"},"schema":{"@context":"https:\/\/schema.org","@graph":[{"@type":"WebPage","@id":"https:\/\/begamer.cz\/sk\/produkt\/empires-of-the-undergrowth-exploding-ants-sk\/","url":"https:\/\/begamer.cz\/sk\/produkt\/empires-of-the-undergrowth-exploding-ants-sk\/","name":"Empires of the Undergrowth - Exploding Ants | BeGamer.cz","isPartOf":{"@id":"https:\/\/begamer.cz\/sk\/#website"},"primaryImageOfPage":{"@id":"https:\/\/begamer.cz\/sk\/produkt\/empires-of-the-undergrowth-exploding-ants-sk\/#primaryimage"},"image":{"@id":"https:\/\/begamer.cz\/sk\/produkt\/empires-of-the-undergrowth-exploding-ants-sk\/#primaryimage"},"thumbnailUrl":"https:\/\/begamer.cz\/wp-content\/uploads\/2026\/01\/empires-of-the-undergrowth-exploding-ants-4.webp","datePublished":"2026-01-30T17:57:20+00:00","dateModified":"2026-03-11T15:26:53+00:00","breadcrumb":{"@id":"https:\/\/begamer.cz\/sk\/produkt\/empires-of-the-undergrowth-exploding-ants-sk\/#breadcrumb"},"inLanguage":"sk-SK","potentialAction":[{"@type":"ReadAction","target":["https:\/\/begamer.cz\/sk\/produkt\/empires-of-the-undergrowth-exploding-ants-sk\/"]}]},{"@type":"ImageObject","inLanguage":"sk-SK","@id":"https:\/\/begamer.cz\/sk\/produkt\/empires-of-the-undergrowth-exploding-ants-sk\/#primaryimage","url":"https:\/\/begamer.cz\/wp-content\/uploads\/2026\/01\/empires-of-the-undergrowth-exploding-ants-4.webp","contentUrl":"https:\/\/begamer.cz\/wp-content\/uploads\/2026\/01\/empires-of-the-undergrowth-exploding-ants-4.webp","width":300,"height":400},{"@type":"BreadcrumbList","@id":"https:\/\/begamer.cz\/sk\/produkt\/empires-of-the-undergrowth-exploding-ants-sk\/#breadcrumb","itemListElement":[{"@type":"ListItem","position":1,"name":"Domov","item":"https:\/\/begamer.cz\/sk\/"},{"@type":"ListItem","position":2,"name":"Obchod","item":"https:\/\/begamer.cz\/obchod\/"},{"@type":"ListItem","position":3,"name":"Empires of the Undergrowth \u2013 Exploding Ants"}]},{"@type":"WebSite","@id":"https:\/\/begamer.cz\/sk\/#website","url":"https:\/\/begamer.cz\/sk\/","name":"BeGamer.cz","description":"","publisher":{"@id":"https:\/\/begamer.cz\/sk\/#organization"},"potentialAction":[{"@type":"SearchAction","target":{"@type":"EntryPoint","urlTemplate":"https:\/\/begamer.cz\/sk\/?s={search_term_string}"},"query-input":{"@type":"PropertyValueSpecification","valueRequired":true,"valueName":"search_term_string"}}],"inLanguage":"sk-SK"},{"@type":"Organization","@id":"https:\/\/begamer.cz\/sk\/#organization","name":"BeGamer.cz","url":"https:\/\/begamer.cz\/sk\/","logo":{"@type":"ImageObject","inLanguage":"sk-SK","@id":"https:\/\/begamer.cz\/sk\/#\/schema\/logo\/image\/","url":"https:\/\/begamer.cz\/wp-content\/uploads\/2025\/07\/logo.svg","contentUrl":"https:\/\/begamer.cz\/wp-content\/uploads\/2025\/07\/logo.svg","caption":"BeGamer.cz"},"image":{"@id":"https:\/\/begamer.cz\/sk\/#\/schema\/logo\/image\/"}}]}},"acf":[],"_links":{"self":[{"href":"https:\/\/begamer.cz\/sk\/wp-json\/wp\/v2\/product\/102260","targetHints":{"allow":["GET"]}}],"collection":[{"href":"https:\/\/begamer.cz\/sk\/wp-json\/wp\/v2\/product"}],"about":[{"href":"https:\/\/begamer.cz\/sk\/wp-json\/wp\/v2\/types\/product"}],"replies":[{"embeddable":true,"href":"https:\/\/begamer.cz\/sk\/wp-json\/wp\/v2\/comments?post=102260"}],"wp:featuredmedia":[{"embeddable":true,"href":"https:\/\/begamer.cz\/sk\/wp-json\/wp\/v2\/media\/85711"}],"wp:attachment":[{"href":"https:\/\/begamer.cz\/sk\/wp-json\/wp\/v2\/media?parent=102260"}],"wp:term":[{"taxonomy":"product_brand","embeddable":true,"href":"https:\/\/begamer.cz\/sk\/wp-json\/wp\/v2\/product_brand?post=102260"},{"taxonomy":"product_cat","embeddable":true,"href":"https:\/\/begamer.cz\/sk\/wp-json\/wp\/v2\/product_cat?post=102260"},{"taxonomy":"product_tag","embeddable":true,"href":"https:\/\/begamer.cz\/sk\/wp-json\/wp\/v2\/product_tag?post=102260"}],"curies":[{"name":"wp","href":"https:\/\/api.w.org\/{rel}","templated":true}]}}