{"id":102218,"date":"2026-01-30T18:56:29","date_gmt":"2026-01-30T17:56:29","guid":{"rendered":"https:\/\/begamer.cz\/produkt\/atomfall-deluxe-edition-sk\/"},"modified":"2026-03-11T16:23:27","modified_gmt":"2026-03-11T15:23:27","slug":"atomfall-deluxe-edition-sk","status":"publish","type":"product","link":"https:\/\/begamer.cz\/sk\/produkt\/atomfall-deluxe-edition-sk\/","title":{"rendered":"Atomfall: Deluxe Edition"},"content":{"rendered":"<p>Predobjednajte si Atomfall Deluxe Edition a z\u00edskajte:<br \/>\n\u2022 Cel\u00fa hru Atomfall<br \/>\n\u2022 3 dni pred\u010dasn\u00e9ho pr\u00edstupu<br \/>\n\u2022 \u201eRoz\u0161\u00edrenie pr\u00edbehu\u201c \u2013 (*nie je k dispoz\u00edcii v de\u0148 1):<br \/>\n\u2022 Bal\u00ed\u010dek \u201eZ\u00e1kladn\u00e9 z\u00e1soby\u201c<br \/>\n\u2022 Bal\u00ed\u010dek \u201eVylep\u0161en\u00e9 z\u00e1soby\u201c<\/p>\n","protected":false},"excerpt":{"rendered":"<p>Atomfall: Deluxe Edition je r\u00fdchla taktick\u00e1 plo\u0161inovka s intenz\u00edvnymi bojmi, rozmanit\u00fdmi zbra\u0148ami a dynamick\u00fdmi \u00farov\u0148ami. Ovl\u00e1dnite stealth a presnos\u0165, aby ste prekab\u00e1tili nepriate\u013eov v nap\u00ednav\u00fdch multiplayerov\u00fdch a s\u00f3lov\u00fdch misi\u00e1ch. Obsahuje exkluz\u00edvny obsah a bonusov\u00e9 vybavenie pre vylep\u0161en\u00fd z\u00e1\u017eitok.<\/p>\n","protected":false},"featured_media":85420,"comment_status":"open","ping_status":"closed","template":"","meta":{"_acf_changed":false},"product_brand":[],"product_cat":[270,268,266,308,312],"product_tag":[],"class_list":{"0":"post-102218","1":"product","2":"type-product","3":"status-publish","4":"has-post-thumbnail","6":"product_cat-adventury-pc-hry-sk","7":"product_cat-pc-sk","8":"product_cat-pc-hry-sk","9":"product_cat-rpg-pc-hry-sk","10":"product_cat-steam-pc-sk","11":"pa_audio-en-us","13":"pa_countries-ad","14":"pa_countries-al","15":"pa_countries-at","16":"pa_countries-au","17":"pa_countries-ba","18":"pa_countries-be","19":"pa_countries-bg","20":"pa_countries-ca","21":"pa_countries-ch","22":"pa_countries-cy","23":"pa_countries-cz","24":"pa_countries-de","25":"pa_countries-dk","26":"pa_countries-ee","27":"pa_countries-es","28":"pa_countries-fi","29":"pa_countries-fr","30":"pa_countries-gb","31":"pa_countries-ge","32":"pa_countries-gg","33":"pa_countries-gi","34":"pa_countries-gr","35":"pa_countries-hr","36":"pa_countries-hu","37":"pa_countries-ie","38":"pa_countries-im","39":"pa_countries-is","40":"pa_countries-it","41":"pa_countries-je","42":"pa_countries-li","43":"pa_countries-lt","44":"pa_countries-lu","45":"pa_countries-lv","46":"pa_countries-mc","47":"pa_countries-md","48":"pa_countries-me","49":"pa_countries-mk","50":"pa_countries-mt","51":"pa_countries-nl","52":"pa_countries-no","53":"pa_countries-nz","54":"pa_countries-pl","55":"pa_countries-pt","56":"pa_countries-rs","57":"pa_countries-se","58":"pa_countries-si","59":"pa_countries-sj","60":"pa_countries-sk","61":"pa_countries-sm","62":"pa_countries-ua","63":"pa_countries-us","64":"pa_countries-va","65":"pa_countries-xk","67":"pa_developer-rebellion","68":"pa_game_type-main_game","70":"pa_genres-adventure","71":"pa_genres-role-playing-rpg","73":"pa_interface-de-de","74":"pa_interface-en-us","75":"pa_interface-es-es","76":"pa_interface-fr-fr","77":"pa_interface-it-it","78":"pa_interface-ja-jp","79":"pa_interface-ko-kr","80":"pa_interface-pl-pl","81":"pa_interface-pt-br","82":"pa_interface-ru-ru","84":"pa_interface-zh-cn","85":"pa_interface-zh-tw","86":"pa_modes-single-player","88":"pa_pegi-13426","89":"pa_pegi-794","90":"pa_platform-pc-steam","92":"pa_player_perspectives-first-person","94":"pa_publisher-rebellion","96":"pa_rating-14441","97":"pa_rating-773","98":"pa_region-row","100":"pa_subtitles-de-de","102":"pa_subtitles-en-us","103":"pa_subtitles-es-es","104":"pa_subtitles-fr-fr","105":"pa_subtitles-it-it","106":"pa_subtitles-ja-jp","107":"pa_subtitles-ko-kr","108":"pa_subtitles-pl-pl","109":"pa_subtitles-pt-br","110":"pa_subtitles-ru-ru","111":"pa_subtitles-zh-cn","112":"pa_subtitles-zh-tw","113":"pa_themes-action","114":"pa_themes-survival","117":"first","118":"instock","119":"virtual","120":"taxable","121":"purchasable","122":"product-type-simple"},"yoast_head":"<!-- This site is optimized with the Yoast SEO plugin v27.3 - https:\/\/yoast.com\/product\/yoast-seo-wordpress\/ -->\n<title>Atomfall: Deluxe Edition | BeGamer.cz<\/title>\n<meta name=\"robots\" content=\"index, follow, max-snippet:-1, max-image-preview:large, max-video-preview:-1\" \/>\n<link rel=\"canonical\" href=\"https:\/\/begamer.cz\/sk\/produkt\/atomfall-deluxe-edition-sk\/\" \/>\n<meta property=\"og:locale\" content=\"sk_SK\" \/>\n<meta property=\"og:type\" content=\"article\" \/>\n<meta property=\"og:title\" content=\"Atomfall: Deluxe Edition | BeGamer.cz\" \/>\n<meta property=\"og:description\" content=\"Atomfall: Deluxe Edition je r\u00fdchla taktick\u00e1 plo\u0161inovka s intenz\u00edvnymi bojmi, rozmanit\u00fdmi zbra\u0148ami a dynamick\u00fdmi \u00farov\u0148ami. Ovl\u00e1dnite stealth a presnos\u0165, aby ste prekab\u00e1tili nepriate\u013eov v nap\u00ednav\u00fdch multiplayerov\u00fdch a s\u00f3lov\u00fdch misi\u00e1ch. Obsahuje exkluz\u00edvny obsah a bonusov\u00e9 vybavenie pre vylep\u0161en\u00fd z\u00e1\u017eitok.\" \/>\n<meta property=\"og:url\" content=\"https:\/\/begamer.cz\/sk\/produkt\/atomfall-deluxe-edition-sk\/\" \/>\n<meta property=\"og:site_name\" content=\"BeGamer.cz\" \/>\n<meta property=\"article:modified_time\" content=\"2026-03-11T15:23:27+00:00\" \/>\n<meta property=\"og:image\" content=\"https:\/\/begamer.cz\/wp-content\/uploads\/2026\/01\/atomfall-deluxe-edition-7.webp\" \/>\n\t<meta property=\"og:image:width\" content=\"300\" \/>\n\t<meta property=\"og:image:height\" content=\"400\" \/>\n\t<meta property=\"og:image:type\" content=\"image\/webp\" \/>\n<meta name=\"twitter:card\" content=\"summary_large_image\" \/>\n<script type=\"application\/ld+json\" class=\"yoast-schema-graph\">{\"@context\":\"https:\\\/\\\/schema.org\",\"@graph\":[{\"@type\":\"WebPage\",\"@id\":\"https:\\\/\\\/begamer.cz\\\/sk\\\/produkt\\\/atomfall-deluxe-edition-sk\\\/\",\"url\":\"https:\\\/\\\/begamer.cz\\\/sk\\\/produkt\\\/atomfall-deluxe-edition-sk\\\/\",\"name\":\"Atomfall: Deluxe Edition | BeGamer.cz\",\"isPartOf\":{\"@id\":\"https:\\\/\\\/begamer.cz\\\/sk\\\/#website\"},\"primaryImageOfPage\":{\"@id\":\"https:\\\/\\\/begamer.cz\\\/sk\\\/produkt\\\/atomfall-deluxe-edition-sk\\\/#primaryimage\"},\"image\":{\"@id\":\"https:\\\/\\\/begamer.cz\\\/sk\\\/produkt\\\/atomfall-deluxe-edition-sk\\\/#primaryimage\"},\"thumbnailUrl\":\"https:\\\/\\\/begamer.cz\\\/wp-content\\\/uploads\\\/2026\\\/01\\\/atomfall-deluxe-edition-7.webp\",\"datePublished\":\"2026-01-30T17:56:29+00:00\",\"dateModified\":\"2026-03-11T15:23:27+00:00\",\"breadcrumb\":{\"@id\":\"https:\\\/\\\/begamer.cz\\\/sk\\\/produkt\\\/atomfall-deluxe-edition-sk\\\/#breadcrumb\"},\"inLanguage\":\"sk-SK\",\"potentialAction\":[{\"@type\":\"ReadAction\",\"target\":[\"https:\\\/\\\/begamer.cz\\\/sk\\\/produkt\\\/atomfall-deluxe-edition-sk\\\/\"]}]},{\"@type\":\"ImageObject\",\"inLanguage\":\"sk-SK\",\"@id\":\"https:\\\/\\\/begamer.cz\\\/sk\\\/produkt\\\/atomfall-deluxe-edition-sk\\\/#primaryimage\",\"url\":\"https:\\\/\\\/begamer.cz\\\/wp-content\\\/uploads\\\/2026\\\/01\\\/atomfall-deluxe-edition-7.webp\",\"contentUrl\":\"https:\\\/\\\/begamer.cz\\\/wp-content\\\/uploads\\\/2026\\\/01\\\/atomfall-deluxe-edition-7.webp\",\"width\":300,\"height\":400},{\"@type\":\"BreadcrumbList\",\"@id\":\"https:\\\/\\\/begamer.cz\\\/sk\\\/produkt\\\/atomfall-deluxe-edition-sk\\\/#breadcrumb\",\"itemListElement\":[{\"@type\":\"ListItem\",\"position\":1,\"name\":\"Domov\",\"item\":\"https:\\\/\\\/begamer.cz\\\/sk\\\/\"},{\"@type\":\"ListItem\",\"position\":2,\"name\":\"Obchod\",\"item\":\"https:\\\/\\\/begamer.cz\\\/obchod\\\/\"},{\"@type\":\"ListItem\",\"position\":3,\"name\":\"Atomfall: Deluxe Edition\"}]},{\"@type\":\"WebSite\",\"@id\":\"https:\\\/\\\/begamer.cz\\\/sk\\\/#website\",\"url\":\"https:\\\/\\\/begamer.cz\\\/sk\\\/\",\"name\":\"BeGamer.cz\",\"description\":\"\",\"publisher\":{\"@id\":\"https:\\\/\\\/begamer.cz\\\/sk\\\/#organization\"},\"potentialAction\":[{\"@type\":\"SearchAction\",\"target\":{\"@type\":\"EntryPoint\",\"urlTemplate\":\"https:\\\/\\\/begamer.cz\\\/sk\\\/?s={search_term_string}\"},\"query-input\":{\"@type\":\"PropertyValueSpecification\",\"valueRequired\":true,\"valueName\":\"search_term_string\"}}],\"inLanguage\":\"sk-SK\"},{\"@type\":\"Organization\",\"@id\":\"https:\\\/\\\/begamer.cz\\\/sk\\\/#organization\",\"name\":\"BeGamer.cz\",\"url\":\"https:\\\/\\\/begamer.cz\\\/sk\\\/\",\"logo\":{\"@type\":\"ImageObject\",\"inLanguage\":\"sk-SK\",\"@id\":\"https:\\\/\\\/begamer.cz\\\/sk\\\/#\\\/schema\\\/logo\\\/image\\\/\",\"url\":\"https:\\\/\\\/begamer.cz\\\/wp-content\\\/uploads\\\/2025\\\/07\\\/logo.svg\",\"contentUrl\":\"https:\\\/\\\/begamer.cz\\\/wp-content\\\/uploads\\\/2025\\\/07\\\/logo.svg\",\"caption\":\"BeGamer.cz\"},\"image\":{\"@id\":\"https:\\\/\\\/begamer.cz\\\/sk\\\/#\\\/schema\\\/logo\\\/image\\\/\"}}]}<\/script>\n<!-- \/ Yoast SEO plugin. -->","yoast_head_json":{"title":"Atomfall: Deluxe Edition | BeGamer.cz","robots":{"index":"index","follow":"follow","max-snippet":"max-snippet:-1","max-image-preview":"max-image-preview:large","max-video-preview":"max-video-preview:-1"},"canonical":"https:\/\/begamer.cz\/sk\/produkt\/atomfall-deluxe-edition-sk\/","og_locale":"sk_SK","og_type":"article","og_title":"Atomfall: Deluxe Edition | BeGamer.cz","og_description":"Atomfall: Deluxe Edition je r\u00fdchla taktick\u00e1 plo\u0161inovka s intenz\u00edvnymi bojmi, rozmanit\u00fdmi zbra\u0148ami a dynamick\u00fdmi \u00farov\u0148ami. Ovl\u00e1dnite stealth a presnos\u0165, aby ste prekab\u00e1tili nepriate\u013eov v nap\u00ednav\u00fdch multiplayerov\u00fdch a s\u00f3lov\u00fdch misi\u00e1ch. Obsahuje exkluz\u00edvny obsah a bonusov\u00e9 vybavenie pre vylep\u0161en\u00fd z\u00e1\u017eitok.","og_url":"https:\/\/begamer.cz\/sk\/produkt\/atomfall-deluxe-edition-sk\/","og_site_name":"BeGamer.cz","article_modified_time":"2026-03-11T15:23:27+00:00","og_image":[{"width":300,"height":400,"url":"https:\/\/begamer.cz\/wp-content\/uploads\/2026\/01\/atomfall-deluxe-edition-7.webp","type":"image\/webp"}],"twitter_card":"summary_large_image","schema":{"@context":"https:\/\/schema.org","@graph":[{"@type":"WebPage","@id":"https:\/\/begamer.cz\/sk\/produkt\/atomfall-deluxe-edition-sk\/","url":"https:\/\/begamer.cz\/sk\/produkt\/atomfall-deluxe-edition-sk\/","name":"Atomfall: Deluxe Edition | BeGamer.cz","isPartOf":{"@id":"https:\/\/begamer.cz\/sk\/#website"},"primaryImageOfPage":{"@id":"https:\/\/begamer.cz\/sk\/produkt\/atomfall-deluxe-edition-sk\/#primaryimage"},"image":{"@id":"https:\/\/begamer.cz\/sk\/produkt\/atomfall-deluxe-edition-sk\/#primaryimage"},"thumbnailUrl":"https:\/\/begamer.cz\/wp-content\/uploads\/2026\/01\/atomfall-deluxe-edition-7.webp","datePublished":"2026-01-30T17:56:29+00:00","dateModified":"2026-03-11T15:23:27+00:00","breadcrumb":{"@id":"https:\/\/begamer.cz\/sk\/produkt\/atomfall-deluxe-edition-sk\/#breadcrumb"},"inLanguage":"sk-SK","potentialAction":[{"@type":"ReadAction","target":["https:\/\/begamer.cz\/sk\/produkt\/atomfall-deluxe-edition-sk\/"]}]},{"@type":"ImageObject","inLanguage":"sk-SK","@id":"https:\/\/begamer.cz\/sk\/produkt\/atomfall-deluxe-edition-sk\/#primaryimage","url":"https:\/\/begamer.cz\/wp-content\/uploads\/2026\/01\/atomfall-deluxe-edition-7.webp","contentUrl":"https:\/\/begamer.cz\/wp-content\/uploads\/2026\/01\/atomfall-deluxe-edition-7.webp","width":300,"height":400},{"@type":"BreadcrumbList","@id":"https:\/\/begamer.cz\/sk\/produkt\/atomfall-deluxe-edition-sk\/#breadcrumb","itemListElement":[{"@type":"ListItem","position":1,"name":"Domov","item":"https:\/\/begamer.cz\/sk\/"},{"@type":"ListItem","position":2,"name":"Obchod","item":"https:\/\/begamer.cz\/obchod\/"},{"@type":"ListItem","position":3,"name":"Atomfall: Deluxe Edition"}]},{"@type":"WebSite","@id":"https:\/\/begamer.cz\/sk\/#website","url":"https:\/\/begamer.cz\/sk\/","name":"BeGamer.cz","description":"","publisher":{"@id":"https:\/\/begamer.cz\/sk\/#organization"},"potentialAction":[{"@type":"SearchAction","target":{"@type":"EntryPoint","urlTemplate":"https:\/\/begamer.cz\/sk\/?s={search_term_string}"},"query-input":{"@type":"PropertyValueSpecification","valueRequired":true,"valueName":"search_term_string"}}],"inLanguage":"sk-SK"},{"@type":"Organization","@id":"https:\/\/begamer.cz\/sk\/#organization","name":"BeGamer.cz","url":"https:\/\/begamer.cz\/sk\/","logo":{"@type":"ImageObject","inLanguage":"sk-SK","@id":"https:\/\/begamer.cz\/sk\/#\/schema\/logo\/image\/","url":"https:\/\/begamer.cz\/wp-content\/uploads\/2025\/07\/logo.svg","contentUrl":"https:\/\/begamer.cz\/wp-content\/uploads\/2025\/07\/logo.svg","caption":"BeGamer.cz"},"image":{"@id":"https:\/\/begamer.cz\/sk\/#\/schema\/logo\/image\/"}}]}},"acf":[],"_links":{"self":[{"href":"https:\/\/begamer.cz\/sk\/wp-json\/wp\/v2\/product\/102218","targetHints":{"allow":["GET"]}}],"collection":[{"href":"https:\/\/begamer.cz\/sk\/wp-json\/wp\/v2\/product"}],"about":[{"href":"https:\/\/begamer.cz\/sk\/wp-json\/wp\/v2\/types\/product"}],"replies":[{"embeddable":true,"href":"https:\/\/begamer.cz\/sk\/wp-json\/wp\/v2\/comments?post=102218"}],"wp:featuredmedia":[{"embeddable":true,"href":"https:\/\/begamer.cz\/sk\/wp-json\/wp\/v2\/media\/85420"}],"wp:attachment":[{"href":"https:\/\/begamer.cz\/sk\/wp-json\/wp\/v2\/media?parent=102218"}],"wp:term":[{"taxonomy":"product_brand","embeddable":true,"href":"https:\/\/begamer.cz\/sk\/wp-json\/wp\/v2\/product_brand?post=102218"},{"taxonomy":"product_cat","embeddable":true,"href":"https:\/\/begamer.cz\/sk\/wp-json\/wp\/v2\/product_cat?post=102218"},{"taxonomy":"product_tag","embeddable":true,"href":"https:\/\/begamer.cz\/sk\/wp-json\/wp\/v2\/product_tag?post=102218"}],"curies":[{"name":"wp","href":"https:\/\/api.w.org\/{rel}","templated":true}]}}