{"id":102182,"date":"2026-01-30T18:55:47","date_gmt":"2026-01-30T17:55:47","guid":{"rendered":"https:\/\/begamer.cz\/produkt\/stray-path-sk\/"},"modified":"2026-03-11T16:20:15","modified_gmt":"2026-03-11T15:20:15","slug":"stray-path-sk","status":"publish","type":"product","link":"https:\/\/begamer.cz\/sk\/produkt\/stray-path-sk\/","title":{"rendered":"Stray Path"},"content":{"rendered":"<h1>O hre<\/h1>\n<p class=\"bb_paragraph\" >Stray Path je roguelike kartov\u00e1 hra pln\u00e1 nekone\u010dn\u00fdch mo\u017enost\u00ed. V ka\u017edom kole si vyberte z r\u00f4znych dobrodruhov a prijmite v\u00fdzvy n\u00e1hodne generovan\u00e9ho sveta. Optimalizujte ka\u017ed\u00e9 rozhodnutie: \u010di si ponech\u00e1te alebo odhod\u00edte karty zru\u010dnost\u00ed a predmetov, je \u00faplne na v\u00e1s. Karty \u0165ahajte ako v hre FreeCell a dokonca si m\u00f4\u017eete ulo\u017ei\u0165 dve karty do invent\u00e1ra. Vyberte sa na vzru\u0161uj\u00facu cestu pln\u00fa ot\u00e1\u010dania kariet, ktor\u00e1 v\u00e1s bude bavi\u0165 a\u017e do konca tohto bl\u00fadiaceho sveta!<\/p>\n<p class=\"bb_paragraph\" >\n<p class=\"bb_paragraph\" ><span class=\"bb_img_ctn\"><video class=\"bb_img\" autoplay muted loop playsinline poster=\"https:\/\/shared.akamai.steamstatic.com\/store_item_assets\/steam\/apps\/2531940\/extras\/9032de1813a2dbee43c7e8166069cffe.poster.avif?t=1760022445\" width=600 height=338 ><source src=\"https:\/\/shared.akamai.steamstatic.com\/store_item_assets\/steam\/apps\/2531940\/extras\/9032de1813a2dbee43c7e8166069cffe.webm?t=1760022445\" type=\"video\/webm; codecs=vp9\"><source src=\"https:\/\/shared.akamai.steamstatic.com\/store_item_assets\/steam\/apps\/2531940\/extras\/9032de1813a2dbee43c7e8166069cffe.mp4?t=1760022445\" type=\"video\/mp4\"><\/video><\/span><\/p>\n<h2 class=\"bb_tag\" > <span class=\"bb_img_ctn\"><img decoding=\"async\" class=\"bb_img\" src=\"https:\/\/shared.akamai.steamstatic.com\/store_item_assets\/steam\/apps\/2531940\/extras\/3300e8c4299378ae62b0b285b8f8161d.avif?t=1760022445\" width=600 height=80 \/><\/span><\/h2>\n<p class=\"bb_paragraph\" >V tomto nap\u00ednavom dobrodru\u017estve \u010del\u00edte r\u00f4znym druhom nepriate\u013eov. Odv\u00e1\u017ene sa pust\u00edte do boja alebo m\u00fadro vyhnete s\u00fabojom? Zozbierate vybavenie a predmety z truhl\u00edc alebo ich zahod\u00edte? Va\u0161e rozhodnutia formuj\u00fa v\u00e1\u0161 osud \u2013 vyhra\u0165 alebo zahyn\u00fa\u0165, v\u0161etko je vo va\u0161ich ruk\u00e1ch.<\/p>\n<p class=\"bb_paragraph\" >\n<p class=\"bb_paragraph\" >\n<p class=\"bb_paragraph\" ><span class=\"bb_img_ctn\"><video class=\"bb_img\" autoplay muted loop playsinline poster=\"https:\/\/shared.akamai.steamstatic.com\/store_item_assets\/steam\/apps\/2531940\/extras\/a095634dfe6b88661432e8ce15ca781b.poster.avif?t=1760022445\" width=600 height=338 ><source src=\"https:\/\/shared.akamai.steamstatic.com\/store_item_assets\/steam\/apps\/2531940\/extras\/a095634dfe6b88661432e8ce15ca781b.webm?t=1760022445\" type=\"video\/webm; codecs=vp9\"><source src=\"https:\/\/shared.akamai.steamstatic.com\/store_item_assets\/steam\/apps\/2531940\/extras\/a095634dfe6b88661432e8ce15ca781b.mp4?t=1760022445\" type=\"video\/mp4\"><\/video><\/span><\/p>\n<h2 class=\"bb_tag\" ><span class=\"bb_img_ctn\"><img decoding=\"async\" class=\"bb_img\" src=\"https:\/\/shared.akamai.steamstatic.com\/store_item_assets\/steam\/apps\/2531940\/extras\/bfc2e308f037357b496d112b98a5e507.avif?t=1760022445\" width=600 height=80 \/><\/span><\/h2>\n<p class=\"bb_paragraph\" >Presk\u00famavanie tohto nezn\u00e1meho sveta znamen\u00e1, \u017ee nikdy neviete, \u010do odhal\u00ed \u010fal\u0161ia karta. M\u00f4\u017ee to by\u0165 elitn\u00fd nepriate\u013e, predmet, ktor\u00fd v\u00e1m zachr\u00e1ni \u017eivot, alebo truhlica s cenami pln\u00e1 luxusn\u00e9ho vybavenia. Ka\u017ed\u00e9 oto\u010denie prin\u00e1\u0161a nov\u00fa v\u00fdzvu alebo pr\u00edle\u017eitos\u0165!<\/p>\n<p class=\"bb_paragraph\" >\n<p class=\"bb_paragraph\" >\n<p class=\"bb_paragraph\" ><span class=\"bb_img_ctn\"><video class=\"bb_img\" autoplay muted loop playsinline poster=\"https:\/\/shared.akamai.steamstatic.com\/store_item_assets\/steam\/apps\/2531940\/extras\/be2ce01f0de044fdc818512f910d2870.poster.avif?t=1760022445\" width=600 height=338 ><source src=\"https:\/\/shared.akamai.steamstatic.com\/store_item_assets\/steam\/apps\/2531940\/extras\/be2ce01f0de044fdc818512f910d2870.webm?t=1760022445\" type=\"video\/webm; codecs=vp9\"><source src=\"https:\/\/shared.akamai.steamstatic.com\/store_item_assets\/steam\/apps\/2531940\/extras\/be2ce01f0de044fdc818512f910d2870.mp4?t=1760022445\" type=\"video\/mp4\"><\/video><\/span><\/p>\n<h2 class=\"bb_tag\" ><span class=\"bb_img_ctn\"><img decoding=\"async\" class=\"bb_img\" src=\"https:\/\/shared.akamai.steamstatic.com\/store_item_assets\/steam\/apps\/2531940\/extras\/bfd5b1bffef0734159aa5bec4a5cd584.avif?t=1760022445\" width=600 height=80 \/><\/span><\/h2>\n<p class=\"bb_paragraph\" >Vytvorte si v\u00fdbavu z viac ako 100 kusov v\u00fdstroja a predmetov pre r\u00f4zne postavy. Vysk\u00fa\u0161ajte \u0161irok\u00fa \u0161k\u00e1lu hern\u00fdch \u0161t\u00fdlov v tomto nekone\u010dnom dobrodru\u017estve: sta\u0148te sa nepreniknute\u013enou stenou s ultra vysokou obranou alebo sklenen\u00fdm delom s ni\u010div\u00fdmi \u00fatokmi. Porazte \u010doraz silnej\u0161\u00edch nepriate\u013eov na ceste k v\u00ed\u0165azstvu!<\/p>\n<p class=\"bb_paragraph\" >\n<p class=\"bb_paragraph\" >\n<p class=\"bb_paragraph\" ><span class=\"bb_img_ctn\"><video class=\"bb_img\" autoplay muted loop playsinline poster=\"https:\/\/shared.akamai.steamstatic.com\/store_item_assets\/steam\/apps\/2531940\/extras\/24ebf731e2d9e71f8406301281cf7e66.poster.avif?t=1760022445\" width=600 height=338 ><source src=\"https:\/\/shared.akamai.steamstatic.com\/store_item_assets\/steam\/apps\/2531940\/extras\/24ebf731e2d9e71f8406301281cf7e66.webm?t=1760022445\" type=\"video\/webm; codecs=vp9\"><source src=\"https:\/\/shared.akamai.steamstatic.com\/store_item_assets\/steam\/apps\/2531940\/extras\/24ebf731e2d9e71f8406301281cf7e66.mp4?t=1760022445\" type=\"video\/mp4\"><\/video><\/span><\/p>\n<h2 class=\"bb_tag\" ><\/h2>\n<p class=\"bb_paragraph\" >\u017diadne dve dobrodru\u017estv\u00e1 nie s\u00fa rovnak\u00e9. \u010cel n\u00e1hodne generovan\u00fdm nepriate\u013eom, udalostiam a odmen\u00e1m. R\u00f4zne cesty ved\u00fa k r\u00f4znym v\u00fdzvam a prekvapeniam. Rozhoduj sa m\u00fadro a zisti, \u010do \u0165a \u010dak\u00e1 na konci Stray Path!<\/p>\n<p class=\"bb_paragraph\" >\n<p class=\"bb_paragraph\" >\n<p class=\"bb_paragraph\" ><span class=\"bb_img_ctn\"><video class=\"bb_img\" autoplay muted loop playsinline poster=\"https:\/\/shared.akamai.steamstatic.com\/store_item_assets\/steam\/apps\/2531940\/extras\/710041a058dabf6af22ab0cc35a8128a.poster.avif?t=1760022445\" width=600 height=240 ><source src=\"https:\/\/shared.akamai.steamstatic.com\/store_item_assets\/steam\/apps\/2531940\/extras\/710041a058dabf6af22ab0cc35a8128a.webm?t=1760022445\" type=\"video\/webm; codecs=vp9\"><source src=\"https:\/\/shared.akamai.steamstatic.com\/store_item_assets\/steam\/apps\/2531940\/extras\/710041a058dabf6af22ab0cc35a8128a.mp4?t=1760022445\" type=\"video\/mp4\"><\/video><\/span><\/p>\n","protected":false},"excerpt":{"rendered":"<p>Stray Path je inovat\u00edvna dobrodru\u017en\u00e1 a strategick\u00e1 hra, ktor\u00e1 kombinuje mechaniku FreeCell s roguelike hrate\u013enos\u0165ou. Vyberte si z farebn\u00fdch post\u00e1v a presk\u00famajte n\u00e1hodne generovan\u00fd svet. \u0164ahajte karty, optimalizujte svoje vo\u013eby, vyberte si vybavenie a odha\u013ete tajomstv\u00e1 tohto z\u00e1hadn\u00e9ho sveta!<\/p>\n","protected":false},"featured_media":85243,"comment_status":"open","ping_status":"closed","template":"","meta":{"_acf_changed":false},"product_brand":[],"product_cat":[280,290,268,266,312,318],"product_tag":[],"class_list":{"0":"post-102182","1":"product","2":"type-product","3":"status-publish","4":"has-post-thumbnail","6":"product_cat-dobrodruzne-pc-hry-sk","7":"product_cat-indie-hry-pc-sk","8":"product_cat-pc-sk","9":"product_cat-pc-hry-sk","10":"product_cat-steam-pc-sk","11":"product_cat-strategie-pc-hry-sk","12":"pa_countries-ad","13":"pa_countries-ae","14":"pa_countries-af","15":"pa_countries-ai","16":"pa_countries-am","17":"pa_countries-ao","18":"pa_countries-aq","19":"pa_countries-as","20":"pa_countries-at","21":"pa_countries-au","22":"pa_countries-aw","23":"pa_countries-ax","24":"pa_countries-bd","25":"pa_countries-be","26":"pa_countries-bf","27":"pa_countries-bg","28":"pa_countries-bh","29":"pa_countries-bi","30":"pa_countries-bj","31":"pa_countries-bl","32":"pa_countries-bm","33":"pa_countries-bn","34":"pa_countries-bq","35":"pa_countries-bt","36":"pa_countries-bv","37":"pa_countries-bw","38":"pa_countries-ca","39":"pa_countries-cc","40":"pa_countries-cd","41":"pa_countries-cf","42":"pa_countries-cg","43":"pa_countries-ch","44":"pa_countries-ci","45":"pa_countries-ck","46":"pa_countries-cm","47":"pa_countries-cv","48":"pa_countries-cw","49":"pa_countries-cx","50":"pa_countries-cy","51":"pa_countries-cz","52":"pa_countries-de","53":"pa_countries-dj","54":"pa_countries-dk","55":"pa_countries-dm","56":"pa_countries-dz","57":"pa_countries-ee","58":"pa_countries-eg","59":"pa_countries-eh","60":"pa_countries-er","61":"pa_countries-es","62":"pa_countries-et","63":"pa_countries-fi","64":"pa_countries-fj","65":"pa_countries-fk","66":"pa_countries-fm","67":"pa_countries-fo","68":"pa_countries-fr","69":"pa_countries-ga","70":"pa_countries-gb","71":"pa_countries-gg","72":"pa_countries-gh","73":"pa_countries-gi","74":"pa_countries-gl","75":"pa_countries-gm","76":"pa_countries-gn","77":"pa_countries-gq","78":"pa_countries-gr","79":"pa_countries-gs","80":"pa_countries-gw","81":"pa_countries-gy","82":"pa_countries-hk","83":"pa_countries-hm","84":"pa_countries-hr","85":"pa_countries-hu","86":"pa_countries-id","87":"pa_countries-ie","88":"pa_countries-il","89":"pa_countries-im","90":"pa_countries-in","91":"pa_countries-io","92":"pa_countries-iq","93":"pa_countries-ir","94":"pa_countries-is","95":"pa_countries-it","96":"pa_countries-je","97":"pa_countries-jo","98":"pa_countries-ke","99":"pa_countries-kh","100":"pa_countries-ki","101":"pa_countries-km","102":"pa_countries-kn","103":"pa_countries-kp","104":"pa_countries-kr","105":"pa_countries-kw","106":"pa_countries-ky","107":"pa_countries-la","108":"pa_countries-lb","109":"pa_countries-lc","110":"pa_countries-li","111":"pa_countries-lk","112":"pa_countries-lr","113":"pa_countries-ls","114":"pa_countries-lt","115":"pa_countries-lu","116":"pa_countries-lv","117":"pa_countries-ly","118":"pa_countries-ma","119":"pa_countries-mc","120":"pa_countries-mf","121":"pa_countries-mg","122":"pa_countries-mh","123":"pa_countries-mk","124":"pa_countries-ml","125":"pa_countries-mm","126":"pa_countries-mn","127":"pa_countries-mo","128":"pa_countries-mp","129":"pa_countries-mr","130":"pa_countries-ms","131":"pa_countries-mt","132":"pa_countries-mu","133":"pa_countries-mv","134":"pa_countries-mw","135":"pa_countries-my","136":"pa_countries-mz","137":"pa_countries-na","138":"pa_countries-ne","139":"pa_countries-nf","140":"pa_countries-ng","141":"pa_countries-nl","142":"pa_countries-no","143":"pa_countries-np","144":"pa_countries-nr","145":"pa_countries-nu","146":"pa_countries-nz","147":"pa_countries-om","148":"pa_countries-pg","149":"pa_countries-ph","150":"pa_countries-pk","151":"pa_countries-pl","152":"pa_countries-pm","153":"pa_countries-pn","154":"pa_countries-ps","155":"pa_countries-pt","156":"pa_countries-pw","157":"pa_countries-py","158":"pa_countries-qa","159":"pa_countries-re","160":"pa_countries-ro","161":"pa_countries-rw","162":"pa_countries-sa","163":"pa_countries-sb","164":"pa_countries-sc","165":"pa_countries-sd","166":"pa_countries-se","167":"pa_countries-sh","168":"pa_countries-si","169":"pa_countries-sj","170":"pa_countries-sk","171":"pa_countries-sl","172":"pa_countries-sm","173":"pa_countries-sn","174":"pa_countries-so","175":"pa_countries-sr","176":"pa_countries-ss","178":"pa_countries-st","179":"pa_countries-sx","180":"pa_countries-sy","181":"pa_countries-sz","182":"pa_countries-tc","183":"pa_countries-td","184":"pa_countries-tf","185":"pa_countries-tg","186":"pa_countries-th","187":"pa_countries-tk","188":"pa_countries-tl","189":"pa_countries-tn","190":"pa_countries-to","191":"pa_countries-tv","192":"pa_countries-tz","193":"pa_countries-ug","194":"pa_countries-um","195":"pa_countries-us","196":"pa_countries-va","197":"pa_countries-vc","198":"pa_countries-vi","199":"pa_countries-vn","200":"pa_countries-vu","201":"pa_countries-wf","202":"pa_countries-ws","203":"pa_countries-xk","204":"pa_countries-ye","205":"pa_countries-yt","206":"pa_countries-za","207":"pa_countries-zm","208":"pa_countries-zw","209":"pa_developer-chx-games","210":"pa_game_type-main_game","212":"pa_genres-adventure","213":"pa_genres-card-board-game","215":"pa_genres-indie","216":"pa_genres-strategy","217":"pa_interface-de-de","218":"pa_interface-en-us","219":"pa_interface-fr-fr","220":"pa_interface-it-it","221":"pa_interface-pl-pl","222":"pa_interface-ru-ru","224":"pa_interface-tr-tr","225":"pa_interface-zh-cn","226":"pa_interface-zh-tw","227":"pa_keywords-action-roguelike","228":"pa_keywords-roguelike","230":"pa_modes-single-player","232":"pa_platform-pc-steam","234":"pa_publisher-chx-games","236":"pa_rating-14441","237":"pa_rating-773","238":"pa_region-global","240":"pa_subtitles-de-de","242":"pa_subtitles-en-us","243":"pa_subtitles-fr-fr","244":"pa_subtitles-it-it","245":"pa_subtitles-pl-pl","246":"pa_subtitles-ru-ru","247":"pa_subtitles-tr-tr","248":"pa_subtitles-zh-cn","249":"pa_subtitles-zh-tw","250":"pa_themes-action","253":"first","254":"instock","255":"virtual","256":"taxable","257":"purchasable","258":"product-type-simple"},"yoast_head":"<!-- This site is optimized with the Yoast SEO plugin v27.3 - https:\/\/yoast.com\/product\/yoast-seo-wordpress\/ -->\n<title>Stray Path | BeGamer.cz<\/title>\n<meta name=\"robots\" content=\"index, follow, max-snippet:-1, max-image-preview:large, max-video-preview:-1\" \/>\n<link rel=\"canonical\" href=\"https:\/\/begamer.cz\/sk\/produkt\/stray-path-sk\/\" \/>\n<meta property=\"og:locale\" content=\"sk_SK\" \/>\n<meta property=\"og:type\" content=\"article\" \/>\n<meta property=\"og:title\" content=\"Stray Path | BeGamer.cz\" \/>\n<meta property=\"og:description\" content=\"Stray Path je inovat\u00edvna dobrodru\u017en\u00e1 a strategick\u00e1 hra, ktor\u00e1 kombinuje mechaniku FreeCell s roguelike hrate\u013enos\u0165ou. Vyberte si z farebn\u00fdch post\u00e1v a presk\u00famajte n\u00e1hodne generovan\u00fd svet. \u0164ahajte karty, optimalizujte svoje vo\u013eby, vyberte si vybavenie a odha\u013ete tajomstv\u00e1 tohto z\u00e1hadn\u00e9ho sveta!\" \/>\n<meta property=\"og:url\" content=\"https:\/\/begamer.cz\/sk\/produkt\/stray-path-sk\/\" \/>\n<meta property=\"og:site_name\" content=\"BeGamer.cz\" \/>\n<meta property=\"article:modified_time\" content=\"2026-03-11T15:20:15+00:00\" \/>\n<meta property=\"og:image\" content=\"https:\/\/begamer.cz\/wp-content\/uploads\/2026\/01\/stray-path-5.webp\" \/>\n\t<meta property=\"og:image:width\" content=\"300\" \/>\n\t<meta property=\"og:image:height\" content=\"400\" \/>\n\t<meta property=\"og:image:type\" content=\"image\/webp\" \/>\n<meta name=\"twitter:card\" content=\"summary_large_image\" \/>\n<meta name=\"twitter:label1\" content=\"Predpokladan\u00fd \u010das \u010d\u00edtania\" \/>\n\t<meta name=\"twitter:data1\" content=\"2 min\u00faty\" \/>\n<script type=\"application\/ld+json\" class=\"yoast-schema-graph\">{\"@context\":\"https:\\\/\\\/schema.org\",\"@graph\":[{\"@type\":\"WebPage\",\"@id\":\"https:\\\/\\\/begamer.cz\\\/sk\\\/produkt\\\/stray-path-sk\\\/\",\"url\":\"https:\\\/\\\/begamer.cz\\\/sk\\\/produkt\\\/stray-path-sk\\\/\",\"name\":\"Stray Path | BeGamer.cz\",\"isPartOf\":{\"@id\":\"https:\\\/\\\/begamer.cz\\\/sk\\\/#website\"},\"primaryImageOfPage\":{\"@id\":\"https:\\\/\\\/begamer.cz\\\/sk\\\/produkt\\\/stray-path-sk\\\/#primaryimage\"},\"image\":{\"@id\":\"https:\\\/\\\/begamer.cz\\\/sk\\\/produkt\\\/stray-path-sk\\\/#primaryimage\"},\"thumbnailUrl\":\"https:\\\/\\\/begamer.cz\\\/wp-content\\\/uploads\\\/2026\\\/01\\\/stray-path-5.webp\",\"datePublished\":\"2026-01-30T17:55:47+00:00\",\"dateModified\":\"2026-03-11T15:20:15+00:00\",\"breadcrumb\":{\"@id\":\"https:\\\/\\\/begamer.cz\\\/sk\\\/produkt\\\/stray-path-sk\\\/#breadcrumb\"},\"inLanguage\":\"sk-SK\",\"potentialAction\":[{\"@type\":\"ReadAction\",\"target\":[\"https:\\\/\\\/begamer.cz\\\/sk\\\/produkt\\\/stray-path-sk\\\/\"]}]},{\"@type\":\"ImageObject\",\"inLanguage\":\"sk-SK\",\"@id\":\"https:\\\/\\\/begamer.cz\\\/sk\\\/produkt\\\/stray-path-sk\\\/#primaryimage\",\"url\":\"https:\\\/\\\/begamer.cz\\\/wp-content\\\/uploads\\\/2026\\\/01\\\/stray-path-5.webp\",\"contentUrl\":\"https:\\\/\\\/begamer.cz\\\/wp-content\\\/uploads\\\/2026\\\/01\\\/stray-path-5.webp\",\"width\":300,\"height\":400},{\"@type\":\"BreadcrumbList\",\"@id\":\"https:\\\/\\\/begamer.cz\\\/sk\\\/produkt\\\/stray-path-sk\\\/#breadcrumb\",\"itemListElement\":[{\"@type\":\"ListItem\",\"position\":1,\"name\":\"Domov\",\"item\":\"https:\\\/\\\/begamer.cz\\\/sk\\\/\"},{\"@type\":\"ListItem\",\"position\":2,\"name\":\"Obchod\",\"item\":\"https:\\\/\\\/begamer.cz\\\/obchod\\\/\"},{\"@type\":\"ListItem\",\"position\":3,\"name\":\"Stray Path\"}]},{\"@type\":\"WebSite\",\"@id\":\"https:\\\/\\\/begamer.cz\\\/sk\\\/#website\",\"url\":\"https:\\\/\\\/begamer.cz\\\/sk\\\/\",\"name\":\"BeGamer.cz\",\"description\":\"\",\"publisher\":{\"@id\":\"https:\\\/\\\/begamer.cz\\\/sk\\\/#organization\"},\"potentialAction\":[{\"@type\":\"SearchAction\",\"target\":{\"@type\":\"EntryPoint\",\"urlTemplate\":\"https:\\\/\\\/begamer.cz\\\/sk\\\/?s={search_term_string}\"},\"query-input\":{\"@type\":\"PropertyValueSpecification\",\"valueRequired\":true,\"valueName\":\"search_term_string\"}}],\"inLanguage\":\"sk-SK\"},{\"@type\":\"Organization\",\"@id\":\"https:\\\/\\\/begamer.cz\\\/sk\\\/#organization\",\"name\":\"BeGamer.cz\",\"url\":\"https:\\\/\\\/begamer.cz\\\/sk\\\/\",\"logo\":{\"@type\":\"ImageObject\",\"inLanguage\":\"sk-SK\",\"@id\":\"https:\\\/\\\/begamer.cz\\\/sk\\\/#\\\/schema\\\/logo\\\/image\\\/\",\"url\":\"https:\\\/\\\/begamer.cz\\\/wp-content\\\/uploads\\\/2025\\\/07\\\/logo.svg\",\"contentUrl\":\"https:\\\/\\\/begamer.cz\\\/wp-content\\\/uploads\\\/2025\\\/07\\\/logo.svg\",\"caption\":\"BeGamer.cz\"},\"image\":{\"@id\":\"https:\\\/\\\/begamer.cz\\\/sk\\\/#\\\/schema\\\/logo\\\/image\\\/\"}}]}<\/script>\n<!-- \/ Yoast SEO plugin. -->","yoast_head_json":{"title":"Stray Path | BeGamer.cz","robots":{"index":"index","follow":"follow","max-snippet":"max-snippet:-1","max-image-preview":"max-image-preview:large","max-video-preview":"max-video-preview:-1"},"canonical":"https:\/\/begamer.cz\/sk\/produkt\/stray-path-sk\/","og_locale":"sk_SK","og_type":"article","og_title":"Stray Path | BeGamer.cz","og_description":"Stray Path je inovat\u00edvna dobrodru\u017en\u00e1 a strategick\u00e1 hra, ktor\u00e1 kombinuje mechaniku FreeCell s roguelike hrate\u013enos\u0165ou. Vyberte si z farebn\u00fdch post\u00e1v a presk\u00famajte n\u00e1hodne generovan\u00fd svet. \u0164ahajte karty, optimalizujte svoje vo\u013eby, vyberte si vybavenie a odha\u013ete tajomstv\u00e1 tohto z\u00e1hadn\u00e9ho sveta!","og_url":"https:\/\/begamer.cz\/sk\/produkt\/stray-path-sk\/","og_site_name":"BeGamer.cz","article_modified_time":"2026-03-11T15:20:15+00:00","og_image":[{"width":300,"height":400,"url":"https:\/\/begamer.cz\/wp-content\/uploads\/2026\/01\/stray-path-5.webp","type":"image\/webp"}],"twitter_card":"summary_large_image","twitter_misc":{"Predpokladan\u00fd \u010das \u010d\u00edtania":"2 min\u00faty"},"schema":{"@context":"https:\/\/schema.org","@graph":[{"@type":"WebPage","@id":"https:\/\/begamer.cz\/sk\/produkt\/stray-path-sk\/","url":"https:\/\/begamer.cz\/sk\/produkt\/stray-path-sk\/","name":"Stray Path | BeGamer.cz","isPartOf":{"@id":"https:\/\/begamer.cz\/sk\/#website"},"primaryImageOfPage":{"@id":"https:\/\/begamer.cz\/sk\/produkt\/stray-path-sk\/#primaryimage"},"image":{"@id":"https:\/\/begamer.cz\/sk\/produkt\/stray-path-sk\/#primaryimage"},"thumbnailUrl":"https:\/\/begamer.cz\/wp-content\/uploads\/2026\/01\/stray-path-5.webp","datePublished":"2026-01-30T17:55:47+00:00","dateModified":"2026-03-11T15:20:15+00:00","breadcrumb":{"@id":"https:\/\/begamer.cz\/sk\/produkt\/stray-path-sk\/#breadcrumb"},"inLanguage":"sk-SK","potentialAction":[{"@type":"ReadAction","target":["https:\/\/begamer.cz\/sk\/produkt\/stray-path-sk\/"]}]},{"@type":"ImageObject","inLanguage":"sk-SK","@id":"https:\/\/begamer.cz\/sk\/produkt\/stray-path-sk\/#primaryimage","url":"https:\/\/begamer.cz\/wp-content\/uploads\/2026\/01\/stray-path-5.webp","contentUrl":"https:\/\/begamer.cz\/wp-content\/uploads\/2026\/01\/stray-path-5.webp","width":300,"height":400},{"@type":"BreadcrumbList","@id":"https:\/\/begamer.cz\/sk\/produkt\/stray-path-sk\/#breadcrumb","itemListElement":[{"@type":"ListItem","position":1,"name":"Domov","item":"https:\/\/begamer.cz\/sk\/"},{"@type":"ListItem","position":2,"name":"Obchod","item":"https:\/\/begamer.cz\/obchod\/"},{"@type":"ListItem","position":3,"name":"Stray Path"}]},{"@type":"WebSite","@id":"https:\/\/begamer.cz\/sk\/#website","url":"https:\/\/begamer.cz\/sk\/","name":"BeGamer.cz","description":"","publisher":{"@id":"https:\/\/begamer.cz\/sk\/#organization"},"potentialAction":[{"@type":"SearchAction","target":{"@type":"EntryPoint","urlTemplate":"https:\/\/begamer.cz\/sk\/?s={search_term_string}"},"query-input":{"@type":"PropertyValueSpecification","valueRequired":true,"valueName":"search_term_string"}}],"inLanguage":"sk-SK"},{"@type":"Organization","@id":"https:\/\/begamer.cz\/sk\/#organization","name":"BeGamer.cz","url":"https:\/\/begamer.cz\/sk\/","logo":{"@type":"ImageObject","inLanguage":"sk-SK","@id":"https:\/\/begamer.cz\/sk\/#\/schema\/logo\/image\/","url":"https:\/\/begamer.cz\/wp-content\/uploads\/2025\/07\/logo.svg","contentUrl":"https:\/\/begamer.cz\/wp-content\/uploads\/2025\/07\/logo.svg","caption":"BeGamer.cz"},"image":{"@id":"https:\/\/begamer.cz\/sk\/#\/schema\/logo\/image\/"}}]}},"acf":[],"_links":{"self":[{"href":"https:\/\/begamer.cz\/sk\/wp-json\/wp\/v2\/product\/102182","targetHints":{"allow":["GET"]}}],"collection":[{"href":"https:\/\/begamer.cz\/sk\/wp-json\/wp\/v2\/product"}],"about":[{"href":"https:\/\/begamer.cz\/sk\/wp-json\/wp\/v2\/types\/product"}],"replies":[{"embeddable":true,"href":"https:\/\/begamer.cz\/sk\/wp-json\/wp\/v2\/comments?post=102182"}],"wp:featuredmedia":[{"embeddable":true,"href":"https:\/\/begamer.cz\/sk\/wp-json\/wp\/v2\/media\/85243"}],"wp:attachment":[{"href":"https:\/\/begamer.cz\/sk\/wp-json\/wp\/v2\/media?parent=102182"}],"wp:term":[{"taxonomy":"product_brand","embeddable":true,"href":"https:\/\/begamer.cz\/sk\/wp-json\/wp\/v2\/product_brand?post=102182"},{"taxonomy":"product_cat","embeddable":true,"href":"https:\/\/begamer.cz\/sk\/wp-json\/wp\/v2\/product_cat?post=102182"},{"taxonomy":"product_tag","embeddable":true,"href":"https:\/\/begamer.cz\/sk\/wp-json\/wp\/v2\/product_tag?post=102182"}],"curies":[{"name":"wp","href":"https:\/\/api.w.org\/{rel}","templated":true}]}}