{"id":102161,"date":"2026-01-30T18:55:18","date_gmt":"2026-01-30T17:55:18","guid":{"rendered":"https:\/\/begamer.cz\/produkt\/tools-up-ultimate-edition-sk\/"},"modified":"2026-03-11T16:18:23","modified_gmt":"2026-03-11T15:18:23","slug":"tools-up-ultimate-edition-sk","status":"publish","type":"product","link":"https:\/\/begamer.cz\/sk\/produkt\/tools-up-ultimate-edition-sk\/","title":{"rendered":"Tools Up!: Ultimate Edition"},"content":{"rendered":"<p>Tools Up! Ultimate Edition poskytuje hr\u00e1\u010dom pr\u00edstup k cel\u00e9mu bal\u00edku Tools Up! pln\u00e9mu chaosu, vr\u00e1tane z\u00e1kladnej hry, v\u0161etk\u00fdch DLC a aktualiz\u00e1ci\u00ed.<\/p>\n<p><span class=\"bb_img_ctn\"><img decoding=\"async\" class=\"bb_img\" src=\"https:\/\/shared.akamai.steamstatic.com\/store_item_assets\/steam\/apps\/2551920\/extras\/ec08330763f93e1cc3c6fd3a74fe93f8.avif?t=1757675789\" width=616 height=110 \/><\/span><br \/>Chopte sa n\u00e1radia a prilieb, \u010dak\u00e1 n\u00e1s renov\u00e1cia domovov. Tools Up! je chaotick\u00e1 lok\u00e1lna kooperat\u00edvna hra, ktor\u00e1 otestuje va\u0161e renova\u010dn\u00e9 a t\u00edmov\u00e9 zru\u010dnosti. Prebojujte sa cez rozsiahly komplex bytov a renovujte st\u00e1le zlo\u017eitej\u0161ie domy, aby ste splnili presn\u00e9 (ale \u010dasto bizarn\u00e9) po\u017eiadavky miestnych n\u00e1jomn\u00edkov.<\/p>\n<p><span class=\"bb_img_ctn\"><video class=\"bb_img\" autoplay muted loop playsinline poster=\"https:\/\/shared.akamai.steamstatic.com\/store_item_assets\/steam\/apps\/2551920\/extras\/46bc5a4a52b71fe5938e860842e62782.poster.avif?t=1757675789\" width=616 height=250 ><source src=\"https:\/\/shared.akamai.steamstatic.com\/store_item_assets\/steam\/apps\/2551920\/extras\/46bc5a4a52b71fe5938e860842e62782.webm?t=1757675789\" type=\"video\/webm; codecs=vp9\"><source src=\"https:\/\/shared.akamai.steamstatic.com\/store_item_assets\/steam\/apps\/2551920\/extras\/46bc5a4a52b71fe5938e860842e62782.mp4?t=1757675789\" type=\"video\/mp4\"><\/video><\/span><\/p>\n<p><span class=\"bb_img_ctn\"><img decoding=\"async\" class=\"bb_img\" src=\"https:\/\/shared.akamai.steamstatic.com\/store_item_assets\/steam\/apps\/2551920\/extras\/9f642cdbafa057a71cb160489b1058bb.avif?t=1757675789\" width=616 height=110 \/><\/span><br \/>Hrajte s a\u017e 4 priate\u013emi, aby ste zv\u00fd\u0161ili efektivitu alebo \u00fapln\u00fd chaos v\u00e1\u0161ho renova\u010dn\u00e9ho t\u00edmu. POZN\u00c1MKA: T\u00e1to hra podporuje iba lok\u00e1lnu kooper\u00e1ciu na gau\u010di a Steam Remote Play Together; neexistuje samostatn\u00fd online multiplayer. Hru je mo\u017en\u00e9 hra\u0165 v re\u017eime pre jedn\u00e9ho hr\u00e1\u010da, ale odpor\u00fa\u010da sa hra\u0165 s aspo\u0148 jednou \u010fal\u0161ou osobou. Nie<\/p>\n<p><span class=\"bb_img_ctn\"><video class=\"bb_img\" autoplay muted loop playsinline poster=\"https:\/\/shared.akamai.steamstatic.com\/store_item_assets\/steam\/apps\/2551920\/extras\/fca761d75e1ca3edeeee6ee8cec3912d.poster.avif?t=1757675789\" width=616 height=250 ><source src=\"https:\/\/shared.akamai.steamstatic.com\/store_item_assets\/steam\/apps\/2551920\/extras\/fca761d75e1ca3edeeee6ee8cec3912d.webm?t=1757675789\" type=\"video\/webm; codecs=vp9\"><source src=\"https:\/\/shared.akamai.steamstatic.com\/store_item_assets\/steam\/apps\/2551920\/extras\/fca761d75e1ca3edeeee6ee8cec3912d.mp4?t=1757675789\" type=\"video\/mp4\"><\/video><\/span><\/p>\n<p><span class=\"bb_img_ctn\"><img decoding=\"async\" class=\"bb_img\" src=\"https:\/\/shared.akamai.steamstatic.com\/store_item_assets\/steam\/apps\/2551920\/extras\/e4ac9167be5df2c6e9a03f2701fb237c.avif?t=1757675789\" width=616 height=110 \/><\/span><br \/>je to jednoduch\u00e1 \u00faloha, preto sme privolali nieko\u013ek\u00fdch profesion\u00e1lov \u2013 no, tak trochu. V ka\u017edej \u00farovni mus\u00edte zvl\u00e1dnu\u0165 ve\u013ea \u00faloh a nespravi\u0165 pri tom neporiadok. Zameta\u0165 po demola\u010dn\u00fdch pracovn\u00edkoch, ma\u013eova\u0165 steny, kl\u00e1s\u0165 dla\u017edice, tapetova\u0165, zbiera\u0165 dod\u00e1vky a upratova\u0165 po sebe, a to len na za\u010diatok.<\/p>\n<p><span class=\"bb_img_ctn\"><video class=\"bb_img\" autoplay muted loop playsinline poster=\"https:\/\/shared.akamai.steamstatic.com\/store_item_assets\/steam\/apps\/2551920\/extras\/483024509ca97e90f93b692b7e4a080b.poster.avif?t=1757675789\" width=616 height=250 ><source src=\"https:\/\/shared.akamai.steamstatic.com\/store_item_assets\/steam\/apps\/2551920\/extras\/483024509ca97e90f93b692b7e4a080b.webm?t=1757675789\" type=\"video\/webm; codecs=vp9\"><source src=\"https:\/\/shared.akamai.steamstatic.com\/store_item_assets\/steam\/apps\/2551920\/extras\/483024509ca97e90f93b692b7e4a080b.mp4?t=1757675789\" type=\"video\/mp4\"><\/video><\/span><\/p>\n<p><span class=\"bb_img_ctn\"><img decoding=\"async\" class=\"bb_img\" src=\"https:\/\/shared.akamai.steamstatic.com\/store_item_assets\/steam\/apps\/2551920\/extras\/cc76ee7b5aaf2fc8c0af541dc9fc4731.avif?t=1757675789\" width=616 height=110 \/><\/span><br \/>Zbrusu nov\u00fd re\u017eim hr\u00e1\u010d proti hr\u00e1\u010dovi, v ktorom sa v\u00e1\u0161 t\u00edm renov\u00e1torov postav\u00ed proti sebe! S\u00fa\u0165a\u017ete o dokon\u010denie \u010do najviac \u00faloh, ale z\u00e1rove\u0148 ru\u0161te ostatn\u00e9 t\u00edmy na ka\u017edom kroku. R\u00f4zne modifik\u00e1tory hry udr\u017eia v\u0161etk\u00fdch v strehu a je mo\u017en\u00e9 hra\u0165 v r\u00f4znych kombin\u00e1ci\u00e1ch a\u017e pre 4 hr\u00e1\u010dov, napr. 1v1, 2v2, 1v2v1, 1v1v1, 1v1v1v1 at\u010f.<\/p>\n<p><span class=\"bb_img_ctn\"><video class=\"bb_img\" autoplay muted loop playsinline poster=\"https:\/\/shared.akamai.steamstatic.com\/store_item_assets\/steam\/apps\/2551920\/extras\/324cf10b41f77c040f726d71308cf13d.poster.avif?t=1757675789\" width=616 height=250 ><source src=\"https:\/\/shared.akamai.steamstatic.com\/store_item_assets\/steam\/apps\/2551920\/extras\/324cf10b41f77c040f726d71308cf13d.webm?t=1757675789\" type=\"video\/webm; codecs=vp9\"><source src=\"https:\/\/shared.akamai.steamstatic.com\/store_item_assets\/steam\/apps\/2551920\/extras\/324cf10b41f77c040f726d71308cf13d.mp4?t=1757675789\" type=\"video\/mp4\"><\/video><\/span><\/p>\n<p><span class=\"bb_img_ctn\"><img decoding=\"async\" class=\"bb_img\" src=\"https:\/\/shared.akamai.steamstatic.com\/store_item_assets\/steam\/apps\/2551920\/extras\/a8f06062e9835eeda1a36fdee5d91786.avif?t=1757675789\" width=616 height=110 \/><\/span><br \/>Tools Up! Ultimate Edition obsahuje v\u0161etk\u00fdch 45 \u00farovn\u00ed DLC Garden Party. Ponorte sa do \u00farovn\u00ed zasaden\u00fdch do jari, leta a jesene, kde va\u0161a partia renov\u00e1torov vonkaj\u0161\u00edch priestorov prestavuje terasy, s\u00e1dza stromy, upravuje tr\u00e1vniky a zaober\u00e1 sa nieko\u013ek\u00fdmi otravn\u00fdmi medved\u00edkmi \u010distotn\u00fdmi alebo krtkami.<\/p>\n<p><span class=\"bb_img_ctn\"><video class=\"bb_img\" autoplay muted loop playsinline poster=\"https:\/\/shared.akamai.steamstatic.com\/store_item_assets\/steam\/apps\/2551920\/extras\/b9a358fbd3b5c623b2e77a1bdce57243.poster.avif?t=1757675789\" width=616 height=250 ><source src=\"https:\/\/shared.akamai.steamstatic.com\/store_item_assets\/steam\/apps\/2551920\/extras\/b9a358fbd3b5c623b2e77a1bdce57243.webm?t=1757675789\" type=\"video\/webm; codecs=vp9\"><source src=\"https:\/\/shared.akamai.steamstatic.com\/store_item_assets\/steam\/apps\/2551920\/extras\/b9a358fbd3b5c623b2e77a1bdce57243.mp4?t=1757675789\" type=\"video\/mp4\"><\/video><\/span><\/p>\n<p>Ka\u017ed\u00fd bal\u00edk \u00farovn\u00ed s tematikou ro\u010dn\u00fdch obdob\u00ed prin\u00e1\u0161a nov\u00e9 mechaniky, nastavenia a na konci mocn\u00fd boj s bossom!<\/p>\n","protected":false},"excerpt":{"rendered":"<p>Tools Up! Ultimate Edition je chaotick\u00e1, lok\u00e1lna kooperat\u00edvna hra, v ktorej ide o renov\u00e1ciu domovov a exteri\u00e9rov. Obsahuje v\u0161etky aktualiz\u00e1cie, obsah a DLC v jednom bal\u00edku a podporuje a\u017e 4 hr\u00e1\u010dov.<\/p>\n","protected":false},"featured_media":85003,"comment_status":"open","ping_status":"closed","template":"","meta":{"_acf_changed":false},"product_brand":[],"product_cat":[274,294,268,266,314,312],"product_tag":[],"class_list":{"0":"post-102161","1":"product","2":"type-product","3":"status-publish","4":"has-post-thumbnail","6":"product_cat-arkady-pc-hry-sk","7":"product_cat-logicke-pc-hry-sk","8":"product_cat-pc-sk","9":"product_cat-pc-hry-sk","10":"product_cat-simulatory-pc-hry-sk","11":"product_cat-steam-pc-sk","12":"pa_audio-en-us","14":"pa_developer-the-knights-of-unity","15":"pa_engine-unity-4","17":"pa_game_type-main_game","19":"pa_genres-arcade","21":"pa_genres-platform","22":"pa_genres-puzzle","23":"pa_genres-simulator","24":"pa_interface-de-de","25":"pa_interface-en-us","26":"pa_interface-es-es","27":"pa_interface-es-mx","28":"pa_interface-fr-fr","29":"pa_interface-it-it","30":"pa_interface-ja-jp","31":"pa_interface-ko-kr","32":"pa_interface-pl-pl","33":"pa_interface-pt-br","34":"pa_interface-pt-pt","36":"pa_interface-ru-ru","37":"pa_interface-zh-cn","38":"pa_interface-zh-tw","39":"pa_modes-co-operative","40":"pa_modes-multiplayer","42":"pa_modes-single-player","43":"pa_pegi-943","44":"pa_pegi-13430","45":"pa_platform-pc-steam","47":"pa_player_perspectives-bird-view-isometric","49":"pa_publisher-untold-tales","51":"pa_rating-14441","52":"pa_rating-773","53":"pa_region-global","55":"pa_themes-action","56":"pa_themes-kids","57":"pa_themes-party","60":"first","61":"instock","62":"virtual","63":"taxable","64":"purchasable","65":"product-type-simple"},"yoast_head":"<!-- This site is optimized with the Yoast SEO plugin v27.3 - https:\/\/yoast.com\/product\/yoast-seo-wordpress\/ -->\n<title>Tools Up!: Ultimate Edition | BeGamer.cz<\/title>\n<meta name=\"robots\" content=\"index, follow, max-snippet:-1, max-image-preview:large, max-video-preview:-1\" \/>\n<link rel=\"canonical\" href=\"https:\/\/begamer.cz\/sk\/produkt\/tools-up-ultimate-edition-sk\/\" \/>\n<meta property=\"og:locale\" content=\"sk_SK\" \/>\n<meta property=\"og:type\" content=\"article\" \/>\n<meta property=\"og:title\" content=\"Tools Up!: Ultimate Edition | BeGamer.cz\" \/>\n<meta property=\"og:description\" content=\"Tools Up! Ultimate Edition je chaotick\u00e1, lok\u00e1lna kooperat\u00edvna hra, v ktorej ide o renov\u00e1ciu domovov a exteri\u00e9rov. Obsahuje v\u0161etky aktualiz\u00e1cie, obsah a DLC v jednom bal\u00edku a podporuje a\u017e 4 hr\u00e1\u010dov.\" \/>\n<meta property=\"og:url\" content=\"https:\/\/begamer.cz\/sk\/produkt\/tools-up-ultimate-edition-sk\/\" \/>\n<meta property=\"og:site_name\" content=\"BeGamer.cz\" \/>\n<meta property=\"article:modified_time\" content=\"2026-03-11T15:18:23+00:00\" \/>\n<meta property=\"og:image\" content=\"https:\/\/begamer.cz\/wp-content\/uploads\/2026\/01\/tools-up-ultimate-edition-10.webp\" \/>\n\t<meta property=\"og:image:width\" content=\"300\" \/>\n\t<meta property=\"og:image:height\" content=\"400\" \/>\n\t<meta property=\"og:image:type\" content=\"image\/webp\" \/>\n<meta name=\"twitter:card\" content=\"summary_large_image\" \/>\n<meta name=\"twitter:label1\" content=\"Predpokladan\u00fd \u010das \u010d\u00edtania\" \/>\n\t<meta name=\"twitter:data1\" content=\"2 min\u00faty\" \/>\n<script type=\"application\/ld+json\" class=\"yoast-schema-graph\">{\"@context\":\"https:\\\/\\\/schema.org\",\"@graph\":[{\"@type\":\"WebPage\",\"@id\":\"https:\\\/\\\/begamer.cz\\\/sk\\\/produkt\\\/tools-up-ultimate-edition-sk\\\/\",\"url\":\"https:\\\/\\\/begamer.cz\\\/sk\\\/produkt\\\/tools-up-ultimate-edition-sk\\\/\",\"name\":\"Tools Up!: Ultimate Edition | BeGamer.cz\",\"isPartOf\":{\"@id\":\"https:\\\/\\\/begamer.cz\\\/sk\\\/#website\"},\"primaryImageOfPage\":{\"@id\":\"https:\\\/\\\/begamer.cz\\\/sk\\\/produkt\\\/tools-up-ultimate-edition-sk\\\/#primaryimage\"},\"image\":{\"@id\":\"https:\\\/\\\/begamer.cz\\\/sk\\\/produkt\\\/tools-up-ultimate-edition-sk\\\/#primaryimage\"},\"thumbnailUrl\":\"https:\\\/\\\/begamer.cz\\\/wp-content\\\/uploads\\\/2026\\\/01\\\/tools-up-ultimate-edition-10.webp\",\"datePublished\":\"2026-01-30T17:55:18+00:00\",\"dateModified\":\"2026-03-11T15:18:23+00:00\",\"breadcrumb\":{\"@id\":\"https:\\\/\\\/begamer.cz\\\/sk\\\/produkt\\\/tools-up-ultimate-edition-sk\\\/#breadcrumb\"},\"inLanguage\":\"sk-SK\",\"potentialAction\":[{\"@type\":\"ReadAction\",\"target\":[\"https:\\\/\\\/begamer.cz\\\/sk\\\/produkt\\\/tools-up-ultimate-edition-sk\\\/\"]}]},{\"@type\":\"ImageObject\",\"inLanguage\":\"sk-SK\",\"@id\":\"https:\\\/\\\/begamer.cz\\\/sk\\\/produkt\\\/tools-up-ultimate-edition-sk\\\/#primaryimage\",\"url\":\"https:\\\/\\\/begamer.cz\\\/wp-content\\\/uploads\\\/2026\\\/01\\\/tools-up-ultimate-edition-10.webp\",\"contentUrl\":\"https:\\\/\\\/begamer.cz\\\/wp-content\\\/uploads\\\/2026\\\/01\\\/tools-up-ultimate-edition-10.webp\",\"width\":300,\"height\":400},{\"@type\":\"BreadcrumbList\",\"@id\":\"https:\\\/\\\/begamer.cz\\\/sk\\\/produkt\\\/tools-up-ultimate-edition-sk\\\/#breadcrumb\",\"itemListElement\":[{\"@type\":\"ListItem\",\"position\":1,\"name\":\"Domov\",\"item\":\"https:\\\/\\\/begamer.cz\\\/sk\\\/\"},{\"@type\":\"ListItem\",\"position\":2,\"name\":\"Obchod\",\"item\":\"https:\\\/\\\/begamer.cz\\\/obchod\\\/\"},{\"@type\":\"ListItem\",\"position\":3,\"name\":\"Tools Up!: Ultimate Edition\"}]},{\"@type\":\"WebSite\",\"@id\":\"https:\\\/\\\/begamer.cz\\\/sk\\\/#website\",\"url\":\"https:\\\/\\\/begamer.cz\\\/sk\\\/\",\"name\":\"BeGamer.cz\",\"description\":\"\",\"publisher\":{\"@id\":\"https:\\\/\\\/begamer.cz\\\/sk\\\/#organization\"},\"potentialAction\":[{\"@type\":\"SearchAction\",\"target\":{\"@type\":\"EntryPoint\",\"urlTemplate\":\"https:\\\/\\\/begamer.cz\\\/sk\\\/?s={search_term_string}\"},\"query-input\":{\"@type\":\"PropertyValueSpecification\",\"valueRequired\":true,\"valueName\":\"search_term_string\"}}],\"inLanguage\":\"sk-SK\"},{\"@type\":\"Organization\",\"@id\":\"https:\\\/\\\/begamer.cz\\\/sk\\\/#organization\",\"name\":\"BeGamer.cz\",\"url\":\"https:\\\/\\\/begamer.cz\\\/sk\\\/\",\"logo\":{\"@type\":\"ImageObject\",\"inLanguage\":\"sk-SK\",\"@id\":\"https:\\\/\\\/begamer.cz\\\/sk\\\/#\\\/schema\\\/logo\\\/image\\\/\",\"url\":\"https:\\\/\\\/begamer.cz\\\/wp-content\\\/uploads\\\/2025\\\/07\\\/logo.svg\",\"contentUrl\":\"https:\\\/\\\/begamer.cz\\\/wp-content\\\/uploads\\\/2025\\\/07\\\/logo.svg\",\"caption\":\"BeGamer.cz\"},\"image\":{\"@id\":\"https:\\\/\\\/begamer.cz\\\/sk\\\/#\\\/schema\\\/logo\\\/image\\\/\"}}]}<\/script>\n<!-- \/ Yoast SEO plugin. -->","yoast_head_json":{"title":"Tools Up!: Ultimate Edition | BeGamer.cz","robots":{"index":"index","follow":"follow","max-snippet":"max-snippet:-1","max-image-preview":"max-image-preview:large","max-video-preview":"max-video-preview:-1"},"canonical":"https:\/\/begamer.cz\/sk\/produkt\/tools-up-ultimate-edition-sk\/","og_locale":"sk_SK","og_type":"article","og_title":"Tools Up!: Ultimate Edition | BeGamer.cz","og_description":"Tools Up! Ultimate Edition je chaotick\u00e1, lok\u00e1lna kooperat\u00edvna hra, v ktorej ide o renov\u00e1ciu domovov a exteri\u00e9rov. Obsahuje v\u0161etky aktualiz\u00e1cie, obsah a DLC v jednom bal\u00edku a podporuje a\u017e 4 hr\u00e1\u010dov.","og_url":"https:\/\/begamer.cz\/sk\/produkt\/tools-up-ultimate-edition-sk\/","og_site_name":"BeGamer.cz","article_modified_time":"2026-03-11T15:18:23+00:00","og_image":[{"width":300,"height":400,"url":"https:\/\/begamer.cz\/wp-content\/uploads\/2026\/01\/tools-up-ultimate-edition-10.webp","type":"image\/webp"}],"twitter_card":"summary_large_image","twitter_misc":{"Predpokladan\u00fd \u010das \u010d\u00edtania":"2 min\u00faty"},"schema":{"@context":"https:\/\/schema.org","@graph":[{"@type":"WebPage","@id":"https:\/\/begamer.cz\/sk\/produkt\/tools-up-ultimate-edition-sk\/","url":"https:\/\/begamer.cz\/sk\/produkt\/tools-up-ultimate-edition-sk\/","name":"Tools Up!: Ultimate Edition | BeGamer.cz","isPartOf":{"@id":"https:\/\/begamer.cz\/sk\/#website"},"primaryImageOfPage":{"@id":"https:\/\/begamer.cz\/sk\/produkt\/tools-up-ultimate-edition-sk\/#primaryimage"},"image":{"@id":"https:\/\/begamer.cz\/sk\/produkt\/tools-up-ultimate-edition-sk\/#primaryimage"},"thumbnailUrl":"https:\/\/begamer.cz\/wp-content\/uploads\/2026\/01\/tools-up-ultimate-edition-10.webp","datePublished":"2026-01-30T17:55:18+00:00","dateModified":"2026-03-11T15:18:23+00:00","breadcrumb":{"@id":"https:\/\/begamer.cz\/sk\/produkt\/tools-up-ultimate-edition-sk\/#breadcrumb"},"inLanguage":"sk-SK","potentialAction":[{"@type":"ReadAction","target":["https:\/\/begamer.cz\/sk\/produkt\/tools-up-ultimate-edition-sk\/"]}]},{"@type":"ImageObject","inLanguage":"sk-SK","@id":"https:\/\/begamer.cz\/sk\/produkt\/tools-up-ultimate-edition-sk\/#primaryimage","url":"https:\/\/begamer.cz\/wp-content\/uploads\/2026\/01\/tools-up-ultimate-edition-10.webp","contentUrl":"https:\/\/begamer.cz\/wp-content\/uploads\/2026\/01\/tools-up-ultimate-edition-10.webp","width":300,"height":400},{"@type":"BreadcrumbList","@id":"https:\/\/begamer.cz\/sk\/produkt\/tools-up-ultimate-edition-sk\/#breadcrumb","itemListElement":[{"@type":"ListItem","position":1,"name":"Domov","item":"https:\/\/begamer.cz\/sk\/"},{"@type":"ListItem","position":2,"name":"Obchod","item":"https:\/\/begamer.cz\/obchod\/"},{"@type":"ListItem","position":3,"name":"Tools Up!: Ultimate Edition"}]},{"@type":"WebSite","@id":"https:\/\/begamer.cz\/sk\/#website","url":"https:\/\/begamer.cz\/sk\/","name":"BeGamer.cz","description":"","publisher":{"@id":"https:\/\/begamer.cz\/sk\/#organization"},"potentialAction":[{"@type":"SearchAction","target":{"@type":"EntryPoint","urlTemplate":"https:\/\/begamer.cz\/sk\/?s={search_term_string}"},"query-input":{"@type":"PropertyValueSpecification","valueRequired":true,"valueName":"search_term_string"}}],"inLanguage":"sk-SK"},{"@type":"Organization","@id":"https:\/\/begamer.cz\/sk\/#organization","name":"BeGamer.cz","url":"https:\/\/begamer.cz\/sk\/","logo":{"@type":"ImageObject","inLanguage":"sk-SK","@id":"https:\/\/begamer.cz\/sk\/#\/schema\/logo\/image\/","url":"https:\/\/begamer.cz\/wp-content\/uploads\/2025\/07\/logo.svg","contentUrl":"https:\/\/begamer.cz\/wp-content\/uploads\/2025\/07\/logo.svg","caption":"BeGamer.cz"},"image":{"@id":"https:\/\/begamer.cz\/sk\/#\/schema\/logo\/image\/"}}]}},"acf":[],"_links":{"self":[{"href":"https:\/\/begamer.cz\/sk\/wp-json\/wp\/v2\/product\/102161","targetHints":{"allow":["GET"]}}],"collection":[{"href":"https:\/\/begamer.cz\/sk\/wp-json\/wp\/v2\/product"}],"about":[{"href":"https:\/\/begamer.cz\/sk\/wp-json\/wp\/v2\/types\/product"}],"replies":[{"embeddable":true,"href":"https:\/\/begamer.cz\/sk\/wp-json\/wp\/v2\/comments?post=102161"}],"wp:featuredmedia":[{"embeddable":true,"href":"https:\/\/begamer.cz\/sk\/wp-json\/wp\/v2\/media\/85003"}],"wp:attachment":[{"href":"https:\/\/begamer.cz\/sk\/wp-json\/wp\/v2\/media?parent=102161"}],"wp:term":[{"taxonomy":"product_brand","embeddable":true,"href":"https:\/\/begamer.cz\/sk\/wp-json\/wp\/v2\/product_brand?post=102161"},{"taxonomy":"product_cat","embeddable":true,"href":"https:\/\/begamer.cz\/sk\/wp-json\/wp\/v2\/product_cat?post=102161"},{"taxonomy":"product_tag","embeddable":true,"href":"https:\/\/begamer.cz\/sk\/wp-json\/wp\/v2\/product_tag?post=102161"}],"curies":[{"name":"wp","href":"https:\/\/api.w.org\/{rel}","templated":true}]}}