{"id":102065,"date":"2026-01-30T18:53:05","date_gmt":"2026-01-30T17:53:05","guid":{"rendered":"https:\/\/begamer.cz\/produkt\/warhammer-40000-battlesector-daemons-of-khorne-sk\/"},"modified":"2026-03-11T16:10:13","modified_gmt":"2026-03-11T15:10:13","slug":"warhammer-40000-battlesector-daemons-of-khorne-sk","status":"publish","type":"product","link":"https:\/\/begamer.cz\/sk\/produkt\/warhammer-40000-battlesector-daemons-of-khorne-sk\/","title":{"rendered":"Warhammer 40,000: Battlesector \u2013 Daemons of Khorne"},"content":{"rendered":"<h2 class=\"bb_tag\" >Daemons of Khorne sa objavili ako hrate\u013en\u00e1 frakcia v Battlesector! <\/h2>\n<p>Tieto warpom poh\u00e1\u0148an\u00e9 prejavy hnevu a n\u00e1silia s\u00fa najnov\u0161ou hrate\u013enou frakciou v hre Warhammer 40,000: Battlesector. K dispoz\u00edcii je osem vra\u017eedn\u00fdch jednotiek, vr\u00e1tane desiv\u00e9ho d\u00e9monsk\u00e9ho princa, ktor\u00e9 prines\u00fa chaos do galaxie. Vezmite svoje arm\u00e1dy Krvav\u00fdch l\u00e9gi\u00ed do pot\u00fd\u010dok a multiplayerov\u00fdch bitiek alebo do kampane Planetary Supremacy.<\/p>\n<h2 class=\"bb_tag\" >Krvav\u00e9 l\u00e9gie<\/h2>\n<p>Krvav\u00ed poslovia a Krvav\u00ed drvi\u010dovia s\u00fa pripraven\u00ed vrhn\u00fa\u0165 sa do boja poh\u00e1\u0148an\u00ed hnevom a nen\u00e1sytnou t\u00fa\u017ebou po zab\u00edjan\u00ed, zatia\u013e \u010do Krvav\u00ed psi nemilosrdne lovia t\u00fdch, ktor\u00ed sa odv\u00e1\u017eili urazi\u0165 Krvav\u00e9ho boha. Tieto hr\u00f4zy vedie do boja Krvav\u00fd p\u00e1n: mocn\u00ed d\u00e9moni, ktor\u00ed pomocou temn\u00fdch ritu\u00e1lov vytv\u00e1raj\u00fa trhlinu v \u0161trukt\u00fare reality, \u010d\u00edm umo\u017e\u0148uj\u00fa \u010fal\u0161\u00edm svojim druhom vylia\u0165 sa a prelieva\u0165 krv pre svojho ve\u010dne sm\u00e4dn\u00e9ho boha.<\/p>\n<h2 class=\"bb_tag\" >Pekeln\u00e9 vojnov\u00e9 stroje<\/h2>\n<p>Skull Cannon, vojnov\u00e1 ma\u0161ina vyroben\u00e1 v peciach tr\u00f3nu Krvav\u00e9ho boha, br\u00e1zdi bojisko a zbiera lebky m\u0155tvych, ktor\u00e9 pou\u017e\u00edva ako mun\u00edciu pre svoje dlh\u00fd dosahov\u00e9 salvy oh\u0148a a smrti. Nikto nie je v bezpe\u010d\u00ed pred mocn\u00fdm Harvester Cannon of the Soul Grinder, diabolskou f\u00faziou d\u00e9mona a stroja, ktor\u00fd strie\u013ea salvy \u010distej nen\u00e1visti.<\/p>\n<h2 class=\"bb_tag\" >\u0160ampi\u00f3ni chaosu<\/h2>\n<p>Krvav\u00fd boh sa v\u017edy m\u00f4\u017ee spo\u013eahn\u00fa\u0165 na svojich najvzne\u0161enej\u0161\u00edch \u0161ampi\u00f3nov: Krvav\u00fdch \u017e\u00edznivcov a D\u00e9monick\u00fdch princov.<\/p>\n<p>Vytvoren\u00fd z nekone\u010dn\u00e9ho hnevu P\u00e1na vojny a vyzbrojen\u00fd Ve\u013ekou sekerou Khorna, mocn\u00fd Krvav\u00fd \u017e\u00edznivec prech\u00e1dza po bojisku a jeho pr\u00edchod ohlasuje smr\u0165 v\u0161etk\u00fdch, ktor\u00ed stoja pred n\u00edm. Tieto Ve\u013ek\u00e9 d\u00e9mony disponuj\u00fa aj radom \u0161peci\u00e1lnych schopnost\u00ed, ktor\u00e9 zvy\u0161uj\u00fa ich silu, zatia\u013e \u010do ich mohutn\u00e9 kr\u00eddla im umo\u017e\u0148uj\u00fa lieta\u0165 po bojisku a h\u013eada\u0165 \u010fal\u0161ie lebky pre Lebkov\u00fd tr\u00f3n. D\u00e9monick\u00fd princ<\/p>\n<p>bol kedysi smrte\u013en\u00edk, ktor\u00e9mu temn\u00fd boh, ktor\u00e9ho uctievaj\u00fa, udelil dar d\u00e9monstva. Po udelen\u00ed tohto vz\u00e1cneho daru je ka\u017ed\u00fd d\u00e9monick\u00fd princ obdaren\u00fd vra\u017eedne ostr\u00fdmi paz\u00farmi, okrem pekeln\u00e9ho dela a smrtiacich zbran\u00ed na bl\u00edzko, ktor\u00e9 nosia; nikto nem\u00e1 \u0161ancu proti me\u010du Hellforged Sword alebo d\u00e9monickej sekery Daemonic Axe.<\/p>\n<p>Ka\u017ed\u00e1 jednotka m\u00e1 charakteristick\u00e9, prec\u00edzne vyroben\u00e9 modely a jedine\u010dn\u00e9 \u0161peci\u00e1lne schopnosti. Okrem toho m\u00e1te pr\u00edstup k \u00faplne nov\u00fdm schopnostiam velite\u013estva, ktor\u00e9 prospievaj\u00fa celej frakcii: Aura of Terror, Echoes of Endless Fury a Blood Tithe.<\/p>\n","protected":false},"excerpt":{"rendered":"<p>Prejavy hnevu a n\u00e1silia poh\u00e1\u0148an\u00e9 warpom s\u00fa najnov\u0161ou hrate\u013enou frakciou v hre Warhammer 40,000: Battlesector. K dispoz\u00edcii je osem vra\u017eedn\u00fdch jednotiek, vr\u00e1tane desiv\u00e9ho Daemon Prince, ktor\u00e9 prin\u00e1\u0161aj\u00fa chaos do galaxie.<\/p>\n","protected":false},"featured_media":40419,"comment_status":"open","ping_status":"closed","template":"","meta":{"_acf_changed":false},"product_brand":[],"product_cat":[268,266,312,318,9082],"product_tag":[],"class_list":{"0":"post-102065","1":"product","2":"type-product","3":"status-publish","4":"has-post-thumbnail","6":"product_cat-pc-sk","7":"product_cat-pc-hry-sk","8":"product_cat-steam-pc-sk","9":"product_cat-strategie-pc-hry-sk","10":"product_cat-takticke-3","11":"pa_audio-en-us","13":"pa_countries-ad","14":"pa_countries-ae","15":"pa_countries-af","16":"pa_countries-ag","17":"pa_countries-ai","18":"pa_countries-al","19":"pa_countries-am","20":"pa_countries-ao","21":"pa_countries-aq","22":"pa_countries-ar","23":"pa_countries-as","24":"pa_countries-at","25":"pa_countries-au","26":"pa_countries-aw","27":"pa_countries-ax","28":"pa_countries-az","29":"pa_countries-ba","30":"pa_countries-bb","31":"pa_countries-bd","32":"pa_countries-be","33":"pa_countries-bf","34":"pa_countries-bg","35":"pa_countries-bh","36":"pa_countries-bi","37":"pa_countries-bj","38":"pa_countries-bl","39":"pa_countries-bm","40":"pa_countries-bn","41":"pa_countries-bo","42":"pa_countries-bq","43":"pa_countries-br","44":"pa_countries-bs","45":"pa_countries-bt","46":"pa_countries-bv","47":"pa_countries-bw","48":"pa_countries-bz","49":"pa_countries-ca","50":"pa_countries-cc","51":"pa_countries-cd","52":"pa_countries-cf","53":"pa_countries-cg","54":"pa_countries-ch","55":"pa_countries-ci","56":"pa_countries-ck","57":"pa_countries-cl","58":"pa_countries-cm","59":"pa_countries-cn","60":"pa_countries-co","61":"pa_countries-cr","62":"pa_countries-cu","63":"pa_countries-cv","64":"pa_countries-cw","65":"pa_countries-cx","66":"pa_countries-cy","67":"pa_countries-cz","68":"pa_countries-de","69":"pa_countries-dj","70":"pa_countries-dk","71":"pa_countries-dm","72":"pa_countries-do","73":"pa_countries-dz","74":"pa_countries-ec","75":"pa_countries-ee","76":"pa_countries-eg","77":"pa_countries-eh","78":"pa_countries-er","79":"pa_countries-es","80":"pa_countries-et","81":"pa_countries-fi","82":"pa_countries-fj","83":"pa_countries-fk","84":"pa_countries-fm","85":"pa_countries-fo","86":"pa_countries-fr","87":"pa_countries-ga","88":"pa_countries-gb","89":"pa_countries-gd","90":"pa_countries-ge","91":"pa_countries-gf","92":"pa_countries-gg","93":"pa_countries-gh","94":"pa_countries-gi","95":"pa_countries-gl","96":"pa_countries-gm","97":"pa_countries-gn","98":"pa_countries-gp","99":"pa_countries-gq","100":"pa_countries-gr","101":"pa_countries-gs","102":"pa_countries-gt","103":"pa_countries-gu","104":"pa_countries-gw","105":"pa_countries-gy","106":"pa_countries-hk","107":"pa_countries-hm","108":"pa_countries-hn","109":"pa_countries-hr","110":"pa_countries-ht","111":"pa_countries-hu","112":"pa_countries-id","113":"pa_countries-ie","114":"pa_countries-il","115":"pa_countries-im","116":"pa_countries-in","117":"pa_countries-io","118":"pa_countries-iq","119":"pa_countries-ir","120":"pa_countries-is","121":"pa_countries-it","122":"pa_countries-je","123":"pa_countries-jm","124":"pa_countries-jo","125":"pa_countries-jp","126":"pa_countries-ke","127":"pa_countries-kg","128":"pa_countries-kh","129":"pa_countries-ki","130":"pa_countries-km","131":"pa_countries-kn","132":"pa_countries-kp","133":"pa_countries-kr","134":"pa_countries-kw","135":"pa_countries-ky","136":"pa_countries-kz","137":"pa_countries-la","138":"pa_countries-lb","139":"pa_countries-lc","140":"pa_countries-li","141":"pa_countries-lk","142":"pa_countries-lr","143":"pa_countries-ls","144":"pa_countries-lt","145":"pa_countries-lu","146":"pa_countries-lv","147":"pa_countries-ly","148":"pa_countries-ma","149":"pa_countries-mc","150":"pa_countries-md","151":"pa_countries-me","152":"pa_countries-mf","153":"pa_countries-mg","154":"pa_countries-mh","155":"pa_countries-mk","156":"pa_countries-ml","157":"pa_countries-mm","158":"pa_countries-mn","159":"pa_countries-mo","160":"pa_countries-mp","161":"pa_countries-mq","162":"pa_countries-mr","163":"pa_countries-ms","164":"pa_countries-mt","165":"pa_countries-mu","166":"pa_countries-mv","167":"pa_countries-mw","168":"pa_countries-mx","169":"pa_countries-my","170":"pa_countries-mz","171":"pa_countries-na","172":"pa_countries-nc","173":"pa_countries-ne","174":"pa_countries-nf","175":"pa_countries-ng","176":"pa_countries-ni","177":"pa_countries-nl","178":"pa_countries-no","179":"pa_countries-np","180":"pa_countries-nr","181":"pa_countries-nu","182":"pa_countries-nz","183":"pa_countries-om","184":"pa_countries-pa","185":"pa_countries-pe","186":"pa_countries-pf","187":"pa_countries-pg","188":"pa_countries-ph","189":"pa_countries-pk","190":"pa_countries-pl","191":"pa_countries-pm","192":"pa_countries-pn","193":"pa_countries-pr","194":"pa_countries-ps","195":"pa_countries-pt","196":"pa_countries-pw","197":"pa_countries-py","198":"pa_countries-qa","199":"pa_countries-re","200":"pa_countries-ro","201":"pa_countries-rs","202":"pa_countries-rw","203":"pa_countries-sa","204":"pa_countries-sb","205":"pa_countries-sc","206":"pa_countries-sd","207":"pa_countries-se","208":"pa_countries-sg","209":"pa_countries-sh","210":"pa_countries-si","211":"pa_countries-sj","212":"pa_countries-sk","213":"pa_countries-sl","214":"pa_countries-sm","215":"pa_countries-sn","216":"pa_countries-so","217":"pa_countries-sr","218":"pa_countries-ss","220":"pa_countries-st","221":"pa_countries-sv","222":"pa_countries-sx","223":"pa_countries-sy","224":"pa_countries-sz","225":"pa_countries-tc","226":"pa_countries-td","227":"pa_countries-tf","228":"pa_countries-tg","229":"pa_countries-th","230":"pa_countries-tj","231":"pa_countries-tk","232":"pa_countries-tl","233":"pa_countries-tm","234":"pa_countries-tn","235":"pa_countries-to","236":"pa_countries-tr","237":"pa_countries-tt","238":"pa_countries-tv","239":"pa_countries-tw","240":"pa_countries-tz","241":"pa_countries-ua","242":"pa_countries-ug","243":"pa_countries-um","244":"pa_countries-us","245":"pa_countries-uy","246":"pa_countries-uz","247":"pa_countries-va","248":"pa_countries-vc","249":"pa_countries-ve","250":"pa_countries-vg","251":"pa_countries-vi","252":"pa_countries-vn","253":"pa_countries-vu","254":"pa_countries-wf","255":"pa_countries-ws","256":"pa_countries-xk","257":"pa_countries-ye","258":"pa_countries-yt","259":"pa_countries-za","260":"pa_countries-zm","261":"pa_countries-zw","262":"pa_developer-fatshark","264":"pa_game_type-dlc","266":"pa_genres-strategy","267":"pa_genres-tactical","268":"pa_genres-turn-based-strategy-tbs","270":"pa_interface-de-de","271":"pa_interface-en-us","272":"pa_interface-es-es","273":"pa_interface-fr-fr","274":"pa_interface-ko-kr","275":"pa_interface-pl-pl","276":"pa_interface-pt-br","277":"pa_interface-pt-pt","279":"pa_interface-ru-ru","280":"pa_interface-zh-cn","281":"pa_modes-co-operative","282":"pa_modes-multiplayer","284":"pa_modes-single-player","285":"pa_pegi-956","286":"pa_pegi-13432","287":"pa_platform-pc-steam","289":"pa_player_perspectives-bird-view-isometric","291":"pa_publisher-fatshark","293":"pa_region-global","295":"pa_subtitles-de-de","297":"pa_subtitles-en-us","298":"pa_subtitles-es-es","299":"pa_subtitles-fr-fr","300":"pa_subtitles-ko-kr","301":"pa_subtitles-pl-pl","302":"pa_subtitles-pt-br","303":"pa_subtitles-ru-ru","304":"pa_subtitles-zh-cn","305":"pa_themes-action","306":"pa_themes-science-fiction","309":"first","310":"outofstock","311":"virtual","312":"taxable","313":"purchasable","314":"product-type-simple"},"yoast_head":"<!-- This site is optimized with the Yoast SEO plugin v27.4 - https:\/\/yoast.com\/product\/yoast-seo-wordpress\/ -->\n<title>Warhammer 40,000: Battlesector - Daemons of Khorne | BeGamer.cz<\/title>\n<meta name=\"robots\" content=\"index, follow, max-snippet:-1, max-image-preview:large, max-video-preview:-1\" \/>\n<link rel=\"canonical\" href=\"https:\/\/begamer.cz\/sk\/produkt\/warhammer-40000-battlesector-daemons-of-khorne-sk\/\" \/>\n<meta property=\"og:locale\" content=\"sk_SK\" \/>\n<meta property=\"og:type\" content=\"article\" \/>\n<meta property=\"og:title\" content=\"Warhammer 40,000: Battlesector - Daemons of Khorne | BeGamer.cz\" \/>\n<meta property=\"og:description\" content=\"Prejavy hnevu a n\u00e1silia poh\u00e1\u0148an\u00e9 warpom s\u00fa najnov\u0161ou hrate\u013enou frakciou v hre Warhammer 40,000: Battlesector. K dispoz\u00edcii je osem vra\u017eedn\u00fdch jednotiek, vr\u00e1tane desiv\u00e9ho Daemon Prince, ktor\u00e9 prin\u00e1\u0161aj\u00fa chaos do galaxie.\" \/>\n<meta property=\"og:url\" content=\"https:\/\/begamer.cz\/sk\/produkt\/warhammer-40000-battlesector-daemons-of-khorne-sk\/\" \/>\n<meta property=\"og:site_name\" content=\"BeGamer.cz\" \/>\n<meta property=\"article:modified_time\" content=\"2026-03-11T15:10:13+00:00\" \/>\n<meta property=\"og:image\" content=\"https:\/\/begamer.cz\/wp-content\/uploads\/2026\/01\/warhammer-40000-battlesector-daemons-of-khorne-5.webp\" \/>\n\t<meta property=\"og:image:width\" content=\"300\" \/>\n\t<meta property=\"og:image:height\" content=\"400\" \/>\n\t<meta property=\"og:image:type\" content=\"image\/webp\" \/>\n<meta name=\"twitter:card\" content=\"summary_large_image\" \/>\n<meta name=\"twitter:label1\" content=\"Predpokladan\u00fd \u010das \u010d\u00edtania\" \/>\n\t<meta name=\"twitter:data1\" content=\"2 min\u00faty\" \/>\n<script type=\"application\/ld+json\" class=\"yoast-schema-graph\">{\"@context\":\"https:\\\/\\\/schema.org\",\"@graph\":[{\"@type\":\"WebPage\",\"@id\":\"https:\\\/\\\/begamer.cz\\\/sk\\\/produkt\\\/warhammer-40000-battlesector-daemons-of-khorne-sk\\\/\",\"url\":\"https:\\\/\\\/begamer.cz\\\/sk\\\/produkt\\\/warhammer-40000-battlesector-daemons-of-khorne-sk\\\/\",\"name\":\"Warhammer 40,000: Battlesector - Daemons of Khorne | BeGamer.cz\",\"isPartOf\":{\"@id\":\"https:\\\/\\\/begamer.cz\\\/sk\\\/#website\"},\"primaryImageOfPage\":{\"@id\":\"https:\\\/\\\/begamer.cz\\\/sk\\\/produkt\\\/warhammer-40000-battlesector-daemons-of-khorne-sk\\\/#primaryimage\"},\"image\":{\"@id\":\"https:\\\/\\\/begamer.cz\\\/sk\\\/produkt\\\/warhammer-40000-battlesector-daemons-of-khorne-sk\\\/#primaryimage\"},\"thumbnailUrl\":\"https:\\\/\\\/begamer.cz\\\/wp-content\\\/uploads\\\/2026\\\/01\\\/warhammer-40000-battlesector-daemons-of-khorne-5.webp\",\"datePublished\":\"2026-01-30T17:53:05+00:00\",\"dateModified\":\"2026-03-11T15:10:13+00:00\",\"breadcrumb\":{\"@id\":\"https:\\\/\\\/begamer.cz\\\/sk\\\/produkt\\\/warhammer-40000-battlesector-daemons-of-khorne-sk\\\/#breadcrumb\"},\"inLanguage\":\"sk-SK\",\"potentialAction\":[{\"@type\":\"ReadAction\",\"target\":[\"https:\\\/\\\/begamer.cz\\\/sk\\\/produkt\\\/warhammer-40000-battlesector-daemons-of-khorne-sk\\\/\"]}]},{\"@type\":\"ImageObject\",\"inLanguage\":\"sk-SK\",\"@id\":\"https:\\\/\\\/begamer.cz\\\/sk\\\/produkt\\\/warhammer-40000-battlesector-daemons-of-khorne-sk\\\/#primaryimage\",\"url\":\"https:\\\/\\\/begamer.cz\\\/wp-content\\\/uploads\\\/2026\\\/01\\\/warhammer-40000-battlesector-daemons-of-khorne-5.webp\",\"contentUrl\":\"https:\\\/\\\/begamer.cz\\\/wp-content\\\/uploads\\\/2026\\\/01\\\/warhammer-40000-battlesector-daemons-of-khorne-5.webp\",\"width\":300,\"height\":400},{\"@type\":\"BreadcrumbList\",\"@id\":\"https:\\\/\\\/begamer.cz\\\/sk\\\/produkt\\\/warhammer-40000-battlesector-daemons-of-khorne-sk\\\/#breadcrumb\",\"itemListElement\":[{\"@type\":\"ListItem\",\"position\":1,\"name\":\"Domov\",\"item\":\"https:\\\/\\\/begamer.cz\\\/sk\\\/\"},{\"@type\":\"ListItem\",\"position\":2,\"name\":\"Obchod\",\"item\":\"https:\\\/\\\/begamer.cz\\\/obchod\\\/\"},{\"@type\":\"ListItem\",\"position\":3,\"name\":\"Warhammer 40,000: Battlesector &#8211; Daemons of Khorne\"}]},{\"@type\":\"WebSite\",\"@id\":\"https:\\\/\\\/begamer.cz\\\/sk\\\/#website\",\"url\":\"https:\\\/\\\/begamer.cz\\\/sk\\\/\",\"name\":\"BeGamer.cz\",\"description\":\"\",\"publisher\":{\"@id\":\"https:\\\/\\\/begamer.cz\\\/sk\\\/#organization\"},\"potentialAction\":[{\"@type\":\"SearchAction\",\"target\":{\"@type\":\"EntryPoint\",\"urlTemplate\":\"https:\\\/\\\/begamer.cz\\\/sk\\\/?s={search_term_string}\"},\"query-input\":{\"@type\":\"PropertyValueSpecification\",\"valueRequired\":true,\"valueName\":\"search_term_string\"}}],\"inLanguage\":\"sk-SK\"},{\"@type\":\"Organization\",\"@id\":\"https:\\\/\\\/begamer.cz\\\/sk\\\/#organization\",\"name\":\"BeGamer.cz\",\"url\":\"https:\\\/\\\/begamer.cz\\\/sk\\\/\",\"logo\":{\"@type\":\"ImageObject\",\"inLanguage\":\"sk-SK\",\"@id\":\"https:\\\/\\\/begamer.cz\\\/sk\\\/#\\\/schema\\\/logo\\\/image\\\/\",\"url\":\"https:\\\/\\\/begamer.cz\\\/wp-content\\\/uploads\\\/2025\\\/07\\\/logo.svg\",\"contentUrl\":\"https:\\\/\\\/begamer.cz\\\/wp-content\\\/uploads\\\/2025\\\/07\\\/logo.svg\",\"caption\":\"BeGamer.cz\"},\"image\":{\"@id\":\"https:\\\/\\\/begamer.cz\\\/sk\\\/#\\\/schema\\\/logo\\\/image\\\/\"}}]}<\/script>\n<!-- \/ Yoast SEO plugin. -->","yoast_head_json":{"title":"Warhammer 40,000: Battlesector - Daemons of Khorne | BeGamer.cz","robots":{"index":"index","follow":"follow","max-snippet":"max-snippet:-1","max-image-preview":"max-image-preview:large","max-video-preview":"max-video-preview:-1"},"canonical":"https:\/\/begamer.cz\/sk\/produkt\/warhammer-40000-battlesector-daemons-of-khorne-sk\/","og_locale":"sk_SK","og_type":"article","og_title":"Warhammer 40,000: Battlesector - Daemons of Khorne | BeGamer.cz","og_description":"Prejavy hnevu a n\u00e1silia poh\u00e1\u0148an\u00e9 warpom s\u00fa najnov\u0161ou hrate\u013enou frakciou v hre Warhammer 40,000: Battlesector. K dispoz\u00edcii je osem vra\u017eedn\u00fdch jednotiek, vr\u00e1tane desiv\u00e9ho Daemon Prince, ktor\u00e9 prin\u00e1\u0161aj\u00fa chaos do galaxie.","og_url":"https:\/\/begamer.cz\/sk\/produkt\/warhammer-40000-battlesector-daemons-of-khorne-sk\/","og_site_name":"BeGamer.cz","article_modified_time":"2026-03-11T15:10:13+00:00","og_image":[{"width":300,"height":400,"url":"https:\/\/begamer.cz\/wp-content\/uploads\/2026\/01\/warhammer-40000-battlesector-daemons-of-khorne-5.webp","type":"image\/webp"}],"twitter_card":"summary_large_image","twitter_misc":{"Predpokladan\u00fd \u010das \u010d\u00edtania":"2 min\u00faty"},"schema":{"@context":"https:\/\/schema.org","@graph":[{"@type":"WebPage","@id":"https:\/\/begamer.cz\/sk\/produkt\/warhammer-40000-battlesector-daemons-of-khorne-sk\/","url":"https:\/\/begamer.cz\/sk\/produkt\/warhammer-40000-battlesector-daemons-of-khorne-sk\/","name":"Warhammer 40,000: Battlesector - Daemons of Khorne | BeGamer.cz","isPartOf":{"@id":"https:\/\/begamer.cz\/sk\/#website"},"primaryImageOfPage":{"@id":"https:\/\/begamer.cz\/sk\/produkt\/warhammer-40000-battlesector-daemons-of-khorne-sk\/#primaryimage"},"image":{"@id":"https:\/\/begamer.cz\/sk\/produkt\/warhammer-40000-battlesector-daemons-of-khorne-sk\/#primaryimage"},"thumbnailUrl":"https:\/\/begamer.cz\/wp-content\/uploads\/2026\/01\/warhammer-40000-battlesector-daemons-of-khorne-5.webp","datePublished":"2026-01-30T17:53:05+00:00","dateModified":"2026-03-11T15:10:13+00:00","breadcrumb":{"@id":"https:\/\/begamer.cz\/sk\/produkt\/warhammer-40000-battlesector-daemons-of-khorne-sk\/#breadcrumb"},"inLanguage":"sk-SK","potentialAction":[{"@type":"ReadAction","target":["https:\/\/begamer.cz\/sk\/produkt\/warhammer-40000-battlesector-daemons-of-khorne-sk\/"]}]},{"@type":"ImageObject","inLanguage":"sk-SK","@id":"https:\/\/begamer.cz\/sk\/produkt\/warhammer-40000-battlesector-daemons-of-khorne-sk\/#primaryimage","url":"https:\/\/begamer.cz\/wp-content\/uploads\/2026\/01\/warhammer-40000-battlesector-daemons-of-khorne-5.webp","contentUrl":"https:\/\/begamer.cz\/wp-content\/uploads\/2026\/01\/warhammer-40000-battlesector-daemons-of-khorne-5.webp","width":300,"height":400},{"@type":"BreadcrumbList","@id":"https:\/\/begamer.cz\/sk\/produkt\/warhammer-40000-battlesector-daemons-of-khorne-sk\/#breadcrumb","itemListElement":[{"@type":"ListItem","position":1,"name":"Domov","item":"https:\/\/begamer.cz\/sk\/"},{"@type":"ListItem","position":2,"name":"Obchod","item":"https:\/\/begamer.cz\/obchod\/"},{"@type":"ListItem","position":3,"name":"Warhammer 40,000: Battlesector &#8211; Daemons of Khorne"}]},{"@type":"WebSite","@id":"https:\/\/begamer.cz\/sk\/#website","url":"https:\/\/begamer.cz\/sk\/","name":"BeGamer.cz","description":"","publisher":{"@id":"https:\/\/begamer.cz\/sk\/#organization"},"potentialAction":[{"@type":"SearchAction","target":{"@type":"EntryPoint","urlTemplate":"https:\/\/begamer.cz\/sk\/?s={search_term_string}"},"query-input":{"@type":"PropertyValueSpecification","valueRequired":true,"valueName":"search_term_string"}}],"inLanguage":"sk-SK"},{"@type":"Organization","@id":"https:\/\/begamer.cz\/sk\/#organization","name":"BeGamer.cz","url":"https:\/\/begamer.cz\/sk\/","logo":{"@type":"ImageObject","inLanguage":"sk-SK","@id":"https:\/\/begamer.cz\/sk\/#\/schema\/logo\/image\/","url":"https:\/\/begamer.cz\/wp-content\/uploads\/2025\/07\/logo.svg","contentUrl":"https:\/\/begamer.cz\/wp-content\/uploads\/2025\/07\/logo.svg","caption":"BeGamer.cz"},"image":{"@id":"https:\/\/begamer.cz\/sk\/#\/schema\/logo\/image\/"}}]}},"acf":[],"_links":{"self":[{"href":"https:\/\/begamer.cz\/sk\/wp-json\/wp\/v2\/product\/102065","targetHints":{"allow":["GET"]}}],"collection":[{"href":"https:\/\/begamer.cz\/sk\/wp-json\/wp\/v2\/product"}],"about":[{"href":"https:\/\/begamer.cz\/sk\/wp-json\/wp\/v2\/types\/product"}],"replies":[{"embeddable":true,"href":"https:\/\/begamer.cz\/sk\/wp-json\/wp\/v2\/comments?post=102065"}],"wp:featuredmedia":[{"embeddable":true,"href":"https:\/\/begamer.cz\/sk\/wp-json\/wp\/v2\/media\/40419"}],"wp:attachment":[{"href":"https:\/\/begamer.cz\/sk\/wp-json\/wp\/v2\/media?parent=102065"}],"wp:term":[{"taxonomy":"product_brand","embeddable":true,"href":"https:\/\/begamer.cz\/sk\/wp-json\/wp\/v2\/product_brand?post=102065"},{"taxonomy":"product_cat","embeddable":true,"href":"https:\/\/begamer.cz\/sk\/wp-json\/wp\/v2\/product_cat?post=102065"},{"taxonomy":"product_tag","embeddable":true,"href":"https:\/\/begamer.cz\/sk\/wp-json\/wp\/v2\/product_tag?post=102065"}],"curies":[{"name":"wp","href":"https:\/\/api.w.org\/{rel}","templated":true}]}}