{"id":102020,"date":"2026-01-30T18:52:19","date_gmt":"2026-01-30T17:52:19","guid":{"rendered":"https:\/\/begamer.cz\/produkt\/mordhau-lion-set-sk\/"},"modified":"2026-03-11T16:07:11","modified_gmt":"2026-03-11T15:07:11","slug":"mordhau-lion-set-sk","status":"publish","type":"product","link":"https:\/\/begamer.cz\/sk\/produkt\/mordhau-lion-set-sk\/","title":{"rendered":"MORDHAU \u2013 Lion Set"},"content":{"rendered":"<p>S\u00faprava Lion, in\u0161pirovan\u00e1 renesan\u010dn\u00fdm prehodnoten\u00edm klasiky, pon\u00faka jedine\u010dn\u00fa hrdinsk\u00fa estetiku. T\u00e1to exkluz\u00edvna zbroj, ktor\u00e1 pon\u00faka<br \/>\u0161irok\u00e9 mo\u017enosti prisp\u00f4sobenia, zobrazuje v\u00fdrazn\u00fa postavu leva a smr\u0165 Med\u00fazy z gr\u00e9ckej mytol\u00f3gie.<br \/>Trident je tie\u017e s\u00fa\u010das\u0165ou ako skin pre archetyp partiz\u00e1nskej zbrane.<\/p>\n<h2 class=\"bb_tag\" >Obsahuje:<\/h2>\n<p><\/p>\n<ul class=\"bb_ul\">\n<li>Lion Burgonet s oddelenou verziou bez zorn\u00edka<\/li>\n<li>N\u00e1hrdeln\u00edk Lion<\/li>\n<li>Lion Musculata<\/li>\n<li>Levie plecn\u00e9 chr\u00e1ni\u010de<\/li>\n<li>Levie ramen\u00e1<\/li>\n<li>Levie rukavice<\/li>\n<li>Levia suk\u0148a<\/li>\n<li>Levie chr\u00e1ni\u010de n\u00f4h<\/li>\n<li>Levie prsty<\/li>\n<li>Trojzubec<\/li>\n<\/ul>\n","protected":false},"excerpt":{"rendered":"<p>Tento bal\u00edk obsahuje sadu Lion a Trident a predstavuje n\u00e1vrat klasiky so v\u0161etk\u00fdmi zlo\u017eitos\u0165ami talianskej renesancie. Oble\u010dte sa ako gr\u00e9cky boh v tejto exkluz\u00edvnej hrdinskej zbroji.<\/p>\n","protected":false},"featured_media":40142,"comment_status":"open","ping_status":"closed","template":"","meta":{"_acf_changed":false},"product_brand":[],"product_cat":[272,278,268,266,312],"product_tag":[],"class_list":{"0":"post-102020","1":"product","2":"type-product","3":"status-publish","4":"has-post-thumbnail","6":"product_cat-akcni-pc-sk","7":"product_cat-bojove-pc-hry-sk","8":"product_cat-pc-sk","9":"product_cat-pc-hry-sk","10":"product_cat-steam-pc-sk","11":"pa_developer-triternion","13":"pa_game_type-dlc","15":"pa_platform-pc-steam","17":"pa_publisher-triternion","19":"pa_region-global","22":"first","23":"instock","24":"virtual","25":"taxable","26":"purchasable","27":"product-type-simple"},"yoast_head":"<!-- This site is optimized with the Yoast SEO plugin v27.3 - https:\/\/yoast.com\/product\/yoast-seo-wordpress\/ -->\n<title>MORDHAU - Lion Set | BeGamer.cz<\/title>\n<meta name=\"robots\" content=\"index, follow, max-snippet:-1, max-image-preview:large, max-video-preview:-1\" \/>\n<link rel=\"canonical\" href=\"https:\/\/begamer.cz\/sk\/produkt\/mordhau-lion-set-sk\/\" \/>\n<meta property=\"og:locale\" content=\"sk_SK\" \/>\n<meta property=\"og:type\" content=\"article\" \/>\n<meta property=\"og:title\" content=\"MORDHAU - Lion Set | BeGamer.cz\" \/>\n<meta property=\"og:description\" content=\"Tento bal\u00edk obsahuje sadu Lion a Trident a predstavuje n\u00e1vrat klasiky so v\u0161etk\u00fdmi zlo\u017eitos\u0165ami talianskej renesancie. Oble\u010dte sa ako gr\u00e9cky boh v tejto exkluz\u00edvnej hrdinskej zbroji.\" \/>\n<meta property=\"og:url\" content=\"https:\/\/begamer.cz\/sk\/produkt\/mordhau-lion-set-sk\/\" \/>\n<meta property=\"og:site_name\" content=\"BeGamer.cz\" \/>\n<meta property=\"article:modified_time\" content=\"2026-03-11T15:07:11+00:00\" \/>\n<meta property=\"og:image\" content=\"https:\/\/begamer.cz\/wp-content\/uploads\/2026\/01\/mordhau-lion-set-3.webp\" \/>\n\t<meta property=\"og:image:width\" content=\"300\" \/>\n\t<meta property=\"og:image:height\" content=\"400\" \/>\n\t<meta property=\"og:image:type\" content=\"image\/webp\" \/>\n<meta name=\"twitter:card\" content=\"summary_large_image\" \/>\n<script type=\"application\/ld+json\" class=\"yoast-schema-graph\">{\"@context\":\"https:\\\/\\\/schema.org\",\"@graph\":[{\"@type\":\"WebPage\",\"@id\":\"https:\\\/\\\/begamer.cz\\\/sk\\\/produkt\\\/mordhau-lion-set-sk\\\/\",\"url\":\"https:\\\/\\\/begamer.cz\\\/sk\\\/produkt\\\/mordhau-lion-set-sk\\\/\",\"name\":\"MORDHAU - Lion Set | BeGamer.cz\",\"isPartOf\":{\"@id\":\"https:\\\/\\\/begamer.cz\\\/sk\\\/#website\"},\"primaryImageOfPage\":{\"@id\":\"https:\\\/\\\/begamer.cz\\\/sk\\\/produkt\\\/mordhau-lion-set-sk\\\/#primaryimage\"},\"image\":{\"@id\":\"https:\\\/\\\/begamer.cz\\\/sk\\\/produkt\\\/mordhau-lion-set-sk\\\/#primaryimage\"},\"thumbnailUrl\":\"https:\\\/\\\/begamer.cz\\\/wp-content\\\/uploads\\\/2026\\\/01\\\/mordhau-lion-set-3.webp\",\"datePublished\":\"2026-01-30T17:52:19+00:00\",\"dateModified\":\"2026-03-11T15:07:11+00:00\",\"breadcrumb\":{\"@id\":\"https:\\\/\\\/begamer.cz\\\/sk\\\/produkt\\\/mordhau-lion-set-sk\\\/#breadcrumb\"},\"inLanguage\":\"sk-SK\",\"potentialAction\":[{\"@type\":\"ReadAction\",\"target\":[\"https:\\\/\\\/begamer.cz\\\/sk\\\/produkt\\\/mordhau-lion-set-sk\\\/\"]}]},{\"@type\":\"ImageObject\",\"inLanguage\":\"sk-SK\",\"@id\":\"https:\\\/\\\/begamer.cz\\\/sk\\\/produkt\\\/mordhau-lion-set-sk\\\/#primaryimage\",\"url\":\"https:\\\/\\\/begamer.cz\\\/wp-content\\\/uploads\\\/2026\\\/01\\\/mordhau-lion-set-3.webp\",\"contentUrl\":\"https:\\\/\\\/begamer.cz\\\/wp-content\\\/uploads\\\/2026\\\/01\\\/mordhau-lion-set-3.webp\",\"width\":300,\"height\":400},{\"@type\":\"BreadcrumbList\",\"@id\":\"https:\\\/\\\/begamer.cz\\\/sk\\\/produkt\\\/mordhau-lion-set-sk\\\/#breadcrumb\",\"itemListElement\":[{\"@type\":\"ListItem\",\"position\":1,\"name\":\"Domov\",\"item\":\"https:\\\/\\\/begamer.cz\\\/sk\\\/\"},{\"@type\":\"ListItem\",\"position\":2,\"name\":\"Obchod\",\"item\":\"https:\\\/\\\/begamer.cz\\\/obchod\\\/\"},{\"@type\":\"ListItem\",\"position\":3,\"name\":\"MORDHAU \u2013 Lion Set\"}]},{\"@type\":\"WebSite\",\"@id\":\"https:\\\/\\\/begamer.cz\\\/sk\\\/#website\",\"url\":\"https:\\\/\\\/begamer.cz\\\/sk\\\/\",\"name\":\"BeGamer.cz\",\"description\":\"\",\"publisher\":{\"@id\":\"https:\\\/\\\/begamer.cz\\\/sk\\\/#organization\"},\"potentialAction\":[{\"@type\":\"SearchAction\",\"target\":{\"@type\":\"EntryPoint\",\"urlTemplate\":\"https:\\\/\\\/begamer.cz\\\/sk\\\/?s={search_term_string}\"},\"query-input\":{\"@type\":\"PropertyValueSpecification\",\"valueRequired\":true,\"valueName\":\"search_term_string\"}}],\"inLanguage\":\"sk-SK\"},{\"@type\":\"Organization\",\"@id\":\"https:\\\/\\\/begamer.cz\\\/sk\\\/#organization\",\"name\":\"BeGamer.cz\",\"url\":\"https:\\\/\\\/begamer.cz\\\/sk\\\/\",\"logo\":{\"@type\":\"ImageObject\",\"inLanguage\":\"sk-SK\",\"@id\":\"https:\\\/\\\/begamer.cz\\\/sk\\\/#\\\/schema\\\/logo\\\/image\\\/\",\"url\":\"https:\\\/\\\/begamer.cz\\\/wp-content\\\/uploads\\\/2025\\\/07\\\/logo.svg\",\"contentUrl\":\"https:\\\/\\\/begamer.cz\\\/wp-content\\\/uploads\\\/2025\\\/07\\\/logo.svg\",\"caption\":\"BeGamer.cz\"},\"image\":{\"@id\":\"https:\\\/\\\/begamer.cz\\\/sk\\\/#\\\/schema\\\/logo\\\/image\\\/\"}}]}<\/script>\n<!-- \/ Yoast SEO plugin. -->","yoast_head_json":{"title":"MORDHAU - Lion Set | BeGamer.cz","robots":{"index":"index","follow":"follow","max-snippet":"max-snippet:-1","max-image-preview":"max-image-preview:large","max-video-preview":"max-video-preview:-1"},"canonical":"https:\/\/begamer.cz\/sk\/produkt\/mordhau-lion-set-sk\/","og_locale":"sk_SK","og_type":"article","og_title":"MORDHAU - Lion Set | BeGamer.cz","og_description":"Tento bal\u00edk obsahuje sadu Lion a Trident a predstavuje n\u00e1vrat klasiky so v\u0161etk\u00fdmi zlo\u017eitos\u0165ami talianskej renesancie. Oble\u010dte sa ako gr\u00e9cky boh v tejto exkluz\u00edvnej hrdinskej zbroji.","og_url":"https:\/\/begamer.cz\/sk\/produkt\/mordhau-lion-set-sk\/","og_site_name":"BeGamer.cz","article_modified_time":"2026-03-11T15:07:11+00:00","og_image":[{"width":300,"height":400,"url":"https:\/\/begamer.cz\/wp-content\/uploads\/2026\/01\/mordhau-lion-set-3.webp","type":"image\/webp"}],"twitter_card":"summary_large_image","schema":{"@context":"https:\/\/schema.org","@graph":[{"@type":"WebPage","@id":"https:\/\/begamer.cz\/sk\/produkt\/mordhau-lion-set-sk\/","url":"https:\/\/begamer.cz\/sk\/produkt\/mordhau-lion-set-sk\/","name":"MORDHAU - Lion Set | BeGamer.cz","isPartOf":{"@id":"https:\/\/begamer.cz\/sk\/#website"},"primaryImageOfPage":{"@id":"https:\/\/begamer.cz\/sk\/produkt\/mordhau-lion-set-sk\/#primaryimage"},"image":{"@id":"https:\/\/begamer.cz\/sk\/produkt\/mordhau-lion-set-sk\/#primaryimage"},"thumbnailUrl":"https:\/\/begamer.cz\/wp-content\/uploads\/2026\/01\/mordhau-lion-set-3.webp","datePublished":"2026-01-30T17:52:19+00:00","dateModified":"2026-03-11T15:07:11+00:00","breadcrumb":{"@id":"https:\/\/begamer.cz\/sk\/produkt\/mordhau-lion-set-sk\/#breadcrumb"},"inLanguage":"sk-SK","potentialAction":[{"@type":"ReadAction","target":["https:\/\/begamer.cz\/sk\/produkt\/mordhau-lion-set-sk\/"]}]},{"@type":"ImageObject","inLanguage":"sk-SK","@id":"https:\/\/begamer.cz\/sk\/produkt\/mordhau-lion-set-sk\/#primaryimage","url":"https:\/\/begamer.cz\/wp-content\/uploads\/2026\/01\/mordhau-lion-set-3.webp","contentUrl":"https:\/\/begamer.cz\/wp-content\/uploads\/2026\/01\/mordhau-lion-set-3.webp","width":300,"height":400},{"@type":"BreadcrumbList","@id":"https:\/\/begamer.cz\/sk\/produkt\/mordhau-lion-set-sk\/#breadcrumb","itemListElement":[{"@type":"ListItem","position":1,"name":"Domov","item":"https:\/\/begamer.cz\/sk\/"},{"@type":"ListItem","position":2,"name":"Obchod","item":"https:\/\/begamer.cz\/obchod\/"},{"@type":"ListItem","position":3,"name":"MORDHAU \u2013 Lion Set"}]},{"@type":"WebSite","@id":"https:\/\/begamer.cz\/sk\/#website","url":"https:\/\/begamer.cz\/sk\/","name":"BeGamer.cz","description":"","publisher":{"@id":"https:\/\/begamer.cz\/sk\/#organization"},"potentialAction":[{"@type":"SearchAction","target":{"@type":"EntryPoint","urlTemplate":"https:\/\/begamer.cz\/sk\/?s={search_term_string}"},"query-input":{"@type":"PropertyValueSpecification","valueRequired":true,"valueName":"search_term_string"}}],"inLanguage":"sk-SK"},{"@type":"Organization","@id":"https:\/\/begamer.cz\/sk\/#organization","name":"BeGamer.cz","url":"https:\/\/begamer.cz\/sk\/","logo":{"@type":"ImageObject","inLanguage":"sk-SK","@id":"https:\/\/begamer.cz\/sk\/#\/schema\/logo\/image\/","url":"https:\/\/begamer.cz\/wp-content\/uploads\/2025\/07\/logo.svg","contentUrl":"https:\/\/begamer.cz\/wp-content\/uploads\/2025\/07\/logo.svg","caption":"BeGamer.cz"},"image":{"@id":"https:\/\/begamer.cz\/sk\/#\/schema\/logo\/image\/"}}]}},"acf":[],"_links":{"self":[{"href":"https:\/\/begamer.cz\/sk\/wp-json\/wp\/v2\/product\/102020","targetHints":{"allow":["GET"]}}],"collection":[{"href":"https:\/\/begamer.cz\/sk\/wp-json\/wp\/v2\/product"}],"about":[{"href":"https:\/\/begamer.cz\/sk\/wp-json\/wp\/v2\/types\/product"}],"replies":[{"embeddable":true,"href":"https:\/\/begamer.cz\/sk\/wp-json\/wp\/v2\/comments?post=102020"}],"wp:featuredmedia":[{"embeddable":true,"href":"https:\/\/begamer.cz\/sk\/wp-json\/wp\/v2\/media\/40142"}],"wp:attachment":[{"href":"https:\/\/begamer.cz\/sk\/wp-json\/wp\/v2\/media?parent=102020"}],"wp:term":[{"taxonomy":"product_brand","embeddable":true,"href":"https:\/\/begamer.cz\/sk\/wp-json\/wp\/v2\/product_brand?post=102020"},{"taxonomy":"product_cat","embeddable":true,"href":"https:\/\/begamer.cz\/sk\/wp-json\/wp\/v2\/product_cat?post=102020"},{"taxonomy":"product_tag","embeddable":true,"href":"https:\/\/begamer.cz\/sk\/wp-json\/wp\/v2\/product_tag?post=102020"}],"curies":[{"name":"wp","href":"https:\/\/api.w.org\/{rel}","templated":true}]}}