{"id":102014,"date":"2026-01-30T18:52:14","date_gmt":"2026-01-30T17:52:14","guid":{"rendered":"https:\/\/begamer.cz\/produkt\/alaskan-road-truckers-mother-truckers-dlc-sk\/"},"modified":"2026-03-11T16:06:42","modified_gmt":"2026-03-11T15:06:42","slug":"alaskan-road-truckers-mother-truckers-dlc-sk","status":"publish","type":"product","link":"https:\/\/begamer.cz\/sk\/produkt\/alaskan-road-truckers-mother-truckers-dlc-sk\/","title":{"rendered":"Alaskan Road Truckers: Mother Truckers DLC"},"content":{"rendered":"<p>Uk\u00e1\u017ete, \u017ee to mysl\u00edte v\u00e1\u017ene na divok\u00fdch cest\u00e1ch Alja\u0161ky s DLC Alaskan Road Truckers: Mother Truckers (na hranie je potrebn\u00e1 z\u00e1kladn\u00e1 hra Alaskan Road Truckers).<\/p>\n<p>T\u00e1to exkluz\u00edvna ponuka v\u00e1m umo\u017en\u00ed predvies\u0165 svoj drsn\u00fd \u0161t\u00fdl s \u00faplne novou postavou a vylep\u0161i\u0165 vzh\u013ead svojho kami\u00f3na, aby v\u0161etci ostatn\u00ed vodi\u010di vedeli, \u017ee sa v\u00e1m musia vyhn\u00fa\u0165, ke\u010f v\u00e1s uvidia prich\u00e1dza\u0165. Dob\u00fdvajte alja\u0161sk\u00e9 hranice s jedine\u010dn\u00fdmi kozmetick\u00fdmi doplnkami pre svoj kami\u00f3n, ve\u010f ste predsa Alaskan Mother Trucker \u2013 uistite sa, \u017ee to v\u0161etci vedia!   <\/p>\n<ul class=\"bb_ul\">\n<li>Toto z\u00edskate v Alaskan Road Truckers: Mother Truckers DLC:<\/li>\n<li>Niekto drsn\u00fd s tetovan\u00edm  <\/li>\n<li>P\u00e1liv\u00e9 n\u00e1lepky na kami\u00f3n<\/li>\n<li>Najvzru\u0161uj\u00facej\u0161ie ozdoby kapoty na Alja\u0161ke<\/li>\n<li>Mrie\u017eka Cattle-Killer 5000<\/li>\n<li>V\u00fdfuk meniaci kl\u00edmu<\/li>\n<li>Sada osvetlenia kab\u00edny Ultra Deluxe <\/li>\n<\/ul>\n<p>Sta\u0148te sa legend\u00e1rnym Mother Truckerom a vyrazte na cestu ako drs\u0148\u00e1k, ktor\u00fdm ste, s DLC Alaskan Road Truckers: Mother Truckers.<\/p>\n<p><strong>O hre Alaskan Road Truckers:<\/strong><\/p>\n<p>Pripravte sa na ultim\u00e1tny z\u00e1\u017eitok z jazdy kami\u00f3nom v Last Frontier. V tejto nap\u00ednavej simula\u010dnej hre sa v\u017eijete do ko\u017ee drsn\u00e9ho alja\u0161sk\u00e9ho kami\u00f3nistu a vyd\u00e1te sa na najn\u00e1ro\u010dnej\u0161ie a naj\u00fa\u017easnej\u0161ie cesty na plan\u00e9te.<\/p>\n<p><strong>Presk\u00famajte divok\u00fa pr\u00edrodu Alja\u0161ky<\/strong><br \/>Vyberte sa na epick\u00fa cestu cez \u00fachvatn\u00fa alja\u0161sk\u00fa krajinu, od zasne\u017een\u00fdch h\u00f4r po hust\u00e9 lesy a \u013eadov\u00e9 fjordy. Prekon\u00e1vajte zradn\u00fd ter\u00e9n, nepredv\u00eddate\u013en\u00e9 po\u010dasie a stretnutia s divok\u00fdmi zvieratami, zatia\u013e \u010do prev\u00e1\u017eate svoj drahocenn\u00fd n\u00e1klad.<\/p>\n<p><strong>Vybudujte si svoje n\u00e1kladn\u00e9 imp\u00e9rium<\/strong><br \/>Za\u010dnite s jednoduch\u00fdm n\u00e1kladiakom a postupne sa vypracujte a\u017e na kr\u00e1\u013ea alja\u0161sk\u00e9ho n\u00e1kladn\u00e9ho priemyslu. Investujte do nov\u00fdch vozidiel, vylep\u0161ujte svoju flotilu a roz\u0161irujte svoje podnikanie, aby ste mohli zdola\u0165 nov\u00e9 trasy a v\u00fdzvy.<\/p>\n<p><strong>Ovl\u00e1dnite umenie n\u00e1kladnej dopravy<\/strong><br \/>Nau\u010dte sa z\u00e1klady profesion\u00e1lnej n\u00e1kladnej dopravy pri preprave r\u00f4znych typov n\u00e1kladu, od \u0165a\u017ek\u00fdch strojov po krehk\u00fd tovar. Man\u00e9vrujte cez \u00fazke horsk\u00e9 priechody, prekon\u00e1vajte \u013eadov\u00e9 rieky a zdol\u00e1vajte strm\u00e9 st\u00fapania. Va\u0161e zru\u010dnosti bud\u00fa podroben\u00e9 sk\u00fa\u0161ke!<\/p>\n<p>Nenechajte si ujs\u0165 exkluz\u00edvne DLC Mother Trucker! T\u00e1to ponuka obsahuje unik\u00e1tny skin pre hr\u00e1\u010da, skin pre kami\u00f3n a prisp\u00f4sobenia pre v\u00e1\u0161 kami\u00f3n. Predve\u010fte svoj \u0161t\u00fdl, ke\u010f dob\u00fdjate alja\u0161sk\u00fa hranicu svoj\u00edm vlastn\u00fdm sp\u00f4sobom. Konajte teraz a sta\u0148te sa legend\u00e1rnym Mother Truckerom e\u0161te dnes!<\/p>\n","protected":false},"excerpt":{"rendered":"<p>Za\u017eite \u017eivot v definit\u00edvnom simul\u00e1tore kami\u00f3nistu. Dod\u00e1vajte n\u00e1klad, aby bol v\u00e1\u0161 biznis \u00faspe\u0161n\u00fd. Vyst\u00fapte z kami\u00f3nu a presk\u00famajte Alja\u0161ku, pri\u010dom sa starajte o svoje vozidlo a pripravte sa na zradn\u00e9 podmienky na ceste. M\u00e1te na to, aby ste sa stali legendou alja\u0161sk\u00e9ho kami\u00f3nov\u00e9ho priemyslu?<\/p>\n","protected":false},"featured_media":40126,"comment_status":"open","ping_status":"closed","template":"","meta":{"_acf_changed":false},"product_brand":[],"product_cat":[270,290,268,266,314,312,324],"product_tag":[],"class_list":{"0":"post-102014","1":"product","2":"type-product","3":"status-publish","4":"has-post-thumbnail","6":"product_cat-adventury-pc-hry-sk","7":"product_cat-indie-hry-pc-sk","8":"product_cat-pc-sk","9":"product_cat-pc-hry-sk","10":"product_cat-simulatory-pc-hry-sk","11":"product_cat-steam-pc-sk","12":"product_cat-zavodne-pc-hry","13":"pa_audio-en-us","15":"pa_countries-ad","16":"pa_countries-ae","17":"pa_countries-af","18":"pa_countries-ag","19":"pa_countries-ai","20":"pa_countries-al","21":"pa_countries-am","22":"pa_countries-ao","23":"pa_countries-aq","24":"pa_countries-ar","25":"pa_countries-as","26":"pa_countries-at","27":"pa_countries-au","28":"pa_countries-aw","29":"pa_countries-ax","30":"pa_countries-az","31":"pa_countries-ba","32":"pa_countries-bb","33":"pa_countries-bd","34":"pa_countries-be","35":"pa_countries-bf","36":"pa_countries-bg","37":"pa_countries-bh","38":"pa_countries-bi","39":"pa_countries-bj","40":"pa_countries-bl","41":"pa_countries-bm","42":"pa_countries-bn","43":"pa_countries-bo","44":"pa_countries-bq","45":"pa_countries-br","46":"pa_countries-bs","47":"pa_countries-bt","48":"pa_countries-bv","49":"pa_countries-bw","50":"pa_countries-bz","51":"pa_countries-ca","52":"pa_countries-cc","53":"pa_countries-cd","54":"pa_countries-cf","55":"pa_countries-cg","56":"pa_countries-ch","57":"pa_countries-ci","58":"pa_countries-ck","59":"pa_countries-cl","60":"pa_countries-cm","61":"pa_countries-cn","62":"pa_countries-co","63":"pa_countries-cr","64":"pa_countries-cu","65":"pa_countries-cv","66":"pa_countries-cw","67":"pa_countries-cx","68":"pa_countries-cy","69":"pa_countries-cz","70":"pa_countries-de","71":"pa_countries-dj","72":"pa_countries-dk","73":"pa_countries-dm","74":"pa_countries-do","75":"pa_countries-dz","76":"pa_countries-ec","77":"pa_countries-ee","78":"pa_countries-eg","79":"pa_countries-eh","80":"pa_countries-er","81":"pa_countries-es","82":"pa_countries-et","83":"pa_countries-fi","84":"pa_countries-fj","85":"pa_countries-fk","86":"pa_countries-fm","87":"pa_countries-fo","88":"pa_countries-fr","89":"pa_countries-ga","90":"pa_countries-gb","91":"pa_countries-gd","92":"pa_countries-ge","93":"pa_countries-gf","94":"pa_countries-gg","95":"pa_countries-gh","96":"pa_countries-gi","97":"pa_countries-gl","98":"pa_countries-gm","99":"pa_countries-gn","100":"pa_countries-gp","101":"pa_countries-gq","102":"pa_countries-gr","103":"pa_countries-gs","104":"pa_countries-gt","105":"pa_countries-gu","106":"pa_countries-gw","107":"pa_countries-gy","108":"pa_countries-hk","109":"pa_countries-hm","110":"pa_countries-hn","111":"pa_countries-hr","112":"pa_countries-ht","113":"pa_countries-hu","114":"pa_countries-id","115":"pa_countries-ie","116":"pa_countries-il","117":"pa_countries-im","118":"pa_countries-in","119":"pa_countries-io","120":"pa_countries-iq","121":"pa_countries-ir","122":"pa_countries-is","123":"pa_countries-it","124":"pa_countries-je","125":"pa_countries-jm","126":"pa_countries-jo","127":"pa_countries-jp","128":"pa_countries-ke","129":"pa_countries-kg","130":"pa_countries-kh","131":"pa_countries-ki","132":"pa_countries-km","133":"pa_countries-kn","134":"pa_countries-kp","135":"pa_countries-kr","136":"pa_countries-kw","137":"pa_countries-ky","138":"pa_countries-kz","139":"pa_countries-la","140":"pa_countries-lb","141":"pa_countries-lc","142":"pa_countries-li","143":"pa_countries-lk","144":"pa_countries-lr","145":"pa_countries-ls","146":"pa_countries-lt","147":"pa_countries-lu","148":"pa_countries-lv","149":"pa_countries-ly","150":"pa_countries-ma","151":"pa_countries-mc","152":"pa_countries-md","153":"pa_countries-me","154":"pa_countries-mf","155":"pa_countries-mg","156":"pa_countries-mh","157":"pa_countries-mk","158":"pa_countries-ml","159":"pa_countries-mm","160":"pa_countries-mn","161":"pa_countries-mo","162":"pa_countries-mp","163":"pa_countries-mq","164":"pa_countries-mr","165":"pa_countries-ms","166":"pa_countries-mt","167":"pa_countries-mu","168":"pa_countries-mv","169":"pa_countries-mw","170":"pa_countries-mx","171":"pa_countries-my","172":"pa_countries-mz","173":"pa_countries-na","174":"pa_countries-nc","175":"pa_countries-ne","176":"pa_countries-nf","177":"pa_countries-ng","178":"pa_countries-ni","179":"pa_countries-nl","180":"pa_countries-no","181":"pa_countries-np","182":"pa_countries-nr","183":"pa_countries-nu","184":"pa_countries-nz","185":"pa_countries-om","186":"pa_countries-pa","187":"pa_countries-pe","188":"pa_countries-pf","189":"pa_countries-pg","190":"pa_countries-ph","191":"pa_countries-pk","192":"pa_countries-pl","193":"pa_countries-pm","194":"pa_countries-pn","195":"pa_countries-pr","196":"pa_countries-ps","197":"pa_countries-pt","198":"pa_countries-pw","199":"pa_countries-py","200":"pa_countries-qa","201":"pa_countries-re","202":"pa_countries-ro","203":"pa_countries-rs","204":"pa_countries-rw","205":"pa_countries-sa","206":"pa_countries-sb","207":"pa_countries-sc","208":"pa_countries-sd","209":"pa_countries-se","210":"pa_countries-sg","211":"pa_countries-sh","212":"pa_countries-si","213":"pa_countries-sj","214":"pa_countries-sk","215":"pa_countries-sl","216":"pa_countries-sm","217":"pa_countries-sn","218":"pa_countries-so","219":"pa_countries-sr","220":"pa_countries-ss","222":"pa_countries-st","223":"pa_countries-sv","224":"pa_countries-sx","225":"pa_countries-sy","226":"pa_countries-sz","227":"pa_countries-tc","228":"pa_countries-td","229":"pa_countries-tf","230":"pa_countries-tg","231":"pa_countries-th","232":"pa_countries-tj","233":"pa_countries-tk","234":"pa_countries-tl","235":"pa_countries-tm","236":"pa_countries-tn","237":"pa_countries-to","238":"pa_countries-tr","239":"pa_countries-tt","240":"pa_countries-tv","241":"pa_countries-tw","242":"pa_countries-tz","243":"pa_countries-ua","244":"pa_countries-ug","245":"pa_countries-um","246":"pa_countries-us","247":"pa_countries-uy","248":"pa_countries-uz","249":"pa_countries-va","250":"pa_countries-vc","251":"pa_countries-ve","252":"pa_countries-vg","253":"pa_countries-vi","254":"pa_countries-vn","255":"pa_countries-vu","256":"pa_countries-wf","257":"pa_countries-ws","258":"pa_countries-xk","259":"pa_countries-ye","260":"pa_countries-yt","261":"pa_countries-za","262":"pa_countries-zm","263":"pa_countries-zw","264":"pa_developer-road-studio-s-a","266":"pa_game_type-dlc","268":"pa_genres-adventure","269":"pa_genres-indie","270":"pa_genres-racing","272":"pa_genres-simulator","273":"pa_interface-de-de","274":"pa_interface-en-us","275":"pa_interface-es-es","276":"pa_interface-fr-fr","277":"pa_interface-it-it","278":"pa_interface-ja-jp","279":"pa_interface-ko-kr","280":"pa_interface-pl-pl","281":"pa_interface-pt-br","282":"pa_interface-pt-pt","284":"pa_interface-ru-ru","285":"pa_interface-tr-tr","286":"pa_interface-zh-cn","287":"pa_modes-single-player","289":"pa_platform-pc-steam","291":"pa_publisher-green-man-gaming-publishing","293":"pa_region-global","295":"pa_subtitles-de-de","297":"pa_subtitles-en-us","298":"pa_subtitles-es-es","299":"pa_subtitles-fr-fr","300":"pa_subtitles-it-it","301":"pa_subtitles-ja-jp","302":"pa_subtitles-ko-kr","303":"pa_subtitles-pl-pl","304":"pa_subtitles-pt-br","305":"pa_subtitles-ru-ru","306":"pa_subtitles-tr-tr","307":"pa_subtitles-zh-cn","308":"pa_themes-action","311":"first","312":"instock","313":"virtual","314":"taxable","315":"purchasable","316":"product-type-simple"},"yoast_head":"<!-- This site is optimized with the Yoast SEO plugin v27.4 - https:\/\/yoast.com\/product\/yoast-seo-wordpress\/ -->\n<title>Alaskan Road Truckers: Mother Truckers DLC | BeGamer.cz<\/title>\n<meta name=\"robots\" content=\"index, follow, max-snippet:-1, max-image-preview:large, max-video-preview:-1\" \/>\n<link rel=\"canonical\" href=\"https:\/\/begamer.cz\/sk\/produkt\/alaskan-road-truckers-mother-truckers-dlc-sk\/\" \/>\n<meta property=\"og:locale\" content=\"sk_SK\" \/>\n<meta property=\"og:type\" content=\"article\" \/>\n<meta property=\"og:title\" content=\"Alaskan Road Truckers: Mother Truckers DLC | BeGamer.cz\" \/>\n<meta property=\"og:description\" content=\"Za\u017eite \u017eivot v definit\u00edvnom simul\u00e1tore kami\u00f3nistu. Dod\u00e1vajte n\u00e1klad, aby bol v\u00e1\u0161 biznis \u00faspe\u0161n\u00fd. Vyst\u00fapte z kami\u00f3nu a presk\u00famajte Alja\u0161ku, pri\u010dom sa starajte o svoje vozidlo a pripravte sa na zradn\u00e9 podmienky na ceste. M\u00e1te na to, aby ste sa stali legendou alja\u0161sk\u00e9ho kami\u00f3nov\u00e9ho priemyslu?\" \/>\n<meta property=\"og:url\" content=\"https:\/\/begamer.cz\/sk\/produkt\/alaskan-road-truckers-mother-truckers-dlc-sk\/\" \/>\n<meta property=\"og:site_name\" content=\"BeGamer.cz\" \/>\n<meta property=\"article:modified_time\" content=\"2026-03-11T15:06:42+00:00\" \/>\n<meta property=\"og:image\" content=\"https:\/\/begamer.cz\/wp-content\/uploads\/2026\/01\/alaskan-road-truckers-mother-truckers-dlc-5.webp\" \/>\n\t<meta property=\"og:image:width\" content=\"300\" \/>\n\t<meta property=\"og:image:height\" content=\"400\" \/>\n\t<meta property=\"og:image:type\" content=\"image\/webp\" \/>\n<meta name=\"twitter:card\" content=\"summary_large_image\" \/>\n<meta name=\"twitter:label1\" content=\"Predpokladan\u00fd \u010das \u010d\u00edtania\" \/>\n\t<meta name=\"twitter:data1\" content=\"2 min\u00faty\" \/>\n<script type=\"application\/ld+json\" class=\"yoast-schema-graph\">{\"@context\":\"https:\\\/\\\/schema.org\",\"@graph\":[{\"@type\":\"WebPage\",\"@id\":\"https:\\\/\\\/begamer.cz\\\/sk\\\/produkt\\\/alaskan-road-truckers-mother-truckers-dlc-sk\\\/\",\"url\":\"https:\\\/\\\/begamer.cz\\\/sk\\\/produkt\\\/alaskan-road-truckers-mother-truckers-dlc-sk\\\/\",\"name\":\"Alaskan Road Truckers: Mother Truckers DLC | BeGamer.cz\",\"isPartOf\":{\"@id\":\"https:\\\/\\\/begamer.cz\\\/sk\\\/#website\"},\"primaryImageOfPage\":{\"@id\":\"https:\\\/\\\/begamer.cz\\\/sk\\\/produkt\\\/alaskan-road-truckers-mother-truckers-dlc-sk\\\/#primaryimage\"},\"image\":{\"@id\":\"https:\\\/\\\/begamer.cz\\\/sk\\\/produkt\\\/alaskan-road-truckers-mother-truckers-dlc-sk\\\/#primaryimage\"},\"thumbnailUrl\":\"https:\\\/\\\/begamer.cz\\\/wp-content\\\/uploads\\\/2026\\\/01\\\/alaskan-road-truckers-mother-truckers-dlc-5.webp\",\"datePublished\":\"2026-01-30T17:52:14+00:00\",\"dateModified\":\"2026-03-11T15:06:42+00:00\",\"breadcrumb\":{\"@id\":\"https:\\\/\\\/begamer.cz\\\/sk\\\/produkt\\\/alaskan-road-truckers-mother-truckers-dlc-sk\\\/#breadcrumb\"},\"inLanguage\":\"sk-SK\",\"potentialAction\":[{\"@type\":\"ReadAction\",\"target\":[\"https:\\\/\\\/begamer.cz\\\/sk\\\/produkt\\\/alaskan-road-truckers-mother-truckers-dlc-sk\\\/\"]}]},{\"@type\":\"ImageObject\",\"inLanguage\":\"sk-SK\",\"@id\":\"https:\\\/\\\/begamer.cz\\\/sk\\\/produkt\\\/alaskan-road-truckers-mother-truckers-dlc-sk\\\/#primaryimage\",\"url\":\"https:\\\/\\\/begamer.cz\\\/wp-content\\\/uploads\\\/2026\\\/01\\\/alaskan-road-truckers-mother-truckers-dlc-5.webp\",\"contentUrl\":\"https:\\\/\\\/begamer.cz\\\/wp-content\\\/uploads\\\/2026\\\/01\\\/alaskan-road-truckers-mother-truckers-dlc-5.webp\",\"width\":300,\"height\":400},{\"@type\":\"BreadcrumbList\",\"@id\":\"https:\\\/\\\/begamer.cz\\\/sk\\\/produkt\\\/alaskan-road-truckers-mother-truckers-dlc-sk\\\/#breadcrumb\",\"itemListElement\":[{\"@type\":\"ListItem\",\"position\":1,\"name\":\"Domov\",\"item\":\"https:\\\/\\\/begamer.cz\\\/sk\\\/\"},{\"@type\":\"ListItem\",\"position\":2,\"name\":\"Obchod\",\"item\":\"https:\\\/\\\/begamer.cz\\\/obchod\\\/\"},{\"@type\":\"ListItem\",\"position\":3,\"name\":\"Alaskan Road Truckers: Mother Truckers DLC\"}]},{\"@type\":\"WebSite\",\"@id\":\"https:\\\/\\\/begamer.cz\\\/sk\\\/#website\",\"url\":\"https:\\\/\\\/begamer.cz\\\/sk\\\/\",\"name\":\"BeGamer.cz\",\"description\":\"\",\"publisher\":{\"@id\":\"https:\\\/\\\/begamer.cz\\\/sk\\\/#organization\"},\"potentialAction\":[{\"@type\":\"SearchAction\",\"target\":{\"@type\":\"EntryPoint\",\"urlTemplate\":\"https:\\\/\\\/begamer.cz\\\/sk\\\/?s={search_term_string}\"},\"query-input\":{\"@type\":\"PropertyValueSpecification\",\"valueRequired\":true,\"valueName\":\"search_term_string\"}}],\"inLanguage\":\"sk-SK\"},{\"@type\":\"Organization\",\"@id\":\"https:\\\/\\\/begamer.cz\\\/sk\\\/#organization\",\"name\":\"BeGamer.cz\",\"url\":\"https:\\\/\\\/begamer.cz\\\/sk\\\/\",\"logo\":{\"@type\":\"ImageObject\",\"inLanguage\":\"sk-SK\",\"@id\":\"https:\\\/\\\/begamer.cz\\\/sk\\\/#\\\/schema\\\/logo\\\/image\\\/\",\"url\":\"https:\\\/\\\/begamer.cz\\\/wp-content\\\/uploads\\\/2025\\\/07\\\/logo.svg\",\"contentUrl\":\"https:\\\/\\\/begamer.cz\\\/wp-content\\\/uploads\\\/2025\\\/07\\\/logo.svg\",\"caption\":\"BeGamer.cz\"},\"image\":{\"@id\":\"https:\\\/\\\/begamer.cz\\\/sk\\\/#\\\/schema\\\/logo\\\/image\\\/\"}}]}<\/script>\n<!-- \/ Yoast SEO plugin. -->","yoast_head_json":{"title":"Alaskan Road Truckers: Mother Truckers DLC | BeGamer.cz","robots":{"index":"index","follow":"follow","max-snippet":"max-snippet:-1","max-image-preview":"max-image-preview:large","max-video-preview":"max-video-preview:-1"},"canonical":"https:\/\/begamer.cz\/sk\/produkt\/alaskan-road-truckers-mother-truckers-dlc-sk\/","og_locale":"sk_SK","og_type":"article","og_title":"Alaskan Road Truckers: Mother Truckers DLC | BeGamer.cz","og_description":"Za\u017eite \u017eivot v definit\u00edvnom simul\u00e1tore kami\u00f3nistu. Dod\u00e1vajte n\u00e1klad, aby bol v\u00e1\u0161 biznis \u00faspe\u0161n\u00fd. Vyst\u00fapte z kami\u00f3nu a presk\u00famajte Alja\u0161ku, pri\u010dom sa starajte o svoje vozidlo a pripravte sa na zradn\u00e9 podmienky na ceste. M\u00e1te na to, aby ste sa stali legendou alja\u0161sk\u00e9ho kami\u00f3nov\u00e9ho priemyslu?","og_url":"https:\/\/begamer.cz\/sk\/produkt\/alaskan-road-truckers-mother-truckers-dlc-sk\/","og_site_name":"BeGamer.cz","article_modified_time":"2026-03-11T15:06:42+00:00","og_image":[{"width":300,"height":400,"url":"https:\/\/begamer.cz\/wp-content\/uploads\/2026\/01\/alaskan-road-truckers-mother-truckers-dlc-5.webp","type":"image\/webp"}],"twitter_card":"summary_large_image","twitter_misc":{"Predpokladan\u00fd \u010das \u010d\u00edtania":"2 min\u00faty"},"schema":{"@context":"https:\/\/schema.org","@graph":[{"@type":"WebPage","@id":"https:\/\/begamer.cz\/sk\/produkt\/alaskan-road-truckers-mother-truckers-dlc-sk\/","url":"https:\/\/begamer.cz\/sk\/produkt\/alaskan-road-truckers-mother-truckers-dlc-sk\/","name":"Alaskan Road Truckers: Mother Truckers DLC | BeGamer.cz","isPartOf":{"@id":"https:\/\/begamer.cz\/sk\/#website"},"primaryImageOfPage":{"@id":"https:\/\/begamer.cz\/sk\/produkt\/alaskan-road-truckers-mother-truckers-dlc-sk\/#primaryimage"},"image":{"@id":"https:\/\/begamer.cz\/sk\/produkt\/alaskan-road-truckers-mother-truckers-dlc-sk\/#primaryimage"},"thumbnailUrl":"https:\/\/begamer.cz\/wp-content\/uploads\/2026\/01\/alaskan-road-truckers-mother-truckers-dlc-5.webp","datePublished":"2026-01-30T17:52:14+00:00","dateModified":"2026-03-11T15:06:42+00:00","breadcrumb":{"@id":"https:\/\/begamer.cz\/sk\/produkt\/alaskan-road-truckers-mother-truckers-dlc-sk\/#breadcrumb"},"inLanguage":"sk-SK","potentialAction":[{"@type":"ReadAction","target":["https:\/\/begamer.cz\/sk\/produkt\/alaskan-road-truckers-mother-truckers-dlc-sk\/"]}]},{"@type":"ImageObject","inLanguage":"sk-SK","@id":"https:\/\/begamer.cz\/sk\/produkt\/alaskan-road-truckers-mother-truckers-dlc-sk\/#primaryimage","url":"https:\/\/begamer.cz\/wp-content\/uploads\/2026\/01\/alaskan-road-truckers-mother-truckers-dlc-5.webp","contentUrl":"https:\/\/begamer.cz\/wp-content\/uploads\/2026\/01\/alaskan-road-truckers-mother-truckers-dlc-5.webp","width":300,"height":400},{"@type":"BreadcrumbList","@id":"https:\/\/begamer.cz\/sk\/produkt\/alaskan-road-truckers-mother-truckers-dlc-sk\/#breadcrumb","itemListElement":[{"@type":"ListItem","position":1,"name":"Domov","item":"https:\/\/begamer.cz\/sk\/"},{"@type":"ListItem","position":2,"name":"Obchod","item":"https:\/\/begamer.cz\/obchod\/"},{"@type":"ListItem","position":3,"name":"Alaskan Road Truckers: Mother Truckers DLC"}]},{"@type":"WebSite","@id":"https:\/\/begamer.cz\/sk\/#website","url":"https:\/\/begamer.cz\/sk\/","name":"BeGamer.cz","description":"","publisher":{"@id":"https:\/\/begamer.cz\/sk\/#organization"},"potentialAction":[{"@type":"SearchAction","target":{"@type":"EntryPoint","urlTemplate":"https:\/\/begamer.cz\/sk\/?s={search_term_string}"},"query-input":{"@type":"PropertyValueSpecification","valueRequired":true,"valueName":"search_term_string"}}],"inLanguage":"sk-SK"},{"@type":"Organization","@id":"https:\/\/begamer.cz\/sk\/#organization","name":"BeGamer.cz","url":"https:\/\/begamer.cz\/sk\/","logo":{"@type":"ImageObject","inLanguage":"sk-SK","@id":"https:\/\/begamer.cz\/sk\/#\/schema\/logo\/image\/","url":"https:\/\/begamer.cz\/wp-content\/uploads\/2025\/07\/logo.svg","contentUrl":"https:\/\/begamer.cz\/wp-content\/uploads\/2025\/07\/logo.svg","caption":"BeGamer.cz"},"image":{"@id":"https:\/\/begamer.cz\/sk\/#\/schema\/logo\/image\/"}}]}},"acf":[],"_links":{"self":[{"href":"https:\/\/begamer.cz\/sk\/wp-json\/wp\/v2\/product\/102014","targetHints":{"allow":["GET"]}}],"collection":[{"href":"https:\/\/begamer.cz\/sk\/wp-json\/wp\/v2\/product"}],"about":[{"href":"https:\/\/begamer.cz\/sk\/wp-json\/wp\/v2\/types\/product"}],"replies":[{"embeddable":true,"href":"https:\/\/begamer.cz\/sk\/wp-json\/wp\/v2\/comments?post=102014"}],"wp:featuredmedia":[{"embeddable":true,"href":"https:\/\/begamer.cz\/sk\/wp-json\/wp\/v2\/media\/40126"}],"wp:attachment":[{"href":"https:\/\/begamer.cz\/sk\/wp-json\/wp\/v2\/media?parent=102014"}],"wp:term":[{"taxonomy":"product_brand","embeddable":true,"href":"https:\/\/begamer.cz\/sk\/wp-json\/wp\/v2\/product_brand?post=102014"},{"taxonomy":"product_cat","embeddable":true,"href":"https:\/\/begamer.cz\/sk\/wp-json\/wp\/v2\/product_cat?post=102014"},{"taxonomy":"product_tag","embeddable":true,"href":"https:\/\/begamer.cz\/sk\/wp-json\/wp\/v2\/product_tag?post=102014"}],"curies":[{"name":"wp","href":"https:\/\/api.w.org\/{rel}","templated":true}]}}