{"id":102011,"date":"2026-01-30T18:52:11","date_gmt":"2026-01-30T17:52:11","guid":{"rendered":"https:\/\/begamer.cz\/produkt\/alaskan-road-truckers-trucking-hell-sk\/"},"modified":"2026-03-11T16:06:24","modified_gmt":"2026-03-11T15:06:24","slug":"alaskan-road-truckers-trucking-hell-sk","status":"publish","type":"product","link":"https:\/\/begamer.cz\/sk\/produkt\/alaskan-road-truckers-trucking-hell-sk\/","title":{"rendered":"Alaskan Road Truckers: Trucking Hell"},"content":{"rendered":"<p>\u0160liapnite na plyn s na\u0161ou doteraz najextr\u00e9mnej\u0161ou kolekciou polepov a pr\u00edslu\u0161enstva pre n\u00e1kladn\u00e9 vozidl\u00e1. Uk\u00e1\u017ete Alja\u0161ke, kto je tu p\u00e1nom, s DLC Trucking Hell Edition pre Alaskan Road Truckers.<\/p>\n<h2 class=\"bb_tag\" ><strong>Nov\u00e9 n\u00e1lepkov\u00e9 sady Rough &#x27;n&#x27; Ready<\/strong><\/h2>\n<p>S na\u0161ou ponukou \u00faplne nov\u00fdch polepov bude v\u00e1\u0161 kami\u00f3n pripraven\u00fd na v\u0161etk\u00fdch s\u00faperov. Ke\u010f zastav\u00edte na \u010derpacej stanici, dajte v\u0161etk\u00fdm vedie\u0165, \u017ee tu je skuto\u010dn\u00fd alja\u0161sk\u00fd bojovn\u00edk ciest, v\u010faka t\u00fdmto skvel\u00fdm polepom.<\/p>\n<h2 class=\"bb_tag\" ><strong>Nov\u00e9 brut\u00e1lne pr\u00edslu\u0161enstvo<\/strong><\/h2>\n<p>Vybavte svoj kami\u00f3n \u00faplne nov\u00fdm pr\u00edslu\u0161enstvom, ktor\u00e9 mu dod\u00e1 najbrut\u00e1lnej\u0161\u00ed, nekompromisn\u00fd a smrtiaci vzh\u013ead na ceste. Ve\u010f \u017eiadny kami\u00f3n nie je kompletn\u00fd bez mno\u017estva hrotov a p\u00e1r lebiek.<\/p>\n<h2 class=\"bb_tag\" ><strong>Dajte im peklo a vylep\u0161ite svoj n\u00e1kladn\u00fd automobil<\/strong><\/h2>\n<p>Vezmite kov na cestu a prineste do Alja\u0161ky chu\u0165 s\u00edry s t\u00fdmito \u00faplne nov\u00fdmi kozmetick\u00fdmi doplnkami. Tu je v\u0161etko, \u010do z\u00edskate, ke\u010f si k\u00fapite DLC Trucking Hell:<\/p>\n<ul class=\"bb_ul\">\n<li>Nov\u00e1 postapokalyptick\u00e1 hrate\u013en\u00e1 postava<\/li>\n<li>Nov\u00fd \u0161peci\u00e1lny kami\u00f3n, ktor\u00fd na v\u00e1s \u010dak\u00e1 v obchode HQ Truck Shop<\/li>\n<li>2 \u0161peci\u00e1lne skiny Trucking Hell pre v\u0161etky n\u00e1kladn\u00e9 vozidl\u00e1<\/li>\n<li>Nov\u00e9 n\u00e1lepky na n\u00e1kladn\u00e9 vozidl\u00e1<\/li>\n<\/ul>\n<p><strong>Zbrusu nov\u00e9 pekeln\u00e9 prisp\u00f4sobite\u013en\u00e9 diely, vr\u00e1tane:<\/strong><\/p>\n<ul class=\"bb_ul\">\n<li>N\u00e1razn\u00edk z pekla<\/li>\n<li>Postapokalyptick\u00e9 repliky zbran\u00ed (nestrie\u013eaj\u00face)<\/li>\n<li>Mrie\u017eka Deathdealer<\/li>\n<li>Pekeln\u00fd kryt \u010deln\u00e9ho skla<\/li>\n<li>V\u00fdfuk Fire and Brimstone<\/li>\n<li>Kryt kapoty s hrotmi<\/li>\n<li>Rohat\u00e1 barania lebka<\/li>\n<li>Hrotov\u00e9 kapoty (pripraven\u00e9 na lebky)<\/li>\n<li>Hroty kapoty s lebkami men\u0161\u00edch vodi\u010dov kami\u00f3nov<\/li>\n<\/ul>\n<h2 class=\"bb_tag\" ><strong>O alja\u0161sk\u00fdch kami\u00f3nistoch<\/strong><\/h2>\n<h2 class=\"bb_tag\" ><strong>Vst\u00fapte do ko\u017ee alja\u0161sk\u00e9ho vodi\u010da kami\u00f3nu!<\/strong><\/h2>\n<p>Sadnite za volant a prejdite cel\u00fd \u0161t\u00e1t Alja\u0161ka s dynamick\u00fdm po\u010das\u00edm a nepredv\u00eddate\u013en\u00fdmi podmienkami na cest\u00e1ch. Sta\u0148te sa legendou medzi vodi\u010dmi n\u00e1kladn\u00fdch vozidiel a dovezte svoj n\u00e1klad na\u010das do cie\u013ea.<\/p>\n<ul class=\"bb_ul\">\n<li>Vyberte si trasu cez r\u00f4znorod\u00e9 cestn\u00e9 podmienky<\/li>\n<li>Roz\u0161irujte a prisp\u00f4sobujte svoju zbierku n\u00e1kladn\u00fdch vozidiel<\/li>\n<li>Prij\u00edmajte r\u00f4zne \u00falohy s obrovskou \u0161k\u00e1lou typov n\u00e1kladu<\/li>\n<\/ul>\n<h2 class=\"bb_tag\" ><strong>Vyst\u00fapte z n\u00e1kladn\u00e9ho auta&#8230;<\/strong><\/h2>\n<p>Za\u0161pinite si ruky pri komplexnej a d\u00f4kladnej \u00fadr\u017ebe n\u00e1kladn\u00e9ho auta. Starajte sa o svoje n\u00e1kladn\u00e9 auto, z\u00e1sobte sa potrebn\u00fdmi vecami a uistite sa, \u017ee ste pripraven\u00ed na \u010fal\u0161iu cestu.<\/p>\n<ul class=\"bb_ul\">\n<li>Udr\u017eujte svoje n\u00e1kladn\u00e9 vozidlo, aby zostalo na ceste<\/li>\n<li>Vylep\u0161ite svoje velite\u013estvo a spravujte svoj biznis<\/li>\n<li>Nav\u0161t\u00edvte obchody a \u010derpacie stanice, aby ste nak\u00fapili potrebn\u00e9 veci a palivo<\/li>\n<li>Vyst\u00fapte z kab\u00edny, aby ste mohli objavova\u0165 malebn\u00e9 pamiatky a nas\u00e1va\u0165 atmosf\u00e9ru<\/li>\n<\/ul>\n<h2 class=\"bb_tag\" ><strong>&#8230; a pre\u017eite<\/strong><\/h2>\n<p>Bu\u010fte pripraven\u00ed na v\u0161etko, \u010do v\u00e1m Alja\u0161ka prinesie, a o\u010dak\u00e1vajte neo\u010dak\u00e1van\u00e9 na cest\u00e1ch, ktor\u00e9 v\u00e1s \u010dakaj\u00fa.<\/p>\n<ul class=\"bb_ul\">\n<li>Starajte sa o svoje zdravie bojom proti hladu, \u00fanave a chladu<\/li>\n<li>Napl\u00e1nujte si trasu a uistite sa, \u017ee m\u00e1te na to najlep\u0161ie vybavenie<\/li>\n<li>Stretnite sa s nebezpe\u010denstvami, ako s\u00fa zosuvy bahna, lav\u00edny, popadan\u00e9 stromy a \u010fal\u0161ie!<\/li>\n<\/ul>\n<p><strong>BU\u010eTE VODI\u010cOM N\u00c1KLADN\u00c9HO VOZIDLA, NIE N\u00c1KLADN\u00ddM VOZIDLOM!<\/strong><\/p>\n","protected":false},"excerpt":{"rendered":"<p>Za\u017eite \u017eivot v definit\u00edvnom simul\u00e1tore kami\u00f3nistu. Dod\u00e1vajte n\u00e1klad, aby bol v\u00e1\u0161 biznis \u00faspe\u0161n\u00fd. Vyst\u00fapte z kami\u00f3nu a presk\u00famajte Alja\u0161ku, pri\u010dom sa starajte o svoje vozidlo a pripravte sa na zradn\u00e9 podmienky na ceste. M\u00e1te na to, aby ste sa stali legendou alja\u0161sk\u00e9ho kami\u00f3nov\u00e9ho priemyslu?<\/p>\n","protected":false},"featured_media":40105,"comment_status":"open","ping_status":"closed","template":"","meta":{"_acf_changed":false},"product_brand":[],"product_cat":[270,290,268,266,314,312,324],"product_tag":[],"class_list":{"0":"post-102011","1":"product","2":"type-product","3":"status-publish","4":"has-post-thumbnail","6":"product_cat-adventury-pc-hry-sk","7":"product_cat-indie-hry-pc-sk","8":"product_cat-pc-sk","9":"product_cat-pc-hry-sk","10":"product_cat-simulatory-pc-hry-sk","11":"product_cat-steam-pc-sk","12":"product_cat-zavodne-pc-hry","13":"pa_audio-en-us","15":"pa_countries-ad","16":"pa_countries-ae","17":"pa_countries-af","18":"pa_countries-ag","19":"pa_countries-ai","20":"pa_countries-al","21":"pa_countries-am","22":"pa_countries-ao","23":"pa_countries-aq","24":"pa_countries-ar","25":"pa_countries-as","26":"pa_countries-at","27":"pa_countries-au","28":"pa_countries-aw","29":"pa_countries-ax","30":"pa_countries-az","31":"pa_countries-ba","32":"pa_countries-bb","33":"pa_countries-bd","34":"pa_countries-be","35":"pa_countries-bf","36":"pa_countries-bg","37":"pa_countries-bh","38":"pa_countries-bi","39":"pa_countries-bj","40":"pa_countries-bl","41":"pa_countries-bm","42":"pa_countries-bn","43":"pa_countries-bo","44":"pa_countries-bq","45":"pa_countries-br","46":"pa_countries-bs","47":"pa_countries-bt","48":"pa_countries-bv","49":"pa_countries-bw","50":"pa_countries-bz","51":"pa_countries-ca","52":"pa_countries-cc","53":"pa_countries-cd","54":"pa_countries-cf","55":"pa_countries-cg","56":"pa_countries-ch","57":"pa_countries-ci","58":"pa_countries-ck","59":"pa_countries-cl","60":"pa_countries-cm","61":"pa_countries-cn","62":"pa_countries-co","63":"pa_countries-cr","64":"pa_countries-cu","65":"pa_countries-cv","66":"pa_countries-cw","67":"pa_countries-cx","68":"pa_countries-cy","69":"pa_countries-cz","70":"pa_countries-de","71":"pa_countries-dj","72":"pa_countries-dk","73":"pa_countries-dm","74":"pa_countries-do","75":"pa_countries-dz","76":"pa_countries-ec","77":"pa_countries-ee","78":"pa_countries-eg","79":"pa_countries-eh","80":"pa_countries-er","81":"pa_countries-es","82":"pa_countries-et","83":"pa_countries-fi","84":"pa_countries-fj","85":"pa_countries-fk","86":"pa_countries-fm","87":"pa_countries-fo","88":"pa_countries-fr","89":"pa_countries-ga","90":"pa_countries-gb","91":"pa_countries-gd","92":"pa_countries-ge","93":"pa_countries-gf","94":"pa_countries-gg","95":"pa_countries-gh","96":"pa_countries-gi","97":"pa_countries-gl","98":"pa_countries-gm","99":"pa_countries-gn","100":"pa_countries-gp","101":"pa_countries-gq","102":"pa_countries-gr","103":"pa_countries-gs","104":"pa_countries-gt","105":"pa_countries-gu","106":"pa_countries-gw","107":"pa_countries-gy","108":"pa_countries-hk","109":"pa_countries-hm","110":"pa_countries-hn","111":"pa_countries-hr","112":"pa_countries-ht","113":"pa_countries-hu","114":"pa_countries-id","115":"pa_countries-ie","116":"pa_countries-il","117":"pa_countries-im","118":"pa_countries-in","119":"pa_countries-io","120":"pa_countries-iq","121":"pa_countries-ir","122":"pa_countries-is","123":"pa_countries-it","124":"pa_countries-je","125":"pa_countries-jm","126":"pa_countries-jo","127":"pa_countries-jp","128":"pa_countries-ke","129":"pa_countries-kg","130":"pa_countries-kh","131":"pa_countries-ki","132":"pa_countries-km","133":"pa_countries-kn","134":"pa_countries-kp","135":"pa_countries-kr","136":"pa_countries-kw","137":"pa_countries-ky","138":"pa_countries-kz","139":"pa_countries-la","140":"pa_countries-lb","141":"pa_countries-lc","142":"pa_countries-li","143":"pa_countries-lk","144":"pa_countries-lr","145":"pa_countries-ls","146":"pa_countries-lt","147":"pa_countries-lu","148":"pa_countries-lv","149":"pa_countries-ly","150":"pa_countries-ma","151":"pa_countries-mc","152":"pa_countries-md","153":"pa_countries-me","154":"pa_countries-mf","155":"pa_countries-mg","156":"pa_countries-mh","157":"pa_countries-mk","158":"pa_countries-ml","159":"pa_countries-mm","160":"pa_countries-mn","161":"pa_countries-mo","162":"pa_countries-mp","163":"pa_countries-mq","164":"pa_countries-mr","165":"pa_countries-ms","166":"pa_countries-mt","167":"pa_countries-mu","168":"pa_countries-mv","169":"pa_countries-mw","170":"pa_countries-mx","171":"pa_countries-my","172":"pa_countries-mz","173":"pa_countries-na","174":"pa_countries-nc","175":"pa_countries-ne","176":"pa_countries-nf","177":"pa_countries-ng","178":"pa_countries-ni","179":"pa_countries-nl","180":"pa_countries-no","181":"pa_countries-np","182":"pa_countries-nr","183":"pa_countries-nu","184":"pa_countries-nz","185":"pa_countries-om","186":"pa_countries-pa","187":"pa_countries-pe","188":"pa_countries-pf","189":"pa_countries-pg","190":"pa_countries-ph","191":"pa_countries-pk","192":"pa_countries-pl","193":"pa_countries-pm","194":"pa_countries-pn","195":"pa_countries-pr","196":"pa_countries-ps","197":"pa_countries-pt","198":"pa_countries-pw","199":"pa_countries-py","200":"pa_countries-qa","201":"pa_countries-re","202":"pa_countries-ro","203":"pa_countries-rs","204":"pa_countries-rw","205":"pa_countries-sa","206":"pa_countries-sb","207":"pa_countries-sc","208":"pa_countries-sd","209":"pa_countries-se","210":"pa_countries-sg","211":"pa_countries-sh","212":"pa_countries-si","213":"pa_countries-sj","214":"pa_countries-sk","215":"pa_countries-sl","216":"pa_countries-sm","217":"pa_countries-sn","218":"pa_countries-so","219":"pa_countries-sr","220":"pa_countries-ss","222":"pa_countries-st","223":"pa_countries-sv","224":"pa_countries-sx","225":"pa_countries-sy","226":"pa_countries-sz","227":"pa_countries-tc","228":"pa_countries-td","229":"pa_countries-tf","230":"pa_countries-tg","231":"pa_countries-th","232":"pa_countries-tj","233":"pa_countries-tk","234":"pa_countries-tl","235":"pa_countries-tm","236":"pa_countries-tn","237":"pa_countries-to","238":"pa_countries-tr","239":"pa_countries-tt","240":"pa_countries-tv","241":"pa_countries-tw","242":"pa_countries-tz","243":"pa_countries-ua","244":"pa_countries-ug","245":"pa_countries-um","246":"pa_countries-us","247":"pa_countries-uy","248":"pa_countries-uz","249":"pa_countries-va","250":"pa_countries-vc","251":"pa_countries-ve","252":"pa_countries-vg","253":"pa_countries-vi","254":"pa_countries-vn","255":"pa_countries-vu","256":"pa_countries-wf","257":"pa_countries-ws","258":"pa_countries-xk","259":"pa_countries-ye","260":"pa_countries-yt","261":"pa_countries-za","262":"pa_countries-zm","263":"pa_countries-zw","264":"pa_developer-road-studio-s-a","266":"pa_game_type-dlc","268":"pa_genres-adventure","269":"pa_genres-indie","270":"pa_genres-racing","272":"pa_genres-simulator","273":"pa_interface-de-de","274":"pa_interface-en-us","275":"pa_interface-es-es","276":"pa_interface-fr-fr","277":"pa_interface-ja-jp","278":"pa_interface-pl-pl","279":"pa_interface-pt-br","280":"pa_interface-ru-ru","282":"pa_interface-tr-tr","283":"pa_interface-zh-cn","284":"pa_keywords-snow","285":"pa_keywords-truck-simulator","287":"pa_keywords-trucks","288":"pa_modes-single-player","290":"pa_pegi-13430","291":"pa_pegi-943","292":"pa_platform-pc-steam","294":"pa_player_perspectives-first-person","296":"pa_player_perspectives-third-person","297":"pa_publisher-green-man-gaming-publishing","299":"pa_rating-14441","300":"pa_rating-773","301":"pa_region-global","303":"pa_themes-action","304":"pa_themes-open-world","305":"pa_themes-survival","308":"first","309":"instock","310":"virtual","311":"taxable","312":"purchasable","313":"product-type-simple"},"yoast_head":"<!-- This site is optimized with the Yoast SEO plugin v27.4 - https:\/\/yoast.com\/product\/yoast-seo-wordpress\/ -->\n<title>Alaskan Road Truckers: Trucking Hell | BeGamer.cz<\/title>\n<meta name=\"robots\" content=\"index, follow, max-snippet:-1, max-image-preview:large, max-video-preview:-1\" \/>\n<link rel=\"canonical\" href=\"https:\/\/begamer.cz\/sk\/produkt\/alaskan-road-truckers-trucking-hell-sk\/\" \/>\n<meta property=\"og:locale\" content=\"sk_SK\" \/>\n<meta property=\"og:type\" content=\"article\" \/>\n<meta property=\"og:title\" content=\"Alaskan Road Truckers: Trucking Hell | BeGamer.cz\" \/>\n<meta property=\"og:description\" content=\"Za\u017eite \u017eivot v definit\u00edvnom simul\u00e1tore kami\u00f3nistu. Dod\u00e1vajte n\u00e1klad, aby bol v\u00e1\u0161 biznis \u00faspe\u0161n\u00fd. Vyst\u00fapte z kami\u00f3nu a presk\u00famajte Alja\u0161ku, pri\u010dom sa starajte o svoje vozidlo a pripravte sa na zradn\u00e9 podmienky na ceste. M\u00e1te na to, aby ste sa stali legendou alja\u0161sk\u00e9ho kami\u00f3nov\u00e9ho priemyslu?\" \/>\n<meta property=\"og:url\" content=\"https:\/\/begamer.cz\/sk\/produkt\/alaskan-road-truckers-trucking-hell-sk\/\" \/>\n<meta property=\"og:site_name\" content=\"BeGamer.cz\" \/>\n<meta property=\"article:modified_time\" content=\"2026-03-11T15:06:24+00:00\" \/>\n<meta property=\"og:image\" content=\"https:\/\/begamer.cz\/wp-content\/uploads\/2026\/01\/alaskan-road-truckers-trucking-hell-7.webp\" \/>\n\t<meta property=\"og:image:width\" content=\"300\" \/>\n\t<meta property=\"og:image:height\" content=\"400\" \/>\n\t<meta property=\"og:image:type\" content=\"image\/webp\" \/>\n<meta name=\"twitter:card\" content=\"summary_large_image\" \/>\n<meta name=\"twitter:label1\" content=\"Predpokladan\u00fd \u010das \u010d\u00edtania\" \/>\n\t<meta name=\"twitter:data1\" content=\"3 min\u00faty\" \/>\n<script type=\"application\/ld+json\" class=\"yoast-schema-graph\">{\"@context\":\"https:\\\/\\\/schema.org\",\"@graph\":[{\"@type\":\"WebPage\",\"@id\":\"https:\\\/\\\/begamer.cz\\\/sk\\\/produkt\\\/alaskan-road-truckers-trucking-hell-sk\\\/\",\"url\":\"https:\\\/\\\/begamer.cz\\\/sk\\\/produkt\\\/alaskan-road-truckers-trucking-hell-sk\\\/\",\"name\":\"Alaskan Road Truckers: Trucking Hell | BeGamer.cz\",\"isPartOf\":{\"@id\":\"https:\\\/\\\/begamer.cz\\\/sk\\\/#website\"},\"primaryImageOfPage\":{\"@id\":\"https:\\\/\\\/begamer.cz\\\/sk\\\/produkt\\\/alaskan-road-truckers-trucking-hell-sk\\\/#primaryimage\"},\"image\":{\"@id\":\"https:\\\/\\\/begamer.cz\\\/sk\\\/produkt\\\/alaskan-road-truckers-trucking-hell-sk\\\/#primaryimage\"},\"thumbnailUrl\":\"https:\\\/\\\/begamer.cz\\\/wp-content\\\/uploads\\\/2026\\\/01\\\/alaskan-road-truckers-trucking-hell-7.webp\",\"datePublished\":\"2026-01-30T17:52:11+00:00\",\"dateModified\":\"2026-03-11T15:06:24+00:00\",\"breadcrumb\":{\"@id\":\"https:\\\/\\\/begamer.cz\\\/sk\\\/produkt\\\/alaskan-road-truckers-trucking-hell-sk\\\/#breadcrumb\"},\"inLanguage\":\"sk-SK\",\"potentialAction\":[{\"@type\":\"ReadAction\",\"target\":[\"https:\\\/\\\/begamer.cz\\\/sk\\\/produkt\\\/alaskan-road-truckers-trucking-hell-sk\\\/\"]}]},{\"@type\":\"ImageObject\",\"inLanguage\":\"sk-SK\",\"@id\":\"https:\\\/\\\/begamer.cz\\\/sk\\\/produkt\\\/alaskan-road-truckers-trucking-hell-sk\\\/#primaryimage\",\"url\":\"https:\\\/\\\/begamer.cz\\\/wp-content\\\/uploads\\\/2026\\\/01\\\/alaskan-road-truckers-trucking-hell-7.webp\",\"contentUrl\":\"https:\\\/\\\/begamer.cz\\\/wp-content\\\/uploads\\\/2026\\\/01\\\/alaskan-road-truckers-trucking-hell-7.webp\",\"width\":300,\"height\":400},{\"@type\":\"BreadcrumbList\",\"@id\":\"https:\\\/\\\/begamer.cz\\\/sk\\\/produkt\\\/alaskan-road-truckers-trucking-hell-sk\\\/#breadcrumb\",\"itemListElement\":[{\"@type\":\"ListItem\",\"position\":1,\"name\":\"Domov\",\"item\":\"https:\\\/\\\/begamer.cz\\\/sk\\\/\"},{\"@type\":\"ListItem\",\"position\":2,\"name\":\"Obchod\",\"item\":\"https:\\\/\\\/begamer.cz\\\/obchod\\\/\"},{\"@type\":\"ListItem\",\"position\":3,\"name\":\"Alaskan Road Truckers: Trucking Hell\"}]},{\"@type\":\"WebSite\",\"@id\":\"https:\\\/\\\/begamer.cz\\\/sk\\\/#website\",\"url\":\"https:\\\/\\\/begamer.cz\\\/sk\\\/\",\"name\":\"BeGamer.cz\",\"description\":\"\",\"publisher\":{\"@id\":\"https:\\\/\\\/begamer.cz\\\/sk\\\/#organization\"},\"potentialAction\":[{\"@type\":\"SearchAction\",\"target\":{\"@type\":\"EntryPoint\",\"urlTemplate\":\"https:\\\/\\\/begamer.cz\\\/sk\\\/?s={search_term_string}\"},\"query-input\":{\"@type\":\"PropertyValueSpecification\",\"valueRequired\":true,\"valueName\":\"search_term_string\"}}],\"inLanguage\":\"sk-SK\"},{\"@type\":\"Organization\",\"@id\":\"https:\\\/\\\/begamer.cz\\\/sk\\\/#organization\",\"name\":\"BeGamer.cz\",\"url\":\"https:\\\/\\\/begamer.cz\\\/sk\\\/\",\"logo\":{\"@type\":\"ImageObject\",\"inLanguage\":\"sk-SK\",\"@id\":\"https:\\\/\\\/begamer.cz\\\/sk\\\/#\\\/schema\\\/logo\\\/image\\\/\",\"url\":\"https:\\\/\\\/begamer.cz\\\/wp-content\\\/uploads\\\/2025\\\/07\\\/logo.svg\",\"contentUrl\":\"https:\\\/\\\/begamer.cz\\\/wp-content\\\/uploads\\\/2025\\\/07\\\/logo.svg\",\"caption\":\"BeGamer.cz\"},\"image\":{\"@id\":\"https:\\\/\\\/begamer.cz\\\/sk\\\/#\\\/schema\\\/logo\\\/image\\\/\"}}]}<\/script>\n<!-- \/ Yoast SEO plugin. -->","yoast_head_json":{"title":"Alaskan Road Truckers: Trucking Hell | BeGamer.cz","robots":{"index":"index","follow":"follow","max-snippet":"max-snippet:-1","max-image-preview":"max-image-preview:large","max-video-preview":"max-video-preview:-1"},"canonical":"https:\/\/begamer.cz\/sk\/produkt\/alaskan-road-truckers-trucking-hell-sk\/","og_locale":"sk_SK","og_type":"article","og_title":"Alaskan Road Truckers: Trucking Hell | BeGamer.cz","og_description":"Za\u017eite \u017eivot v definit\u00edvnom simul\u00e1tore kami\u00f3nistu. Dod\u00e1vajte n\u00e1klad, aby bol v\u00e1\u0161 biznis \u00faspe\u0161n\u00fd. Vyst\u00fapte z kami\u00f3nu a presk\u00famajte Alja\u0161ku, pri\u010dom sa starajte o svoje vozidlo a pripravte sa na zradn\u00e9 podmienky na ceste. M\u00e1te na to, aby ste sa stali legendou alja\u0161sk\u00e9ho kami\u00f3nov\u00e9ho priemyslu?","og_url":"https:\/\/begamer.cz\/sk\/produkt\/alaskan-road-truckers-trucking-hell-sk\/","og_site_name":"BeGamer.cz","article_modified_time":"2026-03-11T15:06:24+00:00","og_image":[{"width":300,"height":400,"url":"https:\/\/begamer.cz\/wp-content\/uploads\/2026\/01\/alaskan-road-truckers-trucking-hell-7.webp","type":"image\/webp"}],"twitter_card":"summary_large_image","twitter_misc":{"Predpokladan\u00fd \u010das \u010d\u00edtania":"3 min\u00faty"},"schema":{"@context":"https:\/\/schema.org","@graph":[{"@type":"WebPage","@id":"https:\/\/begamer.cz\/sk\/produkt\/alaskan-road-truckers-trucking-hell-sk\/","url":"https:\/\/begamer.cz\/sk\/produkt\/alaskan-road-truckers-trucking-hell-sk\/","name":"Alaskan Road Truckers: Trucking Hell | BeGamer.cz","isPartOf":{"@id":"https:\/\/begamer.cz\/sk\/#website"},"primaryImageOfPage":{"@id":"https:\/\/begamer.cz\/sk\/produkt\/alaskan-road-truckers-trucking-hell-sk\/#primaryimage"},"image":{"@id":"https:\/\/begamer.cz\/sk\/produkt\/alaskan-road-truckers-trucking-hell-sk\/#primaryimage"},"thumbnailUrl":"https:\/\/begamer.cz\/wp-content\/uploads\/2026\/01\/alaskan-road-truckers-trucking-hell-7.webp","datePublished":"2026-01-30T17:52:11+00:00","dateModified":"2026-03-11T15:06:24+00:00","breadcrumb":{"@id":"https:\/\/begamer.cz\/sk\/produkt\/alaskan-road-truckers-trucking-hell-sk\/#breadcrumb"},"inLanguage":"sk-SK","potentialAction":[{"@type":"ReadAction","target":["https:\/\/begamer.cz\/sk\/produkt\/alaskan-road-truckers-trucking-hell-sk\/"]}]},{"@type":"ImageObject","inLanguage":"sk-SK","@id":"https:\/\/begamer.cz\/sk\/produkt\/alaskan-road-truckers-trucking-hell-sk\/#primaryimage","url":"https:\/\/begamer.cz\/wp-content\/uploads\/2026\/01\/alaskan-road-truckers-trucking-hell-7.webp","contentUrl":"https:\/\/begamer.cz\/wp-content\/uploads\/2026\/01\/alaskan-road-truckers-trucking-hell-7.webp","width":300,"height":400},{"@type":"BreadcrumbList","@id":"https:\/\/begamer.cz\/sk\/produkt\/alaskan-road-truckers-trucking-hell-sk\/#breadcrumb","itemListElement":[{"@type":"ListItem","position":1,"name":"Domov","item":"https:\/\/begamer.cz\/sk\/"},{"@type":"ListItem","position":2,"name":"Obchod","item":"https:\/\/begamer.cz\/obchod\/"},{"@type":"ListItem","position":3,"name":"Alaskan Road Truckers: Trucking Hell"}]},{"@type":"WebSite","@id":"https:\/\/begamer.cz\/sk\/#website","url":"https:\/\/begamer.cz\/sk\/","name":"BeGamer.cz","description":"","publisher":{"@id":"https:\/\/begamer.cz\/sk\/#organization"},"potentialAction":[{"@type":"SearchAction","target":{"@type":"EntryPoint","urlTemplate":"https:\/\/begamer.cz\/sk\/?s={search_term_string}"},"query-input":{"@type":"PropertyValueSpecification","valueRequired":true,"valueName":"search_term_string"}}],"inLanguage":"sk-SK"},{"@type":"Organization","@id":"https:\/\/begamer.cz\/sk\/#organization","name":"BeGamer.cz","url":"https:\/\/begamer.cz\/sk\/","logo":{"@type":"ImageObject","inLanguage":"sk-SK","@id":"https:\/\/begamer.cz\/sk\/#\/schema\/logo\/image\/","url":"https:\/\/begamer.cz\/wp-content\/uploads\/2025\/07\/logo.svg","contentUrl":"https:\/\/begamer.cz\/wp-content\/uploads\/2025\/07\/logo.svg","caption":"BeGamer.cz"},"image":{"@id":"https:\/\/begamer.cz\/sk\/#\/schema\/logo\/image\/"}}]}},"acf":[],"_links":{"self":[{"href":"https:\/\/begamer.cz\/sk\/wp-json\/wp\/v2\/product\/102011","targetHints":{"allow":["GET"]}}],"collection":[{"href":"https:\/\/begamer.cz\/sk\/wp-json\/wp\/v2\/product"}],"about":[{"href":"https:\/\/begamer.cz\/sk\/wp-json\/wp\/v2\/types\/product"}],"replies":[{"embeddable":true,"href":"https:\/\/begamer.cz\/sk\/wp-json\/wp\/v2\/comments?post=102011"}],"wp:featuredmedia":[{"embeddable":true,"href":"https:\/\/begamer.cz\/sk\/wp-json\/wp\/v2\/media\/40105"}],"wp:attachment":[{"href":"https:\/\/begamer.cz\/sk\/wp-json\/wp\/v2\/media?parent=102011"}],"wp:term":[{"taxonomy":"product_brand","embeddable":true,"href":"https:\/\/begamer.cz\/sk\/wp-json\/wp\/v2\/product_brand?post=102011"},{"taxonomy":"product_cat","embeddable":true,"href":"https:\/\/begamer.cz\/sk\/wp-json\/wp\/v2\/product_cat?post=102011"},{"taxonomy":"product_tag","embeddable":true,"href":"https:\/\/begamer.cz\/sk\/wp-json\/wp\/v2\/product_tag?post=102011"}],"curies":[{"name":"wp","href":"https:\/\/api.w.org\/{rel}","templated":true}]}}