{"id":101984,"date":"2026-01-30T18:51:41","date_gmt":"2026-01-30T17:51:41","guid":{"rendered":"https:\/\/begamer.cz\/produkt\/blazing-sails-undead-pirate-pack-sk\/"},"modified":"2026-03-11T16:03:19","modified_gmt":"2026-03-11T15:03:19","slug":"blazing-sails-undead-pirate-pack-sk","status":"publish","type":"product","link":"https:\/\/begamer.cz\/sk\/produkt\/blazing-sails-undead-pirate-pack-sk\/","title":{"rendered":"Blazing Sails: Undead Pirate Pack"},"content":{"rendered":"<p>D\u00fafam, \u017ee ver\u00ed\u0161 na stra\u0161ideln\u00e9 pr\u00edbehy, dareb\u00e1k! Toto DLC obsahuje 3 jedine\u010dn\u00e9 \u0161t\u00fdly kostrov\u00fdch skinov cel\u00e9ho tela v mu\u017eskej aj \u017eenskej variante. Kostry sa daj\u00fa kombinova\u0165 s takmer v\u0161etk\u00fdmi existuj\u00facimi kozmetick\u00fdmi predmetmi! A to nie je v\u0161etko. Toto DLC obsahuje aj jedine\u010dn\u00e9 stra\u0161ideln\u00e9 hlasov\u00e9 repliky, tak\u017ee m\u00f4\u017ee\u0161 vyzera\u0165 aj znie\u0165 ako nem\u0155tvy stra\u0161ideln\u00fd pir\u00e1t!<\/p>\n<p><i>Be\u017en\u00e9 kozmetick\u00e9 oble\u010denie nie je s\u00fa\u010das\u0165ou tohto DLC, ale d\u00e1 sa \u013eahko z\u00edska\u0165 hran\u00edm hry Blazing Sails!<\/i><\/p>\n<p><strong>Sp\u00e1len\u00fd:<\/strong><br \/><span class=\"bb_img_ctn\"><img decoding=\"async\" class=\"bb_img\" src=\"https:\/\/shared.akamai.steamstatic.com\/store_item_assets\/steam\/apps\/1691460\/extras\/aa2e2a59ddea51d6945e79144792f2e3.avif?t=1639572084\" width=600 height=700 \/><\/span><\/p>\n<p><strong>Utopen\u00fd:<\/strong><br \/><span class=\"bb_img_ctn\"><img decoding=\"async\" class=\"bb_img\" src=\"https:\/\/shared.akamai.steamstatic.com\/store_item_assets\/steam\/apps\/1691460\/extras\/7fb000239f0f4d4ea2929cd0e281428f.avif?t=1639572084\" width=600 height=700 \/><\/span><\/p>\n<p><strong>Vyblednut\u00fd slnkom:<\/strong><br \/><span class=\"bb_img_ctn\"><img decoding=\"async\" class=\"bb_img\" src=\"https:\/\/shared.akamai.steamstatic.com\/store_item_assets\/steam\/apps\/1691460\/extras\/f7bd737d94eb0a82519b6e237195f818.avif?t=1639572084\" width=600 height=700 \/><\/span><\/p>\n","protected":false},"excerpt":{"rendered":"<p>D\u00fafam, \u017ee ver\u00ed\u0161 na stra\u0161ideln\u00e9 pr\u00edbehy, dareb\u00e1k! Toto DLC obsahuje 3 jedine\u010dn\u00e9 skiny kostry cel\u00e9ho tela pre tvojho pir\u00e1ta, ktor\u00e9 sa daj\u00fa kombinova\u0165 so v\u0161etk\u00fdmi existuj\u00facimi kozmetick\u00fdmi predmetmi!<\/p>\n","protected":false},"featured_media":39935,"comment_status":"open","ping_status":"closed","template":"","meta":{"_acf_changed":false},"product_brand":[],"product_cat":[280,290,268,266,312],"product_tag":[],"class_list":{"0":"post-101984","1":"product","2":"type-product","3":"status-publish","4":"has-post-thumbnail","6":"product_cat-dobrodruzne-pc-hry-sk","7":"product_cat-indie-hry-pc-sk","8":"product_cat-pc-sk","9":"product_cat-pc-hry-sk","10":"product_cat-steam-pc-sk","11":"pa_audio-en-us","13":"pa_developer-get-up-games","14":"pa_developer-get-up-games-2","15":"pa_game_type-dlc","17":"pa_genres-adventure","19":"pa_genres-indie","21":"pa_interface-ar","22":"pa_interface-de-de","23":"pa_interface-en-us","24":"pa_interface-es-es","25":"pa_interface-es-mx","26":"pa_interface-fr-fr","27":"pa_interface-it-it","28":"pa_interface-ja-jp","29":"pa_interface-nl-nl","31":"pa_interface-pt-br","32":"pa_interface-pt-pt","34":"pa_interface-ru-ru","35":"pa_interface-tr-tr","36":"pa_interface-zh-cn","37":"pa_interface-zh-tw","38":"pa_modes-single-player","40":"pa_platform-pc-steam","42":"pa_publisher-iceberg-interactive","44":"pa_rating-773","45":"pa_rating-14441","46":"pa_region-global","48":"pa_themes-action","51":"first","52":"instock","53":"virtual","54":"taxable","55":"purchasable","56":"product-type-simple"},"yoast_head":"<!-- This site is optimized with the Yoast SEO plugin v27.3 - https:\/\/yoast.com\/product\/yoast-seo-wordpress\/ -->\n<title>Blazing Sails: Undead Pirate Pack | BeGamer.cz<\/title>\n<meta name=\"robots\" content=\"index, follow, max-snippet:-1, max-image-preview:large, max-video-preview:-1\" \/>\n<link rel=\"canonical\" href=\"https:\/\/begamer.cz\/sk\/produkt\/blazing-sails-undead-pirate-pack-sk\/\" \/>\n<meta property=\"og:locale\" content=\"sk_SK\" \/>\n<meta property=\"og:type\" content=\"article\" \/>\n<meta property=\"og:title\" content=\"Blazing Sails: Undead Pirate Pack | BeGamer.cz\" \/>\n<meta property=\"og:description\" content=\"D\u00fafam, \u017ee ver\u00ed\u0161 na stra\u0161ideln\u00e9 pr\u00edbehy, dareb\u00e1k! Toto DLC obsahuje 3 jedine\u010dn\u00e9 skiny kostry cel\u00e9ho tela pre tvojho pir\u00e1ta, ktor\u00e9 sa daj\u00fa kombinova\u0165 so v\u0161etk\u00fdmi existuj\u00facimi kozmetick\u00fdmi predmetmi!\" \/>\n<meta property=\"og:url\" content=\"https:\/\/begamer.cz\/sk\/produkt\/blazing-sails-undead-pirate-pack-sk\/\" \/>\n<meta property=\"og:site_name\" content=\"BeGamer.cz\" \/>\n<meta property=\"article:modified_time\" content=\"2026-03-11T15:03:19+00:00\" \/>\n<meta property=\"og:image\" content=\"https:\/\/begamer.cz\/wp-content\/uploads\/2026\/01\/blazing-sails-undead-pirate-pack-8.webp\" \/>\n\t<meta property=\"og:image:width\" content=\"300\" \/>\n\t<meta property=\"og:image:height\" content=\"400\" \/>\n\t<meta property=\"og:image:type\" content=\"image\/webp\" \/>\n<meta name=\"twitter:card\" content=\"summary_large_image\" \/>\n<meta name=\"twitter:label1\" content=\"Predpokladan\u00fd \u010das \u010d\u00edtania\" \/>\n\t<meta name=\"twitter:data1\" content=\"1 min\u00fata\" \/>\n<script type=\"application\/ld+json\" class=\"yoast-schema-graph\">{\"@context\":\"https:\\\/\\\/schema.org\",\"@graph\":[{\"@type\":\"WebPage\",\"@id\":\"https:\\\/\\\/begamer.cz\\\/sk\\\/produkt\\\/blazing-sails-undead-pirate-pack-sk\\\/\",\"url\":\"https:\\\/\\\/begamer.cz\\\/sk\\\/produkt\\\/blazing-sails-undead-pirate-pack-sk\\\/\",\"name\":\"Blazing Sails: Undead Pirate Pack | BeGamer.cz\",\"isPartOf\":{\"@id\":\"https:\\\/\\\/begamer.cz\\\/sk\\\/#website\"},\"primaryImageOfPage\":{\"@id\":\"https:\\\/\\\/begamer.cz\\\/sk\\\/produkt\\\/blazing-sails-undead-pirate-pack-sk\\\/#primaryimage\"},\"image\":{\"@id\":\"https:\\\/\\\/begamer.cz\\\/sk\\\/produkt\\\/blazing-sails-undead-pirate-pack-sk\\\/#primaryimage\"},\"thumbnailUrl\":\"https:\\\/\\\/begamer.cz\\\/wp-content\\\/uploads\\\/2026\\\/01\\\/blazing-sails-undead-pirate-pack-8.webp\",\"datePublished\":\"2026-01-30T17:51:41+00:00\",\"dateModified\":\"2026-03-11T15:03:19+00:00\",\"breadcrumb\":{\"@id\":\"https:\\\/\\\/begamer.cz\\\/sk\\\/produkt\\\/blazing-sails-undead-pirate-pack-sk\\\/#breadcrumb\"},\"inLanguage\":\"sk-SK\",\"potentialAction\":[{\"@type\":\"ReadAction\",\"target\":[\"https:\\\/\\\/begamer.cz\\\/sk\\\/produkt\\\/blazing-sails-undead-pirate-pack-sk\\\/\"]}]},{\"@type\":\"ImageObject\",\"inLanguage\":\"sk-SK\",\"@id\":\"https:\\\/\\\/begamer.cz\\\/sk\\\/produkt\\\/blazing-sails-undead-pirate-pack-sk\\\/#primaryimage\",\"url\":\"https:\\\/\\\/begamer.cz\\\/wp-content\\\/uploads\\\/2026\\\/01\\\/blazing-sails-undead-pirate-pack-8.webp\",\"contentUrl\":\"https:\\\/\\\/begamer.cz\\\/wp-content\\\/uploads\\\/2026\\\/01\\\/blazing-sails-undead-pirate-pack-8.webp\",\"width\":300,\"height\":400},{\"@type\":\"BreadcrumbList\",\"@id\":\"https:\\\/\\\/begamer.cz\\\/sk\\\/produkt\\\/blazing-sails-undead-pirate-pack-sk\\\/#breadcrumb\",\"itemListElement\":[{\"@type\":\"ListItem\",\"position\":1,\"name\":\"Domov\",\"item\":\"https:\\\/\\\/begamer.cz\\\/sk\\\/\"},{\"@type\":\"ListItem\",\"position\":2,\"name\":\"Obchod\",\"item\":\"https:\\\/\\\/begamer.cz\\\/obchod\\\/\"},{\"@type\":\"ListItem\",\"position\":3,\"name\":\"Blazing Sails: Undead Pirate Pack\"}]},{\"@type\":\"WebSite\",\"@id\":\"https:\\\/\\\/begamer.cz\\\/sk\\\/#website\",\"url\":\"https:\\\/\\\/begamer.cz\\\/sk\\\/\",\"name\":\"BeGamer.cz\",\"description\":\"\",\"publisher\":{\"@id\":\"https:\\\/\\\/begamer.cz\\\/sk\\\/#organization\"},\"potentialAction\":[{\"@type\":\"SearchAction\",\"target\":{\"@type\":\"EntryPoint\",\"urlTemplate\":\"https:\\\/\\\/begamer.cz\\\/sk\\\/?s={search_term_string}\"},\"query-input\":{\"@type\":\"PropertyValueSpecification\",\"valueRequired\":true,\"valueName\":\"search_term_string\"}}],\"inLanguage\":\"sk-SK\"},{\"@type\":\"Organization\",\"@id\":\"https:\\\/\\\/begamer.cz\\\/sk\\\/#organization\",\"name\":\"BeGamer.cz\",\"url\":\"https:\\\/\\\/begamer.cz\\\/sk\\\/\",\"logo\":{\"@type\":\"ImageObject\",\"inLanguage\":\"sk-SK\",\"@id\":\"https:\\\/\\\/begamer.cz\\\/sk\\\/#\\\/schema\\\/logo\\\/image\\\/\",\"url\":\"https:\\\/\\\/begamer.cz\\\/wp-content\\\/uploads\\\/2025\\\/07\\\/logo.svg\",\"contentUrl\":\"https:\\\/\\\/begamer.cz\\\/wp-content\\\/uploads\\\/2025\\\/07\\\/logo.svg\",\"caption\":\"BeGamer.cz\"},\"image\":{\"@id\":\"https:\\\/\\\/begamer.cz\\\/sk\\\/#\\\/schema\\\/logo\\\/image\\\/\"}}]}<\/script>\n<!-- \/ Yoast SEO plugin. -->","yoast_head_json":{"title":"Blazing Sails: Undead Pirate Pack | BeGamer.cz","robots":{"index":"index","follow":"follow","max-snippet":"max-snippet:-1","max-image-preview":"max-image-preview:large","max-video-preview":"max-video-preview:-1"},"canonical":"https:\/\/begamer.cz\/sk\/produkt\/blazing-sails-undead-pirate-pack-sk\/","og_locale":"sk_SK","og_type":"article","og_title":"Blazing Sails: Undead Pirate Pack | BeGamer.cz","og_description":"D\u00fafam, \u017ee ver\u00ed\u0161 na stra\u0161ideln\u00e9 pr\u00edbehy, dareb\u00e1k! Toto DLC obsahuje 3 jedine\u010dn\u00e9 skiny kostry cel\u00e9ho tela pre tvojho pir\u00e1ta, ktor\u00e9 sa daj\u00fa kombinova\u0165 so v\u0161etk\u00fdmi existuj\u00facimi kozmetick\u00fdmi predmetmi!","og_url":"https:\/\/begamer.cz\/sk\/produkt\/blazing-sails-undead-pirate-pack-sk\/","og_site_name":"BeGamer.cz","article_modified_time":"2026-03-11T15:03:19+00:00","og_image":[{"width":300,"height":400,"url":"https:\/\/begamer.cz\/wp-content\/uploads\/2026\/01\/blazing-sails-undead-pirate-pack-8.webp","type":"image\/webp"}],"twitter_card":"summary_large_image","twitter_misc":{"Predpokladan\u00fd \u010das \u010d\u00edtania":"1 min\u00fata"},"schema":{"@context":"https:\/\/schema.org","@graph":[{"@type":"WebPage","@id":"https:\/\/begamer.cz\/sk\/produkt\/blazing-sails-undead-pirate-pack-sk\/","url":"https:\/\/begamer.cz\/sk\/produkt\/blazing-sails-undead-pirate-pack-sk\/","name":"Blazing Sails: Undead Pirate Pack | BeGamer.cz","isPartOf":{"@id":"https:\/\/begamer.cz\/sk\/#website"},"primaryImageOfPage":{"@id":"https:\/\/begamer.cz\/sk\/produkt\/blazing-sails-undead-pirate-pack-sk\/#primaryimage"},"image":{"@id":"https:\/\/begamer.cz\/sk\/produkt\/blazing-sails-undead-pirate-pack-sk\/#primaryimage"},"thumbnailUrl":"https:\/\/begamer.cz\/wp-content\/uploads\/2026\/01\/blazing-sails-undead-pirate-pack-8.webp","datePublished":"2026-01-30T17:51:41+00:00","dateModified":"2026-03-11T15:03:19+00:00","breadcrumb":{"@id":"https:\/\/begamer.cz\/sk\/produkt\/blazing-sails-undead-pirate-pack-sk\/#breadcrumb"},"inLanguage":"sk-SK","potentialAction":[{"@type":"ReadAction","target":["https:\/\/begamer.cz\/sk\/produkt\/blazing-sails-undead-pirate-pack-sk\/"]}]},{"@type":"ImageObject","inLanguage":"sk-SK","@id":"https:\/\/begamer.cz\/sk\/produkt\/blazing-sails-undead-pirate-pack-sk\/#primaryimage","url":"https:\/\/begamer.cz\/wp-content\/uploads\/2026\/01\/blazing-sails-undead-pirate-pack-8.webp","contentUrl":"https:\/\/begamer.cz\/wp-content\/uploads\/2026\/01\/blazing-sails-undead-pirate-pack-8.webp","width":300,"height":400},{"@type":"BreadcrumbList","@id":"https:\/\/begamer.cz\/sk\/produkt\/blazing-sails-undead-pirate-pack-sk\/#breadcrumb","itemListElement":[{"@type":"ListItem","position":1,"name":"Domov","item":"https:\/\/begamer.cz\/sk\/"},{"@type":"ListItem","position":2,"name":"Obchod","item":"https:\/\/begamer.cz\/obchod\/"},{"@type":"ListItem","position":3,"name":"Blazing Sails: Undead Pirate Pack"}]},{"@type":"WebSite","@id":"https:\/\/begamer.cz\/sk\/#website","url":"https:\/\/begamer.cz\/sk\/","name":"BeGamer.cz","description":"","publisher":{"@id":"https:\/\/begamer.cz\/sk\/#organization"},"potentialAction":[{"@type":"SearchAction","target":{"@type":"EntryPoint","urlTemplate":"https:\/\/begamer.cz\/sk\/?s={search_term_string}"},"query-input":{"@type":"PropertyValueSpecification","valueRequired":true,"valueName":"search_term_string"}}],"inLanguage":"sk-SK"},{"@type":"Organization","@id":"https:\/\/begamer.cz\/sk\/#organization","name":"BeGamer.cz","url":"https:\/\/begamer.cz\/sk\/","logo":{"@type":"ImageObject","inLanguage":"sk-SK","@id":"https:\/\/begamer.cz\/sk\/#\/schema\/logo\/image\/","url":"https:\/\/begamer.cz\/wp-content\/uploads\/2025\/07\/logo.svg","contentUrl":"https:\/\/begamer.cz\/wp-content\/uploads\/2025\/07\/logo.svg","caption":"BeGamer.cz"},"image":{"@id":"https:\/\/begamer.cz\/sk\/#\/schema\/logo\/image\/"}}]}},"acf":[],"_links":{"self":[{"href":"https:\/\/begamer.cz\/sk\/wp-json\/wp\/v2\/product\/101984","targetHints":{"allow":["GET"]}}],"collection":[{"href":"https:\/\/begamer.cz\/sk\/wp-json\/wp\/v2\/product"}],"about":[{"href":"https:\/\/begamer.cz\/sk\/wp-json\/wp\/v2\/types\/product"}],"replies":[{"embeddable":true,"href":"https:\/\/begamer.cz\/sk\/wp-json\/wp\/v2\/comments?post=101984"}],"wp:featuredmedia":[{"embeddable":true,"href":"https:\/\/begamer.cz\/sk\/wp-json\/wp\/v2\/media\/39935"}],"wp:attachment":[{"href":"https:\/\/begamer.cz\/sk\/wp-json\/wp\/v2\/media?parent=101984"}],"wp:term":[{"taxonomy":"product_brand","embeddable":true,"href":"https:\/\/begamer.cz\/sk\/wp-json\/wp\/v2\/product_brand?post=101984"},{"taxonomy":"product_cat","embeddable":true,"href":"https:\/\/begamer.cz\/sk\/wp-json\/wp\/v2\/product_cat?post=101984"},{"taxonomy":"product_tag","embeddable":true,"href":"https:\/\/begamer.cz\/sk\/wp-json\/wp\/v2\/product_tag?post=101984"}],"curies":[{"name":"wp","href":"https:\/\/api.w.org\/{rel}","templated":true}]}}