{"id":101900,"date":"2026-01-30T18:50:12","date_gmt":"2026-01-30T17:50:12","guid":{"rendered":"https:\/\/begamer.cz\/produkt\/lust-from-beyond-sk\/"},"modified":"2026-03-11T10:11:05","modified_gmt":"2026-03-11T09:11:05","slug":"lust-from-beyond-sk","status":"publish","type":"product","link":"https:\/\/begamer.cz\/sk\/produkt\/lust-from-beyond-sk\/","title":{"rendered":"Lust from Beyond"},"content":{"rendered":"<p class=\"bb_paragraph\" ><strong>Lust from Beyond<\/strong> je psychologick\u00fd horor s okultn\u00fdmi a erotick\u00fdmi mot\u00edvmi od Movie Games Lunarium, tvorcov hry Lust for Darkness.  <\/p>\n<p class=\"bb_paragraph\" >\n<p class=\"bb_paragraph\" >V minulosti sme dok\u00e1zali, \u017ee je mo\u017en\u00e9 spoji\u0165 sexualitu a horor. Teraz v\u00e1s poz\u00fdvame do in\u00e9ho sveta. Sveta poh\u00e1\u0148an\u00e9ho <strong>t\u00fa\u017ebou, fascin\u00e1ciou a strachom<\/strong>. Sveta in\u0161pirovan\u00e9ho znepokojuj\u00facimi dielami H.P. Lovecrafta, H.R. Gigera a Zdzislawa Beksinsk\u00e9ho.<\/p>\n<p class=\"bb_paragraph\" >\n<p class=\"bb_paragraph\" ><span class=\"bb_img_ctn\"><video class=\"bb_img\" autoplay muted loop playsinline poster=\"https:\/\/shared.akamai.steamstatic.com\/store_item_assets\/steam\/apps\/1035120\/extras\/c6624c3e0ab021a6b40075893caee714.poster.avif?t=1730368009\" width=600 height=218 ><source src=\"https:\/\/shared.akamai.steamstatic.com\/store_item_assets\/steam\/apps\/1035120\/extras\/c6624c3e0ab021a6b40075893caee714.webm?t=1730368009\" type=\"video\/webm; codecs=vp9\"><source src=\"https:\/\/shared.akamai.steamstatic.com\/store_item_assets\/steam\/apps\/1035120\/extras\/c6624c3e0ab021a6b40075893caee714.mp4?t=1730368009\" type=\"video\/mp4\"><\/video><\/span><\/p>\n<p class=\"bb_paragraph\" >Ste <strong>Victor Holloway<\/strong>, antikv\u00e1r, ktor\u00fd je mu\u010den\u00fd v\u00edziami temnej krajiny, kde neexistuje rozdiel medzi boles\u0165ou a pote\u0161en\u00edm. Aby ste odhalili skuto\u010dn\u00fd v\u00fdznam svojich snov, prid\u00e1te sa k ezoterick\u00e9mu <strong>Kultu ext\u00e1zy<\/strong>.<\/p>\n<p class=\"bb_paragraph\" >\n<p class=\"bb_paragraph\" >Ochutnajte \u017eivot kultistu zvn\u00fatra. Straten\u00fd v jeho r\u00fahav\u00fdch a sexu\u00e1lnych zvykoch. Zistite, \u010do sa stane, ke\u010f pote\u0161enie tohto sveta prestane sta\u010di\u0165.<\/p>\n<p class=\"bb_paragraph\" >\n<p class=\"bb_paragraph\" >Objavte br\u00e1ny <strong>Lusst&#x27;ghaa, m\u00fdtickej krajiny ext\u00e1zy za hranicami reality a ch\u00e1pania<\/strong>.<\/p>\n<p class=\"bb_paragraph\" >\n<p class=\"bb_paragraph\" ><span class=\"bb_img_ctn\"><video class=\"bb_img\" autoplay muted loop playsinline poster=\"https:\/\/shared.akamai.steamstatic.com\/store_item_assets\/steam\/apps\/1035120\/extras\/30763fbeb08621bf181fc14a0d3f3a96.poster.avif?t=1730368009\" width=600 height=218 ><source src=\"https:\/\/shared.akamai.steamstatic.com\/store_item_assets\/steam\/apps\/1035120\/extras\/30763fbeb08621bf181fc14a0d3f3a96.webm?t=1730368009\" type=\"video\/webm; codecs=vp9\"><source src=\"https:\/\/shared.akamai.steamstatic.com\/store_item_assets\/steam\/apps\/1035120\/extras\/30763fbeb08621bf181fc14a0d3f3a96.mp4?t=1730368009\" type=\"video\/mp4\"><\/video><\/span><\/p>\n<ul class=\"bb_ul\">\n<li>\n<p class=\"bb_paragraph\" >Zrel\u00fd ezoterick\u00fd horor s odv\u00e1\u017enymi erotick\u00fdmi mot\u00edvmi<\/p>\n<\/li>\n<\/ul>\n<ul class=\"bb_ul\">\n<li>\n<p class=\"bb_paragraph\" >Presk\u00famajte perspekt\u00edvu \u010dlena okultnej sekty<\/p>\n<\/li>\n<\/ul>\n<ul class=\"bb_ul\">\n<li>\n<p class=\"bb_paragraph\" >Be\u017ete, schovajte sa, plazte sa alebo bojujte pomocou mechaniky survival hororu<\/p>\n<\/li>\n<\/ul>\n<ul class=\"bb_ul\">\n<li>\n<p class=\"bb_paragraph\" >Nastavenie a \u0161t\u00fdl in\u0161pirovan\u00e9 dielami Lovecrafta, Gigera a Beksi\u0144sk\u00e9ho<\/p>\n<\/li>\n<\/ul>\n<ul class=\"bb_ul\">\n<li>\n<p class=\"bb_paragraph\" >V\u00fdznamn\u00e9 vo\u013eby a prvky postupu podobn\u00e9 RPG<\/p>\n<\/li>\n<\/ul>\n<ul class=\"bb_ul\">\n<li>\n<p class=\"bb_paragraph\" >Zlo\u017eit\u00e9 h\u00e1danky, ktor\u00e9 otestuj\u00fa va\u0161u bystros\u0165<\/p>\n<\/li>\n<\/ul>\n<ul class=\"bb_ul\">\n<li>\n<p class=\"bb_paragraph\" >Zvuk nahran\u00fd na mieste v opusten\u00fdch historick\u00fdch budov\u00e1ch<\/p>\n<\/li>\n<\/ul>\n","protected":false},"excerpt":{"rendered":"<p>Viktori\u00e1nske s\u00eddlo. Kult uctievaj\u00faci nadpozemsk\u00fa erotick\u00fa bo\u017esk\u00fa bytos\u0165. A uprostred toho v\u0161etk\u00e9ho \u2013 vy. Presk\u00famajte svet in\u0161pirovan\u00fd dielami Lovecrafta, Gigera a Beksi\u0144sk\u00e9ho. Presved\u010dte sa na vlastn\u00e9 o\u010di, \u017ee temn\u00e1 ext\u00e1za nepozn\u00e1 hranice.<\/p>\n","protected":false},"featured_media":84028,"comment_status":"open","ping_status":"closed","template":"","meta":{"_acf_changed":false},"product_brand":[],"product_cat":[270,288,290,268,266,312],"product_tag":[],"class_list":{"0":"post-101900","1":"product","2":"type-product","3":"status-publish","4":"has-post-thumbnail","6":"product_cat-adventury-pc-hry-sk","7":"product_cat-horor-pc-hry-sk","8":"product_cat-indie-hry-pc-sk","9":"product_cat-pc-sk","10":"product_cat-pc-hry-sk","11":"product_cat-steam-pc-sk","12":"pa_audio-en-us","14":"pa_countries-ad","15":"pa_countries-ae","16":"pa_countries-af","17":"pa_countries-ag","18":"pa_countries-ai","19":"pa_countries-al","20":"pa_countries-am","21":"pa_countries-ao","22":"pa_countries-aq","23":"pa_countries-ar","24":"pa_countries-as","25":"pa_countries-at","26":"pa_countries-au","27":"pa_countries-aw","28":"pa_countries-ax","29":"pa_countries-az","30":"pa_countries-ba","31":"pa_countries-bb","32":"pa_countries-bd","33":"pa_countries-be","34":"pa_countries-bf","35":"pa_countries-bg","36":"pa_countries-bh","37":"pa_countries-bi","38":"pa_countries-bj","39":"pa_countries-bl","40":"pa_countries-bm","41":"pa_countries-bn","42":"pa_countries-bo","43":"pa_countries-bq","44":"pa_countries-br","45":"pa_countries-bs","46":"pa_countries-bt","47":"pa_countries-bv","48":"pa_countries-bw","49":"pa_countries-bz","50":"pa_countries-ca","51":"pa_countries-cc","52":"pa_countries-cd","53":"pa_countries-cf","54":"pa_countries-cg","55":"pa_countries-ch","56":"pa_countries-ci","57":"pa_countries-ck","58":"pa_countries-cl","59":"pa_countries-cm","60":"pa_countries-cn","61":"pa_countries-co","62":"pa_countries-cr","63":"pa_countries-cu","64":"pa_countries-cv","65":"pa_countries-cw","66":"pa_countries-cx","67":"pa_countries-cy","68":"pa_countries-cz","69":"pa_countries-de","70":"pa_countries-dj","71":"pa_countries-dk","72":"pa_countries-dm","73":"pa_countries-do","74":"pa_countries-dz","75":"pa_countries-ec","76":"pa_countries-ee","77":"pa_countries-eg","78":"pa_countries-eh","79":"pa_countries-er","80":"pa_countries-es","81":"pa_countries-et","82":"pa_countries-fi","83":"pa_countries-fj","84":"pa_countries-fk","85":"pa_countries-fm","86":"pa_countries-fo","87":"pa_countries-fr","88":"pa_countries-ga","89":"pa_countries-gb","90":"pa_countries-gd","91":"pa_countries-ge","92":"pa_countries-gf","93":"pa_countries-gg","94":"pa_countries-gh","95":"pa_countries-gi","96":"pa_countries-gl","97":"pa_countries-gm","98":"pa_countries-gn","99":"pa_countries-gp","100":"pa_countries-gq","101":"pa_countries-gr","102":"pa_countries-gs","103":"pa_countries-gt","104":"pa_countries-gu","105":"pa_countries-gw","106":"pa_countries-gy","107":"pa_countries-hk","108":"pa_countries-hm","109":"pa_countries-hn","110":"pa_countries-hr","111":"pa_countries-ht","112":"pa_countries-hu","113":"pa_countries-id","114":"pa_countries-ie","115":"pa_countries-il","116":"pa_countries-im","117":"pa_countries-in","118":"pa_countries-io","119":"pa_countries-iq","120":"pa_countries-ir","121":"pa_countries-is","122":"pa_countries-it","123":"pa_countries-je","124":"pa_countries-jm","125":"pa_countries-jo","126":"pa_countries-jp","127":"pa_countries-ke","128":"pa_countries-kg","129":"pa_countries-kh","130":"pa_countries-ki","131":"pa_countries-km","132":"pa_countries-kn","133":"pa_countries-kp","134":"pa_countries-kr","135":"pa_countries-kw","136":"pa_countries-ky","137":"pa_countries-kz","138":"pa_countries-la","139":"pa_countries-lb","140":"pa_countries-lc","141":"pa_countries-li","142":"pa_countries-lk","143":"pa_countries-lr","144":"pa_countries-ls","145":"pa_countries-lt","146":"pa_countries-lu","147":"pa_countries-lv","148":"pa_countries-ly","149":"pa_countries-ma","150":"pa_countries-mc","151":"pa_countries-md","152":"pa_countries-me","153":"pa_countries-mf","154":"pa_countries-mg","155":"pa_countries-mh","156":"pa_countries-mk","157":"pa_countries-ml","158":"pa_countries-mm","159":"pa_countries-mn","160":"pa_countries-mo","161":"pa_countries-mp","162":"pa_countries-mq","163":"pa_countries-mr","164":"pa_countries-ms","165":"pa_countries-mt","166":"pa_countries-mu","167":"pa_countries-mv","168":"pa_countries-mw","169":"pa_countries-mx","170":"pa_countries-my","171":"pa_countries-mz","172":"pa_countries-na","173":"pa_countries-nc","174":"pa_countries-ne","175":"pa_countries-nf","176":"pa_countries-ng","177":"pa_countries-ni","178":"pa_countries-nl","179":"pa_countries-no","180":"pa_countries-np","181":"pa_countries-nr","182":"pa_countries-nu","183":"pa_countries-nz","184":"pa_countries-om","185":"pa_countries-pa","186":"pa_countries-pe","187":"pa_countries-pf","188":"pa_countries-pg","189":"pa_countries-ph","190":"pa_countries-pk","191":"pa_countries-pl","192":"pa_countries-pm","193":"pa_countries-pn","194":"pa_countries-pr","195":"pa_countries-ps","196":"pa_countries-pt","197":"pa_countries-pw","198":"pa_countries-py","199":"pa_countries-qa","200":"pa_countries-re","201":"pa_countries-ro","202":"pa_countries-rs","203":"pa_countries-rw","204":"pa_countries-sa","205":"pa_countries-sb","206":"pa_countries-sc","207":"pa_countries-sd","208":"pa_countries-se","209":"pa_countries-sg","210":"pa_countries-sh","211":"pa_countries-si","212":"pa_countries-sj","213":"pa_countries-sk","214":"pa_countries-sl","215":"pa_countries-sm","216":"pa_countries-sn","217":"pa_countries-so","218":"pa_countries-sr","219":"pa_countries-ss","221":"pa_countries-st","222":"pa_countries-sv","223":"pa_countries-sx","224":"pa_countries-sy","225":"pa_countries-sz","226":"pa_countries-tc","227":"pa_countries-td","228":"pa_countries-tf","229":"pa_countries-tg","230":"pa_countries-th","231":"pa_countries-tj","232":"pa_countries-tk","233":"pa_countries-tl","234":"pa_countries-tm","235":"pa_countries-tn","236":"pa_countries-to","237":"pa_countries-tr","238":"pa_countries-tt","239":"pa_countries-tv","240":"pa_countries-tw","241":"pa_countries-tz","242":"pa_countries-ua","243":"pa_countries-ug","244":"pa_countries-um","245":"pa_countries-us","246":"pa_countries-uy","247":"pa_countries-uz","248":"pa_countries-va","249":"pa_countries-vc","250":"pa_countries-ve","251":"pa_countries-vg","252":"pa_countries-vi","253":"pa_countries-vn","254":"pa_countries-vu","255":"pa_countries-wf","256":"pa_countries-ws","257":"pa_countries-xk","258":"pa_countries-ye","259":"pa_countries-yt","260":"pa_countries-za","261":"pa_countries-zm","262":"pa_countries-zw","263":"pa_developer-movie-games-lunarium","264":"pa_engine-unity","266":"pa_game_type-main_game","268":"pa_genres-adventure","269":"pa_genres-indie","270":"pa_genres-puzzle","272":"pa_interface-de-de","273":"pa_interface-en-us","274":"pa_interface-es-es","275":"pa_interface-fr-fr","276":"pa_interface-it-it","277":"pa_interface-ja-jp","278":"pa_interface-ko-kr","279":"pa_interface-pl-pl","280":"pa_interface-pt-br","281":"pa_interface-ru-ru","283":"pa_interface-tr-tr","284":"pa_interface-zh-cn","285":"pa_keywords-psychological-horror","287":"pa_modes-single-player","289":"pa_platform-pc-steam","291":"pa_player_perspectives-first-person","293":"pa_publisher-movie-games-s-a","295":"pa_publisher-playway-s-a","296":"pa_rating-2115","297":"pa_rating-14566","298":"pa_region-global","300":"pa_subtitles-de-de","302":"pa_subtitles-en-us","303":"pa_subtitles-es-es","304":"pa_subtitles-fr-fr","305":"pa_subtitles-it-it","306":"pa_subtitles-ja-jp","307":"pa_subtitles-ko-kr","308":"pa_subtitles-pl-pl","309":"pa_subtitles-pt-br","310":"pa_subtitles-ru-ru","311":"pa_subtitles-tr-tr","312":"pa_subtitles-zh-cn","313":"pa_themes-action","314":"pa_themes-erotic","316":"pa_themes-fantasy","317":"pa_themes-horror","318":"pa_themes-mystery","319":"pa_themes-thriller","321":"first","322":"instock","323":"virtual","324":"taxable","325":"purchasable","326":"product-type-simple"},"yoast_head":"<!-- This site is optimized with the Yoast SEO plugin v27.3 - https:\/\/yoast.com\/product\/yoast-seo-wordpress\/ -->\n<title>Lust from Beyond | BeGamer.cz<\/title>\n<meta name=\"robots\" content=\"index, follow, max-snippet:-1, max-image-preview:large, max-video-preview:-1\" \/>\n<link rel=\"canonical\" href=\"https:\/\/begamer.cz\/sk\/produkt\/lust-from-beyond-sk\/\" \/>\n<meta property=\"og:locale\" content=\"sk_SK\" \/>\n<meta property=\"og:type\" content=\"article\" \/>\n<meta property=\"og:title\" content=\"Lust from Beyond | BeGamer.cz\" \/>\n<meta property=\"og:description\" content=\"Viktori\u00e1nske s\u00eddlo. Kult uctievaj\u00faci nadpozemsk\u00fa erotick\u00fa bo\u017esk\u00fa bytos\u0165. A uprostred toho v\u0161etk\u00e9ho \u2013 vy. Presk\u00famajte svet in\u0161pirovan\u00fd dielami Lovecrafta, Gigera a Beksi\u0144sk\u00e9ho. Presved\u010dte sa na vlastn\u00e9 o\u010di, \u017ee temn\u00e1 ext\u00e1za nepozn\u00e1 hranice.\" \/>\n<meta property=\"og:url\" content=\"https:\/\/begamer.cz\/sk\/produkt\/lust-from-beyond-sk\/\" \/>\n<meta property=\"og:site_name\" content=\"BeGamer.cz\" \/>\n<meta property=\"article:modified_time\" content=\"2026-03-11T09:11:05+00:00\" \/>\n<meta property=\"og:image\" content=\"https:\/\/begamer.cz\/wp-content\/uploads\/2026\/01\/lust-from-beyond-6.webp\" \/>\n\t<meta property=\"og:image:width\" content=\"300\" \/>\n\t<meta property=\"og:image:height\" content=\"400\" \/>\n\t<meta property=\"og:image:type\" content=\"image\/webp\" \/>\n<meta name=\"twitter:card\" content=\"summary_large_image\" \/>\n<meta name=\"twitter:label1\" content=\"Predpokladan\u00fd \u010das \u010d\u00edtania\" \/>\n\t<meta name=\"twitter:data1\" content=\"1 min\u00fata\" \/>\n<script type=\"application\/ld+json\" class=\"yoast-schema-graph\">{\"@context\":\"https:\\\/\\\/schema.org\",\"@graph\":[{\"@type\":\"WebPage\",\"@id\":\"https:\\\/\\\/begamer.cz\\\/sk\\\/produkt\\\/lust-from-beyond-sk\\\/\",\"url\":\"https:\\\/\\\/begamer.cz\\\/sk\\\/produkt\\\/lust-from-beyond-sk\\\/\",\"name\":\"Lust from Beyond | BeGamer.cz\",\"isPartOf\":{\"@id\":\"https:\\\/\\\/begamer.cz\\\/sk\\\/#website\"},\"primaryImageOfPage\":{\"@id\":\"https:\\\/\\\/begamer.cz\\\/sk\\\/produkt\\\/lust-from-beyond-sk\\\/#primaryimage\"},\"image\":{\"@id\":\"https:\\\/\\\/begamer.cz\\\/sk\\\/produkt\\\/lust-from-beyond-sk\\\/#primaryimage\"},\"thumbnailUrl\":\"https:\\\/\\\/begamer.cz\\\/wp-content\\\/uploads\\\/2026\\\/01\\\/lust-from-beyond-6.webp\",\"datePublished\":\"2026-01-30T17:50:12+00:00\",\"dateModified\":\"2026-03-11T09:11:05+00:00\",\"breadcrumb\":{\"@id\":\"https:\\\/\\\/begamer.cz\\\/sk\\\/produkt\\\/lust-from-beyond-sk\\\/#breadcrumb\"},\"inLanguage\":\"sk-SK\",\"potentialAction\":[{\"@type\":\"ReadAction\",\"target\":[\"https:\\\/\\\/begamer.cz\\\/sk\\\/produkt\\\/lust-from-beyond-sk\\\/\"]}]},{\"@type\":\"ImageObject\",\"inLanguage\":\"sk-SK\",\"@id\":\"https:\\\/\\\/begamer.cz\\\/sk\\\/produkt\\\/lust-from-beyond-sk\\\/#primaryimage\",\"url\":\"https:\\\/\\\/begamer.cz\\\/wp-content\\\/uploads\\\/2026\\\/01\\\/lust-from-beyond-6.webp\",\"contentUrl\":\"https:\\\/\\\/begamer.cz\\\/wp-content\\\/uploads\\\/2026\\\/01\\\/lust-from-beyond-6.webp\",\"width\":300,\"height\":400},{\"@type\":\"BreadcrumbList\",\"@id\":\"https:\\\/\\\/begamer.cz\\\/sk\\\/produkt\\\/lust-from-beyond-sk\\\/#breadcrumb\",\"itemListElement\":[{\"@type\":\"ListItem\",\"position\":1,\"name\":\"Domov\",\"item\":\"https:\\\/\\\/begamer.cz\\\/sk\\\/\"},{\"@type\":\"ListItem\",\"position\":2,\"name\":\"Obchod\",\"item\":\"https:\\\/\\\/begamer.cz\\\/obchod\\\/\"},{\"@type\":\"ListItem\",\"position\":3,\"name\":\"Lust from Beyond\"}]},{\"@type\":\"WebSite\",\"@id\":\"https:\\\/\\\/begamer.cz\\\/sk\\\/#website\",\"url\":\"https:\\\/\\\/begamer.cz\\\/sk\\\/\",\"name\":\"BeGamer.cz\",\"description\":\"\",\"publisher\":{\"@id\":\"https:\\\/\\\/begamer.cz\\\/sk\\\/#organization\"},\"potentialAction\":[{\"@type\":\"SearchAction\",\"target\":{\"@type\":\"EntryPoint\",\"urlTemplate\":\"https:\\\/\\\/begamer.cz\\\/sk\\\/?s={search_term_string}\"},\"query-input\":{\"@type\":\"PropertyValueSpecification\",\"valueRequired\":true,\"valueName\":\"search_term_string\"}}],\"inLanguage\":\"sk-SK\"},{\"@type\":\"Organization\",\"@id\":\"https:\\\/\\\/begamer.cz\\\/sk\\\/#organization\",\"name\":\"BeGamer.cz\",\"url\":\"https:\\\/\\\/begamer.cz\\\/sk\\\/\",\"logo\":{\"@type\":\"ImageObject\",\"inLanguage\":\"sk-SK\",\"@id\":\"https:\\\/\\\/begamer.cz\\\/sk\\\/#\\\/schema\\\/logo\\\/image\\\/\",\"url\":\"https:\\\/\\\/begamer.cz\\\/wp-content\\\/uploads\\\/2025\\\/07\\\/logo.svg\",\"contentUrl\":\"https:\\\/\\\/begamer.cz\\\/wp-content\\\/uploads\\\/2025\\\/07\\\/logo.svg\",\"caption\":\"BeGamer.cz\"},\"image\":{\"@id\":\"https:\\\/\\\/begamer.cz\\\/sk\\\/#\\\/schema\\\/logo\\\/image\\\/\"}}]}<\/script>\n<!-- \/ Yoast SEO plugin. -->","yoast_head_json":{"title":"Lust from Beyond | BeGamer.cz","robots":{"index":"index","follow":"follow","max-snippet":"max-snippet:-1","max-image-preview":"max-image-preview:large","max-video-preview":"max-video-preview:-1"},"canonical":"https:\/\/begamer.cz\/sk\/produkt\/lust-from-beyond-sk\/","og_locale":"sk_SK","og_type":"article","og_title":"Lust from Beyond | BeGamer.cz","og_description":"Viktori\u00e1nske s\u00eddlo. Kult uctievaj\u00faci nadpozemsk\u00fa erotick\u00fa bo\u017esk\u00fa bytos\u0165. A uprostred toho v\u0161etk\u00e9ho \u2013 vy. Presk\u00famajte svet in\u0161pirovan\u00fd dielami Lovecrafta, Gigera a Beksi\u0144sk\u00e9ho. Presved\u010dte sa na vlastn\u00e9 o\u010di, \u017ee temn\u00e1 ext\u00e1za nepozn\u00e1 hranice.","og_url":"https:\/\/begamer.cz\/sk\/produkt\/lust-from-beyond-sk\/","og_site_name":"BeGamer.cz","article_modified_time":"2026-03-11T09:11:05+00:00","og_image":[{"width":300,"height":400,"url":"https:\/\/begamer.cz\/wp-content\/uploads\/2026\/01\/lust-from-beyond-6.webp","type":"image\/webp"}],"twitter_card":"summary_large_image","twitter_misc":{"Predpokladan\u00fd \u010das \u010d\u00edtania":"1 min\u00fata"},"schema":{"@context":"https:\/\/schema.org","@graph":[{"@type":"WebPage","@id":"https:\/\/begamer.cz\/sk\/produkt\/lust-from-beyond-sk\/","url":"https:\/\/begamer.cz\/sk\/produkt\/lust-from-beyond-sk\/","name":"Lust from Beyond | BeGamer.cz","isPartOf":{"@id":"https:\/\/begamer.cz\/sk\/#website"},"primaryImageOfPage":{"@id":"https:\/\/begamer.cz\/sk\/produkt\/lust-from-beyond-sk\/#primaryimage"},"image":{"@id":"https:\/\/begamer.cz\/sk\/produkt\/lust-from-beyond-sk\/#primaryimage"},"thumbnailUrl":"https:\/\/begamer.cz\/wp-content\/uploads\/2026\/01\/lust-from-beyond-6.webp","datePublished":"2026-01-30T17:50:12+00:00","dateModified":"2026-03-11T09:11:05+00:00","breadcrumb":{"@id":"https:\/\/begamer.cz\/sk\/produkt\/lust-from-beyond-sk\/#breadcrumb"},"inLanguage":"sk-SK","potentialAction":[{"@type":"ReadAction","target":["https:\/\/begamer.cz\/sk\/produkt\/lust-from-beyond-sk\/"]}]},{"@type":"ImageObject","inLanguage":"sk-SK","@id":"https:\/\/begamer.cz\/sk\/produkt\/lust-from-beyond-sk\/#primaryimage","url":"https:\/\/begamer.cz\/wp-content\/uploads\/2026\/01\/lust-from-beyond-6.webp","contentUrl":"https:\/\/begamer.cz\/wp-content\/uploads\/2026\/01\/lust-from-beyond-6.webp","width":300,"height":400},{"@type":"BreadcrumbList","@id":"https:\/\/begamer.cz\/sk\/produkt\/lust-from-beyond-sk\/#breadcrumb","itemListElement":[{"@type":"ListItem","position":1,"name":"Domov","item":"https:\/\/begamer.cz\/sk\/"},{"@type":"ListItem","position":2,"name":"Obchod","item":"https:\/\/begamer.cz\/obchod\/"},{"@type":"ListItem","position":3,"name":"Lust from Beyond"}]},{"@type":"WebSite","@id":"https:\/\/begamer.cz\/sk\/#website","url":"https:\/\/begamer.cz\/sk\/","name":"BeGamer.cz","description":"","publisher":{"@id":"https:\/\/begamer.cz\/sk\/#organization"},"potentialAction":[{"@type":"SearchAction","target":{"@type":"EntryPoint","urlTemplate":"https:\/\/begamer.cz\/sk\/?s={search_term_string}"},"query-input":{"@type":"PropertyValueSpecification","valueRequired":true,"valueName":"search_term_string"}}],"inLanguage":"sk-SK"},{"@type":"Organization","@id":"https:\/\/begamer.cz\/sk\/#organization","name":"BeGamer.cz","url":"https:\/\/begamer.cz\/sk\/","logo":{"@type":"ImageObject","inLanguage":"sk-SK","@id":"https:\/\/begamer.cz\/sk\/#\/schema\/logo\/image\/","url":"https:\/\/begamer.cz\/wp-content\/uploads\/2025\/07\/logo.svg","contentUrl":"https:\/\/begamer.cz\/wp-content\/uploads\/2025\/07\/logo.svg","caption":"BeGamer.cz"},"image":{"@id":"https:\/\/begamer.cz\/sk\/#\/schema\/logo\/image\/"}}]}},"acf":[],"_links":{"self":[{"href":"https:\/\/begamer.cz\/sk\/wp-json\/wp\/v2\/product\/101900","targetHints":{"allow":["GET"]}}],"collection":[{"href":"https:\/\/begamer.cz\/sk\/wp-json\/wp\/v2\/product"}],"about":[{"href":"https:\/\/begamer.cz\/sk\/wp-json\/wp\/v2\/types\/product"}],"replies":[{"embeddable":true,"href":"https:\/\/begamer.cz\/sk\/wp-json\/wp\/v2\/comments?post=101900"}],"wp:featuredmedia":[{"embeddable":true,"href":"https:\/\/begamer.cz\/sk\/wp-json\/wp\/v2\/media\/84028"}],"wp:attachment":[{"href":"https:\/\/begamer.cz\/sk\/wp-json\/wp\/v2\/media?parent=101900"}],"wp:term":[{"taxonomy":"product_brand","embeddable":true,"href":"https:\/\/begamer.cz\/sk\/wp-json\/wp\/v2\/product_brand?post=101900"},{"taxonomy":"product_cat","embeddable":true,"href":"https:\/\/begamer.cz\/sk\/wp-json\/wp\/v2\/product_cat?post=101900"},{"taxonomy":"product_tag","embeddable":true,"href":"https:\/\/begamer.cz\/sk\/wp-json\/wp\/v2\/product_tag?post=101900"}],"curies":[{"name":"wp","href":"https:\/\/api.w.org\/{rel}","templated":true}]}}