{"id":101810,"date":"2026-01-30T18:48:40","date_gmt":"2026-01-30T17:48:40","guid":{"rendered":"https:\/\/begamer.cz\/produkt\/blasphemous-digital-artbook-sk\/"},"modified":"2026-03-11T10:04:51","modified_gmt":"2026-03-11T09:04:51","slug":"blasphemous-digital-artbook-sk","status":"publish","type":"product","link":"https:\/\/begamer.cz\/sk\/produkt\/blasphemous-digital-artbook-sk\/","title":{"rendered":"Blasphemous \u2013 Digital Artbook"},"content":{"rendered":"<p>Ponorte sa hlboko do tvorby hry Blasphemous s digit\u00e1lnou knihou umenia. T\u00e1to kniha bude obsahova\u0165 koncep\u010dn\u00e9 umenie zobrazuj\u00face v\u00fdvoj r\u00f4znych post\u00e1v vo svete Cvstodia, po\u010dn\u00fac prv\u00fdm n\u00e1vrhom a\u017e po fin\u00e1lny produkt. Okrem v\u0161etk\u00fdch n\u00e1dhern\u00fdch n\u00e1vrhov bude t\u00e1to kniha umenia obsahova\u0165 koment\u00e1re a podrobn\u00e9 popisy procesu od v\u00fdvoj\u00e1rov a dizajn\u00e9rov.<\/p>\n<p>Blasphemous Artbook obsahuje str\u00e1nky pln\u00e9 koncep\u010dn\u00fdch umeleck\u00fdch diel v\u0161etk\u00fdch r\u00f4znych post\u00e1v, koment\u00e1re umelcov, k\u013e\u00fa\u010dov\u00e9 umeleck\u00e9 diela, fan\u00fa\u0161ikovsk\u00e9 umenie, storyboardy a mnoho \u010fal\u0161ieho!<\/p>\n","protected":false},"excerpt":{"rendered":"<p>Ponorte sa hlboko do tvorby hry Blasphemous s digit\u00e1lnou knihou umenia. T\u00e1to kniha bude obsahova\u0165 koncep\u010dn\u00e9 umenie zobrazuj\u00face v\u00fdvoj r\u00f4znych post\u00e1v vo svete Cystodia, po\u010dn\u00fac prv\u00fdm n\u00e1vrhom a\u017e po fin\u00e1lny produkt.<\/p>\n","protected":false},"featured_media":83680,"comment_status":"open","ping_status":"closed","template":"","meta":{"_acf_changed":false},"product_brand":[],"product_cat":[270,290,268,266,312],"product_tag":[],"class_list":{"0":"post-101810","1":"product","2":"type-product","3":"status-publish","4":"has-post-thumbnail","6":"product_cat-adventury-pc-hry-sk","7":"product_cat-indie-hry-pc-sk","8":"product_cat-pc-sk","9":"product_cat-pc-hry-sk","10":"product_cat-steam-pc-sk","11":"pa_developer-the-game-kitchen","13":"pa_game_type-dlc","15":"pa_platform-pc-steam","17":"pa_publisher-team17-digital","19":"pa_region-europe","22":"first","23":"instock","24":"virtual","25":"taxable","26":"purchasable","27":"product-type-simple"},"yoast_head":"<!-- This site is optimized with the Yoast SEO plugin v27.3 - https:\/\/yoast.com\/product\/yoast-seo-wordpress\/ -->\n<title>Blasphemous - Digital Artbook | BeGamer.cz<\/title>\n<meta name=\"robots\" content=\"index, follow, max-snippet:-1, max-image-preview:large, max-video-preview:-1\" \/>\n<link rel=\"canonical\" href=\"https:\/\/begamer.cz\/sk\/produkt\/blasphemous-digital-artbook-sk\/\" \/>\n<meta property=\"og:locale\" content=\"sk_SK\" \/>\n<meta property=\"og:type\" content=\"article\" \/>\n<meta property=\"og:title\" content=\"Blasphemous - Digital Artbook | BeGamer.cz\" \/>\n<meta property=\"og:description\" content=\"Ponorte sa hlboko do tvorby hry Blasphemous s digit\u00e1lnou knihou umenia. T\u00e1to kniha bude obsahova\u0165 koncep\u010dn\u00e9 umenie zobrazuj\u00face v\u00fdvoj r\u00f4znych post\u00e1v vo svete Cystodia, po\u010dn\u00fac prv\u00fdm n\u00e1vrhom a\u017e po fin\u00e1lny produkt.\" \/>\n<meta property=\"og:url\" content=\"https:\/\/begamer.cz\/sk\/produkt\/blasphemous-digital-artbook-sk\/\" \/>\n<meta property=\"og:site_name\" content=\"BeGamer.cz\" \/>\n<meta property=\"article:modified_time\" content=\"2026-03-11T09:04:51+00:00\" \/>\n<meta property=\"og:image\" content=\"https:\/\/begamer.cz\/wp-content\/uploads\/2026\/01\/blasphemous-digital-artbook-5.webp\" \/>\n\t<meta property=\"og:image:width\" content=\"300\" \/>\n\t<meta property=\"og:image:height\" content=\"400\" \/>\n\t<meta property=\"og:image:type\" content=\"image\/webp\" \/>\n<meta name=\"twitter:card\" content=\"summary_large_image\" \/>\n<meta name=\"twitter:label1\" content=\"Predpokladan\u00fd \u010das \u010d\u00edtania\" \/>\n\t<meta name=\"twitter:data1\" content=\"1 min\u00fata\" \/>\n<script type=\"application\/ld+json\" class=\"yoast-schema-graph\">{\"@context\":\"https:\\\/\\\/schema.org\",\"@graph\":[{\"@type\":\"WebPage\",\"@id\":\"https:\\\/\\\/begamer.cz\\\/sk\\\/produkt\\\/blasphemous-digital-artbook-sk\\\/\",\"url\":\"https:\\\/\\\/begamer.cz\\\/sk\\\/produkt\\\/blasphemous-digital-artbook-sk\\\/\",\"name\":\"Blasphemous - Digital Artbook | BeGamer.cz\",\"isPartOf\":{\"@id\":\"https:\\\/\\\/begamer.cz\\\/sk\\\/#website\"},\"primaryImageOfPage\":{\"@id\":\"https:\\\/\\\/begamer.cz\\\/sk\\\/produkt\\\/blasphemous-digital-artbook-sk\\\/#primaryimage\"},\"image\":{\"@id\":\"https:\\\/\\\/begamer.cz\\\/sk\\\/produkt\\\/blasphemous-digital-artbook-sk\\\/#primaryimage\"},\"thumbnailUrl\":\"https:\\\/\\\/begamer.cz\\\/wp-content\\\/uploads\\\/2026\\\/01\\\/blasphemous-digital-artbook-5.webp\",\"datePublished\":\"2026-01-30T17:48:40+00:00\",\"dateModified\":\"2026-03-11T09:04:51+00:00\",\"breadcrumb\":{\"@id\":\"https:\\\/\\\/begamer.cz\\\/sk\\\/produkt\\\/blasphemous-digital-artbook-sk\\\/#breadcrumb\"},\"inLanguage\":\"sk-SK\",\"potentialAction\":[{\"@type\":\"ReadAction\",\"target\":[\"https:\\\/\\\/begamer.cz\\\/sk\\\/produkt\\\/blasphemous-digital-artbook-sk\\\/\"]}]},{\"@type\":\"ImageObject\",\"inLanguage\":\"sk-SK\",\"@id\":\"https:\\\/\\\/begamer.cz\\\/sk\\\/produkt\\\/blasphemous-digital-artbook-sk\\\/#primaryimage\",\"url\":\"https:\\\/\\\/begamer.cz\\\/wp-content\\\/uploads\\\/2026\\\/01\\\/blasphemous-digital-artbook-5.webp\",\"contentUrl\":\"https:\\\/\\\/begamer.cz\\\/wp-content\\\/uploads\\\/2026\\\/01\\\/blasphemous-digital-artbook-5.webp\",\"width\":300,\"height\":400},{\"@type\":\"BreadcrumbList\",\"@id\":\"https:\\\/\\\/begamer.cz\\\/sk\\\/produkt\\\/blasphemous-digital-artbook-sk\\\/#breadcrumb\",\"itemListElement\":[{\"@type\":\"ListItem\",\"position\":1,\"name\":\"Domov\",\"item\":\"https:\\\/\\\/begamer.cz\\\/sk\\\/\"},{\"@type\":\"ListItem\",\"position\":2,\"name\":\"Obchod\",\"item\":\"https:\\\/\\\/begamer.cz\\\/obchod\\\/\"},{\"@type\":\"ListItem\",\"position\":3,\"name\":\"Blasphemous \u2013 Digital Artbook\"}]},{\"@type\":\"WebSite\",\"@id\":\"https:\\\/\\\/begamer.cz\\\/sk\\\/#website\",\"url\":\"https:\\\/\\\/begamer.cz\\\/sk\\\/\",\"name\":\"BeGamer.cz\",\"description\":\"\",\"publisher\":{\"@id\":\"https:\\\/\\\/begamer.cz\\\/sk\\\/#organization\"},\"potentialAction\":[{\"@type\":\"SearchAction\",\"target\":{\"@type\":\"EntryPoint\",\"urlTemplate\":\"https:\\\/\\\/begamer.cz\\\/sk\\\/?s={search_term_string}\"},\"query-input\":{\"@type\":\"PropertyValueSpecification\",\"valueRequired\":true,\"valueName\":\"search_term_string\"}}],\"inLanguage\":\"sk-SK\"},{\"@type\":\"Organization\",\"@id\":\"https:\\\/\\\/begamer.cz\\\/sk\\\/#organization\",\"name\":\"BeGamer.cz\",\"url\":\"https:\\\/\\\/begamer.cz\\\/sk\\\/\",\"logo\":{\"@type\":\"ImageObject\",\"inLanguage\":\"sk-SK\",\"@id\":\"https:\\\/\\\/begamer.cz\\\/sk\\\/#\\\/schema\\\/logo\\\/image\\\/\",\"url\":\"https:\\\/\\\/begamer.cz\\\/wp-content\\\/uploads\\\/2025\\\/07\\\/logo.svg\",\"contentUrl\":\"https:\\\/\\\/begamer.cz\\\/wp-content\\\/uploads\\\/2025\\\/07\\\/logo.svg\",\"caption\":\"BeGamer.cz\"},\"image\":{\"@id\":\"https:\\\/\\\/begamer.cz\\\/sk\\\/#\\\/schema\\\/logo\\\/image\\\/\"}}]}<\/script>\n<!-- \/ Yoast SEO plugin. -->","yoast_head_json":{"title":"Blasphemous - Digital Artbook | BeGamer.cz","robots":{"index":"index","follow":"follow","max-snippet":"max-snippet:-1","max-image-preview":"max-image-preview:large","max-video-preview":"max-video-preview:-1"},"canonical":"https:\/\/begamer.cz\/sk\/produkt\/blasphemous-digital-artbook-sk\/","og_locale":"sk_SK","og_type":"article","og_title":"Blasphemous - Digital Artbook | BeGamer.cz","og_description":"Ponorte sa hlboko do tvorby hry Blasphemous s digit\u00e1lnou knihou umenia. T\u00e1to kniha bude obsahova\u0165 koncep\u010dn\u00e9 umenie zobrazuj\u00face v\u00fdvoj r\u00f4znych post\u00e1v vo svete Cystodia, po\u010dn\u00fac prv\u00fdm n\u00e1vrhom a\u017e po fin\u00e1lny produkt.","og_url":"https:\/\/begamer.cz\/sk\/produkt\/blasphemous-digital-artbook-sk\/","og_site_name":"BeGamer.cz","article_modified_time":"2026-03-11T09:04:51+00:00","og_image":[{"width":300,"height":400,"url":"https:\/\/begamer.cz\/wp-content\/uploads\/2026\/01\/blasphemous-digital-artbook-5.webp","type":"image\/webp"}],"twitter_card":"summary_large_image","twitter_misc":{"Predpokladan\u00fd \u010das \u010d\u00edtania":"1 min\u00fata"},"schema":{"@context":"https:\/\/schema.org","@graph":[{"@type":"WebPage","@id":"https:\/\/begamer.cz\/sk\/produkt\/blasphemous-digital-artbook-sk\/","url":"https:\/\/begamer.cz\/sk\/produkt\/blasphemous-digital-artbook-sk\/","name":"Blasphemous - Digital Artbook | BeGamer.cz","isPartOf":{"@id":"https:\/\/begamer.cz\/sk\/#website"},"primaryImageOfPage":{"@id":"https:\/\/begamer.cz\/sk\/produkt\/blasphemous-digital-artbook-sk\/#primaryimage"},"image":{"@id":"https:\/\/begamer.cz\/sk\/produkt\/blasphemous-digital-artbook-sk\/#primaryimage"},"thumbnailUrl":"https:\/\/begamer.cz\/wp-content\/uploads\/2026\/01\/blasphemous-digital-artbook-5.webp","datePublished":"2026-01-30T17:48:40+00:00","dateModified":"2026-03-11T09:04:51+00:00","breadcrumb":{"@id":"https:\/\/begamer.cz\/sk\/produkt\/blasphemous-digital-artbook-sk\/#breadcrumb"},"inLanguage":"sk-SK","potentialAction":[{"@type":"ReadAction","target":["https:\/\/begamer.cz\/sk\/produkt\/blasphemous-digital-artbook-sk\/"]}]},{"@type":"ImageObject","inLanguage":"sk-SK","@id":"https:\/\/begamer.cz\/sk\/produkt\/blasphemous-digital-artbook-sk\/#primaryimage","url":"https:\/\/begamer.cz\/wp-content\/uploads\/2026\/01\/blasphemous-digital-artbook-5.webp","contentUrl":"https:\/\/begamer.cz\/wp-content\/uploads\/2026\/01\/blasphemous-digital-artbook-5.webp","width":300,"height":400},{"@type":"BreadcrumbList","@id":"https:\/\/begamer.cz\/sk\/produkt\/blasphemous-digital-artbook-sk\/#breadcrumb","itemListElement":[{"@type":"ListItem","position":1,"name":"Domov","item":"https:\/\/begamer.cz\/sk\/"},{"@type":"ListItem","position":2,"name":"Obchod","item":"https:\/\/begamer.cz\/obchod\/"},{"@type":"ListItem","position":3,"name":"Blasphemous \u2013 Digital Artbook"}]},{"@type":"WebSite","@id":"https:\/\/begamer.cz\/sk\/#website","url":"https:\/\/begamer.cz\/sk\/","name":"BeGamer.cz","description":"","publisher":{"@id":"https:\/\/begamer.cz\/sk\/#organization"},"potentialAction":[{"@type":"SearchAction","target":{"@type":"EntryPoint","urlTemplate":"https:\/\/begamer.cz\/sk\/?s={search_term_string}"},"query-input":{"@type":"PropertyValueSpecification","valueRequired":true,"valueName":"search_term_string"}}],"inLanguage":"sk-SK"},{"@type":"Organization","@id":"https:\/\/begamer.cz\/sk\/#organization","name":"BeGamer.cz","url":"https:\/\/begamer.cz\/sk\/","logo":{"@type":"ImageObject","inLanguage":"sk-SK","@id":"https:\/\/begamer.cz\/sk\/#\/schema\/logo\/image\/","url":"https:\/\/begamer.cz\/wp-content\/uploads\/2025\/07\/logo.svg","contentUrl":"https:\/\/begamer.cz\/wp-content\/uploads\/2025\/07\/logo.svg","caption":"BeGamer.cz"},"image":{"@id":"https:\/\/begamer.cz\/sk\/#\/schema\/logo\/image\/"}}]}},"acf":[],"_links":{"self":[{"href":"https:\/\/begamer.cz\/sk\/wp-json\/wp\/v2\/product\/101810","targetHints":{"allow":["GET"]}}],"collection":[{"href":"https:\/\/begamer.cz\/sk\/wp-json\/wp\/v2\/product"}],"about":[{"href":"https:\/\/begamer.cz\/sk\/wp-json\/wp\/v2\/types\/product"}],"replies":[{"embeddable":true,"href":"https:\/\/begamer.cz\/sk\/wp-json\/wp\/v2\/comments?post=101810"}],"wp:featuredmedia":[{"embeddable":true,"href":"https:\/\/begamer.cz\/sk\/wp-json\/wp\/v2\/media\/83680"}],"wp:attachment":[{"href":"https:\/\/begamer.cz\/sk\/wp-json\/wp\/v2\/media?parent=101810"}],"wp:term":[{"taxonomy":"product_brand","embeddable":true,"href":"https:\/\/begamer.cz\/sk\/wp-json\/wp\/v2\/product_brand?post=101810"},{"taxonomy":"product_cat","embeddable":true,"href":"https:\/\/begamer.cz\/sk\/wp-json\/wp\/v2\/product_cat?post=101810"},{"taxonomy":"product_tag","embeddable":true,"href":"https:\/\/begamer.cz\/sk\/wp-json\/wp\/v2\/product_tag?post=101810"}],"curies":[{"name":"wp","href":"https:\/\/api.w.org\/{rel}","templated":true}]}}