{"id":101792,"date":"2026-01-30T18:48:20","date_gmt":"2026-01-30T17:48:20","guid":{"rendered":"https:\/\/begamer.cz\/produkt\/resident-evil-revelations-2-episode-2-contemplation-sk\/"},"modified":"2026-03-11T10:03:14","modified_gmt":"2026-03-11T09:03:14","slug":"resident-evil-revelations-2-episode-2-contemplation-sk","status":"publish","type":"product","link":"https:\/\/begamer.cz\/sk\/produkt\/resident-evil-revelations-2-episode-2-contemplation-sk\/","title":{"rendered":"Resident Evil: Revelations 2 \u2013 Episode 2: Contemplation"},"content":{"rendered":"<p>Epiz\u00f3da 2: Rozj\u00edmanie<br \/>\nPo \u00fateku z v\u00e4zensk\u00e9ho zariadenia sa Claire a Moira pripoja k ostatn\u00fdm \u010dlenom Terra Save, len aby zistili, \u017ee s\u00fa infikovan\u00ed smrtiacim v\u00edrusom. Dok\u00e1\u017ee skupina prekona\u0165 z\u00fafalstvo a strach a unikn\u00fa\u0165 z ostrova \u017eiv\u00e1?<\/p>\n<p>Medzit\u00fdm, o pol roka nesk\u00f4r, sa Barry mus\u00ed spo\u013eahn\u00fa\u0165 na Nat\u00e1liinu pam\u00e4\u0165, aby vyp\u00e1tral svoju nezvestn\u00fa dc\u00e9ru, a d\u00fafa\u0165, \u017ee nie je pr\u00edli\u0161 neskoro.<\/p>\n<p>*Obsahuje \u010fal\u0161ie postavy a \u00farovne v re\u017eime Raid.<br \/>\n*Na hranie je<br \/>potrebn\u00e1 epiz\u00f3da jedna.<\/p>\n","protected":false},"excerpt":{"rendered":"<p>Epiz\u00f3da 2: Kontempl\u00e1cia \u2013 Zah\u0155\u0148a kampa\u0148 Claire a Barryho a re\u017eim Raid. *Zah\u0155\u0148a \u010fal\u0161ie postavy a \u00farovne re\u017eimu Raid.<\/p>\n","protected":false},"featured_media":39694,"comment_status":"open","ping_status":"closed","template":"","meta":{"_acf_changed":false},"product_brand":[],"product_cat":[280,288,268,266,312],"product_tag":[],"class_list":{"0":"post-101792","1":"product","2":"type-product","3":"status-publish","4":"has-post-thumbnail","6":"product_cat-dobrodruzne-pc-hry-sk","7":"product_cat-horor-pc-hry-sk","8":"product_cat-pc-sk","9":"product_cat-pc-hry-sk","10":"product_cat-steam-pc-sk","11":"pa_audio-de-de","12":"pa_audio-en-us","13":"pa_audio-es-es","14":"pa_audio-fr-fr","15":"pa_audio-it-it","16":"pa_audio-ja-jp","18":"pa_developer-capcom","20":"pa_engine-mt-framework","22":"pa_franchises-resident-evil","24":"pa_game_type-dlc","26":"pa_genres-adventure","28":"pa_genres-shooter","29":"pa_interface-de-de","30":"pa_interface-en-us","31":"pa_interface-es-es","32":"pa_interface-fr-fr","33":"pa_interface-it-it","34":"pa_interface-ja-jp","35":"pa_interface-ko-kr","36":"pa_interface-pl-pl","37":"pa_interface-pt-br","38":"pa_interface-ru-ru","40":"pa_interface-zh-cn","41":"pa_interface-zh-tw","42":"pa_modes-co-operative","43":"pa_modes-multiplayer","44":"pa_modes-single-player","45":"pa_modes-split-screen","47":"pa_pegi-794","48":"pa_pegi-13426","49":"pa_platform-pc-steam","51":"pa_player_perspectives-third-person","53":"pa_publisher-capcom","54":"pa_publisher-sony-computer-entertainment","56":"pa_rating-1753","57":"pa_rating-14548","58":"pa_region-europe","60":"pa_subtitles-de-de","62":"pa_subtitles-en-us","63":"pa_subtitles-es-es","64":"pa_subtitles-fr-fr","65":"pa_subtitles-it-it","66":"pa_subtitles-ja-jp","67":"pa_subtitles-ko-kr","68":"pa_subtitles-pl-pl","69":"pa_subtitles-pt-br","70":"pa_subtitles-ru-ru","71":"pa_subtitles-zh-cn","72":"pa_subtitles-zh-tw","73":"pa_themes-action","74":"pa_themes-horror","76":"pa_themes-survival","77":"pa_themes-thriller","79":"first","80":"instock","81":"virtual","82":"taxable","83":"purchasable","84":"product-type-simple"},"yoast_head":"<!-- This site is optimized with the Yoast SEO plugin v27.3 - https:\/\/yoast.com\/product\/yoast-seo-wordpress\/ -->\n<title>Resident Evil: Revelations 2 - Episode 2: Contemplation | BeGamer.cz<\/title>\n<meta name=\"robots\" content=\"index, follow, max-snippet:-1, max-image-preview:large, max-video-preview:-1\" \/>\n<link rel=\"canonical\" href=\"https:\/\/begamer.cz\/sk\/produkt\/resident-evil-revelations-2-episode-2-contemplation-sk\/\" \/>\n<meta property=\"og:locale\" content=\"sk_SK\" \/>\n<meta property=\"og:type\" content=\"article\" \/>\n<meta property=\"og:title\" content=\"Resident Evil: Revelations 2 - Episode 2: Contemplation | BeGamer.cz\" \/>\n<meta property=\"og:description\" content=\"Epiz\u00f3da 2: Kontempl\u00e1cia \u2013 Zah\u0155\u0148a kampa\u0148 Claire a Barryho a re\u017eim Raid. *Zah\u0155\u0148a \u010fal\u0161ie postavy a \u00farovne re\u017eimu Raid.\" \/>\n<meta property=\"og:url\" content=\"https:\/\/begamer.cz\/sk\/produkt\/resident-evil-revelations-2-episode-2-contemplation-sk\/\" \/>\n<meta property=\"og:site_name\" content=\"BeGamer.cz\" \/>\n<meta property=\"article:modified_time\" content=\"2026-03-11T09:03:14+00:00\" \/>\n<meta property=\"og:image\" content=\"https:\/\/begamer.cz\/wp-content\/uploads\/2026\/01\/resident-evil-revelations-2-episode-2-contemplation-10.webp\" \/>\n\t<meta property=\"og:image:width\" content=\"300\" \/>\n\t<meta property=\"og:image:height\" content=\"400\" \/>\n\t<meta property=\"og:image:type\" content=\"image\/webp\" \/>\n<meta name=\"twitter:card\" content=\"summary_large_image\" \/>\n<script type=\"application\/ld+json\" class=\"yoast-schema-graph\">{\"@context\":\"https:\\\/\\\/schema.org\",\"@graph\":[{\"@type\":\"WebPage\",\"@id\":\"https:\\\/\\\/begamer.cz\\\/sk\\\/produkt\\\/resident-evil-revelations-2-episode-2-contemplation-sk\\\/\",\"url\":\"https:\\\/\\\/begamer.cz\\\/sk\\\/produkt\\\/resident-evil-revelations-2-episode-2-contemplation-sk\\\/\",\"name\":\"Resident Evil: Revelations 2 - Episode 2: Contemplation | BeGamer.cz\",\"isPartOf\":{\"@id\":\"https:\\\/\\\/begamer.cz\\\/sk\\\/#website\"},\"primaryImageOfPage\":{\"@id\":\"https:\\\/\\\/begamer.cz\\\/sk\\\/produkt\\\/resident-evil-revelations-2-episode-2-contemplation-sk\\\/#primaryimage\"},\"image\":{\"@id\":\"https:\\\/\\\/begamer.cz\\\/sk\\\/produkt\\\/resident-evil-revelations-2-episode-2-contemplation-sk\\\/#primaryimage\"},\"thumbnailUrl\":\"https:\\\/\\\/begamer.cz\\\/wp-content\\\/uploads\\\/2026\\\/01\\\/resident-evil-revelations-2-episode-2-contemplation-10.webp\",\"datePublished\":\"2026-01-30T17:48:20+00:00\",\"dateModified\":\"2026-03-11T09:03:14+00:00\",\"breadcrumb\":{\"@id\":\"https:\\\/\\\/begamer.cz\\\/sk\\\/produkt\\\/resident-evil-revelations-2-episode-2-contemplation-sk\\\/#breadcrumb\"},\"inLanguage\":\"sk-SK\",\"potentialAction\":[{\"@type\":\"ReadAction\",\"target\":[\"https:\\\/\\\/begamer.cz\\\/sk\\\/produkt\\\/resident-evil-revelations-2-episode-2-contemplation-sk\\\/\"]}]},{\"@type\":\"ImageObject\",\"inLanguage\":\"sk-SK\",\"@id\":\"https:\\\/\\\/begamer.cz\\\/sk\\\/produkt\\\/resident-evil-revelations-2-episode-2-contemplation-sk\\\/#primaryimage\",\"url\":\"https:\\\/\\\/begamer.cz\\\/wp-content\\\/uploads\\\/2026\\\/01\\\/resident-evil-revelations-2-episode-2-contemplation-10.webp\",\"contentUrl\":\"https:\\\/\\\/begamer.cz\\\/wp-content\\\/uploads\\\/2026\\\/01\\\/resident-evil-revelations-2-episode-2-contemplation-10.webp\",\"width\":300,\"height\":400},{\"@type\":\"BreadcrumbList\",\"@id\":\"https:\\\/\\\/begamer.cz\\\/sk\\\/produkt\\\/resident-evil-revelations-2-episode-2-contemplation-sk\\\/#breadcrumb\",\"itemListElement\":[{\"@type\":\"ListItem\",\"position\":1,\"name\":\"Domov\",\"item\":\"https:\\\/\\\/begamer.cz\\\/sk\\\/\"},{\"@type\":\"ListItem\",\"position\":2,\"name\":\"Obchod\",\"item\":\"https:\\\/\\\/begamer.cz\\\/obchod\\\/\"},{\"@type\":\"ListItem\",\"position\":3,\"name\":\"Resident Evil: Revelations 2 \u2013 Episode 2: Contemplation\"}]},{\"@type\":\"WebSite\",\"@id\":\"https:\\\/\\\/begamer.cz\\\/sk\\\/#website\",\"url\":\"https:\\\/\\\/begamer.cz\\\/sk\\\/\",\"name\":\"BeGamer.cz\",\"description\":\"\",\"publisher\":{\"@id\":\"https:\\\/\\\/begamer.cz\\\/sk\\\/#organization\"},\"potentialAction\":[{\"@type\":\"SearchAction\",\"target\":{\"@type\":\"EntryPoint\",\"urlTemplate\":\"https:\\\/\\\/begamer.cz\\\/sk\\\/?s={search_term_string}\"},\"query-input\":{\"@type\":\"PropertyValueSpecification\",\"valueRequired\":true,\"valueName\":\"search_term_string\"}}],\"inLanguage\":\"sk-SK\"},{\"@type\":\"Organization\",\"@id\":\"https:\\\/\\\/begamer.cz\\\/sk\\\/#organization\",\"name\":\"BeGamer.cz\",\"url\":\"https:\\\/\\\/begamer.cz\\\/sk\\\/\",\"logo\":{\"@type\":\"ImageObject\",\"inLanguage\":\"sk-SK\",\"@id\":\"https:\\\/\\\/begamer.cz\\\/sk\\\/#\\\/schema\\\/logo\\\/image\\\/\",\"url\":\"https:\\\/\\\/begamer.cz\\\/wp-content\\\/uploads\\\/2025\\\/07\\\/logo.svg\",\"contentUrl\":\"https:\\\/\\\/begamer.cz\\\/wp-content\\\/uploads\\\/2025\\\/07\\\/logo.svg\",\"caption\":\"BeGamer.cz\"},\"image\":{\"@id\":\"https:\\\/\\\/begamer.cz\\\/sk\\\/#\\\/schema\\\/logo\\\/image\\\/\"}}]}<\/script>\n<!-- \/ Yoast SEO plugin. -->","yoast_head_json":{"title":"Resident Evil: Revelations 2 - Episode 2: Contemplation | BeGamer.cz","robots":{"index":"index","follow":"follow","max-snippet":"max-snippet:-1","max-image-preview":"max-image-preview:large","max-video-preview":"max-video-preview:-1"},"canonical":"https:\/\/begamer.cz\/sk\/produkt\/resident-evil-revelations-2-episode-2-contemplation-sk\/","og_locale":"sk_SK","og_type":"article","og_title":"Resident Evil: Revelations 2 - Episode 2: Contemplation | BeGamer.cz","og_description":"Epiz\u00f3da 2: Kontempl\u00e1cia \u2013 Zah\u0155\u0148a kampa\u0148 Claire a Barryho a re\u017eim Raid. *Zah\u0155\u0148a \u010fal\u0161ie postavy a \u00farovne re\u017eimu Raid.","og_url":"https:\/\/begamer.cz\/sk\/produkt\/resident-evil-revelations-2-episode-2-contemplation-sk\/","og_site_name":"BeGamer.cz","article_modified_time":"2026-03-11T09:03:14+00:00","og_image":[{"width":300,"height":400,"url":"https:\/\/begamer.cz\/wp-content\/uploads\/2026\/01\/resident-evil-revelations-2-episode-2-contemplation-10.webp","type":"image\/webp"}],"twitter_card":"summary_large_image","schema":{"@context":"https:\/\/schema.org","@graph":[{"@type":"WebPage","@id":"https:\/\/begamer.cz\/sk\/produkt\/resident-evil-revelations-2-episode-2-contemplation-sk\/","url":"https:\/\/begamer.cz\/sk\/produkt\/resident-evil-revelations-2-episode-2-contemplation-sk\/","name":"Resident Evil: Revelations 2 - Episode 2: Contemplation | BeGamer.cz","isPartOf":{"@id":"https:\/\/begamer.cz\/sk\/#website"},"primaryImageOfPage":{"@id":"https:\/\/begamer.cz\/sk\/produkt\/resident-evil-revelations-2-episode-2-contemplation-sk\/#primaryimage"},"image":{"@id":"https:\/\/begamer.cz\/sk\/produkt\/resident-evil-revelations-2-episode-2-contemplation-sk\/#primaryimage"},"thumbnailUrl":"https:\/\/begamer.cz\/wp-content\/uploads\/2026\/01\/resident-evil-revelations-2-episode-2-contemplation-10.webp","datePublished":"2026-01-30T17:48:20+00:00","dateModified":"2026-03-11T09:03:14+00:00","breadcrumb":{"@id":"https:\/\/begamer.cz\/sk\/produkt\/resident-evil-revelations-2-episode-2-contemplation-sk\/#breadcrumb"},"inLanguage":"sk-SK","potentialAction":[{"@type":"ReadAction","target":["https:\/\/begamer.cz\/sk\/produkt\/resident-evil-revelations-2-episode-2-contemplation-sk\/"]}]},{"@type":"ImageObject","inLanguage":"sk-SK","@id":"https:\/\/begamer.cz\/sk\/produkt\/resident-evil-revelations-2-episode-2-contemplation-sk\/#primaryimage","url":"https:\/\/begamer.cz\/wp-content\/uploads\/2026\/01\/resident-evil-revelations-2-episode-2-contemplation-10.webp","contentUrl":"https:\/\/begamer.cz\/wp-content\/uploads\/2026\/01\/resident-evil-revelations-2-episode-2-contemplation-10.webp","width":300,"height":400},{"@type":"BreadcrumbList","@id":"https:\/\/begamer.cz\/sk\/produkt\/resident-evil-revelations-2-episode-2-contemplation-sk\/#breadcrumb","itemListElement":[{"@type":"ListItem","position":1,"name":"Domov","item":"https:\/\/begamer.cz\/sk\/"},{"@type":"ListItem","position":2,"name":"Obchod","item":"https:\/\/begamer.cz\/obchod\/"},{"@type":"ListItem","position":3,"name":"Resident Evil: Revelations 2 \u2013 Episode 2: Contemplation"}]},{"@type":"WebSite","@id":"https:\/\/begamer.cz\/sk\/#website","url":"https:\/\/begamer.cz\/sk\/","name":"BeGamer.cz","description":"","publisher":{"@id":"https:\/\/begamer.cz\/sk\/#organization"},"potentialAction":[{"@type":"SearchAction","target":{"@type":"EntryPoint","urlTemplate":"https:\/\/begamer.cz\/sk\/?s={search_term_string}"},"query-input":{"@type":"PropertyValueSpecification","valueRequired":true,"valueName":"search_term_string"}}],"inLanguage":"sk-SK"},{"@type":"Organization","@id":"https:\/\/begamer.cz\/sk\/#organization","name":"BeGamer.cz","url":"https:\/\/begamer.cz\/sk\/","logo":{"@type":"ImageObject","inLanguage":"sk-SK","@id":"https:\/\/begamer.cz\/sk\/#\/schema\/logo\/image\/","url":"https:\/\/begamer.cz\/wp-content\/uploads\/2025\/07\/logo.svg","contentUrl":"https:\/\/begamer.cz\/wp-content\/uploads\/2025\/07\/logo.svg","caption":"BeGamer.cz"},"image":{"@id":"https:\/\/begamer.cz\/sk\/#\/schema\/logo\/image\/"}}]}},"acf":[],"_links":{"self":[{"href":"https:\/\/begamer.cz\/sk\/wp-json\/wp\/v2\/product\/101792","targetHints":{"allow":["GET"]}}],"collection":[{"href":"https:\/\/begamer.cz\/sk\/wp-json\/wp\/v2\/product"}],"about":[{"href":"https:\/\/begamer.cz\/sk\/wp-json\/wp\/v2\/types\/product"}],"replies":[{"embeddable":true,"href":"https:\/\/begamer.cz\/sk\/wp-json\/wp\/v2\/comments?post=101792"}],"wp:featuredmedia":[{"embeddable":true,"href":"https:\/\/begamer.cz\/sk\/wp-json\/wp\/v2\/media\/39694"}],"wp:attachment":[{"href":"https:\/\/begamer.cz\/sk\/wp-json\/wp\/v2\/media?parent=101792"}],"wp:term":[{"taxonomy":"product_brand","embeddable":true,"href":"https:\/\/begamer.cz\/sk\/wp-json\/wp\/v2\/product_brand?post=101792"},{"taxonomy":"product_cat","embeddable":true,"href":"https:\/\/begamer.cz\/sk\/wp-json\/wp\/v2\/product_cat?post=101792"},{"taxonomy":"product_tag","embeddable":true,"href":"https:\/\/begamer.cz\/sk\/wp-json\/wp\/v2\/product_tag?post=101792"}],"curies":[{"name":"wp","href":"https:\/\/api.w.org\/{rel}","templated":true}]}}