{"id":101786,"date":"2026-01-30T18:48:15","date_gmt":"2026-01-30T17:48:15","guid":{"rendered":"https:\/\/begamer.cz\/produkt\/resident-evil-revelations-2-episode-1-penal-colony-sk\/"},"modified":"2026-03-11T10:02:51","modified_gmt":"2026-03-11T09:02:51","slug":"resident-evil-revelations-2-episode-1-penal-colony-sk","status":"publish","type":"product","link":"https:\/\/begamer.cz\/sk\/produkt\/resident-evil-revelations-2-episode-1-penal-colony-sk\/","title":{"rendered":"Resident Evil: Revelations 2 \u2013 Episode 1: Penal Colony"},"content":{"rendered":"<p>Resident Evil Revelations 2 sleduje dva prepleten\u00e9 pr\u00edbehy hr\u00f4zy v 4 epiz\u00f3dach intenz\u00edvneho survival hororu.<\/p>\n<p>Epiz\u00f3da jedna: Trestn\u00e1 kol\u00f3nia<br \/>\nUnesen\u00e9 nezn\u00e1mou skupinou \u00fato\u010dn\u00edkov, Claire a Moira sa prebudia a zistia, \u017ee s\u00fa uv\u00e4znen\u00e9 na izolovanom ostrove, ktor\u00fd je zamoren\u00fd desiv\u00fdmi tvormi presahuj\u00facimi predstavivos\u0165. Teraz musia z\u00fafalo bojova\u0165, aby unikli hr\u00f4ze.<\/p>\n<p>*Epiz\u00f3da jedna obsahuje re\u017eim Raid Mode pre nespo\u010detn\u00e9 mno\u017estvo \u010fal\u0161\u00edch hod\u00edn hrania.<\/p>\n","protected":false},"excerpt":{"rendered":"<p>Za\u017eite prv\u00fa epiz\u00f3du hry Resident Evil: Revelations 2 \u2013 Penal Colony. Odha\u013ete strhuj\u00faci pr\u00edbeh o pre\u017eit\u00ed, presk\u00famajte tajomn\u00fd v\u00e4zensk\u00fd ostrov a \u010delite desiv\u00fdm tvorom. Spojte sa, rie\u0161te h\u00e1danky a bojujte o pre\u017eitie v tejto intenz\u00edvnej digit\u00e1lnej hre na stiahnutie.<\/p>\n","protected":false},"featured_media":39625,"comment_status":"open","ping_status":"closed","template":"","meta":{"_acf_changed":false},"product_brand":[],"product_cat":[272,288,268,266,312,9064],"product_tag":[],"class_list":{"0":"post-101786","1":"product","2":"type-product","3":"status-publish","4":"has-post-thumbnail","6":"product_cat-akcni-pc-sk","7":"product_cat-horor-pc-hry-sk","8":"product_cat-pc-sk","9":"product_cat-pc-hry-sk","10":"product_cat-steam-pc-sk","11":"product_cat-strielacky-3","12":"pa_audio-de-de","13":"pa_audio-en-us","14":"pa_audio-es-es","15":"pa_audio-fr-fr","16":"pa_audio-it-it","17":"pa_audio-ja-jp","19":"pa_developer-capcom","21":"pa_engine-mt-framework","23":"pa_franchises-resident-evil","25":"pa_game_type-dlc","27":"pa_genres-shooter","29":"pa_interface-de-de","30":"pa_interface-en-us","31":"pa_interface-es-es","32":"pa_interface-fr-fr","33":"pa_interface-it-it","34":"pa_interface-ja-jp","35":"pa_interface-ko-kr","36":"pa_interface-pl-pl","37":"pa_interface-pt-br","38":"pa_interface-ru-ru","40":"pa_interface-zh-cn","41":"pa_interface-zh-tw","42":"pa_modes-co-operative","43":"pa_modes-multiplayer","44":"pa_modes-single-player","45":"pa_modes-split-screen","47":"pa_pegi-794","48":"pa_pegi-13426","49":"pa_platform-pc-steam","51":"pa_player_perspectives-third-person","53":"pa_publisher-capcom","54":"pa_publisher-sony-computer-entertainment","56":"pa_rating-14491","57":"pa_rating-1271","58":"pa_region-europe","60":"pa_subtitles-de-de","62":"pa_subtitles-en-us","63":"pa_subtitles-es-es","64":"pa_subtitles-fr-fr","65":"pa_subtitles-it-it","66":"pa_subtitles-ja-jp","67":"pa_subtitles-ko-kr","68":"pa_subtitles-pl-pl","69":"pa_subtitles-pt-br","70":"pa_subtitles-ru-ru","71":"pa_subtitles-zh-cn","72":"pa_subtitles-zh-tw","73":"pa_themes-action","74":"pa_themes-horror","76":"pa_themes-survival","77":"pa_themes-thriller","79":"first","80":"instock","81":"virtual","82":"taxable","83":"purchasable","84":"product-type-simple"},"yoast_head":"<!-- This site is optimized with the Yoast SEO plugin v27.3 - https:\/\/yoast.com\/product\/yoast-seo-wordpress\/ -->\n<title>Resident Evil: Revelations 2 - Episode 1: Penal Colony | BeGamer.cz<\/title>\n<meta name=\"robots\" content=\"index, follow, max-snippet:-1, max-image-preview:large, max-video-preview:-1\" \/>\n<link rel=\"canonical\" href=\"https:\/\/begamer.cz\/sk\/produkt\/resident-evil-revelations-2-episode-1-penal-colony-sk\/\" \/>\n<meta property=\"og:locale\" content=\"sk_SK\" \/>\n<meta property=\"og:type\" content=\"article\" \/>\n<meta property=\"og:title\" content=\"Resident Evil: Revelations 2 - Episode 1: Penal Colony | BeGamer.cz\" \/>\n<meta property=\"og:description\" content=\"Za\u017eite prv\u00fa epiz\u00f3du hry Resident Evil: Revelations 2 \u2013 Penal Colony. Odha\u013ete strhuj\u00faci pr\u00edbeh o pre\u017eit\u00ed, presk\u00famajte tajomn\u00fd v\u00e4zensk\u00fd ostrov a \u010delite desiv\u00fdm tvorom. Spojte sa, rie\u0161te h\u00e1danky a bojujte o pre\u017eitie v tejto intenz\u00edvnej digit\u00e1lnej hre na stiahnutie.\" \/>\n<meta property=\"og:url\" content=\"https:\/\/begamer.cz\/sk\/produkt\/resident-evil-revelations-2-episode-1-penal-colony-sk\/\" \/>\n<meta property=\"og:site_name\" content=\"BeGamer.cz\" \/>\n<meta property=\"article:modified_time\" content=\"2026-03-11T09:02:51+00:00\" \/>\n<meta property=\"og:image\" content=\"https:\/\/begamer.cz\/wp-content\/uploads\/2026\/01\/resident-evil-revelations-2-episode-1-penal-colony-5.webp\" \/>\n\t<meta property=\"og:image:width\" content=\"300\" \/>\n\t<meta property=\"og:image:height\" content=\"400\" \/>\n\t<meta property=\"og:image:type\" content=\"image\/webp\" \/>\n<meta name=\"twitter:card\" content=\"summary_large_image\" \/>\n<script type=\"application\/ld+json\" class=\"yoast-schema-graph\">{\"@context\":\"https:\\\/\\\/schema.org\",\"@graph\":[{\"@type\":\"WebPage\",\"@id\":\"https:\\\/\\\/begamer.cz\\\/sk\\\/produkt\\\/resident-evil-revelations-2-episode-1-penal-colony-sk\\\/\",\"url\":\"https:\\\/\\\/begamer.cz\\\/sk\\\/produkt\\\/resident-evil-revelations-2-episode-1-penal-colony-sk\\\/\",\"name\":\"Resident Evil: Revelations 2 - Episode 1: Penal Colony | BeGamer.cz\",\"isPartOf\":{\"@id\":\"https:\\\/\\\/begamer.cz\\\/sk\\\/#website\"},\"primaryImageOfPage\":{\"@id\":\"https:\\\/\\\/begamer.cz\\\/sk\\\/produkt\\\/resident-evil-revelations-2-episode-1-penal-colony-sk\\\/#primaryimage\"},\"image\":{\"@id\":\"https:\\\/\\\/begamer.cz\\\/sk\\\/produkt\\\/resident-evil-revelations-2-episode-1-penal-colony-sk\\\/#primaryimage\"},\"thumbnailUrl\":\"https:\\\/\\\/begamer.cz\\\/wp-content\\\/uploads\\\/2026\\\/01\\\/resident-evil-revelations-2-episode-1-penal-colony-5.webp\",\"datePublished\":\"2026-01-30T17:48:15+00:00\",\"dateModified\":\"2026-03-11T09:02:51+00:00\",\"breadcrumb\":{\"@id\":\"https:\\\/\\\/begamer.cz\\\/sk\\\/produkt\\\/resident-evil-revelations-2-episode-1-penal-colony-sk\\\/#breadcrumb\"},\"inLanguage\":\"sk-SK\",\"potentialAction\":[{\"@type\":\"ReadAction\",\"target\":[\"https:\\\/\\\/begamer.cz\\\/sk\\\/produkt\\\/resident-evil-revelations-2-episode-1-penal-colony-sk\\\/\"]}]},{\"@type\":\"ImageObject\",\"inLanguage\":\"sk-SK\",\"@id\":\"https:\\\/\\\/begamer.cz\\\/sk\\\/produkt\\\/resident-evil-revelations-2-episode-1-penal-colony-sk\\\/#primaryimage\",\"url\":\"https:\\\/\\\/begamer.cz\\\/wp-content\\\/uploads\\\/2026\\\/01\\\/resident-evil-revelations-2-episode-1-penal-colony-5.webp\",\"contentUrl\":\"https:\\\/\\\/begamer.cz\\\/wp-content\\\/uploads\\\/2026\\\/01\\\/resident-evil-revelations-2-episode-1-penal-colony-5.webp\",\"width\":300,\"height\":400},{\"@type\":\"BreadcrumbList\",\"@id\":\"https:\\\/\\\/begamer.cz\\\/sk\\\/produkt\\\/resident-evil-revelations-2-episode-1-penal-colony-sk\\\/#breadcrumb\",\"itemListElement\":[{\"@type\":\"ListItem\",\"position\":1,\"name\":\"Domov\",\"item\":\"https:\\\/\\\/begamer.cz\\\/sk\\\/\"},{\"@type\":\"ListItem\",\"position\":2,\"name\":\"Obchod\",\"item\":\"https:\\\/\\\/begamer.cz\\\/obchod\\\/\"},{\"@type\":\"ListItem\",\"position\":3,\"name\":\"Resident Evil: Revelations 2 &#8211; Episode 1: Penal Colony\"}]},{\"@type\":\"WebSite\",\"@id\":\"https:\\\/\\\/begamer.cz\\\/sk\\\/#website\",\"url\":\"https:\\\/\\\/begamer.cz\\\/sk\\\/\",\"name\":\"BeGamer.cz\",\"description\":\"\",\"publisher\":{\"@id\":\"https:\\\/\\\/begamer.cz\\\/sk\\\/#organization\"},\"potentialAction\":[{\"@type\":\"SearchAction\",\"target\":{\"@type\":\"EntryPoint\",\"urlTemplate\":\"https:\\\/\\\/begamer.cz\\\/sk\\\/?s={search_term_string}\"},\"query-input\":{\"@type\":\"PropertyValueSpecification\",\"valueRequired\":true,\"valueName\":\"search_term_string\"}}],\"inLanguage\":\"sk-SK\"},{\"@type\":\"Organization\",\"@id\":\"https:\\\/\\\/begamer.cz\\\/sk\\\/#organization\",\"name\":\"BeGamer.cz\",\"url\":\"https:\\\/\\\/begamer.cz\\\/sk\\\/\",\"logo\":{\"@type\":\"ImageObject\",\"inLanguage\":\"sk-SK\",\"@id\":\"https:\\\/\\\/begamer.cz\\\/sk\\\/#\\\/schema\\\/logo\\\/image\\\/\",\"url\":\"https:\\\/\\\/begamer.cz\\\/wp-content\\\/uploads\\\/2025\\\/07\\\/logo.svg\",\"contentUrl\":\"https:\\\/\\\/begamer.cz\\\/wp-content\\\/uploads\\\/2025\\\/07\\\/logo.svg\",\"caption\":\"BeGamer.cz\"},\"image\":{\"@id\":\"https:\\\/\\\/begamer.cz\\\/sk\\\/#\\\/schema\\\/logo\\\/image\\\/\"}}]}<\/script>\n<!-- \/ Yoast SEO plugin. -->","yoast_head_json":{"title":"Resident Evil: Revelations 2 - Episode 1: Penal Colony | BeGamer.cz","robots":{"index":"index","follow":"follow","max-snippet":"max-snippet:-1","max-image-preview":"max-image-preview:large","max-video-preview":"max-video-preview:-1"},"canonical":"https:\/\/begamer.cz\/sk\/produkt\/resident-evil-revelations-2-episode-1-penal-colony-sk\/","og_locale":"sk_SK","og_type":"article","og_title":"Resident Evil: Revelations 2 - Episode 1: Penal Colony | BeGamer.cz","og_description":"Za\u017eite prv\u00fa epiz\u00f3du hry Resident Evil: Revelations 2 \u2013 Penal Colony. Odha\u013ete strhuj\u00faci pr\u00edbeh o pre\u017eit\u00ed, presk\u00famajte tajomn\u00fd v\u00e4zensk\u00fd ostrov a \u010delite desiv\u00fdm tvorom. Spojte sa, rie\u0161te h\u00e1danky a bojujte o pre\u017eitie v tejto intenz\u00edvnej digit\u00e1lnej hre na stiahnutie.","og_url":"https:\/\/begamer.cz\/sk\/produkt\/resident-evil-revelations-2-episode-1-penal-colony-sk\/","og_site_name":"BeGamer.cz","article_modified_time":"2026-03-11T09:02:51+00:00","og_image":[{"width":300,"height":400,"url":"https:\/\/begamer.cz\/wp-content\/uploads\/2026\/01\/resident-evil-revelations-2-episode-1-penal-colony-5.webp","type":"image\/webp"}],"twitter_card":"summary_large_image","schema":{"@context":"https:\/\/schema.org","@graph":[{"@type":"WebPage","@id":"https:\/\/begamer.cz\/sk\/produkt\/resident-evil-revelations-2-episode-1-penal-colony-sk\/","url":"https:\/\/begamer.cz\/sk\/produkt\/resident-evil-revelations-2-episode-1-penal-colony-sk\/","name":"Resident Evil: Revelations 2 - Episode 1: Penal Colony | BeGamer.cz","isPartOf":{"@id":"https:\/\/begamer.cz\/sk\/#website"},"primaryImageOfPage":{"@id":"https:\/\/begamer.cz\/sk\/produkt\/resident-evil-revelations-2-episode-1-penal-colony-sk\/#primaryimage"},"image":{"@id":"https:\/\/begamer.cz\/sk\/produkt\/resident-evil-revelations-2-episode-1-penal-colony-sk\/#primaryimage"},"thumbnailUrl":"https:\/\/begamer.cz\/wp-content\/uploads\/2026\/01\/resident-evil-revelations-2-episode-1-penal-colony-5.webp","datePublished":"2026-01-30T17:48:15+00:00","dateModified":"2026-03-11T09:02:51+00:00","breadcrumb":{"@id":"https:\/\/begamer.cz\/sk\/produkt\/resident-evil-revelations-2-episode-1-penal-colony-sk\/#breadcrumb"},"inLanguage":"sk-SK","potentialAction":[{"@type":"ReadAction","target":["https:\/\/begamer.cz\/sk\/produkt\/resident-evil-revelations-2-episode-1-penal-colony-sk\/"]}]},{"@type":"ImageObject","inLanguage":"sk-SK","@id":"https:\/\/begamer.cz\/sk\/produkt\/resident-evil-revelations-2-episode-1-penal-colony-sk\/#primaryimage","url":"https:\/\/begamer.cz\/wp-content\/uploads\/2026\/01\/resident-evil-revelations-2-episode-1-penal-colony-5.webp","contentUrl":"https:\/\/begamer.cz\/wp-content\/uploads\/2026\/01\/resident-evil-revelations-2-episode-1-penal-colony-5.webp","width":300,"height":400},{"@type":"BreadcrumbList","@id":"https:\/\/begamer.cz\/sk\/produkt\/resident-evil-revelations-2-episode-1-penal-colony-sk\/#breadcrumb","itemListElement":[{"@type":"ListItem","position":1,"name":"Domov","item":"https:\/\/begamer.cz\/sk\/"},{"@type":"ListItem","position":2,"name":"Obchod","item":"https:\/\/begamer.cz\/obchod\/"},{"@type":"ListItem","position":3,"name":"Resident Evil: Revelations 2 &#8211; Episode 1: Penal Colony"}]},{"@type":"WebSite","@id":"https:\/\/begamer.cz\/sk\/#website","url":"https:\/\/begamer.cz\/sk\/","name":"BeGamer.cz","description":"","publisher":{"@id":"https:\/\/begamer.cz\/sk\/#organization"},"potentialAction":[{"@type":"SearchAction","target":{"@type":"EntryPoint","urlTemplate":"https:\/\/begamer.cz\/sk\/?s={search_term_string}"},"query-input":{"@type":"PropertyValueSpecification","valueRequired":true,"valueName":"search_term_string"}}],"inLanguage":"sk-SK"},{"@type":"Organization","@id":"https:\/\/begamer.cz\/sk\/#organization","name":"BeGamer.cz","url":"https:\/\/begamer.cz\/sk\/","logo":{"@type":"ImageObject","inLanguage":"sk-SK","@id":"https:\/\/begamer.cz\/sk\/#\/schema\/logo\/image\/","url":"https:\/\/begamer.cz\/wp-content\/uploads\/2025\/07\/logo.svg","contentUrl":"https:\/\/begamer.cz\/wp-content\/uploads\/2025\/07\/logo.svg","caption":"BeGamer.cz"},"image":{"@id":"https:\/\/begamer.cz\/sk\/#\/schema\/logo\/image\/"}}]}},"acf":[],"_links":{"self":[{"href":"https:\/\/begamer.cz\/sk\/wp-json\/wp\/v2\/product\/101786","targetHints":{"allow":["GET"]}}],"collection":[{"href":"https:\/\/begamer.cz\/sk\/wp-json\/wp\/v2\/product"}],"about":[{"href":"https:\/\/begamer.cz\/sk\/wp-json\/wp\/v2\/types\/product"}],"replies":[{"embeddable":true,"href":"https:\/\/begamer.cz\/sk\/wp-json\/wp\/v2\/comments?post=101786"}],"wp:featuredmedia":[{"embeddable":true,"href":"https:\/\/begamer.cz\/sk\/wp-json\/wp\/v2\/media\/39625"}],"wp:attachment":[{"href":"https:\/\/begamer.cz\/sk\/wp-json\/wp\/v2\/media?parent=101786"}],"wp:term":[{"taxonomy":"product_brand","embeddable":true,"href":"https:\/\/begamer.cz\/sk\/wp-json\/wp\/v2\/product_brand?post=101786"},{"taxonomy":"product_cat","embeddable":true,"href":"https:\/\/begamer.cz\/sk\/wp-json\/wp\/v2\/product_cat?post=101786"},{"taxonomy":"product_tag","embeddable":true,"href":"https:\/\/begamer.cz\/sk\/wp-json\/wp\/v2\/product_tag?post=101786"}],"curies":[{"name":"wp","href":"https:\/\/api.w.org\/{rel}","templated":true}]}}