{"id":101774,"date":"2026-01-30T18:48:00","date_gmt":"2026-01-30T17:48:00","guid":{"rendered":"https:\/\/begamer.cz\/produkt\/trolls-remix-rescue-sk\/"},"modified":"2026-03-11T10:01:44","modified_gmt":"2026-03-11T09:01:44","slug":"trolls-remix-rescue-sk","status":"publish","type":"product","link":"https:\/\/begamer.cz\/sk\/produkt\/trolls-remix-rescue-sk\/","title":{"rendered":"Trolls Remix Rescue"},"content":{"rendered":"<p>Zahrajte si s trollmi v tejto vzru\u0161uj\u00facej novej dobrodru\u017enej hre!<\/p>\n<p>Hrajte za Poppy, Brancha a \u010fal\u0161ie svoje ob\u013e\u00faben\u00e9 postavy z filmu DreamWorks Trolls, presk\u00famajte, rozb\u00edjajte, tancujte a bojujte, aby ste zachr\u00e1nili kr\u00e1\u013eovstvo trollov pred melodick\u00fdm g\u00e9niom, ktor\u00fd sa sna\u017e\u00ed naru\u0161i\u0165 hudobn\u00fa harm\u00f3niu trollov.<\/p>\n<p>K\u013e\u00fa\u010dov\u00e9 vlastnosti hry:<\/p>\n<p>HRAJTE ZA TROLLOV: Vyberte si zo svojich ob\u013e\u00faben\u00fdch trollov, vr\u00e1tane Poppy, Brancha, Guya Diamonda a \u010fal\u0161\u00edch, a vydajte sa na cestu cez kr\u00e1\u013eovstvo trollov s cie\u013eom zachr\u00e1ni\u0165 ho!<\/p>\n<p>VYTVORTE SI A HRAJTE ako svoju vlastn\u00fa \u0161t\u00fdlov\u00fa postavu Trolla s r\u00f4znymi \u00fa\u010desmi, \u010drtami tv\u00e1re, oble\u010den\u00edm a \u010fal\u0161\u00edmi mo\u017enos\u0165ami v tis\u00edcoch kombin\u00e1ci\u00ed! <\/p>\n<p>VLASY NESL\u00da\u017dIA LEN NA VZHLAD: Vykonajte \u201eHair-Jitsu\u201c, aby ste svojimi vlasmi udierali nepriate\u013eov, to\u010dte vlasmi, aby ste lietali ako vrtu\u013en\u00edk, a pou\u017e\u00edvajte svoje vlasy na uchopenie, pren\u00e1\u0161anie, tla\u010denie, \u0165ahanie, h\u00e1dzanie a rozb\u00edjanie predmetov po\u010das svojej cesty.<\/p>\n<p>HUDOBN\u00c9 MINIHHRY A V\u00ddZVY: S\u00fa\u0165a\u017ete v rytmick\u00fdch minihrach a rie\u0161te z\u00e1bavn\u00e9 a n\u00e1ro\u010dn\u00e9 environment\u00e1lne h\u00e1danky, aby ste odomkli \u0161peci\u00e1lne predmety alebo nov\u00e9 schopnosti.<\/p>\n<p>POHYBOVANIE V RYTME TROLLOV: Soundtrack hry obsahuje hudbu z filmovej s\u00e9rie Trolls od DreamWorks Animation, napr\u00edklad:<\/p>\n<p>\u2022 Get Back Up Again<br \/>\n\u2022 Hair Up<br \/>\n\u2022 A \u010fal\u0161ie!<\/p>\n<p>P\u00d4LNO\u010cNE SA PONORTE DO KR\u00c1\u013dOVSTVA TROLLOV: Presk\u00famajte z\u00e1zraky svojich ob\u013e\u00faben\u00fdch kr\u00e1\u013eovstiev trollov, ako je Pop Village Poppy a Brancha, Volcano Rock City Barb, Mothership City Coopera a \u010fal\u0161ie!<\/p>\n<p>Z\u00c1BAVA S PRIATE\u013dMI: Lok\u00e1lny multiplayer pre a\u017e 4 hr\u00e1\u010dov<\/p>\n","protected":false},"excerpt":{"rendered":"<p>Hrajte za Poppy, Brancha a \u010fal\u0161ie svoje ob\u013e\u00faben\u00e9 postavy z filmu DreamWorks Trolls, presk\u00famajte, rozb\u00edjajte, tancujte a bojujte, aby ste zachr\u00e1nili kr\u00e1\u013eovstvo trollov pred melodick\u00fdm g\u00e9niom, ktor\u00fd sa sna\u017e\u00ed naru\u0161i\u0165 hudobn\u00fa harm\u00f3niu trollov!<\/p>\n","protected":false},"featured_media":39520,"comment_status":"open","ping_status":"closed","template":"","meta":{"_acf_changed":false},"product_brand":[],"product_cat":[202,179,200],"product_tag":[],"class_list":{"0":"post-101774","1":"product","2":"type-product","3":"status-publish","4":"has-post-thumbnail","6":"product_cat-adventury-nintendo-switch-sk","7":"product_cat-nintendo-hry-sk","8":"product_cat-nintendo-switch-sk","9":"pa_audio-en-us","11":"pa_developer-petit-fabrik","13":"pa_engine-unreal-engine-4","15":"pa_franchises-troll-doll","17":"pa_franchises-trolls","19":"pa_game_type-main_game","21":"pa_genres-adventure","23":"pa_genres-music","25":"pa_interface-de-de","26":"pa_interface-en-us","27":"pa_interface-es-es","28":"pa_interface-fr-fr","29":"pa_interface-it-it","31":"pa_interface-nl-nl","33":"pa_keywords-based-on-cartoons","34":"pa_keywords-cartoon","35":"pa_keywords-cartoony","37":"pa_keywords-licensed-game","39":"pa_modes-co-operative","41":"pa_modes-multiplayer","43":"pa_modes-single-player","44":"pa_pegi-943","45":"pa_pegi-13430","46":"pa_platform-nintendo-switch","48":"pa_player_perspectives-third-person","50":"pa_publisher-gamemill-entertainment","52":"pa_rating-773","53":"pa_rating-14441","54":"pa_region-europe","56":"pa_subtitles-de-de","58":"pa_subtitles-en-us","59":"pa_subtitles-es-es","60":"pa_subtitles-fr-fr","61":"pa_subtitles-it-it","62":"pa_subtitles-nl-nl","64":"pa_themes-action","65":"pa_themes-fantasy","67":"pa_themes-kids","70":"first","71":"outofstock","72":"virtual","73":"taxable","74":"purchasable","75":"product-type-simple"},"yoast_head":"<!-- This site is optimized with the Yoast SEO plugin v27.3 - https:\/\/yoast.com\/product\/yoast-seo-wordpress\/ -->\n<title>Trolls Remix Rescue | BeGamer.cz<\/title>\n<meta name=\"robots\" content=\"index, follow, max-snippet:-1, max-image-preview:large, max-video-preview:-1\" \/>\n<link rel=\"canonical\" href=\"https:\/\/begamer.cz\/sk\/produkt\/trolls-remix-rescue-sk\/\" \/>\n<meta property=\"og:locale\" content=\"sk_SK\" \/>\n<meta property=\"og:type\" content=\"article\" \/>\n<meta property=\"og:title\" content=\"Trolls Remix Rescue | BeGamer.cz\" \/>\n<meta property=\"og:description\" content=\"Hrajte za Poppy, Brancha a \u010fal\u0161ie svoje ob\u013e\u00faben\u00e9 postavy z filmu DreamWorks Trolls, presk\u00famajte, rozb\u00edjajte, tancujte a bojujte, aby ste zachr\u00e1nili kr\u00e1\u013eovstvo trollov pred melodick\u00fdm g\u00e9niom, ktor\u00fd sa sna\u017e\u00ed naru\u0161i\u0165 hudobn\u00fa harm\u00f3niu trollov!\" \/>\n<meta property=\"og:url\" content=\"https:\/\/begamer.cz\/sk\/produkt\/trolls-remix-rescue-sk\/\" \/>\n<meta property=\"og:site_name\" content=\"BeGamer.cz\" \/>\n<meta property=\"article:modified_time\" content=\"2026-03-11T09:01:44+00:00\" \/>\n<meta property=\"og:image\" content=\"https:\/\/begamer.cz\/wp-content\/uploads\/2026\/01\/trolls-remix-rescue-16.webp\" \/>\n\t<meta property=\"og:image:width\" content=\"300\" \/>\n\t<meta property=\"og:image:height\" content=\"400\" \/>\n\t<meta property=\"og:image:type\" content=\"image\/webp\" \/>\n<meta name=\"twitter:card\" content=\"summary_large_image\" \/>\n<meta name=\"twitter:label1\" content=\"Predpokladan\u00fd \u010das \u010d\u00edtania\" \/>\n\t<meta name=\"twitter:data1\" content=\"1 min\u00fata\" \/>\n<script type=\"application\/ld+json\" class=\"yoast-schema-graph\">{\"@context\":\"https:\\\/\\\/schema.org\",\"@graph\":[{\"@type\":\"WebPage\",\"@id\":\"https:\\\/\\\/begamer.cz\\\/sk\\\/produkt\\\/trolls-remix-rescue-sk\\\/\",\"url\":\"https:\\\/\\\/begamer.cz\\\/sk\\\/produkt\\\/trolls-remix-rescue-sk\\\/\",\"name\":\"Trolls Remix Rescue | BeGamer.cz\",\"isPartOf\":{\"@id\":\"https:\\\/\\\/begamer.cz\\\/sk\\\/#website\"},\"primaryImageOfPage\":{\"@id\":\"https:\\\/\\\/begamer.cz\\\/sk\\\/produkt\\\/trolls-remix-rescue-sk\\\/#primaryimage\"},\"image\":{\"@id\":\"https:\\\/\\\/begamer.cz\\\/sk\\\/produkt\\\/trolls-remix-rescue-sk\\\/#primaryimage\"},\"thumbnailUrl\":\"https:\\\/\\\/begamer.cz\\\/wp-content\\\/uploads\\\/2026\\\/01\\\/trolls-remix-rescue-16.webp\",\"datePublished\":\"2026-01-30T17:48:00+00:00\",\"dateModified\":\"2026-03-11T09:01:44+00:00\",\"breadcrumb\":{\"@id\":\"https:\\\/\\\/begamer.cz\\\/sk\\\/produkt\\\/trolls-remix-rescue-sk\\\/#breadcrumb\"},\"inLanguage\":\"sk-SK\",\"potentialAction\":[{\"@type\":\"ReadAction\",\"target\":[\"https:\\\/\\\/begamer.cz\\\/sk\\\/produkt\\\/trolls-remix-rescue-sk\\\/\"]}]},{\"@type\":\"ImageObject\",\"inLanguage\":\"sk-SK\",\"@id\":\"https:\\\/\\\/begamer.cz\\\/sk\\\/produkt\\\/trolls-remix-rescue-sk\\\/#primaryimage\",\"url\":\"https:\\\/\\\/begamer.cz\\\/wp-content\\\/uploads\\\/2026\\\/01\\\/trolls-remix-rescue-16.webp\",\"contentUrl\":\"https:\\\/\\\/begamer.cz\\\/wp-content\\\/uploads\\\/2026\\\/01\\\/trolls-remix-rescue-16.webp\",\"width\":300,\"height\":400},{\"@type\":\"BreadcrumbList\",\"@id\":\"https:\\\/\\\/begamer.cz\\\/sk\\\/produkt\\\/trolls-remix-rescue-sk\\\/#breadcrumb\",\"itemListElement\":[{\"@type\":\"ListItem\",\"position\":1,\"name\":\"Domov\",\"item\":\"https:\\\/\\\/begamer.cz\\\/sk\\\/\"},{\"@type\":\"ListItem\",\"position\":2,\"name\":\"Obchod\",\"item\":\"https:\\\/\\\/begamer.cz\\\/obchod\\\/\"},{\"@type\":\"ListItem\",\"position\":3,\"name\":\"Trolls Remix Rescue\"}]},{\"@type\":\"WebSite\",\"@id\":\"https:\\\/\\\/begamer.cz\\\/sk\\\/#website\",\"url\":\"https:\\\/\\\/begamer.cz\\\/sk\\\/\",\"name\":\"BeGamer.cz\",\"description\":\"\",\"publisher\":{\"@id\":\"https:\\\/\\\/begamer.cz\\\/sk\\\/#organization\"},\"potentialAction\":[{\"@type\":\"SearchAction\",\"target\":{\"@type\":\"EntryPoint\",\"urlTemplate\":\"https:\\\/\\\/begamer.cz\\\/sk\\\/?s={search_term_string}\"},\"query-input\":{\"@type\":\"PropertyValueSpecification\",\"valueRequired\":true,\"valueName\":\"search_term_string\"}}],\"inLanguage\":\"sk-SK\"},{\"@type\":\"Organization\",\"@id\":\"https:\\\/\\\/begamer.cz\\\/sk\\\/#organization\",\"name\":\"BeGamer.cz\",\"url\":\"https:\\\/\\\/begamer.cz\\\/sk\\\/\",\"logo\":{\"@type\":\"ImageObject\",\"inLanguage\":\"sk-SK\",\"@id\":\"https:\\\/\\\/begamer.cz\\\/sk\\\/#\\\/schema\\\/logo\\\/image\\\/\",\"url\":\"https:\\\/\\\/begamer.cz\\\/wp-content\\\/uploads\\\/2025\\\/07\\\/logo.svg\",\"contentUrl\":\"https:\\\/\\\/begamer.cz\\\/wp-content\\\/uploads\\\/2025\\\/07\\\/logo.svg\",\"caption\":\"BeGamer.cz\"},\"image\":{\"@id\":\"https:\\\/\\\/begamer.cz\\\/sk\\\/#\\\/schema\\\/logo\\\/image\\\/\"}}]}<\/script>\n<!-- \/ Yoast SEO plugin. -->","yoast_head_json":{"title":"Trolls Remix Rescue | BeGamer.cz","robots":{"index":"index","follow":"follow","max-snippet":"max-snippet:-1","max-image-preview":"max-image-preview:large","max-video-preview":"max-video-preview:-1"},"canonical":"https:\/\/begamer.cz\/sk\/produkt\/trolls-remix-rescue-sk\/","og_locale":"sk_SK","og_type":"article","og_title":"Trolls Remix Rescue | BeGamer.cz","og_description":"Hrajte za Poppy, Brancha a \u010fal\u0161ie svoje ob\u013e\u00faben\u00e9 postavy z filmu DreamWorks Trolls, presk\u00famajte, rozb\u00edjajte, tancujte a bojujte, aby ste zachr\u00e1nili kr\u00e1\u013eovstvo trollov pred melodick\u00fdm g\u00e9niom, ktor\u00fd sa sna\u017e\u00ed naru\u0161i\u0165 hudobn\u00fa harm\u00f3niu trollov!","og_url":"https:\/\/begamer.cz\/sk\/produkt\/trolls-remix-rescue-sk\/","og_site_name":"BeGamer.cz","article_modified_time":"2026-03-11T09:01:44+00:00","og_image":[{"width":300,"height":400,"url":"https:\/\/begamer.cz\/wp-content\/uploads\/2026\/01\/trolls-remix-rescue-16.webp","type":"image\/webp"}],"twitter_card":"summary_large_image","twitter_misc":{"Predpokladan\u00fd \u010das \u010d\u00edtania":"1 min\u00fata"},"schema":{"@context":"https:\/\/schema.org","@graph":[{"@type":"WebPage","@id":"https:\/\/begamer.cz\/sk\/produkt\/trolls-remix-rescue-sk\/","url":"https:\/\/begamer.cz\/sk\/produkt\/trolls-remix-rescue-sk\/","name":"Trolls Remix Rescue | BeGamer.cz","isPartOf":{"@id":"https:\/\/begamer.cz\/sk\/#website"},"primaryImageOfPage":{"@id":"https:\/\/begamer.cz\/sk\/produkt\/trolls-remix-rescue-sk\/#primaryimage"},"image":{"@id":"https:\/\/begamer.cz\/sk\/produkt\/trolls-remix-rescue-sk\/#primaryimage"},"thumbnailUrl":"https:\/\/begamer.cz\/wp-content\/uploads\/2026\/01\/trolls-remix-rescue-16.webp","datePublished":"2026-01-30T17:48:00+00:00","dateModified":"2026-03-11T09:01:44+00:00","breadcrumb":{"@id":"https:\/\/begamer.cz\/sk\/produkt\/trolls-remix-rescue-sk\/#breadcrumb"},"inLanguage":"sk-SK","potentialAction":[{"@type":"ReadAction","target":["https:\/\/begamer.cz\/sk\/produkt\/trolls-remix-rescue-sk\/"]}]},{"@type":"ImageObject","inLanguage":"sk-SK","@id":"https:\/\/begamer.cz\/sk\/produkt\/trolls-remix-rescue-sk\/#primaryimage","url":"https:\/\/begamer.cz\/wp-content\/uploads\/2026\/01\/trolls-remix-rescue-16.webp","contentUrl":"https:\/\/begamer.cz\/wp-content\/uploads\/2026\/01\/trolls-remix-rescue-16.webp","width":300,"height":400},{"@type":"BreadcrumbList","@id":"https:\/\/begamer.cz\/sk\/produkt\/trolls-remix-rescue-sk\/#breadcrumb","itemListElement":[{"@type":"ListItem","position":1,"name":"Domov","item":"https:\/\/begamer.cz\/sk\/"},{"@type":"ListItem","position":2,"name":"Obchod","item":"https:\/\/begamer.cz\/obchod\/"},{"@type":"ListItem","position":3,"name":"Trolls Remix Rescue"}]},{"@type":"WebSite","@id":"https:\/\/begamer.cz\/sk\/#website","url":"https:\/\/begamer.cz\/sk\/","name":"BeGamer.cz","description":"","publisher":{"@id":"https:\/\/begamer.cz\/sk\/#organization"},"potentialAction":[{"@type":"SearchAction","target":{"@type":"EntryPoint","urlTemplate":"https:\/\/begamer.cz\/sk\/?s={search_term_string}"},"query-input":{"@type":"PropertyValueSpecification","valueRequired":true,"valueName":"search_term_string"}}],"inLanguage":"sk-SK"},{"@type":"Organization","@id":"https:\/\/begamer.cz\/sk\/#organization","name":"BeGamer.cz","url":"https:\/\/begamer.cz\/sk\/","logo":{"@type":"ImageObject","inLanguage":"sk-SK","@id":"https:\/\/begamer.cz\/sk\/#\/schema\/logo\/image\/","url":"https:\/\/begamer.cz\/wp-content\/uploads\/2025\/07\/logo.svg","contentUrl":"https:\/\/begamer.cz\/wp-content\/uploads\/2025\/07\/logo.svg","caption":"BeGamer.cz"},"image":{"@id":"https:\/\/begamer.cz\/sk\/#\/schema\/logo\/image\/"}}]}},"acf":[],"_links":{"self":[{"href":"https:\/\/begamer.cz\/sk\/wp-json\/wp\/v2\/product\/101774","targetHints":{"allow":["GET"]}}],"collection":[{"href":"https:\/\/begamer.cz\/sk\/wp-json\/wp\/v2\/product"}],"about":[{"href":"https:\/\/begamer.cz\/sk\/wp-json\/wp\/v2\/types\/product"}],"replies":[{"embeddable":true,"href":"https:\/\/begamer.cz\/sk\/wp-json\/wp\/v2\/comments?post=101774"}],"wp:featuredmedia":[{"embeddable":true,"href":"https:\/\/begamer.cz\/sk\/wp-json\/wp\/v2\/media\/39520"}],"wp:attachment":[{"href":"https:\/\/begamer.cz\/sk\/wp-json\/wp\/v2\/media?parent=101774"}],"wp:term":[{"taxonomy":"product_brand","embeddable":true,"href":"https:\/\/begamer.cz\/sk\/wp-json\/wp\/v2\/product_brand?post=101774"},{"taxonomy":"product_cat","embeddable":true,"href":"https:\/\/begamer.cz\/sk\/wp-json\/wp\/v2\/product_cat?post=101774"},{"taxonomy":"product_tag","embeddable":true,"href":"https:\/\/begamer.cz\/sk\/wp-json\/wp\/v2\/product_tag?post=101774"}],"curies":[{"name":"wp","href":"https:\/\/api.w.org\/{rel}","templated":true}]}}