{"id":101714,"date":"2026-01-30T18:34:56","date_gmt":"2026-01-30T17:34:56","guid":{"rendered":"https:\/\/begamer.cz\/produkt\/spy-x-anya-operation-memories-deluxe-outing-pack-sk\/"},"modified":"2026-03-11T09:57:39","modified_gmt":"2026-03-11T08:57:39","slug":"spy-x-anya-operation-memories-deluxe-outing-pack-sk","status":"publish","type":"product","link":"https:\/\/begamer.cz\/sk\/produkt\/spy-x-anya-operation-memories-deluxe-outing-pack-sk\/","title":{"rendered":"Spy x Anya: Operation Memories \u2013 Deluxe Outing Pack"},"content":{"rendered":"<p>Bal\u00ed\u010dek Deluxe Outing Pack je bal\u00ed\u010dek, ktor\u00fd kombinuje bal\u00ed\u010dek Thrilling Outfit Pack, bal\u00ed\u010dek Excited Outfit Pack a bonus Deluxe Outing Pack.<\/p>\n<p>Bal\u00ed\u010dek Deluxe<\/p>\n<p>Outing Pack obsahuje:<br \/>\n<br \/>Bal\u00ed\u010dek Thrilling<br \/>Outfit Pack<br \/>\n\u2022 Fancy Set<br \/>\n&#8211; Loidov elegantn\u00fd smoking<br \/>\n&#8211; Elegantn\u00e9 \u0161aty Anyi<br \/>a Yor<br \/>\n    &#8211; Bondova perlov\u00e1 ma\u0161\u013ea<br \/>\n\u2022 Sada Work &amp;<br \/>Undercover<br \/>\n&#8211; Loidov biely<br \/>pl\u00e1\u0161\u0165<br \/>\n&#8211; Anyina tajn\u00e1 uniforma, tajn\u00e1 bandana a tajn\u00e9 slne\u010dn\u00e9<br \/>okuliare<br \/>\n&#8211; Yorova<br \/>uniforma<br \/>\n&#8211; Bondove<br \/>okuliare<br \/>\n\u2022 Bonusov\u00e9 predmety v hre:<br \/>\n    &#8211; Socha p\u00e1na Chimery (z\u00edskajte 2x Eurekas)<br \/>\n<br \/>&#8211; 10 000 PP<\/p>\n<p>Bal\u00ed\u010dek vzru\u0161uj\u00facich<br \/>odevov<br \/>\n\u2022 D\u017e\u00ednsov\u00e1 sada<br \/>\n&#8211; Loidovo tri\u010dko s mot\u00edvom ara\u0161idov a<br \/>d\u017e\u00ednsy<br \/>\n&#8211; Anyine a Yorove mont\u00e9rky<br \/>\n    &#8211; Bondova d\u017e\u00ednsov\u00e1<br \/>ma\u0161\u013ea<br \/>\n\u2022 Punkov\u00e1 s\u00faprava<br \/>\n&#8211; Punkov\u00e9 oble\u010denie Loida,<br \/>Anyi a Yor<br \/>\n&#8211; Bondov punkov\u00fd golier<br \/>\n\u2022 Bonusov\u00e9 predmety v hre:<br \/>\n<br \/>&#8211; Socha tu\u010dniaka (z\u00edskajte 2x PP)<br \/>\n<br \/>&#8211; 10 000 PP<\/p>\n<p>Bonus bal\u00ed\u010dka Deluxe Outing:<br \/>\n<br \/>Anya&#x27;s Bond Stan Set<br \/>\n&#8211; Anya&#x27;s Bond Dress<br \/>\n&#8211; Anya&#x27;s Bond Hat<\/p>\n<p>*Upozor\u0148ujeme, \u017ee obsah je s\u00fa\u010das\u0165ou Deluxe Edition a je mo\u017en\u00e9 ho zak\u00fapi\u0165 samostatne. D\u00e1vajte pozor, aby ste nekupovali duplicitn\u00e9 polo\u017eky.<br \/>\n*V niektor\u00fdch minihrach<br \/>a cutsc\u00e9nach sa vlastn\u00e9 oble\u010denie nezobrazuje.<br \/>\n*Bonusov\u00fd<br \/>obsah zak\u00fapen\u00fd v r\u00e1mci n\u00e1kupu m\u00f4\u017ee by\u0165 distribuovan\u00fd nesk\u00f4r.<\/p>\n","protected":false},"excerpt":{"rendered":"<p>Bal\u00ed\u010dek Deluxe Outing Pack je bal\u00ed\u010dek, ktor\u00fd kombinuje bal\u00ed\u010dky Thrilling Outfit Pack, Excited Outfit Pack a Deluxe Outing Pack Bonus.<\/p>\n","protected":false},"featured_media":39142,"comment_status":"open","ping_status":"closed","template":"","meta":{"_acf_changed":false},"product_brand":[],"product_cat":[270,280,268,266,312],"product_tag":[],"class_list":{"0":"post-101714","1":"product","2":"type-product","3":"status-publish","4":"has-post-thumbnail","6":"product_cat-adventury-pc-hry-sk","7":"product_cat-dobrodruzne-pc-hry-sk","8":"product_cat-pc-sk","9":"product_cat-pc-hry-sk","10":"product_cat-steam-pc-sk","11":"pa_audio-ja-jp","13":"pa_developer-groove-box-japan","15":"pa_engine-unity","17":"pa_game_type-dlc","19":"pa_genres-adventure","21":"pa_interface-de-de","22":"pa_interface-en-us","23":"pa_interface-es-es","24":"pa_interface-fr-fr","25":"pa_interface-it-it","26":"pa_interface-ko-kr","27":"pa_interface-pt-br","29":"pa_interface-zh-cn","30":"pa_interface-zh-tw","31":"pa_keywords-adapted-to-anime","32":"pa_keywords-anime","34":"pa_keywords-anime-based-playable-characters","35":"pa_modes-co-operative","36":"pa_modes-multiplayer","38":"pa_modes-single-player","39":"pa_pegi-13428","40":"pa_pegi-927","41":"pa_platform-pc-steam","43":"pa_player_perspectives-third-person","45":"pa_publisher-bandai-namco-entertainment","47":"pa_rating-14441","48":"pa_rating-773","49":"pa_region-global","51":"pa_subtitles-de-de","53":"pa_subtitles-en-us","54":"pa_subtitles-es-es","55":"pa_subtitles-fr-fr","56":"pa_subtitles-it-it","57":"pa_subtitles-ko-kr","58":"pa_subtitles-pt-br","59":"pa_subtitles-zh-cn","60":"pa_subtitles-zh-tw","62":"first","63":"instock","64":"virtual","65":"taxable","66":"purchasable","67":"product-type-simple"},"yoast_head":"<!-- This site is optimized with the Yoast SEO plugin v27.3 - https:\/\/yoast.com\/product\/yoast-seo-wordpress\/ -->\n<title>Spy x Anya: Operation Memories - Deluxe Outing Pack | BeGamer.cz<\/title>\n<meta name=\"robots\" content=\"index, follow, max-snippet:-1, max-image-preview:large, max-video-preview:-1\" \/>\n<link rel=\"canonical\" href=\"https:\/\/begamer.cz\/sk\/produkt\/spy-x-anya-operation-memories-deluxe-outing-pack-sk\/\" \/>\n<meta property=\"og:locale\" content=\"sk_SK\" \/>\n<meta property=\"og:type\" content=\"article\" \/>\n<meta property=\"og:title\" content=\"Spy x Anya: Operation Memories - Deluxe Outing Pack | BeGamer.cz\" \/>\n<meta property=\"og:description\" content=\"Bal\u00ed\u010dek Deluxe Outing Pack je bal\u00ed\u010dek, ktor\u00fd kombinuje bal\u00ed\u010dky Thrilling Outfit Pack, Excited Outfit Pack a Deluxe Outing Pack Bonus.\" \/>\n<meta property=\"og:url\" content=\"https:\/\/begamer.cz\/sk\/produkt\/spy-x-anya-operation-memories-deluxe-outing-pack-sk\/\" \/>\n<meta property=\"og:site_name\" content=\"BeGamer.cz\" \/>\n<meta property=\"article:modified_time\" content=\"2026-03-11T08:57:39+00:00\" \/>\n<meta property=\"og:image\" content=\"https:\/\/begamer.cz\/wp-content\/uploads\/2026\/01\/spy-x-anya-operation-memories-deluxe-outing-pack-5.webp\" \/>\n\t<meta property=\"og:image:width\" content=\"165\" \/>\n\t<meta property=\"og:image:height\" content=\"220\" \/>\n\t<meta property=\"og:image:type\" content=\"image\/webp\" \/>\n<meta name=\"twitter:card\" content=\"summary_large_image\" \/>\n<meta name=\"twitter:label1\" content=\"Predpokladan\u00fd \u010das \u010d\u00edtania\" \/>\n\t<meta name=\"twitter:data1\" content=\"1 min\u00fata\" \/>\n<script type=\"application\/ld+json\" class=\"yoast-schema-graph\">{\"@context\":\"https:\\\/\\\/schema.org\",\"@graph\":[{\"@type\":\"WebPage\",\"@id\":\"https:\\\/\\\/begamer.cz\\\/sk\\\/produkt\\\/spy-x-anya-operation-memories-deluxe-outing-pack-sk\\\/\",\"url\":\"https:\\\/\\\/begamer.cz\\\/sk\\\/produkt\\\/spy-x-anya-operation-memories-deluxe-outing-pack-sk\\\/\",\"name\":\"Spy x Anya: Operation Memories - Deluxe Outing Pack | BeGamer.cz\",\"isPartOf\":{\"@id\":\"https:\\\/\\\/begamer.cz\\\/sk\\\/#website\"},\"primaryImageOfPage\":{\"@id\":\"https:\\\/\\\/begamer.cz\\\/sk\\\/produkt\\\/spy-x-anya-operation-memories-deluxe-outing-pack-sk\\\/#primaryimage\"},\"image\":{\"@id\":\"https:\\\/\\\/begamer.cz\\\/sk\\\/produkt\\\/spy-x-anya-operation-memories-deluxe-outing-pack-sk\\\/#primaryimage\"},\"thumbnailUrl\":\"https:\\\/\\\/begamer.cz\\\/wp-content\\\/uploads\\\/2026\\\/01\\\/spy-x-anya-operation-memories-deluxe-outing-pack-5.webp\",\"datePublished\":\"2026-01-30T17:34:56+00:00\",\"dateModified\":\"2026-03-11T08:57:39+00:00\",\"breadcrumb\":{\"@id\":\"https:\\\/\\\/begamer.cz\\\/sk\\\/produkt\\\/spy-x-anya-operation-memories-deluxe-outing-pack-sk\\\/#breadcrumb\"},\"inLanguage\":\"sk-SK\",\"potentialAction\":[{\"@type\":\"ReadAction\",\"target\":[\"https:\\\/\\\/begamer.cz\\\/sk\\\/produkt\\\/spy-x-anya-operation-memories-deluxe-outing-pack-sk\\\/\"]}]},{\"@type\":\"ImageObject\",\"inLanguage\":\"sk-SK\",\"@id\":\"https:\\\/\\\/begamer.cz\\\/sk\\\/produkt\\\/spy-x-anya-operation-memories-deluxe-outing-pack-sk\\\/#primaryimage\",\"url\":\"https:\\\/\\\/begamer.cz\\\/wp-content\\\/uploads\\\/2026\\\/01\\\/spy-x-anya-operation-memories-deluxe-outing-pack-5.webp\",\"contentUrl\":\"https:\\\/\\\/begamer.cz\\\/wp-content\\\/uploads\\\/2026\\\/01\\\/spy-x-anya-operation-memories-deluxe-outing-pack-5.webp\",\"width\":165,\"height\":220},{\"@type\":\"BreadcrumbList\",\"@id\":\"https:\\\/\\\/begamer.cz\\\/sk\\\/produkt\\\/spy-x-anya-operation-memories-deluxe-outing-pack-sk\\\/#breadcrumb\",\"itemListElement\":[{\"@type\":\"ListItem\",\"position\":1,\"name\":\"Domov\",\"item\":\"https:\\\/\\\/begamer.cz\\\/sk\\\/\"},{\"@type\":\"ListItem\",\"position\":2,\"name\":\"Obchod\",\"item\":\"https:\\\/\\\/begamer.cz\\\/obchod\\\/\"},{\"@type\":\"ListItem\",\"position\":3,\"name\":\"Spy x Anya: Operation Memories &#8211; Deluxe Outing Pack\"}]},{\"@type\":\"WebSite\",\"@id\":\"https:\\\/\\\/begamer.cz\\\/sk\\\/#website\",\"url\":\"https:\\\/\\\/begamer.cz\\\/sk\\\/\",\"name\":\"BeGamer.cz\",\"description\":\"\",\"publisher\":{\"@id\":\"https:\\\/\\\/begamer.cz\\\/sk\\\/#organization\"},\"potentialAction\":[{\"@type\":\"SearchAction\",\"target\":{\"@type\":\"EntryPoint\",\"urlTemplate\":\"https:\\\/\\\/begamer.cz\\\/sk\\\/?s={search_term_string}\"},\"query-input\":{\"@type\":\"PropertyValueSpecification\",\"valueRequired\":true,\"valueName\":\"search_term_string\"}}],\"inLanguage\":\"sk-SK\"},{\"@type\":\"Organization\",\"@id\":\"https:\\\/\\\/begamer.cz\\\/sk\\\/#organization\",\"name\":\"BeGamer.cz\",\"url\":\"https:\\\/\\\/begamer.cz\\\/sk\\\/\",\"logo\":{\"@type\":\"ImageObject\",\"inLanguage\":\"sk-SK\",\"@id\":\"https:\\\/\\\/begamer.cz\\\/sk\\\/#\\\/schema\\\/logo\\\/image\\\/\",\"url\":\"https:\\\/\\\/begamer.cz\\\/wp-content\\\/uploads\\\/2025\\\/07\\\/logo.svg\",\"contentUrl\":\"https:\\\/\\\/begamer.cz\\\/wp-content\\\/uploads\\\/2025\\\/07\\\/logo.svg\",\"caption\":\"BeGamer.cz\"},\"image\":{\"@id\":\"https:\\\/\\\/begamer.cz\\\/sk\\\/#\\\/schema\\\/logo\\\/image\\\/\"}}]}<\/script>\n<!-- \/ Yoast SEO plugin. -->","yoast_head_json":{"title":"Spy x Anya: Operation Memories - Deluxe Outing Pack | BeGamer.cz","robots":{"index":"index","follow":"follow","max-snippet":"max-snippet:-1","max-image-preview":"max-image-preview:large","max-video-preview":"max-video-preview:-1"},"canonical":"https:\/\/begamer.cz\/sk\/produkt\/spy-x-anya-operation-memories-deluxe-outing-pack-sk\/","og_locale":"sk_SK","og_type":"article","og_title":"Spy x Anya: Operation Memories - Deluxe Outing Pack | BeGamer.cz","og_description":"Bal\u00ed\u010dek Deluxe Outing Pack je bal\u00ed\u010dek, ktor\u00fd kombinuje bal\u00ed\u010dky Thrilling Outfit Pack, Excited Outfit Pack a Deluxe Outing Pack Bonus.","og_url":"https:\/\/begamer.cz\/sk\/produkt\/spy-x-anya-operation-memories-deluxe-outing-pack-sk\/","og_site_name":"BeGamer.cz","article_modified_time":"2026-03-11T08:57:39+00:00","og_image":[{"width":165,"height":220,"url":"https:\/\/begamer.cz\/wp-content\/uploads\/2026\/01\/spy-x-anya-operation-memories-deluxe-outing-pack-5.webp","type":"image\/webp"}],"twitter_card":"summary_large_image","twitter_misc":{"Predpokladan\u00fd \u010das \u010d\u00edtania":"1 min\u00fata"},"schema":{"@context":"https:\/\/schema.org","@graph":[{"@type":"WebPage","@id":"https:\/\/begamer.cz\/sk\/produkt\/spy-x-anya-operation-memories-deluxe-outing-pack-sk\/","url":"https:\/\/begamer.cz\/sk\/produkt\/spy-x-anya-operation-memories-deluxe-outing-pack-sk\/","name":"Spy x Anya: Operation Memories - Deluxe Outing Pack | BeGamer.cz","isPartOf":{"@id":"https:\/\/begamer.cz\/sk\/#website"},"primaryImageOfPage":{"@id":"https:\/\/begamer.cz\/sk\/produkt\/spy-x-anya-operation-memories-deluxe-outing-pack-sk\/#primaryimage"},"image":{"@id":"https:\/\/begamer.cz\/sk\/produkt\/spy-x-anya-operation-memories-deluxe-outing-pack-sk\/#primaryimage"},"thumbnailUrl":"https:\/\/begamer.cz\/wp-content\/uploads\/2026\/01\/spy-x-anya-operation-memories-deluxe-outing-pack-5.webp","datePublished":"2026-01-30T17:34:56+00:00","dateModified":"2026-03-11T08:57:39+00:00","breadcrumb":{"@id":"https:\/\/begamer.cz\/sk\/produkt\/spy-x-anya-operation-memories-deluxe-outing-pack-sk\/#breadcrumb"},"inLanguage":"sk-SK","potentialAction":[{"@type":"ReadAction","target":["https:\/\/begamer.cz\/sk\/produkt\/spy-x-anya-operation-memories-deluxe-outing-pack-sk\/"]}]},{"@type":"ImageObject","inLanguage":"sk-SK","@id":"https:\/\/begamer.cz\/sk\/produkt\/spy-x-anya-operation-memories-deluxe-outing-pack-sk\/#primaryimage","url":"https:\/\/begamer.cz\/wp-content\/uploads\/2026\/01\/spy-x-anya-operation-memories-deluxe-outing-pack-5.webp","contentUrl":"https:\/\/begamer.cz\/wp-content\/uploads\/2026\/01\/spy-x-anya-operation-memories-deluxe-outing-pack-5.webp","width":165,"height":220},{"@type":"BreadcrumbList","@id":"https:\/\/begamer.cz\/sk\/produkt\/spy-x-anya-operation-memories-deluxe-outing-pack-sk\/#breadcrumb","itemListElement":[{"@type":"ListItem","position":1,"name":"Domov","item":"https:\/\/begamer.cz\/sk\/"},{"@type":"ListItem","position":2,"name":"Obchod","item":"https:\/\/begamer.cz\/obchod\/"},{"@type":"ListItem","position":3,"name":"Spy x Anya: Operation Memories &#8211; Deluxe Outing Pack"}]},{"@type":"WebSite","@id":"https:\/\/begamer.cz\/sk\/#website","url":"https:\/\/begamer.cz\/sk\/","name":"BeGamer.cz","description":"","publisher":{"@id":"https:\/\/begamer.cz\/sk\/#organization"},"potentialAction":[{"@type":"SearchAction","target":{"@type":"EntryPoint","urlTemplate":"https:\/\/begamer.cz\/sk\/?s={search_term_string}"},"query-input":{"@type":"PropertyValueSpecification","valueRequired":true,"valueName":"search_term_string"}}],"inLanguage":"sk-SK"},{"@type":"Organization","@id":"https:\/\/begamer.cz\/sk\/#organization","name":"BeGamer.cz","url":"https:\/\/begamer.cz\/sk\/","logo":{"@type":"ImageObject","inLanguage":"sk-SK","@id":"https:\/\/begamer.cz\/sk\/#\/schema\/logo\/image\/","url":"https:\/\/begamer.cz\/wp-content\/uploads\/2025\/07\/logo.svg","contentUrl":"https:\/\/begamer.cz\/wp-content\/uploads\/2025\/07\/logo.svg","caption":"BeGamer.cz"},"image":{"@id":"https:\/\/begamer.cz\/sk\/#\/schema\/logo\/image\/"}}]}},"acf":[],"_links":{"self":[{"href":"https:\/\/begamer.cz\/sk\/wp-json\/wp\/v2\/product\/101714","targetHints":{"allow":["GET"]}}],"collection":[{"href":"https:\/\/begamer.cz\/sk\/wp-json\/wp\/v2\/product"}],"about":[{"href":"https:\/\/begamer.cz\/sk\/wp-json\/wp\/v2\/types\/product"}],"replies":[{"embeddable":true,"href":"https:\/\/begamer.cz\/sk\/wp-json\/wp\/v2\/comments?post=101714"}],"wp:featuredmedia":[{"embeddable":true,"href":"https:\/\/begamer.cz\/sk\/wp-json\/wp\/v2\/media\/39142"}],"wp:attachment":[{"href":"https:\/\/begamer.cz\/sk\/wp-json\/wp\/v2\/media?parent=101714"}],"wp:term":[{"taxonomy":"product_brand","embeddable":true,"href":"https:\/\/begamer.cz\/sk\/wp-json\/wp\/v2\/product_brand?post=101714"},{"taxonomy":"product_cat","embeddable":true,"href":"https:\/\/begamer.cz\/sk\/wp-json\/wp\/v2\/product_cat?post=101714"},{"taxonomy":"product_tag","embeddable":true,"href":"https:\/\/begamer.cz\/sk\/wp-json\/wp\/v2\/product_tag?post=101714"}],"curies":[{"name":"wp","href":"https:\/\/api.w.org\/{rel}","templated":true}]}}