{"id":101711,"date":"2026-01-30T18:34:53","date_gmt":"2026-01-30T17:34:53","guid":{"rendered":"https:\/\/begamer.cz\/produkt\/spy-x-anya-operation-memories-digital-deluxe-edition-sk\/"},"modified":"2026-03-11T09:57:34","modified_gmt":"2026-03-11T08:57:34","slug":"spy-x-anya-operation-memories-digital-deluxe-edition-sk","status":"publish","type":"product","link":"https:\/\/begamer.cz\/sk\/produkt\/spy-x-anya-operation-memories-digital-deluxe-edition-sk\/","title":{"rendered":"Spy x Anya: Operation Memories \u2013 Digital Deluxe Edition"},"content":{"rendered":"<p>Deluxe Edition obsahuje:<br \/>\n\u2022 SPY\u00d7ANYA: Operation Memories<br \/>\n\u2022 Deluxe Outing Pack<br \/>\n&#8211; Thrilling Outfit Pack<br \/>\n&#8211; Excited Outfit Pack<br \/>\n&#8211; Anya&#x27;s Bond Dress and Bond Hat<br \/>\n\u2022 Deluxe Edition Bonus: Anya&#x27;s Director Chimera Hat<\/p>\n","protected":false},"excerpt":{"rendered":"<p>Ponorte sa do hry \u201eSpy x Anya: Operation Memories \u2013 Digital Deluxe Edition\u201c, vzru\u0161uj\u00faceho stealth dobrodru\u017estva s unik\u00e1tnymi misiami a exkluz\u00edvnym bonusov\u00fdm obsahom. Za\u017eite intenz\u00edvnu \u0161pion\u00e1\u017enu hru, odha\u013ete tajn\u00e9 spomienky a vychutnajte si extra digit\u00e1lne bonusy pre vylep\u0161en\u00fd hern\u00fd z\u00e1\u017eitok.<\/p>\n","protected":false},"featured_media":39121,"comment_status":"open","ping_status":"closed","template":"","meta":{"_acf_changed":false},"product_brand":[],"product_cat":[270,280,268,266,312],"product_tag":[],"class_list":{"0":"post-101711","1":"product","2":"type-product","3":"status-publish","4":"has-post-thumbnail","6":"product_cat-adventury-pc-hry-sk","7":"product_cat-dobrodruzne-pc-hry-sk","8":"product_cat-pc-sk","9":"product_cat-pc-hry-sk","10":"product_cat-steam-pc-sk","11":"pa_developer-groove-box-japan","13":"pa_game_type-main_game","15":"pa_genres-adventure","17":"pa_platform-pc-steam","19":"pa_publisher-bandai-namco-entertainment-inc","21":"pa_rating-14441","22":"pa_rating-773","23":"pa_region-global","26":"first","27":"instock","28":"virtual","29":"taxable","30":"purchasable","31":"product-type-simple"},"yoast_head":"<!-- This site is optimized with the Yoast SEO plugin v27.3 - https:\/\/yoast.com\/product\/yoast-seo-wordpress\/ -->\n<title>Spy x Anya: Operation Memories - Digital Deluxe Edition | BeGamer.cz<\/title>\n<meta name=\"robots\" content=\"index, follow, max-snippet:-1, max-image-preview:large, max-video-preview:-1\" \/>\n<link rel=\"canonical\" href=\"https:\/\/begamer.cz\/sk\/produkt\/spy-x-anya-operation-memories-digital-deluxe-edition-sk\/\" \/>\n<meta property=\"og:locale\" content=\"sk_SK\" \/>\n<meta property=\"og:type\" content=\"article\" \/>\n<meta property=\"og:title\" content=\"Spy x Anya: Operation Memories - Digital Deluxe Edition | BeGamer.cz\" \/>\n<meta property=\"og:description\" content=\"Ponorte sa do hry \u201eSpy x Anya: Operation Memories \u2013 Digital Deluxe Edition\u201c, vzru\u0161uj\u00faceho stealth dobrodru\u017estva s unik\u00e1tnymi misiami a exkluz\u00edvnym bonusov\u00fdm obsahom. Za\u017eite intenz\u00edvnu \u0161pion\u00e1\u017enu hru, odha\u013ete tajn\u00e9 spomienky a vychutnajte si extra digit\u00e1lne bonusy pre vylep\u0161en\u00fd hern\u00fd z\u00e1\u017eitok.\" \/>\n<meta property=\"og:url\" content=\"https:\/\/begamer.cz\/sk\/produkt\/spy-x-anya-operation-memories-digital-deluxe-edition-sk\/\" \/>\n<meta property=\"og:site_name\" content=\"BeGamer.cz\" \/>\n<meta property=\"article:modified_time\" content=\"2026-03-11T08:57:34+00:00\" \/>\n<meta property=\"og:image\" content=\"https:\/\/begamer.cz\/wp-content\/uploads\/2026\/01\/spy-x-anya-operation-memories-digital-deluxe-edition.webp\" \/>\n\t<meta property=\"og:image:width\" content=\"300\" \/>\n\t<meta property=\"og:image:height\" content=\"400\" \/>\n\t<meta property=\"og:image:type\" content=\"image\/webp\" \/>\n<meta name=\"twitter:card\" content=\"summary_large_image\" \/>\n<script type=\"application\/ld+json\" class=\"yoast-schema-graph\">{\"@context\":\"https:\\\/\\\/schema.org\",\"@graph\":[{\"@type\":\"WebPage\",\"@id\":\"https:\\\/\\\/begamer.cz\\\/sk\\\/produkt\\\/spy-x-anya-operation-memories-digital-deluxe-edition-sk\\\/\",\"url\":\"https:\\\/\\\/begamer.cz\\\/sk\\\/produkt\\\/spy-x-anya-operation-memories-digital-deluxe-edition-sk\\\/\",\"name\":\"Spy x Anya: Operation Memories - Digital Deluxe Edition | BeGamer.cz\",\"isPartOf\":{\"@id\":\"https:\\\/\\\/begamer.cz\\\/sk\\\/#website\"},\"primaryImageOfPage\":{\"@id\":\"https:\\\/\\\/begamer.cz\\\/sk\\\/produkt\\\/spy-x-anya-operation-memories-digital-deluxe-edition-sk\\\/#primaryimage\"},\"image\":{\"@id\":\"https:\\\/\\\/begamer.cz\\\/sk\\\/produkt\\\/spy-x-anya-operation-memories-digital-deluxe-edition-sk\\\/#primaryimage\"},\"thumbnailUrl\":\"https:\\\/\\\/begamer.cz\\\/wp-content\\\/uploads\\\/2026\\\/01\\\/spy-x-anya-operation-memories-digital-deluxe-edition.webp\",\"datePublished\":\"2026-01-30T17:34:53+00:00\",\"dateModified\":\"2026-03-11T08:57:34+00:00\",\"breadcrumb\":{\"@id\":\"https:\\\/\\\/begamer.cz\\\/sk\\\/produkt\\\/spy-x-anya-operation-memories-digital-deluxe-edition-sk\\\/#breadcrumb\"},\"inLanguage\":\"sk-SK\",\"potentialAction\":[{\"@type\":\"ReadAction\",\"target\":[\"https:\\\/\\\/begamer.cz\\\/sk\\\/produkt\\\/spy-x-anya-operation-memories-digital-deluxe-edition-sk\\\/\"]}]},{\"@type\":\"ImageObject\",\"inLanguage\":\"sk-SK\",\"@id\":\"https:\\\/\\\/begamer.cz\\\/sk\\\/produkt\\\/spy-x-anya-operation-memories-digital-deluxe-edition-sk\\\/#primaryimage\",\"url\":\"https:\\\/\\\/begamer.cz\\\/wp-content\\\/uploads\\\/2026\\\/01\\\/spy-x-anya-operation-memories-digital-deluxe-edition.webp\",\"contentUrl\":\"https:\\\/\\\/begamer.cz\\\/wp-content\\\/uploads\\\/2026\\\/01\\\/spy-x-anya-operation-memories-digital-deluxe-edition.webp\",\"width\":300,\"height\":400},{\"@type\":\"BreadcrumbList\",\"@id\":\"https:\\\/\\\/begamer.cz\\\/sk\\\/produkt\\\/spy-x-anya-operation-memories-digital-deluxe-edition-sk\\\/#breadcrumb\",\"itemListElement\":[{\"@type\":\"ListItem\",\"position\":1,\"name\":\"Domov\",\"item\":\"https:\\\/\\\/begamer.cz\\\/sk\\\/\"},{\"@type\":\"ListItem\",\"position\":2,\"name\":\"Obchod\",\"item\":\"https:\\\/\\\/begamer.cz\\\/obchod\\\/\"},{\"@type\":\"ListItem\",\"position\":3,\"name\":\"Spy x Anya: Operation Memories &#8211; Digital Deluxe Edition\"}]},{\"@type\":\"WebSite\",\"@id\":\"https:\\\/\\\/begamer.cz\\\/sk\\\/#website\",\"url\":\"https:\\\/\\\/begamer.cz\\\/sk\\\/\",\"name\":\"BeGamer.cz\",\"description\":\"\",\"publisher\":{\"@id\":\"https:\\\/\\\/begamer.cz\\\/sk\\\/#organization\"},\"potentialAction\":[{\"@type\":\"SearchAction\",\"target\":{\"@type\":\"EntryPoint\",\"urlTemplate\":\"https:\\\/\\\/begamer.cz\\\/sk\\\/?s={search_term_string}\"},\"query-input\":{\"@type\":\"PropertyValueSpecification\",\"valueRequired\":true,\"valueName\":\"search_term_string\"}}],\"inLanguage\":\"sk-SK\"},{\"@type\":\"Organization\",\"@id\":\"https:\\\/\\\/begamer.cz\\\/sk\\\/#organization\",\"name\":\"BeGamer.cz\",\"url\":\"https:\\\/\\\/begamer.cz\\\/sk\\\/\",\"logo\":{\"@type\":\"ImageObject\",\"inLanguage\":\"sk-SK\",\"@id\":\"https:\\\/\\\/begamer.cz\\\/sk\\\/#\\\/schema\\\/logo\\\/image\\\/\",\"url\":\"https:\\\/\\\/begamer.cz\\\/wp-content\\\/uploads\\\/2025\\\/07\\\/logo.svg\",\"contentUrl\":\"https:\\\/\\\/begamer.cz\\\/wp-content\\\/uploads\\\/2025\\\/07\\\/logo.svg\",\"caption\":\"BeGamer.cz\"},\"image\":{\"@id\":\"https:\\\/\\\/begamer.cz\\\/sk\\\/#\\\/schema\\\/logo\\\/image\\\/\"}}]}<\/script>\n<!-- \/ Yoast SEO plugin. -->","yoast_head_json":{"title":"Spy x Anya: Operation Memories - Digital Deluxe Edition | BeGamer.cz","robots":{"index":"index","follow":"follow","max-snippet":"max-snippet:-1","max-image-preview":"max-image-preview:large","max-video-preview":"max-video-preview:-1"},"canonical":"https:\/\/begamer.cz\/sk\/produkt\/spy-x-anya-operation-memories-digital-deluxe-edition-sk\/","og_locale":"sk_SK","og_type":"article","og_title":"Spy x Anya: Operation Memories - Digital Deluxe Edition | BeGamer.cz","og_description":"Ponorte sa do hry \u201eSpy x Anya: Operation Memories \u2013 Digital Deluxe Edition\u201c, vzru\u0161uj\u00faceho stealth dobrodru\u017estva s unik\u00e1tnymi misiami a exkluz\u00edvnym bonusov\u00fdm obsahom. Za\u017eite intenz\u00edvnu \u0161pion\u00e1\u017enu hru, odha\u013ete tajn\u00e9 spomienky a vychutnajte si extra digit\u00e1lne bonusy pre vylep\u0161en\u00fd hern\u00fd z\u00e1\u017eitok.","og_url":"https:\/\/begamer.cz\/sk\/produkt\/spy-x-anya-operation-memories-digital-deluxe-edition-sk\/","og_site_name":"BeGamer.cz","article_modified_time":"2026-03-11T08:57:34+00:00","og_image":[{"width":300,"height":400,"url":"https:\/\/begamer.cz\/wp-content\/uploads\/2026\/01\/spy-x-anya-operation-memories-digital-deluxe-edition.webp","type":"image\/webp"}],"twitter_card":"summary_large_image","schema":{"@context":"https:\/\/schema.org","@graph":[{"@type":"WebPage","@id":"https:\/\/begamer.cz\/sk\/produkt\/spy-x-anya-operation-memories-digital-deluxe-edition-sk\/","url":"https:\/\/begamer.cz\/sk\/produkt\/spy-x-anya-operation-memories-digital-deluxe-edition-sk\/","name":"Spy x Anya: Operation Memories - Digital Deluxe Edition | BeGamer.cz","isPartOf":{"@id":"https:\/\/begamer.cz\/sk\/#website"},"primaryImageOfPage":{"@id":"https:\/\/begamer.cz\/sk\/produkt\/spy-x-anya-operation-memories-digital-deluxe-edition-sk\/#primaryimage"},"image":{"@id":"https:\/\/begamer.cz\/sk\/produkt\/spy-x-anya-operation-memories-digital-deluxe-edition-sk\/#primaryimage"},"thumbnailUrl":"https:\/\/begamer.cz\/wp-content\/uploads\/2026\/01\/spy-x-anya-operation-memories-digital-deluxe-edition.webp","datePublished":"2026-01-30T17:34:53+00:00","dateModified":"2026-03-11T08:57:34+00:00","breadcrumb":{"@id":"https:\/\/begamer.cz\/sk\/produkt\/spy-x-anya-operation-memories-digital-deluxe-edition-sk\/#breadcrumb"},"inLanguage":"sk-SK","potentialAction":[{"@type":"ReadAction","target":["https:\/\/begamer.cz\/sk\/produkt\/spy-x-anya-operation-memories-digital-deluxe-edition-sk\/"]}]},{"@type":"ImageObject","inLanguage":"sk-SK","@id":"https:\/\/begamer.cz\/sk\/produkt\/spy-x-anya-operation-memories-digital-deluxe-edition-sk\/#primaryimage","url":"https:\/\/begamer.cz\/wp-content\/uploads\/2026\/01\/spy-x-anya-operation-memories-digital-deluxe-edition.webp","contentUrl":"https:\/\/begamer.cz\/wp-content\/uploads\/2026\/01\/spy-x-anya-operation-memories-digital-deluxe-edition.webp","width":300,"height":400},{"@type":"BreadcrumbList","@id":"https:\/\/begamer.cz\/sk\/produkt\/spy-x-anya-operation-memories-digital-deluxe-edition-sk\/#breadcrumb","itemListElement":[{"@type":"ListItem","position":1,"name":"Domov","item":"https:\/\/begamer.cz\/sk\/"},{"@type":"ListItem","position":2,"name":"Obchod","item":"https:\/\/begamer.cz\/obchod\/"},{"@type":"ListItem","position":3,"name":"Spy x Anya: Operation Memories &#8211; Digital Deluxe Edition"}]},{"@type":"WebSite","@id":"https:\/\/begamer.cz\/sk\/#website","url":"https:\/\/begamer.cz\/sk\/","name":"BeGamer.cz","description":"","publisher":{"@id":"https:\/\/begamer.cz\/sk\/#organization"},"potentialAction":[{"@type":"SearchAction","target":{"@type":"EntryPoint","urlTemplate":"https:\/\/begamer.cz\/sk\/?s={search_term_string}"},"query-input":{"@type":"PropertyValueSpecification","valueRequired":true,"valueName":"search_term_string"}}],"inLanguage":"sk-SK"},{"@type":"Organization","@id":"https:\/\/begamer.cz\/sk\/#organization","name":"BeGamer.cz","url":"https:\/\/begamer.cz\/sk\/","logo":{"@type":"ImageObject","inLanguage":"sk-SK","@id":"https:\/\/begamer.cz\/sk\/#\/schema\/logo\/image\/","url":"https:\/\/begamer.cz\/wp-content\/uploads\/2025\/07\/logo.svg","contentUrl":"https:\/\/begamer.cz\/wp-content\/uploads\/2025\/07\/logo.svg","caption":"BeGamer.cz"},"image":{"@id":"https:\/\/begamer.cz\/sk\/#\/schema\/logo\/image\/"}}]}},"acf":[],"_links":{"self":[{"href":"https:\/\/begamer.cz\/sk\/wp-json\/wp\/v2\/product\/101711","targetHints":{"allow":["GET"]}}],"collection":[{"href":"https:\/\/begamer.cz\/sk\/wp-json\/wp\/v2\/product"}],"about":[{"href":"https:\/\/begamer.cz\/sk\/wp-json\/wp\/v2\/types\/product"}],"replies":[{"embeddable":true,"href":"https:\/\/begamer.cz\/sk\/wp-json\/wp\/v2\/comments?post=101711"}],"wp:featuredmedia":[{"embeddable":true,"href":"https:\/\/begamer.cz\/sk\/wp-json\/wp\/v2\/media\/39121"}],"wp:attachment":[{"href":"https:\/\/begamer.cz\/sk\/wp-json\/wp\/v2\/media?parent=101711"}],"wp:term":[{"taxonomy":"product_brand","embeddable":true,"href":"https:\/\/begamer.cz\/sk\/wp-json\/wp\/v2\/product_brand?post=101711"},{"taxonomy":"product_cat","embeddable":true,"href":"https:\/\/begamer.cz\/sk\/wp-json\/wp\/v2\/product_cat?post=101711"},{"taxonomy":"product_tag","embeddable":true,"href":"https:\/\/begamer.cz\/sk\/wp-json\/wp\/v2\/product_tag?post=101711"}],"curies":[{"name":"wp","href":"https:\/\/api.w.org\/{rel}","templated":true}]}}