{"id":101696,"date":"2026-01-30T18:34:38","date_gmt":"2026-01-30T17:34:38","guid":{"rendered":"https:\/\/begamer.cz\/produkt\/park-beyond-golden-pass-sk\/"},"modified":"2026-03-11T09:56:36","modified_gmt":"2026-03-11T08:56:36","slug":"park-beyond-golden-pass-sk","status":"publish","type":"product","link":"https:\/\/begamer.cz\/sk\/produkt\/park-beyond-golden-pass-sk\/","title":{"rendered":"Park Beyond: Golden Pass"},"content":{"rendered":"<p>Roz\u0161\u00edrte svoju fant\u00e1ziu!<br \/>\n<br \/>Park va\u0161ich snov je teraz e\u0161te lep\u0161\u00ed! So zlat\u00fdm preukazom z\u00edskate okam\u017eit\u00fd pr\u00edstup do \u0161tyroch nov\u00fdch tematick\u00fdch svetov:<br \/>\n<br \/>\u2022 Beyond<br \/>eXtreme<br \/>\n\u2022 Beyond Depths<br \/>\n\u2022 Beyond the Skies of Arabia<br \/>\n<br \/>\u2022 Chicken Run: Dawn of the Nugget<\/p>\n<p>Ka\u017ed\u00fd tematick\u00fd svet prin\u00e1\u0161a nov\u00e9 ploch\u00e9 atrakcie, dekor\u00e1cie, prefabrik\u00e1ty a ove\u013ea viac!<br \/>\n    \u2022 4 dodato\u010dn\u00e9 pr\u00edbehov\u00e9<br \/>misie<br \/>\n\u2022 1125 scen\u00e9ri\u00ed<br \/>\n\u2022 7 dodato\u010dn\u00fdch t\u00e9m<br \/>\n<br \/>\u2022 12 nov\u00fdch text\u00far ciest<br \/>\n\u2022 20<br \/>nov\u00fdch typov<br \/>zab\u00e1va\u010dov<br \/>\n<br \/>\u2022 11 ploch\u00fdch atrakci\u00ed s nemo\u017en\u00fdmi funkciami<br \/>\n<br \/>\u2022 4 nov\u00e9 moduly<br \/>horsk\u00fdch dr\u00e1h<br \/>\n\u2022 4 nov\u00e9 typy<br \/>dr\u00e1h<br \/>\n    \u2022 52 prefabrik\u00e1tov budov<br \/>\n\u2022 8 prefabrik\u00e1tov horsk\u00fdch<br \/>dr\u00e1h    <br \/>\n\u2022 28 nov\u00fdch voz\u0148ov horsk\u00fdch dr\u00e1h    <br \/>\n\u2022 8 nov\u00fdch hern\u00fdch<br \/>m\u00e1p<br \/>\nTento pass tie\u017e odomkne sadu nemo\u017enost\u00ed ZOMBEYOND, sadu nemo\u017enost\u00ed PAC-MAN a sadu ENGLISH GARDEN, z ktor\u00fdch ka\u017ed\u00e1 obsahuje vlastn\u00e9 tematick\u00e9 predmety a<\/p>\n<p>prekvapenia!<\/p>\n<p>*Upozor\u0148ujeme, \u017ee tieto bal\u00ed\u010dky DLC sa pred\u00e1vaj\u00fa aj samostatne. D\u00e1vajte pozor, aby ste nezak\u00fapili duplicitn\u00e9 polo\u017eky.<\/p>\n","protected":false},"excerpt":{"rendered":"<p>Odomknite v\u0161etko, \u010do Park Beyond pon\u00faka! Zah\u0155\u0148a Beyond eXtreme, Beyond the Depths, Beyond the Skies of Arabia a Chicken Run: Dawn of the Nugget \u2013 Theme World, ZOMBEYOND a PAC-MAN Impossification Set a ENGLISH GARDEN set.<\/p>\n","protected":false},"featured_media":83515,"comment_status":"open","ping_status":"closed","template":"","meta":{"_acf_changed":false},"product_brand":[],"product_cat":[268,266,312],"product_tag":[],"class_list":{"0":"post-101696","1":"product","2":"type-product","3":"status-publish","4":"has-post-thumbnail","6":"product_cat-pc-sk","7":"product_cat-pc-hry-sk","8":"product_cat-steam-pc-sk","9":"pa_developer-limbic-entertainment","11":"pa_game_type-dlc","13":"pa_pegi-13424","14":"pa_pegi-772","15":"pa_platform-pc-steam","17":"pa_publisher-bandai-namco-entertainment","19":"pa_region-europe","22":"first","23":"instock","24":"virtual","25":"taxable","26":"purchasable","27":"product-type-simple"},"yoast_head":"<!-- This site is optimized with the Yoast SEO plugin v27.3 - https:\/\/yoast.com\/product\/yoast-seo-wordpress\/ -->\n<title>Park Beyond: Golden Pass | BeGamer.cz<\/title>\n<meta name=\"robots\" content=\"index, follow, max-snippet:-1, max-image-preview:large, max-video-preview:-1\" \/>\n<link rel=\"canonical\" href=\"https:\/\/begamer.cz\/sk\/produkt\/park-beyond-golden-pass-sk\/\" \/>\n<meta property=\"og:locale\" content=\"sk_SK\" \/>\n<meta property=\"og:type\" content=\"article\" \/>\n<meta property=\"og:title\" content=\"Park Beyond: Golden Pass | BeGamer.cz\" \/>\n<meta property=\"og:description\" content=\"Odomknite v\u0161etko, \u010do Park Beyond pon\u00faka! Zah\u0155\u0148a Beyond eXtreme, Beyond the Depths, Beyond the Skies of Arabia a Chicken Run: Dawn of the Nugget \u2013 Theme World, ZOMBEYOND a PAC-MAN Impossification Set a ENGLISH GARDEN set.\" \/>\n<meta property=\"og:url\" content=\"https:\/\/begamer.cz\/sk\/produkt\/park-beyond-golden-pass-sk\/\" \/>\n<meta property=\"og:site_name\" content=\"BeGamer.cz\" \/>\n<meta property=\"article:modified_time\" content=\"2026-03-11T08:56:36+00:00\" \/>\n<meta property=\"og:image\" content=\"https:\/\/begamer.cz\/wp-content\/uploads\/2026\/01\/park-beyond-golden-pass-4.webp\" \/>\n\t<meta property=\"og:image:width\" content=\"270\" \/>\n\t<meta property=\"og:image:height\" content=\"360\" \/>\n\t<meta property=\"og:image:type\" content=\"image\/webp\" \/>\n<meta name=\"twitter:card\" content=\"summary_large_image\" \/>\n<meta name=\"twitter:label1\" content=\"Predpokladan\u00fd \u010das \u010d\u00edtania\" \/>\n\t<meta name=\"twitter:data1\" content=\"1 min\u00fata\" \/>\n<script type=\"application\/ld+json\" class=\"yoast-schema-graph\">{\"@context\":\"https:\\\/\\\/schema.org\",\"@graph\":[{\"@type\":\"WebPage\",\"@id\":\"https:\\\/\\\/begamer.cz\\\/sk\\\/produkt\\\/park-beyond-golden-pass-sk\\\/\",\"url\":\"https:\\\/\\\/begamer.cz\\\/sk\\\/produkt\\\/park-beyond-golden-pass-sk\\\/\",\"name\":\"Park Beyond: Golden Pass | BeGamer.cz\",\"isPartOf\":{\"@id\":\"https:\\\/\\\/begamer.cz\\\/sk\\\/#website\"},\"primaryImageOfPage\":{\"@id\":\"https:\\\/\\\/begamer.cz\\\/sk\\\/produkt\\\/park-beyond-golden-pass-sk\\\/#primaryimage\"},\"image\":{\"@id\":\"https:\\\/\\\/begamer.cz\\\/sk\\\/produkt\\\/park-beyond-golden-pass-sk\\\/#primaryimage\"},\"thumbnailUrl\":\"https:\\\/\\\/begamer.cz\\\/wp-content\\\/uploads\\\/2026\\\/01\\\/park-beyond-golden-pass-4.webp\",\"datePublished\":\"2026-01-30T17:34:38+00:00\",\"dateModified\":\"2026-03-11T08:56:36+00:00\",\"breadcrumb\":{\"@id\":\"https:\\\/\\\/begamer.cz\\\/sk\\\/produkt\\\/park-beyond-golden-pass-sk\\\/#breadcrumb\"},\"inLanguage\":\"sk-SK\",\"potentialAction\":[{\"@type\":\"ReadAction\",\"target\":[\"https:\\\/\\\/begamer.cz\\\/sk\\\/produkt\\\/park-beyond-golden-pass-sk\\\/\"]}]},{\"@type\":\"ImageObject\",\"inLanguage\":\"sk-SK\",\"@id\":\"https:\\\/\\\/begamer.cz\\\/sk\\\/produkt\\\/park-beyond-golden-pass-sk\\\/#primaryimage\",\"url\":\"https:\\\/\\\/begamer.cz\\\/wp-content\\\/uploads\\\/2026\\\/01\\\/park-beyond-golden-pass-4.webp\",\"contentUrl\":\"https:\\\/\\\/begamer.cz\\\/wp-content\\\/uploads\\\/2026\\\/01\\\/park-beyond-golden-pass-4.webp\",\"width\":270,\"height\":360},{\"@type\":\"BreadcrumbList\",\"@id\":\"https:\\\/\\\/begamer.cz\\\/sk\\\/produkt\\\/park-beyond-golden-pass-sk\\\/#breadcrumb\",\"itemListElement\":[{\"@type\":\"ListItem\",\"position\":1,\"name\":\"Domov\",\"item\":\"https:\\\/\\\/begamer.cz\\\/sk\\\/\"},{\"@type\":\"ListItem\",\"position\":2,\"name\":\"Obchod\",\"item\":\"https:\\\/\\\/begamer.cz\\\/obchod\\\/\"},{\"@type\":\"ListItem\",\"position\":3,\"name\":\"Park Beyond: Golden Pass\"}]},{\"@type\":\"WebSite\",\"@id\":\"https:\\\/\\\/begamer.cz\\\/sk\\\/#website\",\"url\":\"https:\\\/\\\/begamer.cz\\\/sk\\\/\",\"name\":\"BeGamer.cz\",\"description\":\"\",\"publisher\":{\"@id\":\"https:\\\/\\\/begamer.cz\\\/sk\\\/#organization\"},\"potentialAction\":[{\"@type\":\"SearchAction\",\"target\":{\"@type\":\"EntryPoint\",\"urlTemplate\":\"https:\\\/\\\/begamer.cz\\\/sk\\\/?s={search_term_string}\"},\"query-input\":{\"@type\":\"PropertyValueSpecification\",\"valueRequired\":true,\"valueName\":\"search_term_string\"}}],\"inLanguage\":\"sk-SK\"},{\"@type\":\"Organization\",\"@id\":\"https:\\\/\\\/begamer.cz\\\/sk\\\/#organization\",\"name\":\"BeGamer.cz\",\"url\":\"https:\\\/\\\/begamer.cz\\\/sk\\\/\",\"logo\":{\"@type\":\"ImageObject\",\"inLanguage\":\"sk-SK\",\"@id\":\"https:\\\/\\\/begamer.cz\\\/sk\\\/#\\\/schema\\\/logo\\\/image\\\/\",\"url\":\"https:\\\/\\\/begamer.cz\\\/wp-content\\\/uploads\\\/2025\\\/07\\\/logo.svg\",\"contentUrl\":\"https:\\\/\\\/begamer.cz\\\/wp-content\\\/uploads\\\/2025\\\/07\\\/logo.svg\",\"caption\":\"BeGamer.cz\"},\"image\":{\"@id\":\"https:\\\/\\\/begamer.cz\\\/sk\\\/#\\\/schema\\\/logo\\\/image\\\/\"}}]}<\/script>\n<!-- \/ Yoast SEO plugin. -->","yoast_head_json":{"title":"Park Beyond: Golden Pass | BeGamer.cz","robots":{"index":"index","follow":"follow","max-snippet":"max-snippet:-1","max-image-preview":"max-image-preview:large","max-video-preview":"max-video-preview:-1"},"canonical":"https:\/\/begamer.cz\/sk\/produkt\/park-beyond-golden-pass-sk\/","og_locale":"sk_SK","og_type":"article","og_title":"Park Beyond: Golden Pass | BeGamer.cz","og_description":"Odomknite v\u0161etko, \u010do Park Beyond pon\u00faka! Zah\u0155\u0148a Beyond eXtreme, Beyond the Depths, Beyond the Skies of Arabia a Chicken Run: Dawn of the Nugget \u2013 Theme World, ZOMBEYOND a PAC-MAN Impossification Set a ENGLISH GARDEN set.","og_url":"https:\/\/begamer.cz\/sk\/produkt\/park-beyond-golden-pass-sk\/","og_site_name":"BeGamer.cz","article_modified_time":"2026-03-11T08:56:36+00:00","og_image":[{"width":270,"height":360,"url":"https:\/\/begamer.cz\/wp-content\/uploads\/2026\/01\/park-beyond-golden-pass-4.webp","type":"image\/webp"}],"twitter_card":"summary_large_image","twitter_misc":{"Predpokladan\u00fd \u010das \u010d\u00edtania":"1 min\u00fata"},"schema":{"@context":"https:\/\/schema.org","@graph":[{"@type":"WebPage","@id":"https:\/\/begamer.cz\/sk\/produkt\/park-beyond-golden-pass-sk\/","url":"https:\/\/begamer.cz\/sk\/produkt\/park-beyond-golden-pass-sk\/","name":"Park Beyond: Golden Pass | BeGamer.cz","isPartOf":{"@id":"https:\/\/begamer.cz\/sk\/#website"},"primaryImageOfPage":{"@id":"https:\/\/begamer.cz\/sk\/produkt\/park-beyond-golden-pass-sk\/#primaryimage"},"image":{"@id":"https:\/\/begamer.cz\/sk\/produkt\/park-beyond-golden-pass-sk\/#primaryimage"},"thumbnailUrl":"https:\/\/begamer.cz\/wp-content\/uploads\/2026\/01\/park-beyond-golden-pass-4.webp","datePublished":"2026-01-30T17:34:38+00:00","dateModified":"2026-03-11T08:56:36+00:00","breadcrumb":{"@id":"https:\/\/begamer.cz\/sk\/produkt\/park-beyond-golden-pass-sk\/#breadcrumb"},"inLanguage":"sk-SK","potentialAction":[{"@type":"ReadAction","target":["https:\/\/begamer.cz\/sk\/produkt\/park-beyond-golden-pass-sk\/"]}]},{"@type":"ImageObject","inLanguage":"sk-SK","@id":"https:\/\/begamer.cz\/sk\/produkt\/park-beyond-golden-pass-sk\/#primaryimage","url":"https:\/\/begamer.cz\/wp-content\/uploads\/2026\/01\/park-beyond-golden-pass-4.webp","contentUrl":"https:\/\/begamer.cz\/wp-content\/uploads\/2026\/01\/park-beyond-golden-pass-4.webp","width":270,"height":360},{"@type":"BreadcrumbList","@id":"https:\/\/begamer.cz\/sk\/produkt\/park-beyond-golden-pass-sk\/#breadcrumb","itemListElement":[{"@type":"ListItem","position":1,"name":"Domov","item":"https:\/\/begamer.cz\/sk\/"},{"@type":"ListItem","position":2,"name":"Obchod","item":"https:\/\/begamer.cz\/obchod\/"},{"@type":"ListItem","position":3,"name":"Park Beyond: Golden Pass"}]},{"@type":"WebSite","@id":"https:\/\/begamer.cz\/sk\/#website","url":"https:\/\/begamer.cz\/sk\/","name":"BeGamer.cz","description":"","publisher":{"@id":"https:\/\/begamer.cz\/sk\/#organization"},"potentialAction":[{"@type":"SearchAction","target":{"@type":"EntryPoint","urlTemplate":"https:\/\/begamer.cz\/sk\/?s={search_term_string}"},"query-input":{"@type":"PropertyValueSpecification","valueRequired":true,"valueName":"search_term_string"}}],"inLanguage":"sk-SK"},{"@type":"Organization","@id":"https:\/\/begamer.cz\/sk\/#organization","name":"BeGamer.cz","url":"https:\/\/begamer.cz\/sk\/","logo":{"@type":"ImageObject","inLanguage":"sk-SK","@id":"https:\/\/begamer.cz\/sk\/#\/schema\/logo\/image\/","url":"https:\/\/begamer.cz\/wp-content\/uploads\/2025\/07\/logo.svg","contentUrl":"https:\/\/begamer.cz\/wp-content\/uploads\/2025\/07\/logo.svg","caption":"BeGamer.cz"},"image":{"@id":"https:\/\/begamer.cz\/sk\/#\/schema\/logo\/image\/"}}]}},"acf":[],"_links":{"self":[{"href":"https:\/\/begamer.cz\/sk\/wp-json\/wp\/v2\/product\/101696","targetHints":{"allow":["GET"]}}],"collection":[{"href":"https:\/\/begamer.cz\/sk\/wp-json\/wp\/v2\/product"}],"about":[{"href":"https:\/\/begamer.cz\/sk\/wp-json\/wp\/v2\/types\/product"}],"replies":[{"embeddable":true,"href":"https:\/\/begamer.cz\/sk\/wp-json\/wp\/v2\/comments?post=101696"}],"wp:featuredmedia":[{"embeddable":true,"href":"https:\/\/begamer.cz\/sk\/wp-json\/wp\/v2\/media\/83515"}],"wp:attachment":[{"href":"https:\/\/begamer.cz\/sk\/wp-json\/wp\/v2\/media?parent=101696"}],"wp:term":[{"taxonomy":"product_brand","embeddable":true,"href":"https:\/\/begamer.cz\/sk\/wp-json\/wp\/v2\/product_brand?post=101696"},{"taxonomy":"product_cat","embeddable":true,"href":"https:\/\/begamer.cz\/sk\/wp-json\/wp\/v2\/product_cat?post=101696"},{"taxonomy":"product_tag","embeddable":true,"href":"https:\/\/begamer.cz\/sk\/wp-json\/wp\/v2\/product_tag?post=101696"}],"curies":[{"name":"wp","href":"https:\/\/api.w.org\/{rel}","templated":true}]}}