{"id":101684,"date":"2026-01-30T18:34:26","date_gmt":"2026-01-30T17:34:26","guid":{"rendered":"https:\/\/begamer.cz\/produkt\/the-last-of-us-part-ii-remastered-sk\/"},"modified":"2026-03-11T09:55:58","modified_gmt":"2026-03-11T08:55:58","slug":"the-last-of-us-part-ii-remastered-sk","status":"publish","type":"product","link":"https:\/\/begamer.cz\/sk\/produkt\/the-last-of-us-part-ii-remastered-sk\/","title":{"rendered":"The Last of Us Part II Remastered"},"content":{"rendered":"<h1>O hre<\/h1>\n<p class=\"bb_paragraph\" >Ed\u00edcia obsahuje: <\/p>\n<ul class=\"bb_ul\">\n<li>\n<p class=\"bb_paragraph\" >The Last of Us Part II Remastered<\/p>\n<\/li>\n<\/ul>\n<h2 class=\"bb_tag\" >ELLIE &amp; ABBY\u2019S JOURNEY TERAZ NA PC<\/h2>\n<p class=\"bb_paragraph\" ><span class=\"bb_img_ctn\"><video class=\"bb_img\" autoplay muted loop playsinline poster=\"https:\/\/shared.akamai.steamstatic.com\/store_item_assets\/steam\/apps\/2531310\/extras\/43682adec103443d0e707fe5fbd65eb6.poster.avif?t=1750959180\" width=616 height=348 ><source src=\"https:\/\/shared.akamai.steamstatic.com\/store_item_assets\/steam\/apps\/2531310\/extras\/43682adec103443d0e707fe5fbd65eb6.webm?t=1750959180\" type=\"video\/webm; codecs=vp9\"><source src=\"https:\/\/shared.akamai.steamstatic.com\/store_item_assets\/steam\/apps\/2531310\/extras\/43682adec103443d0e707fe5fbd65eb6.mp4?t=1750959180\" type=\"video\/mp4\"><\/video><\/span><\/p>\n<p class=\"bb_paragraph\" >\n<p class=\"bb_paragraph\" >Za\u017eite v\u00ed\u0165aza viac ako 300 ocenen\u00ed Hra roka teraz s radom technick\u00fdch vylep\u0161en\u00ed, ktor\u00e9 robia z The Last of Us Part II Remastered definit\u00edvny sp\u00f4sob, ako hra\u0165 kriticky uzn\u00e1van\u00fd pr\u00edbeh Ellie a Abby.<\/p>\n<p class=\"bb_paragraph\" ><span class=\"bb_img_ctn\"><video class=\"bb_img\" autoplay muted loop playsinline poster=\"https:\/\/shared.akamai.steamstatic.com\/store_item_assets\/steam\/apps\/2531310\/extras\/01431d6ea9b1dd454310da5d014fe7a1.poster.avif?t=1750959180\" width=616 height=348 ><source src=\"https:\/\/shared.akamai.steamstatic.com\/store_item_assets\/steam\/apps\/2531310\/extras\/01431d6ea9b1dd454310da5d014fe7a1.webm?t=1750959180\" type=\"video\/webm; codecs=vp9\"><source src=\"https:\/\/shared.akamai.steamstatic.com\/store_item_assets\/steam\/apps\/2531310\/extras\/01431d6ea9b1dd454310da5d014fe7a1.mp4?t=1750959180\" type=\"video\/mp4\"><\/video><\/span><\/p>\n<p class=\"bb_paragraph\" >\n<p class=\"bb_paragraph\" >P\u00e4\u0165 rokov po nebezpe\u010dnej ceste cez Spojen\u00e9 \u0161t\u00e1ty po pand\u00e9mii sa Ellie a Joel usadili v Jackson, Wyoming. \u017divot v prosperuj\u00facej komunite pre\u017eiv\u0161\u00edch im priniesol mier a stabilitu, napriek neust\u00e1lej hrozbe infikovan\u00fdch a in\u00fdch, z\u00fafalej\u0161\u00edch pre\u017eiv\u0161\u00edch. Ke\u010f n\u00e1siln\u00e1 udalos\u0165 naru\u0161\u00ed tento mier, Ellie sa vyd\u00e1 na ne\u00faprosn\u00fa cestu, aby vykonala spravodlivos\u0165 a na\u0161la uzavretie.<\/p>\n<p class=\"bb_paragraph\" ><span class=\"bb_img_ctn\"><img decoding=\"async\" class=\"bb_img\" src=\"https:\/\/shared.akamai.steamstatic.com\/store_item_assets\/steam\/apps\/2531310\/extras\/08538d40573b210d6f66a8da75ecb471.avif?t=1750959180\" data-has-big width=800 height=450 \/><\/span><\/p>\n<p class=\"bb_paragraph\" >\n<p class=\"bb_paragraph\" ><strong>Pridan\u00e9 funkcie<\/strong><\/p>\n<p class=\"bb_paragraph\" ><span class=\"bb_img_ctn\"><video class=\"bb_img\" autoplay muted loop playsinline poster=\"https:\/\/shared.akamai.steamstatic.com\/store_item_assets\/steam\/apps\/2531310\/extras\/b2ab32315cac17adf142713141357abf.poster.avif?t=1750959180\" width=616 height=348 ><source src=\"https:\/\/shared.akamai.steamstatic.com\/store_item_assets\/steam\/apps\/2531310\/extras\/b2ab32315cac17adf142713141357abf.webm?t=1750959180\" type=\"video\/webm; codecs=vp9\"><source src=\"https:\/\/shared.akamai.steamstatic.com\/store_item_assets\/steam\/apps\/2531310\/extras\/b2ab32315cac17adf142713141357abf.mp4?t=1750959180\" type=\"video\/mp4\"><\/video><\/span><\/p>\n<p class=\"bb_paragraph\" >\n<p class=\"bb_paragraph\" >The Last of Us Part II Remastered vylep\u0161uje p\u00f4vodn\u00fa hru sp\u00f4sobmi, ktor\u00e9 predt\u00fdm neboli mo\u017en\u00e9, vr\u00e1tane k\u013e\u00fa\u010dov\u00fdch funkci\u00ed pre PC:  <\/p>\n<ul class=\"bb_ul\">\n<li>\n<p class=\"bb_paragraph\" >Mno\u017estvo grafick\u00fdch vylep\u0161en\u00ed o\u017eivuje kr\u00e1sny, ale nebezpe\u010dn\u00fd svet.  <\/p>\n<\/li>\n<\/ul>\n<ul class=\"bb_ul\">\n<li>\n<p class=\"bb_paragraph\" >Pln\u00e1 integr\u00e1cia ovl\u00e1da\u010da PlayStation\u00ae DualSense s adapt\u00edvnou sp\u00fa\u0161\u0165ou a haptickou odozvou.\u00b9<\/p>\n<\/li>\n<\/ul>\n<p class=\"bb_paragraph\" >\n<p class=\"bb_paragraph\" ><span class=\"bb_img_ctn\"><video class=\"bb_img\" autoplay muted loop playsinline poster=\"https:\/\/shared.akamai.steamstatic.com\/store_item_assets\/steam\/apps\/2531310\/extras\/80867f8b186c92c64123de8b5b134ee3.poster.avif?t=1750959180\" width=616 height=348 ><source src=\"https:\/\/shared.akamai.steamstatic.com\/store_item_assets\/steam\/apps\/2531310\/extras\/80867f8b186c92c64123de8b5b134ee3.webm?t=1750959180\" type=\"video\/webm; codecs=vp9\"><source src=\"https:\/\/shared.akamai.steamstatic.com\/store_item_assets\/steam\/apps\/2531310\/extras\/80867f8b186c92c64123de8b5b134ee3.mp4?t=1750959180\" type=\"video\/mp4\"><\/video><\/span><\/p>\n<p class=\"bb_paragraph\" >\n<ul class=\"bb_ul\">\n<li>\n<p class=\"bb_paragraph\" >Z\u00edskavajte a zbierajte vzru\u0161uj\u00face \u00faspechy na Steame, ako postupujete v hre.<\/p>\n<\/li>\n<\/ul>\n<ul class=\"bb_ul\">\n<li>\n<p class=\"bb_paragraph\" >Podpora \u0161irokouhl\u00e9ho a ultra\u0161irok\u00e9ho zobrazenia.\u00b2<\/p>\n<\/li>\n<\/ul>\n<p class=\"bb_paragraph\" >\n<p class=\"bb_paragraph\" ><span class=\"bb_img_ctn\"><video class=\"bb_img\" autoplay muted loop playsinline poster=\"https:\/\/shared.akamai.steamstatic.com\/store_item_assets\/steam\/apps\/2531310\/extras\/6bfdb8bb1b91890822664a4f32387287.poster.avif?t=1750959180\" width=616 height=348 ><source src=\"https:\/\/shared.akamai.steamstatic.com\/store_item_assets\/steam\/apps\/2531310\/extras\/6bfdb8bb1b91890822664a4f32387287.webm?t=1750959180\" type=\"video\/webm; codecs=vp9\"><source src=\"https:\/\/shared.akamai.steamstatic.com\/store_item_assets\/steam\/apps\/2531310\/extras\/6bfdb8bb1b91890822664a4f32387287.mp4?t=1750959180\" type=\"video\/mp4\"><\/video><\/span><\/p>\n<p class=\"bb_paragraph\" >\n<ul class=\"bb_ul\">\n<li>\n<p class=\"bb_paragraph\" >Podpora HDR.\u00b3<\/p>\n<\/li>\n<li>\n<p class=\"bb_paragraph\" >Ponuka PC displeja a grafiky pre \u0161k\u00e1lovate\u013enos\u0165.<\/p>\n<\/li>\n<li>\n<p class=\"bb_paragraph\" >Podpora DirectStorage. <\/p>\n<\/li>\n<li>\n<p class=\"bb_paragraph\" ><strong>Grafika optimalizovan\u00e1 pre PC<\/strong><\/p>\n<p class=\"bb_paragraph\" >Technol\u00f3gie zvy\u0161uj\u00face v\u00fdkon, vr\u00e1tane NVIDIA DLSS 3, AMD FSR 3.1 a AMD FSR 4.0 s upscalingom a generovan\u00edm sn\u00edmok. Podporuje sa aj Intel XeSS\u2074<\/p>\n<\/li>\n<li>\n<p class=\"bb_paragraph\" ><strong>Pln\u00e1 podpora gamepadu<\/strong><\/p>\n<p class=\"bb_paragraph\" >Nastavte ovl\u00e1dacie prvky pod\u013ea svojich preferenci\u00ed, aby ste mali po\u010das hry plynul\u00fd a intuit\u00edvny z\u00e1\u017eitok.<\/p>\n<\/li>\n<li>\n<p class=\"bb_paragraph\" ><strong>Priradenie my\u0161i a kl\u00e1vesnice<\/strong><\/p>\n<p class=\"bb_paragraph\" >Z\u00edskajte pln\u00fa kontrolu a zabezpe\u010dte si personalizovan\u00fd hern\u00fd z\u00e1\u017eitok prisp\u00f4soben\u00edm mapovania my\u0161i a kl\u00e1vesnice svojmu \u0161t\u00fdlu hry.<\/p>\n<\/li>\n<li>\n<p class=\"bb_paragraph\" ><strong>Podpora prekrytia PlayStation\u00ae a trofej\u00ed<\/strong><\/p>\n<p class=\"bb_paragraph\" >Prehr\u00e1vanie PlayStation je k dispoz\u00edcii pre hr\u00e1\u010dov s Windows PC, ktor\u00ed maj\u00fa \u00fa\u010det v sieti PlayStation Network, aby mohli z\u00edska\u0165 trofeje PlayStation a pr\u00edstup k zoznamom priate\u013eov, nastaveniam a profilu hr\u00e1\u010da.<\/p>\n<\/li>\n<\/ul>\n<p class=\"bb_paragraph\" >\n<p class=\"bb_paragraph\" ><strong>No Return \u2013 Roguelike re\u017eim pre\u017eitia<\/strong><\/p>\n<p class=\"bb_paragraph\" ><span class=\"bb_img_ctn\"><img decoding=\"async\" class=\"bb_img\" src=\"https:\/\/shared.akamai.steamstatic.com\/store_item_assets\/steam\/apps\/2531310\/extras\/fad1c1e32d79ffd9bab0f8faa6e6131b.avif?t=1750959180\" data-has-big width=800 height=450 \/><\/span><\/p>\n<p class=\"bb_paragraph\" >\n<p class=\"bb_paragraph\" >Za\u017eite hlbok\u00fd boj v hre The Last of Us Part II prostredn\u00edctvom \u00faplne nov\u00e9ho re\u017eimu! Pre\u017eite \u010do najdlh\u0161ie v ka\u017edom kole, ke\u010f si vyber\u00e1te svoju cestu cez s\u00e9riu n\u00e1hodn\u00fdch stretnut\u00ed. Hrajte za mno\u017estvo r\u00f4znych odomknute\u013en\u00fdch post\u00e1v, z ktor\u00fdch ka\u017ed\u00e1 m\u00e1 jedine\u010dn\u00e9 hern\u00e9 vlastnosti. Rozmanitos\u0165 v\u00fdziev pon\u00faka r\u00f4znych nepriate\u013eov a nezabudnute\u013en\u00e9 lokality z celej \u010dasti II, ktor\u00e9 vyvrcholia nap\u00ednav\u00fdmi s\u00fabojmi s bossmi.<\/p>\n<p class=\"bb_paragraph\" ><span class=\"bb_img_ctn\"><img decoding=\"async\" class=\"bb_img\" src=\"https:\/\/shared.akamai.steamstatic.com\/store_item_assets\/steam\/apps\/2531310\/extras\/79d92c3994690c7e990c5c5d3c7e5b96.avif?t=1750959180\" data-has-big width=800 height=450 \/><\/span><\/p>\n<ul class=\"bb_ul\">\n<li>\n<p class=\"bb_paragraph\" >S\u00fa zahrnut\u00e9 dve nov\u00e9 odomknute\u013en\u00e9 postavy No Return<\/p>\n<\/li>\n<\/ul>\n<ul class=\"bb_ul\">\n<li>\n<p class=\"bb_paragraph\" >\u0160tyri nov\u00e9 odomknute\u013en\u00e9 mapy, ktor\u00e9 v\u00e1s vyzv\u00fa na s\u00faboj<\/p>\n<\/li>\n<\/ul>\n<p class=\"bb_paragraph\" >\n<p class=\"bb_paragraph\" ><span class=\"bb_img_ctn\"><img decoding=\"async\" class=\"bb_img\" src=\"https:\/\/shared.akamai.steamstatic.com\/store_item_assets\/steam\/apps\/2531310\/extras\/412ed90bf1735242bfd9432166d63b19.avif?t=1750959180\" data-has-big width=800 height=450 \/><\/span><\/p>\n<p class=\"bb_paragraph\" >\n<p class=\"bb_paragraph\" ><strong>Viac sp\u00f4sobov hrania<\/strong> <\/p>\n<p class=\"bb_paragraph\" ><span class=\"bb_img_ctn\"><video class=\"bb_img\" autoplay muted loop playsinline poster=\"https:\/\/shared.akamai.steamstatic.com\/store_item_assets\/steam\/apps\/2531310\/extras\/b43b369dd19f9a289b6823ebeaf2df22.poster.avif?t=1750959180\" width=616 height=348 ><source src=\"https:\/\/shared.akamai.steamstatic.com\/store_item_assets\/steam\/apps\/2531310\/extras\/b43b369dd19f9a289b6823ebeaf2df22.webm?t=1750959180\" type=\"video\/webm; codecs=vp9\"><source src=\"https:\/\/shared.akamai.steamstatic.com\/store_item_assets\/steam\/apps\/2531310\/extras\/b43b369dd19f9a289b6823ebeaf2df22.mp4?t=1750959180\" type=\"video\/mp4\"><\/video><\/span><\/p>\n<p class=\"bb_paragraph\" >\n<ul class=\"bb_ul\">\n<li>\n<p class=\"bb_paragraph\" >Ponorte sa hlb\u0161ie do tohto ob\u013e\u00faben\u00e9ho dobrodru\u017estva a zistite, ako vznikla p\u00f4vodn\u00e1 hra. <\/p>\n<\/li>\n<li>\n<p class=\"bb_paragraph\" >Lost Levels v\u00e1m umo\u017e\u0148uje presk\u00fama\u0165 ran\u00e9 v\u00fdvojov\u00e9 verzie troch \u00farovn\u00ed, ktor\u00e9 sa v origin\u00e1li neobjavili.  <\/p>\n<\/li>\n<li>\n<p class=\"bb_paragraph\" >Vychutnajte si hodiny koment\u00e1rov v\u00fdvoj\u00e1rov, v ktor\u00fdch sa dozviete zauj\u00edmavosti o v\u00fdvoji \u010dasti II, zatia\u013e \u010do hru pre\u017e\u00edvate.  <\/p>\n<\/li>\n<li>\n<p class=\"bb_paragraph\" >Vyu\u017eitie svojho hudobn\u00e9ho potenci\u00e1lu s Guitar Free Play, ktor\u00fd obsahuje odomknute\u013en\u00e9 n\u00e1stroje, alebo si vysk\u00fa\u0161ajte re\u017eim Speedrun Mode\u2075 a zverejnite svoje najlep\u0161ie \u010dasy.  <\/p>\n<\/li>\n<li>\n<p class=\"bb_paragraph\" >Do s\u00faboru funkci\u00ed pr\u00edstupnosti \u010dasti II boli pridan\u00e9 aj funkcie Descriptive Audio\u2076 a Speech to Vibrations\u00b9. <\/p>\n<\/li>\n<li>\n<p class=\"bb_paragraph\" >The Last of Us Part II Remastered pon\u00faka aj odomykate\u013en\u00e9 skiny post\u00e1v a zbran\u00ed, ktor\u00e9 m\u00f4\u017eu hr\u00e1\u010di pou\u017ei\u0165 pre Ellie aj Abby.<\/p>\n<\/li>\n<\/ul>\n<p class=\"bb_paragraph\" >\n<p class=\"bb_paragraph\" >\u00b9 Na vyu\u017e\u00edvanie v\u0161etk\u00fdch funkci\u00ed ovl\u00e1da\u010da DualSense v hre je potrebn\u00e9 k\u00e1blov\u00e9 pripojenie. <\/p>\n<p class=\"bb_paragraph\" >\u00b2Vy\u017eaduje kompatibiln\u00fd PC a zobrazovacie zariadenie. <\/p>\n<p class=\"bb_paragraph\" >\u00b3Vy\u017eaduje kompatibiln\u00fd PC a HDR zobrazovacie zariadenie. <\/p>\n<p class=\"bb_paragraph\" >\u2074Vy\u017eaduje kompatibiln\u00fd PC a grafick\u00fa kartu. <\/p>\n<p class=\"bb_paragraph\" >\u2075Na odomknutie je potrebn\u00fd postup v hre. <\/p>\n<p class=\"bb_paragraph\" >\u2076K dispoz\u00edcii len pre jazyky s podporou zvuku. <\/p>\n","protected":false},"excerpt":{"rendered":"<p>Za\u017eite v\u00ed\u0165aza viac ako 300 ocenen\u00ed Hra roka, teraz na PC. Objavte pr\u00edbeh Ellie a Abby s grafick\u00fdmi vylep\u0161eniami, hern\u00fdmi re\u017eimami, ako je roguelike survival z\u00e1\u017eitok No Return, a \u010fal\u0161\u00edmi.<\/p>\n","protected":false},"featured_media":38980,"comment_status":"open","ping_status":"closed","template":"","meta":{"_acf_changed":false},"product_brand":[],"product_cat":[270,268,266,312,9064],"product_tag":[],"class_list":{"0":"post-101684","1":"product","2":"type-product","3":"status-publish","4":"has-post-thumbnail","6":"product_cat-adventury-pc-hry-sk","7":"product_cat-pc-sk","8":"product_cat-pc-hry-sk","9":"product_cat-steam-pc-sk","10":"product_cat-strielacky-3","11":"pa_audio-de-de","12":"pa_audio-en-us","13":"pa_audio-es-es","14":"pa_audio-es-mx","15":"pa_audio-fr-fr","16":"pa_audio-it-it","17":"pa_audio-ja-jp","18":"pa_audio-pl-pl","19":"pa_audio-pt-br","20":"pa_audio-pt-pt","22":"pa_audio-ru-ru","23":"pa_audio-tr-tr","24":"pa_countries-ae","25":"pa_countries-as","26":"pa_countries-at","27":"pa_countries-au","28":"pa_countries-be","29":"pa_countries-bg","30":"pa_countries-bh","31":"pa_countries-bl","32":"pa_countries-ch","33":"pa_countries-cu","34":"pa_countries-cy","35":"pa_countries-cz","36":"pa_countries-de","37":"pa_countries-dk","38":"pa_countries-es","39":"pa_countries-fi","40":"pa_countries-fr","41":"pa_countries-gb","42":"pa_countries-gr","43":"pa_countries-gu","44":"pa_countries-hr","45":"pa_countries-hu","46":"pa_countries-ie","47":"pa_countries-il","48":"pa_countries-ir","49":"pa_countries-is","50":"pa_countries-it","51":"pa_countries-km","52":"pa_countries-kp","53":"pa_countries-kw","54":"pa_countries-ky","55":"pa_countries-lu","56":"pa_countries-mf","57":"pa_countries-mp","58":"pa_countries-mt","59":"pa_countries-nl","60":"pa_countries-no","61":"pa_countries-nz","62":"pa_countries-om","63":"pa_countries-pl","64":"pa_countries-pr","65":"pa_countries-pt","66":"pa_countries-qa","67":"pa_countries-ro","68":"pa_countries-sa","69":"pa_countries-se","70":"pa_countries-si","71":"pa_countries-sk","72":"pa_countries-sy","73":"pa_countries-sz","74":"pa_countries-tl","75":"pa_countries-vi","76":"pa_countries-xk","78":"pa_developer-iron-galaxy-studios","79":"pa_developer-naughty-dog","80":"pa_developer-nixxes-software","82":"pa_engine-naughty-dog-engine","84":"pa_franchises-the-last-of-us","86":"pa_game_type-remaster","88":"pa_genres-adventure","90":"pa_genres-shooter","91":"pa_interface-cs-cz","92":"pa_interface-da-dk","93":"pa_interface-de-de","94":"pa_interface-en-us","95":"pa_interface-es-es","96":"pa_interface-es-mx","97":"pa_interface-fi-fi","98":"pa_interface-fr-fr","99":"pa_interface-hu-hu","100":"pa_interface-it-it","101":"pa_interface-ja-jp","102":"pa_interface-ko-kr","103":"pa_interface-nb-no","105":"pa_interface-nl-nl","106":"pa_interface-pl-pl","107":"pa_interface-pt-br","108":"pa_interface-pt-pt","109":"pa_interface-ru-ru","110":"pa_interface-sv-se","111":"pa_interface-th-th","112":"pa_interface-tr-tr","113":"pa_interface-zh-cn","114":"pa_interface-zh-tw","115":"pa_keywords-controller-support","116":"pa_keywords-post-apocalyptic","118":"pa_keywords-steam-deck","119":"pa_modes-single-player","121":"pa_pegi-13426","122":"pa_pegi-794","123":"pa_platform-pc-steam","125":"pa_player_perspectives-third-person","127":"pa_publisher-sony-interactive-entertainment","129":"pa_rating-14502","130":"pa_rating-1318","131":"pa_region-row","133":"pa_subtitles-cs-cz","134":"pa_subtitles-da-dk","135":"pa_subtitles-de-de","136":"pa_subtitles-en-us","137":"pa_subtitles-es-es","138":"pa_subtitles-es-mx","139":"pa_subtitles-fi-fi","140":"pa_subtitles-fr-fr","141":"pa_subtitles-hu-hu","142":"pa_subtitles-it-it","143":"pa_subtitles-ja-jp","144":"pa_subtitles-ko-kr","145":"pa_subtitles-nb-no","147":"pa_subtitles-nl-nl","148":"pa_subtitles-pl-pl","149":"pa_subtitles-pt-br","150":"pa_subtitles-pt-pt","151":"pa_subtitles-ru-ru","152":"pa_subtitles-sv-se","153":"pa_subtitles-th-th","154":"pa_subtitles-tr-tr","155":"pa_subtitles-zh-cn","156":"pa_subtitles-zh-tw","157":"pa_themes-action","158":"pa_themes-horror","159":"pa_themes-stealth","161":"pa_themes-survival","163":"first","164":"outofstock","165":"virtual","166":"taxable","167":"purchasable","168":"product-type-simple"},"yoast_head":"<!-- This site is optimized with the Yoast SEO plugin v27.3 - https:\/\/yoast.com\/product\/yoast-seo-wordpress\/ -->\n<title>The Last of Us Part II Remastered | BeGamer.cz<\/title>\n<meta name=\"robots\" content=\"index, follow, max-snippet:-1, max-image-preview:large, max-video-preview:-1\" \/>\n<link rel=\"canonical\" href=\"https:\/\/begamer.cz\/sk\/produkt\/the-last-of-us-part-ii-remastered-sk\/\" \/>\n<meta property=\"og:locale\" content=\"sk_SK\" \/>\n<meta property=\"og:type\" content=\"article\" \/>\n<meta property=\"og:title\" content=\"The Last of Us Part II Remastered | BeGamer.cz\" \/>\n<meta property=\"og:description\" content=\"Za\u017eite v\u00ed\u0165aza viac ako 300 ocenen\u00ed Hra roka, teraz na PC. Objavte pr\u00edbeh Ellie a Abby s grafick\u00fdmi vylep\u0161eniami, hern\u00fdmi re\u017eimami, ako je roguelike survival z\u00e1\u017eitok No Return, a \u010fal\u0161\u00edmi.\" \/>\n<meta property=\"og:url\" content=\"https:\/\/begamer.cz\/sk\/produkt\/the-last-of-us-part-ii-remastered-sk\/\" \/>\n<meta property=\"og:site_name\" content=\"BeGamer.cz\" \/>\n<meta property=\"article:modified_time\" content=\"2026-03-11T08:55:58+00:00\" \/>\n<meta property=\"og:image\" content=\"https:\/\/begamer.cz\/wp-content\/uploads\/2026\/01\/the-last-of-us-part-ii-remastered-20.webp\" \/>\n\t<meta property=\"og:image:width\" content=\"300\" \/>\n\t<meta property=\"og:image:height\" content=\"400\" \/>\n\t<meta property=\"og:image:type\" content=\"image\/webp\" \/>\n<meta name=\"twitter:card\" content=\"summary_large_image\" \/>\n<meta name=\"twitter:label1\" content=\"Predpokladan\u00fd \u010das \u010d\u00edtania\" \/>\n\t<meta name=\"twitter:data1\" content=\"3 min\u00faty\" \/>\n<script type=\"application\/ld+json\" class=\"yoast-schema-graph\">{\"@context\":\"https:\\\/\\\/schema.org\",\"@graph\":[{\"@type\":\"WebPage\",\"@id\":\"https:\\\/\\\/begamer.cz\\\/sk\\\/produkt\\\/the-last-of-us-part-ii-remastered-sk\\\/\",\"url\":\"https:\\\/\\\/begamer.cz\\\/sk\\\/produkt\\\/the-last-of-us-part-ii-remastered-sk\\\/\",\"name\":\"The Last of Us Part II Remastered | BeGamer.cz\",\"isPartOf\":{\"@id\":\"https:\\\/\\\/begamer.cz\\\/sk\\\/#website\"},\"primaryImageOfPage\":{\"@id\":\"https:\\\/\\\/begamer.cz\\\/sk\\\/produkt\\\/the-last-of-us-part-ii-remastered-sk\\\/#primaryimage\"},\"image\":{\"@id\":\"https:\\\/\\\/begamer.cz\\\/sk\\\/produkt\\\/the-last-of-us-part-ii-remastered-sk\\\/#primaryimage\"},\"thumbnailUrl\":\"https:\\\/\\\/begamer.cz\\\/wp-content\\\/uploads\\\/2026\\\/01\\\/the-last-of-us-part-ii-remastered-20.webp\",\"datePublished\":\"2026-01-30T17:34:26+00:00\",\"dateModified\":\"2026-03-11T08:55:58+00:00\",\"breadcrumb\":{\"@id\":\"https:\\\/\\\/begamer.cz\\\/sk\\\/produkt\\\/the-last-of-us-part-ii-remastered-sk\\\/#breadcrumb\"},\"inLanguage\":\"sk-SK\",\"potentialAction\":[{\"@type\":\"ReadAction\",\"target\":[\"https:\\\/\\\/begamer.cz\\\/sk\\\/produkt\\\/the-last-of-us-part-ii-remastered-sk\\\/\"]}]},{\"@type\":\"ImageObject\",\"inLanguage\":\"sk-SK\",\"@id\":\"https:\\\/\\\/begamer.cz\\\/sk\\\/produkt\\\/the-last-of-us-part-ii-remastered-sk\\\/#primaryimage\",\"url\":\"https:\\\/\\\/begamer.cz\\\/wp-content\\\/uploads\\\/2026\\\/01\\\/the-last-of-us-part-ii-remastered-20.webp\",\"contentUrl\":\"https:\\\/\\\/begamer.cz\\\/wp-content\\\/uploads\\\/2026\\\/01\\\/the-last-of-us-part-ii-remastered-20.webp\",\"width\":300,\"height\":400},{\"@type\":\"BreadcrumbList\",\"@id\":\"https:\\\/\\\/begamer.cz\\\/sk\\\/produkt\\\/the-last-of-us-part-ii-remastered-sk\\\/#breadcrumb\",\"itemListElement\":[{\"@type\":\"ListItem\",\"position\":1,\"name\":\"Domov\",\"item\":\"https:\\\/\\\/begamer.cz\\\/sk\\\/\"},{\"@type\":\"ListItem\",\"position\":2,\"name\":\"Obchod\",\"item\":\"https:\\\/\\\/begamer.cz\\\/obchod\\\/\"},{\"@type\":\"ListItem\",\"position\":3,\"name\":\"The Last of Us Part II Remastered\"}]},{\"@type\":\"WebSite\",\"@id\":\"https:\\\/\\\/begamer.cz\\\/sk\\\/#website\",\"url\":\"https:\\\/\\\/begamer.cz\\\/sk\\\/\",\"name\":\"BeGamer.cz\",\"description\":\"\",\"publisher\":{\"@id\":\"https:\\\/\\\/begamer.cz\\\/sk\\\/#organization\"},\"potentialAction\":[{\"@type\":\"SearchAction\",\"target\":{\"@type\":\"EntryPoint\",\"urlTemplate\":\"https:\\\/\\\/begamer.cz\\\/sk\\\/?s={search_term_string}\"},\"query-input\":{\"@type\":\"PropertyValueSpecification\",\"valueRequired\":true,\"valueName\":\"search_term_string\"}}],\"inLanguage\":\"sk-SK\"},{\"@type\":\"Organization\",\"@id\":\"https:\\\/\\\/begamer.cz\\\/sk\\\/#organization\",\"name\":\"BeGamer.cz\",\"url\":\"https:\\\/\\\/begamer.cz\\\/sk\\\/\",\"logo\":{\"@type\":\"ImageObject\",\"inLanguage\":\"sk-SK\",\"@id\":\"https:\\\/\\\/begamer.cz\\\/sk\\\/#\\\/schema\\\/logo\\\/image\\\/\",\"url\":\"https:\\\/\\\/begamer.cz\\\/wp-content\\\/uploads\\\/2025\\\/07\\\/logo.svg\",\"contentUrl\":\"https:\\\/\\\/begamer.cz\\\/wp-content\\\/uploads\\\/2025\\\/07\\\/logo.svg\",\"caption\":\"BeGamer.cz\"},\"image\":{\"@id\":\"https:\\\/\\\/begamer.cz\\\/sk\\\/#\\\/schema\\\/logo\\\/image\\\/\"}}]}<\/script>\n<!-- \/ Yoast SEO plugin. -->","yoast_head_json":{"title":"The Last of Us Part II Remastered | BeGamer.cz","robots":{"index":"index","follow":"follow","max-snippet":"max-snippet:-1","max-image-preview":"max-image-preview:large","max-video-preview":"max-video-preview:-1"},"canonical":"https:\/\/begamer.cz\/sk\/produkt\/the-last-of-us-part-ii-remastered-sk\/","og_locale":"sk_SK","og_type":"article","og_title":"The Last of Us Part II Remastered | BeGamer.cz","og_description":"Za\u017eite v\u00ed\u0165aza viac ako 300 ocenen\u00ed Hra roka, teraz na PC. Objavte pr\u00edbeh Ellie a Abby s grafick\u00fdmi vylep\u0161eniami, hern\u00fdmi re\u017eimami, ako je roguelike survival z\u00e1\u017eitok No Return, a \u010fal\u0161\u00edmi.","og_url":"https:\/\/begamer.cz\/sk\/produkt\/the-last-of-us-part-ii-remastered-sk\/","og_site_name":"BeGamer.cz","article_modified_time":"2026-03-11T08:55:58+00:00","og_image":[{"width":300,"height":400,"url":"https:\/\/begamer.cz\/wp-content\/uploads\/2026\/01\/the-last-of-us-part-ii-remastered-20.webp","type":"image\/webp"}],"twitter_card":"summary_large_image","twitter_misc":{"Predpokladan\u00fd \u010das \u010d\u00edtania":"3 min\u00faty"},"schema":{"@context":"https:\/\/schema.org","@graph":[{"@type":"WebPage","@id":"https:\/\/begamer.cz\/sk\/produkt\/the-last-of-us-part-ii-remastered-sk\/","url":"https:\/\/begamer.cz\/sk\/produkt\/the-last-of-us-part-ii-remastered-sk\/","name":"The Last of Us Part II Remastered | BeGamer.cz","isPartOf":{"@id":"https:\/\/begamer.cz\/sk\/#website"},"primaryImageOfPage":{"@id":"https:\/\/begamer.cz\/sk\/produkt\/the-last-of-us-part-ii-remastered-sk\/#primaryimage"},"image":{"@id":"https:\/\/begamer.cz\/sk\/produkt\/the-last-of-us-part-ii-remastered-sk\/#primaryimage"},"thumbnailUrl":"https:\/\/begamer.cz\/wp-content\/uploads\/2026\/01\/the-last-of-us-part-ii-remastered-20.webp","datePublished":"2026-01-30T17:34:26+00:00","dateModified":"2026-03-11T08:55:58+00:00","breadcrumb":{"@id":"https:\/\/begamer.cz\/sk\/produkt\/the-last-of-us-part-ii-remastered-sk\/#breadcrumb"},"inLanguage":"sk-SK","potentialAction":[{"@type":"ReadAction","target":["https:\/\/begamer.cz\/sk\/produkt\/the-last-of-us-part-ii-remastered-sk\/"]}]},{"@type":"ImageObject","inLanguage":"sk-SK","@id":"https:\/\/begamer.cz\/sk\/produkt\/the-last-of-us-part-ii-remastered-sk\/#primaryimage","url":"https:\/\/begamer.cz\/wp-content\/uploads\/2026\/01\/the-last-of-us-part-ii-remastered-20.webp","contentUrl":"https:\/\/begamer.cz\/wp-content\/uploads\/2026\/01\/the-last-of-us-part-ii-remastered-20.webp","width":300,"height":400},{"@type":"BreadcrumbList","@id":"https:\/\/begamer.cz\/sk\/produkt\/the-last-of-us-part-ii-remastered-sk\/#breadcrumb","itemListElement":[{"@type":"ListItem","position":1,"name":"Domov","item":"https:\/\/begamer.cz\/sk\/"},{"@type":"ListItem","position":2,"name":"Obchod","item":"https:\/\/begamer.cz\/obchod\/"},{"@type":"ListItem","position":3,"name":"The Last of Us Part II Remastered"}]},{"@type":"WebSite","@id":"https:\/\/begamer.cz\/sk\/#website","url":"https:\/\/begamer.cz\/sk\/","name":"BeGamer.cz","description":"","publisher":{"@id":"https:\/\/begamer.cz\/sk\/#organization"},"potentialAction":[{"@type":"SearchAction","target":{"@type":"EntryPoint","urlTemplate":"https:\/\/begamer.cz\/sk\/?s={search_term_string}"},"query-input":{"@type":"PropertyValueSpecification","valueRequired":true,"valueName":"search_term_string"}}],"inLanguage":"sk-SK"},{"@type":"Organization","@id":"https:\/\/begamer.cz\/sk\/#organization","name":"BeGamer.cz","url":"https:\/\/begamer.cz\/sk\/","logo":{"@type":"ImageObject","inLanguage":"sk-SK","@id":"https:\/\/begamer.cz\/sk\/#\/schema\/logo\/image\/","url":"https:\/\/begamer.cz\/wp-content\/uploads\/2025\/07\/logo.svg","contentUrl":"https:\/\/begamer.cz\/wp-content\/uploads\/2025\/07\/logo.svg","caption":"BeGamer.cz"},"image":{"@id":"https:\/\/begamer.cz\/sk\/#\/schema\/logo\/image\/"}}]}},"acf":[],"_links":{"self":[{"href":"https:\/\/begamer.cz\/sk\/wp-json\/wp\/v2\/product\/101684","targetHints":{"allow":["GET"]}}],"collection":[{"href":"https:\/\/begamer.cz\/sk\/wp-json\/wp\/v2\/product"}],"about":[{"href":"https:\/\/begamer.cz\/sk\/wp-json\/wp\/v2\/types\/product"}],"replies":[{"embeddable":true,"href":"https:\/\/begamer.cz\/sk\/wp-json\/wp\/v2\/comments?post=101684"}],"wp:featuredmedia":[{"embeddable":true,"href":"https:\/\/begamer.cz\/sk\/wp-json\/wp\/v2\/media\/38980"}],"wp:attachment":[{"href":"https:\/\/begamer.cz\/sk\/wp-json\/wp\/v2\/media?parent=101684"}],"wp:term":[{"taxonomy":"product_brand","embeddable":true,"href":"https:\/\/begamer.cz\/sk\/wp-json\/wp\/v2\/product_brand?post=101684"},{"taxonomy":"product_cat","embeddable":true,"href":"https:\/\/begamer.cz\/sk\/wp-json\/wp\/v2\/product_cat?post=101684"},{"taxonomy":"product_tag","embeddable":true,"href":"https:\/\/begamer.cz\/sk\/wp-json\/wp\/v2\/product_tag?post=101684"}],"curies":[{"name":"wp","href":"https:\/\/api.w.org\/{rel}","templated":true}]}}