{"id":101642,"date":"2026-01-30T18:33:34","date_gmt":"2026-01-30T17:33:34","guid":{"rendered":"https:\/\/begamer.cz\/produkt\/death-note-killer-within-premium-customization-track-vol-2-sk\/"},"modified":"2026-03-11T09:52:53","modified_gmt":"2026-03-11T08:52:53","slug":"death-note-killer-within-premium-customization-track-vol-2-sk","status":"publish","type":"product","link":"https:\/\/begamer.cz\/sk\/produkt\/death-note-killer-within-premium-customization-track-vol-2-sk\/","title":{"rendered":"DEATH NOTE Killer Within \u2013 Premium Customization Track Vol. 2"},"content":{"rendered":"<p>Premium Customization Track Vol. 2 v\u00e1m umo\u017e\u0148uje z\u00edska\u0165 r\u00f4zne prisp\u00f4sobite\u013en\u00e9 predmety a odmeny, ako postupujete a z\u00edskavate \u00farovne!<\/p>\n<p>M\u00f4\u017eete<\/p>\n<p>z\u00edska\u0165 \u010fal\u0161ie odmeny, ktor\u00e9 nie s\u00fa k dispoz\u00edcii v Customization Track (zdarma), ako s\u00fa avatary a dom\u00e1ce zvierat\u00e1, ako aj r\u00f4zne in\u00e9 predmety, ako napr\u00edklad hlasov\u00e9 vlo\u017eky, ktor\u00e9 sa prehr\u00e1vaj\u00fa po\u010das k\u013e\u00fa\u010dov\u00fdch sc\u00e9n (napr. zatknutia) a menovky pre stretnutia.<\/p>\n<p>*Obsah a \u0161pecifik\u00e1cie sa m\u00f4\u017eu zmeni\u0165 bez predch\u00e1dzaj\u00faceho upozornenia.<br \/>\n<br \/>*Customization Track je mo\u017en\u00e9 prepn\u00fa\u0165 na in\u00fd Customization Track a pokra\u010dova\u0165 v \u0148om uprostred.<br \/>\n<br \/>*Customization Track nem\u00e1 platnos\u0165.<br \/>\n<br \/>*Customization Track m\u00f4\u017ee skon\u010di\u0165, ak bude ukon\u010den\u00e1 online slu\u017eba.<br \/>\n<br \/>*Niektor\u00e9 avatary nie je mo\u017en\u00e9 prisp\u00f4sobi\u0165 pomocou polo\u017eiek zahrnut\u00fdch v Customization Track.<\/p>\n","protected":false},"excerpt":{"rendered":"<p>Premium Customization Track Vol. 2 v\u00e1m umo\u017e\u0148uje z\u00edska\u0165 r\u00f4zne prisp\u00f4sobite\u013en\u00e9 predmety a odmeny, ako postupujete a z\u00edskavate \u00farovne!<\/p>\n","protected":false},"featured_media":83251,"comment_status":"open","ping_status":"closed","template":"","meta":{"_acf_changed":false},"product_brand":[],"product_cat":[270,288,268,266,312],"product_tag":[],"class_list":{"0":"post-101642","1":"product","2":"type-product","3":"status-publish","4":"has-post-thumbnail","6":"product_cat-adventury-pc-hry-sk","7":"product_cat-horor-pc-hry-sk","8":"product_cat-pc-sk","9":"product_cat-pc-hry-sk","10":"product_cat-steam-pc-sk","11":"pa_developer-grounding-inc","12":"pa_game_type-dlc","14":"pa_platform-pc-steam","16":"pa_publisher-bandai-namco-entertainment","18":"pa_region-global","21":"first","22":"instock","23":"virtual","24":"taxable","25":"purchasable","26":"product-type-simple"},"yoast_head":"<!-- This site is optimized with the Yoast SEO plugin v27.3 - https:\/\/yoast.com\/product\/yoast-seo-wordpress\/ -->\n<title>DEATH NOTE Killer Within - Premium Customization Track Vol. 2 | BeGamer.cz<\/title>\n<meta name=\"robots\" content=\"index, follow, max-snippet:-1, max-image-preview:large, max-video-preview:-1\" \/>\n<link rel=\"canonical\" href=\"https:\/\/begamer.cz\/sk\/produkt\/death-note-killer-within-premium-customization-track-vol-2-sk\/\" \/>\n<meta property=\"og:locale\" content=\"sk_SK\" \/>\n<meta property=\"og:type\" content=\"article\" \/>\n<meta property=\"og:title\" content=\"DEATH NOTE Killer Within - Premium Customization Track Vol. 2 | BeGamer.cz\" \/>\n<meta property=\"og:description\" content=\"Premium Customization Track Vol. 2 v\u00e1m umo\u017e\u0148uje z\u00edska\u0165 r\u00f4zne prisp\u00f4sobite\u013en\u00e9 predmety a odmeny, ako postupujete a z\u00edskavate \u00farovne!\" \/>\n<meta property=\"og:url\" content=\"https:\/\/begamer.cz\/sk\/produkt\/death-note-killer-within-premium-customization-track-vol-2-sk\/\" \/>\n<meta property=\"og:site_name\" content=\"BeGamer.cz\" \/>\n<meta property=\"article:modified_time\" content=\"2026-03-11T08:52:53+00:00\" \/>\n<meta property=\"og:image\" content=\"https:\/\/begamer.cz\/wp-content\/uploads\/2026\/01\/death-note-killer-within-premium-customization-track-vol-2-4.webp\" \/>\n\t<meta property=\"og:image:width\" content=\"300\" \/>\n\t<meta property=\"og:image:height\" content=\"400\" \/>\n\t<meta property=\"og:image:type\" content=\"image\/webp\" \/>\n<meta name=\"twitter:card\" content=\"summary_large_image\" \/>\n<meta name=\"twitter:label1\" content=\"Predpokladan\u00fd \u010das \u010d\u00edtania\" \/>\n\t<meta name=\"twitter:data1\" content=\"1 min\u00fata\" \/>\n<script type=\"application\/ld+json\" class=\"yoast-schema-graph\">{\"@context\":\"https:\\\/\\\/schema.org\",\"@graph\":[{\"@type\":\"WebPage\",\"@id\":\"https:\\\/\\\/begamer.cz\\\/sk\\\/produkt\\\/death-note-killer-within-premium-customization-track-vol-2-sk\\\/\",\"url\":\"https:\\\/\\\/begamer.cz\\\/sk\\\/produkt\\\/death-note-killer-within-premium-customization-track-vol-2-sk\\\/\",\"name\":\"DEATH NOTE Killer Within - Premium Customization Track Vol. 2 | BeGamer.cz\",\"isPartOf\":{\"@id\":\"https:\\\/\\\/begamer.cz\\\/sk\\\/#website\"},\"primaryImageOfPage\":{\"@id\":\"https:\\\/\\\/begamer.cz\\\/sk\\\/produkt\\\/death-note-killer-within-premium-customization-track-vol-2-sk\\\/#primaryimage\"},\"image\":{\"@id\":\"https:\\\/\\\/begamer.cz\\\/sk\\\/produkt\\\/death-note-killer-within-premium-customization-track-vol-2-sk\\\/#primaryimage\"},\"thumbnailUrl\":\"https:\\\/\\\/begamer.cz\\\/wp-content\\\/uploads\\\/2026\\\/01\\\/death-note-killer-within-premium-customization-track-vol-2-4.webp\",\"datePublished\":\"2026-01-30T17:33:34+00:00\",\"dateModified\":\"2026-03-11T08:52:53+00:00\",\"breadcrumb\":{\"@id\":\"https:\\\/\\\/begamer.cz\\\/sk\\\/produkt\\\/death-note-killer-within-premium-customization-track-vol-2-sk\\\/#breadcrumb\"},\"inLanguage\":\"sk-SK\",\"potentialAction\":[{\"@type\":\"ReadAction\",\"target\":[\"https:\\\/\\\/begamer.cz\\\/sk\\\/produkt\\\/death-note-killer-within-premium-customization-track-vol-2-sk\\\/\"]}]},{\"@type\":\"ImageObject\",\"inLanguage\":\"sk-SK\",\"@id\":\"https:\\\/\\\/begamer.cz\\\/sk\\\/produkt\\\/death-note-killer-within-premium-customization-track-vol-2-sk\\\/#primaryimage\",\"url\":\"https:\\\/\\\/begamer.cz\\\/wp-content\\\/uploads\\\/2026\\\/01\\\/death-note-killer-within-premium-customization-track-vol-2-4.webp\",\"contentUrl\":\"https:\\\/\\\/begamer.cz\\\/wp-content\\\/uploads\\\/2026\\\/01\\\/death-note-killer-within-premium-customization-track-vol-2-4.webp\",\"width\":300,\"height\":400},{\"@type\":\"BreadcrumbList\",\"@id\":\"https:\\\/\\\/begamer.cz\\\/sk\\\/produkt\\\/death-note-killer-within-premium-customization-track-vol-2-sk\\\/#breadcrumb\",\"itemListElement\":[{\"@type\":\"ListItem\",\"position\":1,\"name\":\"Domov\",\"item\":\"https:\\\/\\\/begamer.cz\\\/sk\\\/\"},{\"@type\":\"ListItem\",\"position\":2,\"name\":\"Obchod\",\"item\":\"https:\\\/\\\/begamer.cz\\\/obchod\\\/\"},{\"@type\":\"ListItem\",\"position\":3,\"name\":\"DEATH NOTE Killer Within \u2013 Premium Customization Track Vol. 2\"}]},{\"@type\":\"WebSite\",\"@id\":\"https:\\\/\\\/begamer.cz\\\/sk\\\/#website\",\"url\":\"https:\\\/\\\/begamer.cz\\\/sk\\\/\",\"name\":\"BeGamer.cz\",\"description\":\"\",\"publisher\":{\"@id\":\"https:\\\/\\\/begamer.cz\\\/sk\\\/#organization\"},\"potentialAction\":[{\"@type\":\"SearchAction\",\"target\":{\"@type\":\"EntryPoint\",\"urlTemplate\":\"https:\\\/\\\/begamer.cz\\\/sk\\\/?s={search_term_string}\"},\"query-input\":{\"@type\":\"PropertyValueSpecification\",\"valueRequired\":true,\"valueName\":\"search_term_string\"}}],\"inLanguage\":\"sk-SK\"},{\"@type\":\"Organization\",\"@id\":\"https:\\\/\\\/begamer.cz\\\/sk\\\/#organization\",\"name\":\"BeGamer.cz\",\"url\":\"https:\\\/\\\/begamer.cz\\\/sk\\\/\",\"logo\":{\"@type\":\"ImageObject\",\"inLanguage\":\"sk-SK\",\"@id\":\"https:\\\/\\\/begamer.cz\\\/sk\\\/#\\\/schema\\\/logo\\\/image\\\/\",\"url\":\"https:\\\/\\\/begamer.cz\\\/wp-content\\\/uploads\\\/2025\\\/07\\\/logo.svg\",\"contentUrl\":\"https:\\\/\\\/begamer.cz\\\/wp-content\\\/uploads\\\/2025\\\/07\\\/logo.svg\",\"caption\":\"BeGamer.cz\"},\"image\":{\"@id\":\"https:\\\/\\\/begamer.cz\\\/sk\\\/#\\\/schema\\\/logo\\\/image\\\/\"}}]}<\/script>\n<!-- \/ Yoast SEO plugin. -->","yoast_head_json":{"title":"DEATH NOTE Killer Within - Premium Customization Track Vol. 2 | BeGamer.cz","robots":{"index":"index","follow":"follow","max-snippet":"max-snippet:-1","max-image-preview":"max-image-preview:large","max-video-preview":"max-video-preview:-1"},"canonical":"https:\/\/begamer.cz\/sk\/produkt\/death-note-killer-within-premium-customization-track-vol-2-sk\/","og_locale":"sk_SK","og_type":"article","og_title":"DEATH NOTE Killer Within - Premium Customization Track Vol. 2 | BeGamer.cz","og_description":"Premium Customization Track Vol. 2 v\u00e1m umo\u017e\u0148uje z\u00edska\u0165 r\u00f4zne prisp\u00f4sobite\u013en\u00e9 predmety a odmeny, ako postupujete a z\u00edskavate \u00farovne!","og_url":"https:\/\/begamer.cz\/sk\/produkt\/death-note-killer-within-premium-customization-track-vol-2-sk\/","og_site_name":"BeGamer.cz","article_modified_time":"2026-03-11T08:52:53+00:00","og_image":[{"width":300,"height":400,"url":"https:\/\/begamer.cz\/wp-content\/uploads\/2026\/01\/death-note-killer-within-premium-customization-track-vol-2-4.webp","type":"image\/webp"}],"twitter_card":"summary_large_image","twitter_misc":{"Predpokladan\u00fd \u010das \u010d\u00edtania":"1 min\u00fata"},"schema":{"@context":"https:\/\/schema.org","@graph":[{"@type":"WebPage","@id":"https:\/\/begamer.cz\/sk\/produkt\/death-note-killer-within-premium-customization-track-vol-2-sk\/","url":"https:\/\/begamer.cz\/sk\/produkt\/death-note-killer-within-premium-customization-track-vol-2-sk\/","name":"DEATH NOTE Killer Within - Premium Customization Track Vol. 2 | BeGamer.cz","isPartOf":{"@id":"https:\/\/begamer.cz\/sk\/#website"},"primaryImageOfPage":{"@id":"https:\/\/begamer.cz\/sk\/produkt\/death-note-killer-within-premium-customization-track-vol-2-sk\/#primaryimage"},"image":{"@id":"https:\/\/begamer.cz\/sk\/produkt\/death-note-killer-within-premium-customization-track-vol-2-sk\/#primaryimage"},"thumbnailUrl":"https:\/\/begamer.cz\/wp-content\/uploads\/2026\/01\/death-note-killer-within-premium-customization-track-vol-2-4.webp","datePublished":"2026-01-30T17:33:34+00:00","dateModified":"2026-03-11T08:52:53+00:00","breadcrumb":{"@id":"https:\/\/begamer.cz\/sk\/produkt\/death-note-killer-within-premium-customization-track-vol-2-sk\/#breadcrumb"},"inLanguage":"sk-SK","potentialAction":[{"@type":"ReadAction","target":["https:\/\/begamer.cz\/sk\/produkt\/death-note-killer-within-premium-customization-track-vol-2-sk\/"]}]},{"@type":"ImageObject","inLanguage":"sk-SK","@id":"https:\/\/begamer.cz\/sk\/produkt\/death-note-killer-within-premium-customization-track-vol-2-sk\/#primaryimage","url":"https:\/\/begamer.cz\/wp-content\/uploads\/2026\/01\/death-note-killer-within-premium-customization-track-vol-2-4.webp","contentUrl":"https:\/\/begamer.cz\/wp-content\/uploads\/2026\/01\/death-note-killer-within-premium-customization-track-vol-2-4.webp","width":300,"height":400},{"@type":"BreadcrumbList","@id":"https:\/\/begamer.cz\/sk\/produkt\/death-note-killer-within-premium-customization-track-vol-2-sk\/#breadcrumb","itemListElement":[{"@type":"ListItem","position":1,"name":"Domov","item":"https:\/\/begamer.cz\/sk\/"},{"@type":"ListItem","position":2,"name":"Obchod","item":"https:\/\/begamer.cz\/obchod\/"},{"@type":"ListItem","position":3,"name":"DEATH NOTE Killer Within \u2013 Premium Customization Track Vol. 2"}]},{"@type":"WebSite","@id":"https:\/\/begamer.cz\/sk\/#website","url":"https:\/\/begamer.cz\/sk\/","name":"BeGamer.cz","description":"","publisher":{"@id":"https:\/\/begamer.cz\/sk\/#organization"},"potentialAction":[{"@type":"SearchAction","target":{"@type":"EntryPoint","urlTemplate":"https:\/\/begamer.cz\/sk\/?s={search_term_string}"},"query-input":{"@type":"PropertyValueSpecification","valueRequired":true,"valueName":"search_term_string"}}],"inLanguage":"sk-SK"},{"@type":"Organization","@id":"https:\/\/begamer.cz\/sk\/#organization","name":"BeGamer.cz","url":"https:\/\/begamer.cz\/sk\/","logo":{"@type":"ImageObject","inLanguage":"sk-SK","@id":"https:\/\/begamer.cz\/sk\/#\/schema\/logo\/image\/","url":"https:\/\/begamer.cz\/wp-content\/uploads\/2025\/07\/logo.svg","contentUrl":"https:\/\/begamer.cz\/wp-content\/uploads\/2025\/07\/logo.svg","caption":"BeGamer.cz"},"image":{"@id":"https:\/\/begamer.cz\/sk\/#\/schema\/logo\/image\/"}}]}},"acf":[],"_links":{"self":[{"href":"https:\/\/begamer.cz\/sk\/wp-json\/wp\/v2\/product\/101642","targetHints":{"allow":["GET"]}}],"collection":[{"href":"https:\/\/begamer.cz\/sk\/wp-json\/wp\/v2\/product"}],"about":[{"href":"https:\/\/begamer.cz\/sk\/wp-json\/wp\/v2\/types\/product"}],"replies":[{"embeddable":true,"href":"https:\/\/begamer.cz\/sk\/wp-json\/wp\/v2\/comments?post=101642"}],"wp:featuredmedia":[{"embeddable":true,"href":"https:\/\/begamer.cz\/sk\/wp-json\/wp\/v2\/media\/83251"}],"wp:attachment":[{"href":"https:\/\/begamer.cz\/sk\/wp-json\/wp\/v2\/media?parent=101642"}],"wp:term":[{"taxonomy":"product_brand","embeddable":true,"href":"https:\/\/begamer.cz\/sk\/wp-json\/wp\/v2\/product_brand?post=101642"},{"taxonomy":"product_cat","embeddable":true,"href":"https:\/\/begamer.cz\/sk\/wp-json\/wp\/v2\/product_cat?post=101642"},{"taxonomy":"product_tag","embeddable":true,"href":"https:\/\/begamer.cz\/sk\/wp-json\/wp\/v2\/product_tag?post=101642"}],"curies":[{"name":"wp","href":"https:\/\/api.w.org\/{rel}","templated":true}]}}