{"id":101639,"date":"2026-01-30T18:33:31","date_gmt":"2026-01-30T17:33:31","guid":{"rendered":"https:\/\/begamer.cz\/produkt\/doraemon-story-of-seasons-friends-of-the-great-kingdom-season-pass-sk\/"},"modified":"2026-03-11T09:52:46","modified_gmt":"2026-03-11T08:52:46","slug":"doraemon-story-of-seasons-friends-of-the-great-kingdom-season-pass-sk","status":"publish","type":"product","link":"https:\/\/begamer.cz\/sk\/produkt\/doraemon-story-of-seasons-friends-of-the-great-kingdom-season-pass-sk\/","title":{"rendered":"DORAEMON STORY OF SEASONS: Friends of the Great Kingdom Season Pass"},"content":{"rendered":"<p>Sez\u00f3nny l\u00edstok obsahuje tri bal\u00ed\u010dky DLC s r\u00f4znymi mot\u00edvmi oble\u010denia, n\u00e1bytku a minipr\u00edbehov.<\/p>\n<p>Obsah sez\u00f3nneho<br \/>l\u00edstka<br \/>\n&#8211; DLC 1: Zimn\u00e9<br \/>pr\u00edbehy<br \/>\n&#8211; DLC 2: \u017divot hmyzu<br \/>\n<br \/>&#8211; DLC 3: Spolu so zvieratami<br \/>\n<br \/>&#8211; Bonus sez\u00f3nneho l\u00edstka: Sada pr\u00e9miov\u00fdch<\/p>\n<p>semien plod\u00edn<\/p>\n<p>Pozn\u00e1mka: Podrobnosti t\u00fdkaj\u00face sa obsahu DLC 1-3 bud\u00fa ozn\u00e1men\u00e9 nesk\u00f4r.<br \/>\nObsah<br \/>ka\u017ed\u00e9ho bal\u00ed\u010dka DLC sa m\u00f4\u017ee po vydan\u00ed zmeni\u0165.<br \/>\n<br \/>Ka\u017ed\u00fd bal\u00ed\u010dek DLC bude po vydan\u00ed k dispoz\u00edcii aj samostatne. D\u00e1vajte pozor, aby ste nek\u00fapili ten ist\u00fd bal\u00ed\u010dek dvakr\u00e1t.<br \/>\nNa hranie tohto obsahu<br \/>je potrebn\u00e9 pripojenie k internetu.<br \/>\n\u010cas\u0165 obsahu sa m\u00f4\u017ee zmeni\u0165 bez predch\u00e1dzaj\u00faceho upozornenia.<br \/>\n<br \/>*Oble\u010denie je mo\u017en\u00e9 z\u00edska\u0165 po dokon\u010den\u00ed tutori\u00e1lu v 4. dni jari na n\u00e1stenke a zozname \u00faloh pre tento bonus. Po z\u00edskan\u00ed obr\u00e1zku oble\u010denia cho\u010fte do suter\u00e9nu svojho domu a pomocou funkcie Instant Wardrobe Cam si oble\u010denie vyme\u0148te.<br \/>\n<br \/>*N\u00e1bytok je mo\u017en\u00e9 z\u00edska\u0165\/vyrobi\u0165 v dielni Belle &amp; Oli po roz\u0161\u00edren\u00ed v\u00e1\u0161ho domu.<\/p>\n","protected":false},"excerpt":{"rendered":"<p>Sez\u00f3nny l\u00edstok pre hru DORAEMON STORY OF SEASONS: Friends of the Great Kingdom obsahuje bal\u00ed\u010dky DLC 1 ~ 3 a exkluz\u00edvny bonusov\u00fd predmet sez\u00f3nneho l\u00edstka.<\/p>\n","protected":false},"featured_media":83233,"comment_status":"open","ping_status":"closed","template":"","meta":{"_acf_changed":false},"product_brand":[],"product_cat":[282,280,268,266,312],"product_tag":[],"class_list":{"0":"post-101639","1":"product","2":"type-product","3":"status-publish","4":"has-post-thumbnail","6":"product_cat-detske-pc-sk","7":"product_cat-dobrodruzne-pc-hry-sk","8":"product_cat-pc-sk","9":"product_cat-pc-hry-sk","10":"product_cat-steam-pc-sk","11":"pa_developer-marvelous","13":"pa_game_type-dlc","15":"pa_platform-pc-steam","17":"pa_publisher-bandai-namco-entertainment","19":"pa_rating-14464","20":"pa_rating-1009","21":"pa_region-global","24":"first","25":"instock","26":"virtual","27":"taxable","28":"purchasable","29":"product-type-simple"},"yoast_head":"<!-- This site is optimized with the Yoast SEO plugin v27.3 - https:\/\/yoast.com\/product\/yoast-seo-wordpress\/ -->\n<title>DORAEMON STORY OF SEASONS: Friends of the Great Kingdom Season Pass | BeGamer.cz<\/title>\n<meta name=\"robots\" content=\"index, follow, max-snippet:-1, max-image-preview:large, max-video-preview:-1\" \/>\n<link rel=\"canonical\" href=\"https:\/\/begamer.cz\/sk\/produkt\/doraemon-story-of-seasons-friends-of-the-great-kingdom-season-pass-sk\/\" \/>\n<meta property=\"og:locale\" content=\"sk_SK\" \/>\n<meta property=\"og:type\" content=\"article\" \/>\n<meta property=\"og:title\" content=\"DORAEMON STORY OF SEASONS: Friends of the Great Kingdom Season Pass | BeGamer.cz\" \/>\n<meta property=\"og:description\" content=\"Sez\u00f3nny l\u00edstok pre hru DORAEMON STORY OF SEASONS: Friends of the Great Kingdom obsahuje bal\u00ed\u010dky DLC 1 ~ 3 a exkluz\u00edvny bonusov\u00fd predmet sez\u00f3nneho l\u00edstka.\" \/>\n<meta property=\"og:url\" content=\"https:\/\/begamer.cz\/sk\/produkt\/doraemon-story-of-seasons-friends-of-the-great-kingdom-season-pass-sk\/\" \/>\n<meta property=\"og:site_name\" content=\"BeGamer.cz\" \/>\n<meta property=\"article:modified_time\" content=\"2026-03-11T08:52:46+00:00\" \/>\n<meta property=\"og:image\" content=\"https:\/\/begamer.cz\/wp-content\/uploads\/2026\/01\/doraemon-story-of-seasons-friends-of-the-great-kingdom-season-pass-4.webp\" \/>\n\t<meta property=\"og:image:width\" content=\"300\" \/>\n\t<meta property=\"og:image:height\" content=\"400\" \/>\n\t<meta property=\"og:image:type\" content=\"image\/webp\" \/>\n<meta name=\"twitter:card\" content=\"summary_large_image\" \/>\n<meta name=\"twitter:label1\" content=\"Predpokladan\u00fd \u010das \u010d\u00edtania\" \/>\n\t<meta name=\"twitter:data1\" content=\"1 min\u00fata\" \/>\n<script type=\"application\/ld+json\" class=\"yoast-schema-graph\">{\"@context\":\"https:\\\/\\\/schema.org\",\"@graph\":[{\"@type\":\"WebPage\",\"@id\":\"https:\\\/\\\/begamer.cz\\\/sk\\\/produkt\\\/doraemon-story-of-seasons-friends-of-the-great-kingdom-season-pass-sk\\\/\",\"url\":\"https:\\\/\\\/begamer.cz\\\/sk\\\/produkt\\\/doraemon-story-of-seasons-friends-of-the-great-kingdom-season-pass-sk\\\/\",\"name\":\"DORAEMON STORY OF SEASONS: Friends of the Great Kingdom Season Pass | BeGamer.cz\",\"isPartOf\":{\"@id\":\"https:\\\/\\\/begamer.cz\\\/sk\\\/#website\"},\"primaryImageOfPage\":{\"@id\":\"https:\\\/\\\/begamer.cz\\\/sk\\\/produkt\\\/doraemon-story-of-seasons-friends-of-the-great-kingdom-season-pass-sk\\\/#primaryimage\"},\"image\":{\"@id\":\"https:\\\/\\\/begamer.cz\\\/sk\\\/produkt\\\/doraemon-story-of-seasons-friends-of-the-great-kingdom-season-pass-sk\\\/#primaryimage\"},\"thumbnailUrl\":\"https:\\\/\\\/begamer.cz\\\/wp-content\\\/uploads\\\/2026\\\/01\\\/doraemon-story-of-seasons-friends-of-the-great-kingdom-season-pass-4.webp\",\"datePublished\":\"2026-01-30T17:33:31+00:00\",\"dateModified\":\"2026-03-11T08:52:46+00:00\",\"breadcrumb\":{\"@id\":\"https:\\\/\\\/begamer.cz\\\/sk\\\/produkt\\\/doraemon-story-of-seasons-friends-of-the-great-kingdom-season-pass-sk\\\/#breadcrumb\"},\"inLanguage\":\"sk-SK\",\"potentialAction\":[{\"@type\":\"ReadAction\",\"target\":[\"https:\\\/\\\/begamer.cz\\\/sk\\\/produkt\\\/doraemon-story-of-seasons-friends-of-the-great-kingdom-season-pass-sk\\\/\"]}]},{\"@type\":\"ImageObject\",\"inLanguage\":\"sk-SK\",\"@id\":\"https:\\\/\\\/begamer.cz\\\/sk\\\/produkt\\\/doraemon-story-of-seasons-friends-of-the-great-kingdom-season-pass-sk\\\/#primaryimage\",\"url\":\"https:\\\/\\\/begamer.cz\\\/wp-content\\\/uploads\\\/2026\\\/01\\\/doraemon-story-of-seasons-friends-of-the-great-kingdom-season-pass-4.webp\",\"contentUrl\":\"https:\\\/\\\/begamer.cz\\\/wp-content\\\/uploads\\\/2026\\\/01\\\/doraemon-story-of-seasons-friends-of-the-great-kingdom-season-pass-4.webp\",\"width\":300,\"height\":400},{\"@type\":\"BreadcrumbList\",\"@id\":\"https:\\\/\\\/begamer.cz\\\/sk\\\/produkt\\\/doraemon-story-of-seasons-friends-of-the-great-kingdom-season-pass-sk\\\/#breadcrumb\",\"itemListElement\":[{\"@type\":\"ListItem\",\"position\":1,\"name\":\"Domov\",\"item\":\"https:\\\/\\\/begamer.cz\\\/sk\\\/\"},{\"@type\":\"ListItem\",\"position\":2,\"name\":\"Obchod\",\"item\":\"https:\\\/\\\/begamer.cz\\\/obchod\\\/\"},{\"@type\":\"ListItem\",\"position\":3,\"name\":\"DORAEMON STORY OF SEASONS: Friends of the Great Kingdom Season Pass\"}]},{\"@type\":\"WebSite\",\"@id\":\"https:\\\/\\\/begamer.cz\\\/sk\\\/#website\",\"url\":\"https:\\\/\\\/begamer.cz\\\/sk\\\/\",\"name\":\"BeGamer.cz\",\"description\":\"\",\"publisher\":{\"@id\":\"https:\\\/\\\/begamer.cz\\\/sk\\\/#organization\"},\"potentialAction\":[{\"@type\":\"SearchAction\",\"target\":{\"@type\":\"EntryPoint\",\"urlTemplate\":\"https:\\\/\\\/begamer.cz\\\/sk\\\/?s={search_term_string}\"},\"query-input\":{\"@type\":\"PropertyValueSpecification\",\"valueRequired\":true,\"valueName\":\"search_term_string\"}}],\"inLanguage\":\"sk-SK\"},{\"@type\":\"Organization\",\"@id\":\"https:\\\/\\\/begamer.cz\\\/sk\\\/#organization\",\"name\":\"BeGamer.cz\",\"url\":\"https:\\\/\\\/begamer.cz\\\/sk\\\/\",\"logo\":{\"@type\":\"ImageObject\",\"inLanguage\":\"sk-SK\",\"@id\":\"https:\\\/\\\/begamer.cz\\\/sk\\\/#\\\/schema\\\/logo\\\/image\\\/\",\"url\":\"https:\\\/\\\/begamer.cz\\\/wp-content\\\/uploads\\\/2025\\\/07\\\/logo.svg\",\"contentUrl\":\"https:\\\/\\\/begamer.cz\\\/wp-content\\\/uploads\\\/2025\\\/07\\\/logo.svg\",\"caption\":\"BeGamer.cz\"},\"image\":{\"@id\":\"https:\\\/\\\/begamer.cz\\\/sk\\\/#\\\/schema\\\/logo\\\/image\\\/\"}}]}<\/script>\n<!-- \/ Yoast SEO plugin. -->","yoast_head_json":{"title":"DORAEMON STORY OF SEASONS: Friends of the Great Kingdom Season Pass | BeGamer.cz","robots":{"index":"index","follow":"follow","max-snippet":"max-snippet:-1","max-image-preview":"max-image-preview:large","max-video-preview":"max-video-preview:-1"},"canonical":"https:\/\/begamer.cz\/sk\/produkt\/doraemon-story-of-seasons-friends-of-the-great-kingdom-season-pass-sk\/","og_locale":"sk_SK","og_type":"article","og_title":"DORAEMON STORY OF SEASONS: Friends of the Great Kingdom Season Pass | BeGamer.cz","og_description":"Sez\u00f3nny l\u00edstok pre hru DORAEMON STORY OF SEASONS: Friends of the Great Kingdom obsahuje bal\u00ed\u010dky DLC 1 ~ 3 a exkluz\u00edvny bonusov\u00fd predmet sez\u00f3nneho l\u00edstka.","og_url":"https:\/\/begamer.cz\/sk\/produkt\/doraemon-story-of-seasons-friends-of-the-great-kingdom-season-pass-sk\/","og_site_name":"BeGamer.cz","article_modified_time":"2026-03-11T08:52:46+00:00","og_image":[{"width":300,"height":400,"url":"https:\/\/begamer.cz\/wp-content\/uploads\/2026\/01\/doraemon-story-of-seasons-friends-of-the-great-kingdom-season-pass-4.webp","type":"image\/webp"}],"twitter_card":"summary_large_image","twitter_misc":{"Predpokladan\u00fd \u010das \u010d\u00edtania":"1 min\u00fata"},"schema":{"@context":"https:\/\/schema.org","@graph":[{"@type":"WebPage","@id":"https:\/\/begamer.cz\/sk\/produkt\/doraemon-story-of-seasons-friends-of-the-great-kingdom-season-pass-sk\/","url":"https:\/\/begamer.cz\/sk\/produkt\/doraemon-story-of-seasons-friends-of-the-great-kingdom-season-pass-sk\/","name":"DORAEMON STORY OF SEASONS: Friends of the Great Kingdom Season Pass | BeGamer.cz","isPartOf":{"@id":"https:\/\/begamer.cz\/sk\/#website"},"primaryImageOfPage":{"@id":"https:\/\/begamer.cz\/sk\/produkt\/doraemon-story-of-seasons-friends-of-the-great-kingdom-season-pass-sk\/#primaryimage"},"image":{"@id":"https:\/\/begamer.cz\/sk\/produkt\/doraemon-story-of-seasons-friends-of-the-great-kingdom-season-pass-sk\/#primaryimage"},"thumbnailUrl":"https:\/\/begamer.cz\/wp-content\/uploads\/2026\/01\/doraemon-story-of-seasons-friends-of-the-great-kingdom-season-pass-4.webp","datePublished":"2026-01-30T17:33:31+00:00","dateModified":"2026-03-11T08:52:46+00:00","breadcrumb":{"@id":"https:\/\/begamer.cz\/sk\/produkt\/doraemon-story-of-seasons-friends-of-the-great-kingdom-season-pass-sk\/#breadcrumb"},"inLanguage":"sk-SK","potentialAction":[{"@type":"ReadAction","target":["https:\/\/begamer.cz\/sk\/produkt\/doraemon-story-of-seasons-friends-of-the-great-kingdom-season-pass-sk\/"]}]},{"@type":"ImageObject","inLanguage":"sk-SK","@id":"https:\/\/begamer.cz\/sk\/produkt\/doraemon-story-of-seasons-friends-of-the-great-kingdom-season-pass-sk\/#primaryimage","url":"https:\/\/begamer.cz\/wp-content\/uploads\/2026\/01\/doraemon-story-of-seasons-friends-of-the-great-kingdom-season-pass-4.webp","contentUrl":"https:\/\/begamer.cz\/wp-content\/uploads\/2026\/01\/doraemon-story-of-seasons-friends-of-the-great-kingdom-season-pass-4.webp","width":300,"height":400},{"@type":"BreadcrumbList","@id":"https:\/\/begamer.cz\/sk\/produkt\/doraemon-story-of-seasons-friends-of-the-great-kingdom-season-pass-sk\/#breadcrumb","itemListElement":[{"@type":"ListItem","position":1,"name":"Domov","item":"https:\/\/begamer.cz\/sk\/"},{"@type":"ListItem","position":2,"name":"Obchod","item":"https:\/\/begamer.cz\/obchod\/"},{"@type":"ListItem","position":3,"name":"DORAEMON STORY OF SEASONS: Friends of the Great Kingdom Season Pass"}]},{"@type":"WebSite","@id":"https:\/\/begamer.cz\/sk\/#website","url":"https:\/\/begamer.cz\/sk\/","name":"BeGamer.cz","description":"","publisher":{"@id":"https:\/\/begamer.cz\/sk\/#organization"},"potentialAction":[{"@type":"SearchAction","target":{"@type":"EntryPoint","urlTemplate":"https:\/\/begamer.cz\/sk\/?s={search_term_string}"},"query-input":{"@type":"PropertyValueSpecification","valueRequired":true,"valueName":"search_term_string"}}],"inLanguage":"sk-SK"},{"@type":"Organization","@id":"https:\/\/begamer.cz\/sk\/#organization","name":"BeGamer.cz","url":"https:\/\/begamer.cz\/sk\/","logo":{"@type":"ImageObject","inLanguage":"sk-SK","@id":"https:\/\/begamer.cz\/sk\/#\/schema\/logo\/image\/","url":"https:\/\/begamer.cz\/wp-content\/uploads\/2025\/07\/logo.svg","contentUrl":"https:\/\/begamer.cz\/wp-content\/uploads\/2025\/07\/logo.svg","caption":"BeGamer.cz"},"image":{"@id":"https:\/\/begamer.cz\/sk\/#\/schema\/logo\/image\/"}}]}},"acf":[],"_links":{"self":[{"href":"https:\/\/begamer.cz\/sk\/wp-json\/wp\/v2\/product\/101639","targetHints":{"allow":["GET"]}}],"collection":[{"href":"https:\/\/begamer.cz\/sk\/wp-json\/wp\/v2\/product"}],"about":[{"href":"https:\/\/begamer.cz\/sk\/wp-json\/wp\/v2\/types\/product"}],"replies":[{"embeddable":true,"href":"https:\/\/begamer.cz\/sk\/wp-json\/wp\/v2\/comments?post=101639"}],"wp:featuredmedia":[{"embeddable":true,"href":"https:\/\/begamer.cz\/sk\/wp-json\/wp\/v2\/media\/83233"}],"wp:attachment":[{"href":"https:\/\/begamer.cz\/sk\/wp-json\/wp\/v2\/media?parent=101639"}],"wp:term":[{"taxonomy":"product_brand","embeddable":true,"href":"https:\/\/begamer.cz\/sk\/wp-json\/wp\/v2\/product_brand?post=101639"},{"taxonomy":"product_cat","embeddable":true,"href":"https:\/\/begamer.cz\/sk\/wp-json\/wp\/v2\/product_cat?post=101639"},{"taxonomy":"product_tag","embeddable":true,"href":"https:\/\/begamer.cz\/sk\/wp-json\/wp\/v2\/product_tag?post=101639"}],"curies":[{"name":"wp","href":"https:\/\/api.w.org\/{rel}","templated":true}]}}